{"id":939,"date":"2020-04-25T14:18:21","date_gmt":"2020-04-25T14:18:21","guid":{"rendered":"https:\/\/ave-eta-canada.com\/was-ist-die-frist-fuer-den-erhalt-der-eta-canada\/"},"modified":"2022-05-16T12:46:59","modified_gmt":"2022-05-16T12:46:59","slug":"was-ist-die-frist-fuer-den-erhalt-der-eta-canada","status":"publish","type":"page","link":"https:\/\/ave-eta-canada.com\/de\/was-ist-die-frist-fuer-den-erhalt-der-eta-canada\/","title":{"rendered":"Was ist die Frist f\u00fcr den Erhalt der kanadischen eTA?"},"content":{"rendered":"\n<h1 class=\"wp-block-heading\">Die Zeit, die ben\u00f6tigt wird, um die kanadische eTA zu erhalten<\/h1>\n\n<p>Seit mehreren Jahren profitieren B\u00fcrger bestimmter L\u00e4nder von einer Visumbefreiung, die es ihnen erm\u00f6glicht, viel einfacher nach Kanada zu reisen. Die Befreiung von der Visumpflicht befreit Reisende nicht davon, eine elektronische Reisegenehmigung zu erhalten. <\/p>\n\n<p><strong>Bei einem Aufenthalt von weniger als 6 Monaten in Kanada<\/strong> : Sie k\u00f6nnen die Formalit\u00e4ten f\u00fcr die Einreise nach Kanada direkt \u00fcber das Internet erledigen, indem Sie auf das <a href=\"https:\/\/ave-eta-canada.com\/de\/ave-kanada-online-formular\/\">Online-Formular<\/a> klicken. Es ist nicht erforderlich, einen Termin bei der kanadischen Botschaft oder dem kanadischen Konsulat zu vereinbaren. Diese Reisegenehmigung hei\u00dft eTA (elektronische Reisegenehmigung auf Englisch), auch bekannt als AVE (franz\u00f6sische elektronische Reisegenehmigung), die die offiziellen Sprachen Kanadas sind.<\/p>\n\n<p>Wie lange dauert es, die Reisegenehmigung zu erhalten und wie lange vor dem Aufenthalt in Kanada sollte sie beantragt werden? Wie lange ist es g\u00fcltig? So viele Fragen, die wir im Folgenden beantworten.<br\/><\/p>\n\n<h2 class=\"wp-block-heading\">Die Prinzipien von eTA<\/h2>\n\n<p>Die eTA oder eTA erm\u00f6glicht es Staatsangeh\u00f6rigen bestimmter L\u00e4nder, Kanada zu entdecken, ohne ein kanadisches Visum zu beantragen. Nicht zur kanadischen Botschaft gehen zu m\u00fcssen, um ein Visum zu beantragen, ist eine enorme Zeitersparnis, ganz zu schweigen von einer gro\u00dfen Geldersparnis. Die kanadische Regierung hat eine Reisegenehmigung, \u00e4hnlich dem von den Vereinigten Staaten eingerichteten ESTA, f\u00fcr die beliebtesten vor\u00fcbergehenden Aufenthalte eingef\u00fchrt, die nur eine schnelle Identit\u00e4tspr\u00fcfung erfordern: Transits in einem kanadischen Flughafen, touristische Aufenthalte und Gesch\u00e4ftsreisen (ohne Zahlung vor Ort). ).<\/p>\n\n<p>Um mit einer eTA nach Kanada reisen zu d\u00fcrfen, muss der Reisende bestimmte <a href=\"https:\/\/ave-eta-canada.com\/de\/alles-ueber-die-eta-bedingungen-fuer-reisen-nach-kanada\/\">Zulassungsbedingungen erf\u00fcllen<\/a> . Wie bereits erw\u00e4hnt, ist das erste auferlegte Kriterium die Mitgliedschaft im Programm f\u00fcr visumfreies Reisen. Auch die Art der Reise nach Kanada muss anerkannt werden (Zwischenstopp, Tourismus und Business). Der betreffende Aufenthalt darf au\u00dferdem 6 Monate nicht \u00fcberschreiten und auf dem Luftweg erfolgen. Selbstverst\u00e4ndlich kann die Reise ohne g\u00fcltigen Reisepass eines der Unterzeichnerstaaten nicht durchgef\u00fchrt werden. Die kanadische Regierung verlangt von B\u00fcrgern franz\u00f6sischer Nationalit\u00e4t keinen biometrischen Reisepass, der elektronische Reisepass wird akzeptiert. Hinweis f\u00fcr Reisende: Vorzugsweise sollte der Reisepass eine G\u00fcltigkeitsdauer von mehr als 6 Monaten haben. <br\/><br\/><\/p>\n\n<h2 class=\"wp-block-heading\">Wie lange dauert es, die kanadische eTA zu erhalten?<\/h2>\n\n<p>Wenn Sie sich qualifizieren, m\u00fcssen Sie <a href=\"https:\/\/ave-eta-canada.com\/de\/wie-absolviere-ich-eine-eta-um-nach-kanada-zu-reisen\/\">die eTA<\/a> mit Ihren pers\u00f6nlichen Daten ausf\u00fcllen. Sobald Ihre Akte an die kanadischen Beh\u00f6rden \u00fcbermittelt wurde, m\u00fcssen Sie nicht lange warten. In der Regel erhalten Sie innerhalb weniger Minuten eine Antwort per E-Mail. Einige Tage k\u00f6nnen manchmal erforderlich sein, wenn die kanadische Einwanderungsbeh\u00f6rde weitere Informationen von Ihnen ben\u00f6tigt.<\/p>\n\n<p>Achten Sie darauf, eine g\u00fcltige E-Mail-Adresse anzugeben, da Ihnen so Ihr <a href=\"https:\/\/ave-eta-canada.com\/de\/wie-ueberpruefe-ich-den-status-ihrer-eta-canada-anfrage\/\">eTA-Status<\/a> mitgeteilt wird.<br\/><br\/><\/p>\n\n<h2 class=\"wp-block-heading\">Wann sollte eine eTA f\u00fcr eine schnelle Bearbeitungszeit beantragt werden?<\/h2>\n\n<p>Auch wenn das Ausf\u00fcllen des Formulars und die f\u00fcr den Erhalt der <a href=\"https:\/\/ave-eta-canada.com\/de\/was-ist-eta-kanada\/\">eTA Kanada<\/a> erforderliche Zeit sehr schnell bleiben, um die Frage \u201eWann muss ich eine eTA beantragen?\u201c zu beantworten. Es wird dringend empfohlen, mit der Bestellung der Genehmigung fortzufahren, sobald Sie planen, Urlaub in Kanada zu verbringen. Im Falle eines Fehlers haben Sie also Zeit, sich zu erholen.<\/p>\n\n<p>Je nach Ablehnungsgrund k\u00f6nnen Sie entweder Ihr Gl\u00fcck erneut versuchen (Eingabefehler) oder bei den konsularischen Diensten der Kanadischen Botschaft ein Visum beantragen (Nichtzul\u00e4ssigkeit). Der Zeitaufwand ist dann sehr unterschiedlich, da die Beantragung eines kanadischen Visums viel l\u00e4nger dauert als die Online-Beantragung einer eTA.<\/p>\n\n<p>Versuchen Sie nicht, den eTA vor Ort zu erhalten, weder am franz\u00f6sischen noch am kanadischen Flughafen. Diese Genehmigung muss vor dem Einsteigen in internationale Fl\u00fcge eingeholt werden.<\/p>\n\n<p>Beachten Sie, dass der eTA-Antrag \u00fcber die offizielle Website der kanadischen Regierung oder \u00fcber einen spezialisierten Vermittler, wie z. B. unseren Partner, gestellt werden kann. Der Vorteil einer privaten Plattform liegt in der Unterst\u00fctzung, die Ihnen bei der Durchf\u00fchrung dieses Prozesses geboten wird. Der Zeitrahmen f\u00fcr den Erhalt der eTA bleibt von Standort zu Standort gleich. Ebenso sind Gruppenanfragen, also beispielsweise f\u00fcr alle Familienmitglieder auf einmal, derzeit nicht m\u00f6glich. Jeder eTA-Antrag muss einzeln gestellt werden.<br\/><br\/><\/p>\n\n<h2 class=\"wp-block-heading\">Wie lange ist die eTA g\u00fcltig?<\/h2>\n\n<p>Dieses elektronische Dokument hat eine <a href=\"https:\/\/ave-eta-canada.com\/de\/eta-canada-gueltigkeitsdauer\/\">G\u00fcltigkeitsdauer von f\u00fcnf Jahren<\/a>, wodurch Sie viele sch\u00f6ne Reisen nach Kanada unternehmen k\u00f6nnen: Vancouver, Toronto, Ottawa, Quebec usw. Es ist deine Entscheidung. Sie k\u00f6nnen durch die verschiedenen Provinzen reisen und eine Vielzahl von Aktivit\u00e4ten durchf\u00fchren, die von diesem Land angeboten werden, w\u00e4hrend Sie die von der eTA Kanada zugelassene Zeit einhalten.<\/p>\n\n<p>Bitte beachten Sie, dass Ihre eTA-Genehmigung mit Ihrem Reisepass verkn\u00fcpft ist. Das bedeutet, wenn Ihr Ausweisdokument abl\u00e4uft oder Ihr Reisepass verloren geht, verliert die eTA ihre G\u00fcltigkeit. Sie m\u00fcssen eine neue eTA beantragen, um Kanada zu besuchen, was Ihnen eine neue f\u00fcnfj\u00e4hrige Nachfrist gew\u00e4hrt. In \u00e4hnlicher Weise bestimmt die G\u00fcltigkeit des franz\u00f6sischen Passes andererseits die G\u00fcltigkeitsdauer des eTA : Wenn der f\u00fcr die Beantragung verwendete Pass in weniger als 5 Jahren abl\u00e4uft, kopiert das Ablaufdatum des eTA das Ablaufdatum des Passes.<br\/><br\/><\/p>\n\n<h2 class=\"wp-block-heading\">Wie lange k\u00f6nnen wir mit dem eTA fahren?<\/h2>\n\n<p>Wenn Sie Ihre eTA-Genehmigung erhalten haben, k\u00f6nnen Sie einen Aufenthalt von 6 Monaten auf kanadischem Boden beanspruchen. W\u00e4hrend der G\u00fcltigkeitsdauer des eTA-Dokuments sind Sie berechtigt, mehrmals nach Kanada auszureisen, wobei f\u00fcr jede Reise eine H\u00f6chstdauer von 6 Monaten eingehalten werden muss.<\/p>\n\n<p>Fordern Sie jedoch nicht das Schicksal heraus und \u00fcberschreiten Sie nicht die von eTA Canada gew\u00e4hrte Frist, dies k\u00f6nnte Sie in Schwierigkeiten bringen. Gleiches gilt f\u00fcr die Art der Reise nach Kanada: Das eTA erlaubt Ihnen nicht, <a href=\"https:\/\/ave-eta-canada.com\/de\/kanada-regierung-begruesst-mehr-internationale-studenten\/\">an einer kanadischen Universit\u00e4t zu studieren<\/a>, ein Praktikum zu absolvieren oder in Kanada zu arbeiten. Aus- und Einwanderung nach Kanada sind nat\u00fcrlich ebenfalls nicht m\u00f6glich. Aus diesen Reisegr\u00fcnden m\u00fcssen Sie ein Touristenvisum, eine Arbeitserlaubnis, eine PVT (Working Holiday Permit), einen st\u00e4ndigen Wohnsitz beantragen. Wir laden Sie ein, die Website der Regierung zu besuchen, um weitere Informationen zu diesem Thema zu erhalten und die Liste der erforderlichen Dokumente zu finden. <\/p>\n\n<p>Letzte Pr\u00e4zisierung, das eTA ist nicht das einzige Reisedokument, das es zu pr\u00e4sentieren gilt. Beamte der kanadischen Einwanderungsbeh\u00f6rde verlangen beim Passieren des Zolls Ihren Reisepass, ein Ausreiseticket in Form eines R\u00fcckflugtickets oder ein Ticket zum endg\u00fcltigen Bestimmungsort. Je nach Situation k\u00f6nnen weitere Dokumente erforderlich sein, insbesondere bei Reisen mit minderj\u00e4hrigen Kindern. Sie werden feststellen, dass der Einwanderungsbeamte Sie nicht nach der eTA fragt, da diese elektronisch mit Ihrer Passnummer verkn\u00fcpft ist. <\/p>\n","protected":false},"excerpt":{"rendered":"<p>Die Zeit, die ben\u00f6tigt wird, um die kanadische eTA zu erhalten Seit mehreren Jahren profitieren B\u00fcrger bestimmter L\u00e4nder von einer Visumbefreiung, die es ihnen erm\u00f6glicht, viel einfacher nach Kanada zu reisen. Die Befreiung von der Visumpflicht befreit Reisende nicht davon, eine elektronische Reisegenehmigung zu erhalten. Bei einem Aufenthalt von weniger als 6 Monaten in Kanada [&hellip;]<\/p>\n","protected":false},"author":1,"featured_media":0,"parent":0,"menu_order":0,"comment_status":"closed","ping_status":"closed","template":"","meta":{"footnotes":""},"class_list":["post-939","page","type-page","status-publish","hentry"],"yoast_head":"<!-- This site is optimized with the Yoast SEO plugin v26.9 - https:\/\/yoast.com\/product\/yoast-seo-wordpress\/ -->\n<title>Was ist die Frist f\u00fcr den Erhalt der kanadischen eTA?<\/title>\n<meta name=\"description\" content=\"M\u00f6chten Sie Kanada besuchen und die Frist f\u00fcr den Erhalt des eTA zur Organisation Ihres Aufenthalts erfahren? Unsere Antwort hier!\" \/>\n<meta name=\"robots\" content=\"index, follow, max-snippet:-1, max-image-preview:large, max-video-preview:-1\" \/>\n<link rel=\"canonical\" href=\"https:\/\/ave-eta-canada.com\/de\/was-ist-die-frist-fuer-den-erhalt-der-eta-canada\/\" \/>\n<meta property=\"og:locale\" content=\"de_DE\" \/>\n<meta property=\"og:type\" content=\"article\" \/>\n<meta property=\"og:title\" content=\"Was ist die Frist f\u00fcr den Erhalt der kanadischen eTA?\" \/>\n<meta property=\"og:description\" content=\"M\u00f6chten Sie Kanada besuchen und die Frist f\u00fcr den Erhalt des eTA zur Organisation Ihres Aufenthalts erfahren? Unsere Antwort hier!\" \/>\n<meta property=\"og:url\" content=\"https:\/\/ave-eta-canada.com\/de\/was-ist-die-frist-fuer-den-erhalt-der-eta-canada\/\" \/>\n<meta property=\"og:site_name\" content=\"KANADA VISUM\" \/>\n<meta property=\"article:modified_time\" content=\"2022-05-16T12:46:59+00:00\" \/>\n<meta name=\"twitter:card\" content=\"summary_large_image\" \/>\n<meta name=\"twitter:label1\" content=\"Gesch\u00e4tzte Lesezeit\" \/>\n\t<meta name=\"twitter:data1\" content=\"5\u00a0Minuten\" \/>\n<script type=\"application\/ld+json\" class=\"yoast-schema-graph\">{\"@context\":\"https:\/\/schema.org\",\"@graph\":[{\"@type\":\"WebPage\",\"@id\":\"https:\/\/ave-eta-canada.com\/de\/was-ist-die-frist-fuer-den-erhalt-der-eta-canada\/\",\"url\":\"https:\/\/ave-eta-canada.com\/de\/was-ist-die-frist-fuer-den-erhalt-der-eta-canada\/\",\"name\":\"Was ist die Frist f\u00fcr den Erhalt der kanadischen eTA?\",\"isPartOf\":{\"@id\":\"https:\/\/ave-eta-canada.com\/de\/#website\"},\"datePublished\":\"2020-04-25T14:18:21+00:00\",\"dateModified\":\"2022-05-16T12:46:59+00:00\",\"description\":\"M\u00f6chten Sie Kanada besuchen und die Frist f\u00fcr den Erhalt des eTA zur Organisation Ihres Aufenthalts erfahren? Unsere Antwort hier!\",\"breadcrumb\":{\"@id\":\"https:\/\/ave-eta-canada.com\/de\/was-ist-die-frist-fuer-den-erhalt-der-eta-canada\/#breadcrumb\"},\"inLanguage\":\"de\",\"potentialAction\":[{\"@type\":\"ReadAction\",\"target\":[\"https:\/\/ave-eta-canada.com\/de\/was-ist-die-frist-fuer-den-erhalt-der-eta-canada\/\"]}]},{\"@type\":\"BreadcrumbList\",\"@id\":\"https:\/\/ave-eta-canada.com\/de\/was-ist-die-frist-fuer-den-erhalt-der-eta-canada\/#breadcrumb\",\"itemListElement\":[{\"@type\":\"ListItem\",\"position\":1,\"name\":\"Home\",\"item\":\"https:\/\/ave-eta-canada.com\/de\/\"},{\"@type\":\"ListItem\",\"position\":2,\"name\":\"Was ist die Frist f\u00fcr den Erhalt der kanadischen eTA?\"}]},{\"@type\":\"WebSite\",\"@id\":\"https:\/\/ave-eta-canada.com\/de\/#website\",\"url\":\"https:\/\/ave-eta-canada.com\/de\/\",\"name\":\"KANADA VISUM\",\"description\":\"Autorisation Voyage Electronique\",\"potentialAction\":[{\"@type\":\"SearchAction\",\"target\":{\"@type\":\"EntryPoint\",\"urlTemplate\":\"https:\/\/ave-eta-canada.com\/de\/?s={search_term_string}\"},\"query-input\":{\"@type\":\"PropertyValueSpecification\",\"valueRequired\":true,\"valueName\":\"search_term_string\"}}],\"inLanguage\":\"de\"}]}<\/script>\n<!-- \/ Yoast SEO plugin. -->","yoast_head_json":{"title":"Was ist die Frist f\u00fcr den Erhalt der kanadischen eTA?","description":"M\u00f6chten Sie Kanada besuchen und die Frist f\u00fcr den Erhalt des eTA zur Organisation Ihres Aufenthalts erfahren? Unsere Antwort hier!","robots":{"index":"index","follow":"follow","max-snippet":"max-snippet:-1","max-image-preview":"max-image-preview:large","max-video-preview":"max-video-preview:-1"},"canonical":"https:\/\/ave-eta-canada.com\/de\/was-ist-die-frist-fuer-den-erhalt-der-eta-canada\/","og_locale":"de_DE","og_type":"article","og_title":"Was ist die Frist f\u00fcr den Erhalt der kanadischen eTA?","og_description":"M\u00f6chten Sie Kanada besuchen und die Frist f\u00fcr den Erhalt des eTA zur Organisation Ihres Aufenthalts erfahren? Unsere Antwort hier!","og_url":"https:\/\/ave-eta-canada.com\/de\/was-ist-die-frist-fuer-den-erhalt-der-eta-canada\/","og_site_name":"KANADA VISUM","article_modified_time":"2022-05-16T12:46:59+00:00","twitter_card":"summary_large_image","twitter_misc":{"Gesch\u00e4tzte Lesezeit":"5\u00a0Minuten"},"schema":{"@context":"https:\/\/schema.org","@graph":[{"@type":"WebPage","@id":"https:\/\/ave-eta-canada.com\/de\/was-ist-die-frist-fuer-den-erhalt-der-eta-canada\/","url":"https:\/\/ave-eta-canada.com\/de\/was-ist-die-frist-fuer-den-erhalt-der-eta-canada\/","name":"Was ist die Frist f\u00fcr den Erhalt der kanadischen eTA?","isPartOf":{"@id":"https:\/\/ave-eta-canada.com\/de\/#website"},"datePublished":"2020-04-25T14:18:21+00:00","dateModified":"2022-05-16T12:46:59+00:00","description":"M\u00f6chten Sie Kanada besuchen und die Frist f\u00fcr den Erhalt des eTA zur Organisation Ihres Aufenthalts erfahren? Unsere Antwort hier!","breadcrumb":{"@id":"https:\/\/ave-eta-canada.com\/de\/was-ist-die-frist-fuer-den-erhalt-der-eta-canada\/#breadcrumb"},"inLanguage":"de","potentialAction":[{"@type":"ReadAction","target":["https:\/\/ave-eta-canada.com\/de\/was-ist-die-frist-fuer-den-erhalt-der-eta-canada\/"]}]},{"@type":"BreadcrumbList","@id":"https:\/\/ave-eta-canada.com\/de\/was-ist-die-frist-fuer-den-erhalt-der-eta-canada\/#breadcrumb","itemListElement":[{"@type":"ListItem","position":1,"name":"Home","item":"https:\/\/ave-eta-canada.com\/de\/"},{"@type":"ListItem","position":2,"name":"Was ist die Frist f\u00fcr den Erhalt der kanadischen eTA?"}]},{"@type":"WebSite","@id":"https:\/\/ave-eta-canada.com\/de\/#website","url":"https:\/\/ave-eta-canada.com\/de\/","name":"KANADA VISUM","description":"Autorisation Voyage Electronique","potentialAction":[{"@type":"SearchAction","target":{"@type":"EntryPoint","urlTemplate":"https:\/\/ave-eta-canada.com\/de\/?s={search_term_string}"},"query-input":{"@type":"PropertyValueSpecification","valueRequired":true,"valueName":"search_term_string"}}],"inLanguage":"de"}]}},"_links":{"self":[{"href":"https:\/\/ave-eta-canada.com\/de\/wp-json\/wp\/v2\/pages\/939","targetHints":{"allow":["GET"]}}],"collection":[{"href":"https:\/\/ave-eta-canada.com\/de\/wp-json\/wp\/v2\/pages"}],"about":[{"href":"https:\/\/ave-eta-canada.com\/de\/wp-json\/wp\/v2\/types\/page"}],"author":[{"embeddable":true,"href":"https:\/\/ave-eta-canada.com\/de\/wp-json\/wp\/v2\/users\/1"}],"replies":[{"embeddable":true,"href":"https:\/\/ave-eta-canada.com\/de\/wp-json\/wp\/v2\/comments?post=939"}],"version-history":[{"count":0,"href":"https:\/\/ave-eta-canada.com\/de\/wp-json\/wp\/v2\/pages\/939\/revisions"}],"wp:attachment":[{"href":"https:\/\/ave-eta-canada.com\/de\/wp-json\/wp\/v2\/media?parent=939"}],"curies":[{"name":"wp","href":"https:\/\/api.w.org\/{rel}","templated":true}]}}