{"id":941,"date":"2020-04-25T15:41:42","date_gmt":"2020-04-25T15:41:42","guid":{"rendered":"https:\/\/ave-eta-canada.com\/fuellen-sie-das-eta-formular-fuer-kanada-aus\/"},"modified":"2022-05-16T12:48:54","modified_gmt":"2022-05-16T12:48:54","slug":"fuellen-sie-das-eta-formular-fuer-kanada-aus","status":"publish","type":"page","link":"https:\/\/ave-eta-canada.com\/de\/fuellen-sie-das-eta-formular-fuer-kanada-aus\/","title":{"rendered":"F\u00fcllen Sie das eTA-Formular f\u00fcr Kanada aus"},"content":{"rendered":"\n<h1 class=\"wp-block-heading\">Wie wird das eTA-Formular f\u00fcr Kanada ausgef\u00fcllt?<\/h1>\n\n<p>F\u00fcr die Einreise nach Kanada ist kein kanadisches Visum mehr erforderlich. Alles, was Sie tun m\u00fcssen, ist eine elektronische Reisegenehmigung (eTA) \u00fcber das Internet zu erhalten. <\/p>\n\n<p><strong>Bei einem Aufenthalt von weniger als 6 Monaten in Kanada<\/strong> : Sie k\u00f6nnen die Formalit\u00e4ten f\u00fcr die Einreise nach Kanada direkt \u00fcber das Internet erledigen, indem Sie auf das <a href=\"https:\/\/ave-eta-canada.com\/de\/ave-kanada-online-formular\/\">Online-Formular<\/a> klicken. Es ist nicht erforderlich, einen Termin bei der kanadischen Botschaft oder dem kanadischen Konsulat zu vereinbaren.<\/p>\n\n<p>Um sich zu bewerben, m\u00fcssen Sie das eTA-Formular f\u00fcr Kanada korrekt ausf\u00fcllen. Es ist erstens wichtig festzustellen, ob Sie von diesem Ger\u00e4t profitieren k\u00f6nnen, und zweitens zu wissen, wie Sie das eTA-Antragsformular f\u00fcr Ihre Reise nach Kanada ausf\u00fcllen.<br\/><\/p>\n\n<h2 class=\"wp-block-heading\">K\u00f6nnen Sie das elektronische Reisegenehmigungsformular f\u00fcr Kanada ausf\u00fcllen?<\/h2>\n\n<p>Die kanadische Regierung hat ein <a href=\"https:\/\/ave-eta-canada.com\/de\/ist-ein-visum-fuer-eine-reise-nach-kanada-unerlaesslich\/\">Visa-Waiver-Programm<\/a> eingef\u00fchrt. Dies ist ein elektronisches Reisegenehmigungsformular, das Reisenden, die Kanada besuchen m\u00f6chten, die Verwaltungsverfahren erleichtern soll. Dieser Pass erlaubt weder die Ausreise nach Kanada noch das Studium oder die Arbeit dort, er erlaubt Ihnen lediglich, dort zu bleiben, ohne ein Visum f\u00fcr einen Touristenaufenthalt oder eine Gesch\u00e4ftsreise beantragen zu m\u00fcssen. Um mit dem AVE das Leben in Kanada zu entdecken, m\u00fcssen Sie bestimmte Kriterien erf\u00fcllen:<\/p>\n\n<ul class=\"wp-block-list\"><li>nur Staatsangeh\u00f6rige der Mitgliedsl\u00e4nder dieses Systems sind f\u00f6rderf\u00e4hig (Sie k\u00f6nnen die Liste der betroffenen L\u00e4nder leicht im Internet finden);<\/li><li>der Aufenthalt muss vor\u00fcbergehend sein, d. h. weniger als 6 Monate;<\/li><li>Die Ankunft auf kanadischem Territorium muss auf dem Luftweg erfolgen;<\/li><li>Ihr Reisepass muss g\u00fcltig sein, mit einer empfohlenen Restg\u00fcltigkeitsdauer von 6 Monaten.<br\/><br\/><\/li><\/ul>\n\n<h2 class=\"wp-block-heading\">F\u00fcllen Sie das eTA-Antragsformular f\u00fcr Kanada aus<\/h2>\n\n<p>Das eTA-Antragsformular <a href=\"https:\/\/ave-eta-canada.com\/de\/aktuelle-nachrichten-betreffend-eta-visum-kanada\/\">f\u00fcr Kanada<\/a> existiert nicht in Papierform. Reisende m\u00fcssen daher das in mehrere Teile gegliederte Online-Formular ausf\u00fcllen.<\/p>\n\n<p>Sie werden nach vielen pers\u00f6nlichen Informationen zu Ihrem Job, Ihrer Adresse, den Reisedaten (freiwillige Angaben), Ihrem Gesundheitszustand und Ihrer Vorstrafe gefragt. Beantworten Sie die Fragen auf dem <a href=\"https:\/\/ave-eta-canada.com\/de\/stellen-sie-einen-offiziellen-antrag-von-eta-canada\/\">Kanada eTA-Antragsformular unbedingt<\/a> ehrlich, richtig und vor allem sehr sorgf\u00e4ltig, denn wenn Sie einen Fehler machen, erhalten Sie m\u00f6glicherweise keine Genehmigung.<\/p>\n\n<p>Sie werden gebeten, das Formular elektronisch zu unterschreiben, indem Sie Ihren Namen eingeben. Um Ihr eTA-Antragsformular f\u00fcr Kanada abzuschlie\u00dfen, m\u00fcssen Sie die Summe von 7 kanadischen Dollar bezahlen.<\/p>\n\n<p>Die Anfrage kann auf der offiziellen Website der kanadischen Regierung oder auf einer der privaten Websites gestellt werden, die anbieten, diese Anfrage f\u00fcr Sie zu erledigen. Die Anfrage wird vereinfacht und damit schneller.<br\/><br\/><\/p>\n\n<h2 class=\"wp-block-heading\">Erhalten Sie Ihre eTA f\u00fcr Kanada, nachdem Sie das Formular ausgef\u00fcllt haben<\/h2>\n\n<p>Bez\u00fcglich des <a href=\"https:\/\/ave-eta-canada.com\/de\/was-ist-die-frist-fuer-den-erhalt-der-eta-canada\/\">Erhalts des eTA<\/a> erhalten Sie eine R\u00fcckmeldung direkt elektronisch an die bei der Anfrage angegebene E-Mail-Adresse. Die kanadischen Beh\u00f6rden senden Ihnen 2 E-Mails: Die erste ist eine Empfangsbest\u00e4tigung f\u00fcr Ihre Anfrage, die zweite die Antwort darauf.<\/p>\n\n<p>Beachten Sie, dass die elektronische Reisegenehmigung f\u00fcr Kanada f\u00fcnf Jahre g\u00fcltig ist (es sei denn, Sie \u00e4ndern Ihren Reisepass in der Zwischenzeit), was es Ihnen erm\u00f6glicht, Ihre Reise zu erneuern, um andere Regionen zu entdecken oder Orte, die Sie gesch\u00e4tzt haben, wiederzuentdecken.<\/p>\n\n<p>Wir hoffen, dass Ihnen unsere Tipps zum Ausf\u00fcllen des <a href=\"https:\/\/ave-eta-canada.com\/de\/\">eTA-Antragsformulars<\/a> f\u00fcr Kanada geholfen haben.<\/p>\n","protected":false},"excerpt":{"rendered":"<p>Wie wird das eTA-Formular f\u00fcr Kanada ausgef\u00fcllt? F\u00fcr die Einreise nach Kanada ist kein kanadisches Visum mehr erforderlich. Alles, was Sie tun m\u00fcssen, ist eine elektronische Reisegenehmigung (eTA) \u00fcber das Internet zu erhalten. Bei einem Aufenthalt von weniger als 6 Monaten in Kanada : Sie k\u00f6nnen die Formalit\u00e4ten f\u00fcr die Einreise nach Kanada direkt \u00fcber [&hellip;]<\/p>\n","protected":false},"author":1,"featured_media":0,"parent":0,"menu_order":0,"comment_status":"closed","ping_status":"closed","template":"","meta":{"footnotes":""},"class_list":["post-941","page","type-page","status-publish","hentry"],"yoast_head":"<!-- This site is optimized with the Yoast SEO plugin v26.9 - https:\/\/yoast.com\/product\/yoast-seo-wordpress\/ -->\n<title>F\u00fcllen Sie das eTA-Formular f\u00fcr Kanada aus<\/title>\n<meta name=\"description\" content=\"Willst du nach Kanada gehen? Unser Expertenteam erkl\u00e4rt Ihnen, wie Sie das eTA-Formular f\u00fcr Kanada richtig beantragen und ausf\u00fcllen!\" \/>\n<meta name=\"robots\" content=\"index, follow, max-snippet:-1, max-image-preview:large, max-video-preview:-1\" \/>\n<link rel=\"canonical\" href=\"https:\/\/ave-eta-canada.com\/de\/fuellen-sie-das-eta-formular-fuer-kanada-aus\/\" \/>\n<meta property=\"og:locale\" content=\"de_DE\" \/>\n<meta property=\"og:type\" content=\"article\" \/>\n<meta property=\"og:title\" content=\"F\u00fcllen Sie das eTA-Formular f\u00fcr Kanada aus\" \/>\n<meta property=\"og:description\" content=\"Willst du nach Kanada gehen? Unser Expertenteam erkl\u00e4rt Ihnen, wie Sie das eTA-Formular f\u00fcr Kanada richtig beantragen und ausf\u00fcllen!\" \/>\n<meta property=\"og:url\" content=\"https:\/\/ave-eta-canada.com\/de\/fuellen-sie-das-eta-formular-fuer-kanada-aus\/\" \/>\n<meta property=\"og:site_name\" content=\"KANADA VISUM\" \/>\n<meta property=\"article:modified_time\" content=\"2022-05-16T12:48:54+00:00\" \/>\n<meta name=\"twitter:card\" content=\"summary_large_image\" \/>\n<meta name=\"twitter:label1\" content=\"Gesch\u00e4tzte Lesezeit\" \/>\n\t<meta name=\"twitter:data1\" content=\"3\u00a0Minuten\" \/>\n<script type=\"application\/ld+json\" class=\"yoast-schema-graph\">{\"@context\":\"https:\/\/schema.org\",\"@graph\":[{\"@type\":\"WebPage\",\"@id\":\"https:\/\/ave-eta-canada.com\/de\/fuellen-sie-das-eta-formular-fuer-kanada-aus\/\",\"url\":\"https:\/\/ave-eta-canada.com\/de\/fuellen-sie-das-eta-formular-fuer-kanada-aus\/\",\"name\":\"F\u00fcllen Sie das eTA-Formular f\u00fcr Kanada aus\",\"isPartOf\":{\"@id\":\"https:\/\/ave-eta-canada.com\/de\/#website\"},\"datePublished\":\"2020-04-25T15:41:42+00:00\",\"dateModified\":\"2022-05-16T12:48:54+00:00\",\"description\":\"Willst du nach Kanada gehen? Unser Expertenteam erkl\u00e4rt Ihnen, wie Sie das eTA-Formular f\u00fcr Kanada richtig beantragen und ausf\u00fcllen!\",\"breadcrumb\":{\"@id\":\"https:\/\/ave-eta-canada.com\/de\/fuellen-sie-das-eta-formular-fuer-kanada-aus\/#breadcrumb\"},\"inLanguage\":\"de\",\"potentialAction\":[{\"@type\":\"ReadAction\",\"target\":[\"https:\/\/ave-eta-canada.com\/de\/fuellen-sie-das-eta-formular-fuer-kanada-aus\/\"]}]},{\"@type\":\"BreadcrumbList\",\"@id\":\"https:\/\/ave-eta-canada.com\/de\/fuellen-sie-das-eta-formular-fuer-kanada-aus\/#breadcrumb\",\"itemListElement\":[{\"@type\":\"ListItem\",\"position\":1,\"name\":\"Home\",\"item\":\"https:\/\/ave-eta-canada.com\/de\/\"},{\"@type\":\"ListItem\",\"position\":2,\"name\":\"F\u00fcllen Sie das eTA-Formular f\u00fcr Kanada aus\"}]},{\"@type\":\"WebSite\",\"@id\":\"https:\/\/ave-eta-canada.com\/de\/#website\",\"url\":\"https:\/\/ave-eta-canada.com\/de\/\",\"name\":\"KANADA VISUM\",\"description\":\"Autorisation Voyage Electronique\",\"potentialAction\":[{\"@type\":\"SearchAction\",\"target\":{\"@type\":\"EntryPoint\",\"urlTemplate\":\"https:\/\/ave-eta-canada.com\/de\/?s={search_term_string}\"},\"query-input\":{\"@type\":\"PropertyValueSpecification\",\"valueRequired\":true,\"valueName\":\"search_term_string\"}}],\"inLanguage\":\"de\"}]}<\/script>\n<!-- \/ Yoast SEO plugin. -->","yoast_head_json":{"title":"F\u00fcllen Sie das eTA-Formular f\u00fcr Kanada aus","description":"Willst du nach Kanada gehen? Unser Expertenteam erkl\u00e4rt Ihnen, wie Sie das eTA-Formular f\u00fcr Kanada richtig beantragen und ausf\u00fcllen!","robots":{"index":"index","follow":"follow","max-snippet":"max-snippet:-1","max-image-preview":"max-image-preview:large","max-video-preview":"max-video-preview:-1"},"canonical":"https:\/\/ave-eta-canada.com\/de\/fuellen-sie-das-eta-formular-fuer-kanada-aus\/","og_locale":"de_DE","og_type":"article","og_title":"F\u00fcllen Sie das eTA-Formular f\u00fcr Kanada aus","og_description":"Willst du nach Kanada gehen? Unser Expertenteam erkl\u00e4rt Ihnen, wie Sie das eTA-Formular f\u00fcr Kanada richtig beantragen und ausf\u00fcllen!","og_url":"https:\/\/ave-eta-canada.com\/de\/fuellen-sie-das-eta-formular-fuer-kanada-aus\/","og_site_name":"KANADA VISUM","article_modified_time":"2022-05-16T12:48:54+00:00","twitter_card":"summary_large_image","twitter_misc":{"Gesch\u00e4tzte Lesezeit":"3\u00a0Minuten"},"schema":{"@context":"https:\/\/schema.org","@graph":[{"@type":"WebPage","@id":"https:\/\/ave-eta-canada.com\/de\/fuellen-sie-das-eta-formular-fuer-kanada-aus\/","url":"https:\/\/ave-eta-canada.com\/de\/fuellen-sie-das-eta-formular-fuer-kanada-aus\/","name":"F\u00fcllen Sie das eTA-Formular f\u00fcr Kanada aus","isPartOf":{"@id":"https:\/\/ave-eta-canada.com\/de\/#website"},"datePublished":"2020-04-25T15:41:42+00:00","dateModified":"2022-05-16T12:48:54+00:00","description":"Willst du nach Kanada gehen? Unser Expertenteam erkl\u00e4rt Ihnen, wie Sie das eTA-Formular f\u00fcr Kanada richtig beantragen und ausf\u00fcllen!","breadcrumb":{"@id":"https:\/\/ave-eta-canada.com\/de\/fuellen-sie-das-eta-formular-fuer-kanada-aus\/#breadcrumb"},"inLanguage":"de","potentialAction":[{"@type":"ReadAction","target":["https:\/\/ave-eta-canada.com\/de\/fuellen-sie-das-eta-formular-fuer-kanada-aus\/"]}]},{"@type":"BreadcrumbList","@id":"https:\/\/ave-eta-canada.com\/de\/fuellen-sie-das-eta-formular-fuer-kanada-aus\/#breadcrumb","itemListElement":[{"@type":"ListItem","position":1,"name":"Home","item":"https:\/\/ave-eta-canada.com\/de\/"},{"@type":"ListItem","position":2,"name":"F\u00fcllen Sie das eTA-Formular f\u00fcr Kanada aus"}]},{"@type":"WebSite","@id":"https:\/\/ave-eta-canada.com\/de\/#website","url":"https:\/\/ave-eta-canada.com\/de\/","name":"KANADA VISUM","description":"Autorisation Voyage Electronique","potentialAction":[{"@type":"SearchAction","target":{"@type":"EntryPoint","urlTemplate":"https:\/\/ave-eta-canada.com\/de\/?s={search_term_string}"},"query-input":{"@type":"PropertyValueSpecification","valueRequired":true,"valueName":"search_term_string"}}],"inLanguage":"de"}]}},"_links":{"self":[{"href":"https:\/\/ave-eta-canada.com\/de\/wp-json\/wp\/v2\/pages\/941","targetHints":{"allow":["GET"]}}],"collection":[{"href":"https:\/\/ave-eta-canada.com\/de\/wp-json\/wp\/v2\/pages"}],"about":[{"href":"https:\/\/ave-eta-canada.com\/de\/wp-json\/wp\/v2\/types\/page"}],"author":[{"embeddable":true,"href":"https:\/\/ave-eta-canada.com\/de\/wp-json\/wp\/v2\/users\/1"}],"replies":[{"embeddable":true,"href":"https:\/\/ave-eta-canada.com\/de\/wp-json\/wp\/v2\/comments?post=941"}],"version-history":[{"count":0,"href":"https:\/\/ave-eta-canada.com\/de\/wp-json\/wp\/v2\/pages\/941\/revisions"}],"wp:attachment":[{"href":"https:\/\/ave-eta-canada.com\/de\/wp-json\/wp\/v2\/media?parent=941"}],"curies":[{"name":"wp","href":"https:\/\/api.w.org\/{rel}","templated":true}]}}