{"id":943,"date":"2020-04-25T15:58:31","date_gmt":"2020-04-25T15:58:31","guid":{"rendered":"https:\/\/ave-eta-canada.com\/offizielle-website-von-eta-canada\/"},"modified":"2022-05-16T12:52:38","modified_gmt":"2022-05-16T12:52:38","slug":"offizielle-website-von-eta-canada","status":"publish","type":"page","link":"https:\/\/ave-eta-canada.com\/de\/offizielle-website-von-eta-canada\/","title":{"rendered":"Offizielle Website von eTA Canada"},"content":{"rendered":"\n<h1 class=\"wp-block-heading\">Pr\u00e4sentation der offiziellen Website von eTA Canada<\/h1>\n\n<p>Um nach Kanada zu reisen, ist eine Aufenthaltserlaubnis erforderlich. Abh\u00e4ngig von der Art des Aufenthalts und dem Herkunftsland muss der Antrag auf ein kanadisches Visum oder eine elektronische eTA-Reisegenehmigung gestellt werden. <\/p>\n\n<p><strong>Bei einem Aufenthalt von weniger als 6 Monaten in Kanada<\/strong> : Sie k\u00f6nnen die Formalit\u00e4ten f\u00fcr die Einreise nach Kanada direkt \u00fcber das Internet erledigen, indem Sie auf das <a href=\"https:\/\/ave-eta-canada.com\/de\/ave-kanada-online-formular\/\">Online-Formular<\/a> klicken. Es ist nicht erforderlich, einen Termin bei der kanadischen Botschaft oder dem kanadischen Konsulat zu vereinbaren. <\/p>\n\n<p>Der Antrag auf elektronische Reisegenehmigung kann nur im Internet auf der offiziellen Website von eTA Canada gestellt werden. Wir pr\u00e4sentieren Ihnen die von der kanadischen Regierung eingerichtete eTA Canada-Website.<\/p>\n\n<h2 class=\"wp-block-heading\">Die Informationen auf der offiziellen Website von eTA Canada<\/h2>\n\n<p>Die offizielle Website von eTA Canada ist einfach zu bedienen und \u00fcbersichtlich. Leider sind nicht alle Informationen leicht zu finden.<\/p>\n\n<p>Um die <a href=\"https:\/\/ave-eta-canada.com\/de\/\">kanadische eTA-Antragsseite<\/a> zu finden, gehen Sie auf die Website der kanadischen Regierung und w\u00e4hlen Sie den Abschnitt Einwanderung und Staatsb\u00fcrgerschaft aus; der eTA-Antrag liegt in der Verantwortung des IRCC (Immigration, Refugees and Citizenship Canada). Auf der Website k\u00f6nnen Sie pr\u00fcfen, ob Sie ein Visum oder eine eTA ben\u00f6tigen, indem Sie eine einfache Frage zu Ihrer Nationalit\u00e4t beantworten.<\/p>\n\n<p>Vor dem Zugriff auf die Kanada <a href=\"https:\/\/ave-eta-canada.com\/de\/stellen-sie-einen-offiziellen-antrag-von-eta-canada\/\">eTA-Antragsformular<\/a> , eine \u00dcbersicht \u00fcber den Prozess wird Ihnen in 5 Schritten pr\u00e4sentiert: die vor dem Ausf\u00fcllen des Formulars vorzubereitenden Dokumente, das auszuf\u00fcllende Formular, die Zahlung der Antragsgeb\u00fchr von 7 CAN$, die Antwort per E-Mail und ggf die zus\u00e4tzlichen Belege. Eine Hilfe in Form von PDF kann ebenfalls konsultiert werden, und dies in 18 Sprachen. Diese Hilfe beschreibt, wie Sie das Online-Formular ausf\u00fcllen. Bei Fragen klicken Sie auf den <a href=\"https:\/\/ave-eta-canada.com\/de\/faq-eta-canada\/\">FAQ-<\/a> Link<\/p>\n\n<p>Die offizielle Website von eTA Canada stellt auf der Seite \u201eWissen Sie, was eine elektronische Reisegenehmigung ist\u201c kurz vor, was die eTA ist. Wir lesen dort, dass die eTA-Genehmigung eine Einreisevoraussetzung ist, die f\u00fcr Staatsangeh\u00f6rige von L\u00e4ndern bestimmt ist, die von der Visumpflicht befreit sind (die Liste der L\u00e4nder, die von der Visumbefreiung profitieren, ist auf der Seite \u201eZulassungsvoraussetzungen nach L\u00e4ndern oder Gebieten\u201c verf\u00fcgbar, ein Link ist auf der Seite vorhanden). Beachten Sie, dass franz\u00f6sische Staatsb\u00fcrger berechtigt sind. Die eTA ist nur f\u00fcr Ank\u00fcnfte mit internationalen Fl\u00fcgen erforderlich, einschlie\u00dflich Transit durch kanadisches Hoheitsgebiet. Es ist elektronisch mit dem Reisepass verkn\u00fcpft (daher Vorsicht bei einem neuen Reisepass oder einer \u00c4nderung der enthaltenen Angaben) und hat eine maximale G\u00fcltigkeitsdauer von 5 Jahren. W\u00e4hrend der 5-j\u00e4hrigen G\u00fcltigkeit ist die Anzahl der Aufenthalte nicht begrenzt, sie d\u00fcrfen jedoch 6 Monate nicht \u00fcberschreiten. Die eTA garantiert keine Einreise in das kanadische Hoheitsgebiet, diese Entscheidung liegt beim Grenzschutzbeamten. Der Agent studiert die Reisedokumente (Reisepass, AVE, Ausreiseticket, Nachweis f\u00fcr Minderj\u00e4hrige usw.), um seine Entscheidung zu treffen. M\u00f6glicherweise werden Ihnen auch einige Fragen gestellt.<br\/><\/p>\n\n<h2 class=\"wp-block-heading\">Bewerben Sie sich auf der Website von eTA Canada<\/h2>\n\n<p>Der eTA-Antrag kann nur auf der eTA Canada-Website der Regierung gestellt werden. Es steht Ihnen jedoch frei, die Anfrage selbst zu stellen oder eine private Plattform zu nutzen, damit ein Team von Fachleuten die Anfrage in Ihrem Namen stellt. Sie m\u00fcssen nicht zur kanadischen Botschaft gehen, letztere kann Ihnen bei diesem Prozess nicht helfen.<\/p>\n\n<p>Das Antragsformular auf der Website von eTA Canada kann vom Reisenden selbst oder von einem Dritten ausgef\u00fcllt werden, dies ist die erste Frage, die gestellt wird. Eine Gruppenanfrage ist nicht m\u00f6glich, daher muss jede Anfrage einzeln eingegeben und bezahlt werden.<\/p>\n\n<p>Wenn eine Person das Formular im Namen eines Dritten ausf\u00fcllt, muss sie sich vorstellen, ihre Beziehung zum Reisenden angeben und ihre pers\u00f6nlichen Daten eingeben.<\/p>\n\n<p>Zum Ausf\u00fcllen des Formulars ist es wichtig, Ihren Reisepass (oder den des Antragstellers) und eine Zahlungskarte mitzubringen. Ein g\u00fcltiger Reisepass ist erforderlich, eine <a href=\"https:\/\/ave-eta-canada.com\/de\/eta-canada-gueltigkeitsdauer\/\">G\u00fcltigkeitsdauer<\/a> von 6 Monaten wird empfohlen. Das Formular ist in 3 Teile gegliedert:<\/p>\n\n<ul class=\"wp-block-list\"><li>die im Pass enthaltenen Daten: Passnummer (zur Vermeidung von Tippfehlern zweimal einzugeben), Name und Vorname des Inhabers, Geburtsdatum und -ort, Geschlecht, Ausstellungs- und Ablaufdatum;<\/li><li>Pers\u00f6nliche Informationen: etwaige doppelte Staatsangeh\u00f6rigkeit, Familienstand, fr\u00fchere Visa- oder eTA-Antr\u00e4ge, Besch\u00e4ftigung (Beruf, Name des Arbeitgebers und Adresse), Postanschrift und E-Mail-Adresse (zweimal anzugeben);<\/li><li>Hintergrund: eventuelle Einreiseverbote auf kanadisches Territorium (oder jedes andere Land), Rechts- und Krankengeschichte.<\/li><\/ul>\n\n<p>Ein Abschnitt des Formulars ist f\u00fcr Ihr Ankunftsdatum in Kanada reserviert. Diese Frage ist jedoch optional, da es durchaus m\u00f6glich ist, ein eTA ohne konkretes Projekt zu bestellen.<\/p>\n\n<p>Um das eTA-Antragsformular zu validieren, muss der Antragsteller eine Zustimmung unterzeichnen und die <a href=\"https:\/\/ave-eta-canada.com\/de\/eta-kanada-sein-preis\/\">eTA-Geb\u00fchr bezahlen<\/a>.<br\/><\/p>\n\n<h2 class=\"wp-block-heading\">Bearbeitung des eTA-Antrags f\u00fcr Kanada<\/h2>\n\n<p>Sobald die Anfrage auf der offiziellen Website von eTA Canada gestellt wurde, erhalten Sie eine Eingangsbest\u00e4tigung per E-Mail. Es ist durchaus m\u00f6glich, dass Sie gleichzeitig Ihre endg\u00fcltige Antwort erhalten. Die Antwort kann dann positiv (Genehmigung des eTA-Antrags) oder negativ sein. Im Falle einer Verweigerung der Genehmigung haben Sie jederzeit die M\u00f6glichkeit, einen Antrag auf Visum oder <a href=\"https:\/\/pvtistes.net\/le-pvt\/canada\/\">PVT<\/a> in der N\u00e4he der kanadischen Botschaft zu stellen. Achten Sie darauf, dass Sie f\u00fcr diese Anfrage einen biometrischen (oder elektronischen) Reisepass haben.<\/p>\n\n<p>Es kann vorkommen, dass die Anfrage anh\u00e4ngig ist, d. h. dass Ihnen innerhalb weniger Tage eine endg\u00fcltige Antwort erteilt wird oder dass die kanadischen Beh\u00f6rden Sie per E-Mail kontaktieren, um weitere Informationen zu erhalten. In diesem Fall ist das weitere Vorgehen in der Kontakt-E-Mail beschrieben.<\/p>\n\n<p>Die Reisegenehmigung muss vor der Abreise auf der offiziellen Website von AVE Canada oder einer privaten Website eingeholt werden, da Sie ohne sie keinen Zutritt zu kanadischem Boden haben. Sie k\u00f6nnen f\u00fcr Ihren Aufenthalt in Kanada nicht einmal an Bord gehen, da die Fluggesellschaften verpflichtet sind, Ihre Daten zu \u00fcberpr\u00fcfen.<\/p>\n","protected":false},"excerpt":{"rendered":"<p>Pr\u00e4sentation der offiziellen Website von eTA Canada Um nach Kanada zu reisen, ist eine Aufenthaltserlaubnis erforderlich. Abh\u00e4ngig von der Art des Aufenthalts und dem Herkunftsland muss der Antrag auf ein kanadisches Visum oder eine elektronische eTA-Reisegenehmigung gestellt werden. Bei einem Aufenthalt von weniger als 6 Monaten in Kanada : Sie k\u00f6nnen die Formalit\u00e4ten f\u00fcr die [&hellip;]<\/p>\n","protected":false},"author":1,"featured_media":0,"parent":0,"menu_order":0,"comment_status":"closed","ping_status":"closed","template":"","meta":{"footnotes":""},"class_list":["post-943","page","type-page","status-publish","hentry"],"yoast_head":"<!-- This site is optimized with the Yoast SEO plugin v26.9 - https:\/\/yoast.com\/product\/yoast-seo-wordpress\/ -->\n<title>Offizielle Website von eTA Canada<\/title>\n<meta name=\"description\" content=\"Pr\u00e4sentation der offiziellen eTA-Website der kanadischen Regierung zum Erhalt der f\u00fcr Reisen nach Kanada erforderlichen elektronischen Reisegenehmigung.\" \/>\n<meta name=\"robots\" content=\"index, follow, max-snippet:-1, max-image-preview:large, max-video-preview:-1\" \/>\n<link rel=\"canonical\" href=\"https:\/\/ave-eta-canada.com\/de\/offizielle-website-von-eta-canada\/\" \/>\n<meta property=\"og:locale\" content=\"de_DE\" \/>\n<meta property=\"og:type\" content=\"article\" \/>\n<meta property=\"og:title\" content=\"Offizielle Website von eTA Canada\" \/>\n<meta property=\"og:description\" content=\"Pr\u00e4sentation der offiziellen eTA-Website der kanadischen Regierung zum Erhalt der f\u00fcr Reisen nach Kanada erforderlichen elektronischen Reisegenehmigung.\" \/>\n<meta property=\"og:url\" content=\"https:\/\/ave-eta-canada.com\/de\/offizielle-website-von-eta-canada\/\" \/>\n<meta property=\"og:site_name\" content=\"KANADA VISUM\" \/>\n<meta property=\"article:modified_time\" content=\"2022-05-16T12:52:38+00:00\" \/>\n<meta name=\"twitter:card\" content=\"summary_large_image\" \/>\n<meta name=\"twitter:label1\" content=\"Gesch\u00e4tzte Lesezeit\" \/>\n\t<meta name=\"twitter:data1\" content=\"5\u00a0Minuten\" \/>\n<script type=\"application\/ld+json\" class=\"yoast-schema-graph\">{\"@context\":\"https:\/\/schema.org\",\"@graph\":[{\"@type\":\"WebPage\",\"@id\":\"https:\/\/ave-eta-canada.com\/de\/offizielle-website-von-eta-canada\/\",\"url\":\"https:\/\/ave-eta-canada.com\/de\/offizielle-website-von-eta-canada\/\",\"name\":\"Offizielle Website von eTA Canada\",\"isPartOf\":{\"@id\":\"https:\/\/ave-eta-canada.com\/de\/#website\"},\"datePublished\":\"2020-04-25T15:58:31+00:00\",\"dateModified\":\"2022-05-16T12:52:38+00:00\",\"description\":\"Pr\u00e4sentation der offiziellen eTA-Website der kanadischen Regierung zum Erhalt der f\u00fcr Reisen nach Kanada erforderlichen elektronischen Reisegenehmigung.\",\"breadcrumb\":{\"@id\":\"https:\/\/ave-eta-canada.com\/de\/offizielle-website-von-eta-canada\/#breadcrumb\"},\"inLanguage\":\"de\",\"potentialAction\":[{\"@type\":\"ReadAction\",\"target\":[\"https:\/\/ave-eta-canada.com\/de\/offizielle-website-von-eta-canada\/\"]}]},{\"@type\":\"BreadcrumbList\",\"@id\":\"https:\/\/ave-eta-canada.com\/de\/offizielle-website-von-eta-canada\/#breadcrumb\",\"itemListElement\":[{\"@type\":\"ListItem\",\"position\":1,\"name\":\"Home\",\"item\":\"https:\/\/ave-eta-canada.com\/de\/\"},{\"@type\":\"ListItem\",\"position\":2,\"name\":\"Offizielle Website von eTA Canada\"}]},{\"@type\":\"WebSite\",\"@id\":\"https:\/\/ave-eta-canada.com\/de\/#website\",\"url\":\"https:\/\/ave-eta-canada.com\/de\/\",\"name\":\"KANADA VISUM\",\"description\":\"Autorisation Voyage Electronique\",\"potentialAction\":[{\"@type\":\"SearchAction\",\"target\":{\"@type\":\"EntryPoint\",\"urlTemplate\":\"https:\/\/ave-eta-canada.com\/de\/?s={search_term_string}\"},\"query-input\":{\"@type\":\"PropertyValueSpecification\",\"valueRequired\":true,\"valueName\":\"search_term_string\"}}],\"inLanguage\":\"de\"}]}<\/script>\n<!-- \/ Yoast SEO plugin. -->","yoast_head_json":{"title":"Offizielle Website von eTA Canada","description":"Pr\u00e4sentation der offiziellen eTA-Website der kanadischen Regierung zum Erhalt der f\u00fcr Reisen nach Kanada erforderlichen elektronischen Reisegenehmigung.","robots":{"index":"index","follow":"follow","max-snippet":"max-snippet:-1","max-image-preview":"max-image-preview:large","max-video-preview":"max-video-preview:-1"},"canonical":"https:\/\/ave-eta-canada.com\/de\/offizielle-website-von-eta-canada\/","og_locale":"de_DE","og_type":"article","og_title":"Offizielle Website von eTA Canada","og_description":"Pr\u00e4sentation der offiziellen eTA-Website der kanadischen Regierung zum Erhalt der f\u00fcr Reisen nach Kanada erforderlichen elektronischen Reisegenehmigung.","og_url":"https:\/\/ave-eta-canada.com\/de\/offizielle-website-von-eta-canada\/","og_site_name":"KANADA VISUM","article_modified_time":"2022-05-16T12:52:38+00:00","twitter_card":"summary_large_image","twitter_misc":{"Gesch\u00e4tzte Lesezeit":"5\u00a0Minuten"},"schema":{"@context":"https:\/\/schema.org","@graph":[{"@type":"WebPage","@id":"https:\/\/ave-eta-canada.com\/de\/offizielle-website-von-eta-canada\/","url":"https:\/\/ave-eta-canada.com\/de\/offizielle-website-von-eta-canada\/","name":"Offizielle Website von eTA Canada","isPartOf":{"@id":"https:\/\/ave-eta-canada.com\/de\/#website"},"datePublished":"2020-04-25T15:58:31+00:00","dateModified":"2022-05-16T12:52:38+00:00","description":"Pr\u00e4sentation der offiziellen eTA-Website der kanadischen Regierung zum Erhalt der f\u00fcr Reisen nach Kanada erforderlichen elektronischen Reisegenehmigung.","breadcrumb":{"@id":"https:\/\/ave-eta-canada.com\/de\/offizielle-website-von-eta-canada\/#breadcrumb"},"inLanguage":"de","potentialAction":[{"@type":"ReadAction","target":["https:\/\/ave-eta-canada.com\/de\/offizielle-website-von-eta-canada\/"]}]},{"@type":"BreadcrumbList","@id":"https:\/\/ave-eta-canada.com\/de\/offizielle-website-von-eta-canada\/#breadcrumb","itemListElement":[{"@type":"ListItem","position":1,"name":"Home","item":"https:\/\/ave-eta-canada.com\/de\/"},{"@type":"ListItem","position":2,"name":"Offizielle Website von eTA Canada"}]},{"@type":"WebSite","@id":"https:\/\/ave-eta-canada.com\/de\/#website","url":"https:\/\/ave-eta-canada.com\/de\/","name":"KANADA VISUM","description":"Autorisation Voyage Electronique","potentialAction":[{"@type":"SearchAction","target":{"@type":"EntryPoint","urlTemplate":"https:\/\/ave-eta-canada.com\/de\/?s={search_term_string}"},"query-input":{"@type":"PropertyValueSpecification","valueRequired":true,"valueName":"search_term_string"}}],"inLanguage":"de"}]}},"_links":{"self":[{"href":"https:\/\/ave-eta-canada.com\/de\/wp-json\/wp\/v2\/pages\/943","targetHints":{"allow":["GET"]}}],"collection":[{"href":"https:\/\/ave-eta-canada.com\/de\/wp-json\/wp\/v2\/pages"}],"about":[{"href":"https:\/\/ave-eta-canada.com\/de\/wp-json\/wp\/v2\/types\/page"}],"author":[{"embeddable":true,"href":"https:\/\/ave-eta-canada.com\/de\/wp-json\/wp\/v2\/users\/1"}],"replies":[{"embeddable":true,"href":"https:\/\/ave-eta-canada.com\/de\/wp-json\/wp\/v2\/comments?post=943"}],"version-history":[{"count":0,"href":"https:\/\/ave-eta-canada.com\/de\/wp-json\/wp\/v2\/pages\/943\/revisions"}],"wp:attachment":[{"href":"https:\/\/ave-eta-canada.com\/de\/wp-json\/wp\/v2\/media?parent=943"}],"curies":[{"name":"wp","href":"https:\/\/api.w.org\/{rel}","templated":true}]}}