{"id":945,"date":"2020-04-25T16:09:41","date_gmt":"2020-04-25T16:09:41","guid":{"rendered":"https:\/\/ave-eta-canada.com\/anfrage-von-ave-canada\/"},"modified":"2022-05-16T12:56:54","modified_gmt":"2022-05-16T12:56:54","slug":"anfrage-eta-canada","status":"publish","type":"page","link":"https:\/\/ave-eta-canada.com\/de\/anfrage-eta-canada\/","title":{"rendered":"Alles \u00fcber die Beantragung einer eTA f\u00fcr Kanada"},"content":{"rendered":"\n<h1 class=\"wp-block-heading\">Der eTA-Antrag f\u00fcr Kanada<\/h1>\n\n<p>Die eTA Electronic Travel Authorization erinnert an das amerikanische ESTA. Jeder Aufenthalt in Kanada unterliegt einer Reisegenehmigung (eTA) oder einem kanadischen Visum. <\/p>\n\n<p><strong>Bei einem Aufenthalt von weniger als 6 Monaten in Kanada<\/strong> : Sie k\u00f6nnen die Formalit\u00e4ten f\u00fcr die Einreise nach Kanada direkt \u00fcber das Internet erledigen, indem Sie auf das <a href=\"https:\/\/ave-eta-canada.com\/de\/ave-kanada-online-formular\/\">Online-Formular<\/a> klicken. Es ist nicht erforderlich, einen Termin bei der kanadischen Botschaft oder dem kanadischen Konsulat zu vereinbaren.<\/p>\n\n<p>Nachfolgend erkl\u00e4ren wir, wer berechtigt ist, eine eTA Kanada zu beantragen und wie vorzugehen ist, um sie zu erhalten.<br\/><\/p>\n\n<h2 class=\"wp-block-heading\">Wer kann eine eTA f\u00fcr Kanada beantragen?<\/h2>\n\n<p>Um <a href=\"https:\/\/ave-eta-canada.com\/de\/\">eine eTA f\u00fcr Kanada beantragen<\/a> zu k\u00f6nnen, muss der Reisende Staatsangeh\u00f6riger eines der von der Visumpflicht befreiten L\u00e4nder sein. Die von dieser Ausnahme betroffenen L\u00e4nder sind:<\/p>\n\n<p>Deutschland, Andorra, Australien, \u00d6sterreich, Bahamas, Barbados, Belgien, Brasilien*, Brunei Darussalam, Bulgarien*, Chile, Zypern, Kroatien, D\u00e4nemark, Vereinigte Arabische Emirate, Spanien, Estland, Finnland, Frankreich, Gro\u00dfbritannien, Griechenland, Ungarn, Hongkong, Salomonen, Irland, Island, Israel, Italien, Japan, Lettland, Liechtenstein, Litauen, Luxemburg, Malta, Mexiko, Monaco, Norwegen, Neuseeland, Papua-Neuguinea, Niederlande, Polen, Portugal, Republik Korea, Tschechisch Republik, Rum\u00e4nien, San Marino, Samoa, Singapur, Slowakei, Slowenien, Schweden, Schweiz, Taiwan und Vatikan. (*unter bestimmten Bedingungen)<\/p>\n\n<p>Nur Reisen nach Kanada auf dem Luftweg unterliegen der <a href=\"https:\/\/ave-eta-canada.com\/de\/ist-eta-canada-obligatorisch\/\">obligatorischen Einholung einer eTA<\/a>, die Transits umfasst. Die Kanada eTA wird nicht f\u00fcr Land- und Seereisen anerkannt. <\/p>\n\n<p>Inhaber eines kanadischen Visums m\u00fcssen ebenfalls keine kanadische eTA beantragen. Dies gilt auch f\u00fcr franz\u00f6sische Staatsb\u00fcrger, die in Saint-Pierre-et-Miquelon leben, wenn sie auf dem Luftweg direkt von Saint-Pierre-et-Miquelon auf kanadisches Hoheitsgebiet einreisen.<\/p>\n\n<p>Um eine eTA f\u00fcr Kanada beantragen zu k\u00f6nnen, muss der Reisende im Besitz eines g\u00fcltigen Reisepasses sein. Kanada verlangt keinen biometrischen Reisepass f\u00fcr einen eTA-Kanada-Antrag (zumindest f\u00fcr franz\u00f6sische Staatsangeh\u00f6rige), es wird jedoch eine verbleibende G\u00fcltigkeitsdauer von mindestens 6 Monaten empfohlen.<\/p>\n\n<p>Um in den Rahmen des eTA Canada aufgenommen zu werden, muss der Aufenthalt h\u00f6chstens 6 Monate betragen und darf nur touristisch oder gesch\u00e4ftlich sein. Beim Passieren des Zolls kann ein Transportticket verlangt werden. F\u00fcr ein minderj\u00e4hriges Kind wird die Vorlage einer Geburtsurkunde und anderer Dokumente verlangt, die die famili\u00e4re Situation des Kindes erl\u00e4utern (Erm\u00e4chtigungsschreiben des nicht mitreisenden Elternteils, eine Fotokopie des Sorgerechtsbeschlusses im Falle einer Scheidung usw.). ).<br\/><br\/><\/p>\n\n<h2 class=\"wp-block-heading\">Wie beantrage ich eine eTA Kanada?<\/h2>\n\n<p>Der eTA-Antrag f\u00fcr Kanada wird \u00fcber ein Online-Formular gestellt, das auf der offiziellen Website der kanadischen Regierung oder \u00fcber eine private Website verf\u00fcgbar ist. Gruppenanfragen sind derzeit nicht m\u00f6glich.<\/p>\n\n<p><a href=\"https:\/\/ave-eta-canada.com\/de\/wann-muss-die-eta-genehmigung-fuer-kanada-beantragt-werden\/\">Wann ist eine eTA zu beantragen<\/a> ? Es ist wichtig, die Genehmigung einige Tage vor der Abreise zu beantragen (wir empfehlen Ihnen, unsere Seite \u00fcber die Zeit zu lesen, die f\u00fcr den Erhalt der kanadischen eTA erforderlich ist). Es wird jedoch empfohlen, diesen Vorgang so bald wie m\u00f6glich fortzusetzen, um Entt\u00e4uschungen zu vermeiden. Ohne diese Reisegenehmigung m\u00fcssen Sie nicht am Flughafen erscheinen, da die Unternehmen verpflichtet sind, das Boarding zu verbieten. Selbst wenn Ihnen der Zugang zum Flugzeug gestattet wird, erlauben Ihnen die Einwanderungsbeamten an der kanadischen Grenze nicht, sich ohne g\u00fcltige Genehmigung (eTA oder Visum) auf kanadischem Boden aufzuhalten.<\/p>\n\n<p>Um <a href=\"https:\/\/ave-eta-canada.com\/de\/fuellen-sie-das-eta-formular-fuer-kanada-aus\/\">das eTA-Antragsformular f\u00fcr Kanada auszuf\u00fcllen<\/a> , ben\u00f6tigen Sie Ihren Reisepass und eine Zahlungskarte. F\u00fcr die eTA werden 7 CAN$ berechnet. Das Formular beginnt mit der Feststellung, ob der Antrag vom Reisenden selbst oder f\u00fcr eine andere Person gestellt wird.<\/p>\n\n<p>Die zu \u00fcbermittelnden Informationen betreffen zun\u00e4chst den Reisepass: Passnummer, Nachnamen und Vornamen wie im Dokument angegeben, Geburtsdatum, Geschlecht, Geburtsort, Ausstellungsdatum und Ablaufdatum. Der zweite Abschnitt des Formulars bezieht sich auf pers\u00f6nliche Informationen: doppelte Staatsangeh\u00f6rigkeit, famili\u00e4re Situation, fr\u00fcherer Antrag auf Reisegenehmigung f\u00fcr Kanada, berufliche Situation, Postanschrift, g\u00fcltige E-Mail-Adresse. Danach folgen Informationen zu Ihrem Aufenthalt in Kanada und insbesondere die Termine. Der letzte Teil des Formulars bezieht sich auf Ihren Hintergrund: Einreiseverbot, Straftat, Anamnese mit Schwerpunkt Tuberkulose etc.<\/p>\n\n<p>Ihr Online-Formular wird durch die Annahme der Allgemeinen Gesch\u00e4ftsbedingungen und die Zahlung der Verwaltungsgeb\u00fchren validiert.<\/p>\n\n<p>Nach einer eTA-Kanada-Anfrage sendet das IRCC (Immigration, Refugees and Citizenship Canada) eine elektronische Empfangsbest\u00e4tigung. In den allermeisten F\u00e4llen wird die Zustimmung (oder Ablehnung) fast gleichzeitig gesendet. Es ist jedoch m\u00f6glich, dass eine Anfrage l\u00e4nger dauert und dass zus\u00e4tzliche Belege von den kanadischen Beh\u00f6rden angefordert werden. Im Falle einer Ablehnung muss ein Visumantrag bei der kanadischen Botschaft gestellt werden. Die Verfahren zur Erlangung eines Visums sind komplexer, l\u00e4nger und teurer.<\/p>\n\n<p>Die eTA-Genehmigung gilt 5 Jahre ab Ausstellungsdatum oder bis zum Ablauf des Reisepasses, falls dieser fr\u00fcher abl\u00e4uft. Die eTA ist somit untrennbar mit dem Reisepass verbunden; Jede \u00c4nderung (neuer Pass oder \u00c4nderung der enthaltenen Daten) zieht eine neue Anfrage nach sich. Der <a href=\"https:\/\/ave-eta-canada.com\/de\/wie-ueberpruefe-ich-den-status-ihrer-eta-canada-anfrage\/\">Status der Genehmigung<\/a> kann direkt auf der Website der kanadischen Regierung \u00fcberpr\u00fcft werden.<\/p>\n","protected":false},"excerpt":{"rendered":"<p>Der eTA-Antrag f\u00fcr Kanada Die eTA Electronic Travel Authorization erinnert an das amerikanische ESTA. Jeder Aufenthalt in Kanada unterliegt einer Reisegenehmigung (eTA) oder einem kanadischen Visum. Bei einem Aufenthalt von weniger als 6 Monaten in Kanada : Sie k\u00f6nnen die Formalit\u00e4ten f\u00fcr die Einreise nach Kanada direkt \u00fcber das Internet erledigen, indem Sie auf das [&hellip;]<\/p>\n","protected":false},"author":1,"featured_media":0,"parent":0,"menu_order":0,"comment_status":"closed","ping_status":"closed","template":"","meta":{"footnotes":""},"class_list":["post-945","page","type-page","status-publish","hentry"],"yoast_head":"<!-- This site is optimized with the Yoast SEO plugin v26.9 - https:\/\/yoast.com\/product\/yoast-seo-wordpress\/ -->\n<title>Alles \u00fcber die Beantragung einer eTA f\u00fcr Kanada<\/title>\n<meta name=\"description\" content=\"Hier finden Sie alle Informationen zur Beantragung einer eTA f\u00fcr Kanada: wer berechtigt ist, eine eTA zu beantragen, wann die Beantragung erfolgt und wie vorzugehen ist.\" \/>\n<meta name=\"robots\" content=\"index, follow, max-snippet:-1, max-image-preview:large, max-video-preview:-1\" \/>\n<link rel=\"canonical\" href=\"https:\/\/ave-eta-canada.com\/de\/anfrage-eta-canada\/\" \/>\n<meta property=\"og:locale\" content=\"de_DE\" \/>\n<meta property=\"og:type\" content=\"article\" \/>\n<meta property=\"og:title\" content=\"Alles \u00fcber die Beantragung einer eTA f\u00fcr Kanada\" \/>\n<meta property=\"og:description\" content=\"Hier finden Sie alle Informationen zur Beantragung einer eTA f\u00fcr Kanada: wer berechtigt ist, eine eTA zu beantragen, wann die Beantragung erfolgt und wie vorzugehen ist.\" \/>\n<meta property=\"og:url\" content=\"https:\/\/ave-eta-canada.com\/de\/anfrage-eta-canada\/\" \/>\n<meta property=\"og:site_name\" content=\"KANADA VISUM\" \/>\n<meta property=\"article:modified_time\" content=\"2022-05-16T12:56:54+00:00\" \/>\n<meta name=\"twitter:card\" content=\"summary_large_image\" \/>\n<meta name=\"twitter:label1\" content=\"Gesch\u00e4tzte Lesezeit\" \/>\n\t<meta name=\"twitter:data1\" content=\"4\u00a0Minuten\" \/>\n<script type=\"application\/ld+json\" class=\"yoast-schema-graph\">{\"@context\":\"https:\/\/schema.org\",\"@graph\":[{\"@type\":\"WebPage\",\"@id\":\"https:\/\/ave-eta-canada.com\/de\/anfrage-eta-canada\/\",\"url\":\"https:\/\/ave-eta-canada.com\/de\/anfrage-eta-canada\/\",\"name\":\"Alles \u00fcber die Beantragung einer eTA f\u00fcr Kanada\",\"isPartOf\":{\"@id\":\"https:\/\/ave-eta-canada.com\/de\/#website\"},\"datePublished\":\"2020-04-25T16:09:41+00:00\",\"dateModified\":\"2022-05-16T12:56:54+00:00\",\"description\":\"Hier finden Sie alle Informationen zur Beantragung einer eTA f\u00fcr Kanada: wer berechtigt ist, eine eTA zu beantragen, wann die Beantragung erfolgt und wie vorzugehen ist.\",\"breadcrumb\":{\"@id\":\"https:\/\/ave-eta-canada.com\/de\/anfrage-eta-canada\/#breadcrumb\"},\"inLanguage\":\"de\",\"potentialAction\":[{\"@type\":\"ReadAction\",\"target\":[\"https:\/\/ave-eta-canada.com\/de\/anfrage-eta-canada\/\"]}]},{\"@type\":\"BreadcrumbList\",\"@id\":\"https:\/\/ave-eta-canada.com\/de\/anfrage-eta-canada\/#breadcrumb\",\"itemListElement\":[{\"@type\":\"ListItem\",\"position\":1,\"name\":\"Home\",\"item\":\"https:\/\/ave-eta-canada.com\/de\/\"},{\"@type\":\"ListItem\",\"position\":2,\"name\":\"Alles \u00fcber die Beantragung einer eTA f\u00fcr Kanada\"}]},{\"@type\":\"WebSite\",\"@id\":\"https:\/\/ave-eta-canada.com\/de\/#website\",\"url\":\"https:\/\/ave-eta-canada.com\/de\/\",\"name\":\"KANADA VISUM\",\"description\":\"Autorisation Voyage Electronique\",\"potentialAction\":[{\"@type\":\"SearchAction\",\"target\":{\"@type\":\"EntryPoint\",\"urlTemplate\":\"https:\/\/ave-eta-canada.com\/de\/?s={search_term_string}\"},\"query-input\":{\"@type\":\"PropertyValueSpecification\",\"valueRequired\":true,\"valueName\":\"search_term_string\"}}],\"inLanguage\":\"de\"}]}<\/script>\n<!-- \/ Yoast SEO plugin. -->","yoast_head_json":{"title":"Alles \u00fcber die Beantragung einer eTA f\u00fcr Kanada","description":"Hier finden Sie alle Informationen zur Beantragung einer eTA f\u00fcr Kanada: wer berechtigt ist, eine eTA zu beantragen, wann die Beantragung erfolgt und wie vorzugehen ist.","robots":{"index":"index","follow":"follow","max-snippet":"max-snippet:-1","max-image-preview":"max-image-preview:large","max-video-preview":"max-video-preview:-1"},"canonical":"https:\/\/ave-eta-canada.com\/de\/anfrage-eta-canada\/","og_locale":"de_DE","og_type":"article","og_title":"Alles \u00fcber die Beantragung einer eTA f\u00fcr Kanada","og_description":"Hier finden Sie alle Informationen zur Beantragung einer eTA f\u00fcr Kanada: wer berechtigt ist, eine eTA zu beantragen, wann die Beantragung erfolgt und wie vorzugehen ist.","og_url":"https:\/\/ave-eta-canada.com\/de\/anfrage-eta-canada\/","og_site_name":"KANADA VISUM","article_modified_time":"2022-05-16T12:56:54+00:00","twitter_card":"summary_large_image","twitter_misc":{"Gesch\u00e4tzte Lesezeit":"4\u00a0Minuten"},"schema":{"@context":"https:\/\/schema.org","@graph":[{"@type":"WebPage","@id":"https:\/\/ave-eta-canada.com\/de\/anfrage-eta-canada\/","url":"https:\/\/ave-eta-canada.com\/de\/anfrage-eta-canada\/","name":"Alles \u00fcber die Beantragung einer eTA f\u00fcr Kanada","isPartOf":{"@id":"https:\/\/ave-eta-canada.com\/de\/#website"},"datePublished":"2020-04-25T16:09:41+00:00","dateModified":"2022-05-16T12:56:54+00:00","description":"Hier finden Sie alle Informationen zur Beantragung einer eTA f\u00fcr Kanada: wer berechtigt ist, eine eTA zu beantragen, wann die Beantragung erfolgt und wie vorzugehen ist.","breadcrumb":{"@id":"https:\/\/ave-eta-canada.com\/de\/anfrage-eta-canada\/#breadcrumb"},"inLanguage":"de","potentialAction":[{"@type":"ReadAction","target":["https:\/\/ave-eta-canada.com\/de\/anfrage-eta-canada\/"]}]},{"@type":"BreadcrumbList","@id":"https:\/\/ave-eta-canada.com\/de\/anfrage-eta-canada\/#breadcrumb","itemListElement":[{"@type":"ListItem","position":1,"name":"Home","item":"https:\/\/ave-eta-canada.com\/de\/"},{"@type":"ListItem","position":2,"name":"Alles \u00fcber die Beantragung einer eTA f\u00fcr Kanada"}]},{"@type":"WebSite","@id":"https:\/\/ave-eta-canada.com\/de\/#website","url":"https:\/\/ave-eta-canada.com\/de\/","name":"KANADA VISUM","description":"Autorisation Voyage Electronique","potentialAction":[{"@type":"SearchAction","target":{"@type":"EntryPoint","urlTemplate":"https:\/\/ave-eta-canada.com\/de\/?s={search_term_string}"},"query-input":{"@type":"PropertyValueSpecification","valueRequired":true,"valueName":"search_term_string"}}],"inLanguage":"de"}]}},"_links":{"self":[{"href":"https:\/\/ave-eta-canada.com\/de\/wp-json\/wp\/v2\/pages\/945","targetHints":{"allow":["GET"]}}],"collection":[{"href":"https:\/\/ave-eta-canada.com\/de\/wp-json\/wp\/v2\/pages"}],"about":[{"href":"https:\/\/ave-eta-canada.com\/de\/wp-json\/wp\/v2\/types\/page"}],"author":[{"embeddable":true,"href":"https:\/\/ave-eta-canada.com\/de\/wp-json\/wp\/v2\/users\/1"}],"replies":[{"embeddable":true,"href":"https:\/\/ave-eta-canada.com\/de\/wp-json\/wp\/v2\/comments?post=945"}],"version-history":[{"count":0,"href":"https:\/\/ave-eta-canada.com\/de\/wp-json\/wp\/v2\/pages\/945\/revisions"}],"wp:attachment":[{"href":"https:\/\/ave-eta-canada.com\/de\/wp-json\/wp\/v2\/media?parent=945"}],"curies":[{"name":"wp","href":"https:\/\/api.w.org\/{rel}","templated":true}]}}