{"id":947,"date":"2020-04-25T16:16:18","date_gmt":"2020-04-25T16:16:18","guid":{"rendered":"https:\/\/ave-eta-canada.com\/alles-ueber-die-eta-bedingungen-fuer-reisen-nach-kanada\/"},"modified":"2022-05-16T08:52:10","modified_gmt":"2022-05-16T08:52:10","slug":"alles-ueber-die-eta-bedingungen-fuer-reisen-nach-kanada","status":"publish","type":"page","link":"https:\/\/ave-eta-canada.com\/de\/alles-ueber-die-eta-bedingungen-fuer-reisen-nach-kanada\/","title":{"rendered":"Die Bedingungen der eTA f\u00fcr Reisen nach Kanada"},"content":{"rendered":"\n<h1 class=\"wp-block-heading\">Was sind die eTA-Bedingungen, um nach Kanada zu reisen?<\/h1>\n\n<p>F\u00fcr viele Reisende ist ein Visumantrag f\u00fcr die Einreise nach Kanada nicht mehr notwendig. Alles, was Sie tun m\u00fcssen, ist eine elektronische eTA-Reisegenehmigung \u00fcber das Internet zu erhalten.<\/p>\n\n<p><strong>Bei einem Aufenthalt von weniger als 6 Monaten in Kanada<\/strong> : Sie k\u00f6nnen die Formalit\u00e4ten f\u00fcr die Einreise nach Kanada direkt \u00fcber das Internet erledigen, indem Sie auf das <a href=\"https:\/\/ave-eta-canada.com\/de\/ave-kanada-online-formular\/\">Online-Formular<\/a> klicken. Es ist nicht erforderlich, einen Termin bei der kanadischen Botschaft oder dem kanadischen Konsulat zu vereinbaren.<\/p>\n\n<p>Die eTA ist viel bequemer und schneller zu bekommen, aber Sie m\u00fcssen eine der berechtigten Personen sein. Wir erkl\u00e4ren Ihnen alles \u00fcber die eTA-Bedingungen, damit Sie unbesorgt nach Kanada reisen k\u00f6nnen.<\/p>\n\n<h2 class=\"wp-block-heading\">eTA-Bedingungen f\u00fcr den Aufenthalt in Kanada<\/h2>\n\n<p>M\u00f6glicherweise haben Sie <a href=\"https:\/\/ave-eta-canada.com\/de\/was-ist-eta-kanada\/\">bei der Recherche den Begriff eTA-Autorisierung<\/a> geh\u00f6rt. Beachten Sie, dass sich die Begriffe AVE und eTA auf dieselbe Reisegenehmigung beziehen. ETA ist die englische Abk\u00fcrzung f\u00fcr Electronic Travel Authorization. <\/p>\n\n<p>Eine elektronische eTA-Reisegenehmigung ist nur erforderlich, wenn Sie Kanada auf dem Luftweg durchqueren oder durch Kanada reisen. Im Gegensatz zu seinem amerikanischen Pendant ESTA, das auch bei der Einreise auf dem Seeweg erforderlich ist.<\/p>\n\n<p>Eine weitere AVE-Bedingung sieht vor, dass Ihre Reise Teil eines touristischen Aufenthalts oder einer Gesch\u00e4ftsreise sein muss und h\u00f6chstens 6 Monate dauern darf.<\/p>\n\n<p>Auch wenn Sie nur durch Kanada zu Ihrem Endziel reisen, <a href=\"https:\/\/ave-eta-canada.com\/de\/ist-eta-canada-obligatorisch\/\">ist eine eTA obligatorisch<\/a> .<\/p>\n\n<p>Sie m\u00fcssen Staatsangeh\u00f6riger eines Landes sein, das Mitglied des von der kanadischen Regierung eingerichteten Programms f\u00fcr visumfreies Reisen ist. Dieses Programm steht Reisenden aus 58 Nationalit\u00e4ten offen.<\/p>\n\n<p>Eine Ausnahme in den eTA-Bedingungen betrifft franz\u00f6sische Staatsangeh\u00f6rige mit Wohnsitz in St. Pierre et Miquelon. Sie m\u00fcssen keinen Antrag stellen, wenn sie von ihrer Insel nach Kanada reisen. Sie m\u00fcssen jedoch wie alle franz\u00f6sischen Passinhaber einen Antrag stellen, wenn sie mit dem Flugzeug vom franz\u00f6sischen Festland oder den DOM-TOMs nach Kanada reisen.<\/p>\n\n<p>Wenn Sie bereits ein von der kanadischen Regierung ausgestelltes Visum haben, m\u00fcssen Sie keine <a href=\"https:\/\/ave-eta-canada.com\/de\/\">eTA beantragen<\/a> .<\/p>\n\n<p>Eine eTA ist keine Arbeitserlaubnis und berechtigt nicht dazu, in Kanada zu arbeiten, ein Praktikum zu absolvieren oder dort zu studieren. Wenn Sie nach Kanada einwandern m\u00f6chten, m\u00fcssen Sie sich an das kanadische Konsulat wenden, um herauszufinden, welche Schritte zu unternehmen sind.<\/p>\n\n<h2 class=\"wp-block-heading\">Der biometrische Reisepass: eine Voraussetzung f\u00fcr die eTA<\/h2>\n\n<p>Eine weitere Voraussetzung f\u00fcr die eTA ist ein biometrischer oder elektronischer Reisepass.<\/p>\n\n<p>Tats\u00e4chlich ist die Genehmigung nach der Genehmigung mit dem Reisepass des Antragstellers verkn\u00fcpft. Es handelt sich also nicht um ein Dokument, das Sie mit sich f\u00fchren m\u00fcssen. Damit die eTA verkn\u00fcpft werden kann, muss der Reisende \u00fcber einen Reisepass verf\u00fcgen, der den erforderlichen technischen Standards entspricht.<\/p>\n\n<p>Eine eTA ist 5 Jahre g\u00fcltig, aber eine der Anforderungen der eTA ist die Verkn\u00fcpfung mit einem g\u00fcltigen Reisepass. Das bedeutet, dass, wenn Ihr Reisepass vor Ablauf dieser 5 Jahre abl\u00e4uft, ein neuer Antrag erforderlich ist, um Ihren neuen Reisepass zu erhalten.<\/p>\n\n<p>Beachten Sie, dass eine <a href=\"https:\/\/ave-eta-canada.com\/de\/gultigkeit-eta-kanada\/\">eTA f\u00fcr mehrere Reisen g\u00fcltig ist<\/a> . Sie k\u00f6nnen w\u00e4hrend der G\u00fcltigkeitsdauer mehrmals zur\u00fcckkehren, wenn der Zweck Ihres Aufenthalts in Kanada weiterhin die oben genannten Kriterien erf\u00fcllt.<\/p>\n\n<h2 class=\"wp-block-heading\">Haben Sie eine E-Mail-Adresse und eine Kreditkarte<\/h2>\n\n<p>Um eine eTA beantragen zu k\u00f6nnen, m\u00fcssen Sie nicht zur n\u00e4chstgelegenen kanadischen Botschaft gehen. Die einzige M\u00f6glichkeit besteht darin, sich online, \u00fcber die Website der Regierung oder \u00fcber die Dienste eines privaten Dienstleisters, wie z. B. unseres Partners, zu bewerben.<\/p>\n\n<p>Sie m\u00fcssen ein Online-Formular ausf\u00fcllen, das Ihre pers\u00f6nlichen Daten sowie Ihren Gesundheitszustand und Ihre Vorstrafen enth\u00e4lt. All diese Fragen werden mit dem Ziel gestellt, die Einreise in das kanadische Hoheitsgebiet besser zu kontrollieren.<\/p>\n\n<p>Eine der eTA-Bedingungen, um Ihre Anfrage abschlie\u00dfen zu k\u00f6nnen, ist eine g\u00fcltige E-Mail-Adresse sowie eine Kreditkarte, um die Kosten f\u00fcr die Verwaltung Ihrer Datei zu bezahlen. Der <a href=\"https:\/\/ave-eta-canada.com\/de\/eta-kanada-sein-preis\/\">Preis der eTA<\/a> variiert je nach verwendeter Methode.<\/p>\n\n<p>Wie Sie sehen k\u00f6nnen, sind die eTA-Bedingungen nicht die restriktivsten, aber Sie m\u00fcssen beim Ausf\u00fcllen des Formulars vorsichtig sein und sicherstellen, dass Sie keine Fehler machen.<\/p>\n\n<p>Wichtig ist auch eine klare Unterscheidung zwischen dem eTA und dem Working Holiday Program (PVT). Die Anforderungen des eTA und des PVT Canada sind zwei v\u00f6llig unterschiedliche Dinge und richten sich nicht an dieselbe Zielgruppe. Achten Sie rechtzeitig auf Ihre Schritte, um nicht \u00fcberrascht zu werden, wenn sich die Abfahrt n\u00e4hert.<\/p>\n","protected":false},"excerpt":{"rendered":"<p>Was sind die eTA-Bedingungen, um nach Kanada zu reisen? F\u00fcr viele Reisende ist ein Visumantrag f\u00fcr die Einreise nach Kanada nicht mehr notwendig. Alles, was Sie tun m\u00fcssen, ist eine elektronische eTA-Reisegenehmigung \u00fcber das Internet zu erhalten. Bei einem Aufenthalt von weniger als 6 Monaten in Kanada : Sie k\u00f6nnen die Formalit\u00e4ten f\u00fcr die Einreise [&hellip;]<\/p>\n","protected":false},"author":1,"featured_media":0,"parent":0,"menu_order":0,"comment_status":"closed","ping_status":"closed","template":"","meta":{"footnotes":""},"class_list":["post-947","page","type-page","status-publish","hentry"],"yoast_head":"<!-- This site is optimized with the Yoast SEO plugin v26.9 - https:\/\/yoast.com\/product\/yoast-seo-wordpress\/ -->\n<title>Die Bedingungen der eTA f\u00fcr Reisen nach Kanada<\/title>\n<meta name=\"description\" content=\"Sie reisen bald nach Kanada, kennen aber die eTA-Berechtigungsbedingungen nicht? Wir erkl\u00e4ren alles im Detail in diesem Artikel.\" \/>\n<meta name=\"robots\" content=\"index, follow, max-snippet:-1, max-image-preview:large, max-video-preview:-1\" \/>\n<link rel=\"canonical\" href=\"https:\/\/ave-eta-canada.com\/de\/alles-ueber-die-eta-bedingungen-fuer-reisen-nach-kanada\/\" \/>\n<meta property=\"og:locale\" content=\"de_DE\" \/>\n<meta property=\"og:type\" content=\"article\" \/>\n<meta property=\"og:title\" content=\"Die Bedingungen der eTA f\u00fcr Reisen nach Kanada\" \/>\n<meta property=\"og:description\" content=\"Sie reisen bald nach Kanada, kennen aber die eTA-Berechtigungsbedingungen nicht? Wir erkl\u00e4ren alles im Detail in diesem Artikel.\" \/>\n<meta property=\"og:url\" content=\"https:\/\/ave-eta-canada.com\/de\/alles-ueber-die-eta-bedingungen-fuer-reisen-nach-kanada\/\" \/>\n<meta property=\"og:site_name\" content=\"KANADA VISUM\" \/>\n<meta property=\"article:modified_time\" content=\"2022-05-16T08:52:10+00:00\" \/>\n<meta name=\"twitter:card\" content=\"summary_large_image\" \/>\n<meta name=\"twitter:label1\" content=\"Gesch\u00e4tzte Lesezeit\" \/>\n\t<meta name=\"twitter:data1\" content=\"4\u00a0Minuten\" \/>\n<script type=\"application\/ld+json\" class=\"yoast-schema-graph\">{\"@context\":\"https:\/\/schema.org\",\"@graph\":[{\"@type\":\"WebPage\",\"@id\":\"https:\/\/ave-eta-canada.com\/de\/alles-ueber-die-eta-bedingungen-fuer-reisen-nach-kanada\/\",\"url\":\"https:\/\/ave-eta-canada.com\/de\/alles-ueber-die-eta-bedingungen-fuer-reisen-nach-kanada\/\",\"name\":\"Die Bedingungen der eTA f\u00fcr Reisen nach Kanada\",\"isPartOf\":{\"@id\":\"https:\/\/ave-eta-canada.com\/de\/#website\"},\"datePublished\":\"2020-04-25T16:16:18+00:00\",\"dateModified\":\"2022-05-16T08:52:10+00:00\",\"description\":\"Sie reisen bald nach Kanada, kennen aber die eTA-Berechtigungsbedingungen nicht? Wir erkl\u00e4ren alles im Detail in diesem Artikel.\",\"breadcrumb\":{\"@id\":\"https:\/\/ave-eta-canada.com\/de\/alles-ueber-die-eta-bedingungen-fuer-reisen-nach-kanada\/#breadcrumb\"},\"inLanguage\":\"de\",\"potentialAction\":[{\"@type\":\"ReadAction\",\"target\":[\"https:\/\/ave-eta-canada.com\/de\/alles-ueber-die-eta-bedingungen-fuer-reisen-nach-kanada\/\"]}]},{\"@type\":\"BreadcrumbList\",\"@id\":\"https:\/\/ave-eta-canada.com\/de\/alles-ueber-die-eta-bedingungen-fuer-reisen-nach-kanada\/#breadcrumb\",\"itemListElement\":[{\"@type\":\"ListItem\",\"position\":1,\"name\":\"Home\",\"item\":\"https:\/\/ave-eta-canada.com\/de\/\"},{\"@type\":\"ListItem\",\"position\":2,\"name\":\"Die Bedingungen der eTA f\u00fcr Reisen nach Kanada\"}]},{\"@type\":\"WebSite\",\"@id\":\"https:\/\/ave-eta-canada.com\/de\/#website\",\"url\":\"https:\/\/ave-eta-canada.com\/de\/\",\"name\":\"KANADA VISUM\",\"description\":\"Autorisation Voyage Electronique\",\"potentialAction\":[{\"@type\":\"SearchAction\",\"target\":{\"@type\":\"EntryPoint\",\"urlTemplate\":\"https:\/\/ave-eta-canada.com\/de\/?s={search_term_string}\"},\"query-input\":{\"@type\":\"PropertyValueSpecification\",\"valueRequired\":true,\"valueName\":\"search_term_string\"}}],\"inLanguage\":\"de\"}]}<\/script>\n<!-- \/ Yoast SEO plugin. -->","yoast_head_json":{"title":"Die Bedingungen der eTA f\u00fcr Reisen nach Kanada","description":"Sie reisen bald nach Kanada, kennen aber die eTA-Berechtigungsbedingungen nicht? Wir erkl\u00e4ren alles im Detail in diesem Artikel.","robots":{"index":"index","follow":"follow","max-snippet":"max-snippet:-1","max-image-preview":"max-image-preview:large","max-video-preview":"max-video-preview:-1"},"canonical":"https:\/\/ave-eta-canada.com\/de\/alles-ueber-die-eta-bedingungen-fuer-reisen-nach-kanada\/","og_locale":"de_DE","og_type":"article","og_title":"Die Bedingungen der eTA f\u00fcr Reisen nach Kanada","og_description":"Sie reisen bald nach Kanada, kennen aber die eTA-Berechtigungsbedingungen nicht? Wir erkl\u00e4ren alles im Detail in diesem Artikel.","og_url":"https:\/\/ave-eta-canada.com\/de\/alles-ueber-die-eta-bedingungen-fuer-reisen-nach-kanada\/","og_site_name":"KANADA VISUM","article_modified_time":"2022-05-16T08:52:10+00:00","twitter_card":"summary_large_image","twitter_misc":{"Gesch\u00e4tzte Lesezeit":"4\u00a0Minuten"},"schema":{"@context":"https:\/\/schema.org","@graph":[{"@type":"WebPage","@id":"https:\/\/ave-eta-canada.com\/de\/alles-ueber-die-eta-bedingungen-fuer-reisen-nach-kanada\/","url":"https:\/\/ave-eta-canada.com\/de\/alles-ueber-die-eta-bedingungen-fuer-reisen-nach-kanada\/","name":"Die Bedingungen der eTA f\u00fcr Reisen nach Kanada","isPartOf":{"@id":"https:\/\/ave-eta-canada.com\/de\/#website"},"datePublished":"2020-04-25T16:16:18+00:00","dateModified":"2022-05-16T08:52:10+00:00","description":"Sie reisen bald nach Kanada, kennen aber die eTA-Berechtigungsbedingungen nicht? Wir erkl\u00e4ren alles im Detail in diesem Artikel.","breadcrumb":{"@id":"https:\/\/ave-eta-canada.com\/de\/alles-ueber-die-eta-bedingungen-fuer-reisen-nach-kanada\/#breadcrumb"},"inLanguage":"de","potentialAction":[{"@type":"ReadAction","target":["https:\/\/ave-eta-canada.com\/de\/alles-ueber-die-eta-bedingungen-fuer-reisen-nach-kanada\/"]}]},{"@type":"BreadcrumbList","@id":"https:\/\/ave-eta-canada.com\/de\/alles-ueber-die-eta-bedingungen-fuer-reisen-nach-kanada\/#breadcrumb","itemListElement":[{"@type":"ListItem","position":1,"name":"Home","item":"https:\/\/ave-eta-canada.com\/de\/"},{"@type":"ListItem","position":2,"name":"Die Bedingungen der eTA f\u00fcr Reisen nach Kanada"}]},{"@type":"WebSite","@id":"https:\/\/ave-eta-canada.com\/de\/#website","url":"https:\/\/ave-eta-canada.com\/de\/","name":"KANADA VISUM","description":"Autorisation Voyage Electronique","potentialAction":[{"@type":"SearchAction","target":{"@type":"EntryPoint","urlTemplate":"https:\/\/ave-eta-canada.com\/de\/?s={search_term_string}"},"query-input":{"@type":"PropertyValueSpecification","valueRequired":true,"valueName":"search_term_string"}}],"inLanguage":"de"}]}},"_links":{"self":[{"href":"https:\/\/ave-eta-canada.com\/de\/wp-json\/wp\/v2\/pages\/947","targetHints":{"allow":["GET"]}}],"collection":[{"href":"https:\/\/ave-eta-canada.com\/de\/wp-json\/wp\/v2\/pages"}],"about":[{"href":"https:\/\/ave-eta-canada.com\/de\/wp-json\/wp\/v2\/types\/page"}],"author":[{"embeddable":true,"href":"https:\/\/ave-eta-canada.com\/de\/wp-json\/wp\/v2\/users\/1"}],"replies":[{"embeddable":true,"href":"https:\/\/ave-eta-canada.com\/de\/wp-json\/wp\/v2\/comments?post=947"}],"version-history":[{"count":0,"href":"https:\/\/ave-eta-canada.com\/de\/wp-json\/wp\/v2\/pages\/947\/revisions"}],"wp:attachment":[{"href":"https:\/\/ave-eta-canada.com\/de\/wp-json\/wp\/v2\/media?parent=947"}],"curies":[{"name":"wp","href":"https:\/\/api.w.org\/{rel}","templated":true}]}}