{"id":951,"date":"2020-04-25T16:25:23","date_gmt":"2020-04-25T16:25:23","guid":{"rendered":"https:\/\/ave-eta-canada.com\/ist-ein-visum-fuer-eine-reise-nach-kanada-unerlaesslich\/"},"modified":"2022-05-16T13:00:17","modified_gmt":"2022-05-16T13:00:17","slug":"ist-ein-visum-fuer-eine-reise-nach-kanada-unerlaesslich","status":"publish","type":"page","link":"https:\/\/ave-eta-canada.com\/de\/ist-ein-visum-fuer-eine-reise-nach-kanada-unerlaesslich\/","title":{"rendered":"Ist ein Visum f\u00fcr die Einreise nach Kanada zwingend erforderlich?"},"content":{"rendered":"\n<h1 class=\"wp-block-heading\">Ist f\u00fcr die Einreise nach Kanada ein Visum erforderlich?<\/h1>\n\n<p>Ob es sich um einen Aufenthalt in Kanada aus touristischen, beruflichen Gr\u00fcnden oder sogar zur Durchreise handelt, die kanadische Regierung verh\u00e4ngt systematisch eine Reisegenehmigung f\u00fcr die Einreise in das Staatsgebiet. <\/p>\n\n<p><strong>Bei einem Aufenthalt von weniger als 6 Monaten in Kanada<\/strong> : Sie k\u00f6nnen die Formalit\u00e4ten f\u00fcr die Einreise nach Kanada direkt \u00fcber das Internet erledigen, indem Sie auf das <a href=\"https:\/\/ave-eta-canada.com\/de\/ave-kanada-online-formular\/\">Online-Formular<\/a> klicken. Es ist nicht erforderlich, einen Termin bei der kanadischen Botschaft oder dem kanadischen Konsulat zu vereinbaren.<\/p>\n\n<p>Die Beantragung eines Kanada-Visums ist daher nicht erforderlich, eine Reisegenehmigung reicht aus: die Electronic Travel Authorization (eTA). Erfahren Sie in diesem Artikel, in welchen Situationen Sie von den langwierigen und kostspieligen Formalit\u00e4ten zur Erlangung eines Kanada-Visums befreit werden. <\/p>\n\n<h2 class=\"wp-block-heading\"><br\/>Die Kanada eTA: eine Alternative zum Visum<\/h2>\n\n<p>Die <a href=\"https:\/\/ave-eta-canada.com\/de\/\">Electronic Travel Authorization<\/a> <a href=\"https:\/\/ave-eta-canada.com\/de\/was-ist-eta-kanada\/\">eTA<\/a> trat 2016 in Kraft. Die Funktionsweise ist \u00e4hnlich wie beim ESTA f\u00fcr die USA, das hei\u00dft, es wird nur online eingeholt und erlaubt Ihnen, ohne Visum einzureisen.<\/p>\n\n<h3 class=\"wp-block-heading\">Was sind die Unterschiede zwischen dem Kanada-Visum und der eTA?<\/h3>\n\n<p>Die eTA soll das Kanada-Visum nicht ersetzen, diese beiden Reisedokumente sind nicht f\u00fcr die gleichen Personen bestimmt und werden unter unterschiedlichen Aufenthaltsbedingungen ausgestellt. Konkret gilt die AVE nur bei einem Kurzaufenthalt auf kanadischem Boden. Somit betr\u00e4gt die <a href=\"https:\/\/ave-eta-canada.com\/de\/eta-oder-esta-welche-reisegenehmigung-waehlen-sie-fuer-ihren-aufenthalt\/\">maximale Dauer einer Reise nach Kanada<\/a> mit einer eTA 6 Monate. Wenn der Aufenthalt einen weiteren Tag \u00fcberschreitet, ist die Visumsbeantragung bei der kanadischen Botschaft zwingend erforderlich.<\/p>\n\n<p>Neben der Reisedauer ist der Grund des Aufenthalts wichtig, um zu entscheiden, ob Sie mit einem eTA- oder einem Kanada-Visum reisen sollten. Das IRCC (Immigration, Refugees and Citizenship Canada), die f\u00fcr die Ausstellung von eTAs zust\u00e4ndige kanadische Beh\u00f6rde, hat sehr spezifische F\u00e4lle f\u00fcr die Erlangung dieser Reisegenehmigung definiert. Somit gilt die eTA nur in folgenden F\u00e4llen:<\/p>\n\n<ul class=\"wp-block-list\"><li>touristische Reise;<\/li><li>Gesch\u00e4ftsreise (Teilnahme an einer Konferenz, Besuch bei einem Kunden, Vertragsunterzeichnung usw.). Wenn Sie in Kanada studieren, arbeiten oder sogar ein Praktikum absolvieren m\u00f6chten, ben\u00f6tigen Sie ein Visum.<\/li><li>Durchreise in ein anderes Land.<\/li><\/ul>\n\n<p>Die Art der Einreise nach Kanada ist ebenfalls sehr wichtig. Die eTA berechtigt nur zu Flugreisen nach Kanada. Bei Einreise auf dem Land- oder Seeweg wird nur das Visum genehmigt.<\/p>\n\n<p>Schlie\u00dflich bestimmt auch die Staatsangeh\u00f6rigkeit des Staatsangeh\u00f6rigen die Wahl der Reisegenehmigung. Alle Ausl\u00e4nder aus einem visumfreien Land k\u00f6nnen eine befristete Aufenthaltserlaubnis erhalten. Von dieser Kanada-Visumbefreiung sind alle EU-B\u00fcrger sowie Australien, Neuseeland oder Japan betroffen. Wenn Sie kein Staatsangeh\u00f6riger eines von der Visumpflicht befreiten Landes sind, m\u00fcssen Sie bei der kanadischen Botschaft ein kanadisches TRV-Visum (Temporary Resident Visa) beantragen.<\/p>\n\n<h3 class=\"wp-block-heading\">Der Antrag auf eine eTA<\/h3>\n\n<p>Wenn Sie sicher sind, die oben genannten Teilnahmebedingungen zu erf\u00fcllen, k\u00f6nnen Sie mit dem n\u00e4chsten Schritt fortfahren: dem Ausf\u00fcllen des Online-Formulars.<\/p>\n\n<p>Der Zweck dieses Formulars besteht darin, zu \u00fcberpr\u00fcfen, ob Sie keine Gefahr f\u00fcr die innere Sicherheit des Landes darstellen und nicht nach Kanada einwandern m\u00f6chten.<\/p>\n\n<p>Die eTA-Bewerbung erfolgt ausschlie\u00dflich online. Sie k\u00f6nnen auf das Formular auf der offiziellen Website der kanadischen Bundesregierung oder \u00fcber unsere Partnerseite zugreifen. Wenn Sie sich f\u00fcr diese zweite Option entscheiden, profitieren Sie von personalisierter Unterst\u00fctzung, die Sie bei diesem Prozess unterst\u00fctzt.<\/p>\n\n<p>Der Antrag auf eTA zahlt sich systematisch aus, sein Preis ist jedoch viel niedriger als der des Visums.<\/p>\n\n<h2 class=\"wp-block-heading\">Arbeiten in Kanada: ohne Arbeitserlaubnis unm\u00f6glich<\/h2>\n\n<p>Wenn Sie vorhaben, vor\u00fcbergehend in Kanada zu arbeiten, m\u00fcssen Sie eine Arbeitserlaubnis beantragen.<\/p>\n\n<p>Seien Sie vorsichtig, wenn Sie planen, ein Praktikum in Kanada zu absolvieren, wissen Sie, dass Sie auch eine Arbeitserlaubnis beantragen m\u00fcssen. Tats\u00e4chlich unterscheidet die kanadische Regierung nicht zwischen traditionellen Jobs und Praktika. Letztere gelten unabh\u00e4ngig von der Dauer des Praktikums und der Verg\u00fctung als eigenst\u00e4ndige T\u00e4tigkeiten.<\/p>\n\n<p><a href=\"https:\/\/ave-eta-canada.com\/de\/whp-kanada-kommentar-obtenir-sohn-permis-vakanzen-muehe\/\">Die Beantragung einer Arbeitserlaubnis<\/a> kann \u00fcber ein Papierformular oder einfach online erfolgen. Wenn Sie sich f\u00fcr die zweite Option entscheiden, m\u00fcssen Sie lediglich die offizielle Website der kanadischen Regierung aufrufen und die folgenden Informationen angeben:<\/p>\n\n<ul class=\"wp-block-list\"><li>Angaben zum Personenstand;<\/li><li>ein Stellenangebot Ihres Arbeitgebers;<\/li><li>Nachweise \u00fcber Ihre F\u00e4higkeiten sind ausreichend, um die Anforderungen der Stelle zu erf\u00fcllen (Diplom, Zeugnis Ihres ehemaligen Arbeitgebers usw.).<\/li><\/ul>\n\n<p>Au\u00dferdem werden Sie aufgefordert, Ihre biometrischen Daten (Fingerabdr\u00fccke und Lichtbildausweis) anzugeben. Um diese Formalit\u00e4ten zu erledigen, bringen Sie Ihre Kreditkarte mit. Sie m\u00fcssen einige Bearbeitungsgeb\u00fchren zahlen.<\/p>\n\n<p>Beachten Sie, dass Sie auch ein tempor\u00e4res Aufenthaltsvisum beantragen m\u00fcssen, wenn Sie nicht aus einem von der Visumpflicht befreiten Land stammen.<\/p>\n\n<h2 class=\"wp-block-heading\"><br\/>Visum Kanada: das PVT<\/h2>\n\n<p>Das Working Holiday Permit (WHV) Canada, auch Working Holiday Visum genannt, wurde im Rahmen des Programms International Experience Canada (IEC) eingerichtet. Sein Ziel ist es, den Austausch junger Menschen zwischen Kanada und 32 Partnerl\u00e4ndern (die Franzosen kommen f\u00fcr dieses Programm in Frage) zu f\u00f6rdern.<\/p>\n\n<p>Das PVT Canada ist eine Arbeitserlaubnis, mit der Sie sich maximal 24 Monate in Kanada aufhalten k\u00f6nnen. Sein Hauptvorteil ist die Freiheit und Flexibilit\u00e4t, die es bietet. Tats\u00e4chlich erfordert es nicht, vor der Abreise einen Arbeitgeber zu finden, und berechtigt, das Unternehmen w\u00e4hrend seiner gesamten G\u00fcltigkeitsdauer und auf dem gesamten Gebiet (Toronto, Ottawa, Vancouver, Quebec\u2026) so oft wie gew\u00fcnscht zu wechseln. Dar\u00fcber hinaus k\u00f6nnen Sie, wie der Name schon sagt, auch zu touristischen Zwecken bleiben: Sie k\u00f6nnen arbeiten und Kanada besuchen, wie Sie es f\u00fcr richtig halten.<\/p>\n\n<p>Wie jede Reisegenehmigung unterliegt auch die PVT einigen Voraussetzungen. Hier sind die wichtigsten Punkte, die zu beachten sind, um f\u00fcr das PVT Canada zugelassen zu werden:<\/p>\n\n<ul class=\"wp-block-list\"><li>einen g\u00fcltigen Reisepass haben (biometrischer oder elektronischer Reisepass);<\/li><li>zwischen 18 und 35 Jahre alt sein;<\/li><li>\u00fcber mindestens 2.500 CA$ zur Deckung der Anschaffungskosten verf\u00fcgen;<\/li><li>Reiseversicherung abschlie\u00dfen;<\/li><li>im Besitz eines R\u00fcckflugtickets sein oder nachweisen, dass Sie \u00fcber ausreichende finanzielle Mittel verf\u00fcgen, um am Ende des Aufenthalts ein R\u00fcckflugticket zu kaufen;<\/li><li>in Kanada zul\u00e4ssig sein, d. h. kein Risiko f\u00fcr Kanadas innere (oder gesundheitliche) Sicherheit darstellen.<\/li><\/ul>\n\n<p>Wie bei der eTA erfolgt die Online-Anfrage f\u00fcr eine PVT Canada auf der Website der kanadischen Regierung \u00fcber den Immigration Canada Service.<\/p>\n\n<p>Bitte beachten Sie, dass die <a href=\"https:\/\/www.canada.ca\/\">kanadische Regierung<\/a> aufgrund der wachsenden Popularit\u00e4t des PVT ein Quotensystem f\u00fcr jedes Land eingerichtet hat. Somit wird Ihr Antrag auf Zulassung zur PVT ausgelost. Das Erhalten des PVT h\u00e4ngt daher haupts\u00e4chlich vom Gl\u00fccksfaktor ab.<\/p>\n\n<p>Denken Sie daran, dass die verschiedenen oben genannten Reisedokumente keinesfalls Einwanderungsdokumente sind. Wenn Sie einwandern und langfristig in Kanada leben m\u00f6chten, m\u00fcssen Sie <a href=\"https:\/\/ave-eta-canada.com\/de\/visa-oder-eta-kanada\/\">eine Permanent Resident Card beantragen<\/a> , die viel schwieriger zu bekommen ist.<\/p>\n","protected":false},"excerpt":{"rendered":"<p>Ist f\u00fcr die Einreise nach Kanada ein Visum erforderlich? Ob es sich um einen Aufenthalt in Kanada aus touristischen, beruflichen Gr\u00fcnden oder sogar zur Durchreise handelt, die kanadische Regierung verh\u00e4ngt systematisch eine Reisegenehmigung f\u00fcr die Einreise in das Staatsgebiet. Bei einem Aufenthalt von weniger als 6 Monaten in Kanada : Sie k\u00f6nnen die Formalit\u00e4ten f\u00fcr [&hellip;]<\/p>\n","protected":false},"author":1,"featured_media":0,"parent":0,"menu_order":0,"comment_status":"closed","ping_status":"closed","template":"","meta":{"footnotes":""},"class_list":["post-951","page","type-page","status-publish","hentry"],"yoast_head":"<!-- This site is optimized with the Yoast SEO plugin v26.9 - https:\/\/yoast.com\/product\/yoast-seo-wordpress\/ -->\n<title>Ist ein Visum f\u00fcr die Einreise nach Kanada zwingend erforderlich?<\/title>\n<meta name=\"description\" content=\"Manchmal ist es m\u00f6glich, von der Visumpflicht befreit zu werden, um nach Kanada zu reisen. Erfahren Sie in diesem Artikel, wie Sie ohne Visum im Ahornland bleiben k\u00f6nnen.\" \/>\n<meta name=\"robots\" content=\"index, follow, max-snippet:-1, max-image-preview:large, max-video-preview:-1\" \/>\n<link rel=\"canonical\" href=\"https:\/\/ave-eta-canada.com\/de\/ist-ein-visum-fuer-eine-reise-nach-kanada-unerlaesslich\/\" \/>\n<meta property=\"og:locale\" content=\"de_DE\" \/>\n<meta property=\"og:type\" content=\"article\" \/>\n<meta property=\"og:title\" content=\"Ist ein Visum f\u00fcr die Einreise nach Kanada zwingend erforderlich?\" \/>\n<meta property=\"og:description\" content=\"Manchmal ist es m\u00f6glich, von der Visumpflicht befreit zu werden, um nach Kanada zu reisen. Erfahren Sie in diesem Artikel, wie Sie ohne Visum im Ahornland bleiben k\u00f6nnen.\" \/>\n<meta property=\"og:url\" content=\"https:\/\/ave-eta-canada.com\/de\/ist-ein-visum-fuer-eine-reise-nach-kanada-unerlaesslich\/\" \/>\n<meta property=\"og:site_name\" content=\"KANADA VISUM\" \/>\n<meta property=\"article:modified_time\" content=\"2022-05-16T13:00:17+00:00\" \/>\n<meta name=\"twitter:card\" content=\"summary_large_image\" \/>\n<meta name=\"twitter:label1\" content=\"Gesch\u00e4tzte Lesezeit\" \/>\n\t<meta name=\"twitter:data1\" content=\"6\u00a0Minuten\" \/>\n<script type=\"application\/ld+json\" class=\"yoast-schema-graph\">{\"@context\":\"https:\/\/schema.org\",\"@graph\":[{\"@type\":\"WebPage\",\"@id\":\"https:\/\/ave-eta-canada.com\/de\/ist-ein-visum-fuer-eine-reise-nach-kanada-unerlaesslich\/\",\"url\":\"https:\/\/ave-eta-canada.com\/de\/ist-ein-visum-fuer-eine-reise-nach-kanada-unerlaesslich\/\",\"name\":\"Ist ein Visum f\u00fcr die Einreise nach Kanada zwingend erforderlich?\",\"isPartOf\":{\"@id\":\"https:\/\/ave-eta-canada.com\/de\/#website\"},\"datePublished\":\"2020-04-25T16:25:23+00:00\",\"dateModified\":\"2022-05-16T13:00:17+00:00\",\"description\":\"Manchmal ist es m\u00f6glich, von der Visumpflicht befreit zu werden, um nach Kanada zu reisen. Erfahren Sie in diesem Artikel, wie Sie ohne Visum im Ahornland bleiben k\u00f6nnen.\",\"breadcrumb\":{\"@id\":\"https:\/\/ave-eta-canada.com\/de\/ist-ein-visum-fuer-eine-reise-nach-kanada-unerlaesslich\/#breadcrumb\"},\"inLanguage\":\"de\",\"potentialAction\":[{\"@type\":\"ReadAction\",\"target\":[\"https:\/\/ave-eta-canada.com\/de\/ist-ein-visum-fuer-eine-reise-nach-kanada-unerlaesslich\/\"]}]},{\"@type\":\"BreadcrumbList\",\"@id\":\"https:\/\/ave-eta-canada.com\/de\/ist-ein-visum-fuer-eine-reise-nach-kanada-unerlaesslich\/#breadcrumb\",\"itemListElement\":[{\"@type\":\"ListItem\",\"position\":1,\"name\":\"Home\",\"item\":\"https:\/\/ave-eta-canada.com\/de\/\"},{\"@type\":\"ListItem\",\"position\":2,\"name\":\"Ist ein Visum f\u00fcr die Einreise nach Kanada zwingend erforderlich?\"}]},{\"@type\":\"WebSite\",\"@id\":\"https:\/\/ave-eta-canada.com\/de\/#website\",\"url\":\"https:\/\/ave-eta-canada.com\/de\/\",\"name\":\"KANADA VISUM\",\"description\":\"Autorisation Voyage Electronique\",\"potentialAction\":[{\"@type\":\"SearchAction\",\"target\":{\"@type\":\"EntryPoint\",\"urlTemplate\":\"https:\/\/ave-eta-canada.com\/de\/?s={search_term_string}\"},\"query-input\":{\"@type\":\"PropertyValueSpecification\",\"valueRequired\":true,\"valueName\":\"search_term_string\"}}],\"inLanguage\":\"de\"}]}<\/script>\n<!-- \/ Yoast SEO plugin. -->","yoast_head_json":{"title":"Ist ein Visum f\u00fcr die Einreise nach Kanada zwingend erforderlich?","description":"Manchmal ist es m\u00f6glich, von der Visumpflicht befreit zu werden, um nach Kanada zu reisen. Erfahren Sie in diesem Artikel, wie Sie ohne Visum im Ahornland bleiben k\u00f6nnen.","robots":{"index":"index","follow":"follow","max-snippet":"max-snippet:-1","max-image-preview":"max-image-preview:large","max-video-preview":"max-video-preview:-1"},"canonical":"https:\/\/ave-eta-canada.com\/de\/ist-ein-visum-fuer-eine-reise-nach-kanada-unerlaesslich\/","og_locale":"de_DE","og_type":"article","og_title":"Ist ein Visum f\u00fcr die Einreise nach Kanada zwingend erforderlich?","og_description":"Manchmal ist es m\u00f6glich, von der Visumpflicht befreit zu werden, um nach Kanada zu reisen. Erfahren Sie in diesem Artikel, wie Sie ohne Visum im Ahornland bleiben k\u00f6nnen.","og_url":"https:\/\/ave-eta-canada.com\/de\/ist-ein-visum-fuer-eine-reise-nach-kanada-unerlaesslich\/","og_site_name":"KANADA VISUM","article_modified_time":"2022-05-16T13:00:17+00:00","twitter_card":"summary_large_image","twitter_misc":{"Gesch\u00e4tzte Lesezeit":"6\u00a0Minuten"},"schema":{"@context":"https:\/\/schema.org","@graph":[{"@type":"WebPage","@id":"https:\/\/ave-eta-canada.com\/de\/ist-ein-visum-fuer-eine-reise-nach-kanada-unerlaesslich\/","url":"https:\/\/ave-eta-canada.com\/de\/ist-ein-visum-fuer-eine-reise-nach-kanada-unerlaesslich\/","name":"Ist ein Visum f\u00fcr die Einreise nach Kanada zwingend erforderlich?","isPartOf":{"@id":"https:\/\/ave-eta-canada.com\/de\/#website"},"datePublished":"2020-04-25T16:25:23+00:00","dateModified":"2022-05-16T13:00:17+00:00","description":"Manchmal ist es m\u00f6glich, von der Visumpflicht befreit zu werden, um nach Kanada zu reisen. Erfahren Sie in diesem Artikel, wie Sie ohne Visum im Ahornland bleiben k\u00f6nnen.","breadcrumb":{"@id":"https:\/\/ave-eta-canada.com\/de\/ist-ein-visum-fuer-eine-reise-nach-kanada-unerlaesslich\/#breadcrumb"},"inLanguage":"de","potentialAction":[{"@type":"ReadAction","target":["https:\/\/ave-eta-canada.com\/de\/ist-ein-visum-fuer-eine-reise-nach-kanada-unerlaesslich\/"]}]},{"@type":"BreadcrumbList","@id":"https:\/\/ave-eta-canada.com\/de\/ist-ein-visum-fuer-eine-reise-nach-kanada-unerlaesslich\/#breadcrumb","itemListElement":[{"@type":"ListItem","position":1,"name":"Home","item":"https:\/\/ave-eta-canada.com\/de\/"},{"@type":"ListItem","position":2,"name":"Ist ein Visum f\u00fcr die Einreise nach Kanada zwingend erforderlich?"}]},{"@type":"WebSite","@id":"https:\/\/ave-eta-canada.com\/de\/#website","url":"https:\/\/ave-eta-canada.com\/de\/","name":"KANADA VISUM","description":"Autorisation Voyage Electronique","potentialAction":[{"@type":"SearchAction","target":{"@type":"EntryPoint","urlTemplate":"https:\/\/ave-eta-canada.com\/de\/?s={search_term_string}"},"query-input":{"@type":"PropertyValueSpecification","valueRequired":true,"valueName":"search_term_string"}}],"inLanguage":"de"}]}},"_links":{"self":[{"href":"https:\/\/ave-eta-canada.com\/de\/wp-json\/wp\/v2\/pages\/951","targetHints":{"allow":["GET"]}}],"collection":[{"href":"https:\/\/ave-eta-canada.com\/de\/wp-json\/wp\/v2\/pages"}],"about":[{"href":"https:\/\/ave-eta-canada.com\/de\/wp-json\/wp\/v2\/types\/page"}],"author":[{"embeddable":true,"href":"https:\/\/ave-eta-canada.com\/de\/wp-json\/wp\/v2\/users\/1"}],"replies":[{"embeddable":true,"href":"https:\/\/ave-eta-canada.com\/de\/wp-json\/wp\/v2\/comments?post=951"}],"version-history":[{"count":0,"href":"https:\/\/ave-eta-canada.com\/de\/wp-json\/wp\/v2\/pages\/951\/revisions"}],"wp:attachment":[{"href":"https:\/\/ave-eta-canada.com\/de\/wp-json\/wp\/v2\/media?parent=951"}],"curies":[{"name":"wp","href":"https:\/\/api.w.org\/{rel}","templated":true}]}}