{"id":953,"date":"2020-04-25T16:32:36","date_gmt":"2020-04-25T16:32:36","guid":{"rendered":"https:\/\/ave-eta-canada.com\/visa-oder-eta-kanada\/"},"modified":"2022-05-16T13:02:44","modified_gmt":"2022-05-16T13:02:44","slug":"visa-oder-eta-kanada","status":"publish","type":"page","link":"https:\/\/ave-eta-canada.com\/de\/visa-oder-eta-kanada\/","title":{"rendered":"Visum oder eTA Kanada?"},"content":{"rendered":"\n<h1 class=\"wp-block-heading\">Sollte ich ein Kanada-Visum oder eine eTA beantragen?<\/h1>\n\n<p>M\u00fcssen Sie ein Visum oder eine eTA Canada beantragen, wenn Sie nach Kanada reisen m\u00f6chten? Die Entscheidung f\u00fcr die richtige Reisegenehmigung ist ein wichtiger Schritt bei der Vorbereitung Ihrer Reise nach Kanada, da sie bestimmt, ob Sie kanadisches Hoheitsgebiet betreten d\u00fcrfen oder nicht.<\/p>\n\n<p><strong>Bei einem Aufenthalt von weniger als 6 Monaten in Kanada<\/strong> : Sie k\u00f6nnen die Formalit\u00e4ten f\u00fcr die Einreise nach Kanada direkt \u00fcber das Internet erledigen, indem Sie auf das <a href=\"https:\/\/ave-eta-canada.com\/de\/ave-kanada-online-formular\/\">Online-Formular<\/a> klicken. Es ist nicht erforderlich, einen Termin bei der kanadischen Botschaft oder dem kanadischen Konsulat zu vereinbaren.<\/p>\n\n<p>Zwischen dem Erwerb eines g\u00fcltigen Reisepasses, der Bestellung der Reiseversicherung, der Unterkunft und dem Transport sind vor der Abreise viele Beh\u00f6rdeng\u00e4nge zu erledigen. In diesem Artikel unterscheiden wir die Bedingungen f\u00fcr die Beantragung eines kanadischen Visums und der kanadischen eTA, um festzustellen, welches Dokument f\u00fcr Ihren Aufenthalt am besten geeignet ist.<br\/><\/p>\n\n<h2 class=\"wp-block-heading\">eTA-Antrag oder Visumantrag?<\/h2>\n\n<p>Bevor Sie <a href=\"https:\/\/ave-eta-canada.com\/de\/ist-ein-visum-fuer-eine-reise-nach-kanada-unerlaesslich\/\">ein Kanada-Visum oder eine eTA beantragen<\/a> , informieren Sie sich am besten \u00fcber das Thema.<\/p>\n\n<h3 class=\"wp-block-heading\">Vorstellung des eTA<\/h3>\n\n<p>Die Canada eTA ist eine elektronische Reisegenehmigung, die berechtigte Personen erhalten k\u00f6nnen, die einen touristischen, gesch\u00e4ftlichen Aufenthalt (ohne Verg\u00fctung) oder einen Transit in Kanada f\u00fcr einen Zeitraum von maximal sechs Monaten unternehmen m\u00f6chten. Die Kanada eTA ist nur f\u00fcr Flugreisen erforderlich und hat eine <a href=\"https:\/\/ave-eta-canada.com\/de\/eta-canada-gueltigkeitsdauer\/\">maximale G\u00fcltigkeitsdauer<\/a> von 5 Jahren.<\/p>\n\n<p>Die <a href=\"https:\/\/ave-eta-canada.com\/de\/\">kanadische eTA<\/a> ist ein Dokument, das nur online verf\u00fcgbar ist. Um einen Antrag zu stellen, m\u00fcssen Sie das Formular entweder auf der Website der Regierung oder \u00fcber ein privates Unternehmen ausf\u00fcllen, das die Verwaltungsverfahren f\u00fcr Sie erledigt und alle eingegebenen Daten \u00fcberpr\u00fcft, um das Risiko einer Ablehnung Ihres Antrags zu verringern . Die eTA-Genehmigung ist direkt mit Ihrem Reisepass verkn\u00fcpft, d. h. im Falle eines neuen Reisepasses m\u00fcssen Sie einen neuen Antrag f\u00fcr eine eTA Kanada stellen.<\/p>\n\n<h3 class=\"wp-block-heading\">Vorlage des Kanada-Visums<\/h3>\n\n<p>Personen, die in Kanada studieren, arbeiten oder ein Praktikum absolvieren m\u00f6chten, m\u00fcssen ein kanadisches Visum beantragen. Der Visumantrag wird bei der kanadischen Botschaft gestellt und h\u00e4ngt von der Art des Aufenthalts ab:<\/p>\n\n<ul class=\"wp-block-list\"><li>Besuchervisum (oder Touristenvisum);<\/li><li>Studenten-Visum;<\/li><li>Arbeitserlaubnis;<\/li><li>befristete Aufenthaltserlaubnis;<\/li><li><a href=\"https:\/\/ave-eta-canada.com\/de\/whp-kanada-kommentar-obtenir-sohn-permis-vakanzen-muehe\/\">Working Holiday Permit oder PVT<\/a><\/li><\/ul>\n\n<p>Dank eines Visums ist es daher m\u00f6glich, in Kanada zu arbeiten oder dort zu studieren. Allerdings sind diese Arten von Visa nicht einfach zu bekommen und ihre Beantragung muss gut vorbereitet sein (Arbeitsangebot in Kanada, Schulanmeldung und Zulassungsbescheid etc.).<\/p>\n\n<p>Ein Besuchervisum ersetzt die eTA f\u00fcr Staatsangeh\u00f6rige von L\u00e4ndern, die nicht dazu berechtigt sind. aber auch f\u00fcr bestimmte B\u00fcrger, die auf dem Land- oder Seeweg nach Kanada reisen m\u00f6chten. Beachten Sie, dass Sie, wenn Sie auf dem Landweg nach Kanada reisen m\u00f6chten, kein Besuchervisum beantragen oder eine eTA beantragen m\u00fcssen, wenn Sie B\u00fcrger eines Landes der Europ\u00e4ischen Union sind.<\/p>\n\n<p>Es gibt auch ein Daueraufenthaltsvisum, aber es ist schwierig zu bekommen, weil die kanadische Regierung nur Profile filtert und akzeptiert, die sie f\u00fcr interessant h\u00e4lt.<br\/><br\/><\/p>\n\n<h2 class=\"wp-block-heading\">Bezahlen eines eTA- oder Visumantrags f\u00fcr Kanada<\/h2>\n\n<p>Die Beantragung eines Kanada-Visums oder einer eTA ist nicht kostenlos. <a href=\"https:\/\/ave-eta-canada.com\/de\/eta-kanada-sein-preis\/\">Der Preis f\u00fcr eine eTA Kanada<\/a> ist auf 7 $ CAN festgelegt, ein Visum kostet zwischen 100 bis 150 $ CAN.<\/p>\n\n<p>Sie haben jetzt alle Karten in der Hand, um zu wissen, ob Sie ein Visum oder eine eTA Kanada beantragen sollten. Glauben Sie also, Sie brauchen ein kanadisches Visum oder eine eTA? Sind Sie bereit, das Land der Karibus und des Ahornsirups zu besuchen?<\/p>\n","protected":false},"excerpt":{"rendered":"<p>Sollte ich ein Kanada-Visum oder eine eTA beantragen? M\u00fcssen Sie ein Visum oder eine eTA Canada beantragen, wenn Sie nach Kanada reisen m\u00f6chten? Die Entscheidung f\u00fcr die richtige Reisegenehmigung ist ein wichtiger Schritt bei der Vorbereitung Ihrer Reise nach Kanada, da sie bestimmt, ob Sie kanadisches Hoheitsgebiet betreten d\u00fcrfen oder nicht. Bei einem Aufenthalt von [&hellip;]<\/p>\n","protected":false},"author":1,"featured_media":0,"parent":0,"menu_order":0,"comment_status":"closed","ping_status":"closed","template":"","meta":{"footnotes":""},"class_list":["post-953","page","type-page","status-publish","hentry"],"yoast_head":"<!-- This site is optimized with the Yoast SEO plugin v26.9 - https:\/\/yoast.com\/product\/yoast-seo-wordpress\/ -->\n<title>Visum oder eTA Kanada?<\/title>\n<meta name=\"description\" content=\"Wenn Sie planen, bald nach Kanada zu reisen, ben\u00f6tigen Sie eine Genehmigung f\u00fcr die Einreise in das Hoheitsgebiet. Also Visum oder eTA Kanada?\" \/>\n<meta name=\"robots\" content=\"index, follow, max-snippet:-1, max-image-preview:large, max-video-preview:-1\" \/>\n<link rel=\"canonical\" href=\"https:\/\/ave-eta-canada.com\/de\/visa-oder-eta-kanada\/\" \/>\n<meta property=\"og:locale\" content=\"de_DE\" \/>\n<meta property=\"og:type\" content=\"article\" \/>\n<meta property=\"og:title\" content=\"Visum oder eTA Kanada?\" \/>\n<meta property=\"og:description\" content=\"Wenn Sie planen, bald nach Kanada zu reisen, ben\u00f6tigen Sie eine Genehmigung f\u00fcr die Einreise in das Hoheitsgebiet. Also Visum oder eTA Kanada?\" \/>\n<meta property=\"og:url\" content=\"https:\/\/ave-eta-canada.com\/de\/visa-oder-eta-kanada\/\" \/>\n<meta property=\"og:site_name\" content=\"KANADA VISUM\" \/>\n<meta property=\"article:modified_time\" content=\"2022-05-16T13:02:44+00:00\" \/>\n<meta name=\"twitter:card\" content=\"summary_large_image\" \/>\n<meta name=\"twitter:label1\" content=\"Gesch\u00e4tzte Lesezeit\" \/>\n\t<meta name=\"twitter:data1\" content=\"3\u00a0Minuten\" \/>\n<script type=\"application\/ld+json\" class=\"yoast-schema-graph\">{\"@context\":\"https:\/\/schema.org\",\"@graph\":[{\"@type\":\"WebPage\",\"@id\":\"https:\/\/ave-eta-canada.com\/de\/visa-oder-eta-kanada\/\",\"url\":\"https:\/\/ave-eta-canada.com\/de\/visa-oder-eta-kanada\/\",\"name\":\"Visum oder eTA Kanada?\",\"isPartOf\":{\"@id\":\"https:\/\/ave-eta-canada.com\/de\/#website\"},\"datePublished\":\"2020-04-25T16:32:36+00:00\",\"dateModified\":\"2022-05-16T13:02:44+00:00\",\"description\":\"Wenn Sie planen, bald nach Kanada zu reisen, ben\u00f6tigen Sie eine Genehmigung f\u00fcr die Einreise in das Hoheitsgebiet. Also Visum oder eTA Kanada?\",\"breadcrumb\":{\"@id\":\"https:\/\/ave-eta-canada.com\/de\/visa-oder-eta-kanada\/#breadcrumb\"},\"inLanguage\":\"de\",\"potentialAction\":[{\"@type\":\"ReadAction\",\"target\":[\"https:\/\/ave-eta-canada.com\/de\/visa-oder-eta-kanada\/\"]}]},{\"@type\":\"BreadcrumbList\",\"@id\":\"https:\/\/ave-eta-canada.com\/de\/visa-oder-eta-kanada\/#breadcrumb\",\"itemListElement\":[{\"@type\":\"ListItem\",\"position\":1,\"name\":\"Home\",\"item\":\"https:\/\/ave-eta-canada.com\/de\/\"},{\"@type\":\"ListItem\",\"position\":2,\"name\":\"Visum oder eTA Kanada?\"}]},{\"@type\":\"WebSite\",\"@id\":\"https:\/\/ave-eta-canada.com\/de\/#website\",\"url\":\"https:\/\/ave-eta-canada.com\/de\/\",\"name\":\"KANADA VISUM\",\"description\":\"Autorisation Voyage Electronique\",\"potentialAction\":[{\"@type\":\"SearchAction\",\"target\":{\"@type\":\"EntryPoint\",\"urlTemplate\":\"https:\/\/ave-eta-canada.com\/de\/?s={search_term_string}\"},\"query-input\":{\"@type\":\"PropertyValueSpecification\",\"valueRequired\":true,\"valueName\":\"search_term_string\"}}],\"inLanguage\":\"de\"}]}<\/script>\n<!-- \/ Yoast SEO plugin. -->","yoast_head_json":{"title":"Visum oder eTA Kanada?","description":"Wenn Sie planen, bald nach Kanada zu reisen, ben\u00f6tigen Sie eine Genehmigung f\u00fcr die Einreise in das Hoheitsgebiet. Also Visum oder eTA Kanada?","robots":{"index":"index","follow":"follow","max-snippet":"max-snippet:-1","max-image-preview":"max-image-preview:large","max-video-preview":"max-video-preview:-1"},"canonical":"https:\/\/ave-eta-canada.com\/de\/visa-oder-eta-kanada\/","og_locale":"de_DE","og_type":"article","og_title":"Visum oder eTA Kanada?","og_description":"Wenn Sie planen, bald nach Kanada zu reisen, ben\u00f6tigen Sie eine Genehmigung f\u00fcr die Einreise in das Hoheitsgebiet. Also Visum oder eTA Kanada?","og_url":"https:\/\/ave-eta-canada.com\/de\/visa-oder-eta-kanada\/","og_site_name":"KANADA VISUM","article_modified_time":"2022-05-16T13:02:44+00:00","twitter_card":"summary_large_image","twitter_misc":{"Gesch\u00e4tzte Lesezeit":"3\u00a0Minuten"},"schema":{"@context":"https:\/\/schema.org","@graph":[{"@type":"WebPage","@id":"https:\/\/ave-eta-canada.com\/de\/visa-oder-eta-kanada\/","url":"https:\/\/ave-eta-canada.com\/de\/visa-oder-eta-kanada\/","name":"Visum oder eTA Kanada?","isPartOf":{"@id":"https:\/\/ave-eta-canada.com\/de\/#website"},"datePublished":"2020-04-25T16:32:36+00:00","dateModified":"2022-05-16T13:02:44+00:00","description":"Wenn Sie planen, bald nach Kanada zu reisen, ben\u00f6tigen Sie eine Genehmigung f\u00fcr die Einreise in das Hoheitsgebiet. Also Visum oder eTA Kanada?","breadcrumb":{"@id":"https:\/\/ave-eta-canada.com\/de\/visa-oder-eta-kanada\/#breadcrumb"},"inLanguage":"de","potentialAction":[{"@type":"ReadAction","target":["https:\/\/ave-eta-canada.com\/de\/visa-oder-eta-kanada\/"]}]},{"@type":"BreadcrumbList","@id":"https:\/\/ave-eta-canada.com\/de\/visa-oder-eta-kanada\/#breadcrumb","itemListElement":[{"@type":"ListItem","position":1,"name":"Home","item":"https:\/\/ave-eta-canada.com\/de\/"},{"@type":"ListItem","position":2,"name":"Visum oder eTA Kanada?"}]},{"@type":"WebSite","@id":"https:\/\/ave-eta-canada.com\/de\/#website","url":"https:\/\/ave-eta-canada.com\/de\/","name":"KANADA VISUM","description":"Autorisation Voyage Electronique","potentialAction":[{"@type":"SearchAction","target":{"@type":"EntryPoint","urlTemplate":"https:\/\/ave-eta-canada.com\/de\/?s={search_term_string}"},"query-input":{"@type":"PropertyValueSpecification","valueRequired":true,"valueName":"search_term_string"}}],"inLanguage":"de"}]}},"_links":{"self":[{"href":"https:\/\/ave-eta-canada.com\/de\/wp-json\/wp\/v2\/pages\/953","targetHints":{"allow":["GET"]}}],"collection":[{"href":"https:\/\/ave-eta-canada.com\/de\/wp-json\/wp\/v2\/pages"}],"about":[{"href":"https:\/\/ave-eta-canada.com\/de\/wp-json\/wp\/v2\/types\/page"}],"author":[{"embeddable":true,"href":"https:\/\/ave-eta-canada.com\/de\/wp-json\/wp\/v2\/users\/1"}],"replies":[{"embeddable":true,"href":"https:\/\/ave-eta-canada.com\/de\/wp-json\/wp\/v2\/comments?post=953"}],"version-history":[{"count":0,"href":"https:\/\/ave-eta-canada.com\/de\/wp-json\/wp\/v2\/pages\/953\/revisions"}],"wp:attachment":[{"href":"https:\/\/ave-eta-canada.com\/de\/wp-json\/wp\/v2\/media?parent=953"}],"curies":[{"name":"wp","href":"https:\/\/api.w.org\/{rel}","templated":true}]}}