{"id":955,"date":"2020-04-26T11:00:21","date_gmt":"2020-04-26T11:00:21","guid":{"rendered":"https:\/\/ave-eta-canada.com\/eta-canada-gueltigkeitsdauer\/"},"modified":"2022-05-16T13:24:59","modified_gmt":"2022-05-16T13:24:59","slug":"eta-canada-gueltigkeitsdauer","status":"publish","type":"page","link":"https:\/\/ave-eta-canada.com\/de\/eta-canada-gueltigkeitsdauer\/","title":{"rendered":"Kanada eTA: G\u00fcltigkeitsdauer"},"content":{"rendered":"\n<h1 class=\"wp-block-heading\">Wie lange ist die Kanada eTA g\u00fcltig?<\/h1>\n\n<p>Ein Besuch in Kanada ist Ihr Traum, Vancouver, Quebec, die Rocky Mountains, die Niagaraf\u00e4lle, Ottawa und Toronto sind nur einen Klick entfernt. Wenn Sie einen touristischen Aufenthalt in Kanada machen m\u00f6chten, m\u00fcssen Sie zuvor eine elektronische Reisegenehmigung besitzen.<\/p>\n\n<p><strong>Bei einem Aufenthalt von weniger als 6 Monaten in Kanada<\/strong> : Sie k\u00f6nnen die Formalit\u00e4ten f\u00fcr die Einreise nach Kanada direkt \u00fcber das Internet erledigen, indem Sie auf das <a href=\"https:\/\/ave-eta-canada.com\/de\/ave-kanada-online-formular\/\">Online-Formular<\/a> klicken. Es ist nicht erforderlich, einen Termin bei der kanadischen Botschaft oder dem kanadischen Konsulat zu vereinbaren.<\/p>\n\n<p>Die <a href=\"https:\/\/ave-eta-canada.com\/de\/\">elektronische Reisegenehmigung,<\/a> die von der kanadischen Regierung im Rahmen eines Visa-Waiver-Programms eingerichtet wurde. Die G\u00fcltigkeitsdauer der Canada eTA ist sehr vorteilhaft und erm\u00f6glicht es ihrem Inhaber, beliebig oft per Flugzeug nach Kanada zu reisen, ohne ein Visum bei der kanadischen Botschaft beantragen zu m\u00fcssen. Viele L\u00e4nder auf der ganzen Welt haben ein Abkommen mit den kanadischen Beh\u00f6rden unterzeichnet, um Millionen von ausl\u00e4ndischen Reisenden die Einreise in dieses Land zu erleichtern.<\/p>\n\n<p>Die eTA-Genehmigung erlaubt keine Ausreise nach Kanada, um dort zu studieren, ein Praktikum zu absolvieren oder zu arbeiten, und gibt Ihnen auch kein Recht auf die kanadische Staatsb\u00fcrgerschaft. Es ist Teil eines touristischen Reise- oder Transitkontexts.<\/p>\n\n<p>Wie lange ist die Kanada eTA g\u00fcltig? Wie lange kann man in Kanada bleiben? Das werden wir in diesem Artikel entdecken.<br\/><br\/><\/p>\n\n<h2 class=\"wp-block-heading\">Wie bekomme ich eTA Kanada? Was ist seine G\u00fcltigkeitsdauer?<\/h2>\n\n<p>Die <a href=\"https:\/\/ave-eta-canada.com\/de\/was-ist-eta-kanada\/\">eTA Canada<\/a>, die englische \u00dcbersetzung der eTA, ist eine elektronische Reisegenehmigung, die es Staatsangeh\u00f6rigen bestimmter L\u00e4nder erm\u00f6glicht, ohne Visum nach Kanada zu reisen. Die kanadische eTA hat eine andere G\u00fcltigkeitsdauer als das Visum und wird nicht bei der kanadischen Botschaft oder dem Generalkonsulat beantragt, sondern auf der offiziellen Website der kanadischen Regierung.<\/p>\n\n<p>Um eTA Canada zu beantragen, m\u00fcssen Sie das <a href=\"https:\/\/ave-eta-canada.com\/de\/fuellen-sie-das-eta-formular-fuer-kanada-aus\/\">eTA-Formular<\/a> ausf\u00fcllen. Letzteres besteht aus verschiedenen Fragen zu Ihrer Person, Ihrem Beruf, Angaben zu Ihrem Pass oder Ihrem Gesundheitszustand (z. B. Fragen zur Tuberkulose). Vergessen Sie nicht, Ihren Reisepass (Sie werden nach der Nummer gefragt) sowie Ihre Bankkarte mitzubringen, um die Zahlung vorzunehmen. Der <a href=\"https:\/\/ave-eta-canada.com\/de\/eta-kanada-sein-preis\/\">Preis f\u00fcr eine eTA betr\u00e4gt 7 CAN$<\/a> (Kanadische Dollar) und ist direkt bei der Beantragung zu zahlen.<\/p>\n\n<p>Die G\u00fcltigkeitsdauer der kanadischen ETA ist direkt mit der Ihres Reisedokuments (biometrischer Reisepass oder elektronischer Reisepass) verbunden: Das bedeutet, dass Sie bei einer Verl\u00e4ngerung eine neue kanadische eTA beantragen m\u00fcssen.<\/p>\n\n<p>Beachten Sie, dass es unabh\u00e4ngige Websites wie die unseres Partners gibt, die anbieten, Ihre Informationen vor dem Absenden des ETA-Formulars zu \u00fcberpr\u00fcfen. Wenn Sie sich f\u00fcr diese L\u00f6sung entscheiden, verringern Sie Ihr Risiko einer Ablehnung (und einer R\u00fcckzahlung f\u00fcr einen neuen Antrag), da ein Team von Fachleuten sicherstellt, dass die eingegebenen Informationen korrekt sind (korrekte Passnummer, keine Fehler oder Tippfehler usw.).<br\/><br\/><\/p>\n\n<h2 class=\"wp-block-heading\">G\u00fcltigkeitsdauer der kanadischen eTA und Aufenthaltsdauer<\/h2>\n\n<p>Die Kanada eTA <a href=\"https:\/\/ave-eta-canada.com\/de\/eta-canada-gueltigkeitsdauer\/\">hat eine ausreichend lange G\u00fcltigkeitsdauer<\/a>, damit Sie das Land in vollen Z\u00fcgen genie\u00dfen k\u00f6nnen. Die Kanada eTA ist nach Erhalt f\u00fcnf Jahre lang g\u00fcltig.<\/p>\n\n<p>W\u00e4hrend dieser Zeit sind mehrere Reisen nach Kanada genehmigt. Die <a href=\"https:\/\/ave-eta-canada.com\/de\/\">eTA-Genehmigung<\/a> erm\u00f6glicht Aufenthalte von einem halben Jahr, wobei die von ETA Canada validierte Aufenthaltsdauer maximal sechs Monate pro Aufenthalt betr\u00e4gt.<\/p>\n\n<p>Bitte beachten Sie, dass der Erhalt einer eTA im Gegensatz zu einem kanadischen Visum (Arbeitserlaubnis, Studienerlaubnis) oder einer PVT nicht das Recht gibt, in Kanada zu arbeiten, zu studieren oder ein Praktikum zu absolvieren. Es gibt Ihnen absolut keinen dauerhaften Aufenthaltsstatus und ist nicht mit einer Aufenthaltskarte zu verwechseln.<\/p>\n\n<p>Es ist ratsam, eine eTA relativ fr\u00fch vor der Ausreise zu beantragen, um sich auf eine m\u00f6gliche Ablehnung vorzubereiten.<\/p>\n\n<p>Z\u00f6gern Sie nicht, unser Team bei Fragen zur G\u00fcltigkeitsdauer der kanadischen eTA zu kontaktieren, um Ihre Reise nach Kanada richtig vorzubereiten. Gute Reise<\/p>\n","protected":false},"excerpt":{"rendered":"<p>Wie lange ist die Kanada eTA g\u00fcltig? Ein Besuch in Kanada ist Ihr Traum, Vancouver, Quebec, die Rocky Mountains, die Niagaraf\u00e4lle, Ottawa und Toronto sind nur einen Klick entfernt. Wenn Sie einen touristischen Aufenthalt in Kanada machen m\u00f6chten, m\u00fcssen Sie zuvor eine elektronische Reisegenehmigung besitzen. Bei einem Aufenthalt von weniger als 6 Monaten in Kanada [&hellip;]<\/p>\n","protected":false},"author":1,"featured_media":0,"parent":0,"menu_order":0,"comment_status":"closed","ping_status":"closed","template":"","meta":{"footnotes":""},"class_list":["post-955","page","type-page","status-publish","hentry"],"yoast_head":"<!-- This site is optimized with the Yoast SEO plugin v26.9 - https:\/\/yoast.com\/product\/yoast-seo-wordpress\/ -->\n<title>Kanada eTA: G\u00fcltigkeitsdauer<\/title>\n<meta name=\"description\" content=\"Die Canada eTA ist eine elektronische Reisegenehmigung, die es ihrem Inhaber erm\u00f6glicht, ohne Visum nach Kanada zu reisen. Was ist seine G\u00fcltigkeitsdauer?\" \/>\n<meta name=\"robots\" content=\"index, follow, max-snippet:-1, max-image-preview:large, max-video-preview:-1\" \/>\n<link rel=\"canonical\" href=\"https:\/\/ave-eta-canada.com\/de\/eta-canada-gueltigkeitsdauer\/\" \/>\n<meta property=\"og:locale\" content=\"de_DE\" \/>\n<meta property=\"og:type\" content=\"article\" \/>\n<meta property=\"og:title\" content=\"Kanada eTA: G\u00fcltigkeitsdauer\" \/>\n<meta property=\"og:description\" content=\"Die Canada eTA ist eine elektronische Reisegenehmigung, die es ihrem Inhaber erm\u00f6glicht, ohne Visum nach Kanada zu reisen. Was ist seine G\u00fcltigkeitsdauer?\" \/>\n<meta property=\"og:url\" content=\"https:\/\/ave-eta-canada.com\/de\/eta-canada-gueltigkeitsdauer\/\" \/>\n<meta property=\"og:site_name\" content=\"KANADA VISUM\" \/>\n<meta property=\"article:modified_time\" content=\"2022-05-16T13:24:59+00:00\" \/>\n<meta name=\"twitter:card\" content=\"summary_large_image\" \/>\n<meta name=\"twitter:label1\" content=\"Gesch\u00e4tzte Lesezeit\" \/>\n\t<meta name=\"twitter:data1\" content=\"3\u00a0Minuten\" \/>\n<script type=\"application\/ld+json\" class=\"yoast-schema-graph\">{\"@context\":\"https:\/\/schema.org\",\"@graph\":[{\"@type\":\"WebPage\",\"@id\":\"https:\/\/ave-eta-canada.com\/de\/eta-canada-gueltigkeitsdauer\/\",\"url\":\"https:\/\/ave-eta-canada.com\/de\/eta-canada-gueltigkeitsdauer\/\",\"name\":\"Kanada eTA: G\u00fcltigkeitsdauer\",\"isPartOf\":{\"@id\":\"https:\/\/ave-eta-canada.com\/de\/#website\"},\"datePublished\":\"2020-04-26T11:00:21+00:00\",\"dateModified\":\"2022-05-16T13:24:59+00:00\",\"description\":\"Die Canada eTA ist eine elektronische Reisegenehmigung, die es ihrem Inhaber erm\u00f6glicht, ohne Visum nach Kanada zu reisen. Was ist seine G\u00fcltigkeitsdauer?\",\"breadcrumb\":{\"@id\":\"https:\/\/ave-eta-canada.com\/de\/eta-canada-gueltigkeitsdauer\/#breadcrumb\"},\"inLanguage\":\"de\",\"potentialAction\":[{\"@type\":\"ReadAction\",\"target\":[\"https:\/\/ave-eta-canada.com\/de\/eta-canada-gueltigkeitsdauer\/\"]}]},{\"@type\":\"BreadcrumbList\",\"@id\":\"https:\/\/ave-eta-canada.com\/de\/eta-canada-gueltigkeitsdauer\/#breadcrumb\",\"itemListElement\":[{\"@type\":\"ListItem\",\"position\":1,\"name\":\"Home\",\"item\":\"https:\/\/ave-eta-canada.com\/de\/\"},{\"@type\":\"ListItem\",\"position\":2,\"name\":\"Kanada eTA: G\u00fcltigkeitsdauer\"}]},{\"@type\":\"WebSite\",\"@id\":\"https:\/\/ave-eta-canada.com\/de\/#website\",\"url\":\"https:\/\/ave-eta-canada.com\/de\/\",\"name\":\"KANADA VISUM\",\"description\":\"Autorisation Voyage Electronique\",\"potentialAction\":[{\"@type\":\"SearchAction\",\"target\":{\"@type\":\"EntryPoint\",\"urlTemplate\":\"https:\/\/ave-eta-canada.com\/de\/?s={search_term_string}\"},\"query-input\":{\"@type\":\"PropertyValueSpecification\",\"valueRequired\":true,\"valueName\":\"search_term_string\"}}],\"inLanguage\":\"de\"}]}<\/script>\n<!-- \/ Yoast SEO plugin. -->","yoast_head_json":{"title":"Kanada eTA: G\u00fcltigkeitsdauer","description":"Die Canada eTA ist eine elektronische Reisegenehmigung, die es ihrem Inhaber erm\u00f6glicht, ohne Visum nach Kanada zu reisen. Was ist seine G\u00fcltigkeitsdauer?","robots":{"index":"index","follow":"follow","max-snippet":"max-snippet:-1","max-image-preview":"max-image-preview:large","max-video-preview":"max-video-preview:-1"},"canonical":"https:\/\/ave-eta-canada.com\/de\/eta-canada-gueltigkeitsdauer\/","og_locale":"de_DE","og_type":"article","og_title":"Kanada eTA: G\u00fcltigkeitsdauer","og_description":"Die Canada eTA ist eine elektronische Reisegenehmigung, die es ihrem Inhaber erm\u00f6glicht, ohne Visum nach Kanada zu reisen. Was ist seine G\u00fcltigkeitsdauer?","og_url":"https:\/\/ave-eta-canada.com\/de\/eta-canada-gueltigkeitsdauer\/","og_site_name":"KANADA VISUM","article_modified_time":"2022-05-16T13:24:59+00:00","twitter_card":"summary_large_image","twitter_misc":{"Gesch\u00e4tzte Lesezeit":"3\u00a0Minuten"},"schema":{"@context":"https:\/\/schema.org","@graph":[{"@type":"WebPage","@id":"https:\/\/ave-eta-canada.com\/de\/eta-canada-gueltigkeitsdauer\/","url":"https:\/\/ave-eta-canada.com\/de\/eta-canada-gueltigkeitsdauer\/","name":"Kanada eTA: G\u00fcltigkeitsdauer","isPartOf":{"@id":"https:\/\/ave-eta-canada.com\/de\/#website"},"datePublished":"2020-04-26T11:00:21+00:00","dateModified":"2022-05-16T13:24:59+00:00","description":"Die Canada eTA ist eine elektronische Reisegenehmigung, die es ihrem Inhaber erm\u00f6glicht, ohne Visum nach Kanada zu reisen. Was ist seine G\u00fcltigkeitsdauer?","breadcrumb":{"@id":"https:\/\/ave-eta-canada.com\/de\/eta-canada-gueltigkeitsdauer\/#breadcrumb"},"inLanguage":"de","potentialAction":[{"@type":"ReadAction","target":["https:\/\/ave-eta-canada.com\/de\/eta-canada-gueltigkeitsdauer\/"]}]},{"@type":"BreadcrumbList","@id":"https:\/\/ave-eta-canada.com\/de\/eta-canada-gueltigkeitsdauer\/#breadcrumb","itemListElement":[{"@type":"ListItem","position":1,"name":"Home","item":"https:\/\/ave-eta-canada.com\/de\/"},{"@type":"ListItem","position":2,"name":"Kanada eTA: G\u00fcltigkeitsdauer"}]},{"@type":"WebSite","@id":"https:\/\/ave-eta-canada.com\/de\/#website","url":"https:\/\/ave-eta-canada.com\/de\/","name":"KANADA VISUM","description":"Autorisation Voyage Electronique","potentialAction":[{"@type":"SearchAction","target":{"@type":"EntryPoint","urlTemplate":"https:\/\/ave-eta-canada.com\/de\/?s={search_term_string}"},"query-input":{"@type":"PropertyValueSpecification","valueRequired":true,"valueName":"search_term_string"}}],"inLanguage":"de"}]}},"_links":{"self":[{"href":"https:\/\/ave-eta-canada.com\/de\/wp-json\/wp\/v2\/pages\/955","targetHints":{"allow":["GET"]}}],"collection":[{"href":"https:\/\/ave-eta-canada.com\/de\/wp-json\/wp\/v2\/pages"}],"about":[{"href":"https:\/\/ave-eta-canada.com\/de\/wp-json\/wp\/v2\/types\/page"}],"author":[{"embeddable":true,"href":"https:\/\/ave-eta-canada.com\/de\/wp-json\/wp\/v2\/users\/1"}],"replies":[{"embeddable":true,"href":"https:\/\/ave-eta-canada.com\/de\/wp-json\/wp\/v2\/comments?post=955"}],"version-history":[{"count":0,"href":"https:\/\/ave-eta-canada.com\/de\/wp-json\/wp\/v2\/pages\/955\/revisions"}],"wp:attachment":[{"href":"https:\/\/ave-eta-canada.com\/de\/wp-json\/wp\/v2\/media?parent=955"}],"curies":[{"name":"wp","href":"https:\/\/api.w.org\/{rel}","templated":true}]}}