{"id":957,"date":"2020-04-26T11:10:55","date_gmt":"2020-04-26T11:10:55","guid":{"rendered":"https:\/\/ave-eta-canada.com\/eta-canada-sein-preis\/"},"modified":"2022-05-10T16:32:21","modified_gmt":"2022-05-10T16:32:21","slug":"eta-kanada-sein-preis","status":"publish","type":"page","link":"https:\/\/ave-eta-canada.com\/de\/eta-kanada-sein-preis\/","title":{"rendered":"Kanada eTA: sein Preis"},"content":{"rendered":"\n<h1 class=\"wp-block-heading\">Wie hoch ist der Preis der kanadischen eTA?<\/h1>\n\n<p>Kanada ist jedes Jahr ein Traumziel f\u00fcr Millionen von Menschen. Perfekt f\u00fcr einen Urlaub mit der Familie, Freunden, Paaren oder sogar alleine, ist es jetzt dank der kanadischen eTA (Electronic Travel Authorization) m\u00f6glich, ganz einfach dorthin zu gelangen. Die elektronische Reisegenehmigung f\u00fcr Kanada erm\u00f6glicht es Ihnen, die vielen Aktivit\u00e4ten des Landes ohne Visumantrag zu genie\u00dfen. <\/p>\n\n<p><strong>Bei einem Aufenthalt von weniger als 6 Monaten in Kanada<\/strong> : Sie k\u00f6nnen die Formalit\u00e4ten f\u00fcr die Einreise nach Kanada direkt \u00fcber das Internet erledigen, indem Sie auf <a href=\"https:\/\/ave-eta-canada.com\/de\/ave-kanada-online-formular\/\">das Online-Formular<\/a> klicken. Es ist nicht erforderlich, einen Termin bei der kanadischen Botschaft oder dem kanadischen Konsulat zu vereinbaren.<\/p>\n\n<br\/>\n\n<h2 class=\"wp-block-heading\">Preisvergleich von Kanada eTA und Visum Kanada<\/h2>\n\n<p>Die eTA oder <a href=\"https:\/\/ave-eta-canada.com\/de\/wann-muss-die-eta-genehmigung-fuer-kanada-beantragt-werden\/\">elektronische Reisegenehmigung<\/a> erm\u00f6glicht es ausl\u00e4ndischen Staatsangeh\u00f6rigen, von der Beantragung eines Visums f\u00fcr die Einreise nach Kanada per Flugzeug oder Transit befreit zu werden, bevor sie zu einem anderen Ziel fliegen. Nur Staatsangeh\u00f6rige der von diesem System betroffenen L\u00e4nder k\u00f6nnen von diesem Laissez-passer profitieren. Der Reisende muss au\u00dferdem im Besitz eines g\u00fcltigen Reisepasses sein und sich maximal 6 Monate in Kanada aufhalten. Vorteil der eTA: Sie ist f\u00fcnf Jahre lang g\u00fcltig, sodass Sie Kanada so oft besuchen k\u00f6nnen, wie Sie m\u00f6chten, und dabei die f\u00fcr jeden Besuch zul\u00e4ssige Zeit einhalten (maximal 6 Monate). Erwarten Sie andererseits nicht, mit einer eTA in Kanada arbeiten, dort leben, ein Praktikum absolvieren oder an einer kanadischen Universit\u00e4t studieren zu k\u00f6nnen. Wenn dies Ihr Ziel ist, m\u00fcssen Sie eine PVT (Working Holiday Permit) oder ein Visum beantragen.<\/p>\n\n<p>Es ist manchmal kompliziert, ein Visum f\u00fcr einen Urlaub in Kanada zu erhalten. Tats\u00e4chlich muss die kanadische Regierung Emissionsquoten einhalten. Daher sind die Voraussetzungen (insbesondere der Nachweis hoher finanzieller Mittel) nur schwer zu erf\u00fcllen. Die Schritte (die Anfrage und die Erstellung der Datei mit den erforderlichen Dokumenten) und die Antwortzeit sind lang und der Preis ist h\u00f6her als bei einer eTA Kanada. Der Preis f\u00fcr ein befristetes Visum f\u00fcr Kanada betr\u00e4gt 100 bis 150 $ CAN, was im Vergleich zum Preis der <a>eTA Kanada<\/a> ein echtes Budget darstellt, besonders wenn Sie mit mehreren Personen reisen! Weitere Informationen zum kanadischen Visum finden Sie auf der Website der kanadischen Botschaft.<\/p>\n\n<p>Wie Sie sicher verstanden haben, um Kanada zu entdecken und Spezialit\u00e4ten wie Poutine oder Shepherd&#8217;s Pie (\u00e4hnlich unserem Shepherd&#8217;s Pie, aber mit Mais) zu probieren, raten wir Ihnen dringend, sich f\u00fcr einen eTA Kanada zu bewerben, da der Preis viel niedriger ist als der von ein Visum. Toronto (die kosmopolitischste Stadt!), Quebec, Ottawa und Vancouver warten auf Sie!<br\/><br\/><\/p>\n\n<h2 class=\"wp-block-heading\">Bestellen Sie eine eTA f\u00fcr Kanada und erfahren Sie deren Preis<\/h2>\n\n<p>Wenn mehrere von Ihnen diese Reise nach Kanada antreten, beachten Sie, dass es noch nicht m\u00f6glich ist, eine Gruppenanfrage zu stellen und den eTA-Kanada-Tarif f\u00fcr mehrere Personen auf einmal zu bezahlen. Antr\u00e4ge werden einzeln und einzeln gestellt, und <a href=\"https:\/\/ave-eta-canada.com\/de\/eta-kanada-sein-preis\/\">eTA-Geb\u00fchren<\/a> m\u00fcssen separat bezahlt werden.<\/p>\n\n<p>Die f\u00fcr die Beantragung erforderlichen Dokumente sind: alle Reisep\u00e4sse, die Sie ben\u00f6tigen (\u00fcberpr\u00fcfen Sie deren G\u00fcltigkeit) und eine Zahlungskarte. Um Ihre eTA online zu beantragen, haben Sie zwei M\u00f6glichkeiten:<\/p>\n\n<ul class=\"wp-block-list\"><li>mit der Anfrage \u00fcber eine private Seite fortfahren, ein Team k\u00fcmmert sich dann um die Ausf\u00fchrung der Bestellung f\u00fcr Sie, um Fehler beim Ausf\u00fcllen des Online-Formulars zu vermeiden;<\/li><li>Fahren Sie mit der Anfrage auf der offiziellen Website der kanadischen Regierung fort. Sie m\u00fcssen jedes Feld des Formulars sorgf\u00e4ltig ausf\u00fcllen und die Fragen ehrlich beantworten. Seien Sie vorsichtig, ein einziger Fehler k\u00f6nnte zu einer sofortigen Ablehnung Ihrer Akte f\u00fchren.<\/li><\/ul>\n\n<p>Nachdem Sie Ihr Formular so sorgf\u00e4ltig wie m\u00f6glich ausgef\u00fcllt haben, werden Sie nach einem Betrag gefragt, um Ihre Anfrage endg\u00fcltig zu validieren.<\/p>\n\n<p>Auf der Website der kanadischen Regierung werden Sie aufgefordert, die Summe von 7 CAN$ (kanadische Dollar) zu zahlen. Wenn Sie die Dienste einer privaten Plattform anfordern, fallen zus\u00e4tzliche Geb\u00fchren an, aber der Preis ist immer noch attraktiv!<\/p>\n\n<p>Eine Antwort wird in der Regel innerhalb weniger Minuten an Ihre E-Mail-Adresse gesendet. Machen Sie sich jedoch keine Sorgen, wenn Sie nicht sofort eine Antwort erhalten, kann es einige Tage dauern.<\/p>\n\n<p>Sobald <a href=\"https:\/\/ave-eta-canada.com\/de\/was-ist-die-frist-fuer-den-erhalt-der-eta-canada\/\">Ihre eTA f\u00fcr Kanada<\/a> validiert wurde, k\u00f6nnen Sie nach Kanada fliegen. Beachten Sie jedoch, dass nur der Zollbeamte vor Ort entscheidet, ob Sie kanadischen Boden betreten d\u00fcrfen oder nicht.<\/p>\n\n<p>Hier ist unser letzter Rat an Reisende, nachdem Sie den Preis des eTA Kanada kennen: Vergessen Sie nicht, vor Ihrer Abreise nach Kanada an eine Reiseversicherung f\u00fcr den Fall eines Problems und an eine Chapka zu denken, wenn Sie im Winter wegfliegen.<\/p>\n\n<p>Auf geht&#8217;s, genie\u00dfen Sie Ihren Aufenthalt in Kanada!<\/p>\n","protected":false},"excerpt":{"rendered":"<p>Wie hoch ist der Preis der kanadischen eTA? Kanada ist jedes Jahr ein Traumziel f\u00fcr Millionen von Menschen. Perfekt f\u00fcr einen Urlaub mit der Familie, Freunden, Paaren oder sogar alleine, ist es jetzt dank der kanadischen eTA (Electronic Travel Authorization) m\u00f6glich, ganz einfach dorthin zu gelangen. Die elektronische Reisegenehmigung f\u00fcr Kanada erm\u00f6glicht es Ihnen, die [&hellip;]<\/p>\n","protected":false},"author":1,"featured_media":0,"parent":0,"menu_order":0,"comment_status":"closed","ping_status":"closed","template":"","meta":{"footnotes":""},"class_list":["post-957","page","type-page","status-publish","hentry"],"yoast_head":"<!-- This site is optimized with the Yoast SEO plugin v26.9 - https:\/\/yoast.com\/product\/yoast-seo-wordpress\/ -->\n<title>Kanada eTA: sein Preis<\/title>\n<meta name=\"description\" content=\"Sie m\u00f6chten eine eTA Kanada beantragen, kennen aber den Preis nicht? Unser Expertenteam verr\u00e4t alles in diesem Artikel!\" \/>\n<meta name=\"robots\" content=\"index, follow, max-snippet:-1, max-image-preview:large, max-video-preview:-1\" \/>\n<link rel=\"canonical\" href=\"https:\/\/ave-eta-canada.com\/de\/eta-kanada-sein-preis\/\" \/>\n<meta property=\"og:locale\" content=\"de_DE\" \/>\n<meta property=\"og:type\" content=\"article\" \/>\n<meta property=\"og:title\" content=\"Kanada eTA: sein Preis\" \/>\n<meta property=\"og:description\" content=\"Sie m\u00f6chten eine eTA Kanada beantragen, kennen aber den Preis nicht? Unser Expertenteam verr\u00e4t alles in diesem Artikel!\" \/>\n<meta property=\"og:url\" content=\"https:\/\/ave-eta-canada.com\/de\/eta-kanada-sein-preis\/\" \/>\n<meta property=\"og:site_name\" content=\"KANADA VISUM\" \/>\n<meta property=\"article:modified_time\" content=\"2022-05-10T16:32:21+00:00\" \/>\n<meta name=\"twitter:card\" content=\"summary_large_image\" \/>\n<meta name=\"twitter:label1\" content=\"Gesch\u00e4tzte Lesezeit\" \/>\n\t<meta name=\"twitter:data1\" content=\"4\u00a0Minuten\" \/>\n<script type=\"application\/ld+json\" class=\"yoast-schema-graph\">{\"@context\":\"https:\/\/schema.org\",\"@graph\":[{\"@type\":\"WebPage\",\"@id\":\"https:\/\/ave-eta-canada.com\/de\/eta-kanada-sein-preis\/\",\"url\":\"https:\/\/ave-eta-canada.com\/de\/eta-kanada-sein-preis\/\",\"name\":\"Kanada eTA: sein Preis\",\"isPartOf\":{\"@id\":\"https:\/\/ave-eta-canada.com\/de\/#website\"},\"datePublished\":\"2020-04-26T11:10:55+00:00\",\"dateModified\":\"2022-05-10T16:32:21+00:00\",\"description\":\"Sie m\u00f6chten eine eTA Kanada beantragen, kennen aber den Preis nicht? Unser Expertenteam verr\u00e4t alles in diesem Artikel!\",\"breadcrumb\":{\"@id\":\"https:\/\/ave-eta-canada.com\/de\/eta-kanada-sein-preis\/#breadcrumb\"},\"inLanguage\":\"de\",\"potentialAction\":[{\"@type\":\"ReadAction\",\"target\":[\"https:\/\/ave-eta-canada.com\/de\/eta-kanada-sein-preis\/\"]}]},{\"@type\":\"BreadcrumbList\",\"@id\":\"https:\/\/ave-eta-canada.com\/de\/eta-kanada-sein-preis\/#breadcrumb\",\"itemListElement\":[{\"@type\":\"ListItem\",\"position\":1,\"name\":\"Home\",\"item\":\"https:\/\/ave-eta-canada.com\/de\/\"},{\"@type\":\"ListItem\",\"position\":2,\"name\":\"Kanada eTA: sein Preis\"}]},{\"@type\":\"WebSite\",\"@id\":\"https:\/\/ave-eta-canada.com\/de\/#website\",\"url\":\"https:\/\/ave-eta-canada.com\/de\/\",\"name\":\"KANADA VISUM\",\"description\":\"Autorisation Voyage Electronique\",\"potentialAction\":[{\"@type\":\"SearchAction\",\"target\":{\"@type\":\"EntryPoint\",\"urlTemplate\":\"https:\/\/ave-eta-canada.com\/de\/?s={search_term_string}\"},\"query-input\":{\"@type\":\"PropertyValueSpecification\",\"valueRequired\":true,\"valueName\":\"search_term_string\"}}],\"inLanguage\":\"de\"}]}<\/script>\n<!-- \/ Yoast SEO plugin. -->","yoast_head_json":{"title":"Kanada eTA: sein Preis","description":"Sie m\u00f6chten eine eTA Kanada beantragen, kennen aber den Preis nicht? Unser Expertenteam verr\u00e4t alles in diesem Artikel!","robots":{"index":"index","follow":"follow","max-snippet":"max-snippet:-1","max-image-preview":"max-image-preview:large","max-video-preview":"max-video-preview:-1"},"canonical":"https:\/\/ave-eta-canada.com\/de\/eta-kanada-sein-preis\/","og_locale":"de_DE","og_type":"article","og_title":"Kanada eTA: sein Preis","og_description":"Sie m\u00f6chten eine eTA Kanada beantragen, kennen aber den Preis nicht? Unser Expertenteam verr\u00e4t alles in diesem Artikel!","og_url":"https:\/\/ave-eta-canada.com\/de\/eta-kanada-sein-preis\/","og_site_name":"KANADA VISUM","article_modified_time":"2022-05-10T16:32:21+00:00","twitter_card":"summary_large_image","twitter_misc":{"Gesch\u00e4tzte Lesezeit":"4\u00a0Minuten"},"schema":{"@context":"https:\/\/schema.org","@graph":[{"@type":"WebPage","@id":"https:\/\/ave-eta-canada.com\/de\/eta-kanada-sein-preis\/","url":"https:\/\/ave-eta-canada.com\/de\/eta-kanada-sein-preis\/","name":"Kanada eTA: sein Preis","isPartOf":{"@id":"https:\/\/ave-eta-canada.com\/de\/#website"},"datePublished":"2020-04-26T11:10:55+00:00","dateModified":"2022-05-10T16:32:21+00:00","description":"Sie m\u00f6chten eine eTA Kanada beantragen, kennen aber den Preis nicht? Unser Expertenteam verr\u00e4t alles in diesem Artikel!","breadcrumb":{"@id":"https:\/\/ave-eta-canada.com\/de\/eta-kanada-sein-preis\/#breadcrumb"},"inLanguage":"de","potentialAction":[{"@type":"ReadAction","target":["https:\/\/ave-eta-canada.com\/de\/eta-kanada-sein-preis\/"]}]},{"@type":"BreadcrumbList","@id":"https:\/\/ave-eta-canada.com\/de\/eta-kanada-sein-preis\/#breadcrumb","itemListElement":[{"@type":"ListItem","position":1,"name":"Home","item":"https:\/\/ave-eta-canada.com\/de\/"},{"@type":"ListItem","position":2,"name":"Kanada eTA: sein Preis"}]},{"@type":"WebSite","@id":"https:\/\/ave-eta-canada.com\/de\/#website","url":"https:\/\/ave-eta-canada.com\/de\/","name":"KANADA VISUM","description":"Autorisation Voyage Electronique","potentialAction":[{"@type":"SearchAction","target":{"@type":"EntryPoint","urlTemplate":"https:\/\/ave-eta-canada.com\/de\/?s={search_term_string}"},"query-input":{"@type":"PropertyValueSpecification","valueRequired":true,"valueName":"search_term_string"}}],"inLanguage":"de"}]}},"_links":{"self":[{"href":"https:\/\/ave-eta-canada.com\/de\/wp-json\/wp\/v2\/pages\/957","targetHints":{"allow":["GET"]}}],"collection":[{"href":"https:\/\/ave-eta-canada.com\/de\/wp-json\/wp\/v2\/pages"}],"about":[{"href":"https:\/\/ave-eta-canada.com\/de\/wp-json\/wp\/v2\/types\/page"}],"author":[{"embeddable":true,"href":"https:\/\/ave-eta-canada.com\/de\/wp-json\/wp\/v2\/users\/1"}],"replies":[{"embeddable":true,"href":"https:\/\/ave-eta-canada.com\/de\/wp-json\/wp\/v2\/comments?post=957"}],"version-history":[{"count":0,"href":"https:\/\/ave-eta-canada.com\/de\/wp-json\/wp\/v2\/pages\/957\/revisions"}],"wp:attachment":[{"href":"https:\/\/ave-eta-canada.com\/de\/wp-json\/wp\/v2\/media?parent=957"}],"curies":[{"name":"wp","href":"https:\/\/api.w.org\/{rel}","templated":true}]}}