{"id":959,"date":"2020-04-26T11:28:38","date_gmt":"2020-04-26T11:28:38","guid":{"rendered":"https:\/\/ave-eta-canada.com\/eta-oder-esta-welche-reisegenehmigung-waehlen-sie-fuer-ihren-aufenthalt\/"},"modified":"2022-09-07T20:30:23","modified_gmt":"2022-09-07T20:30:23","slug":"eta-oder-esta-welche-reisegenehmigung-waehlen-sie-fuer-ihren-aufenthalt","status":"publish","type":"page","link":"https:\/\/ave-eta-canada.com\/de\/eta-oder-esta-welche-reisegenehmigung-waehlen-sie-fuer-ihren-aufenthalt\/","title":{"rendered":"eTA oder ESTA: Welche Reisegenehmigung w\u00e4hlen?"},"content":{"rendered":"\n<h1 class=\"wp-block-heading\">Welche Reisegenehmigung (eTA oder ESTA) w\u00e4hlen?<\/h1>\n\n<p>Wenn Sie bald nach Nordamerika reisen, ben\u00f6tigen Sie Reisedokumente. Bei all diesen Normen und Vorschriften ist es nicht einfach, klar zu sehen. Beantragung eines Visums oder einer Reisegenehmigung (eTA oder ESTA)? Wir erkl\u00e4ren Ihnen alles in diesem Artikel.<\/p>\n\n<p><strong>Bei einem Aufenthalt von weniger als 6 Monaten in Kanada<\/strong> : Sie k\u00f6nnen die Formalit\u00e4ten f\u00fcr die Einreise nach Kanada direkt \u00fcber das Internet erledigen, indem Sie auf das <a href=\"https:\/\/ave-eta-canada.com\/de\/ave-kanada-online-formular\/\">Online-Formular<\/a> klicken. Es ist nicht erforderlich, einen Termin bei der kanadischen Botschaft oder dem kanadischen Konsulat zu vereinbaren.<\/p>\n\n<br\/>\n\n<h2 class=\"wp-block-heading\">eTA und ESTA, Vorlage dieser beiden Reisegenehmigungen<\/h2>\n\n<h3 class=\"wp-block-heading\">ESTA<\/h3>\n\n<p>ESTA ist die Abk\u00fcrzung f\u00fcr Electronic System for Travel Authorization. Dies ist eine von der US-Regierung ausgestellte Reisegenehmigung f\u00fcr Personen, die auf dem Luft- oder Seeweg in die Vereinigten Staaten reisen m\u00f6chten. Diese Genehmigung ersetzt ein Touristenvisum f\u00fcr Reisende, die aus einem Mitgliedsland des Visa-Waiver-Programms (Programm zur Befreiung von der Visumpflicht) kommen.<\/p>\n\n<p>Um sich zu bewerben, m\u00fcssen Sie mehrere Kriterien erf\u00fcllen:<\/p>\n\n<ul class=\"wp-block-list\"><li>Staatsangeh\u00f6rige eines Landes sein, das am Visa Waiver Program teilnimmt ;<\/li><li>im Besitz eines g\u00fcltigen biometrischen Reisepasses oder elektronischen Reisepasses sein;<\/li><li>Reisen in die Vereinigten Staaten f\u00fcr einen touristischen Aufenthalt, eine Gesch\u00e4ftsreise oder einen Transit;<\/li><li>auf dem Luft- oder Seeweg auf US-amerikanischem Boden ankommen;<\/li><li>Die Aufenthaltsdauer darf maximal 90 Tage betragen.<\/li><\/ul>\n\n<h4 class=\"wp-block-heading\">Wie erhalten Sie Ihr ESTA?<\/h4>\n\n<p>Der Prozess zur Erlangung einer ESTA-Genehmigung erfolgt ausschlie\u00dflich online, auf der Website der US-Regierung oder \u00fcber die Dienste eines privaten Dienstleisters.<\/p>\n\n<p>Sie werden gebeten, ein Online-Formular f\u00fcr Ihren ESTA-Antrag auszuf\u00fcllen. Dieses ESTA-Formular betrifft haupts\u00e4chlich Ihre Identit\u00e4t, Ihr Leben und Ihr Reisedokument: Name (M\u00e4dchenname oder Ehename je nach Reisepass), Vorname, Geburtsdatum und -ort, Passnummer, Ausstellungs- und Ablaufdatum, Kontaktdaten, Straft\u00e4ter und Anamnese, fr\u00fchere Auslandsaufenthalte etc. Sobald Ihr ESTA-Formular ausgef\u00fcllt ist, m\u00fcssen Sie eine Zahlungskarte eingeben, um die Bearbeitungsgeb\u00fchren f\u00fcr Ihren ESTA-Antrag zu bezahlen.<\/p>\n\n<p>Ein ESTA ist 2 Jahre g\u00fcltig, innerhalb der G\u00fcltigkeitsdauer Ihres Reisepasses.<\/p>\n\n<p>Wenn Sie also unter diesen Bedingungen in die Vereinigten Staaten von Amerika reisen m\u00f6chten, m\u00fcssen Sie zwischen AVE und ESTA ESTA w\u00e4hlen.<\/p>\n\n<h3 class=\"wp-block-heading\">eTA<\/h3>\n\n<p>eTA steht f\u00fcr Electronic Travel Authorization. F\u00fcr englischsprachige Personen ist diese Genehmigung unter dem Akronym <a href=\"https:\/\/ave-eta-canada.com\/de\/was-ist-eta-kanada\/\">ETA<\/a> f\u00fcr Electronic Travel Authorization bekannt. Wisse, dass sich diese beiden Namen auf genau dasselbe beziehen.<\/p>\n\n<p>Das AVE ist eine notwendige Genehmigung, um in kanadisches Hoheitsgebiet einreisen zu k\u00f6nnen, jedoch nur mit dem Flugzeug. Ein AVE ist daher bei Anreise per Schiff, auch auf einem Kreuzfahrtschiff, nicht erforderlich.<\/p>\n\n<p>Das AVE gilt f\u00fcr Staatsangeh\u00f6rige der 61 L\u00e4nder, die am kanadischen Programm f\u00fcr visumfreies Reisen (Canadian Visa Waiver Program) teilnehmen. Ein g\u00fcltiger biometrischer Reisepass oder elektronischer Reisepass ist zwingend erforderlich, um sich bewerben zu k\u00f6nnen. Die maximale Aufenthaltsdauer betr\u00e4gt 6 Monate.<\/p>\n\n<h4 class=\"wp-block-heading\">Wie erhalten Sie Ihr eTA?<\/h4>\n\n<p>Um <a href=\"https:\/\/ave-eta-canada.com\/de\/\">eine eTA zu beantragen<\/a> , m\u00fcssen Sie ein Online-Formular ausf\u00fcllen und die erforderlichen Geb\u00fchren bezahlen. Dazu k\u00f6nnen Sie entweder auf die offizielle Website der kanadischen Regierung gehen oder die Dienste eines privaten Dienstleisters in Anspruch nehmen. Wenn Sie sich f\u00fcr eine private Website entscheiden, k\u00f6nnen Sie von personalisierter Unterst\u00fctzung profitieren und verringern somit das Risiko einer Ablehnung. <\/p>\n\n<p>Eine eTA ist 5 Jahre g\u00fcltig, bis zum Ablaufdatum Ihres Reisepasses. Wenn Sie Kanada besuchen m\u00f6chten, m\u00fcssen Sie zwischen eTA und ESTA eTA w\u00e4hlen.<br\/><br\/><\/p>\n\n<h2 class=\"wp-block-heading\">ESTA und eTA, die Gemeinsamkeiten<\/h2>\n\n<p>Wie Sie vielleicht bemerkt haben, gibt es viele \u00c4hnlichkeiten zwischen einer AVE-Genehmigung und einem ESTA; die kanadische eTA wurde vom Modell der amerikanischen ESTA kopiert.<\/p>\n\n<ul class=\"wp-block-list\"><li>ESTA und eTA sind an den Reisepass gebundene Reisegenehmigungen. Es ist wichtig, dass derselbe Pass f\u00fcr die Reise verwendet wird. Durch Scannen Ihres Reisepasses \u00fcberpr\u00fcfen die Zollbeamten, ob Sie in Ordnung sind. <\/li><li>Das eTA wird wie das ESTA vor der Abreise eingeholt. Airline-Agenten \u00fcberpr\u00fcfen Ihre eTA- oder ESTA-Genehmigung, noch bevor Sie an Bord gehen.<\/li><li>Um diese beiden Reisegenehmigungen zu erhalten, ist nur eine Online-Bewerbung erforderlich. Sie m\u00fcssen keinen Termin bei der US-amerikanischen oder kanadischen Botschaft in Ihrer N\u00e4he vereinbaren.<\/li><li>Das ESTA und das eTA berechtigen Sie, im Rahmen einer touristischen Reise, einer Gesch\u00e4ftsreise oder einer Durchreise in die Vereinigten Staaten bzw. nach Kanada zu reisen. Sie haben daher kein Recht, mit ESTA und eTA in die Vereinigten Staaten oder nach Kanada zu arbeiten, zu studieren oder auszuwandern. Wenn dies Ihr Ziel ist, m\u00fcssen Sie das entsprechende Visum oder die Green Card beantragen.<\/li><li>eTA und ESTA sind beide obligatorisch, garantieren jedoch nicht die Einreise auf US-amerikanischen oder kanadischen Boden. Dieses Recht wird nach der Kontrolle durch die Zollbeamten bei Ihrer Ankunft am Grenzposten gew\u00e4hrt.<br\/><br\/><\/li><\/ul>\n\n<h2 class=\"wp-block-heading\">ESTA und eTA, die Unterschiede<\/h2>\n\n<ul class=\"wp-block-list\"><li>Das macht Sinn, aber denken Sie trotzdem daran, dass das AVE f\u00fcr Reisen nach Kanada und das ESTA f\u00fcr einen Aufenthalt in den Vereinigten Staaten verwendet wird. Auch wenn die beiden L\u00e4nder nah beieinander liegen, kann eine Zulassung die andere nicht ersetzen.<\/li><li>Das AVE gilt f\u00fcr Staatsangeh\u00f6rige aus 61 verschiedenen Territorien, w\u00e4hrend das ESTA nur f\u00fcr 40 L\u00e4nder g\u00fcltig ist (Zahlen aktualisiert im September 2022).<\/li><li>Das ESTA betrifft Reisende, die auf dem Luft- und Seeweg ankommen, w\u00e4hrend die eTA nur f\u00fcr Reisende erforderlich ist, die auf dem Luftweg nach Kanada einreisen.<\/li><li>Ein ESTA kostet seit Mai 2022 auf der Website der Regierung 21 US-Dollar, w\u00e4hrend der <a href=\"https:\/\/ave-eta-canada.com\/de\/eta-kanada-sein-preis\/\">Preis f\u00fcr ein AVE 7 kanadische<\/a> Dollar betr\u00e4gt. Der Preis von ESTA und eTA ist unterschiedlich, wenn Sie die Dienste einer unabh\u00e4ngigen Website in Anspruch nehmen. Dieser Unterschied erkl\u00e4rt sich aus der personalisierten Betreuung durch den privaten Dienstleister.<\/li><li>Auch die maximale Aufenthaltsdauer ist nicht gleich. Mit einer eTA k\u00f6nnen Sie 6 aufeinanderfolgende Monate in Kanada bleiben, w\u00e4hrend Ihr Aufenthalt mit einer ESTA 90 aufeinanderfolgende Tage nicht \u00fcberschreiten darf.<\/li><li><a href=\"https:\/\/ave-eta-canada.com\/de\/gultigkeit-eta-kanada\/\">Das eTA ist 5 Jahre g\u00fcltig<\/a> , w\u00e4hrend ein ESTA nur 2 Jahre g\u00fcltig ist. In diesem Zeitraum sind theoretisch unbegrenzt viele Fahrten m\u00f6glich. In beiden F\u00e4llen ist ein neuer Antrag erforderlich, wenn sich Ihre pers\u00f6nlichen Daten \u00e4ndern und\/oder Sie einen neuen Reisepass erhalten.<\/li><\/ul>\n\n<p>Sie kennen nun die Grundlagen dieser beiden Reisegenehmigungen. Alles, was Sie tun m\u00fcssen, ist Ihr Reiseziel auszuw\u00e4hlen. Gute Reise<\/p>\n","protected":false},"excerpt":{"rendered":"<p>Welche Reisegenehmigung (eTA oder ESTA) w\u00e4hlen? Wenn Sie bald nach Nordamerika reisen, ben\u00f6tigen Sie Reisedokumente. Bei all diesen Normen und Vorschriften ist es nicht einfach, klar zu sehen. Beantragung eines Visums oder einer Reisegenehmigung (eTA oder ESTA)? Wir erkl\u00e4ren Ihnen alles in diesem Artikel. Bei einem Aufenthalt von weniger als 6 Monaten in Kanada : [&hellip;]<\/p>\n","protected":false},"author":1,"featured_media":0,"parent":0,"menu_order":0,"comment_status":"closed","ping_status":"closed","template":"","meta":{"footnotes":""},"class_list":["post-959","page","type-page","status-publish","hentry"],"yoast_head":"<!-- This site is optimized with the Yoast SEO plugin v26.9 - https:\/\/yoast.com\/product\/yoast-seo-wordpress\/ -->\n<title>eTA oder ESTA: Welche Reisegenehmigung w\u00e4hlen?<\/title>\n<meta name=\"description\" content=\"F\u00fcr Reisen auf dem amerikanischen Kontinent gibt es haupts\u00e4chlich zwei elektronische Reisegenehmigungen: AVE und ESTA.\" \/>\n<meta name=\"robots\" content=\"index, follow, max-snippet:-1, max-image-preview:large, max-video-preview:-1\" \/>\n<link rel=\"canonical\" href=\"https:\/\/ave-eta-canada.com\/de\/eta-oder-esta-welche-reisegenehmigung-waehlen-sie-fuer-ihren-aufenthalt\/\" \/>\n<meta property=\"og:locale\" content=\"de_DE\" \/>\n<meta property=\"og:type\" content=\"article\" \/>\n<meta property=\"og:title\" content=\"eTA oder ESTA: Welche Reisegenehmigung w\u00e4hlen?\" \/>\n<meta property=\"og:description\" content=\"F\u00fcr Reisen auf dem amerikanischen Kontinent gibt es haupts\u00e4chlich zwei elektronische Reisegenehmigungen: AVE und ESTA.\" \/>\n<meta property=\"og:url\" content=\"https:\/\/ave-eta-canada.com\/de\/eta-oder-esta-welche-reisegenehmigung-waehlen-sie-fuer-ihren-aufenthalt\/\" \/>\n<meta property=\"og:site_name\" content=\"KANADA VISUM\" \/>\n<meta property=\"article:modified_time\" content=\"2022-09-07T20:30:23+00:00\" \/>\n<meta name=\"twitter:card\" content=\"summary_large_image\" \/>\n<meta name=\"twitter:label1\" content=\"Gesch\u00e4tzte Lesezeit\" \/>\n\t<meta name=\"twitter:data1\" content=\"5\u00a0Minuten\" \/>\n<script type=\"application\/ld+json\" class=\"yoast-schema-graph\">{\"@context\":\"https:\/\/schema.org\",\"@graph\":[{\"@type\":\"WebPage\",\"@id\":\"https:\/\/ave-eta-canada.com\/de\/eta-oder-esta-welche-reisegenehmigung-waehlen-sie-fuer-ihren-aufenthalt\/\",\"url\":\"https:\/\/ave-eta-canada.com\/de\/eta-oder-esta-welche-reisegenehmigung-waehlen-sie-fuer-ihren-aufenthalt\/\",\"name\":\"eTA oder ESTA: Welche Reisegenehmigung w\u00e4hlen?\",\"isPartOf\":{\"@id\":\"https:\/\/ave-eta-canada.com\/de\/#website\"},\"datePublished\":\"2020-04-26T11:28:38+00:00\",\"dateModified\":\"2022-09-07T20:30:23+00:00\",\"description\":\"F\u00fcr Reisen auf dem amerikanischen Kontinent gibt es haupts\u00e4chlich zwei elektronische Reisegenehmigungen: AVE und ESTA.\",\"breadcrumb\":{\"@id\":\"https:\/\/ave-eta-canada.com\/de\/eta-oder-esta-welche-reisegenehmigung-waehlen-sie-fuer-ihren-aufenthalt\/#breadcrumb\"},\"inLanguage\":\"de\",\"potentialAction\":[{\"@type\":\"ReadAction\",\"target\":[\"https:\/\/ave-eta-canada.com\/de\/eta-oder-esta-welche-reisegenehmigung-waehlen-sie-fuer-ihren-aufenthalt\/\"]}]},{\"@type\":\"BreadcrumbList\",\"@id\":\"https:\/\/ave-eta-canada.com\/de\/eta-oder-esta-welche-reisegenehmigung-waehlen-sie-fuer-ihren-aufenthalt\/#breadcrumb\",\"itemListElement\":[{\"@type\":\"ListItem\",\"position\":1,\"name\":\"Home\",\"item\":\"https:\/\/ave-eta-canada.com\/de\/\"},{\"@type\":\"ListItem\",\"position\":2,\"name\":\"eTA oder ESTA: Welche Reisegenehmigung w\u00e4hlen?\"}]},{\"@type\":\"WebSite\",\"@id\":\"https:\/\/ave-eta-canada.com\/de\/#website\",\"url\":\"https:\/\/ave-eta-canada.com\/de\/\",\"name\":\"KANADA VISUM\",\"description\":\"Autorisation Voyage Electronique\",\"potentialAction\":[{\"@type\":\"SearchAction\",\"target\":{\"@type\":\"EntryPoint\",\"urlTemplate\":\"https:\/\/ave-eta-canada.com\/de\/?s={search_term_string}\"},\"query-input\":{\"@type\":\"PropertyValueSpecification\",\"valueRequired\":true,\"valueName\":\"search_term_string\"}}],\"inLanguage\":\"de\"}]}<\/script>\n<!-- \/ Yoast SEO plugin. -->","yoast_head_json":{"title":"eTA oder ESTA: Welche Reisegenehmigung w\u00e4hlen?","description":"F\u00fcr Reisen auf dem amerikanischen Kontinent gibt es haupts\u00e4chlich zwei elektronische Reisegenehmigungen: AVE und ESTA.","robots":{"index":"index","follow":"follow","max-snippet":"max-snippet:-1","max-image-preview":"max-image-preview:large","max-video-preview":"max-video-preview:-1"},"canonical":"https:\/\/ave-eta-canada.com\/de\/eta-oder-esta-welche-reisegenehmigung-waehlen-sie-fuer-ihren-aufenthalt\/","og_locale":"de_DE","og_type":"article","og_title":"eTA oder ESTA: Welche Reisegenehmigung w\u00e4hlen?","og_description":"F\u00fcr Reisen auf dem amerikanischen Kontinent gibt es haupts\u00e4chlich zwei elektronische Reisegenehmigungen: AVE und ESTA.","og_url":"https:\/\/ave-eta-canada.com\/de\/eta-oder-esta-welche-reisegenehmigung-waehlen-sie-fuer-ihren-aufenthalt\/","og_site_name":"KANADA VISUM","article_modified_time":"2022-09-07T20:30:23+00:00","twitter_card":"summary_large_image","twitter_misc":{"Gesch\u00e4tzte Lesezeit":"5\u00a0Minuten"},"schema":{"@context":"https:\/\/schema.org","@graph":[{"@type":"WebPage","@id":"https:\/\/ave-eta-canada.com\/de\/eta-oder-esta-welche-reisegenehmigung-waehlen-sie-fuer-ihren-aufenthalt\/","url":"https:\/\/ave-eta-canada.com\/de\/eta-oder-esta-welche-reisegenehmigung-waehlen-sie-fuer-ihren-aufenthalt\/","name":"eTA oder ESTA: Welche Reisegenehmigung w\u00e4hlen?","isPartOf":{"@id":"https:\/\/ave-eta-canada.com\/de\/#website"},"datePublished":"2020-04-26T11:28:38+00:00","dateModified":"2022-09-07T20:30:23+00:00","description":"F\u00fcr Reisen auf dem amerikanischen Kontinent gibt es haupts\u00e4chlich zwei elektronische Reisegenehmigungen: AVE und ESTA.","breadcrumb":{"@id":"https:\/\/ave-eta-canada.com\/de\/eta-oder-esta-welche-reisegenehmigung-waehlen-sie-fuer-ihren-aufenthalt\/#breadcrumb"},"inLanguage":"de","potentialAction":[{"@type":"ReadAction","target":["https:\/\/ave-eta-canada.com\/de\/eta-oder-esta-welche-reisegenehmigung-waehlen-sie-fuer-ihren-aufenthalt\/"]}]},{"@type":"BreadcrumbList","@id":"https:\/\/ave-eta-canada.com\/de\/eta-oder-esta-welche-reisegenehmigung-waehlen-sie-fuer-ihren-aufenthalt\/#breadcrumb","itemListElement":[{"@type":"ListItem","position":1,"name":"Home","item":"https:\/\/ave-eta-canada.com\/de\/"},{"@type":"ListItem","position":2,"name":"eTA oder ESTA: Welche Reisegenehmigung w\u00e4hlen?"}]},{"@type":"WebSite","@id":"https:\/\/ave-eta-canada.com\/de\/#website","url":"https:\/\/ave-eta-canada.com\/de\/","name":"KANADA VISUM","description":"Autorisation Voyage Electronique","potentialAction":[{"@type":"SearchAction","target":{"@type":"EntryPoint","urlTemplate":"https:\/\/ave-eta-canada.com\/de\/?s={search_term_string}"},"query-input":{"@type":"PropertyValueSpecification","valueRequired":true,"valueName":"search_term_string"}}],"inLanguage":"de"}]}},"_links":{"self":[{"href":"https:\/\/ave-eta-canada.com\/de\/wp-json\/wp\/v2\/pages\/959","targetHints":{"allow":["GET"]}}],"collection":[{"href":"https:\/\/ave-eta-canada.com\/de\/wp-json\/wp\/v2\/pages"}],"about":[{"href":"https:\/\/ave-eta-canada.com\/de\/wp-json\/wp\/v2\/types\/page"}],"author":[{"embeddable":true,"href":"https:\/\/ave-eta-canada.com\/de\/wp-json\/wp\/v2\/users\/1"}],"replies":[{"embeddable":true,"href":"https:\/\/ave-eta-canada.com\/de\/wp-json\/wp\/v2\/comments?post=959"}],"version-history":[{"count":0,"href":"https:\/\/ave-eta-canada.com\/de\/wp-json\/wp\/v2\/pages\/959\/revisions"}],"wp:attachment":[{"href":"https:\/\/ave-eta-canada.com\/de\/wp-json\/wp\/v2\/media?parent=959"}],"curies":[{"name":"wp","href":"https:\/\/api.w.org\/{rel}","templated":true}]}}