{"id":961,"date":"2020-04-26T12:27:50","date_gmt":"2020-04-26T12:27:50","guid":{"rendered":"https:\/\/ave-eta-canada.com\/kanada-regierung-begruesst-mehr-internationale-studenten\/"},"modified":"2022-05-14T20:32:02","modified_gmt":"2022-05-14T20:32:02","slug":"kanada-regierung-begruesst-mehr-internationale-studenten","status":"publish","type":"page","link":"https:\/\/ave-eta-canada.com\/de\/kanada-regierung-begruesst-mehr-internationale-studenten\/","title":{"rendered":"Kanada: Die Regierung will mehr ausl\u00e4ndische Studierende"},"content":{"rendered":"\n<h1 class=\"wp-block-heading\">Die kanadische Regierung will mehr ausl\u00e4ndische Studenten anziehen<\/h1>\n\n<p>Internationale Studierende stellen ein erhebliches wirtschaftliches Interesse f\u00fcr die kanadische Wirtschaft dar. Laut einer Studie der Bundesbeh\u00f6rden erwirtschafteten ausl\u00e4ndische Studierende im Jahr 2016 15,5 Milliarden US-Dollar. Aus diesem Grund will die kanadische Verwaltung die Zahl der internationalen Studierenden erh\u00f6hen.<br\/><strong>Bei einem Aufenthalt von weniger als 6 Monaten in Kanada<\/strong> : Sie k\u00f6nnen die Formalit\u00e4ten f\u00fcr die Einreise nach Kanada direkt \u00fcber das Internet erledigen, indem Sie auf <a href=\"https:\/\/ave-eta-canada.com\/de\/ave-kanada-online-formular\/\">das Online-Formular<\/a> klicken. Es ist nicht erforderlich, einen Termin bei der kanadischen Botschaft oder dem kanadischen Konsulat zu vereinbaren.<br\/><\/p>\n\n<h2 class=\"wp-block-heading\">F\u00f6rderung des kanadischen Bildungssystems f\u00fcr ausl\u00e4ndische Studenten<\/h2>\n\n<p>Das kanadische Bildungssystem zieht weiterhin junge Ausl\u00e4nder an. W\u00e4hrend im Jahr 2000 mehr als 100.000 Studienerlaubnisse erteilt wurden, \u00fcberschritt diese Zahl im Jahr 2018 die 500.000-Marke. Um diese Dynamik zu verst\u00e4rken, hat die Bundesregierung \u00fcber einen Zeitraum von f\u00fcnf Jahren ein Gesamtbudget von 148 Millionen US-Dollar f\u00fcr die internationale Bildung festgelegt.<\/p>\n\n<p>Um die Gesamtstrategie festzulegen, mit der ausl\u00e4ndische Studenten massenhaft angezogen werden sollen, treffen sich die Regierung und Vertreter der <a href=\"https:\/\/ave-eta-canada.com\/de\/alles-ueber-die-eta-bedingungen-fuer-reisen-nach-kanada\/\">kanadischen Universit\u00e4ten<\/a> regelm\u00e4\u00dfig, um die einzuschlagende Richtung zu er\u00f6rtern.<br\/><br\/><\/p>\n\n<h2 class=\"wp-block-heading\">F\u00f6rderung der Vielfalt innerhalb kanadischer Studieneinrichtungen<\/h2>\n\n<p>Heute kommt ein gro\u00dfer Teil der ausl\u00e4ndischen Studierenden aus Indien und China. Kanada sieht jedoch immer mehr Studenten aus wachstumsstarken L\u00e4ndern, wie es im Fall von Vietnam der Fall ist. Au\u00dferdem sollten Sie wissen, dass die Bundesbeh\u00f6rden in puncto Diversit\u00e4t noch weiter gehen wollen. Besonderes Augenmerk wird auf Schwellenl\u00e4nder oder stark von jungen Menschen repr\u00e4sentierte Regionen gelegt, wie zum Beispiel Kolumbien oder bestimmte afrikanische L\u00e4nder.<\/p>\n\n<p>Aber der wirtschaftliche Aspekt ist nicht das einzige zu ber\u00fccksichtigende Element, tats\u00e4chlich tragen internationale Studenten laut Jim Carr, dem Minister f\u00fcr internationalen Handel, zum internationalen Einfluss Kanadas bei. Ihm zufolge \u201eerleben sie gute kanadische Institutionen\u201c und agieren als \u201ewahre Botschafter Kanadas\u201c, wenn sie in ihre Herkunftsl\u00e4nder zur\u00fcckkehren. Dar\u00fcber hinaus erm\u00f6glicht dieses Ger\u00e4t auch, junge Talente nach der Hochschulbildung auf kanadisches Territorium zu locken. Es ist auch \u00fcblich, dass sie sich dauerhaft in Kanada niederlassen und so zur Entwicklung der nationalen Wirtschaft beitragen. <br\/><br\/><\/p>\n\n<h2 class=\"wp-block-heading\">Studieren in Kanada: Beantragen Sie eine Studienerlaubnis<\/h2>\n\n<p>Wenn auch Sie versucht sind, im Ausland zu studieren, ist das Land Maple m\u00f6glicherweise das Richtige f\u00fcr Sie. F\u00fcr Ihr Universit\u00e4tsstudium m\u00fcssen Sie jedoch unabh\u00e4ngig von der Studieneinrichtung (Laval University, University of Sherbrooke, University of Ottawa, Hec Montreal usw.) zun\u00e4chst <a href=\"https:\/\/ave-eta-canada.com\/de\/was-ist-die-frist-fuer-den-erhalt-der-eta-canada\/\">eine Studienerlaubnis einholen<\/a> . Die Studienerlaubnis ist ein von IRCC (Immigration, Refugees and Citizenship Canada) ausgestelltes Dokument.<\/p>\n\n<p>Bevor Sie Ihre Studienerlaubnis beantragen, vergewissern Sie sich, dass Sie die Zulassungskriterien f\u00fcr dieses Dokument erf\u00fcllen, <a href=\"https:\/\/ave-eta-canada.com\/de\/whp-kanada-kommentar-obtenir-sohn-permis-vakanzen-muehe\/\">um in Kanada zu studieren<\/a> . Als solcher muss der zuk\u00fcnftige Student:<\/p>\n\n<ul class=\"wp-block-list\"><li>die Zulassung zu einer Bildungseinrichtung mit Sitz in Kanada erhalten haben und im Besitz eines Zulassungsbescheids sein; <\/li><li>nachweisen, dass er \u00fcber eine ausreichende Eigenfinanzierungsf\u00e4higkeit verf\u00fcgt, um seinen Lebensunterhalt im ersten Studienjahr zu bestreiten (Wohnung, Studiengeb\u00fchren etc.);<\/li><li>ein sauberes Vorstrafenregister haben;<\/li><li>bei guter Gesundheit zu sein.<\/li><\/ul>\n\n<p>Um eine Studienerlaubnis zu beantragen, m\u00fcssen Sie lediglich <a href=\"https:\/\/ave-eta-canada.com\/de\/fuellen-sie-das-eta-formular-fuer-kanada-aus\/\">ein Online-<\/a> oder Papierformular ausf\u00fcllen. F\u00fcr diese letzte Option muss das Formular an das Visumbearbeitungsb\u00fcro gesendet werden, das sich bei der kanadischen Botschaft oder dem Generalkonsulat befindet.<\/p>\n","protected":false},"excerpt":{"rendered":"<p>Die kanadische Regierung will mehr ausl\u00e4ndische Studenten anziehen Internationale Studierende stellen ein erhebliches wirtschaftliches Interesse f\u00fcr die kanadische Wirtschaft dar. Laut einer Studie der Bundesbeh\u00f6rden erwirtschafteten ausl\u00e4ndische Studierende im Jahr 2016 15,5 Milliarden US-Dollar. Aus diesem Grund will die kanadische Verwaltung die Zahl der internationalen Studierenden erh\u00f6hen.Bei einem Aufenthalt von weniger als 6 Monaten in [&hellip;]<\/p>\n","protected":false},"author":1,"featured_media":0,"parent":0,"menu_order":0,"comment_status":"closed","ping_status":"closed","template":"","meta":{"footnotes":""},"class_list":["post-961","page","type-page","status-publish","hentry"],"yoast_head":"<!-- This site is optimized with the Yoast SEO plugin v26.9 - https:\/\/yoast.com\/product\/yoast-seo-wordpress\/ -->\n<title>Kanada: Die Regierung will mehr ausl\u00e4ndische Studierende<\/title>\n<meta name=\"description\" content=\"Die kanadische Regierung plant, in den kommenden Jahren mehr internationale Studierende willkommen zu hei\u00dfen. Es stehen erhebliche wirtschaftliche Vorteile auf dem Spiel.\" \/>\n<meta name=\"robots\" content=\"index, follow, max-snippet:-1, max-image-preview:large, max-video-preview:-1\" \/>\n<link rel=\"canonical\" href=\"https:\/\/ave-eta-canada.com\/de\/kanada-regierung-begruesst-mehr-internationale-studenten\/\" \/>\n<meta property=\"og:locale\" content=\"de_DE\" \/>\n<meta property=\"og:type\" content=\"article\" \/>\n<meta property=\"og:title\" content=\"Kanada: Die Regierung will mehr ausl\u00e4ndische Studierende\" \/>\n<meta property=\"og:description\" content=\"Die kanadische Regierung plant, in den kommenden Jahren mehr internationale Studierende willkommen zu hei\u00dfen. Es stehen erhebliche wirtschaftliche Vorteile auf dem Spiel.\" \/>\n<meta property=\"og:url\" content=\"https:\/\/ave-eta-canada.com\/de\/kanada-regierung-begruesst-mehr-internationale-studenten\/\" \/>\n<meta property=\"og:site_name\" content=\"KANADA VISUM\" \/>\n<meta property=\"article:modified_time\" content=\"2022-05-14T20:32:02+00:00\" \/>\n<meta name=\"twitter:card\" content=\"summary_large_image\" \/>\n<meta name=\"twitter:label1\" content=\"Gesch\u00e4tzte Lesezeit\" \/>\n\t<meta name=\"twitter:data1\" content=\"3\u00a0Minuten\" \/>\n<script type=\"application\/ld+json\" class=\"yoast-schema-graph\">{\"@context\":\"https:\/\/schema.org\",\"@graph\":[{\"@type\":\"WebPage\",\"@id\":\"https:\/\/ave-eta-canada.com\/de\/kanada-regierung-begruesst-mehr-internationale-studenten\/\",\"url\":\"https:\/\/ave-eta-canada.com\/de\/kanada-regierung-begruesst-mehr-internationale-studenten\/\",\"name\":\"Kanada: Die Regierung will mehr ausl\u00e4ndische Studierende\",\"isPartOf\":{\"@id\":\"https:\/\/ave-eta-canada.com\/de\/#website\"},\"datePublished\":\"2020-04-26T12:27:50+00:00\",\"dateModified\":\"2022-05-14T20:32:02+00:00\",\"description\":\"Die kanadische Regierung plant, in den kommenden Jahren mehr internationale Studierende willkommen zu hei\u00dfen. Es stehen erhebliche wirtschaftliche Vorteile auf dem Spiel.\",\"breadcrumb\":{\"@id\":\"https:\/\/ave-eta-canada.com\/de\/kanada-regierung-begruesst-mehr-internationale-studenten\/#breadcrumb\"},\"inLanguage\":\"de\",\"potentialAction\":[{\"@type\":\"ReadAction\",\"target\":[\"https:\/\/ave-eta-canada.com\/de\/kanada-regierung-begruesst-mehr-internationale-studenten\/\"]}]},{\"@type\":\"BreadcrumbList\",\"@id\":\"https:\/\/ave-eta-canada.com\/de\/kanada-regierung-begruesst-mehr-internationale-studenten\/#breadcrumb\",\"itemListElement\":[{\"@type\":\"ListItem\",\"position\":1,\"name\":\"Home\",\"item\":\"https:\/\/ave-eta-canada.com\/de\/\"},{\"@type\":\"ListItem\",\"position\":2,\"name\":\"Kanada: Die Regierung will mehr ausl\u00e4ndische Studierende\"}]},{\"@type\":\"WebSite\",\"@id\":\"https:\/\/ave-eta-canada.com\/de\/#website\",\"url\":\"https:\/\/ave-eta-canada.com\/de\/\",\"name\":\"KANADA VISUM\",\"description\":\"Autorisation Voyage Electronique\",\"potentialAction\":[{\"@type\":\"SearchAction\",\"target\":{\"@type\":\"EntryPoint\",\"urlTemplate\":\"https:\/\/ave-eta-canada.com\/de\/?s={search_term_string}\"},\"query-input\":{\"@type\":\"PropertyValueSpecification\",\"valueRequired\":true,\"valueName\":\"search_term_string\"}}],\"inLanguage\":\"de\"}]}<\/script>\n<!-- \/ Yoast SEO plugin. -->","yoast_head_json":{"title":"Kanada: Die Regierung will mehr ausl\u00e4ndische Studierende","description":"Die kanadische Regierung plant, in den kommenden Jahren mehr internationale Studierende willkommen zu hei\u00dfen. Es stehen erhebliche wirtschaftliche Vorteile auf dem Spiel.","robots":{"index":"index","follow":"follow","max-snippet":"max-snippet:-1","max-image-preview":"max-image-preview:large","max-video-preview":"max-video-preview:-1"},"canonical":"https:\/\/ave-eta-canada.com\/de\/kanada-regierung-begruesst-mehr-internationale-studenten\/","og_locale":"de_DE","og_type":"article","og_title":"Kanada: Die Regierung will mehr ausl\u00e4ndische Studierende","og_description":"Die kanadische Regierung plant, in den kommenden Jahren mehr internationale Studierende willkommen zu hei\u00dfen. Es stehen erhebliche wirtschaftliche Vorteile auf dem Spiel.","og_url":"https:\/\/ave-eta-canada.com\/de\/kanada-regierung-begruesst-mehr-internationale-studenten\/","og_site_name":"KANADA VISUM","article_modified_time":"2022-05-14T20:32:02+00:00","twitter_card":"summary_large_image","twitter_misc":{"Gesch\u00e4tzte Lesezeit":"3\u00a0Minuten"},"schema":{"@context":"https:\/\/schema.org","@graph":[{"@type":"WebPage","@id":"https:\/\/ave-eta-canada.com\/de\/kanada-regierung-begruesst-mehr-internationale-studenten\/","url":"https:\/\/ave-eta-canada.com\/de\/kanada-regierung-begruesst-mehr-internationale-studenten\/","name":"Kanada: Die Regierung will mehr ausl\u00e4ndische Studierende","isPartOf":{"@id":"https:\/\/ave-eta-canada.com\/de\/#website"},"datePublished":"2020-04-26T12:27:50+00:00","dateModified":"2022-05-14T20:32:02+00:00","description":"Die kanadische Regierung plant, in den kommenden Jahren mehr internationale Studierende willkommen zu hei\u00dfen. Es stehen erhebliche wirtschaftliche Vorteile auf dem Spiel.","breadcrumb":{"@id":"https:\/\/ave-eta-canada.com\/de\/kanada-regierung-begruesst-mehr-internationale-studenten\/#breadcrumb"},"inLanguage":"de","potentialAction":[{"@type":"ReadAction","target":["https:\/\/ave-eta-canada.com\/de\/kanada-regierung-begruesst-mehr-internationale-studenten\/"]}]},{"@type":"BreadcrumbList","@id":"https:\/\/ave-eta-canada.com\/de\/kanada-regierung-begruesst-mehr-internationale-studenten\/#breadcrumb","itemListElement":[{"@type":"ListItem","position":1,"name":"Home","item":"https:\/\/ave-eta-canada.com\/de\/"},{"@type":"ListItem","position":2,"name":"Kanada: Die Regierung will mehr ausl\u00e4ndische Studierende"}]},{"@type":"WebSite","@id":"https:\/\/ave-eta-canada.com\/de\/#website","url":"https:\/\/ave-eta-canada.com\/de\/","name":"KANADA VISUM","description":"Autorisation Voyage Electronique","potentialAction":[{"@type":"SearchAction","target":{"@type":"EntryPoint","urlTemplate":"https:\/\/ave-eta-canada.com\/de\/?s={search_term_string}"},"query-input":{"@type":"PropertyValueSpecification","valueRequired":true,"valueName":"search_term_string"}}],"inLanguage":"de"}]}},"_links":{"self":[{"href":"https:\/\/ave-eta-canada.com\/de\/wp-json\/wp\/v2\/pages\/961","targetHints":{"allow":["GET"]}}],"collection":[{"href":"https:\/\/ave-eta-canada.com\/de\/wp-json\/wp\/v2\/pages"}],"about":[{"href":"https:\/\/ave-eta-canada.com\/de\/wp-json\/wp\/v2\/types\/page"}],"author":[{"embeddable":true,"href":"https:\/\/ave-eta-canada.com\/de\/wp-json\/wp\/v2\/users\/1"}],"replies":[{"embeddable":true,"href":"https:\/\/ave-eta-canada.com\/de\/wp-json\/wp\/v2\/comments?post=961"}],"version-history":[{"count":0,"href":"https:\/\/ave-eta-canada.com\/de\/wp-json\/wp\/v2\/pages\/961\/revisions"}],"wp:attachment":[{"href":"https:\/\/ave-eta-canada.com\/de\/wp-json\/wp\/v2\/media?parent=961"}],"curies":[{"name":"wp","href":"https:\/\/api.w.org\/{rel}","templated":true}]}}