{"id":963,"date":"2020-04-26T12:44:40","date_gmt":"2020-04-26T12:44:40","guid":{"rendered":"https:\/\/ave-eta-canada.com\/wie-aendere-ich-eine-eta-autorisierung-fuer-kanada\/"},"modified":"2022-05-14T20:35:19","modified_gmt":"2022-05-14T20:35:19","slug":"wie-aendere-ich-eine-eta-autorisierung-fuer-kanada","status":"publish","type":"page","link":"https:\/\/ave-eta-canada.com\/de\/wie-aendere-ich-eine-eta-autorisierung-fuer-kanada\/","title":{"rendered":"Wie \u00e4ndere ich eine eTA-Genehmigung f\u00fcr Kanada?"},"content":{"rendered":"\n<h1 class=\"wp-block-heading\">Wie \u00e4ndere ich eine eTA f\u00fcr Reisen nach Kanada?<\/h1>\n\n<p>Die eTA ist eine <a href=\"https:\/\/ave-eta-canada.com\/de\/\">elektronische Reisegenehmigung<\/a> , die von der kanadischen Regierung eingerichtet wurde und darauf abzielt, die Verwaltungsverfahren f\u00fcr Reisende zu vereinfachen, die Kanada besuchen m\u00f6chten. Dank des digitalen ESTA-Formats kann der Reisende seinen Antrag online ausf\u00fcllen und die kanadischen Beh\u00f6rden k\u00f6nnen den eTA-Antrag mithilfe elektronischer Systeme analysieren.<\/p>\n\n<p><strong>Bei einem Aufenthalt von weniger als 6 Monaten in Kanada<\/strong> : Sie k\u00f6nnen die Formalit\u00e4ten f\u00fcr die Einreise nach Kanada direkt \u00fcber das Internet erledigen, indem Sie auf <a href=\"https:\/\/ave-eta-canada.com\/de\/ave-kanada-online-formular\/\">das Online-Formular<\/a> klicken. Es ist nicht erforderlich, einen Termin bei der kanadischen Botschaft oder dem kanadischen Konsulat zu vereinbaren.<\/p>\n\n<br\/>\n\n<p>Wenn ein Reisender eine eTA erh\u00e4lt, ist diese 5 Jahre lang <a href=\"https:\/\/ave-eta-canada.com\/de\/eta-canada-gueltigkeitsdauer\/\">g\u00fcltig<\/a> . Im Laufe der Jahre ver\u00e4ndert sich jedoch die pers\u00f6nliche Situation des Reisenden. Dann kann es sein, dass bestimmte Angaben im AVE-Dokument ge\u00e4ndert werden m\u00fcssen, weil sie einfach nicht mehr der Realit\u00e4t entsprechen. Ist es in diesem Fall m\u00f6glich, den eTA zu \u00e4ndern? Wenn nicht, wie ist das Verfahren zum \u00c4ndern von eTA?<\/p>\n\n<h2 class=\"wp-block-heading\">Kann ich die eTA \u00e4ndern, wenn sich meine pers\u00f6nlichen Daten ge\u00e4ndert haben?<\/h2>\n\n<p>Ungl\u00fccklicherweise nicht. Sollten sich Ihre pers\u00f6nlichen Daten (Benutzername, Vornamen, Land etc.) w\u00e4hrend der G\u00fcltigkeitsdauer der eTA (5 Jahre) \u00e4ndern, m\u00fcssen Sie einen neuen Antrag stellen.<\/p>\n\n<p>Lediglich bestimmte Angaben (zB Telefonnummer oder M\u00e4dchenname) k\u00f6nnen kostenlos und ohne Erneuerung der eTA ge\u00e4ndert werden. Um Ihre Kontaktdaten im eTA zu \u00e4ndern, m\u00fcssen Sie ein Online-Antragsformular ausf\u00fcllen. Es ist jedoch die kanadische Regierung, die entscheidet, ob der Antrag noch g\u00fcltig ist oder nicht.<\/p>\n\n<p>Gleiches gilt f\u00fcr die Pass\u00e4nderung. Wenn die Passnummer, die Sie zuvor zum Erhalt der eTA verwendet haben, nicht mehr mit Ihrer aktuellen Passnummer \u00fcbereinstimmt, m\u00fcssen Sie die eTA \u00e4ndern. Dazu m\u00fcssen Sie eine eTA erneut beantragen, indem Sie das Online-Formular ein zweites Mal ausf\u00fcllen und Ihre Antragsgeb\u00fchren erneut bezahlen.<\/p>\n\n<p>Die kanadischen Beh\u00f6rden verlangen, dass die in der eTA eingetragene Passnummer mit der Passnummer \u00fcbereinstimmt, mit der der Reisende nach Kanada reisen m\u00f6chte. Wieso den ? Denn Ihre <a href=\"https:\/\/ave-eta-canada.com\/de\/wann-muss-die-eta-genehmigung-fuer-kanada-beantragt-werden\/\">eTA-Genehmigung<\/a> wird elektronisch mit dem Reisepass verkn\u00fcpft. Wenn Sie auf kanadischem Boden ankommen, \u00fcberpr\u00fcft der Zoll Ihre eTA, indem er den Chip in Ihrem elektronischen oder biometrischen Reisepass scannt.<br\/><br\/><\/p>\n\n<h2 class=\"wp-block-heading\">Kann ich die eTA \u00e4ndern, nachdem ich einen Fehler in der Kopie meiner Informationen gemacht habe?<\/h2>\n\n<p>Wenn Sie nicht mit der Zahlung des eTA-Formulars fortgefahren sind, k\u00f6nnen Sie die im <a href=\"https:\/\/ave-eta-canada.com\/de\/was-tun-bei-einem-fehler-auf-der-eta-canada\/\">eTA-Formular gemachten Fehler jederzeit \u00e4ndern<\/a>.<\/p>\n\n<p>Wenn die eTA-Zahlung jedoch bereits erfolgt ist, k\u00f6nnen Sie leider nicht mehr umkehren.<\/p>\n\n<h3 class=\"wp-block-heading\">Wie vermeidet man, den eTA \u00e4ndern zu m\u00fcssen?<\/h3>\n\n<p>Zun\u00e4chst ist es wichtig, dass Sie sich die Zeit nehmen, Ihr eTA-Antragsformular auszuf\u00fcllen. Schnell trat ein Fehler auf und es w\u00e4re schade, die Dokumentengeb\u00fchren erneut zahlen zu m\u00fcssen (7 kanadische Dollar) und erneut auf die Antwort des IRCC (Immigration, Refugees and Citizenship) warten zu m\u00fcssen.<\/p>\n\n<p>Wir empfehlen Ihnen zu \u00fcberpr\u00fcfen, ob Sie die erforderlichen Bedingungen f\u00fcr den Erhalt einer eTA (Reise oder Transit durch Kanada auf dem Luftweg und f\u00fcr maximal 6 Monate) erf\u00fcllen und einen g\u00fcltigen Reisepass besitzen.<\/p>\n\n<p>Am Ende des Ausf\u00fcllens wird Ihnen die offizielle Website der kanadischen Regierung vorschlagen, den eTA und die Vollst\u00e4ndigkeit der Antworten, die Sie ihm eingebracht haben, zu \u00fcberpr\u00fcfen. Lassen Sie sich diesen entscheidenden Schritt nicht entgehen, denn dieser Schritt kann es Ihnen erm\u00f6glichen, Kopierfehler zu erkennen.<\/p>\n\n<p>Wenn Sie Unterst\u00fctzung beim Ausf\u00fcllen des Online-Formulars w\u00fcnschen, bietet die private Seite unseres Partners personalisierte Hilfe beim Ausf\u00fcllen und Korrigieren Ihres Formulars vor dem Absenden.<br\/><br\/><\/p>\n\n<h2 class=\"wp-block-heading\">Wie kann ich die eTA \u00e4ndern, nachdem ich eine Ablehnung erhalten habe?<\/h2>\n\n<p>Wenn Sie einen <a href=\"https:\/\/ave-eta-canada.com\/de\/alles-ueber-die-eta-bedingungen-fuer-reisen-nach-kanada\/\">abgelehnten eTA-Antrag<\/a> erhalten haben, bedeutet dies, dass Sie nicht berechtigt sind, nach Kanada zu reisen, und dass Sie daher nicht berechtigt sind, Ihre eTA zu \u00e4ndern.<\/p>\n\n<p>Die Tatsache, dass Sie Ihre eTA nicht \u00e4ndern k\u00f6nnen, bedeutet jedoch nicht, dass Sie Kanada niemals entdecken k\u00f6nnen. Tats\u00e4chlich ben\u00f6tigen die meisten Reisenden ein kanadisches Visum oder eine eTA-Reisegenehmigung, um mit dem Flugzeug auf kanadischen Boden zu reisen.<\/p>\n\n<p>Personen, die keinen Zugang zur eTA haben, beantragen einfach ein kanadisches Visum bei den konsularischen Diensten der kanadischen Botschaft oder des kanadischen Konsulats.<\/p>\n\n<p>Um ein Visum zu erhalten, stellen Sie sicher, dass Sie diese Bedingungen erf\u00fcllen:<\/p>\n\n<ul class=\"wp-block-list\"><li>einen g\u00fcltigen Reisepass besitzen;<\/li><li>kein Tr\u00e4ger einer Krankheit sein;<\/li><li>sich keiner kriminellen Aktivit\u00e4ten oder Einwanderungsdelikte schuldig gemacht haben;<\/li><li>dem Konsularbeamten nachweisen, dass der Grund Ihrer Reise nicht die illegale Niederlassung ist und dass Sie Kanada am Ende Ihres Aufenthalts verlassen werden.<\/li><\/ul>\n","protected":false},"excerpt":{"rendered":"<p>Wie \u00e4ndere ich eine eTA f\u00fcr Reisen nach Kanada? Die eTA ist eine elektronische Reisegenehmigung , die von der kanadischen Regierung eingerichtet wurde und darauf abzielt, die Verwaltungsverfahren f\u00fcr Reisende zu vereinfachen, die Kanada besuchen m\u00f6chten. Dank des digitalen ESTA-Formats kann der Reisende seinen Antrag online ausf\u00fcllen und die kanadischen Beh\u00f6rden k\u00f6nnen den eTA-Antrag mithilfe [&hellip;]<\/p>\n","protected":false},"author":1,"featured_media":0,"parent":0,"menu_order":0,"comment_status":"closed","ping_status":"closed","template":"","meta":{"footnotes":""},"class_list":["post-963","page","type-page","status-publish","hentry"],"yoast_head":"<!-- This site is optimized with the Yoast SEO plugin v26.9 - https:\/\/yoast.com\/product\/yoast-seo-wordpress\/ -->\n<title>Wie \u00e4ndere ich eine eTA-Genehmigung f\u00fcr Kanada?<\/title>\n<meta name=\"description\" content=\"M\u00f6chten Sie die Informationen zu Ihrer Reisegenehmigung nach Kanada aktualisieren? In diesem Artikel erfahren Sie, wie Sie eine eTA \u00e4ndern\" \/>\n<meta name=\"robots\" content=\"index, follow, max-snippet:-1, max-image-preview:large, max-video-preview:-1\" \/>\n<link rel=\"canonical\" href=\"https:\/\/ave-eta-canada.com\/de\/wie-aendere-ich-eine-eta-autorisierung-fuer-kanada\/\" \/>\n<meta property=\"og:locale\" content=\"de_DE\" \/>\n<meta property=\"og:type\" content=\"article\" \/>\n<meta property=\"og:title\" content=\"Wie \u00e4ndere ich eine eTA-Genehmigung f\u00fcr Kanada?\" \/>\n<meta property=\"og:description\" content=\"M\u00f6chten Sie die Informationen zu Ihrer Reisegenehmigung nach Kanada aktualisieren? In diesem Artikel erfahren Sie, wie Sie eine eTA \u00e4ndern\" \/>\n<meta property=\"og:url\" content=\"https:\/\/ave-eta-canada.com\/de\/wie-aendere-ich-eine-eta-autorisierung-fuer-kanada\/\" \/>\n<meta property=\"og:site_name\" content=\"KANADA VISUM\" \/>\n<meta property=\"article:modified_time\" content=\"2022-05-14T20:35:19+00:00\" \/>\n<meta name=\"twitter:card\" content=\"summary_large_image\" \/>\n<meta name=\"twitter:label1\" content=\"Gesch\u00e4tzte Lesezeit\" \/>\n\t<meta name=\"twitter:data1\" content=\"4\u00a0Minuten\" \/>\n<script type=\"application\/ld+json\" class=\"yoast-schema-graph\">{\"@context\":\"https:\/\/schema.org\",\"@graph\":[{\"@type\":\"WebPage\",\"@id\":\"https:\/\/ave-eta-canada.com\/de\/wie-aendere-ich-eine-eta-autorisierung-fuer-kanada\/\",\"url\":\"https:\/\/ave-eta-canada.com\/de\/wie-aendere-ich-eine-eta-autorisierung-fuer-kanada\/\",\"name\":\"Wie \u00e4ndere ich eine eTA-Genehmigung f\u00fcr Kanada?\",\"isPartOf\":{\"@id\":\"https:\/\/ave-eta-canada.com\/de\/#website\"},\"datePublished\":\"2020-04-26T12:44:40+00:00\",\"dateModified\":\"2022-05-14T20:35:19+00:00\",\"description\":\"M\u00f6chten Sie die Informationen zu Ihrer Reisegenehmigung nach Kanada aktualisieren? In diesem Artikel erfahren Sie, wie Sie eine eTA \u00e4ndern\",\"breadcrumb\":{\"@id\":\"https:\/\/ave-eta-canada.com\/de\/wie-aendere-ich-eine-eta-autorisierung-fuer-kanada\/#breadcrumb\"},\"inLanguage\":\"de\",\"potentialAction\":[{\"@type\":\"ReadAction\",\"target\":[\"https:\/\/ave-eta-canada.com\/de\/wie-aendere-ich-eine-eta-autorisierung-fuer-kanada\/\"]}]},{\"@type\":\"BreadcrumbList\",\"@id\":\"https:\/\/ave-eta-canada.com\/de\/wie-aendere-ich-eine-eta-autorisierung-fuer-kanada\/#breadcrumb\",\"itemListElement\":[{\"@type\":\"ListItem\",\"position\":1,\"name\":\"Home\",\"item\":\"https:\/\/ave-eta-canada.com\/de\/\"},{\"@type\":\"ListItem\",\"position\":2,\"name\":\"Wie \u00e4ndere ich eine eTA-Genehmigung f\u00fcr Kanada?\"}]},{\"@type\":\"WebSite\",\"@id\":\"https:\/\/ave-eta-canada.com\/de\/#website\",\"url\":\"https:\/\/ave-eta-canada.com\/de\/\",\"name\":\"KANADA VISUM\",\"description\":\"Autorisation Voyage Electronique\",\"potentialAction\":[{\"@type\":\"SearchAction\",\"target\":{\"@type\":\"EntryPoint\",\"urlTemplate\":\"https:\/\/ave-eta-canada.com\/de\/?s={search_term_string}\"},\"query-input\":{\"@type\":\"PropertyValueSpecification\",\"valueRequired\":true,\"valueName\":\"search_term_string\"}}],\"inLanguage\":\"de\"}]}<\/script>\n<!-- \/ Yoast SEO plugin. -->","yoast_head_json":{"title":"Wie \u00e4ndere ich eine eTA-Genehmigung f\u00fcr Kanada?","description":"M\u00f6chten Sie die Informationen zu Ihrer Reisegenehmigung nach Kanada aktualisieren? In diesem Artikel erfahren Sie, wie Sie eine eTA \u00e4ndern","robots":{"index":"index","follow":"follow","max-snippet":"max-snippet:-1","max-image-preview":"max-image-preview:large","max-video-preview":"max-video-preview:-1"},"canonical":"https:\/\/ave-eta-canada.com\/de\/wie-aendere-ich-eine-eta-autorisierung-fuer-kanada\/","og_locale":"de_DE","og_type":"article","og_title":"Wie \u00e4ndere ich eine eTA-Genehmigung f\u00fcr Kanada?","og_description":"M\u00f6chten Sie die Informationen zu Ihrer Reisegenehmigung nach Kanada aktualisieren? In diesem Artikel erfahren Sie, wie Sie eine eTA \u00e4ndern","og_url":"https:\/\/ave-eta-canada.com\/de\/wie-aendere-ich-eine-eta-autorisierung-fuer-kanada\/","og_site_name":"KANADA VISUM","article_modified_time":"2022-05-14T20:35:19+00:00","twitter_card":"summary_large_image","twitter_misc":{"Gesch\u00e4tzte Lesezeit":"4\u00a0Minuten"},"schema":{"@context":"https:\/\/schema.org","@graph":[{"@type":"WebPage","@id":"https:\/\/ave-eta-canada.com\/de\/wie-aendere-ich-eine-eta-autorisierung-fuer-kanada\/","url":"https:\/\/ave-eta-canada.com\/de\/wie-aendere-ich-eine-eta-autorisierung-fuer-kanada\/","name":"Wie \u00e4ndere ich eine eTA-Genehmigung f\u00fcr Kanada?","isPartOf":{"@id":"https:\/\/ave-eta-canada.com\/de\/#website"},"datePublished":"2020-04-26T12:44:40+00:00","dateModified":"2022-05-14T20:35:19+00:00","description":"M\u00f6chten Sie die Informationen zu Ihrer Reisegenehmigung nach Kanada aktualisieren? In diesem Artikel erfahren Sie, wie Sie eine eTA \u00e4ndern","breadcrumb":{"@id":"https:\/\/ave-eta-canada.com\/de\/wie-aendere-ich-eine-eta-autorisierung-fuer-kanada\/#breadcrumb"},"inLanguage":"de","potentialAction":[{"@type":"ReadAction","target":["https:\/\/ave-eta-canada.com\/de\/wie-aendere-ich-eine-eta-autorisierung-fuer-kanada\/"]}]},{"@type":"BreadcrumbList","@id":"https:\/\/ave-eta-canada.com\/de\/wie-aendere-ich-eine-eta-autorisierung-fuer-kanada\/#breadcrumb","itemListElement":[{"@type":"ListItem","position":1,"name":"Home","item":"https:\/\/ave-eta-canada.com\/de\/"},{"@type":"ListItem","position":2,"name":"Wie \u00e4ndere ich eine eTA-Genehmigung f\u00fcr Kanada?"}]},{"@type":"WebSite","@id":"https:\/\/ave-eta-canada.com\/de\/#website","url":"https:\/\/ave-eta-canada.com\/de\/","name":"KANADA VISUM","description":"Autorisation Voyage Electronique","potentialAction":[{"@type":"SearchAction","target":{"@type":"EntryPoint","urlTemplate":"https:\/\/ave-eta-canada.com\/de\/?s={search_term_string}"},"query-input":{"@type":"PropertyValueSpecification","valueRequired":true,"valueName":"search_term_string"}}],"inLanguage":"de"}]}},"_links":{"self":[{"href":"https:\/\/ave-eta-canada.com\/de\/wp-json\/wp\/v2\/pages\/963","targetHints":{"allow":["GET"]}}],"collection":[{"href":"https:\/\/ave-eta-canada.com\/de\/wp-json\/wp\/v2\/pages"}],"about":[{"href":"https:\/\/ave-eta-canada.com\/de\/wp-json\/wp\/v2\/types\/page"}],"author":[{"embeddable":true,"href":"https:\/\/ave-eta-canada.com\/de\/wp-json\/wp\/v2\/users\/1"}],"replies":[{"embeddable":true,"href":"https:\/\/ave-eta-canada.com\/de\/wp-json\/wp\/v2\/comments?post=963"}],"version-history":[{"count":0,"href":"https:\/\/ave-eta-canada.com\/de\/wp-json\/wp\/v2\/pages\/963\/revisions"}],"wp:attachment":[{"href":"https:\/\/ave-eta-canada.com\/de\/wp-json\/wp\/v2\/media?parent=963"}],"curies":[{"name":"wp","href":"https:\/\/api.w.org\/{rel}","templated":true}]}}