{"id":965,"date":"2020-04-26T13:51:11","date_gmt":"2020-04-26T13:51:11","guid":{"rendered":"https:\/\/ave-eta-canada.com\/wie-absolviere-ich-eine-eta-um-nach-kanada-zu-reisen\/"},"modified":"2022-05-14T20:38:24","modified_gmt":"2022-05-14T20:38:24","slug":"wie-absolviere-ich-eine-eta-um-nach-kanada-zu-reisen","status":"publish","type":"page","link":"https:\/\/ave-eta-canada.com\/de\/wie-absolviere-ich-eine-eta-um-nach-kanada-zu-reisen\/","title":{"rendered":"So f\u00fcllen Sie eine eTA aus, um nach Kanada zu reisen"},"content":{"rendered":"\n<h1 class=\"wp-block-heading\">So f\u00fcllen Sie eine eTA f\u00fcr Kanada aus<\/h1>\n\n<p>Die <a href=\"https:\/\/ave-eta-canada.com\/de\/\">elektronische Reisegenehmigung<\/a> (eTA) erm\u00f6glicht Staatsangeh\u00f6rigen von L\u00e4ndern des kanadischen Visa-Waiver-Programms die Einreise nach Kanada auf dem Luftweg, wodurch umst\u00e4ndliche Verfahren vermieden werden. Da die Autorisierung elektronisch erfolgt, ist sie mit dem Reisepass des Reisenden verkn\u00fcpft.<\/p>\n\n<p><strong>Bei einem Aufenthalt von weniger als 6 Monaten in Kanada<\/strong> : Sie k\u00f6nnen die Formalit\u00e4ten f\u00fcr die Einreise nach Kanada direkt \u00fcber das Internet erledigen, indem Sie auf <a href=\"https:\/\/ave-eta-canada.com\/de\/ave-kanada-online-formular\/\">das Online-Formular<\/a> klicken. Es ist nicht erforderlich, einen Termin bei der kanadischen Botschaft oder dem kanadischen Konsulat zu vereinbaren.<br\/><br\/><\/p>\n\n<h2 class=\"wp-block-heading\">Warum muss ich eine eTA f\u00fcr Kanada ausf\u00fcllen?<\/h2>\n\n<p>In der Vergangenheit war es zwingend erforderlich, ein Kanada-Visum zu beantragen, um dorthin zu reisen. Von nun an ist es m\u00f6glich, diese vielen Schritte zu vermeiden, es reicht aus <a href=\"https:\/\/ave-eta-canada.com\/de\/wie-absolviere-ich-eine-eta-um-nach-kanada-zu-reisen\/\">eine eTA ausf\u00fcllen<\/a> , um eine Aufenthaltserlaubnis f\u00fcr Kanada zu erhalten, auch genannt<a href=\"https:\/\/ave-eta-canada.com\/de\/was-ist-eta-kanada\/\"> eTA (Elektronische Reisegenehmigung).<\/a> Wenn Sie schon einmal in die Vereinigten Staaten von Amerika gereist sind, kennen Sie sicherlich das ESTA (Electronic System for Travel Authorization), das die Gr\u00fcndung des eTA inspirierte. Bevor Sie wissen, wie Sie eine eTA f\u00fcr die Einreise nach Kanada ausf\u00fcllen, ist es wichtig herauszufinden, ob Sie berechtigt sind und welche Rolle sie spielt.<\/p>\n\n<h3 class=\"wp-block-heading\">Ist die AVE f\u00fcr alle zug\u00e4nglich?<\/h3>\n\n<p>Wie bei der ESTA-Genehmigung f\u00fcr die USA m\u00fcssen Ausl\u00e4nder bestimmte Bedingungen erf\u00fcllen, um von der eTA f\u00fcr die Einreise nach Kanada profitieren zu k\u00f6nnen.<\/p>\n\n<p>Hier sind die verschiedenen Zulassungskriterien:<\/p>\n\n<ul class=\"wp-block-list\"><li>der Reisende muss Staatsb\u00fcrger eines der von der Visumpflicht befreiten kanadischen L\u00e4nder sein;<\/li><li>die Reise erfolgt auf dem Luftweg;<\/li><li>der Aufenthalt in Kanada die von der kanadischen Regierung gew\u00e4hrten sechs Monate nicht \u00fcberschreitet;<\/li><li>der Reisende darf nicht zur Arbeit oder zum Studium kommen, die Genehmigung berechtigt nur zum Besuch Kanadas oder zur Durchf\u00fchrung einer Durchreise;<\/li><li>Der Reisende muss einen biometrischen Reisepass oder einen elektronischen Reisepass haben (g\u00fcltiger Reisepass, achten Sie auf das Ablaufdatum).<\/li><\/ul>\n\n<p>Wenn Sie nicht alle <a href=\"https:\/\/ave-eta-canada.com\/de\/alles-ueber-die-eta-bedingungen-fuer-reisen-nach-kanada\/\">Anforderungen f\u00fcr die eTA erf\u00fcllen<\/a> , k\u00f6nnen Sie das Formular nicht ausf\u00fcllen. In diesem Fall m\u00fcssen Sie bei der n\u00e4chstgelegenen kanadischen Botschaft ein Visum beantragen.<\/p>\n\n<h3 class=\"wp-block-heading\">Was erlaubt es Ihnen zu tun?<\/h3>\n\n<p>Das eTA verh\u00e4lt sich nicht wie ein Visum. Somit erlaubt Ihnen die Genehmigung, das Flugzeug nach Kanada zu besteigen, aber nur der Zollagent hat die Befugnis, Sie in kanadischen Boden einreisen zu lassen. Die vom Zollbeamten durchgef\u00fchrte \u00dcberpr\u00fcfungsphase ist entscheidend f\u00fcr Ihre Einreise in das kanadische Hoheitsgebiet. Wenn Sie den Grenzdienst absolviert haben, d\u00fcrfen Sie sich maximal sechs Monate in Kanada aufhalten.<br\/><br\/><\/p>\n\n<h2 class=\"wp-block-heading\">F\u00fcllen Sie die eTA online aus<\/h2>\n\n<p>Jetzt, da Sie die N\u00fctzlichkeit der Genehmigung kennen und festgestellt haben, dass Sie berechtigt sind, m\u00fcssen Sie nur noch wissen, wie Sie die eTA ausf\u00fcllen, um Ihre Genehmigung so schnell wie m\u00f6glich zu erhalten. Der eTA-Fragebogen basiert auf dem gleichen Muster wie das ESTA-Formular. Der Reisende hat die Wahl, eine eTA auszuf\u00fcllen, da dies auf der Website der kanadischen Regierung m\u00f6glich ist, aber auch auf einer privaten Website, die auf diese Genehmigungsanfrage spezialisiert ist. Der Preis der Online-Anfrage variiert je nach Wahl der Bestellseite.<\/p>\n\n<h3 class=\"wp-block-heading\">Vervollst\u00e4ndigen Sie den eTA auf einer spezialisierten Website<\/h3>\n\n<p>Sie k\u00f6nnen die eTA auf einer privaten Website wie der unseres Partners ausf\u00fcllen, Sie m\u00fcssen Ihren Reisepass und eine Zahlungskarte haben. Beim Ausf\u00fcllen des Online-Formulars werden Sie nur um wenige Informationen gebeten, denn unser Mitarbeiter k\u00fcmmert sich um alles andere. Ein Team ist daf\u00fcr verantwortlich, alle Ihre pers\u00f6nlichen Daten sorgf\u00e4ltig zu pr\u00fcfen, bevor sie an die Beh\u00f6rden \u00fcbermittelt werden. Das <a href=\"https:\/\/ave-eta-canada.com\/de\/fuellen-sie-das-eta-formular-fuer-kanada-aus\/\">eTA-Formular<\/a> besteht aus folgenden Feldern:<\/p>\n\n<ul class=\"wp-block-list\"><li>die Anzahl der Anfragen;<\/li><li>die Art des verwendeten Reisepasses;<\/li><li>Ausweisnummer;<\/li><li>das im Ausweis angegebene Land der Staatsangeh\u00f6rigkeit;<\/li><li>Vorname ;<\/li><li>Der Nachname ;<\/li><li>und eine g\u00fcltige E-Mail-Adresse.<\/li><\/ul>\n\n<p>Sie m\u00fcssen die Antragsgeb\u00fchr bezahlen, um Ihren Antrag zu validieren. Vergessen Sie nicht, Ihre Informationen vor diesem Schritt zu \u00fcberpr\u00fcfen, insbesondere die Passnummer.<\/p>\n\n<h3 class=\"wp-block-heading\">F\u00fcllen Sie die eTA auf der offiziellen Website der kanadischen Regierung aus<\/h3>\n\n<p>Um eine eTA auf der Website der kanadischen Regierung zu beantragen, ben\u00f6tigen Sie eine Kreditkarte, Ihren Reisepass und Ihre E-Mail-Adresse.<\/p>\n\n<p>Besuchen Sie die offizielle Website, die eTA-Anwendung ist in mehrere Teile gegliedert. Das eTA-Formular beginnt mit den pers\u00f6nlichen Daten des Antragstellers (Name, Vorname, Postanschrift, Telefonnummer, E-Mail-Adresse etc.), dann m\u00fcssen Sie die Art des verwendeten Reisepasses, das Ausstellungsland, die Staatsangeh\u00f6rigkeit sowie die Nummer angeben Reisepass\u2026 Au\u00dferdem werden weitere Informationen zu Ihrer beruflichen Situation, Ihren Kontaktdaten und Ihrer Reise abgefragt. Um das Ausf\u00fcllen der eTA abzuschlie\u00dfen, m\u00fcssen Sie nur noch ein paar Fragen zu Ihrer Rechts- und Krankengeschichte beantworten, dann das Einverst\u00e4ndnisk\u00e4stchen ankreuzen und Ihre Einreichung durch Zahlung der Geb\u00fchren validieren.<br\/><br\/><\/p>\n\n<h2 class=\"wp-block-heading\">Was passiert nach dem Ausf\u00fcllen eines eTA-Antrags?<\/h2>\n\n<p>Sie k\u00f6nnen die R\u00fccksendung von den kanadischen Beh\u00f6rden sehr schnell erhalten! Manche Reisende erhalten zwar schon nach wenigen Minuten eine R\u00fccksendung, es kann aber auch l\u00e4nger dauern, manchmal ein paar Tage. Sie erhalten eine E-Mail mit der eTA-Nummer, mit der Sie sp\u00e4ter <a href=\"https:\/\/ave-eta-canada.com\/de\/wie-ueberpruefe-ich-den-status-ihrer-eta-canada-anfrage\/\">den Status \u00fcberpr\u00fcfen k\u00f6nnen<\/a>.<\/p>\n\n<p>Ihre eTA ist f\u00fcnf Jahre g\u00fcltig, was bedeutet, dass Sie mehrmals nach Kanada reisen k\u00f6nnen, ohne sich jemals l\u00e4nger als sechs Monate auf kanadischem Territorium aufzuhalten. Alle Provinzen Kanadas stehen Ihnen offen: Quebec, Ontario, Aberta, British Columbia usw.<\/p>\n\n<p>Diese F\u00fcnf-Jahres-Regelung gilt nur, wenn Sie noch denselben Reisepass haben wie bei der Beantragung der eTA. Andernfalls m\u00fcssen Sie Ihre eTA erneuern.<\/p>\n\n<p>Gut zu wissen: Wenn Ihr eTA-Antrag abgelehnt wurde, haben Sie m\u00f6glicherweise einen Fehler im Formular gemacht, Sie k\u00f6nnen einen neuen Antrag stellen. Andernfalls ist die Einholung eines Visums bei den konsularischen Diensten unumg\u00e4nglich.<\/p>\n","protected":false},"excerpt":{"rendered":"<p>So f\u00fcllen Sie eine eTA f\u00fcr Kanada aus Die elektronische Reisegenehmigung (eTA) erm\u00f6glicht Staatsangeh\u00f6rigen von L\u00e4ndern des kanadischen Visa-Waiver-Programms die Einreise nach Kanada auf dem Luftweg, wodurch umst\u00e4ndliche Verfahren vermieden werden. Da die Autorisierung elektronisch erfolgt, ist sie mit dem Reisepass des Reisenden verkn\u00fcpft. Bei einem Aufenthalt von weniger als 6 Monaten in Kanada : [&hellip;]<\/p>\n","protected":false},"author":1,"featured_media":0,"parent":0,"menu_order":0,"comment_status":"closed","ping_status":"closed","template":"","meta":{"footnotes":""},"class_list":["post-965","page","type-page","status-publish","hentry"],"yoast_head":"<!-- This site is optimized with the Yoast SEO plugin v26.9 - https:\/\/yoast.com\/product\/yoast-seo-wordpress\/ -->\n<title>So f\u00fcllen Sie eine eTA aus, um nach Kanada zu reisen<\/title>\n<meta name=\"description\" content=\"F\u00fchrt Ihre n\u00e4chste Reise nach Kanada? Um diesen Aufenthalt durchf\u00fchren zu k\u00f6nnen, m\u00fcssen Sie ein AVE absolvieren. Wie das geht, erfahren Sie in diesem Artikel.\" \/>\n<meta name=\"robots\" content=\"index, follow, max-snippet:-1, max-image-preview:large, max-video-preview:-1\" \/>\n<link rel=\"canonical\" href=\"https:\/\/ave-eta-canada.com\/de\/wie-absolviere-ich-eine-eta-um-nach-kanada-zu-reisen\/\" \/>\n<meta property=\"og:locale\" content=\"de_DE\" \/>\n<meta property=\"og:type\" content=\"article\" \/>\n<meta property=\"og:title\" content=\"So f\u00fcllen Sie eine eTA aus, um nach Kanada zu reisen\" \/>\n<meta property=\"og:description\" content=\"F\u00fchrt Ihre n\u00e4chste Reise nach Kanada? Um diesen Aufenthalt durchf\u00fchren zu k\u00f6nnen, m\u00fcssen Sie ein AVE absolvieren. Wie das geht, erfahren Sie in diesem Artikel.\" \/>\n<meta property=\"og:url\" content=\"https:\/\/ave-eta-canada.com\/de\/wie-absolviere-ich-eine-eta-um-nach-kanada-zu-reisen\/\" \/>\n<meta property=\"og:site_name\" content=\"KANADA VISUM\" \/>\n<meta property=\"article:modified_time\" content=\"2022-05-14T20:38:24+00:00\" \/>\n<meta name=\"twitter:card\" content=\"summary_large_image\" \/>\n<meta name=\"twitter:label1\" content=\"Gesch\u00e4tzte Lesezeit\" \/>\n\t<meta name=\"twitter:data1\" content=\"5\u00a0Minuten\" \/>\n<script type=\"application\/ld+json\" class=\"yoast-schema-graph\">{\"@context\":\"https:\/\/schema.org\",\"@graph\":[{\"@type\":\"WebPage\",\"@id\":\"https:\/\/ave-eta-canada.com\/de\/wie-absolviere-ich-eine-eta-um-nach-kanada-zu-reisen\/\",\"url\":\"https:\/\/ave-eta-canada.com\/de\/wie-absolviere-ich-eine-eta-um-nach-kanada-zu-reisen\/\",\"name\":\"So f\u00fcllen Sie eine eTA aus, um nach Kanada zu reisen\",\"isPartOf\":{\"@id\":\"https:\/\/ave-eta-canada.com\/de\/#website\"},\"datePublished\":\"2020-04-26T13:51:11+00:00\",\"dateModified\":\"2022-05-14T20:38:24+00:00\",\"description\":\"F\u00fchrt Ihre n\u00e4chste Reise nach Kanada? Um diesen Aufenthalt durchf\u00fchren zu k\u00f6nnen, m\u00fcssen Sie ein AVE absolvieren. Wie das geht, erfahren Sie in diesem Artikel.\",\"breadcrumb\":{\"@id\":\"https:\/\/ave-eta-canada.com\/de\/wie-absolviere-ich-eine-eta-um-nach-kanada-zu-reisen\/#breadcrumb\"},\"inLanguage\":\"de\",\"potentialAction\":[{\"@type\":\"ReadAction\",\"target\":[\"https:\/\/ave-eta-canada.com\/de\/wie-absolviere-ich-eine-eta-um-nach-kanada-zu-reisen\/\"]}]},{\"@type\":\"BreadcrumbList\",\"@id\":\"https:\/\/ave-eta-canada.com\/de\/wie-absolviere-ich-eine-eta-um-nach-kanada-zu-reisen\/#breadcrumb\",\"itemListElement\":[{\"@type\":\"ListItem\",\"position\":1,\"name\":\"Home\",\"item\":\"https:\/\/ave-eta-canada.com\/de\/\"},{\"@type\":\"ListItem\",\"position\":2,\"name\":\"So f\u00fcllen Sie eine eTA aus, um nach Kanada zu reisen\"}]},{\"@type\":\"WebSite\",\"@id\":\"https:\/\/ave-eta-canada.com\/de\/#website\",\"url\":\"https:\/\/ave-eta-canada.com\/de\/\",\"name\":\"KANADA VISUM\",\"description\":\"Autorisation Voyage Electronique\",\"potentialAction\":[{\"@type\":\"SearchAction\",\"target\":{\"@type\":\"EntryPoint\",\"urlTemplate\":\"https:\/\/ave-eta-canada.com\/de\/?s={search_term_string}\"},\"query-input\":{\"@type\":\"PropertyValueSpecification\",\"valueRequired\":true,\"valueName\":\"search_term_string\"}}],\"inLanguage\":\"de\"}]}<\/script>\n<!-- \/ Yoast SEO plugin. -->","yoast_head_json":{"title":"So f\u00fcllen Sie eine eTA aus, um nach Kanada zu reisen","description":"F\u00fchrt Ihre n\u00e4chste Reise nach Kanada? Um diesen Aufenthalt durchf\u00fchren zu k\u00f6nnen, m\u00fcssen Sie ein AVE absolvieren. Wie das geht, erfahren Sie in diesem Artikel.","robots":{"index":"index","follow":"follow","max-snippet":"max-snippet:-1","max-image-preview":"max-image-preview:large","max-video-preview":"max-video-preview:-1"},"canonical":"https:\/\/ave-eta-canada.com\/de\/wie-absolviere-ich-eine-eta-um-nach-kanada-zu-reisen\/","og_locale":"de_DE","og_type":"article","og_title":"So f\u00fcllen Sie eine eTA aus, um nach Kanada zu reisen","og_description":"F\u00fchrt Ihre n\u00e4chste Reise nach Kanada? Um diesen Aufenthalt durchf\u00fchren zu k\u00f6nnen, m\u00fcssen Sie ein AVE absolvieren. Wie das geht, erfahren Sie in diesem Artikel.","og_url":"https:\/\/ave-eta-canada.com\/de\/wie-absolviere-ich-eine-eta-um-nach-kanada-zu-reisen\/","og_site_name":"KANADA VISUM","article_modified_time":"2022-05-14T20:38:24+00:00","twitter_card":"summary_large_image","twitter_misc":{"Gesch\u00e4tzte Lesezeit":"5\u00a0Minuten"},"schema":{"@context":"https:\/\/schema.org","@graph":[{"@type":"WebPage","@id":"https:\/\/ave-eta-canada.com\/de\/wie-absolviere-ich-eine-eta-um-nach-kanada-zu-reisen\/","url":"https:\/\/ave-eta-canada.com\/de\/wie-absolviere-ich-eine-eta-um-nach-kanada-zu-reisen\/","name":"So f\u00fcllen Sie eine eTA aus, um nach Kanada zu reisen","isPartOf":{"@id":"https:\/\/ave-eta-canada.com\/de\/#website"},"datePublished":"2020-04-26T13:51:11+00:00","dateModified":"2022-05-14T20:38:24+00:00","description":"F\u00fchrt Ihre n\u00e4chste Reise nach Kanada? Um diesen Aufenthalt durchf\u00fchren zu k\u00f6nnen, m\u00fcssen Sie ein AVE absolvieren. Wie das geht, erfahren Sie in diesem Artikel.","breadcrumb":{"@id":"https:\/\/ave-eta-canada.com\/de\/wie-absolviere-ich-eine-eta-um-nach-kanada-zu-reisen\/#breadcrumb"},"inLanguage":"de","potentialAction":[{"@type":"ReadAction","target":["https:\/\/ave-eta-canada.com\/de\/wie-absolviere-ich-eine-eta-um-nach-kanada-zu-reisen\/"]}]},{"@type":"BreadcrumbList","@id":"https:\/\/ave-eta-canada.com\/de\/wie-absolviere-ich-eine-eta-um-nach-kanada-zu-reisen\/#breadcrumb","itemListElement":[{"@type":"ListItem","position":1,"name":"Home","item":"https:\/\/ave-eta-canada.com\/de\/"},{"@type":"ListItem","position":2,"name":"So f\u00fcllen Sie eine eTA aus, um nach Kanada zu reisen"}]},{"@type":"WebSite","@id":"https:\/\/ave-eta-canada.com\/de\/#website","url":"https:\/\/ave-eta-canada.com\/de\/","name":"KANADA VISUM","description":"Autorisation Voyage Electronique","potentialAction":[{"@type":"SearchAction","target":{"@type":"EntryPoint","urlTemplate":"https:\/\/ave-eta-canada.com\/de\/?s={search_term_string}"},"query-input":{"@type":"PropertyValueSpecification","valueRequired":true,"valueName":"search_term_string"}}],"inLanguage":"de"}]}},"_links":{"self":[{"href":"https:\/\/ave-eta-canada.com\/de\/wp-json\/wp\/v2\/pages\/965","targetHints":{"allow":["GET"]}}],"collection":[{"href":"https:\/\/ave-eta-canada.com\/de\/wp-json\/wp\/v2\/pages"}],"about":[{"href":"https:\/\/ave-eta-canada.com\/de\/wp-json\/wp\/v2\/types\/page"}],"author":[{"embeddable":true,"href":"https:\/\/ave-eta-canada.com\/de\/wp-json\/wp\/v2\/users\/1"}],"replies":[{"embeddable":true,"href":"https:\/\/ave-eta-canada.com\/de\/wp-json\/wp\/v2\/comments?post=965"}],"version-history":[{"count":0,"href":"https:\/\/ave-eta-canada.com\/de\/wp-json\/wp\/v2\/pages\/965\/revisions"}],"wp:attachment":[{"href":"https:\/\/ave-eta-canada.com\/de\/wp-json\/wp\/v2\/media?parent=965"}],"curies":[{"name":"wp","href":"https:\/\/api.w.org\/{rel}","templated":true}]}}