{"id":967,"date":"2020-04-26T14:11:43","date_gmt":"2020-04-26T14:11:43","guid":{"rendered":"https:\/\/ave-eta-canada.com\/wie-finde-ich-eine-eta\/"},"modified":"2022-05-14T20:42:05","modified_gmt":"2022-05-14T20:42:05","slug":"wie-finde-ich-eine-eta","status":"publish","type":"page","link":"https:\/\/ave-eta-canada.com\/de\/wie-finde-ich-eine-eta\/","title":{"rendered":"Wie finde ich einen eTA?"},"content":{"rendered":"\n<h1 class=\"wp-block-heading\">Verfahren zum Finden Ihrer kanadischen eTA<\/h1>\n\n<p>Kanada, seine pr\u00e4chtigen Landschaften, sein Ahornsirup und seine charmanten St\u00e4dte ziehen jedes Jahr viele Touristen an. <\/p>\n\n<p><strong>Bei einem Aufenthalt von weniger als 6 Monaten in Kanada<\/strong> : Sie k\u00f6nnen die Formalit\u00e4ten f\u00fcr die Einreise nach Kanada direkt \u00fcber das Internet erledigen, indem Sie auf <a href=\"https:\/\/ave-eta-canada.com\/de\/ave-kanada-online-formular\/\">das Online-Formular<\/a> klicken. Es ist nicht erforderlich, einen Termin bei der kanadischen Botschaft oder dem kanadischen Konsulat zu vereinbaren.<\/p>\n\n<p>Wenn Sie planen, nach Kanada zu reisen, erkl\u00e4ren wir Ihnen, <a href=\"https:\/\/ave-eta-canada.com\/de\/stellen-sie-einen-offiziellen-antrag-von-eta-canada\/\">wie Sie eine eTA beantragen.<\/a> Wenn Sie eine eTA beantragt haben, aber nicht wissen, wo Sie sie finden k\u00f6nnen, werden wir Ihnen schnell diese elektronische Reisegenehmigung vorlegen, bevor wir Ihnen erkl\u00e4ren, wie Sie sie finden.<\/p>\n\n<h2 class=\"wp-block-heading\">Was ist die eTA-Reisegenehmigung?<\/h2>\n\n<p>Bevor Sie Ihre eTA finden k\u00f6nnen, ist es wichtig zu wissen, was sie ist und vor allem zu verstehen, wie sie funktioniert.<\/p>\n\n<p><a href=\"https:\/\/ave-eta-canada.com\/de\/\">Die elektronische Reisegenehmigung eTA<\/a> ist obligatorisch, um f\u00fcr maximal 6 Monate nach Kanada reisen zu k\u00f6nnen oder um vor einem endg\u00fcltigen Bestimmungsort durchzureisen. B\u00fcrger bestimmter L\u00e4nder, einschlie\u00dflich Frankreichs, sind von der Visumpflicht befreit und k\u00f6nnen daher eine eTA beantragen, sofern sie einen g\u00fcltigen Reisepass haben. Beachten Sie, dass der Visumantrag viel komplizierter ist als der eTA-Antrag.<\/p>\n\n<p><a href=\"https:\/\/ave-eta-canada.com\/de\/gultigkeit-eta-kanada\/\">Die G\u00fcltigkeitsdauer der eTA<\/a> betr\u00e4gt f\u00fcnf Jahre, was Reisenden erlaubt, sich mehrmals auf kanadischem Hoheitsgebiet aufzuhalten, es sei denn, der mit dem Antrag verkn\u00fcpfte Reisepass ist nicht mehr g\u00fcltig. In diesem Fall m\u00fcssen Sie Ihren Reisepass erneuern und einen neuen eTA-Antrag stellen.<\/p>\n\n<p>Sie m\u00fcssen nicht zum Konsulat oder zur Botschaft gehen, um eine eTA zu beantragen. Es ist durchaus m\u00f6glich, <a href=\"https:\/\/ave-eta-canada.com\/de\/wann-muss-die-eta-genehmigung-fuer-kanada-beantragt-werden\/\">eine eTA auf der offiziellen Website der kanadischen Regierung zu beantragen<\/a> , Sie m\u00fcssen lediglich das Formular ausf\u00fcllen. Wenn Sie jedoch bei diesem Prozess unterst\u00fctzt werden m\u00f6chten, bieten einige private Websites wie unser Partner an, diese Aufgabe f\u00fcr Sie auszuf\u00fchren.<\/p>\n\n<p>Unabh\u00e4ngig von der Bestellmethode erhalten Sie innerhalb weniger Minuten eine Eingangsbest\u00e4tigung oder sogar den Vertrag. Die \u00dcberpr\u00fcfung kann jedoch l\u00e4nger dauern, normalerweise dauert sie jedoch nicht l\u00e4nger als ein paar Tage.<\/p>\n\n<p>Gut zu wissen: Mit dem eTA k\u00f6nnen Sie nach Kanada reisen, es ist jedoch nur ein Pass, der es Ihnen erm\u00f6glicht, kanadischen Boden zu erreichen, Sie m\u00fcssen vor der Abreise noch durch den Zoll gehen, um Ihren Aufenthalt in vollen Z\u00fcgen genie\u00dfen zu k\u00f6nnen.<\/p>\n\n<p>Haben Sie eine eTA beantragt, indem Sie das auf der offiziellen Website oder einer privaten Plattform bereitgestellte <a href=\"https:\/\/ave-eta-canada.com\/de\/wie-absolviere-ich-eine-eta-um-nach-kanada-zu-reisen\/\">Online-Formular<\/a> ausgef\u00fcllt haben, und k\u00f6nnen es nicht mehr finden? Wie Sie vorgehen, um Ihre eTA wiederzuerlangen, erkl\u00e4ren wir Ihnen im n\u00e4chsten Absatz!<br\/><br\/><\/p>\n\n<h2 class=\"wp-block-heading\">Verfahren zum Finden Ihrer eTA<\/h2>\n\n<p>Sie werden von Agenten am Flughafen nicht nach Ihrem eTA-Dokument gefragt. Tats\u00e4chlich wird Ihre Autorisierung einfach mit Ihrer Passnummer verkn\u00fcpft und von den elektronischen Systemen erfasst. Alles, was Sie tun m\u00fcssen, ist, beim Einchecken vor dem Flug nach Kanada und beim Passieren des Zolls Ihren g\u00fcltigen Reisepass vorzulegen.<\/p>\n\n<p>Wenn Sie jedoch vor Ihrer Abreise \u00fcberpr\u00fcfen m\u00f6chten, ob Sie die Genehmigung erhalten haben, k\u00f6nnen Sie deren Status online einsehen. Unabh\u00e4ngig davon, ob Sie Ihre eTA auf der Plattform unseres Partners oder auf der Website der kanadischen Regierung bestellt haben, der Prozess, um sie zu finden, bleibt derselbe. Dazu m\u00fcssen Sie die offizielle Website besuchen. Eine Seite dient der \u00dcberpr\u00fcfung des Status der elektronischen Reisegenehmigung, auf der Sie die eTA abrufen k\u00f6nnen. Beachten Sie, dass Sie auf derselben Seite <a href=\"https:\/\/ave-eta-canada.com\/de\/wie-ueberpruefe-ich-den-status-ihrer-eta-canada-anfrage\/\">den Status Ihrer eTA \u00fcberpr\u00fcfen k\u00f6nnen<\/a> , wenn sie aussteht.<\/p>\n\n<p>Mehrere Felder m\u00fcssen ausgef\u00fcllt werden, Sie m\u00fcssen zuerst angeben, dass Sie der Inhaber einer eTA sind und dass Sie Ihre Akte einsehen m\u00f6chten, um sie wiederherzustellen. Sie m\u00fcssen dann Ihre eTA-Nummer mitbringen; letzteres wurde Ihnen per E-Mail zugesandt. Au\u00dferdem werden Sie nach Ihrer Passnummer, dem Ausstellungsland sowie Ausstellungs- und Ablaufdatum gefragt. Wenn Sie alle Informationen angegeben haben, klicken Sie auf \u201eStatus Ihrer Anfrage pr\u00fcfen\u201c.<\/p>\n\n<p>Hier sind Sie, Sie haben gerade Ihr eTA gefunden!<\/p>\n\n<p>F\u00fcr eine verlorene kanadische eTA muss das Suchverfahren auch auf der offiziellen Website der kanadischen Regierung durchgef\u00fchrt werden. Weitere Informationen finden Sie in diesem Artikel. <\/p>\n\n<p>Wir w\u00fcnschen Ihnen eine wunderbare Reise nach Kanada!<\/p>\n","protected":false},"excerpt":{"rendered":"<p>Verfahren zum Finden Ihrer kanadischen eTA Kanada, seine pr\u00e4chtigen Landschaften, sein Ahornsirup und seine charmanten St\u00e4dte ziehen jedes Jahr viele Touristen an. Bei einem Aufenthalt von weniger als 6 Monaten in Kanada : Sie k\u00f6nnen die Formalit\u00e4ten f\u00fcr die Einreise nach Kanada direkt \u00fcber das Internet erledigen, indem Sie auf das Online-Formular klicken. Es ist [&hellip;]<\/p>\n","protected":false},"author":1,"featured_media":0,"parent":0,"menu_order":0,"comment_status":"closed","ping_status":"closed","template":"","meta":{"footnotes":""},"class_list":["post-967","page","type-page","status-publish","hentry"],"yoast_head":"<!-- This site is optimized with the Yoast SEO plugin v26.9 - https:\/\/yoast.com\/product\/yoast-seo-wordpress\/ -->\n<title>Wie finde ich einen eTA?<\/title>\n<meta name=\"description\" content=\"Sie haben eine eTA beantragt und m\u00f6chten diese abrufen? Unsere Experten erkl\u00e4ren, wie Sie Ihre eTA schnell finden.\" \/>\n<meta name=\"robots\" content=\"index, follow, max-snippet:-1, max-image-preview:large, max-video-preview:-1\" \/>\n<link rel=\"canonical\" href=\"https:\/\/ave-eta-canada.com\/de\/wie-finde-ich-eine-eta\/\" \/>\n<meta property=\"og:locale\" content=\"de_DE\" \/>\n<meta property=\"og:type\" content=\"article\" \/>\n<meta property=\"og:title\" content=\"Wie finde ich einen eTA?\" \/>\n<meta property=\"og:description\" content=\"Sie haben eine eTA beantragt und m\u00f6chten diese abrufen? Unsere Experten erkl\u00e4ren, wie Sie Ihre eTA schnell finden.\" \/>\n<meta property=\"og:url\" content=\"https:\/\/ave-eta-canada.com\/de\/wie-finde-ich-eine-eta\/\" \/>\n<meta property=\"og:site_name\" content=\"KANADA VISUM\" \/>\n<meta property=\"article:modified_time\" content=\"2022-05-14T20:42:05+00:00\" \/>\n<meta name=\"twitter:card\" content=\"summary_large_image\" \/>\n<meta name=\"twitter:label1\" content=\"Gesch\u00e4tzte Lesezeit\" \/>\n\t<meta name=\"twitter:data1\" content=\"4\u00a0Minuten\" \/>\n<script type=\"application\/ld+json\" class=\"yoast-schema-graph\">{\"@context\":\"https:\/\/schema.org\",\"@graph\":[{\"@type\":\"WebPage\",\"@id\":\"https:\/\/ave-eta-canada.com\/de\/wie-finde-ich-eine-eta\/\",\"url\":\"https:\/\/ave-eta-canada.com\/de\/wie-finde-ich-eine-eta\/\",\"name\":\"Wie finde ich einen eTA?\",\"isPartOf\":{\"@id\":\"https:\/\/ave-eta-canada.com\/de\/#website\"},\"datePublished\":\"2020-04-26T14:11:43+00:00\",\"dateModified\":\"2022-05-14T20:42:05+00:00\",\"description\":\"Sie haben eine eTA beantragt und m\u00f6chten diese abrufen? Unsere Experten erkl\u00e4ren, wie Sie Ihre eTA schnell finden.\",\"breadcrumb\":{\"@id\":\"https:\/\/ave-eta-canada.com\/de\/wie-finde-ich-eine-eta\/#breadcrumb\"},\"inLanguage\":\"de\",\"potentialAction\":[{\"@type\":\"ReadAction\",\"target\":[\"https:\/\/ave-eta-canada.com\/de\/wie-finde-ich-eine-eta\/\"]}]},{\"@type\":\"BreadcrumbList\",\"@id\":\"https:\/\/ave-eta-canada.com\/de\/wie-finde-ich-eine-eta\/#breadcrumb\",\"itemListElement\":[{\"@type\":\"ListItem\",\"position\":1,\"name\":\"Home\",\"item\":\"https:\/\/ave-eta-canada.com\/de\/\"},{\"@type\":\"ListItem\",\"position\":2,\"name\":\"Wie finde ich einen eTA?\"}]},{\"@type\":\"WebSite\",\"@id\":\"https:\/\/ave-eta-canada.com\/de\/#website\",\"url\":\"https:\/\/ave-eta-canada.com\/de\/\",\"name\":\"KANADA VISUM\",\"description\":\"Autorisation Voyage Electronique\",\"potentialAction\":[{\"@type\":\"SearchAction\",\"target\":{\"@type\":\"EntryPoint\",\"urlTemplate\":\"https:\/\/ave-eta-canada.com\/de\/?s={search_term_string}\"},\"query-input\":{\"@type\":\"PropertyValueSpecification\",\"valueRequired\":true,\"valueName\":\"search_term_string\"}}],\"inLanguage\":\"de\"}]}<\/script>\n<!-- \/ Yoast SEO plugin. -->","yoast_head_json":{"title":"Wie finde ich einen eTA?","description":"Sie haben eine eTA beantragt und m\u00f6chten diese abrufen? Unsere Experten erkl\u00e4ren, wie Sie Ihre eTA schnell finden.","robots":{"index":"index","follow":"follow","max-snippet":"max-snippet:-1","max-image-preview":"max-image-preview:large","max-video-preview":"max-video-preview:-1"},"canonical":"https:\/\/ave-eta-canada.com\/de\/wie-finde-ich-eine-eta\/","og_locale":"de_DE","og_type":"article","og_title":"Wie finde ich einen eTA?","og_description":"Sie haben eine eTA beantragt und m\u00f6chten diese abrufen? Unsere Experten erkl\u00e4ren, wie Sie Ihre eTA schnell finden.","og_url":"https:\/\/ave-eta-canada.com\/de\/wie-finde-ich-eine-eta\/","og_site_name":"KANADA VISUM","article_modified_time":"2022-05-14T20:42:05+00:00","twitter_card":"summary_large_image","twitter_misc":{"Gesch\u00e4tzte Lesezeit":"4\u00a0Minuten"},"schema":{"@context":"https:\/\/schema.org","@graph":[{"@type":"WebPage","@id":"https:\/\/ave-eta-canada.com\/de\/wie-finde-ich-eine-eta\/","url":"https:\/\/ave-eta-canada.com\/de\/wie-finde-ich-eine-eta\/","name":"Wie finde ich einen eTA?","isPartOf":{"@id":"https:\/\/ave-eta-canada.com\/de\/#website"},"datePublished":"2020-04-26T14:11:43+00:00","dateModified":"2022-05-14T20:42:05+00:00","description":"Sie haben eine eTA beantragt und m\u00f6chten diese abrufen? Unsere Experten erkl\u00e4ren, wie Sie Ihre eTA schnell finden.","breadcrumb":{"@id":"https:\/\/ave-eta-canada.com\/de\/wie-finde-ich-eine-eta\/#breadcrumb"},"inLanguage":"de","potentialAction":[{"@type":"ReadAction","target":["https:\/\/ave-eta-canada.com\/de\/wie-finde-ich-eine-eta\/"]}]},{"@type":"BreadcrumbList","@id":"https:\/\/ave-eta-canada.com\/de\/wie-finde-ich-eine-eta\/#breadcrumb","itemListElement":[{"@type":"ListItem","position":1,"name":"Home","item":"https:\/\/ave-eta-canada.com\/de\/"},{"@type":"ListItem","position":2,"name":"Wie finde ich einen eTA?"}]},{"@type":"WebSite","@id":"https:\/\/ave-eta-canada.com\/de\/#website","url":"https:\/\/ave-eta-canada.com\/de\/","name":"KANADA VISUM","description":"Autorisation Voyage Electronique","potentialAction":[{"@type":"SearchAction","target":{"@type":"EntryPoint","urlTemplate":"https:\/\/ave-eta-canada.com\/de\/?s={search_term_string}"},"query-input":{"@type":"PropertyValueSpecification","valueRequired":true,"valueName":"search_term_string"}}],"inLanguage":"de"}]}},"_links":{"self":[{"href":"https:\/\/ave-eta-canada.com\/de\/wp-json\/wp\/v2\/pages\/967","targetHints":{"allow":["GET"]}}],"collection":[{"href":"https:\/\/ave-eta-canada.com\/de\/wp-json\/wp\/v2\/pages"}],"about":[{"href":"https:\/\/ave-eta-canada.com\/de\/wp-json\/wp\/v2\/types\/page"}],"author":[{"embeddable":true,"href":"https:\/\/ave-eta-canada.com\/de\/wp-json\/wp\/v2\/users\/1"}],"replies":[{"embeddable":true,"href":"https:\/\/ave-eta-canada.com\/de\/wp-json\/wp\/v2\/comments?post=967"}],"version-history":[{"count":0,"href":"https:\/\/ave-eta-canada.com\/de\/wp-json\/wp\/v2\/pages\/967\/revisions"}],"wp:attachment":[{"href":"https:\/\/ave-eta-canada.com\/de\/wp-json\/wp\/v2\/media?parent=967"}],"curies":[{"name":"wp","href":"https:\/\/api.w.org\/{rel}","templated":true}]}}