{"id":969,"date":"2020-04-26T14:23:20","date_gmt":"2020-04-26T14:23:20","guid":{"rendered":"https:\/\/ave-eta-canada.com\/wie-finde-ich-eine-verlorene-canada-eta\/"},"modified":"2022-05-14T20:45:05","modified_gmt":"2022-05-14T20:45:05","slug":"wie-finde-ich-eine-verlorene-canada-eta","status":"publish","type":"page","link":"https:\/\/ave-eta-canada.com\/de\/wie-finde-ich-eine-verlorene-canada-eta\/","title":{"rendered":"Wie finde ich eine verlorene kanadische eTA?"},"content":{"rendered":"\n<h1 class=\"wp-block-heading\">Finden Sie eine verlorene kanadische eTA<\/h1>\n\n<p>Natur, Weite und ein herzliches Willkommen, Kanada ist ein Land mit vielen Ressourcen. Wie das ESTA f\u00fcr Reisen in die Vereinigten Staaten erfordert der Besuch Kanadas eine Reisegenehmigung, die es Ihnen erm\u00f6glicht, in das Land des hohen Nordens zu reisen.<\/p>\n\n<p><strong>Bei einem Aufenthalt von weniger als 6 Monaten in Kanada<\/strong> : Sie k\u00f6nnen die Formalit\u00e4ten f\u00fcr die Einreise nach Kanada direkt \u00fcber das Internet erledigen, indem Sie auf <a href=\"https:\/\/ave-eta-canada.com\/de\/ave-kanada-online-formular\/\">das Online-Formular<\/a> klicken. Es ist nicht erforderlich, einen Termin bei der kanadischen Botschaft oder dem kanadischen Konsulat zu vereinbaren.<\/p>\n\n<p>Wenn Sie Ihre elektronische eTA-Reisegenehmigung f\u00fcr Kanada erhalten haben, aber keinen Beweis mehr daf\u00fcr haben, geraten Sie nicht in Panik. Wir zeigen Ihnen das notwendige Verfahren, um Ihre verlorene kanadische eTA zu finden.<\/p>\n\n<h2 class=\"wp-block-heading\">Verfahren zur Wiederherstellung der verlorenen elektronischen Reisegenehmigung<\/h2>\n\n<p>Die eTA Canada oder Electronic Travel Authorization (oder eTA auf Englisch) ist ein offizielles Dokument, mit dem Sie ohne kanadisches Visum nach Kanada reisen k\u00f6nnen. Im Vergleich zum ESTA USA hat das eTA ein l\u00e4ngeres G\u00fcltigkeitsdatum und eine l\u00e4ngere Aufenthaltsdauer. Tats\u00e4chlich ist die kanadische eTA 5 Jahre ab Ausstellungsdatum g\u00fcltig und erlaubt eine <a href=\"https:\/\/ave-eta-canada.com\/de\/eta-canada-gueltigkeitsdauer\/\">maximale Reisezeit<\/a> von 6 Monaten auf kanadischem Land. <\/p>\n\n<p>Wenn Ihr eTA-Antrag validiert ist, erhalten Sie sp\u00e4testens 72 Stunden nach dem Absenden des Online-Formulars eine Eingangsbest\u00e4tigung von IRCC (Immigration, Refugees and Citizenship Canada) an die von Ihnen angegebene Adresse. In dieser E-Mail erhalten Sie eine Antragsnummer, die zum Auffinden Ihrer verlorenen elektronischen Reisegenehmigung verwendet wird. Die Beantwortung Ihrer Anfrage kann einige Minuten oder einige Tage dauern.<\/p>\n\n<p>Dank elektronischer Systeme ist Ihre Passnummer direkt mit der Nummer Ihrer verlorenen kanadischen eTA verkn\u00fcpft, die Sie in der Empfangsbest\u00e4tigung erhalten. Infolgedessen ben\u00f6tigen Sie weder die gedruckte Version Ihrer Genehmigung, um nach Kanada zu reisen, noch finden Sie Ihre <a href=\"https:\/\/ave-eta-canada.com\/de\/wie-finde-ich-eine-verlorene-canada-eta\/\">verlorene kanadische eTA,<\/a> da sie niemals verloren geht! Ihre eTA-Genehmigung ist weiterhin auf der Website der kanadischen Regierung gespeichert.<\/p>\n\n<p>Bei der Identit\u00e4tskontrolle beim Passieren des Zolls werden Sie vom Einwanderungsbeamten aufgefordert, Ihren g\u00fcltigen Reisepass (der die gesamte Dauer Ihrer Reise abdeckt) vorzulegen. Durch Ihren Reisepass wird es Ihre eTA finden, da sie elektronisch angeh\u00e4ngt ist. Der Agent kann Sie nach anderen Dokumenten wie Ihrem Ticket (R\u00fcckfahrticket oder Weiterflugticket zu Ihrem endg\u00fcltigen Ziel) fragen. Bei der Reise eines allein reisenden minderj\u00e4hrigen Kindes muss das Kind seinen Reisepass, eine Kopie der Geburtsurkunde und eine elterliche Vollmacht (Adressen und Telefonnummern der Eltern und der f\u00fcr das Kind verantwortlichen Person in Kanada) vorlegen.<\/p>\n\n<p>Hier sind einige Reisetipps, bevor Sie gehen:<\/p>\n\n<ul class=\"wp-block-list\"><li>\u00dcberpr\u00fcfen Sie die G\u00fcltigkeit Ihres elektronischen oder biometrischen Reisepasses (er darf w\u00e4hrend der Reise nicht ablaufen);<\/li><li>\u00dcberpr\u00fcfen Sie, ob die im Reisepass eingetragenen pers\u00f6nlichen Daten nach Erhalt der eTA (Adresse, Nachname, Vorname usw.) nicht ge\u00e4ndert wurden.<\/li><\/ul>\n\n<p>Wenn eines dieser beiden Elemente nicht eingehalten wird, gehen Sie kein Risiko ein und erneuern Sie Ihren Reisepass und beantragen Sie anschlie\u00dfend eine neue eTA-Genehmigung.<\/p>\n\n<h3 class=\"wp-block-heading\">Ich habe keine Best\u00e4tigungs-E-Mail erhalten<\/h3>\n\n<p>Nach dem Absenden Ihres eTA-Antragsformulars sollten Sie zwei E-Mails erhalten: eine Empfangsbest\u00e4tigung und die Antwort auf Ihren eTA-Antrag.<\/p>\n\n<p>Wenn Sie innerhalb von 72 Stunden keine Best\u00e4tigungs-E-Mail erhalten haben, die den Eingang Ihres Antrags best\u00e4tigt, m\u00fcssen Sie ein Formular auf der Online-Website der kanadischen Regierung ausf\u00fcllen, das so genannte IRCC-Webformular. Beachten Sie, dass es einige Tage dauern kann, bis Sie eine Antwort auf Ihre Anfrage erhalten.<\/p>\n\n<p>Achten Sie auch darauf, Ihre Junk-Mail zu \u00fcberpr\u00fcfen, da einige Filter IRCC-E-Mails blockieren k\u00f6nnen. Dies ist umso wichtiger, da Sie Ihre Antwort auch per E-Mail erhalten. Drei Szenarien sind m\u00f6glich:<\/p>\n\n<ul class=\"wp-block-list\"><li>Genehmigung, Ihre Anfrage wird validiert. Die E-Mail enth\u00e4lt Ihre eTA-Nummer, ihr Ablaufdatum und die betreffende Passnummer.<\/li><li>Bitte um zus\u00e4tzliche Informationen. Alle Anweisungen werden in der E-Mail aufgef\u00fchrt. Beachten Sie, dass Sie Ihren Antrag m\u00f6glicherweise w\u00e4hrend eines Gespr\u00e4chs mit einem Konsularbeamten bei der kanadischen Botschaft einreichen m\u00fcssen.<\/li><li>Ablehnung konnten die kanadischen Beh\u00f6rden Ihrem Antrag nicht nachkommen. Ein Visumantrag kann bei den konsularischen Diensten gestellt werden.<br\/><br\/><\/li><\/ul>\n\n<h2 class=\"wp-block-heading\">Wie \u00fcberpr\u00fcfe ich meinen eTA-Antrag?<\/h2>\n\n<p>Wenn Sie Ihre verlorene elektronische Reisegenehmigung finden m\u00f6chten, <a href=\"https:\/\/ave-eta-canada.com\/de\/wie-ueberpruefe-ich-den-status-ihrer-eta-canada-anfrage\/\">um den Status der eTA oder ihre G\u00fcltigkeit zu \u00fcberpr\u00fcfen<\/a> , gehen Sie einfach auf die private Website, die Sie besucht haben (und gehen Sie zu Ihrem pers\u00f6nlichen Bereich) oder auf die Website der kanadischen Regierung.<\/p>\n\n<p>Um eine verlorene kanadische eTA auf der offiziellen Website zu finden, ben\u00f6tigen Sie:<\/p>\n\n<ul class=\"wp-block-list\"><li>angeben, dass Sie Inhaber einer eTA sind und Ihre verlorene elektronische Reisegenehmigungsdatei einsehen m\u00f6chten;<\/li><li>Geben Sie die eTA-Nummer ein, die Ihnen zuvor per E-Mail zugesandt wurde.<\/li><li>geben Sie Ihre Passnummer, das Ausstellungsdatum und das Ablaufdatum ein;<\/li><li>Ihr Ausstellungsland;<\/li><li>Klicken Sie auf \u201eStatus Ihrer Anfrage pr\u00fcfen\u201c;<\/li><li>Und da haben Sie es, Sie haben Ihre verlorene kanadische eTA gefunden!<\/li><\/ul>\n\n<p>Dieses \u00dcberpr\u00fcfungstool funktioniert nur f\u00fcr Personen, die eine eTA f\u00fcr einen touristischen Aufenthalt, eine Gesch\u00e4ftsreise oder eine Transitreise beantragt haben, sowie f\u00fcr Personen, die ihren Reisepass erneuern mussten, nachdem sie ein Einf\u00fchrungsschreiben f\u00fcr ein IEC (International Experience Canada ). Allerdings ist das Tool nicht sinnvoll f\u00fcr Reisende, die ihre eTA automatisch zusammen mit ihrem Vorstellungsschreiben f\u00fcr eine Arbeits-, Praktikums- oder Studienerlaubnis erhalten haben.<br\/><br\/><\/p>\n\n<h2 class=\"wp-block-heading\">Soll ich meinen eTA-Antrag ausdrucken?<\/h2>\n\n<p>Es ist nicht notwendig, Ihre eTA auszudrucken, sie ist elektronisch mit Ihrem Reisepass verkn\u00fcpft. Mit anderen Worten, um Ihre eTA-Genehmigung vorzulegen, m\u00fcssen Sie mit dem Reisepass reisen, den Sie bei der Beantragung verwendet haben. <\/p>\n\n<p>Denken Sie schlie\u00dflich daran, dass die eTA-Genehmigung keine Genehmigung zur Einreise in kanadisches Hoheitsgebiet ist, sondern eine Reisegenehmigung. Das hei\u00dft, es berechtigt Sie, auf dem Luftweg nach Kanada einzureisen. Nach der Landung kann nur der kanadische Zoll Ihre Zul\u00e4ssigkeit beurteilen.<\/p>\n\n<p>F\u00fcr weitere Informationen zur eTA-Autorisierung geben wir Ihnen gerne einen Termin in unseren <a href=\"https:\/\/ave-eta-canada.com\/de\/faq-eta-canada\/\">FAQ<\/a> .<\/p>\n","protected":false},"excerpt":{"rendered":"<p>Finden Sie eine verlorene kanadische eTA Natur, Weite und ein herzliches Willkommen, Kanada ist ein Land mit vielen Ressourcen. Wie das ESTA f\u00fcr Reisen in die Vereinigten Staaten erfordert der Besuch Kanadas eine Reisegenehmigung, die es Ihnen erm\u00f6glicht, in das Land des hohen Nordens zu reisen. Bei einem Aufenthalt von weniger als 6 Monaten in [&hellip;]<\/p>\n","protected":false},"author":1,"featured_media":0,"parent":0,"menu_order":0,"comment_status":"closed","ping_status":"closed","template":"","meta":{"footnotes":""},"class_list":["post-969","page","type-page","status-publish","hentry"],"yoast_head":"<!-- This site is optimized with the Yoast SEO plugin v26.9 - https:\/\/yoast.com\/product\/yoast-seo-wordpress\/ -->\n<title>Wie finde ich eine verlorene kanadische eTA?<\/title>\n<meta name=\"description\" content=\"Sie hatten Ihre eTA f\u00fcr Kanada realisiert und erhalten, aber es ist Ihnen unm\u00f6glich, sie in die H\u00e4nde zu bekommen? In diesem Artikel finden Sie die zu befolgenden Schritte.\" \/>\n<meta name=\"robots\" content=\"index, follow, max-snippet:-1, max-image-preview:large, max-video-preview:-1\" \/>\n<link rel=\"canonical\" href=\"https:\/\/ave-eta-canada.com\/de\/wie-finde-ich-eine-verlorene-canada-eta\/\" \/>\n<meta property=\"og:locale\" content=\"de_DE\" \/>\n<meta property=\"og:type\" content=\"article\" \/>\n<meta property=\"og:title\" content=\"Wie finde ich eine verlorene kanadische eTA?\" \/>\n<meta property=\"og:description\" content=\"Sie hatten Ihre eTA f\u00fcr Kanada realisiert und erhalten, aber es ist Ihnen unm\u00f6glich, sie in die H\u00e4nde zu bekommen? In diesem Artikel finden Sie die zu befolgenden Schritte.\" \/>\n<meta property=\"og:url\" content=\"https:\/\/ave-eta-canada.com\/de\/wie-finde-ich-eine-verlorene-canada-eta\/\" \/>\n<meta property=\"og:site_name\" content=\"KANADA VISUM\" \/>\n<meta property=\"article:modified_time\" content=\"2022-05-14T20:45:05+00:00\" \/>\n<meta name=\"twitter:card\" content=\"summary_large_image\" \/>\n<meta name=\"twitter:label1\" content=\"Gesch\u00e4tzte Lesezeit\" \/>\n\t<meta name=\"twitter:data1\" content=\"5\u00a0Minuten\" \/>\n<script type=\"application\/ld+json\" class=\"yoast-schema-graph\">{\"@context\":\"https:\/\/schema.org\",\"@graph\":[{\"@type\":\"WebPage\",\"@id\":\"https:\/\/ave-eta-canada.com\/de\/wie-finde-ich-eine-verlorene-canada-eta\/\",\"url\":\"https:\/\/ave-eta-canada.com\/de\/wie-finde-ich-eine-verlorene-canada-eta\/\",\"name\":\"Wie finde ich eine verlorene kanadische eTA?\",\"isPartOf\":{\"@id\":\"https:\/\/ave-eta-canada.com\/de\/#website\"},\"datePublished\":\"2020-04-26T14:23:20+00:00\",\"dateModified\":\"2022-05-14T20:45:05+00:00\",\"description\":\"Sie hatten Ihre eTA f\u00fcr Kanada realisiert und erhalten, aber es ist Ihnen unm\u00f6glich, sie in die H\u00e4nde zu bekommen? In diesem Artikel finden Sie die zu befolgenden Schritte.\",\"breadcrumb\":{\"@id\":\"https:\/\/ave-eta-canada.com\/de\/wie-finde-ich-eine-verlorene-canada-eta\/#breadcrumb\"},\"inLanguage\":\"de\",\"potentialAction\":[{\"@type\":\"ReadAction\",\"target\":[\"https:\/\/ave-eta-canada.com\/de\/wie-finde-ich-eine-verlorene-canada-eta\/\"]}]},{\"@type\":\"BreadcrumbList\",\"@id\":\"https:\/\/ave-eta-canada.com\/de\/wie-finde-ich-eine-verlorene-canada-eta\/#breadcrumb\",\"itemListElement\":[{\"@type\":\"ListItem\",\"position\":1,\"name\":\"Home\",\"item\":\"https:\/\/ave-eta-canada.com\/de\/\"},{\"@type\":\"ListItem\",\"position\":2,\"name\":\"Wie finde ich eine verlorene kanadische eTA?\"}]},{\"@type\":\"WebSite\",\"@id\":\"https:\/\/ave-eta-canada.com\/de\/#website\",\"url\":\"https:\/\/ave-eta-canada.com\/de\/\",\"name\":\"KANADA VISUM\",\"description\":\"Autorisation Voyage Electronique\",\"potentialAction\":[{\"@type\":\"SearchAction\",\"target\":{\"@type\":\"EntryPoint\",\"urlTemplate\":\"https:\/\/ave-eta-canada.com\/de\/?s={search_term_string}\"},\"query-input\":{\"@type\":\"PropertyValueSpecification\",\"valueRequired\":true,\"valueName\":\"search_term_string\"}}],\"inLanguage\":\"de\"}]}<\/script>\n<!-- \/ Yoast SEO plugin. -->","yoast_head_json":{"title":"Wie finde ich eine verlorene kanadische eTA?","description":"Sie hatten Ihre eTA f\u00fcr Kanada realisiert und erhalten, aber es ist Ihnen unm\u00f6glich, sie in die H\u00e4nde zu bekommen? In diesem Artikel finden Sie die zu befolgenden Schritte.","robots":{"index":"index","follow":"follow","max-snippet":"max-snippet:-1","max-image-preview":"max-image-preview:large","max-video-preview":"max-video-preview:-1"},"canonical":"https:\/\/ave-eta-canada.com\/de\/wie-finde-ich-eine-verlorene-canada-eta\/","og_locale":"de_DE","og_type":"article","og_title":"Wie finde ich eine verlorene kanadische eTA?","og_description":"Sie hatten Ihre eTA f\u00fcr Kanada realisiert und erhalten, aber es ist Ihnen unm\u00f6glich, sie in die H\u00e4nde zu bekommen? In diesem Artikel finden Sie die zu befolgenden Schritte.","og_url":"https:\/\/ave-eta-canada.com\/de\/wie-finde-ich-eine-verlorene-canada-eta\/","og_site_name":"KANADA VISUM","article_modified_time":"2022-05-14T20:45:05+00:00","twitter_card":"summary_large_image","twitter_misc":{"Gesch\u00e4tzte Lesezeit":"5\u00a0Minuten"},"schema":{"@context":"https:\/\/schema.org","@graph":[{"@type":"WebPage","@id":"https:\/\/ave-eta-canada.com\/de\/wie-finde-ich-eine-verlorene-canada-eta\/","url":"https:\/\/ave-eta-canada.com\/de\/wie-finde-ich-eine-verlorene-canada-eta\/","name":"Wie finde ich eine verlorene kanadische eTA?","isPartOf":{"@id":"https:\/\/ave-eta-canada.com\/de\/#website"},"datePublished":"2020-04-26T14:23:20+00:00","dateModified":"2022-05-14T20:45:05+00:00","description":"Sie hatten Ihre eTA f\u00fcr Kanada realisiert und erhalten, aber es ist Ihnen unm\u00f6glich, sie in die H\u00e4nde zu bekommen? In diesem Artikel finden Sie die zu befolgenden Schritte.","breadcrumb":{"@id":"https:\/\/ave-eta-canada.com\/de\/wie-finde-ich-eine-verlorene-canada-eta\/#breadcrumb"},"inLanguage":"de","potentialAction":[{"@type":"ReadAction","target":["https:\/\/ave-eta-canada.com\/de\/wie-finde-ich-eine-verlorene-canada-eta\/"]}]},{"@type":"BreadcrumbList","@id":"https:\/\/ave-eta-canada.com\/de\/wie-finde-ich-eine-verlorene-canada-eta\/#breadcrumb","itemListElement":[{"@type":"ListItem","position":1,"name":"Home","item":"https:\/\/ave-eta-canada.com\/de\/"},{"@type":"ListItem","position":2,"name":"Wie finde ich eine verlorene kanadische eTA?"}]},{"@type":"WebSite","@id":"https:\/\/ave-eta-canada.com\/de\/#website","url":"https:\/\/ave-eta-canada.com\/de\/","name":"KANADA VISUM","description":"Autorisation Voyage Electronique","potentialAction":[{"@type":"SearchAction","target":{"@type":"EntryPoint","urlTemplate":"https:\/\/ave-eta-canada.com\/de\/?s={search_term_string}"},"query-input":{"@type":"PropertyValueSpecification","valueRequired":true,"valueName":"search_term_string"}}],"inLanguage":"de"}]}},"_links":{"self":[{"href":"https:\/\/ave-eta-canada.com\/de\/wp-json\/wp\/v2\/pages\/969","targetHints":{"allow":["GET"]}}],"collection":[{"href":"https:\/\/ave-eta-canada.com\/de\/wp-json\/wp\/v2\/pages"}],"about":[{"href":"https:\/\/ave-eta-canada.com\/de\/wp-json\/wp\/v2\/types\/page"}],"author":[{"embeddable":true,"href":"https:\/\/ave-eta-canada.com\/de\/wp-json\/wp\/v2\/users\/1"}],"replies":[{"embeddable":true,"href":"https:\/\/ave-eta-canada.com\/de\/wp-json\/wp\/v2\/comments?post=969"}],"version-history":[{"count":0,"href":"https:\/\/ave-eta-canada.com\/de\/wp-json\/wp\/v2\/pages\/969\/revisions"}],"wp:attachment":[{"href":"https:\/\/ave-eta-canada.com\/de\/wp-json\/wp\/v2\/media?parent=969"}],"curies":[{"name":"wp","href":"https:\/\/api.w.org\/{rel}","templated":true}]}}