{"id":971,"date":"2020-04-26T15:10:28","date_gmt":"2020-04-26T15:10:28","guid":{"rendered":"https:\/\/ave-eta-canada.com\/wie-ueberpruefe-ich-den-status-ihrer-eta-canada-anfrage\/"},"modified":"2022-09-09T19:32:30","modified_gmt":"2022-09-09T19:32:30","slug":"wie-ueberpruefe-ich-den-status-ihrer-eta-canada-anfrage","status":"publish","type":"page","link":"https:\/\/ave-eta-canada.com\/de\/wie-ueberpruefe-ich-den-status-ihrer-eta-canada-anfrage\/","title":{"rendered":"Wie k\u00f6nnen Sie den Status Ihres eTA-Antrags f\u00fcr Kanada \u00fcberpr\u00fcfen?"},"content":{"rendered":"\n<h1 class=\"wp-block-heading\">Reisen nach Kanada: \u00dcberpr\u00fcfen Sie den Status Ihres eTA-Antrags<\/h1>\n\n<p>F\u00fcr alle Reisen nach Kanada ist eine Reisegenehmigung erforderlich. Wenn es sich um einen l\u00e4ngeren Aufenthalt handelt, m\u00fcssen Sie ein Visum beantragen.  <\/p>\n\n<p><strong>Bei einem Aufenthalt von weniger als 6 Monaten in Kanada<\/strong> : Sie k\u00f6nnen die Formalit\u00e4ten f\u00fcr die Einreise nach Kanada direkt \u00fcber das Internet erledigen, indem Sie auf das <a href=\"https:\/\/ave-eta-canada.com\/de\/ave-kanada-online-formular\/\">Online-Formular<\/a> klicken. Es ist nicht erforderlich, einen Termin bei der kanadischen Botschaft oder dem kanadischen Konsulat zu vereinbaren.<\/p>\n\n<p>Nachfolgend erkl\u00e4ren wir, wie Sie den Status Ihrer Reisegenehmigung nach dem Ausf\u00fcllen des Online-Antrags \u00fcberpr\u00fcfen k\u00f6nnen.<br\/><\/p>\n\n<h2 class=\"wp-block-heading\">eTA-Status: die Phase der Online-Bewerbung<\/h2>\n\n<p>Mit der <a href=\"https:\/\/ave-eta-canada.com\/de\/\">eTA Electronic Travel Authorization<\/a>, auch eTA genannt, k\u00f6nnen Sie sich f\u00fcr 6 aufeinanderfolgende Monate in Kanada aufhalten. Im Gegensatz zum kanadischen Visum kann diese Reisegenehmigung nur online eingeholt werden. Der Prozess der Erlangung ist relativ einfach, es ist notwendig, das gleiche Verfahren wie f\u00fcr die Beantragung einer ESTA f\u00fcr Reisen in die Vereinigten Staaten zu befolgen, d. h. ein Online-Formular auszuf\u00fcllen.<\/p>\n\n<p>Das <a href=\"https:\/\/ave-eta-canada.com\/de\/fuellen-sie-das-eta-formular-fuer-kanada-aus\/\">eTA-Formular<\/a> ist auf vielen Websites zug\u00e4nglich. Sie k\u00f6nnen es entweder auf der offiziellen Website der kanadischen Regierung ausf\u00fcllen oder Ihren Antrag \u00fcber unsere Partnerseite stellen.<\/p>\n\n<p>Wenn Sie bereits ein Kanada-Visum, eine Arbeitserlaubnis oder sogar eine Daueraufenthaltskarte haben, wissen Sie, dass Sie keine eTA beantragen m\u00fcssen.<\/p>\n\n<h3 class=\"wp-block-heading\">Ausf\u00fcllen des eTA-Formulars f\u00fcr Kanada<\/h3>\n\n<p>Beim Ausf\u00fcllen des <a href=\"https:\/\/ave-eta-canada.com\/de\/wie-absolviere-ich-eine-eta-um-nach-kanada-zu-reisen\/\">Online-Formulars m\u00fcssen<\/a> Sie die wichtigsten Informationen angeben, die in Ihrem Reisepass aufgef\u00fchrt sind (Name, Datum, Geburtsort, Geschlecht, Adresse, Nationalit\u00e4t, Reisepassnummer usw.). Nachdem Sie Ihren Familienstand eingegeben haben, erscheint ein kurzer Fragebogen. Anschlie\u00dfend m\u00fcssen Sie verschiedene Fragen zu Ihrer Gesundheit, Ihrem aktuellen Job und Ihrem rechtlichen Werdegang beantworten.<\/p>\n\n<p>Der letzte Schritt zur Validierung Ihrer eTA-Datei ist die Online-Zahlung. Bringen Sie f\u00fcr diese Formalit\u00e4ten einfach Ihre Kreditkarte (Visa, MasterCard oder American Express) mit und geben Sie Ihre Bankdaten ein.<br\/><br\/><\/p>\n\n<h2 class=\"wp-block-heading\">Die verschiedenen eTA-Antragsstatus<\/h2>\n\n<p>Sobald Sie die <a href=\"https:\/\/ave-eta-canada.com\/de\/eta-kanada-sein-preis\/\">Geb\u00fchr f\u00fcr das AVE<\/a> bezahlt haben, sollten Sie eine E-Mail von der kanadischen Regierung erhalten, in der Sie dar\u00fcber informiert werden, dass Ihr Antrag eingegangen ist und Ihre Unterlagen gepr\u00fcft werden.<\/p>\n\n<p>Die in das Online-Formular eingegebenen Antworten werden von IRCC (Immigration, Refugees and Citizenship Canada) analysiert. Diese Regierungsbeh\u00f6rde wird daher jeden eTA-Antrag pr\u00fcfen, um sicherzustellen, dass jeder Staatsangeh\u00f6rige keine Gefahr f\u00fcr die innere Sicherheit des Landes darstellt. Am Ende dieser Analyse kann Ihr eTA-Antrag drei Status haben: \u201eAntrag genehmigt\u201c, \u201eAntrag ausstehend\u201c oder \u201eAntrag abgelehnt\u201c.<\/p>\n\n<h3 class=\"wp-block-heading\">Status: Kanada eTA beantragt<\/h3>\n\n<p>Die Mehrheit der Antr\u00e4ge f\u00fchrt innerhalb von Minuten nach dem Absenden der Datei zu einer Genehmigung des eTA-Antrags. Dennoch kann es vorkommen, dass die Anfrage l\u00e4ngere Verz\u00f6gerungen erfordert. Wenn der Status Ihres eTA-Antrags ausstehend ist, erhalten Sie innerhalb von Stunden oder Tagen eine E-Mail vom IRCC. Sie k\u00f6nnen beispielsweise aufgefordert werden, bestimmte Belege oder zus\u00e4tzliche Informationen bereitzustellen.<\/p>\n\n<p>Dank des von der kanadischen Regierung zur Verf\u00fcgung gestellten Verifizierungstools ist es m\u00f6glich, den Fortschritt des eTA-Antrags zu verfolgen. Dazu ben\u00f6tigen Sie:<\/p>\n\n<ul class=\"wp-block-list\"><li>Ihre per E-Mail mitgeteilte eTA-Bewerbungsnummer;<\/li><li>bestimmte Informationen des Passes, mit dem Sie den Antrag gestellt haben (Ausstellungsland, Passnummer, Ausstellungsdatum und Ablaufdatum).<\/li><\/ul>\n\n<p>Beachten Sie, dass dieses Tool auch n\u00fctzlich ist, wenn Sie bereits eine vor\u00fcbergehende Reisegenehmigung haben, aber <a>Ihre eTA finden<\/a> m\u00f6chten, um Ihre Akte einzusehen.<\/p>\n\n<h3 class=\"wp-block-heading\">Status: Kanada eTA genehmigt<\/h3>\n\n<p>Wenn Ihr eTA-Antrag f\u00fcr Kanada den Status \u201egenehmigt\u201c erh\u00e4lt, erhalten Sie per E-Mail Ihre eTA-Nummer zusammen mit dem Ablaufdatum und der mit der Reisegenehmigung verbundenen Passnummer.<\/p>\n\n<p>Im Besitz des eTA k\u00f6nnen Sie nach Kanada gehen und weniger als sechs Monate im Ahornland bleiben. Die G\u00fcltigkeitsdauer der eTA betr\u00e4gt 5 Jahre, d. h. Sie k\u00f6nnen Kanada in diesem Zeitraum so oft besuchen, wie Sie m\u00f6chten, solange Sie die maximale Aufenthaltsdauer (maximal 6 Monate) einhalten und einen g\u00fcltigen Reisepass besitzen.<\/p>\n\n<p>Bitte beachten Sie, dass der Status einer \u201egenehmigten\u201c kanadischen eTA nicht unbedingt bedeutet, dass Sie berechtigt sind, in kanadisches Hoheitsgebiet einzureisen, sondern Sie nur berechtigt, Kanada auf dem Luftweg zu verlassen. Wenn Sie an der Grenze ankommen, werden Sie von einem Grenzbeamten kontrolliert, der einzigen Person, die berechtigt ist, Ihre Einreise nach Kanada zu best\u00e4tigen.<\/p>\n\n<h3 class=\"wp-block-heading\">Status: Kanada eTA abgelehnt<\/h3>\n\n<p>Es kommt selten vor, dass der kanadische Staat Antr\u00e4ge auf befristete Aufenthaltserlaubnis ablehnt. Wenn Sie nach \u00dcberpr\u00fcfung des Status Ihrer kanadischen eTA feststellen, dass Ihr Antrag abgelehnt wurde, \u00fcberpr\u00fcfen Sie zun\u00e4chst, ob dies nicht auf einen fahrl\u00e4ssigen Fehler beim Ausf\u00fcllen des Online-Formulars zur\u00fcckzuf\u00fchren ist. Da die meisten Informationen nach dem Absenden des Antrags nicht mehr ge\u00e4ndert werden k\u00f6nnen, m\u00fcssen Sie sich erneut online bewerben und die erforderlichen Geb\u00fchren zur\u00fcckzahlen.<\/p>\n\n<p>Um die Chancen auf Ihre Seite zu erh\u00f6hen, den \u201egenehmigten\u201c eTA-Status zu erhalten und unbesorgt nach Kanada zu reisen, empfehlen wir Ihnen, sich \u00fcber unsere Partnerseite zu bewerben. Seine professionellen Teams k\u00fcmmern sich darum, Ihre Akte in jeder Hinsicht zu pr\u00fcfen und gegebenenfalls Fehler und Auslassungen zu korrigieren.<\/p>\n\n<p>Wenn kein Fehler angezeigt wird, erf\u00fcllen Sie wahrscheinlich eine <a href=\"https:\/\/ave-eta-canada.com\/de\/alles-ueber-die-eta-bedingungen-fuer-reisen-nach-kanada\/\">der eTA-Berechtigungsvoraussetzungen nicht<\/a> . Zur Erinnerung, hier sind die verschiedenen Punkte, die respektiert werden m\u00fcssen, um vom \u201egenehmigten\u201c AVE-Status zu profitieren:<\/p>\n\n<ul class=\"wp-block-list\"><li>die Staatsangeh\u00f6rigkeit eines Landes besitzen, das f\u00fcr die Befreiung von der Visumpflicht in Frage kommt (franz\u00f6sische Staatsangeh\u00f6rige sind berechtigt);<\/li><li>Reisen nach Kanada im Rahmen eines touristischen Aufenthalts oder einer Gesch\u00e4ftsreise;<\/li><li>nicht l\u00e4nger als sechs Monate bleiben; <\/li><li>einen g\u00fcltigen biometrischen oder elektronischen Reisepass haben.<\/li><\/ul>\n\n<p>Wie Sie sicher verstanden haben, kann sich der AVE nicht bei Ihnen bewerben, wenn Sie in Kanada studieren, ein Praktikum absolvieren oder dort arbeiten m\u00f6chten. Sie m\u00fcssen dann zur kanadischen Botschaft gehen und <a href=\"https:\/\/ave-eta-canada.com\/de\/whp-kanada-kommentar-obtenir-sohn-permis-vakanzen-muehe\/\">ein Visum oder PVT beantragen (<\/a> dieser Vorgang ist auch beim Konsulat m\u00f6glich).<\/p>\n","protected":false},"excerpt":{"rendered":"<p>Reisen nach Kanada: \u00dcberpr\u00fcfen Sie den Status Ihres eTA-Antrags F\u00fcr alle Reisen nach Kanada ist eine Reisegenehmigung erforderlich. Wenn es sich um einen l\u00e4ngeren Aufenthalt handelt, m\u00fcssen Sie ein Visum beantragen. Bei einem Aufenthalt von weniger als 6 Monaten in Kanada : Sie k\u00f6nnen die Formalit\u00e4ten f\u00fcr die Einreise nach Kanada direkt \u00fcber das Internet [&hellip;]<\/p>\n","protected":false},"author":1,"featured_media":0,"parent":0,"menu_order":0,"comment_status":"closed","ping_status":"closed","template":"","meta":{"footnotes":""},"class_list":["post-971","page","type-page","status-publish","hentry"],"yoast_head":"<!-- This site is optimized with the Yoast SEO plugin v26.9 - https:\/\/yoast.com\/product\/yoast-seo-wordpress\/ -->\n<title>Wie k\u00f6nnen Sie den Status Ihres eTA-Antrags f\u00fcr Kanada \u00fcberpr\u00fcfen?<\/title>\n<meta name=\"description\" content=\"Der eTA-Antrag erfordert das Ausf\u00fcllen eines Online-Formulars. Nach dem Absenden des Fragebogens weist die kanadische Regierung Ihrem eTA-Antrag einen Status zu.\" \/>\n<meta name=\"robots\" content=\"index, follow, max-snippet:-1, max-image-preview:large, max-video-preview:-1\" \/>\n<link rel=\"canonical\" href=\"https:\/\/ave-eta-canada.com\/de\/wie-ueberpruefe-ich-den-status-ihrer-eta-canada-anfrage\/\" \/>\n<meta property=\"og:locale\" content=\"de_DE\" \/>\n<meta property=\"og:type\" content=\"article\" \/>\n<meta property=\"og:title\" content=\"Wie k\u00f6nnen Sie den Status Ihres eTA-Antrags f\u00fcr Kanada \u00fcberpr\u00fcfen?\" \/>\n<meta property=\"og:description\" content=\"Der eTA-Antrag erfordert das Ausf\u00fcllen eines Online-Formulars. Nach dem Absenden des Fragebogens weist die kanadische Regierung Ihrem eTA-Antrag einen Status zu.\" \/>\n<meta property=\"og:url\" content=\"https:\/\/ave-eta-canada.com\/de\/wie-ueberpruefe-ich-den-status-ihrer-eta-canada-anfrage\/\" \/>\n<meta property=\"og:site_name\" content=\"KANADA VISUM\" \/>\n<meta property=\"article:modified_time\" content=\"2022-09-09T19:32:30+00:00\" \/>\n<meta name=\"twitter:card\" content=\"summary_large_image\" \/>\n<meta name=\"twitter:label1\" content=\"Gesch\u00e4tzte Lesezeit\" \/>\n\t<meta name=\"twitter:data1\" content=\"5\u00a0Minuten\" \/>\n<script type=\"application\/ld+json\" class=\"yoast-schema-graph\">{\"@context\":\"https:\/\/schema.org\",\"@graph\":[{\"@type\":\"WebPage\",\"@id\":\"https:\/\/ave-eta-canada.com\/de\/wie-ueberpruefe-ich-den-status-ihrer-eta-canada-anfrage\/\",\"url\":\"https:\/\/ave-eta-canada.com\/de\/wie-ueberpruefe-ich-den-status-ihrer-eta-canada-anfrage\/\",\"name\":\"Wie k\u00f6nnen Sie den Status Ihres eTA-Antrags f\u00fcr Kanada \u00fcberpr\u00fcfen?\",\"isPartOf\":{\"@id\":\"https:\/\/ave-eta-canada.com\/de\/#website\"},\"datePublished\":\"2020-04-26T15:10:28+00:00\",\"dateModified\":\"2022-09-09T19:32:30+00:00\",\"description\":\"Der eTA-Antrag erfordert das Ausf\u00fcllen eines Online-Formulars. Nach dem Absenden des Fragebogens weist die kanadische Regierung Ihrem eTA-Antrag einen Status zu.\",\"breadcrumb\":{\"@id\":\"https:\/\/ave-eta-canada.com\/de\/wie-ueberpruefe-ich-den-status-ihrer-eta-canada-anfrage\/#breadcrumb\"},\"inLanguage\":\"de\",\"potentialAction\":[{\"@type\":\"ReadAction\",\"target\":[\"https:\/\/ave-eta-canada.com\/de\/wie-ueberpruefe-ich-den-status-ihrer-eta-canada-anfrage\/\"]}]},{\"@type\":\"BreadcrumbList\",\"@id\":\"https:\/\/ave-eta-canada.com\/de\/wie-ueberpruefe-ich-den-status-ihrer-eta-canada-anfrage\/#breadcrumb\",\"itemListElement\":[{\"@type\":\"ListItem\",\"position\":1,\"name\":\"Home\",\"item\":\"https:\/\/ave-eta-canada.com\/de\/\"},{\"@type\":\"ListItem\",\"position\":2,\"name\":\"Wie k\u00f6nnen Sie den Status Ihres eTA-Antrags f\u00fcr Kanada \u00fcberpr\u00fcfen?\"}]},{\"@type\":\"WebSite\",\"@id\":\"https:\/\/ave-eta-canada.com\/de\/#website\",\"url\":\"https:\/\/ave-eta-canada.com\/de\/\",\"name\":\"KANADA VISUM\",\"description\":\"Autorisation Voyage Electronique\",\"potentialAction\":[{\"@type\":\"SearchAction\",\"target\":{\"@type\":\"EntryPoint\",\"urlTemplate\":\"https:\/\/ave-eta-canada.com\/de\/?s={search_term_string}\"},\"query-input\":{\"@type\":\"PropertyValueSpecification\",\"valueRequired\":true,\"valueName\":\"search_term_string\"}}],\"inLanguage\":\"de\"}]}<\/script>\n<!-- \/ Yoast SEO plugin. -->","yoast_head_json":{"title":"Wie k\u00f6nnen Sie den Status Ihres eTA-Antrags f\u00fcr Kanada \u00fcberpr\u00fcfen?","description":"Der eTA-Antrag erfordert das Ausf\u00fcllen eines Online-Formulars. Nach dem Absenden des Fragebogens weist die kanadische Regierung Ihrem eTA-Antrag einen Status zu.","robots":{"index":"index","follow":"follow","max-snippet":"max-snippet:-1","max-image-preview":"max-image-preview:large","max-video-preview":"max-video-preview:-1"},"canonical":"https:\/\/ave-eta-canada.com\/de\/wie-ueberpruefe-ich-den-status-ihrer-eta-canada-anfrage\/","og_locale":"de_DE","og_type":"article","og_title":"Wie k\u00f6nnen Sie den Status Ihres eTA-Antrags f\u00fcr Kanada \u00fcberpr\u00fcfen?","og_description":"Der eTA-Antrag erfordert das Ausf\u00fcllen eines Online-Formulars. Nach dem Absenden des Fragebogens weist die kanadische Regierung Ihrem eTA-Antrag einen Status zu.","og_url":"https:\/\/ave-eta-canada.com\/de\/wie-ueberpruefe-ich-den-status-ihrer-eta-canada-anfrage\/","og_site_name":"KANADA VISUM","article_modified_time":"2022-09-09T19:32:30+00:00","twitter_card":"summary_large_image","twitter_misc":{"Gesch\u00e4tzte Lesezeit":"5\u00a0Minuten"},"schema":{"@context":"https:\/\/schema.org","@graph":[{"@type":"WebPage","@id":"https:\/\/ave-eta-canada.com\/de\/wie-ueberpruefe-ich-den-status-ihrer-eta-canada-anfrage\/","url":"https:\/\/ave-eta-canada.com\/de\/wie-ueberpruefe-ich-den-status-ihrer-eta-canada-anfrage\/","name":"Wie k\u00f6nnen Sie den Status Ihres eTA-Antrags f\u00fcr Kanada \u00fcberpr\u00fcfen?","isPartOf":{"@id":"https:\/\/ave-eta-canada.com\/de\/#website"},"datePublished":"2020-04-26T15:10:28+00:00","dateModified":"2022-09-09T19:32:30+00:00","description":"Der eTA-Antrag erfordert das Ausf\u00fcllen eines Online-Formulars. Nach dem Absenden des Fragebogens weist die kanadische Regierung Ihrem eTA-Antrag einen Status zu.","breadcrumb":{"@id":"https:\/\/ave-eta-canada.com\/de\/wie-ueberpruefe-ich-den-status-ihrer-eta-canada-anfrage\/#breadcrumb"},"inLanguage":"de","potentialAction":[{"@type":"ReadAction","target":["https:\/\/ave-eta-canada.com\/de\/wie-ueberpruefe-ich-den-status-ihrer-eta-canada-anfrage\/"]}]},{"@type":"BreadcrumbList","@id":"https:\/\/ave-eta-canada.com\/de\/wie-ueberpruefe-ich-den-status-ihrer-eta-canada-anfrage\/#breadcrumb","itemListElement":[{"@type":"ListItem","position":1,"name":"Home","item":"https:\/\/ave-eta-canada.com\/de\/"},{"@type":"ListItem","position":2,"name":"Wie k\u00f6nnen Sie den Status Ihres eTA-Antrags f\u00fcr Kanada \u00fcberpr\u00fcfen?"}]},{"@type":"WebSite","@id":"https:\/\/ave-eta-canada.com\/de\/#website","url":"https:\/\/ave-eta-canada.com\/de\/","name":"KANADA VISUM","description":"Autorisation Voyage Electronique","potentialAction":[{"@type":"SearchAction","target":{"@type":"EntryPoint","urlTemplate":"https:\/\/ave-eta-canada.com\/de\/?s={search_term_string}"},"query-input":{"@type":"PropertyValueSpecification","valueRequired":true,"valueName":"search_term_string"}}],"inLanguage":"de"}]}},"_links":{"self":[{"href":"https:\/\/ave-eta-canada.com\/de\/wp-json\/wp\/v2\/pages\/971","targetHints":{"allow":["GET"]}}],"collection":[{"href":"https:\/\/ave-eta-canada.com\/de\/wp-json\/wp\/v2\/pages"}],"about":[{"href":"https:\/\/ave-eta-canada.com\/de\/wp-json\/wp\/v2\/types\/page"}],"author":[{"embeddable":true,"href":"https:\/\/ave-eta-canada.com\/de\/wp-json\/wp\/v2\/users\/1"}],"replies":[{"embeddable":true,"href":"https:\/\/ave-eta-canada.com\/de\/wp-json\/wp\/v2\/comments?post=971"}],"version-history":[{"count":0,"href":"https:\/\/ave-eta-canada.com\/de\/wp-json\/wp\/v2\/pages\/971\/revisions"}],"wp:attachment":[{"href":"https:\/\/ave-eta-canada.com\/de\/wp-json\/wp\/v2\/media?parent=971"}],"curies":[{"name":"wp","href":"https:\/\/api.w.org\/{rel}","templated":true}]}}