{"id":973,"date":"2020-04-26T15:20:05","date_gmt":"2020-04-26T15:20:05","guid":{"rendered":"https:\/\/ave-eta-canada.com\/wie-ueberpruefe-ich-eine-eta\/"},"modified":"2022-05-15T20:55:07","modified_gmt":"2022-05-15T20:55:07","slug":"wie-ueberpruefe-ich-eine-eta","status":"publish","type":"page","link":"https:\/\/ave-eta-canada.com\/de\/wie-ueberpruefe-ich-eine-eta\/","title":{"rendered":"Wie verifiziert man eine eTA?"},"content":{"rendered":"\n<h1 class=\"wp-block-heading\">Wie \u00fcberpr\u00fcfen Sie Ihre eTA f\u00fcr Kanada?<\/h1>\n\n<p>Wenn Sie planen, bald nach Kanada zu reisen, m\u00fcssen Sie vor Ihrer Abreise \u00fcberpr\u00fcfen, ob Sie Ihre elektronische Reisegenehmigung (eTA) f\u00fcr Kanada haben und diese noch g\u00fcltig ist.<\/p>\n\n<p><strong>Bei einem Aufenthalt von weniger als 6 Monaten in Kanada<\/strong> : Sie k\u00f6nnen die Formalit\u00e4ten f\u00fcr die Einreise nach Kanada direkt \u00fcber das Internet erledigen, indem Sie auf <a href=\"https:\/\/ave-eta-canada.com\/de\/ave-kanada-online-formular\/\">das Online-Formular<\/a> klicken. Es ist nicht erforderlich, einen Termin bei der kanadischen Botschaft oder dem kanadischen Konsulat zu vereinbaren.<\/p>\n\n<p>Um <a href=\"https:\/\/ave-eta-canada.com\/de\/wie-ueberpruefe-ich-den-status-ihrer-eta-canada-anfrage\/\">seinen eTA zu \u00fcberpr\u00fcfen<\/a> , haben Sie zwei m\u00f6gliche \u00dcberpr\u00fcfungen: <\/p>\n\n<ul class=\"wp-block-list\"><li>\u00dcberpr\u00fcfen Sie die eingegebenen Daten, um sicherzustellen, dass die Autorisierung eingeholt wird<\/li><li>\u00dcberpr\u00fcfung des eTA-Status nach Absenden der Anfrage.<\/li><\/ul>\n\n<p>Um Ihnen bei diesem Prozess zu helfen, beschreiben wir detailliert, wie Sie f\u00fcr diese beiden Szenarien vorgehen m\u00fcssen.<\/p>\n\n<h2 class=\"wp-block-heading\">Was ist die Kanada eTA?<\/h2>\n\n<p>Bevor wir detailliert auf die Mittel zur \u00dcberpr\u00fcfung einer eTA eingehen, erinnern wir uns an ihre Definition und die Bedingungen, unter denen sie ausgestellt wird.<\/p>\n\n<p>Die eTA Electronic Travel Authorization, ist eine Genehmigung f\u00fcr Reisen oder Transit auf kanadischem Hoheitsgebiet. Wie die ESTA-Genehmigung f\u00fcr die Vereinigten Staaten hat die kanadische eTA die Form eines elektronischen Dokuments, das \u00fcber ein Computersystem direkt mit Ihrem Reisepass verkn\u00fcpft ist. Einmal ausgestellt, ist die eTA-Genehmigung 5 Jahre ab Ausstellungsdatum g\u00fcltig. Wenn Ihr Reisepass jedoch vor dieser Frist abl\u00e4uft oder ersetzt wird, ist die eTA nicht mehr g\u00fcltig. W\u00e4hrend seiner G\u00fcltigkeitsdauer k\u00f6nnen Sie au\u00dferdem beliebig oft nach Kanada reisen, sofern Sie die gesetzliche Aufenthaltsdauer (maximal 6 aufeinanderfolgende Monate) einhalten.<\/p>\n\n<h3 class=\"wp-block-heading\">F\u00fcr wen gilt die Kanada eTA?<\/h3>\n\n<p>Die kanadische eTA gilt f\u00fcr alle von der Visumpflicht befreiten Staatsangeh\u00f6rigen, einschlie\u00dflich franz\u00f6sischer Staatsangeh\u00f6riger, die mit dem Flugzeug nach Kanada reisen oder einen kanadischen Flughafen passieren. Heute sind die B\u00fcrger von etwa f\u00fcnfzig L\u00e4ndern f\u00fcr Reisen nach Kanada vom Visum befreit, unter diesen Staaten finden wir insbesondere die L\u00e4nder der Europ\u00e4ischen Union oder Australien.<\/p>\n\n<p>Beachten Sie, dass Reisende im Besitz eines Visums, sei es ein Touristenvisum, ein Studentenvisum oder eine von den Konsularbeh\u00f6rden ausgestellte Arbeitserlaubnis, keinen eTA-Antrag stellen m\u00fcssen.<\/p>\n\n<h3 class=\"wp-block-heading\">Die Bedingungen, die erf\u00fcllt sein m\u00fcssen, um eine eTA zu erhalten<\/h3>\n\n<p>Beachten Sie vor der Bestellung einer kanadischen eTA, dass bestimmte Bedingungen gelten, darunter:<\/p>\n\n<ul class=\"wp-block-list\"><li>im Besitz eines g\u00fcltigen (vorzugsweise) biometrischen Reisepasses sein;<\/li><li>der Grund der Reise muss touristischer oder beruflicher Natur sein (Gesch\u00e4ftsreisen);<\/li><li>fliegen;<\/li><li>nicht l\u00e4nger als sechs aufeinanderfolgende Monate bleiben.<\/li><\/ul>\n\n<h3 class=\"wp-block-heading\">Wie beantrage ich eine eTA?<\/h3>\n\n<p>Der Antrag auf eine eTA f\u00fcr Kanada ist ein relativ einfacher Prozess, wenn er richtig durchgef\u00fchrt wird, haben Sie zwei Hauptwege, um fortzufahren:<\/p>\n\n<ul class=\"wp-block-list\"><li>eine eTA direkt auf der offiziellen Website der kanadischen Regierung bestellen;<\/li><li>Nutzen Sie private Websites, wie z. B. unsere Partner, um w\u00e4hrend des gesamten eTA-Bestellvorgangs von einem Support-Service zu profitieren.<\/li><\/ul>\n\n<p>Nachdem Sie nun mehr \u00fcber die Genehmigung zum Aufenthalt in Kanada wissen, sehen wir uns die wichtigsten Informationen zur \u00dcberpr\u00fcfung einer eTA an, um deren G\u00fcltigkeit sicherzustellen.<br\/><br\/><\/p>\n\n<h2 class=\"wp-block-heading\">Grundlegende Informationen zur \u00dcberpr\u00fcfung einer eTA<\/h2>\n\n<p>Um eine eTA zu verifizieren, ist eines der ersten Dinge zu pr\u00fcfen, ob die auf dem Dokument erscheinenden Personenstandsinformationen (Nachname, Vorname usw.) in jeder Hinsicht mit den Angaben auf dem Reisepass \u00fcbereinstimmen. Tats\u00e4chlich reicht ein einfacher Eingabefehler beim Ausf\u00fcllen des <a href=\"https:\/\/ave-eta-canada.com\/de\/fuellen-sie-das-eta-formular-fuer-kanada-aus\/\">Online-Formulars<\/a> aus, damit Ihre eTA abgelehnt wird.<\/p>\n\n<p>Gleichzeitig ist auf der eTA zu pr\u00fcfen, ob die genannte Passnummer mit der auf Ihrem eigenen Pass ersichtlichen identisch ist. Auch hier wird Ihnen h\u00f6chstwahrscheinlich die Erlaubnis verweigert, wenn ein Fehler auftritt.<\/p>\n\n<p>Bitte beachten Sie: Achten Sie darauf, Ihre E-Mail-Adresse zu best\u00e4tigen, da Sie so Ihre Antwort erhalten.<\/p>\n\n<h2 class=\"wp-block-heading\">\u00dcberpr\u00fcfen Sie den Status einer eTA<\/h2>\n\n<p>Nach einem Online-eTA-Antrag sendet die kanadische Regierung mehrere E-Mails an die im Formular angegebene E-Mail-Adresse, um:<\/p>\n\n<ul class=\"wp-block-list\"><li>den Erhalt der Anfrage best\u00e4tigen;<\/li><li>Informationsaktualisierungen anfordern oder bei Bedarf zus\u00e4tzliche Informationen bereitstellen;<\/li><li>\u00fcber die Entscheidung \u00fcber den Antrag informieren.<\/li><\/ul>\n\n<p>Dar\u00fcber hinaus bieten die kanadischen Beh\u00f6rden ein Online-Verifizierungstool an, um den Status einer eTA zu \u00fcberpr\u00fcfen. Dies ist f\u00fcr zwei Arten von Situationen gedacht:<\/p>\n\n<ul class=\"wp-block-list\"><li>Der Reisende hat eine neue Anfrage gestellt und m\u00f6chte den Status der Autorisierung \u00fcberpr\u00fcfen.<\/li><li>Der Reisende hat bereits eine eTA, m\u00f6chte sich jedoch vergewissern, dass sie noch g\u00fcltig ist, oder sie einfach finden.<\/li><\/ul>\n\n<p>Um den Status Ihrer eTA \u00fcber dieses Tool zu \u00fcberpr\u00fcfen, m\u00fcssen Sie lediglich Ihren Reisepass und die Antragsnummer mitbringen, die in der Best\u00e4tigungs-E-Mail angegeben sind. Die angeforderten Passinformationen sind die Passnummer, das Ausstellungsland, das Ausstellungsdatum und das Ablaufdatum.<\/p>\n\n<p>Wenn sich herausstellt, dass nach dem Haben <a href=\"https:\/\/ave-eta-canada.com\/de\/wie-ueberpruefe-ich-den-status-ihrer-eta-canada-anfrage\/\">den Status Ihrer eTA \u00fcberpr\u00fcft haben,<\/a> der Antrag abgelehnt wird, m\u00fcssen Sie ein Visum bei der kanadischen Botschaft beantragen, wenn die Zulassungsbedingungen nicht erf\u00fcllt werden k\u00f6nnen, oder einen neuen Antrag stellen, wenn die Ablehnung auf einen Eingabefehler zur\u00fcckzuf\u00fchren ist.<\/p>\n\n<p>Sobald Sie alle Pr\u00fcfungen abgeschlossen und die <a href=\"https:\/\/ave-eta-canada.com\/de\/wie-ueberpruefe-ich-eine-eta\/\">G\u00fcltigkeit Ihrer eTA sichergestellt haben,<\/a> sind Sie offiziell berechtigt, nach Maple Country zu reisen.<\/p>\n\n<p>Bitte beachten Sie: Auch wenn Sie \u00fcberpr\u00fcft haben, dass Ihre eTA korrekt ist, garantiert dies nicht Ihren Zugang zum Hoheitsgebiet. Wenn Sie am Flughafen ankommen, werden Sie von den Zollbeh\u00f6rden \u00fcber einen Grenzbeamten kontrolliert, der einzigen Person, die befugt ist, zu beurteilen, ob Sie zum Aufenthalt oder zur Durchreise durch Kanada berechtigt sind oder nicht.<\/p>\n\n<p>Hinweis: Wenn Sie <a href=\"https:\/\/ave-eta-canada.com\/de\/wie-finde-ich-eine-verlorene-canada-eta\/\">Ihre kanadische eTA verloren<\/a> haben, muss das Suchverfahren auch auf der offiziellen Website der kanadischen Regierung durchgef\u00fchrt werden. <\/p>\n","protected":false},"excerpt":{"rendered":"<p>Wie \u00fcberpr\u00fcfen Sie Ihre eTA f\u00fcr Kanada? Wenn Sie planen, bald nach Kanada zu reisen, m\u00fcssen Sie vor Ihrer Abreise \u00fcberpr\u00fcfen, ob Sie Ihre elektronische Reisegenehmigung (eTA) f\u00fcr Kanada haben und diese noch g\u00fcltig ist. Bei einem Aufenthalt von weniger als 6 Monaten in Kanada : Sie k\u00f6nnen die Formalit\u00e4ten f\u00fcr die Einreise nach Kanada [&hellip;]<\/p>\n","protected":false},"author":1,"featured_media":0,"parent":0,"menu_order":0,"comment_status":"closed","ping_status":"closed","template":"","meta":{"footnotes":""},"class_list":["post-973","page","type-page","status-publish","hentry"],"yoast_head":"<!-- This site is optimized with the Yoast SEO plugin v26.9 - https:\/\/yoast.com\/product\/yoast-seo-wordpress\/ -->\n<title>Wie verifiziert man eine eTA?<\/title>\n<meta name=\"description\" content=\"Bevor Sie nach Kanada reisen, ist es wichtig zu \u00fcberpr\u00fcfen, ob Ihre eTA-Genehmigung g\u00fcltig ist. Erfahren Sie, wie Sie diese \u00dcberpr\u00fcfung einfach durchf\u00fchren k\u00f6nnen.\" \/>\n<meta name=\"robots\" content=\"index, follow, max-snippet:-1, max-image-preview:large, max-video-preview:-1\" \/>\n<link rel=\"canonical\" href=\"https:\/\/ave-eta-canada.com\/de\/wie-ueberpruefe-ich-eine-eta\/\" \/>\n<meta property=\"og:locale\" content=\"de_DE\" \/>\n<meta property=\"og:type\" content=\"article\" \/>\n<meta property=\"og:title\" content=\"Wie verifiziert man eine eTA?\" \/>\n<meta property=\"og:description\" content=\"Bevor Sie nach Kanada reisen, ist es wichtig zu \u00fcberpr\u00fcfen, ob Ihre eTA-Genehmigung g\u00fcltig ist. Erfahren Sie, wie Sie diese \u00dcberpr\u00fcfung einfach durchf\u00fchren k\u00f6nnen.\" \/>\n<meta property=\"og:url\" content=\"https:\/\/ave-eta-canada.com\/de\/wie-ueberpruefe-ich-eine-eta\/\" \/>\n<meta property=\"og:site_name\" content=\"KANADA VISUM\" \/>\n<meta property=\"article:modified_time\" content=\"2022-05-15T20:55:07+00:00\" \/>\n<meta name=\"twitter:card\" content=\"summary_large_image\" \/>\n<meta name=\"twitter:label1\" content=\"Gesch\u00e4tzte Lesezeit\" \/>\n\t<meta name=\"twitter:data1\" content=\"5\u00a0Minuten\" \/>\n<script type=\"application\/ld+json\" class=\"yoast-schema-graph\">{\"@context\":\"https:\/\/schema.org\",\"@graph\":[{\"@type\":\"WebPage\",\"@id\":\"https:\/\/ave-eta-canada.com\/de\/wie-ueberpruefe-ich-eine-eta\/\",\"url\":\"https:\/\/ave-eta-canada.com\/de\/wie-ueberpruefe-ich-eine-eta\/\",\"name\":\"Wie verifiziert man eine eTA?\",\"isPartOf\":{\"@id\":\"https:\/\/ave-eta-canada.com\/de\/#website\"},\"datePublished\":\"2020-04-26T15:20:05+00:00\",\"dateModified\":\"2022-05-15T20:55:07+00:00\",\"description\":\"Bevor Sie nach Kanada reisen, ist es wichtig zu \u00fcberpr\u00fcfen, ob Ihre eTA-Genehmigung g\u00fcltig ist. Erfahren Sie, wie Sie diese \u00dcberpr\u00fcfung einfach durchf\u00fchren k\u00f6nnen.\",\"breadcrumb\":{\"@id\":\"https:\/\/ave-eta-canada.com\/de\/wie-ueberpruefe-ich-eine-eta\/#breadcrumb\"},\"inLanguage\":\"de\",\"potentialAction\":[{\"@type\":\"ReadAction\",\"target\":[\"https:\/\/ave-eta-canada.com\/de\/wie-ueberpruefe-ich-eine-eta\/\"]}]},{\"@type\":\"BreadcrumbList\",\"@id\":\"https:\/\/ave-eta-canada.com\/de\/wie-ueberpruefe-ich-eine-eta\/#breadcrumb\",\"itemListElement\":[{\"@type\":\"ListItem\",\"position\":1,\"name\":\"Home\",\"item\":\"https:\/\/ave-eta-canada.com\/de\/\"},{\"@type\":\"ListItem\",\"position\":2,\"name\":\"Wie verifiziert man eine eTA?\"}]},{\"@type\":\"WebSite\",\"@id\":\"https:\/\/ave-eta-canada.com\/de\/#website\",\"url\":\"https:\/\/ave-eta-canada.com\/de\/\",\"name\":\"KANADA VISUM\",\"description\":\"Autorisation Voyage Electronique\",\"potentialAction\":[{\"@type\":\"SearchAction\",\"target\":{\"@type\":\"EntryPoint\",\"urlTemplate\":\"https:\/\/ave-eta-canada.com\/de\/?s={search_term_string}\"},\"query-input\":{\"@type\":\"PropertyValueSpecification\",\"valueRequired\":true,\"valueName\":\"search_term_string\"}}],\"inLanguage\":\"de\"}]}<\/script>\n<!-- \/ Yoast SEO plugin. -->","yoast_head_json":{"title":"Wie verifiziert man eine eTA?","description":"Bevor Sie nach Kanada reisen, ist es wichtig zu \u00fcberpr\u00fcfen, ob Ihre eTA-Genehmigung g\u00fcltig ist. Erfahren Sie, wie Sie diese \u00dcberpr\u00fcfung einfach durchf\u00fchren k\u00f6nnen.","robots":{"index":"index","follow":"follow","max-snippet":"max-snippet:-1","max-image-preview":"max-image-preview:large","max-video-preview":"max-video-preview:-1"},"canonical":"https:\/\/ave-eta-canada.com\/de\/wie-ueberpruefe-ich-eine-eta\/","og_locale":"de_DE","og_type":"article","og_title":"Wie verifiziert man eine eTA?","og_description":"Bevor Sie nach Kanada reisen, ist es wichtig zu \u00fcberpr\u00fcfen, ob Ihre eTA-Genehmigung g\u00fcltig ist. Erfahren Sie, wie Sie diese \u00dcberpr\u00fcfung einfach durchf\u00fchren k\u00f6nnen.","og_url":"https:\/\/ave-eta-canada.com\/de\/wie-ueberpruefe-ich-eine-eta\/","og_site_name":"KANADA VISUM","article_modified_time":"2022-05-15T20:55:07+00:00","twitter_card":"summary_large_image","twitter_misc":{"Gesch\u00e4tzte Lesezeit":"5\u00a0Minuten"},"schema":{"@context":"https:\/\/schema.org","@graph":[{"@type":"WebPage","@id":"https:\/\/ave-eta-canada.com\/de\/wie-ueberpruefe-ich-eine-eta\/","url":"https:\/\/ave-eta-canada.com\/de\/wie-ueberpruefe-ich-eine-eta\/","name":"Wie verifiziert man eine eTA?","isPartOf":{"@id":"https:\/\/ave-eta-canada.com\/de\/#website"},"datePublished":"2020-04-26T15:20:05+00:00","dateModified":"2022-05-15T20:55:07+00:00","description":"Bevor Sie nach Kanada reisen, ist es wichtig zu \u00fcberpr\u00fcfen, ob Ihre eTA-Genehmigung g\u00fcltig ist. Erfahren Sie, wie Sie diese \u00dcberpr\u00fcfung einfach durchf\u00fchren k\u00f6nnen.","breadcrumb":{"@id":"https:\/\/ave-eta-canada.com\/de\/wie-ueberpruefe-ich-eine-eta\/#breadcrumb"},"inLanguage":"de","potentialAction":[{"@type":"ReadAction","target":["https:\/\/ave-eta-canada.com\/de\/wie-ueberpruefe-ich-eine-eta\/"]}]},{"@type":"BreadcrumbList","@id":"https:\/\/ave-eta-canada.com\/de\/wie-ueberpruefe-ich-eine-eta\/#breadcrumb","itemListElement":[{"@type":"ListItem","position":1,"name":"Home","item":"https:\/\/ave-eta-canada.com\/de\/"},{"@type":"ListItem","position":2,"name":"Wie verifiziert man eine eTA?"}]},{"@type":"WebSite","@id":"https:\/\/ave-eta-canada.com\/de\/#website","url":"https:\/\/ave-eta-canada.com\/de\/","name":"KANADA VISUM","description":"Autorisation Voyage Electronique","potentialAction":[{"@type":"SearchAction","target":{"@type":"EntryPoint","urlTemplate":"https:\/\/ave-eta-canada.com\/de\/?s={search_term_string}"},"query-input":{"@type":"PropertyValueSpecification","valueRequired":true,"valueName":"search_term_string"}}],"inLanguage":"de"}]}},"_links":{"self":[{"href":"https:\/\/ave-eta-canada.com\/de\/wp-json\/wp\/v2\/pages\/973","targetHints":{"allow":["GET"]}}],"collection":[{"href":"https:\/\/ave-eta-canada.com\/de\/wp-json\/wp\/v2\/pages"}],"about":[{"href":"https:\/\/ave-eta-canada.com\/de\/wp-json\/wp\/v2\/types\/page"}],"author":[{"embeddable":true,"href":"https:\/\/ave-eta-canada.com\/de\/wp-json\/wp\/v2\/users\/1"}],"replies":[{"embeddable":true,"href":"https:\/\/ave-eta-canada.com\/de\/wp-json\/wp\/v2\/comments?post=973"}],"version-history":[{"count":0,"href":"https:\/\/ave-eta-canada.com\/de\/wp-json\/wp\/v2\/pages\/973\/revisions"}],"wp:attachment":[{"href":"https:\/\/ave-eta-canada.com\/de\/wp-json\/wp\/v2\/media?parent=973"}],"curies":[{"name":"wp","href":"https:\/\/api.w.org\/{rel}","templated":true}]}}