{"id":975,"date":"2020-04-26T15:30:45","date_gmt":"2020-04-26T15:30:45","guid":{"rendered":"https:\/\/ave-eta-canada.com\/ist-eta-canada-obligatorisch\/"},"modified":"2022-06-13T08:44:12","modified_gmt":"2022-06-13T08:44:12","slug":"ist-eta-canada-obligatorisch","status":"publish","type":"page","link":"https:\/\/ave-eta-canada.com\/de\/ist-eta-canada-obligatorisch\/","title":{"rendered":"Ist die kanadische eTA obligatorisch?"},"content":{"rendered":"\n<h1 class=\"wp-block-heading\">Ist eTA Kanada eine Verpflichtung?<\/h1>\n\n<p>Die Canada eTA ist eine elektronische Reisegenehmigung, die von der kanadischen Regierung eingerichtet wurde. Es wird vor der Reise nach Kanada \u00fcber ein Online-Formular auf der Website der Regierung eingeholt. <\/p>\n\n<p><strong>Bei einem Aufenthalt von weniger als 6 Monaten in Kanada<\/strong> : Sie k\u00f6nnen die Formalit\u00e4ten f\u00fcr die Einreise nach Kanada direkt \u00fcber das Internet erledigen, indem Sie auf das <a href=\"https:\/\/ave-eta-canada.com\/de\/ave-kanada-online-formular\/\">Online-Formular<\/a> klicken. Es ist nicht erforderlich, einen Termin bei der kanadischen Botschaft oder dem kanadischen Konsulat zu vereinbaren.<\/p>\n\n<p>Auf die Frage ist die Kanada eTA obligatorisch? Die Antwort ist ja. Die elektronische Reisegenehmigung Kanada ist f\u00fcr bestimmte Reisende unter bestimmten Bedingungen obligatorisch. Wir erkl\u00e4ren hier, was die Pflichten der eTA Kanada sind.<br\/><br\/><\/p>\n\n<h2 class=\"wp-block-heading\">Wann ist die kanadische eTA obligatorisch?<\/h2>\n\n<p>Die kanadische eTA wurde im November 2016 von den kanadischen Beh\u00f6rden zur Pflicht gemacht. Das Prinzip ist einfach: Holen Sie sich eine Reisegenehmigung, bevor Sie nach Kanada reisen, was dazu beitr\u00e4gt, die \u00dcberlastung der kanadischen Botschaften und Grenz\u00fcberg\u00e4nge zu verringern und gleichzeitig die innere Sicherheit des Landes zu gew\u00e4hrleisten.<\/p>\n\n<p>Die <a href=\"https:\/\/ave-eta-canada.com\/de\/anfrage-eta-canada\/\">kanadische eTA ist obligatorisch<\/a>, um mit dem Flugzeug in kanadisches Hoheitsgebiet einzureisen . F\u00fcr einen Aufenthalt in Kanada auf dem Land- und Seeweg m\u00fcssen Sie daher keine eTA f\u00fcr Kanada beantragen. Beachten Sie, dass die AVE Canada-Verpflichtung auch Transits auf dem Luftweg betrifft.<\/p>\n\n<p>Es hat keinen Sinn, ohne die obligatorische kanadische eTA zum Flughafen zu gehen, da die Fluggesellschaften verpflichtet sind, jedem das Boarding zu verweigern, der die Einwanderungsbestimmungen der kanadischen Regierung nicht erf\u00fcllt. Daher ist es wichtig, vor der Abreise eine Reisegenehmigung einzuholen.<br\/><br\/><\/p>\n\n<h2 class=\"wp-block-heading\">F\u00fcr wen gilt die eTA-Pflicht f\u00fcr Kanada?<\/h2>\n\n<p>Die kanadische eTA-Anforderung gilt nur f\u00fcr Staatsangeh\u00f6rige von visabefreiten L\u00e4ndern. Da Deutschland einer von ihnen ist, m\u00fcssen sich Deutsche Staatsangeh\u00f6rige der eTA Canada-Verpflichtung unterwerfen, nach Kanada zu reisen.<\/p>\n\n<p>Die eTA-Kanada-Verpflichtung gilt jedoch nicht f\u00fcr franz\u00f6sische Staatsb\u00fcrger mit Wohnsitz in Saint-Pierre-et-Miquelon, wenn sie direkt von Saint-Pierre-et-Miquelon nach Kanada reisen. Ebenfalls von der eTA-Kanada-Pflicht ausgenommen sind Reisende mit doppelter kanadischer oder amerikanischer Staatsangeh\u00f6rigkeit (vorausgesetzt, sie haben einen g\u00fcltigen Reisepass &#8211; kanadischer oder amerikanischer Pass), kanadische st\u00e4ndige Einwohner und unter bestimmten Bedingungen Inhaber eines g\u00fcltigen kanadischen Visums (Temporary Resident Visa, PVT , Arbeitserlaubnis, Studienerlaubnis usw.).<\/p>\n\n<p>Die Reisegenehmigung berechtigt Sie nicht, <a href=\"https:\/\/ave-eta-canada.com\/de\/whp-kanada-kommentar-obtenir-sohn-permis-vakanzen-muehe\/\">in Kanada zu arbeiten oder zu studieren.<\/a> Es handelt sich auch nicht um eine Einreiseerlaubnis: Der Grenzbeamte ist daf\u00fcr verantwortlich, an der Grenze ankommende Passagiere anzunehmen oder abzulehnen. Seine Entscheidung basiert auf der Vorlage der obligatorischen Reisedokumente (Reisepass, eTA, Ausreiseticket usw.).<br\/><br\/><\/p>\n\n<h2 class=\"wp-block-heading\">Was sind die anderen Verpflichtungen der kanadischen eTA?<\/h2>\n\n<p>Die kanadische eTA ist mit dem Reisepass des Reisenden verkn\u00fcpft. Somit f\u00fchrt jede \u00c4nderung in Bezug auf den Reisepass zur Nichtigkeit der eTA, was die Verl\u00e4ngerung des Reisepasses einschlie\u00dft. Die obligatorische kanadische eTA muss aktuell sein, ansonsten ist die Einreise nach Kanada verboten.<\/p>\n\n<p>Der Inhaber einer eTA Kanada ist verpflichtet, das Land sp\u00e4testens 6 Monate nach seiner Einreise zu verlassen. Er kann jedoch w\u00e4hrend der <a href=\"https:\/\/ave-eta-canada.com\/de\/eta-canada-gueltigkeitsdauer\/\">G\u00fcltigkeitsdauer der eTA<\/a> beliebig viele Reisen nach Kanada unternehmen. Zu beachten ist, dass die Genehmigung f\u00fcr einen Zeitraum von 5 Jahren oder bis zum Ablauf des Reisepasses ausgestellt wird, falls letzterer vor dem Ende der offiziellen Laufzeit der eTA-Genehmigung abl\u00e4uft.<br\/><br\/><\/p>\n\n<h2 class=\"wp-block-heading\">Wie erhalte ich die obligatorische kanadische eTA?<\/h2>\n\n<p>Die obligatorische kanadische eTA kann nur online \u00fcber die offizielle Website der kanadischen Regierung oder \u00fcber eine private Organisation wie unseren Partner f\u00fcr pers\u00f6nliche Unterst\u00fctzung bezogen werden. Sie m\u00fcssen sich nicht an die kanadische Botschaft oder das kanadische Konsulat wenden, da nur Online-Antr\u00e4ge bearbeitet werden.<\/p>\n\n<p>Der eTA-Antrag f\u00fcr Kanada besteht aus dem Ausf\u00fcllen eines Formulars, dessen Felder sich auf die Passdaten und die pers\u00f6nlichen Daten des Inhabers beziehen. Abgerundet wird das <a href=\"https:\/\/ave-eta-canada.com\/de\/fuellen-sie-das-eta-formular-fuer-kanada-aus\/\">Online-Formular<\/a> durch 4 Fragen zu unbehandelten Erkrankungen, Straftaten und bisherigen Aufenthalten des Reisenden.<\/p>\n\n<p>Das auszuf\u00fcllende Formular wird validiert, sobald die Autorisierungsgeb\u00fchr von 7 Kanadischen Dollar bezahlt wurde. Eine Empfangsbest\u00e4tigung wird automatisch an die im Formular angegebene E-Mail-Adresse gesendet. Die endg\u00fcltige Antwort folgt in der Regel innerhalb weniger Minuten. Bei einer ausstehenden Anfrage, was selten vorkommt, wird innerhalb weniger Tage eine E-Mail mit einer Liste der zus\u00e4tzlich einzureichenden Unterlagen versandt. Beachten Sie, dass Sie <a href=\"https:\/\/ave-eta-canada.com\/de\/wie-finde-ich-eine-eta\/\">Ihren eTA-Antrag unter der Nummer finden<\/a> , die Sie per E-Mail erhalten haben.<\/p>\n\n<p>Beachten Sie, dass eine Verweigerung der eTA Canada kein dauerhaftes Einreiseverbot f\u00fcr Kanada darstellt. Der Reisende kann seinen Antrag entweder wiederholen, wenn ihm ein Tippfehler auff\u00e4llt, oder bei der Botschaft ein Visum beantragen.<\/p>\n","protected":false},"excerpt":{"rendered":"<p>Ist eTA Kanada eine Verpflichtung? Die Canada eTA ist eine elektronische Reisegenehmigung, die von der kanadischen Regierung eingerichtet wurde. Es wird vor der Reise nach Kanada \u00fcber ein Online-Formular auf der Website der Regierung eingeholt. Bei einem Aufenthalt von weniger als 6 Monaten in Kanada : Sie k\u00f6nnen die Formalit\u00e4ten f\u00fcr die Einreise nach Kanada [&hellip;]<\/p>\n","protected":false},"author":1,"featured_media":0,"parent":0,"menu_order":0,"comment_status":"closed","ping_status":"closed","template":"","meta":{"footnotes":""},"class_list":["post-975","page","type-page","status-publish","hentry"],"yoast_head":"<!-- This site is optimized with the Yoast SEO plugin v26.9 - https:\/\/yoast.com\/product\/yoast-seo-wordpress\/ -->\n<title>Ist die kanadische eTA obligatorisch?<\/title>\n<meta name=\"description\" content=\"Im November 2016 f\u00fchrte die kanadische Regierung eine elektronische Reisegenehmigung eTA ein. Ist es obligatorisch? Die vollst\u00e4ndige Antwort hier.\" \/>\n<meta name=\"robots\" content=\"index, follow, max-snippet:-1, max-image-preview:large, max-video-preview:-1\" \/>\n<link rel=\"canonical\" href=\"https:\/\/ave-eta-canada.com\/de\/ist-eta-canada-obligatorisch\/\" \/>\n<meta property=\"og:locale\" content=\"de_DE\" \/>\n<meta property=\"og:type\" content=\"article\" \/>\n<meta property=\"og:title\" content=\"Ist die kanadische eTA obligatorisch?\" \/>\n<meta property=\"og:description\" content=\"Im November 2016 f\u00fchrte die kanadische Regierung eine elektronische Reisegenehmigung eTA ein. Ist es obligatorisch? Die vollst\u00e4ndige Antwort hier.\" \/>\n<meta property=\"og:url\" content=\"https:\/\/ave-eta-canada.com\/de\/ist-eta-canada-obligatorisch\/\" \/>\n<meta property=\"og:site_name\" content=\"KANADA VISUM\" \/>\n<meta property=\"article:modified_time\" content=\"2022-06-13T08:44:12+00:00\" \/>\n<meta name=\"twitter:card\" content=\"summary_large_image\" \/>\n<meta name=\"twitter:label1\" content=\"Gesch\u00e4tzte Lesezeit\" \/>\n\t<meta name=\"twitter:data1\" content=\"4\u00a0Minuten\" \/>\n<script type=\"application\/ld+json\" class=\"yoast-schema-graph\">{\"@context\":\"https:\/\/schema.org\",\"@graph\":[{\"@type\":\"WebPage\",\"@id\":\"https:\/\/ave-eta-canada.com\/de\/ist-eta-canada-obligatorisch\/\",\"url\":\"https:\/\/ave-eta-canada.com\/de\/ist-eta-canada-obligatorisch\/\",\"name\":\"Ist die kanadische eTA obligatorisch?\",\"isPartOf\":{\"@id\":\"https:\/\/ave-eta-canada.com\/de\/#website\"},\"datePublished\":\"2020-04-26T15:30:45+00:00\",\"dateModified\":\"2022-06-13T08:44:12+00:00\",\"description\":\"Im November 2016 f\u00fchrte die kanadische Regierung eine elektronische Reisegenehmigung eTA ein. Ist es obligatorisch? Die vollst\u00e4ndige Antwort hier.\",\"breadcrumb\":{\"@id\":\"https:\/\/ave-eta-canada.com\/de\/ist-eta-canada-obligatorisch\/#breadcrumb\"},\"inLanguage\":\"de\",\"potentialAction\":[{\"@type\":\"ReadAction\",\"target\":[\"https:\/\/ave-eta-canada.com\/de\/ist-eta-canada-obligatorisch\/\"]}]},{\"@type\":\"BreadcrumbList\",\"@id\":\"https:\/\/ave-eta-canada.com\/de\/ist-eta-canada-obligatorisch\/#breadcrumb\",\"itemListElement\":[{\"@type\":\"ListItem\",\"position\":1,\"name\":\"Home\",\"item\":\"https:\/\/ave-eta-canada.com\/de\/\"},{\"@type\":\"ListItem\",\"position\":2,\"name\":\"Ist die kanadische eTA obligatorisch?\"}]},{\"@type\":\"WebSite\",\"@id\":\"https:\/\/ave-eta-canada.com\/de\/#website\",\"url\":\"https:\/\/ave-eta-canada.com\/de\/\",\"name\":\"KANADA VISUM\",\"description\":\"Autorisation Voyage Electronique\",\"potentialAction\":[{\"@type\":\"SearchAction\",\"target\":{\"@type\":\"EntryPoint\",\"urlTemplate\":\"https:\/\/ave-eta-canada.com\/de\/?s={search_term_string}\"},\"query-input\":{\"@type\":\"PropertyValueSpecification\",\"valueRequired\":true,\"valueName\":\"search_term_string\"}}],\"inLanguage\":\"de\"}]}<\/script>\n<!-- \/ Yoast SEO plugin. -->","yoast_head_json":{"title":"Ist die kanadische eTA obligatorisch?","description":"Im November 2016 f\u00fchrte die kanadische Regierung eine elektronische Reisegenehmigung eTA ein. Ist es obligatorisch? Die vollst\u00e4ndige Antwort hier.","robots":{"index":"index","follow":"follow","max-snippet":"max-snippet:-1","max-image-preview":"max-image-preview:large","max-video-preview":"max-video-preview:-1"},"canonical":"https:\/\/ave-eta-canada.com\/de\/ist-eta-canada-obligatorisch\/","og_locale":"de_DE","og_type":"article","og_title":"Ist die kanadische eTA obligatorisch?","og_description":"Im November 2016 f\u00fchrte die kanadische Regierung eine elektronische Reisegenehmigung eTA ein. Ist es obligatorisch? Die vollst\u00e4ndige Antwort hier.","og_url":"https:\/\/ave-eta-canada.com\/de\/ist-eta-canada-obligatorisch\/","og_site_name":"KANADA VISUM","article_modified_time":"2022-06-13T08:44:12+00:00","twitter_card":"summary_large_image","twitter_misc":{"Gesch\u00e4tzte Lesezeit":"4\u00a0Minuten"},"schema":{"@context":"https:\/\/schema.org","@graph":[{"@type":"WebPage","@id":"https:\/\/ave-eta-canada.com\/de\/ist-eta-canada-obligatorisch\/","url":"https:\/\/ave-eta-canada.com\/de\/ist-eta-canada-obligatorisch\/","name":"Ist die kanadische eTA obligatorisch?","isPartOf":{"@id":"https:\/\/ave-eta-canada.com\/de\/#website"},"datePublished":"2020-04-26T15:30:45+00:00","dateModified":"2022-06-13T08:44:12+00:00","description":"Im November 2016 f\u00fchrte die kanadische Regierung eine elektronische Reisegenehmigung eTA ein. Ist es obligatorisch? Die vollst\u00e4ndige Antwort hier.","breadcrumb":{"@id":"https:\/\/ave-eta-canada.com\/de\/ist-eta-canada-obligatorisch\/#breadcrumb"},"inLanguage":"de","potentialAction":[{"@type":"ReadAction","target":["https:\/\/ave-eta-canada.com\/de\/ist-eta-canada-obligatorisch\/"]}]},{"@type":"BreadcrumbList","@id":"https:\/\/ave-eta-canada.com\/de\/ist-eta-canada-obligatorisch\/#breadcrumb","itemListElement":[{"@type":"ListItem","position":1,"name":"Home","item":"https:\/\/ave-eta-canada.com\/de\/"},{"@type":"ListItem","position":2,"name":"Ist die kanadische eTA obligatorisch?"}]},{"@type":"WebSite","@id":"https:\/\/ave-eta-canada.com\/de\/#website","url":"https:\/\/ave-eta-canada.com\/de\/","name":"KANADA VISUM","description":"Autorisation Voyage Electronique","potentialAction":[{"@type":"SearchAction","target":{"@type":"EntryPoint","urlTemplate":"https:\/\/ave-eta-canada.com\/de\/?s={search_term_string}"},"query-input":{"@type":"PropertyValueSpecification","valueRequired":true,"valueName":"search_term_string"}}],"inLanguage":"de"}]}},"_links":{"self":[{"href":"https:\/\/ave-eta-canada.com\/de\/wp-json\/wp\/v2\/pages\/975","targetHints":{"allow":["GET"]}}],"collection":[{"href":"https:\/\/ave-eta-canada.com\/de\/wp-json\/wp\/v2\/pages"}],"about":[{"href":"https:\/\/ave-eta-canada.com\/de\/wp-json\/wp\/v2\/types\/page"}],"author":[{"embeddable":true,"href":"https:\/\/ave-eta-canada.com\/de\/wp-json\/wp\/v2\/users\/1"}],"replies":[{"embeddable":true,"href":"https:\/\/ave-eta-canada.com\/de\/wp-json\/wp\/v2\/comments?post=975"}],"version-history":[{"count":0,"href":"https:\/\/ave-eta-canada.com\/de\/wp-json\/wp\/v2\/pages\/975\/revisions"}],"wp:attachment":[{"href":"https:\/\/ave-eta-canada.com\/de\/wp-json\/wp\/v2\/media?parent=975"}],"curies":[{"name":"wp","href":"https:\/\/api.w.org\/{rel}","templated":true}]}}