{"id":977,"date":"2020-04-26T15:44:11","date_gmt":"2020-04-26T15:44:11","guid":{"rendered":"https:\/\/ave-eta-canada.com\/ist-eta-canada-eine-verpflichtung\/"},"modified":"2022-05-15T21:07:49","modified_gmt":"2022-05-15T21:07:49","slug":"ist-eta-canada-eine-verpflichtung","status":"publish","type":"page","link":"https:\/\/ave-eta-canada.com\/de\/ist-eta-canada-eine-verpflichtung\/","title":{"rendered":"Die franz\u00f6sische Sprache verschwindet allm\u00e4hlich aus Kanada"},"content":{"rendered":"\n<h1 class=\"wp-block-heading\">Verschwinden des Franz\u00f6sischen im englischen Kanada<\/h1>\n\n<p>Kanada ist eines der beliebtesten Reiseziele der Franzosen, aber auch ein Gastland f\u00fcr viele Auswanderer. Immer mehr Kanadier sind dagegen, Franz\u00f6sisch zu lernen. Warum interessieren sie sich nicht f\u00fcr die Sprache von Moli\u00e8re? Und welche Zukunft f\u00fcr Franz\u00f6sisch in Kanada?<\/p>\n\n<h2 class=\"wp-block-heading\">Der aktuelle Befund<\/h2>\n\n<p>Laut Gesetz, das 1969 vom kanadischen Parlament verabschiedet wurde, sind Englisch und Franz\u00f6sisch die beiden Amtssprachen Kanadas. Fr\u00fcher war Zweisprachigkeit sehr wichtig. Doch trotz dieser Sprachgesetzgebung neigen englische Kanadier immer weniger dazu, Franz\u00f6sisch zu lernen oder zu sprechen. Sie sind 10 Millionen im Jahr 2018, um zu erkl\u00e4ren, dass sie <a href=\"https:\/\/ave-eta-canada.com\/de\/aktuelle-nachrichten-betreffend-eta-visum-kanada\/\">Franz\u00f6sisch sprechen<\/a> k\u00f6nnen, aber diese Zahl nimmt st\u00e4ndig ab.<\/p>\n\n<p>Das Erlernen einer obligatorischen Zweitsprache st\u00f6rt sie bereits, und immer mehr Menschen fragen sich, warum es Franz\u00f6sisch sein sollte. Einige Kanadier halten es f\u00fcr unfair, lieber Franz\u00f6sisch als eine andere Sprache zu lernen. Selbst in Quebec tritt Franz\u00f6sisch in den Hintergrund und verliert an Bedeutung.<\/p>\n\n<p>Ein Ph\u00e4nomen taucht auf, das der Weigerung, auf Franz\u00f6sisch zu leben. Die Verwendung von Franz\u00f6sisch f\u00fcr die Arbeit ist immer noch akzeptabel, aber sobald Sie zu Hause sind, \u00fcbernimmt die zweite Amtssprache. Auch Franz\u00f6sisch als erste Muttersprache ist r\u00fcckl\u00e4ufig.<br\/><\/p>\n\n<h2 class=\"wp-block-heading\">Welche Zukunft f\u00fcr die franz\u00f6sische Sprache in Kanada?<\/h2>\n\n<p>Viele Studien zeigen eine tiefe Kluft zwischen den beiden offiziellen Gemeinschaften Kanadas.<\/p>\n\n<p><a href=\"https:\/\/www.canada.ca\/fr.html\">Die Regierung von Quebec<\/a> will Franz\u00f6sisch in kleinen und mittleren Unternehmen wieder einf\u00fchren, um Kanadier zu ermutigen, die Sprache von Moli\u00e8re zu lernen. Dieser Aktionsplan w\u00fcrde es erm\u00f6glichen, die franz\u00f6sische Sprache zu bewahren und gleichzeitig die Stellensuche f\u00fcr Zweisprachige zu erleichtern. Anglophone und Frankophone w\u00fcrden es leichter finden, einen Job zu bekommen.<\/p>\n\n<p>Es muss gesagt werden, dass Franz\u00f6sisch f\u00fcr die Kanadier allm\u00e4hlich eher zu einer Arbeitssprache als zu einer Sprache des Herzens wird.<\/p>\n","protected":false},"excerpt":{"rendered":"<p>Verschwinden des Franz\u00f6sischen im englischen Kanada Kanada ist eines der beliebtesten Reiseziele der Franzosen, aber auch ein Gastland f\u00fcr viele Auswanderer. Immer mehr Kanadier sind dagegen, Franz\u00f6sisch zu lernen. Warum interessieren sie sich nicht f\u00fcr die Sprache von Moli\u00e8re? Und welche Zukunft f\u00fcr Franz\u00f6sisch in Kanada? Der aktuelle Befund Laut Gesetz, das 1969 vom kanadischen [&hellip;]<\/p>\n","protected":false},"author":1,"featured_media":0,"parent":0,"menu_order":0,"comment_status":"closed","ping_status":"closed","template":"","meta":{"footnotes":""},"class_list":["post-977","page","type-page","status-publish","hentry"],"yoast_head":"<!-- This site is optimized with the Yoast SEO plugin v26.9 - https:\/\/yoast.com\/product\/yoast-seo-wordpress\/ -->\n<title>Die franz\u00f6sische Sprache verschwindet allm\u00e4hlich aus Kanada<\/title>\n<meta name=\"description\" content=\"Kanada ist ein beliebtes Ziel f\u00fcr Deutsche Reisende und verwendet immer noch weniger Franz\u00f6sisch. Warum so viel Desinteresse? Antworten Sie in diesem Artikel.\" \/>\n<meta name=\"robots\" content=\"index, follow, max-snippet:-1, max-image-preview:large, max-video-preview:-1\" \/>\n<link rel=\"canonical\" href=\"https:\/\/ave-eta-canada.com\/de\/ist-eta-canada-eine-verpflichtung\/\" \/>\n<meta property=\"og:locale\" content=\"de_DE\" \/>\n<meta property=\"og:type\" content=\"article\" \/>\n<meta property=\"og:title\" content=\"Die franz\u00f6sische Sprache verschwindet allm\u00e4hlich aus Kanada\" \/>\n<meta property=\"og:description\" content=\"Kanada ist ein beliebtes Ziel f\u00fcr Deutsche Reisende und verwendet immer noch weniger Franz\u00f6sisch. Warum so viel Desinteresse? Antworten Sie in diesem Artikel.\" \/>\n<meta property=\"og:url\" content=\"https:\/\/ave-eta-canada.com\/de\/ist-eta-canada-eine-verpflichtung\/\" \/>\n<meta property=\"og:site_name\" content=\"KANADA VISUM\" \/>\n<meta property=\"article:modified_time\" content=\"2022-05-15T21:07:49+00:00\" \/>\n<meta name=\"twitter:card\" content=\"summary_large_image\" \/>\n<meta name=\"twitter:label1\" content=\"Gesch\u00e4tzte Lesezeit\" \/>\n\t<meta name=\"twitter:data1\" content=\"2\u00a0Minuten\" \/>\n<script type=\"application\/ld+json\" class=\"yoast-schema-graph\">{\"@context\":\"https:\/\/schema.org\",\"@graph\":[{\"@type\":\"WebPage\",\"@id\":\"https:\/\/ave-eta-canada.com\/de\/ist-eta-canada-eine-verpflichtung\/\",\"url\":\"https:\/\/ave-eta-canada.com\/de\/ist-eta-canada-eine-verpflichtung\/\",\"name\":\"Die franz\u00f6sische Sprache verschwindet allm\u00e4hlich aus Kanada\",\"isPartOf\":{\"@id\":\"https:\/\/ave-eta-canada.com\/de\/#website\"},\"datePublished\":\"2020-04-26T15:44:11+00:00\",\"dateModified\":\"2022-05-15T21:07:49+00:00\",\"description\":\"Kanada ist ein beliebtes Ziel f\u00fcr Deutsche Reisende und verwendet immer noch weniger Franz\u00f6sisch. Warum so viel Desinteresse? Antworten Sie in diesem Artikel.\",\"breadcrumb\":{\"@id\":\"https:\/\/ave-eta-canada.com\/de\/ist-eta-canada-eine-verpflichtung\/#breadcrumb\"},\"inLanguage\":\"de\",\"potentialAction\":[{\"@type\":\"ReadAction\",\"target\":[\"https:\/\/ave-eta-canada.com\/de\/ist-eta-canada-eine-verpflichtung\/\"]}]},{\"@type\":\"BreadcrumbList\",\"@id\":\"https:\/\/ave-eta-canada.com\/de\/ist-eta-canada-eine-verpflichtung\/#breadcrumb\",\"itemListElement\":[{\"@type\":\"ListItem\",\"position\":1,\"name\":\"Home\",\"item\":\"https:\/\/ave-eta-canada.com\/de\/\"},{\"@type\":\"ListItem\",\"position\":2,\"name\":\"Die franz\u00f6sische Sprache verschwindet allm\u00e4hlich aus Kanada\"}]},{\"@type\":\"WebSite\",\"@id\":\"https:\/\/ave-eta-canada.com\/de\/#website\",\"url\":\"https:\/\/ave-eta-canada.com\/de\/\",\"name\":\"KANADA VISUM\",\"description\":\"Autorisation Voyage Electronique\",\"potentialAction\":[{\"@type\":\"SearchAction\",\"target\":{\"@type\":\"EntryPoint\",\"urlTemplate\":\"https:\/\/ave-eta-canada.com\/de\/?s={search_term_string}\"},\"query-input\":{\"@type\":\"PropertyValueSpecification\",\"valueRequired\":true,\"valueName\":\"search_term_string\"}}],\"inLanguage\":\"de\"}]}<\/script>\n<!-- \/ Yoast SEO plugin. -->","yoast_head_json":{"title":"Die franz\u00f6sische Sprache verschwindet allm\u00e4hlich aus Kanada","description":"Kanada ist ein beliebtes Ziel f\u00fcr Deutsche Reisende und verwendet immer noch weniger Franz\u00f6sisch. Warum so viel Desinteresse? Antworten Sie in diesem Artikel.","robots":{"index":"index","follow":"follow","max-snippet":"max-snippet:-1","max-image-preview":"max-image-preview:large","max-video-preview":"max-video-preview:-1"},"canonical":"https:\/\/ave-eta-canada.com\/de\/ist-eta-canada-eine-verpflichtung\/","og_locale":"de_DE","og_type":"article","og_title":"Die franz\u00f6sische Sprache verschwindet allm\u00e4hlich aus Kanada","og_description":"Kanada ist ein beliebtes Ziel f\u00fcr Deutsche Reisende und verwendet immer noch weniger Franz\u00f6sisch. Warum so viel Desinteresse? Antworten Sie in diesem Artikel.","og_url":"https:\/\/ave-eta-canada.com\/de\/ist-eta-canada-eine-verpflichtung\/","og_site_name":"KANADA VISUM","article_modified_time":"2022-05-15T21:07:49+00:00","twitter_card":"summary_large_image","twitter_misc":{"Gesch\u00e4tzte Lesezeit":"2\u00a0Minuten"},"schema":{"@context":"https:\/\/schema.org","@graph":[{"@type":"WebPage","@id":"https:\/\/ave-eta-canada.com\/de\/ist-eta-canada-eine-verpflichtung\/","url":"https:\/\/ave-eta-canada.com\/de\/ist-eta-canada-eine-verpflichtung\/","name":"Die franz\u00f6sische Sprache verschwindet allm\u00e4hlich aus Kanada","isPartOf":{"@id":"https:\/\/ave-eta-canada.com\/de\/#website"},"datePublished":"2020-04-26T15:44:11+00:00","dateModified":"2022-05-15T21:07:49+00:00","description":"Kanada ist ein beliebtes Ziel f\u00fcr Deutsche Reisende und verwendet immer noch weniger Franz\u00f6sisch. Warum so viel Desinteresse? Antworten Sie in diesem Artikel.","breadcrumb":{"@id":"https:\/\/ave-eta-canada.com\/de\/ist-eta-canada-eine-verpflichtung\/#breadcrumb"},"inLanguage":"de","potentialAction":[{"@type":"ReadAction","target":["https:\/\/ave-eta-canada.com\/de\/ist-eta-canada-eine-verpflichtung\/"]}]},{"@type":"BreadcrumbList","@id":"https:\/\/ave-eta-canada.com\/de\/ist-eta-canada-eine-verpflichtung\/#breadcrumb","itemListElement":[{"@type":"ListItem","position":1,"name":"Home","item":"https:\/\/ave-eta-canada.com\/de\/"},{"@type":"ListItem","position":2,"name":"Die franz\u00f6sische Sprache verschwindet allm\u00e4hlich aus Kanada"}]},{"@type":"WebSite","@id":"https:\/\/ave-eta-canada.com\/de\/#website","url":"https:\/\/ave-eta-canada.com\/de\/","name":"KANADA VISUM","description":"Autorisation Voyage Electronique","potentialAction":[{"@type":"SearchAction","target":{"@type":"EntryPoint","urlTemplate":"https:\/\/ave-eta-canada.com\/de\/?s={search_term_string}"},"query-input":{"@type":"PropertyValueSpecification","valueRequired":true,"valueName":"search_term_string"}}],"inLanguage":"de"}]}},"_links":{"self":[{"href":"https:\/\/ave-eta-canada.com\/de\/wp-json\/wp\/v2\/pages\/977","targetHints":{"allow":["GET"]}}],"collection":[{"href":"https:\/\/ave-eta-canada.com\/de\/wp-json\/wp\/v2\/pages"}],"about":[{"href":"https:\/\/ave-eta-canada.com\/de\/wp-json\/wp\/v2\/types\/page"}],"author":[{"embeddable":true,"href":"https:\/\/ave-eta-canada.com\/de\/wp-json\/wp\/v2\/users\/1"}],"replies":[{"embeddable":true,"href":"https:\/\/ave-eta-canada.com\/de\/wp-json\/wp\/v2\/comments?post=977"}],"version-history":[{"count":0,"href":"https:\/\/ave-eta-canada.com\/de\/wp-json\/wp\/v2\/pages\/977\/revisions"}],"wp:attachment":[{"href":"https:\/\/ave-eta-canada.com\/de\/wp-json\/wp\/v2\/media?parent=977"}],"curies":[{"name":"wp","href":"https:\/\/api.w.org\/{rel}","templated":true}]}}