{"id":979,"date":"2020-04-26T16:47:12","date_gmt":"2020-04-26T16:47:12","guid":{"rendered":"https:\/\/ave-eta-canada.com\/der-praktische-leitfaden-fuer-reisen-in-kanada\/"},"modified":"2022-05-16T08:49:04","modified_gmt":"2022-05-16T08:49:04","slug":"der-praktische-leitfaden-fuer-reisen-in-kanada","status":"publish","type":"page","link":"https:\/\/ave-eta-canada.com\/de\/der-praktische-leitfaden-fuer-reisen-in-kanada\/","title":{"rendered":"Der praktische Leitfaden f\u00fcr Reisen in Kanada"},"content":{"rendered":"\n<h1 class=\"wp-block-heading\">Reisen nach Kanada: praktische Informationen<\/h1>\n\n<p><strong>Bei einem Aufenthalt von weniger als 6 Monaten in Kanada<\/strong> : Sie k\u00f6nnen die Formalit\u00e4ten f\u00fcr die Einreise nach Kanada direkt \u00fcber das Internet erledigen, indem Sie auf <a href=\"https:\/\/ave-eta-canada.com\/de\/ave-kanada-online-formular\/\">das Online-Formular<\/a> klicken. Es ist nicht erforderlich, einen Termin bei der kanadischen Botschaft oder dem kanadischen Konsulat zu vereinbaren.<\/p>\n\n<p>Egal, ob Sie ein Naturliebhaber oder ein Fan des Gigantismus nordamerikanischer St\u00e4dte sind, Kanada ist wie f\u00fcr Sie gemacht! Damit Sie sich besser auf Ihre Reise \u00fcber den Atlantik vorbereiten k\u00f6nnen, f\u00fchren wir in diesem Artikel alle Informationen auf, die Sie wissen m\u00fcssen, bevor Sie nach Kanada reisen. <\/p>\n\n<p>Wann verlassen? Was ist zu tun ? Welche <a href=\"https:\/\/ave-eta-canada.com\/de\/faq-eta-canada\/\">Dokumente werden<\/a> vor dem Einsteigen ben\u00f6tigt? Die Antworten sind unten.<\/p>\n\n<h2 class=\"wp-block-heading\"><br\/>Wann ist die beste Reisezeit f\u00fcr Kanada?<\/h2>\n\n<p>Aufgrund seines kontinentalen Klimas weist Kanada zwischen den Jahreszeiten erhebliche Temperaturschwankungen auf. Generell sind die Winter recht streng mit Minustemperaturen, nicht selten zeigt das Thermometer Mitte Januar in bestimmten Regionen -20\u00b0C an. Im Gegenteil, die Sommer sind relativ hei\u00df, wobei die Temperaturen im August auf 30 \u00b0C steigen.<\/p>\n\n<p>Wie wir sehen werden, gibt es in Wirklichkeit keinen besseren Zeitpunkt, <a href=\"https:\/\/ave-eta-canada.com\/de\/der-praktische-leitfaden-fuer-reisen-in-kanada\/\">um nach Kanada zu reisen<\/a> : Es h\u00e4ngt alles von Ihrem Projekt ab.<\/p>\n\n<h3 class=\"wp-block-heading\">Bleiben Sie im Winter in Kanada<\/h3>\n\n<p>Wenn Sie Wintersport betreiben m\u00f6chten, ist die beste Reisezeit f\u00fcr Kanada zweifellos von November bis Februar. In dieser Zeit gibt es viele Berufe: Skifahren, Motorschlittenfahren, Hundeschlittenfahren, Schneeschuhwandern&#8230; Kurz gesagt, wenn Sie ein Fan von Schnee und Outdoor-Aktivit\u00e4ten sind, werden Sie sich nicht langweilen.<\/p>\n\n<h3 class=\"wp-block-heading\">Besuchen Sie Kanada im Sommer<\/h3>\n\n<p>Nat\u00fcrlich bietet sich der Sommer auch f\u00fcr Outdoor-Aktivit\u00e4ten an: Wandern in Nationalparks, Camping, Kanufahren etc. Parallel dazu finden in dieser Zeit viele kulturelle Veranstaltungen statt. Dies ist insbesondere in Quebec oder Montreal der Fall, wo die Festivals w\u00e4hrend der Sommersaison aufeinander folgen. Verpassen Sie f\u00fcr Jazzliebhaber nicht das International Jazz Festival, das jedes Jahr zwischen Juni und Juli in Montreal stattfindet.<\/p>\n\n<p>Wenn Sie im Sommer nach Quebec reisen, empfehlen wir Ihnen, Tadoussac zu besuchen, das nichts anderes als das \u00e4lteste Dorf in Quebec ist. Die Hauptattraktion dieses Ortes ist die Beobachtung der ber\u00fchmten Blauwale. Wenn Sie sich f\u00fcr eine Seekreuzfahrt entscheiden, k\u00f6nnen Sie den Reichtum der lokalen Meeresfauna (Delfine, Belugas, Robben, Schweinswale, Killerwale usw.) bewundern.<\/p>\n\n<h3 class=\"wp-block-heading\">Im Herbst geht es nach Kanada<\/h3>\n\n<p>Eine Reise nach Kanada im Herbst ist ein sehr guter Kompromiss. Von Vancouver bis Quebec werden Sie Tage genie\u00dfen, die fast so sonnig wie im Sommer sind, und relativ milde Temperaturen, die jedoch 20 \u00b0C nicht \u00fcberschreiten. <\/p>\n\n<p>F\u00fcr Fotobegeisterte ist ein Aufenthalt in Kanada w\u00e4hrend des Indian Summer ideal. Die wechselnden Farben der Ahornbl\u00e4tter sorgen f\u00fcr ein faszinierendes Schauspiel. Wenn Sie dieses Ph\u00e4nomen voll ausnutzen m\u00f6chten, empfehlen wir Ihnen, in den borealen Wald von Quebec zu gehen, Sie werden von diesen wundersch\u00f6nen Landschaften in den Farben des Herbstes fasziniert sein.<\/p>\n\n<p>Diese Jahreszeit ist auch ideal, um die Migration von Schneeg\u00e4nsen aus den arktischen Regionen und entlang des ber\u00fchmten Sankt-Lorenz-Stroms zu bewundern, um in die Vereinigten Staaten aufzubrechen. <\/p>\n\n<h2 class=\"wp-block-heading\"><br\/>Reisen nach Kanada: Was sollte man besuchen?<\/h2>\n\n<p>Die Weitl\u00e4ufigkeit Kanadas l\u00e4sst unkalkulierbare Besuchsm\u00f6glichkeiten zu. Wenn Sie nach einem Tapetenwechsel d\u00fcrsten, h\u00e4tten Sie kein besseres Reiseziel w\u00e4hlen k\u00f6nnen! Gro\u00dfe wilde Gebiete, au\u00dfergew\u00f6hnlich reiche Tierwelt, Outdoor-Sportarten, riesige und sehr lebhafte St\u00e4dte, es ist f\u00fcr jeden Geschmack und jede Farbe etwas dabei! Damit Sie Ihren Kopf voller unvergesslicher Erinnerungen verlassen k\u00f6nnen, haben wir f\u00fcr Sie eine Liste mit Sehensw\u00fcrdigkeiten zusammengestellt, die Sie gesehen haben m\u00fcssen.<\/p>\n\n<h3 class=\"wp-block-heading\">Montr\u00e9al<\/h3>\n\n<p>Als erste Stadt in der Provinz Quebec k\u00f6nnen Sie nicht nach Kanada reisen, ohne in Montreal anzuhalten. Montreal ist eine multikulturelle und kosmopolitische Stadt und bietet eine gro\u00dfe Auswahl an Aktivit\u00e4ten und Sehensw\u00fcrdigkeiten.<\/p>\n\n<p>Zu Beginn empfehlen wir Ihnen, einen Spaziergang im Viertel Old Montreal zu machen. Dieses Viertel aus dem 17. Jahrhundert grenzt an den Sankt-Lorenz-Strom und wird besonders wegen seiner vielen Pl\u00e4tze gesch\u00e4tzt, die von charmanten Caf\u00e9s und Gesch\u00e4ften belebt werden. Die wichtigste Sehensw\u00fcrdigkeit in Old Montreal ist zweifellos die Basilika Notre-Dame, ein imposantes Geb\u00e4ude im neugotischen Stil. Wenn Sie einen Blick auf den gesamten Sankt-Lorenz-Strom genie\u00dfen m\u00f6chten, z\u00f6gern Sie nicht, zum ber\u00fchmten Uhrturm zu gehen, der sich im alten Hafen von Montreal befindet. Beachten Sie, dass Sie, bevor Sie die Spitze dieses Denkmals erreichen, noch 192 Stufen erklimmen m\u00fcssen, aber diese Anstrengung ist das au\u00dfergew\u00f6hnliche Panorama bei der Ankunft wert! <\/p>\n\n<h3 class=\"wp-block-heading\">Qu\u00e9bec<\/h3>\n\n<p>Wer Reise nach Qu\u00e9bec sagt, sagt zwangsl\u00e4ufig Qu\u00e9bec City. Quebec, die zweitgr\u00f6\u00dfte Stadt in der Provinz Quebec, hat es geschafft, ihre Authentizit\u00e4t im Laufe der Jahre zu bewahren, weshalb sie in die Liste des UNESCO-Weltkulturerbes aufgenommen wurde. Eine warme Atmosph\u00e4re herrscht \u00fcber dieser Stadt von menschlichem Ausma\u00df, insbesondere dank ihrer alten H\u00e4user und ihrer vielen engen Gassen. Auch sein Stil erinnert an franz\u00f6sische Architektur.<\/p>\n\n<h3 class=\"wp-block-heading\">Niagaraf\u00e4lle <\/h3>\n\n<p>Die Niagaraf\u00e4lle gelten als eine der Top-Attraktionen Kanadas und sind ein Muss, wenn Sie das Ahornland besuchen! Je nach Lust und Laune k\u00f6nnen Sie diese Wasserf\u00e4lle auf verschiedene Arten bewundern: mit dem Boot, mit dem Aufzug, auf der Panoramaterrasse oder sogar mit dem Helikopter!<\/p>\n\n<h3 class=\"wp-block-heading\">Toronto<\/h3>\n\n<p>Die Stadt Toronto liegt in der N\u00e4he der Niagaraf\u00e4lle. Nachdem Sie diese bewundert haben, nutzen Sie die Gelegenheit, Kanadas gr\u00f6\u00dfte Stadt zu besuchen. Wenn Sie schon einmal in New York waren, werden Sie von der gro\u00dfen \u00c4hnlichkeit zwischen diesen beiden St\u00e4dten \u00fcberrascht sein.<\/p>\n\n<p>Torontos Hauptattraktion ist der Aufstieg des CN Tower. Von der Spitze seiner 113 Stockwerke bietet dieser Turm ein au\u00dfergew\u00f6hnliches Panorama auf die Stadt und ihre Umgebung. Die Mutigsten k\u00f6nnen diese Aussicht sogar von einer Panoramaterrasse mit transparentem Glasboden bewundern!<\/p>\n\n<h3 class=\"wp-block-heading\">Banff-Nationalpark<\/h3>\n\n<p>Der Banff National Park liegt im Herzen der kanadischen Rocky Mountains und bietet sicherlich eine der sch\u00f6nsten Landschaften Kanadas. Dieser Park beherbergt einige auffallend sch\u00f6ne Gletscherseen, darunter Lakes Louise und Moraine, die zwei meistfotografierten Seen der Welt. Um dieses Naturschauspiel und das hypnotisierende T\u00fcrkisblau des Wassers zu bewundern, s\u00e4umen viele Wanderwege die Umgebung der Seen. Es liegt an Ihnen, das Foto Ihrer Tr\u00e4ume zu machen! <\/p>\n\n<h3 class=\"wp-block-heading\">Jasper-Nationalpark<\/h3>\n\n<p>Jasper Park, der gr\u00f6\u00dfte Nationalpark in den Rocky Mountains, ist weltber\u00fchmt f\u00fcr die Athabasca Falls, die vom gleichnamigen Gletscher stammen. Wenn Sie nach spektakul\u00e4ren Aussichten d\u00fcrsten, empfehlen wir Ihnen, zum Maligne Canyon zu fahren oder die Wanderwege rund um die Seen Maligne und Medicine zu erkunden. <\/p>\n\n<h3 class=\"wp-block-heading\">Die Gletscherwanderung<\/h3>\n\n<p>Der Icefield Parkway, der allgemein als Icefield Parkways bekannt ist, ist eine der landschaftlich reizvollsten Stra\u00dfen Kanadas. Es w\u00e4re eine Schande, sich der majest\u00e4tischen Landschaften, die sie bietet, zu entziehen! Durchqueren Sie mehrere Nationalparks und finden Sie auf den 230 km, aus denen sie besteht, viele Aussichtspunkte. Seen, Fl\u00fcsse, Gletscher, Schluchten, Wasserf\u00e4lle, Sie werden von der Vielfalt der Landschaften, die diese Route zu bieten hat, nicht unber\u00fchrt bleiben.<\/p>\n\n<h2 class=\"wp-block-heading\"><br\/>Einreise nach Kanada: Aufenthaltserlaubnis nicht vergessen<\/h2>\n\n<p>Genau wie in die USA k\u00f6nnen Sie nicht ohne Reisegenehmigung nach Kanada reisen. Es gibt viele Reisedokumente, aber das am h\u00e4ufigsten ausgestellte ist das eTA.<\/p>\n\n<h3 class=\"wp-block-heading\">eTA Kanada: was ist das?<\/h3>\n\n<p>Wenn Ihre Reise nach Kanada nicht l\u00e4nger als 6 aufeinanderfolgende Monate dauert, haben Sie wahrscheinlich Anspruch auf die eTA (Electronic Travel Authorization). Die kanadische eTA, auf Englisch auch eTA genannt, ist eine Aufenthaltserlaubnis, die berechtigten ausl\u00e4ndischen Reisenden erlaubt, ohne Visum nach Kanada zu reisen.<\/p>\n\n<p>Dieses Reisedokument wird nicht allen Staatsangeh\u00f6rigen ausgestellt. Um sich zu bewerben, m\u00fcssen Sie bestimmte von der kanadischen Regierung festgelegte <a href=\"https:\/\/ave-eta-canada.com\/de\/alles-ueber-die-eta-bedingungen-fuer-reisen-nach-kanada\/\">Zulassungsbedingungen f\u00fcr Kanada<\/a> erf\u00fcllen, d. h.:<\/p>\n\n<ul class=\"wp-block-list\"><li>die Staatsangeh\u00f6rigkeit eines Mitgliedslandes des Programms f\u00fcr visumfreies Reisen besitzen (dieses Programm umfasst unter anderem alle EU-L\u00e4nder); <\/li><li>Aufenthalt in Kanada f\u00fcr maximal 6 Monate;<\/li><li>Reisen im Rahmen eines Touristenaufenthalts, einer Gesch\u00e4ftsreise oder der Durchreise durch kanadisches Hoheitsgebiet;<\/li><li>Besitzen Sie einen g\u00fcltigen Reisepass.<\/li><\/ul>\n\n<p>Um dieses Dokument anzufordern, ist nichts einfacher: F\u00fcllen Sie einfach ein Online-Formular auf der Website der <a href=\"https:\/\/www.canada.ca\/fr.html\">kanadischen Regierung<\/a> oder auf der Homepage dieser Website aus. Selbstverst\u00e4ndlich wird Ihre Akte von den kanadischen Beh\u00f6rden gepr\u00fcft, um sicherzustellen, dass Sie keine Gefahr f\u00fcr die innere Sicherheit des Landes darstellen. Aber keine Sorge, die meisten Anfragen werden innerhalb weniger Tage nach dem Absenden der Anfrage genehmigt! <\/p>\n\n<p>Wenn Sie vorhaben, nach Kanada zu gehen, um ein Praktikum, ein Studium oder sogar eine Arbeit zu absolvieren, kann <a href=\"https:\/\/ave-eta-canada.com\/de\/\">die eTA<\/a> nicht auf Ihren Fall angewendet werden, Sie m\u00fcssen ein anderes Reisedokument beantragen.<\/p>\n\n<h3 class=\"wp-block-heading\">Ich habe keinen Anspruch auf eTA: Welches Dokument kann ich f\u00fcr die Einreise nach Kanada anfordern?<\/h3>\n\n<p>Wenn Sie nicht f\u00fcr die eTA berechtigt sind, ben\u00f6tigen Sie ein kanadisches Visum. Letztere variiert je nach Art des Aufenthalts in Kanada.<\/p>\n\n<p>Wenn Sie arbeiten wollen, m\u00fcssen Sie eine Arbeitserlaubnis einholen. Beachten Sie, dass Sie unter 36 Jahren <a href=\"https:\/\/ave-eta-canada.com\/de\/whp-kanada-kommentar-obtenir-sohn-permis-vakanzen-muehe\/\">eine Working Holiday Permit<\/a> (PVT) beantragen k\u00f6nnen. Dieses Dokument erm\u00f6glicht es Ihnen, legal zu arbeiten und gleichzeitig Kanada zu entdecken und Urlaub zu machen, wie Sie es f\u00fcr richtig halten.<\/p>\n\n<p>Ausl\u00e4ndische Studierende m\u00fcssen ein Visum beantragen. Wenn dies Ihr Projekt ist, empfehlen wir Ihnen, sich an die kanadische Botschaft oder das kanadische Konsulat zu wenden, um weitere Informationen zu den zu erledigenden Formalit\u00e4ten zu erhalten, auch wenn Sie ein Praktikum in Kanada absolvieren m\u00f6chten. <\/p>\n","protected":false},"excerpt":{"rendered":"<p>Reisen nach Kanada: praktische Informationen Bei einem Aufenthalt von weniger als 6 Monaten in Kanada : Sie k\u00f6nnen die Formalit\u00e4ten f\u00fcr die Einreise nach Kanada direkt \u00fcber das Internet erledigen, indem Sie auf das Online-Formular klicken. Es ist nicht erforderlich, einen Termin bei der kanadischen Botschaft oder dem kanadischen Konsulat zu vereinbaren. Egal, ob Sie [&hellip;]<\/p>\n","protected":false},"author":1,"featured_media":0,"parent":0,"menu_order":0,"comment_status":"closed","ping_status":"closed","template":"","meta":{"footnotes":""},"class_list":["post-979","page","type-page","status-publish","hentry"],"yoast_head":"<!-- This site is optimized with the Yoast SEO plugin v26.9 - https:\/\/yoast.com\/product\/yoast-seo-wordpress\/ -->\n<title>Der praktische Leitfaden f\u00fcr Reisen in Kanada<\/title>\n<meta name=\"description\" content=\"Planen Sie bald nach Kanada zu reisen? In diesem Leitfaden finden Sie alle praktischen Informationen, um diesen langersehnten Aufenthalt zu organisieren.\" \/>\n<meta name=\"robots\" content=\"index, follow, max-snippet:-1, max-image-preview:large, max-video-preview:-1\" \/>\n<link rel=\"canonical\" href=\"https:\/\/ave-eta-canada.com\/de\/der-praktische-leitfaden-fuer-reisen-in-kanada\/\" \/>\n<meta property=\"og:locale\" content=\"de_DE\" \/>\n<meta property=\"og:type\" content=\"article\" \/>\n<meta property=\"og:title\" content=\"Der praktische Leitfaden f\u00fcr Reisen in Kanada\" \/>\n<meta property=\"og:description\" content=\"Planen Sie bald nach Kanada zu reisen? In diesem Leitfaden finden Sie alle praktischen Informationen, um diesen langersehnten Aufenthalt zu organisieren.\" \/>\n<meta property=\"og:url\" content=\"https:\/\/ave-eta-canada.com\/de\/der-praktische-leitfaden-fuer-reisen-in-kanada\/\" \/>\n<meta property=\"og:site_name\" content=\"KANADA VISUM\" \/>\n<meta property=\"article:modified_time\" content=\"2022-05-16T08:49:04+00:00\" \/>\n<meta name=\"twitter:card\" content=\"summary_large_image\" \/>\n<meta name=\"twitter:label1\" content=\"Gesch\u00e4tzte Lesezeit\" \/>\n\t<meta name=\"twitter:data1\" content=\"8\u00a0Minuten\" \/>\n<script type=\"application\/ld+json\" class=\"yoast-schema-graph\">{\"@context\":\"https:\/\/schema.org\",\"@graph\":[{\"@type\":\"WebPage\",\"@id\":\"https:\/\/ave-eta-canada.com\/de\/der-praktische-leitfaden-fuer-reisen-in-kanada\/\",\"url\":\"https:\/\/ave-eta-canada.com\/de\/der-praktische-leitfaden-fuer-reisen-in-kanada\/\",\"name\":\"Der praktische Leitfaden f\u00fcr Reisen in Kanada\",\"isPartOf\":{\"@id\":\"https:\/\/ave-eta-canada.com\/de\/#website\"},\"datePublished\":\"2020-04-26T16:47:12+00:00\",\"dateModified\":\"2022-05-16T08:49:04+00:00\",\"description\":\"Planen Sie bald nach Kanada zu reisen? In diesem Leitfaden finden Sie alle praktischen Informationen, um diesen langersehnten Aufenthalt zu organisieren.\",\"breadcrumb\":{\"@id\":\"https:\/\/ave-eta-canada.com\/de\/der-praktische-leitfaden-fuer-reisen-in-kanada\/#breadcrumb\"},\"inLanguage\":\"de\",\"potentialAction\":[{\"@type\":\"ReadAction\",\"target\":[\"https:\/\/ave-eta-canada.com\/de\/der-praktische-leitfaden-fuer-reisen-in-kanada\/\"]}]},{\"@type\":\"BreadcrumbList\",\"@id\":\"https:\/\/ave-eta-canada.com\/de\/der-praktische-leitfaden-fuer-reisen-in-kanada\/#breadcrumb\",\"itemListElement\":[{\"@type\":\"ListItem\",\"position\":1,\"name\":\"Home\",\"item\":\"https:\/\/ave-eta-canada.com\/de\/\"},{\"@type\":\"ListItem\",\"position\":2,\"name\":\"Der praktische Leitfaden f\u00fcr Reisen in Kanada\"}]},{\"@type\":\"WebSite\",\"@id\":\"https:\/\/ave-eta-canada.com\/de\/#website\",\"url\":\"https:\/\/ave-eta-canada.com\/de\/\",\"name\":\"KANADA VISUM\",\"description\":\"Autorisation Voyage Electronique\",\"potentialAction\":[{\"@type\":\"SearchAction\",\"target\":{\"@type\":\"EntryPoint\",\"urlTemplate\":\"https:\/\/ave-eta-canada.com\/de\/?s={search_term_string}\"},\"query-input\":{\"@type\":\"PropertyValueSpecification\",\"valueRequired\":true,\"valueName\":\"search_term_string\"}}],\"inLanguage\":\"de\"}]}<\/script>\n<!-- \/ Yoast SEO plugin. -->","yoast_head_json":{"title":"Der praktische Leitfaden f\u00fcr Reisen in Kanada","description":"Planen Sie bald nach Kanada zu reisen? In diesem Leitfaden finden Sie alle praktischen Informationen, um diesen langersehnten Aufenthalt zu organisieren.","robots":{"index":"index","follow":"follow","max-snippet":"max-snippet:-1","max-image-preview":"max-image-preview:large","max-video-preview":"max-video-preview:-1"},"canonical":"https:\/\/ave-eta-canada.com\/de\/der-praktische-leitfaden-fuer-reisen-in-kanada\/","og_locale":"de_DE","og_type":"article","og_title":"Der praktische Leitfaden f\u00fcr Reisen in Kanada","og_description":"Planen Sie bald nach Kanada zu reisen? In diesem Leitfaden finden Sie alle praktischen Informationen, um diesen langersehnten Aufenthalt zu organisieren.","og_url":"https:\/\/ave-eta-canada.com\/de\/der-praktische-leitfaden-fuer-reisen-in-kanada\/","og_site_name":"KANADA VISUM","article_modified_time":"2022-05-16T08:49:04+00:00","twitter_card":"summary_large_image","twitter_misc":{"Gesch\u00e4tzte Lesezeit":"8\u00a0Minuten"},"schema":{"@context":"https:\/\/schema.org","@graph":[{"@type":"WebPage","@id":"https:\/\/ave-eta-canada.com\/de\/der-praktische-leitfaden-fuer-reisen-in-kanada\/","url":"https:\/\/ave-eta-canada.com\/de\/der-praktische-leitfaden-fuer-reisen-in-kanada\/","name":"Der praktische Leitfaden f\u00fcr Reisen in Kanada","isPartOf":{"@id":"https:\/\/ave-eta-canada.com\/de\/#website"},"datePublished":"2020-04-26T16:47:12+00:00","dateModified":"2022-05-16T08:49:04+00:00","description":"Planen Sie bald nach Kanada zu reisen? In diesem Leitfaden finden Sie alle praktischen Informationen, um diesen langersehnten Aufenthalt zu organisieren.","breadcrumb":{"@id":"https:\/\/ave-eta-canada.com\/de\/der-praktische-leitfaden-fuer-reisen-in-kanada\/#breadcrumb"},"inLanguage":"de","potentialAction":[{"@type":"ReadAction","target":["https:\/\/ave-eta-canada.com\/de\/der-praktische-leitfaden-fuer-reisen-in-kanada\/"]}]},{"@type":"BreadcrumbList","@id":"https:\/\/ave-eta-canada.com\/de\/der-praktische-leitfaden-fuer-reisen-in-kanada\/#breadcrumb","itemListElement":[{"@type":"ListItem","position":1,"name":"Home","item":"https:\/\/ave-eta-canada.com\/de\/"},{"@type":"ListItem","position":2,"name":"Der praktische Leitfaden f\u00fcr Reisen in Kanada"}]},{"@type":"WebSite","@id":"https:\/\/ave-eta-canada.com\/de\/#website","url":"https:\/\/ave-eta-canada.com\/de\/","name":"KANADA VISUM","description":"Autorisation Voyage Electronique","potentialAction":[{"@type":"SearchAction","target":{"@type":"EntryPoint","urlTemplate":"https:\/\/ave-eta-canada.com\/de\/?s={search_term_string}"},"query-input":{"@type":"PropertyValueSpecification","valueRequired":true,"valueName":"search_term_string"}}],"inLanguage":"de"}]}},"_links":{"self":[{"href":"https:\/\/ave-eta-canada.com\/de\/wp-json\/wp\/v2\/pages\/979","targetHints":{"allow":["GET"]}}],"collection":[{"href":"https:\/\/ave-eta-canada.com\/de\/wp-json\/wp\/v2\/pages"}],"about":[{"href":"https:\/\/ave-eta-canada.com\/de\/wp-json\/wp\/v2\/types\/page"}],"author":[{"embeddable":true,"href":"https:\/\/ave-eta-canada.com\/de\/wp-json\/wp\/v2\/users\/1"}],"replies":[{"embeddable":true,"href":"https:\/\/ave-eta-canada.com\/de\/wp-json\/wp\/v2\/comments?post=979"}],"version-history":[{"count":0,"href":"https:\/\/ave-eta-canada.com\/de\/wp-json\/wp\/v2\/pages\/979\/revisions"}],"wp:attachment":[{"href":"https:\/\/ave-eta-canada.com\/de\/wp-json\/wp\/v2\/media?parent=979"}],"curies":[{"name":"wp","href":"https:\/\/api.w.org\/{rel}","templated":true}]}}