{"id":981,"date":"2020-04-26T16:55:17","date_gmt":"2020-04-26T16:55:17","guid":{"rendered":"https:\/\/ave-eta-canada.com\/die-x-games-zum-ersten-mal-in-kanada\/"},"modified":"2022-05-13T21:40:35","modified_gmt":"2022-05-13T21:40:35","slug":"die-x-games-zum-ersten-mal-in-kanada","status":"publish","type":"page","link":"https:\/\/ave-eta-canada.com\/de\/die-x-games-zum-ersten-mal-in-kanada\/","title":{"rendered":"Die X-Games in Kanada"},"content":{"rendered":"\n<h1 class=\"wp-block-heading\">Kanada ist drei Jahre lang Gastgeber der Winter X Games<\/h1>\n\n<p>Wenn Sie ein Fan von Extremsportarten sind und Festivalatmosph\u00e4re m\u00f6gen, sind die X Games genau das Richtige f\u00fcr Sie! Die Spiele, die in den Vereinigten Staaten organisiert und ausgestrahlt werden, k\u00f6nnen nun in Kanada, in der Stadt Calgary, stattfinden. Ein Geschenk des Himmels f\u00fcr Reisende, die das Land des Ahornsirups entdecken und gleichzeitig das unverzichtbare Ereignis der X Games genie\u00dfen m\u00f6chten.<\/p>\n\n<h2 class=\"wp-block-heading\">Die wesentlichen Wettbewerbe der X Games<\/h2>\n\n<p>Die <a href=\"http:\/\/www.xgames.com\/\">X Games<\/a> sind ein j\u00e4hrlicher Wettbewerb mehrerer Extremsportarten, der in 140 L\u00e4nder \u00fcbertragen wird. Zun\u00e4chst von den USA im Sommersport eingef\u00fchrte Spiele \u201eSummer X Games\u201c, stellte die Firma ESPN dann die Winter X Games vor dem wachsenden Erfolg vor.<\/p>\n\n<p>Die Winter X Games sind ein Event, das sich jeder Snowboarder und Freestyle-Skifahrer mit Selbstachtung nicht entgehen lassen sollte! Die besten Athleten des Jahres werden mit einer Gold-, Silber- und Bronzemedaille belohnt.<\/p>\n\n<p>Diese Winterveranstaltung ist weltweit bekannt f\u00fcr die vielen Wettbewerbe, die spannender sind als die anderen, aber auch f\u00fcr ihre festliche Atmosph\u00e4re.<\/p>\n\n<p>Seit 2010 hat eine X Games Europe Version das Licht der Welt erblickt (mehrere Jahre auch in Frankreich).<\/p>\n\n<h2 class=\"wp-block-heading\">Ein gest\u00e4rktes touristisches Erbe<\/h2>\n\n<p>Die Provinz Alberta hat die exklusiven Rechte erhalten, die ersten X Games in Kanada auszurichten, und erlaubt Calgary, die erste kanadische Stadt zu werden, die sich der Organisation der X Games anschlie\u00dft.<\/p>\n\n<p>Laut Vertretern der Provinz hat die Stadt die Genehmigung, die X-Spiele f\u00fcr mindestens drei aufeinanderfolgende Jahre auszurichten, und hofft, in den Jahren 2020, 2021 und 2022 Veranstaltungen organisieren zu k\u00f6nnen.<\/p>\n\n<p>Der Minister f\u00fcr Kultur und Tourismus, Ricardo Miranda, sagte: \u201eDiese Spiele sind eine Investition in unsere Zukunft, sowohl in Tourismus, Kultur, Sport, Entwicklung und Diversifizierung unserer Wirtschaft.\u201c Sie werden das Erbe der Stadt Calgary st\u00e4rken und st\u00e4rken von Alberta als Wintersportziel.<\/p>\n\n<h3 class=\"wp-block-heading\">Der wirtschaftliche Vorteil<\/h3>\n\n<p>Die Spiele, die als Pflichtveranstaltung im Winter gelten, ziehen jedes Jahr Tausende von Zuschauern an und pr\u00e4sentieren die besten Extremsportler aus der ganzen Welt.<\/p>\n\n<p>Kanada sch\u00e4tzt, dass die X-Games rund 75.000 Zuschauer und 75 Millionen Dollar pro Jahr anziehen k\u00f6nnten! Ein bedeutender wirtschaftlicher Spin-off, der \u201eReisen und Tourismus, wirtschaftliche Entwicklung, Spin-off-Unternehmen wie Restaurants und Hotels in der gesamten Gemeinde unterst\u00fctzt\u201c, sagte der B\u00fcrgermeister der Stadt Calgary.<\/p>\n\n<p>Die Spiele werden Calgary einem neuen Publikum vorstellen und die n\u00e4chste Generation von Athleten dazu inspirieren, sich die Spiele anzusehen.<\/p>\n\n<p>Obwohl die <a href=\"https:\/\/www.canada.ca\/fr.html\">kanadische Regierung<\/a> eine gro\u00dfe Summe zugesagt hat, um die Ausrichtung der globalen Veranstaltung zu erm\u00f6glichen (13,5 Millionen), behaupten Tourismusbeamte, dass die Spiele etwa 540 Arbeitspl\u00e4tze pro Jahr schaffen werden. F\u00fcr einen Teil der Veranstaltungen wird im Stampede Park ein 14-st\u00f6ckiger Turm gebaut, der andere Teil findet im WinSport Olympic Park statt.<\/p>\n\n<p>Wenn Sie dieses Sportereignis interessiert, z\u00f6gern Sie nicht l\u00e4nger und organisieren Sie Ihre <a href=\"https:\/\/ave-eta-canada.com\/de\/wie-absolviere-ich-eine-eta-um-nach-kanada-zu-reisen\/\">Reise nach Kanada<\/a> (vergessen Sie nicht Ihren <a href=\"https:\/\/ave-eta-canada.com\/de\/stellen-sie-einen-offiziellen-antrag-von-eta-canada\/\">AVE-Antrag)<\/a> .<\/p>\n","protected":false},"excerpt":{"rendered":"<p>Kanada ist drei Jahre lang Gastgeber der Winter X Games Wenn Sie ein Fan von Extremsportarten sind und Festivalatmosph\u00e4re m\u00f6gen, sind die X Games genau das Richtige f\u00fcr Sie! Die Spiele, die in den Vereinigten Staaten organisiert und ausgestrahlt werden, k\u00f6nnen nun in Kanada, in der Stadt Calgary, stattfinden. Ein Geschenk des Himmels f\u00fcr Reisende, [&hellip;]<\/p>\n","protected":false},"author":1,"featured_media":0,"parent":0,"menu_order":0,"comment_status":"closed","ping_status":"closed","template":"","meta":{"footnotes":""},"class_list":["post-981","page","type-page","status-publish","hentry"],"yoast_head":"<!-- This site is optimized with the Yoast SEO plugin v26.9 - https:\/\/yoast.com\/product\/yoast-seo-wordpress\/ -->\n<title>Die X-Games in Kanada<\/title>\n<meta name=\"description\" content=\"Kanada erh\u00e4lt zum ersten Mal die exklusiven Rechte, die Winter X Games in der Stadt Calgary auszurichten. Interessiert? Es ist hier.\" \/>\n<meta name=\"robots\" content=\"index, follow, max-snippet:-1, max-image-preview:large, max-video-preview:-1\" \/>\n<link rel=\"canonical\" href=\"https:\/\/ave-eta-canada.com\/de\/die-x-games-zum-ersten-mal-in-kanada\/\" \/>\n<meta property=\"og:locale\" content=\"de_DE\" \/>\n<meta property=\"og:type\" content=\"article\" \/>\n<meta property=\"og:title\" content=\"Die X-Games in Kanada\" \/>\n<meta property=\"og:description\" content=\"Kanada erh\u00e4lt zum ersten Mal die exklusiven Rechte, die Winter X Games in der Stadt Calgary auszurichten. Interessiert? Es ist hier.\" \/>\n<meta property=\"og:url\" content=\"https:\/\/ave-eta-canada.com\/de\/die-x-games-zum-ersten-mal-in-kanada\/\" \/>\n<meta property=\"og:site_name\" content=\"KANADA VISUM\" \/>\n<meta property=\"article:modified_time\" content=\"2022-05-13T21:40:35+00:00\" \/>\n<meta name=\"twitter:card\" content=\"summary_large_image\" \/>\n<meta name=\"twitter:label1\" content=\"Gesch\u00e4tzte Lesezeit\" \/>\n\t<meta name=\"twitter:data1\" content=\"2\u00a0Minuten\" \/>\n<script type=\"application\/ld+json\" class=\"yoast-schema-graph\">{\"@context\":\"https:\/\/schema.org\",\"@graph\":[{\"@type\":\"WebPage\",\"@id\":\"https:\/\/ave-eta-canada.com\/de\/die-x-games-zum-ersten-mal-in-kanada\/\",\"url\":\"https:\/\/ave-eta-canada.com\/de\/die-x-games-zum-ersten-mal-in-kanada\/\",\"name\":\"Die X-Games in Kanada\",\"isPartOf\":{\"@id\":\"https:\/\/ave-eta-canada.com\/de\/#website\"},\"datePublished\":\"2020-04-26T16:55:17+00:00\",\"dateModified\":\"2022-05-13T21:40:35+00:00\",\"description\":\"Kanada erh\u00e4lt zum ersten Mal die exklusiven Rechte, die Winter X Games in der Stadt Calgary auszurichten. Interessiert? Es ist hier.\",\"breadcrumb\":{\"@id\":\"https:\/\/ave-eta-canada.com\/de\/die-x-games-zum-ersten-mal-in-kanada\/#breadcrumb\"},\"inLanguage\":\"de\",\"potentialAction\":[{\"@type\":\"ReadAction\",\"target\":[\"https:\/\/ave-eta-canada.com\/de\/die-x-games-zum-ersten-mal-in-kanada\/\"]}]},{\"@type\":\"BreadcrumbList\",\"@id\":\"https:\/\/ave-eta-canada.com\/de\/die-x-games-zum-ersten-mal-in-kanada\/#breadcrumb\",\"itemListElement\":[{\"@type\":\"ListItem\",\"position\":1,\"name\":\"Home\",\"item\":\"https:\/\/ave-eta-canada.com\/de\/\"},{\"@type\":\"ListItem\",\"position\":2,\"name\":\"Die X-Games in Kanada\"}]},{\"@type\":\"WebSite\",\"@id\":\"https:\/\/ave-eta-canada.com\/de\/#website\",\"url\":\"https:\/\/ave-eta-canada.com\/de\/\",\"name\":\"KANADA VISUM\",\"description\":\"Autorisation Voyage Electronique\",\"potentialAction\":[{\"@type\":\"SearchAction\",\"target\":{\"@type\":\"EntryPoint\",\"urlTemplate\":\"https:\/\/ave-eta-canada.com\/de\/?s={search_term_string}\"},\"query-input\":{\"@type\":\"PropertyValueSpecification\",\"valueRequired\":true,\"valueName\":\"search_term_string\"}}],\"inLanguage\":\"de\"}]}<\/script>\n<!-- \/ Yoast SEO plugin. -->","yoast_head_json":{"title":"Die X-Games in Kanada","description":"Kanada erh\u00e4lt zum ersten Mal die exklusiven Rechte, die Winter X Games in der Stadt Calgary auszurichten. Interessiert? Es ist hier.","robots":{"index":"index","follow":"follow","max-snippet":"max-snippet:-1","max-image-preview":"max-image-preview:large","max-video-preview":"max-video-preview:-1"},"canonical":"https:\/\/ave-eta-canada.com\/de\/die-x-games-zum-ersten-mal-in-kanada\/","og_locale":"de_DE","og_type":"article","og_title":"Die X-Games in Kanada","og_description":"Kanada erh\u00e4lt zum ersten Mal die exklusiven Rechte, die Winter X Games in der Stadt Calgary auszurichten. Interessiert? Es ist hier.","og_url":"https:\/\/ave-eta-canada.com\/de\/die-x-games-zum-ersten-mal-in-kanada\/","og_site_name":"KANADA VISUM","article_modified_time":"2022-05-13T21:40:35+00:00","twitter_card":"summary_large_image","twitter_misc":{"Gesch\u00e4tzte Lesezeit":"2\u00a0Minuten"},"schema":{"@context":"https:\/\/schema.org","@graph":[{"@type":"WebPage","@id":"https:\/\/ave-eta-canada.com\/de\/die-x-games-zum-ersten-mal-in-kanada\/","url":"https:\/\/ave-eta-canada.com\/de\/die-x-games-zum-ersten-mal-in-kanada\/","name":"Die X-Games in Kanada","isPartOf":{"@id":"https:\/\/ave-eta-canada.com\/de\/#website"},"datePublished":"2020-04-26T16:55:17+00:00","dateModified":"2022-05-13T21:40:35+00:00","description":"Kanada erh\u00e4lt zum ersten Mal die exklusiven Rechte, die Winter X Games in der Stadt Calgary auszurichten. Interessiert? Es ist hier.","breadcrumb":{"@id":"https:\/\/ave-eta-canada.com\/de\/die-x-games-zum-ersten-mal-in-kanada\/#breadcrumb"},"inLanguage":"de","potentialAction":[{"@type":"ReadAction","target":["https:\/\/ave-eta-canada.com\/de\/die-x-games-zum-ersten-mal-in-kanada\/"]}]},{"@type":"BreadcrumbList","@id":"https:\/\/ave-eta-canada.com\/de\/die-x-games-zum-ersten-mal-in-kanada\/#breadcrumb","itemListElement":[{"@type":"ListItem","position":1,"name":"Home","item":"https:\/\/ave-eta-canada.com\/de\/"},{"@type":"ListItem","position":2,"name":"Die X-Games in Kanada"}]},{"@type":"WebSite","@id":"https:\/\/ave-eta-canada.com\/de\/#website","url":"https:\/\/ave-eta-canada.com\/de\/","name":"KANADA VISUM","description":"Autorisation Voyage Electronique","potentialAction":[{"@type":"SearchAction","target":{"@type":"EntryPoint","urlTemplate":"https:\/\/ave-eta-canada.com\/de\/?s={search_term_string}"},"query-input":{"@type":"PropertyValueSpecification","valueRequired":true,"valueName":"search_term_string"}}],"inLanguage":"de"}]}},"_links":{"self":[{"href":"https:\/\/ave-eta-canada.com\/de\/wp-json\/wp\/v2\/pages\/981","targetHints":{"allow":["GET"]}}],"collection":[{"href":"https:\/\/ave-eta-canada.com\/de\/wp-json\/wp\/v2\/pages"}],"about":[{"href":"https:\/\/ave-eta-canada.com\/de\/wp-json\/wp\/v2\/types\/page"}],"author":[{"embeddable":true,"href":"https:\/\/ave-eta-canada.com\/de\/wp-json\/wp\/v2\/users\/1"}],"replies":[{"embeddable":true,"href":"https:\/\/ave-eta-canada.com\/de\/wp-json\/wp\/v2\/comments?post=981"}],"version-history":[{"count":0,"href":"https:\/\/ave-eta-canada.com\/de\/wp-json\/wp\/v2\/pages\/981\/revisions"}],"wp:attachment":[{"href":"https:\/\/ave-eta-canada.com\/de\/wp-json\/wp\/v2\/media?parent=981"}],"curies":[{"name":"wp","href":"https:\/\/api.w.org\/{rel}","templated":true}]}}