{"id":983,"date":"2020-04-26T17:11:08","date_gmt":"2020-04-26T17:11:08","guid":{"rendered":"https:\/\/ave-eta-canada.com\/lexikon-alle-definitionen-rund-um-eta-canada\/"},"modified":"2022-05-16T12:12:46","modified_gmt":"2022-05-16T12:12:46","slug":"lexikon-alle-definitionen-rund-um-eta-canada","status":"publish","type":"page","link":"https:\/\/ave-eta-canada.com\/de\/lexikon-alle-definitionen-rund-um-eta-canada\/","title":{"rendered":"Glossar | Alle kanadischen eTA-Definitionen"},"content":{"rendered":"\n<h1 class=\"wp-block-heading\">Kanada eTA, n\u00fctzliche Definitionen<\/h1>\n\n<p>M\u00f6chten Sie eine eTA (Electronic Travel Authorization) bestellen, um nach Kanada zu reisen, aber all diese unbekannten Akronyme oder englischen W\u00f6rter machen Ihnen Angst? Keine Panik, zum besseren Verst\u00e4ndnis hat unser Team eine Liste mit wesentlichen Begriffen im Zusammenhang mit der kanadischen eTA erstellt und detailliert. Dies erleichtert Ihnen die Bestellung Ihrer Reisegenehmigung erheblich. Wir laden Sie auch ein, unsere <a href=\"https:\/\/ave-eta-canada.com\/de\/faq-eta-canada\/\">FAQ<\/a> -Seite sowie unseren Hilfebereich zu konsultieren.<\/p>\n\n<h2 class=\"wp-block-heading\">NAFTA<\/h2>\n\n<p>NAFTA steht f\u00fcr North American Free Trade Agreement. Dieser zwischen den USA, Mexiko und Kanada unterzeichnete Pakt erleichtert die Zu- und Abg\u00e4nge von B\u00fcrgern innerhalb dieser Gebiete im Rahmen einer beruflichen T\u00e4tigkeit.<\/p>\n\n<p>NAFTA richtet sich an vier Kategorien von Menschen:<\/p>\n\n<ul class=\"wp-block-list\"><li>Gesch\u00e4ftsleute;<\/li><li>Angestellte;<\/li><li>Arbeitnehmer, die innerhalb eines Unternehmens versetzt werden;<\/li><li>Investoren und Trader.<\/li><\/ul>\n\n<h2 class=\"wp-block-heading\">Botschaft<\/h2>\n\n<p>Die Botschaft ist eine diplomatische Struktur, die ein Land innerhalb einer fremden Nation repr\u00e4sentiert. Seine Ziele bestehen vor allem darin, eine gute Zusammenarbeit mit dem Gastland aufrechtzuerhalten, die Sicherheit von Expatriates zu gew\u00e4hrleisten und seinen B\u00fcrgern die Erledigung verschiedener Verwaltungsverfahren im Ausland zu erm\u00f6glichen.<\/p>\n\n<h2 class=\"wp-block-heading\">eTA<\/h2>\n\n<p><a href=\"https:\/\/ave-eta-canada.com\/de\/\">Die eTA<\/a> (Electronic Travel Authorization) erm\u00f6glicht es Staatsangeh\u00f6rigen eines von der Visumpflicht befreiten Landes, per Flugzeug nach Kanada einzureisen. Der Zweck dieser Genehmigung besteht darin, sicherzustellen, dass der Reisende kein Risiko f\u00fcr die innere Sicherheit Kanadas darstellt. Es handelt sich um ein elektronisches Dokument, das direkt mit dem Reisepass verkn\u00fcpft ist und f\u00fcr einen Zeitraum von 5 Jahren oder bis zum Ablauf des Ausweisdokuments g\u00fcltig ist.<\/p>\n\n<h2 class=\"wp-block-heading\">Konsulat<\/h2>\n\n<p>Das Konsulat ist eine Regierungsstelle mit Sitz im Ausland, die darauf abzielt, Staatsangeh\u00f6rige des vom Konsulat vertretenen Staates zu unterst\u00fctzen und zu sch\u00fctzen. Insbesondere ist er f\u00fcr die Ausstellung von Personenstandsdokumenten (Personalausweis, Reisepass etc.) zust\u00e4ndig.<\/p>\n\n<h2 class=\"wp-block-heading\">ESTA<\/h2>\n\n<p>Akronym f\u00fcr Electronic System for Travel Authorization, ESTA ist das \u00c4quivalent des AVE f\u00fcr die Vereinigten Staaten. Das ESTA-Formular erlaubt B\u00fcrgern eines der Mitgliedsl\u00e4nder des Programms f\u00fcr visumfreies Reisen, sich f\u00fcr maximal 90 Tage auf amerikanischem Boden aufzuhalten. Die Beantragung einer ESTA-Genehmigung erfolgt ebenfalls online.<\/p>\n\n<h2 class=\"wp-block-heading\">eTA<\/h2>\n\n<p>eTA ist die Abk\u00fcrzung f\u00fcr \u201eElectronic Travel Authorization\u201c. Es ist einfach der englische Begriff f\u00fcr eTA. Die <a href=\"https:\/\/ave-eta-canada.com\/de\/was-ist-eta-kanada\/\">eTA<\/a> wird von der kanadischen Regierung ausgestellt und ist eine Reisegenehmigung nach Kanada, die Ihnen erlaubt, sich f\u00fcr maximal 6 Monate auf kanadischem Hoheitsgebiet aufzuhalten.<\/p>\n\n<h2 class=\"wp-block-heading\">eTA-Geb\u00fchren<\/h2>\n\n<p>Die Beantragung eines eTA-Formulars verursacht Verwaltungskosten. Eine Summe von $7 CAN ist erforderlich, um das Absenden der Online-Anfrage abzuschlie\u00dfen. Abh\u00e4ngig von den angebotenen Dienstleistungen k\u00f6nnen zus\u00e4tzliche Geb\u00fchren anfallen.<\/p>\n\n<h2 class=\"wp-block-heading\">IRCC<\/h2>\n\n<p>Immigration, Refugees and Citizenship Canada ist Kanadas Einwanderungsbeh\u00f6rde. Die Missionen der letzteren drehen sich haupts\u00e4chlich um:<\/p>\n\n<ul class=\"wp-block-list\"><li>die Organisation und Kontrolle der Str\u00f6me von Staatsangeh\u00f6rigen, die im Hoheitsgebiet ankommen;<\/li><li>Aufrechterhaltung und St\u00e4rkung der mit der Staatsb\u00fcrgerschaft verbundenen Werte;<\/li><\/ul>\n\n<p>Als solches verwaltet das IRCC insbesondere die Ausstellung von kanadischen eTAs und \u00fcberpr\u00fcft, ob ausl\u00e4ndische Antragsteller tats\u00e4chlich nach kanadischem Recht zul\u00e4ssig sind.<\/p>\n\n<h2 class=\"wp-block-heading\">Biometrischer Reisepass<\/h2>\n\n<p>Der 2009 in Frankreich offiziell eingef\u00fchrte biometrische Reisepass ersetzt den elektronischen Reisepass. Es hat die Besonderheit, dass es dank eines im Dokument enthaltenen elektronischen Chips schwer zu f\u00e4lschen ist. Letztere umfassen die Identifikationsdaten des Inhabers (Fingerabdr\u00fccke, physiognomische Merkmale, Foto usw.). Dar\u00fcber hinaus wird ein biometrischer Reisepass erkannt, wenn der Begriff \u201eReisepass\u201c auf dem Umschlag unterstrichen ist.<\/p>\n\n<h2 class=\"wp-block-heading\">Elektronischer Reisepass<\/h2>\n\n<p>Der 2006 eingef\u00fchrte elektronische Reisepass verf\u00fcgt \u00fcber einen elektronischen Chip, der die Identifikationsdaten seines Besitzers enth\u00e4lt. Er wurde inzwischen durch den biometrischen Reisepass ersetzt, der wesentlich schwieriger zu f\u00e4lschen ist.<\/p>\n\n<h2 class=\"wp-block-heading\">PST<\/h2>\n\n<p>Die PST (Temporary Residence Permit) ist eine Aufenthaltserlaubnis f\u00fcr Personen, die nicht zugelassen sind und die Voraussetzungen des Ausl\u00e4nder- und Fl\u00fcchtlingsschutzgesetzes nicht erf\u00fcllen. Die kanadischen Beh\u00f6rden stellen dieses Dokument nur in Ausnahmesituationen humanit\u00e4rer, sozialer oder wirtschaftlicher Art aus.<\/p>\n\n<h2 class=\"wp-block-heading\">WHV Kanada<\/h2>\n\n<p>Das <a href=\"https:\/\/ave-eta-canada.com\/de\/whp-kanada-kommentar-obtenir-sohn-permis-vakanzen-muehe\/\">Working Holiday Program (WHV)<\/a> ist ein befristetes Arbeitsvisum, das berechtigten Staatsangeh\u00f6rigen die M\u00f6glichkeit bietet, in Kanada zu leben und zu arbeiten. Je nach Nationalit\u00e4t betr\u00e4gt die Dauer 12 oder 24 Monate, in denen der Reisende Tourismus betreiben, aber auch auf kanadischem Territorium arbeiten kann. <\/p>\n\n<h2 class=\"wp-block-heading\">Dauerhafter Bewohner<\/h2>\n\n<p>Der Status eines st\u00e4ndigen Wohnsitzes wird ausl\u00e4ndischen Personen gew\u00e4hrt, die berechtigt sind, sich ohne zeitliche Begrenzung auf kanadischem Hoheitsgebiet aufzuhalten. St\u00e4ndige Einwohner k\u00f6nnen somit wie jeder kanadische Staatsb\u00fcrger leben.<\/p>\n\n<h2 class=\"wp-block-heading\">vor\u00fcbergehender Bewohner<\/h2>\n\n<p>Der Status eines vor\u00fcbergehenden Aufenthaltsberechtigten wird Ausl\u00e4ndern gew\u00e4hrt, die die gesetzlich festgelegten Kriterien f\u00fcr die Einreise in das Hoheitsgebiet erf\u00fcllen. Diese Aufenthaltserlaubnis gilt nur f\u00fcr Ausl\u00e4nder, die Kanada endg\u00fcltig verlassen sollen (Besucher, Studenten, Arbeiter usw.).<\/p>\n\n<h2 class=\"wp-block-heading\">Elektronischer Stempel (elektronischer Erleichterungsstempel)<\/h2>\n\n<p>Die elektronische Plakette wird automatisch ausgestellt, wenn einem Antrag auf vor\u00fcbergehenden Aufenthalt stattgegeben wird. Dieser virtuelle Aufkleber, der in einem Computerverwaltungssystem registriert ist, das eTA-Antr\u00e4ge gruppiert, wird direkt am Reisepass des betreffenden Reisenden angebracht. Es wird verwendet, um den Zugang zum Boarding nach Abschluss der Identit\u00e4tspr\u00fcfung offiziell zu autorisieren.<\/p>\n\n<h2 class=\"wp-block-heading\">Visa<\/h2>\n\n<p>Das Visum ist eine offizielle Genehmigung, die von ausl\u00e4ndischen Botschaften ausgestellt wird, um in ein bestimmtes Land zu reisen. Es hat die Form eines Aufklebers, der in den Reisepass des Staatsangeh\u00f6rigen eingef\u00fcgt wird. Wir finden auf diesem Aufkleber einen Aufkleber mit spezifischen Informationen, die von der Stelle eingetragen wurden, bei der das Visum ausgestellt wurde. Es gibt zwei Kategorien von <a href=\"https:\/\/ave-eta-canada.com\/de\/visa-oder-eta-kanada\/\">Visa in Kanada<\/a> :<\/p>\n\n<ul class=\"wp-block-list\"><li>das befristete Aufenthaltsvisum (Besuchervisum);<\/li><li>das Daueraufenthaltsvisum. <\/li><\/ul>\n\n<h2 class=\"wp-block-heading\">Besuchervisum<\/h2>\n\n<p>Das Besuchervisum, auch Touristenvisum genannt, bezeichnet das tempor\u00e4re Aufenthaltsvisum.<\/p>\n","protected":false},"excerpt":{"rendered":"<p>Kanada eTA, n\u00fctzliche Definitionen M\u00f6chten Sie eine eTA (Electronic Travel Authorization) bestellen, um nach Kanada zu reisen, aber all diese unbekannten Akronyme oder englischen W\u00f6rter machen Ihnen Angst? Keine Panik, zum besseren Verst\u00e4ndnis hat unser Team eine Liste mit wesentlichen Begriffen im Zusammenhang mit der kanadischen eTA erstellt und detailliert. Dies erleichtert Ihnen die Bestellung [&hellip;]<\/p>\n","protected":false},"author":1,"featured_media":0,"parent":0,"menu_order":0,"comment_status":"closed","ping_status":"closed","template":"","meta":{"footnotes":""},"class_list":["post-983","page","type-page","status-publish","hentry"],"yoast_head":"<!-- This site is optimized with the Yoast SEO plugin v26.9 - https:\/\/yoast.com\/product\/yoast-seo-wordpress\/ -->\n<title>Glossar | Alle kanadischen eTA-Definitionen<\/title>\n<meta name=\"description\" content=\"In diesem Glossar finden Sie die Definitionen im Zusammenhang mit der eTA, der wesentlichen elektronischen Reisegenehmigung f\u00fcr vor\u00fcbergehende Aufenthalte in Kanada.\" \/>\n<meta name=\"robots\" content=\"index, follow, max-snippet:-1, max-image-preview:large, max-video-preview:-1\" \/>\n<link rel=\"canonical\" href=\"https:\/\/ave-eta-canada.com\/de\/lexikon-alle-definitionen-rund-um-eta-canada\/\" \/>\n<meta property=\"og:locale\" content=\"de_DE\" \/>\n<meta property=\"og:type\" content=\"article\" \/>\n<meta property=\"og:title\" content=\"Glossar | Alle kanadischen eTA-Definitionen\" \/>\n<meta property=\"og:description\" content=\"In diesem Glossar finden Sie die Definitionen im Zusammenhang mit der eTA, der wesentlichen elektronischen Reisegenehmigung f\u00fcr vor\u00fcbergehende Aufenthalte in Kanada.\" \/>\n<meta property=\"og:url\" content=\"https:\/\/ave-eta-canada.com\/de\/lexikon-alle-definitionen-rund-um-eta-canada\/\" \/>\n<meta property=\"og:site_name\" content=\"KANADA VISUM\" \/>\n<meta property=\"article:modified_time\" content=\"2022-05-16T12:12:46+00:00\" \/>\n<meta name=\"twitter:card\" content=\"summary_large_image\" \/>\n<meta name=\"twitter:label1\" content=\"Gesch\u00e4tzte Lesezeit\" \/>\n\t<meta name=\"twitter:data1\" content=\"5\u00a0Minuten\" \/>\n<script type=\"application\/ld+json\" class=\"yoast-schema-graph\">{\"@context\":\"https:\/\/schema.org\",\"@graph\":[{\"@type\":\"WebPage\",\"@id\":\"https:\/\/ave-eta-canada.com\/de\/lexikon-alle-definitionen-rund-um-eta-canada\/\",\"url\":\"https:\/\/ave-eta-canada.com\/de\/lexikon-alle-definitionen-rund-um-eta-canada\/\",\"name\":\"Glossar | Alle kanadischen eTA-Definitionen\",\"isPartOf\":{\"@id\":\"https:\/\/ave-eta-canada.com\/de\/#website\"},\"datePublished\":\"2020-04-26T17:11:08+00:00\",\"dateModified\":\"2022-05-16T12:12:46+00:00\",\"description\":\"In diesem Glossar finden Sie die Definitionen im Zusammenhang mit der eTA, der wesentlichen elektronischen Reisegenehmigung f\u00fcr vor\u00fcbergehende Aufenthalte in Kanada.\",\"breadcrumb\":{\"@id\":\"https:\/\/ave-eta-canada.com\/de\/lexikon-alle-definitionen-rund-um-eta-canada\/#breadcrumb\"},\"inLanguage\":\"de\",\"potentialAction\":[{\"@type\":\"ReadAction\",\"target\":[\"https:\/\/ave-eta-canada.com\/de\/lexikon-alle-definitionen-rund-um-eta-canada\/\"]}]},{\"@type\":\"BreadcrumbList\",\"@id\":\"https:\/\/ave-eta-canada.com\/de\/lexikon-alle-definitionen-rund-um-eta-canada\/#breadcrumb\",\"itemListElement\":[{\"@type\":\"ListItem\",\"position\":1,\"name\":\"Home\",\"item\":\"https:\/\/ave-eta-canada.com\/de\/\"},{\"@type\":\"ListItem\",\"position\":2,\"name\":\"Glossar | Alle kanadischen eTA-Definitionen\"}]},{\"@type\":\"WebSite\",\"@id\":\"https:\/\/ave-eta-canada.com\/de\/#website\",\"url\":\"https:\/\/ave-eta-canada.com\/de\/\",\"name\":\"KANADA VISUM\",\"description\":\"Autorisation Voyage Electronique\",\"potentialAction\":[{\"@type\":\"SearchAction\",\"target\":{\"@type\":\"EntryPoint\",\"urlTemplate\":\"https:\/\/ave-eta-canada.com\/de\/?s={search_term_string}\"},\"query-input\":{\"@type\":\"PropertyValueSpecification\",\"valueRequired\":true,\"valueName\":\"search_term_string\"}}],\"inLanguage\":\"de\"}]}<\/script>\n<!-- \/ Yoast SEO plugin. -->","yoast_head_json":{"title":"Glossar | Alle kanadischen eTA-Definitionen","description":"In diesem Glossar finden Sie die Definitionen im Zusammenhang mit der eTA, der wesentlichen elektronischen Reisegenehmigung f\u00fcr vor\u00fcbergehende Aufenthalte in Kanada.","robots":{"index":"index","follow":"follow","max-snippet":"max-snippet:-1","max-image-preview":"max-image-preview:large","max-video-preview":"max-video-preview:-1"},"canonical":"https:\/\/ave-eta-canada.com\/de\/lexikon-alle-definitionen-rund-um-eta-canada\/","og_locale":"de_DE","og_type":"article","og_title":"Glossar | Alle kanadischen eTA-Definitionen","og_description":"In diesem Glossar finden Sie die Definitionen im Zusammenhang mit der eTA, der wesentlichen elektronischen Reisegenehmigung f\u00fcr vor\u00fcbergehende Aufenthalte in Kanada.","og_url":"https:\/\/ave-eta-canada.com\/de\/lexikon-alle-definitionen-rund-um-eta-canada\/","og_site_name":"KANADA VISUM","article_modified_time":"2022-05-16T12:12:46+00:00","twitter_card":"summary_large_image","twitter_misc":{"Gesch\u00e4tzte Lesezeit":"5\u00a0Minuten"},"schema":{"@context":"https:\/\/schema.org","@graph":[{"@type":"WebPage","@id":"https:\/\/ave-eta-canada.com\/de\/lexikon-alle-definitionen-rund-um-eta-canada\/","url":"https:\/\/ave-eta-canada.com\/de\/lexikon-alle-definitionen-rund-um-eta-canada\/","name":"Glossar | Alle kanadischen eTA-Definitionen","isPartOf":{"@id":"https:\/\/ave-eta-canada.com\/de\/#website"},"datePublished":"2020-04-26T17:11:08+00:00","dateModified":"2022-05-16T12:12:46+00:00","description":"In diesem Glossar finden Sie die Definitionen im Zusammenhang mit der eTA, der wesentlichen elektronischen Reisegenehmigung f\u00fcr vor\u00fcbergehende Aufenthalte in Kanada.","breadcrumb":{"@id":"https:\/\/ave-eta-canada.com\/de\/lexikon-alle-definitionen-rund-um-eta-canada\/#breadcrumb"},"inLanguage":"de","potentialAction":[{"@type":"ReadAction","target":["https:\/\/ave-eta-canada.com\/de\/lexikon-alle-definitionen-rund-um-eta-canada\/"]}]},{"@type":"BreadcrumbList","@id":"https:\/\/ave-eta-canada.com\/de\/lexikon-alle-definitionen-rund-um-eta-canada\/#breadcrumb","itemListElement":[{"@type":"ListItem","position":1,"name":"Home","item":"https:\/\/ave-eta-canada.com\/de\/"},{"@type":"ListItem","position":2,"name":"Glossar | Alle kanadischen eTA-Definitionen"}]},{"@type":"WebSite","@id":"https:\/\/ave-eta-canada.com\/de\/#website","url":"https:\/\/ave-eta-canada.com\/de\/","name":"KANADA VISUM","description":"Autorisation Voyage Electronique","potentialAction":[{"@type":"SearchAction","target":{"@type":"EntryPoint","urlTemplate":"https:\/\/ave-eta-canada.com\/de\/?s={search_term_string}"},"query-input":{"@type":"PropertyValueSpecification","valueRequired":true,"valueName":"search_term_string"}}],"inLanguage":"de"}]}},"_links":{"self":[{"href":"https:\/\/ave-eta-canada.com\/de\/wp-json\/wp\/v2\/pages\/983","targetHints":{"allow":["GET"]}}],"collection":[{"href":"https:\/\/ave-eta-canada.com\/de\/wp-json\/wp\/v2\/pages"}],"about":[{"href":"https:\/\/ave-eta-canada.com\/de\/wp-json\/wp\/v2\/types\/page"}],"author":[{"embeddable":true,"href":"https:\/\/ave-eta-canada.com\/de\/wp-json\/wp\/v2\/users\/1"}],"replies":[{"embeddable":true,"href":"https:\/\/ave-eta-canada.com\/de\/wp-json\/wp\/v2\/comments?post=983"}],"version-history":[{"count":0,"href":"https:\/\/ave-eta-canada.com\/de\/wp-json\/wp\/v2\/pages\/983\/revisions"}],"wp:attachment":[{"href":"https:\/\/ave-eta-canada.com\/de\/wp-json\/wp\/v2\/media?parent=983"}],"curies":[{"name":"wp","href":"https:\/\/api.w.org\/{rel}","templated":true}]}}