{"id":985,"date":"2020-04-27T08:13:05","date_gmt":"2020-04-27T08:13:05","guid":{"rendered":"https:\/\/ave-eta-canada.com\/stellen-sie-einen-offiziellen-antrag-von-eta-canada\/"},"modified":"2023-04-27T22:05:26","modified_gmt":"2023-04-27T22:05:26","slug":"stellen-sie-einen-offiziellen-antrag-von-eta-canada","status":"publish","type":"page","link":"https:\/\/ave-eta-canada.com\/de\/stellen-sie-einen-offiziellen-antrag-von-eta-canada\/","title":{"rendered":"Stellen Sie einen offiziellen eTA-Antrag f\u00fcr Kanada"},"content":{"rendered":"\n<h1 class=\"wp-block-heading\">Wie stellt man einen offiziellen eTA-Antrag f\u00fcr Kanada?<\/h1>\n\n<p>Wenn Sie eine Reise nach Kanada planen, m\u00fcssen Sie sicherstellen, dass Sie die richtigen Papiere zur Hand haben: Reisepass, Versicherung, R\u00fcckflugticket, aber auch Ihre offizielle Reisegenehmigung. Die offizielle Kanada eTA ist ein sehr wichtiges Dokument f\u00fcr alle, die mit dem Flugzeug nach Kanada reisen m\u00f6chten, ohne ein kostspieliges Visum bei der kanadischen Botschaft zu beantragen.<\/p>\n\n<p><strong>Bei einem Aufenthalt von weniger als 6 Monaten in Kanada<\/strong> : Sie k\u00f6nnen die Formalit\u00e4ten f\u00fcr die Einreise nach Kanada direkt \u00fcber das Internet erledigen, indem Sie auf das <a href=\"https:\/\/ave-eta-canada.com\/de\/ave-kanada-online-formular\/\">Online-Formular<\/a> klicken. Es ist nicht erforderlich, einen Termin bei der kanadischen Botschaft oder dem kanadischen Konsulat zu vereinbaren.<\/p>\n\n<p>Es ist f\u00fcr Millionen von Staatsangeh\u00f6rigen auf der ganzen Welt m\u00f6glich, mit einer direkt online erhaltenen elektronischen <a href=\"https:\/\/ave-eta-canada.com\/de\/eta-oder-esta-welche-reisegenehmigung-waehlen-sie-fuer-ihren-aufenthalt\/\">eTA Reisegenehmigung<\/a> nach Kanada zu reisen. Wenn Sie einen offiziellen eTA-Antrag f\u00fcr Kanada stellen, k\u00f6nnen Sie sich in den folgenden f\u00fcnf Jahren maximal sechs Monate in Kanada aufhalten.<\/p>\n\n<h3 class=\"wp-block-heading\">Liste der 61 Gebiete, die f\u00fcr die offizielle eTA Kanada in Frage kommen (Aktualisiert Mai 2023)<\/h3>\n\n<figure class=\"wp-block-table\"><table><tbody><tr><td class=\"has-text-align-center\" data-align=\"center\">Deutschland<\/td><td class=\"has-text-align-center\" data-align=\"center\">Spanien<\/td><td class=\"has-text-align-center\" data-align=\"center\">Island<\/td><td class=\"has-text-align-center\" data-align=\"center\">Polen<\/td><td class=\"has-text-align-center\" data-align=\"center\">Vatikan<\/td><\/tr><tr><td class=\"has-text-align-center\" data-align=\"center\">Andorra<\/td><td class=\"has-text-align-center\" data-align=\"center\">Estland<\/td><td class=\"has-text-align-center\" data-align=\"center\">Italien<\/td><td class=\"has-text-align-center\" data-align=\"center\">Portugal<\/td><td class=\"has-text-align-center\" data-align=\"center\"><strong>Seit 2023 :<\/strong><\/td><\/tr><tr><td class=\"has-text-align-center\" data-align=\"center\">Anguilla<\/td><td class=\"has-text-align-center\" data-align=\"center\">Finnland<\/td><td class=\"has-text-align-center\" data-align=\"center\">Japan<\/td><td class=\"has-text-align-center\" data-align=\"center\">Tschechische Republik<\/td><td class=\"has-text-align-center\" data-align=\"center\"><strong>Antigua und Barbuda<\/strong><\/td><\/tr><tr><td class=\"has-text-align-center\" data-align=\"center\">Australien<\/td><td class=\"has-text-align-center\" data-align=\"center\">Frankreich<\/td><td class=\"has-text-align-center\" data-align=\"center\">Lettland<\/td><td class=\"has-text-align-center\" data-align=\"center\">Republik Korea<\/td><td class=\"has-text-align-center\" data-align=\"center\"><strong>Argentinien<\/strong><\/td><\/tr><tr><td class=\"has-text-align-center\" data-align=\"center\">\u00d6sterreich<\/td><td class=\"has-text-align-center\" data-align=\"center\">Gibraltar<\/td><td class=\"has-text-align-center\" data-align=\"center\">Liechtenstein<\/td><td class=\"has-text-align-center\" data-align=\"center\">Rum\u00e4nien<\/td><td class=\"has-text-align-center\" data-align=\"center\"><strong>Costa Rica<\/strong><\/td><\/tr><tr><td class=\"has-text-align-center\" data-align=\"center\">Bahamas<\/td><td class=\"has-text-align-center\" data-align=\"center\">Griechenland<\/td><td class=\"has-text-align-center\" data-align=\"center\">Litauen<\/td><td class=\"has-text-align-center\" data-align=\"center\">Vereinigtes K\u00f6nigreich<\/td><td class=\"has-text-align-center\" data-align=\"center\"><strong>Marokko<\/strong><\/td><\/tr><tr><td class=\"has-text-align-center\" data-align=\"center\">Barbados<\/td><td class=\"has-text-align-center\" data-align=\"center\">Hongkong<\/td><td class=\"has-text-align-center\" data-align=\"center\">Luxemburg<\/td><td class=\"has-text-align-center\" data-align=\"center\">St. Helena<\/td><td class=\"has-text-align-center\" data-align=\"center\"><strong>Panama<\/strong><\/td><\/tr><tr><td class=\"has-text-align-center\" data-align=\"center\">Belgien<\/td><td class=\"has-text-align-center\" data-align=\"center\">Ungarn<\/td><td class=\"has-text-align-center\" data-align=\"center\">Malta<\/td><td class=\"has-text-align-center\" data-align=\"center\">San Marino<\/td><td class=\"has-text-align-center\" data-align=\"center\"><strong>Philippinen<\/strong><\/td><\/tr><tr><td class=\"has-text-align-center\" data-align=\"center\">Bermuda<\/td><td class=\"has-text-align-center\" data-align=\"center\">Kaimaninseln<\/td><td class=\"has-text-align-center\" data-align=\"center\">Mexiko<\/td><td class=\"has-text-align-center\" data-align=\"center\">Samoa<\/td><td class=\"has-text-align-center\" data-align=\"center\"><strong>St. Kitts und Nevis<\/strong><\/td><\/tr><tr><td class=\"has-text-align-center\" data-align=\"center\">Brunei<\/td><td class=\"has-text-align-center\" data-align=\"center\">Falkland-Inseln<\/td><td class=\"has-text-align-center\" data-align=\"center\">Monaco<\/td><td class=\"has-text-align-center\" data-align=\"center\">Singapur<\/td><td class=\"has-text-align-center\" data-align=\"center\"><strong>St. Lucia<\/strong><\/td><\/tr><tr><td class=\"has-text-align-center\" data-align=\"center\">Bulgarien<\/td><td class=\"has-text-align-center\" data-align=\"center\">Pitcairn-Inseln<\/td><td class=\"has-text-align-center\" data-align=\"center\">Montserrat<\/td><td class=\"has-text-align-center\" data-align=\"center\">Slowakei<\/td><td class=\"has-text-align-center\" data-align=\"center\"><strong>St. Vincent und die Grenadinen<\/strong><\/td><\/tr><tr><td class=\"has-text-align-center\" data-align=\"center\">Chile<\/td><td class=\"has-text-align-center\" data-align=\"center\">Salomon-Inseln<\/td><td class=\"has-text-align-center\" data-align=\"center\">Norwegen<\/td><td class=\"has-text-align-center\" data-align=\"center\">Slowenien<\/td><td class=\"has-text-align-center\" data-align=\"center\"><strong>Seychellen<\/strong><\/td><\/tr><tr><td class=\"has-text-align-center\" data-align=\"center\">Zypern<\/td><td class=\"has-text-align-center\" data-align=\"center\">T\u00fcrkische und Caicos-Inseln<\/td><td class=\"has-text-align-center\" data-align=\"center\">Neuseeland<\/td><td class=\"has-text-align-center\" data-align=\"center\">Schweden<\/td><td class=\"has-text-align-center\" data-align=\"center\"><strong>Thailand<\/strong><\/td><\/tr><tr><td class=\"has-text-align-center\" data-align=\"center\">Kroatien<\/td><td class=\"has-text-align-center\" data-align=\"center\">Britische Jungferninseln<\/td><td class=\"has-text-align-center\" data-align=\"center\">Papua Neu-Guinea<\/td><td class=\"has-text-align-center\" data-align=\"center\">schweizerisch<\/td><td class=\"has-text-align-center\" data-align=\"center\"><strong>Trinidad und Tobago<\/strong><\/td><\/tr><tr><td class=\"has-text-align-center\" data-align=\"center\">D\u00e4nemark<\/td><td class=\"has-text-align-center\" data-align=\"center\">Irland<\/td><td class=\"has-text-align-center\" data-align=\"center\">Niederlande<\/td><td class=\"has-text-align-center\" data-align=\"center\">Taiwan<\/td><td class=\"has-text-align-center\" data-align=\"center\"><strong>Uruguay<\/strong><\/td><\/tr><\/tbody><\/table><figcaption class=\"wp-element-caption\">Liste der L\u00e4nder, die vom kanadischen Visa-Waiver-Programm profitieren<\/figcaption><\/figure>\n\n<h2 class=\"wp-block-heading\">Stellen Sie einen offiziellen eTA-Antrag f\u00fcr Kanada<\/h2>\n\n<p>Die offizielle kanadische eTA wurde von der kanadischen Regierung geschaffen, um Visaantr\u00e4ge und Antr\u00e4ge auf mehr oder weniger lange Aufenthalte von Staatsangeh\u00f6rigen auf kanadischem Boden zu rationalisieren. Der Kanada eTA-Antrag wird nur online gestellt; Es ist daher nicht erforderlich, zur kanadischen Botschaft oder zum kanadischen Konsulat zu gehen, um es zu erhalten, da es sich nicht um denselben Vorgang handelt wie bei der Beantragung eines Visums.<\/p>\n\n<p>Tats\u00e4chlich hat die kanadische Regierung ein reines Online-Antrags- und -Bearbeitungssystem eingerichtet. Es ist m\u00f6glich, eine offizielle kanadische eTA \u00fcber die Website der zu beantragen<a href=\"https:\/\/www.canada.ca\/\">  Regierung von Kanada<\/a> oder \u00fcber unabh\u00e4ngige Websites, die Sie bei Ihren Beh\u00f6rdeng\u00e4ngen begleiten und Ihre Angaben \u00fcberpr\u00fcfen, damit Ihnen keine Fehler unterlaufen, die zur Ablehnung Ihres offiziellen eTA Kanada f\u00fchren k\u00f6nnten.<\/p>\n\n<p>Bei der Beantragung einer offiziellen kanadischen eTA werden Sie gebeten, das eTA-Formular auszuf\u00fcllen.<\/p>\n\n<p>Sie m\u00fcssen verschiedene Informationen und pers\u00f6nliche Daten zu Ihrer Person eingeben, wie z. B. Vorname, Nachname, Adresse, Geburtsort und -datum, Beruf usw.<\/p>\n\n<p>In diesem <a href=\"https:\/\/ave-eta-canada.com\/de\/fuellen-sie-das-eta-formular-fuer-kanada-aus\/\">Online-Formular<\/a> m\u00fcssen Sie auch Fragen zu Ihrem Hintergrund beantworten: Ihren Gesundheitszustand, Ihre fr\u00fcheren Probleme mit dem Gesetz, ob Ihnen jemals die Einreise nach Kanada oder in ein anderes Land verweigert wurde usw.<\/p>\n\n<p>Es ist sehr wichtig, einen g\u00fcltigen Reisepass zu haben, um eine offizielle eTA Kanada zu beantragen, da die eTA mit der Nummer Ihres biometrischen oder elektronischen Reisepasses verkn\u00fcpft ist. Wenn Sie einen neuen Reisepass ben\u00f6tigen, m\u00fcssen Sie <a href=\"https:\/\/ave-eta-canada.com\/de\/stellen-sie-einen-offiziellen-antrag-von-eta-canada\/\">einen neuen eTA-Antrag<\/a> stellen.<\/p>\n","protected":false},"excerpt":{"rendered":"<p>Wie stellt man einen offiziellen eTA-Antrag f\u00fcr Kanada? Wenn Sie eine Reise nach Kanada planen, m\u00fcssen Sie sicherstellen, dass Sie die richtigen Papiere zur Hand haben: Reisepass, Versicherung, R\u00fcckflugticket, aber auch Ihre offizielle Reisegenehmigung. Die offizielle Kanada eTA ist ein sehr wichtiges Dokument f\u00fcr alle, die mit dem Flugzeug nach Kanada reisen m\u00f6chten, ohne ein [&hellip;]<\/p>\n","protected":false},"author":1,"featured_media":0,"parent":0,"menu_order":0,"comment_status":"closed","ping_status":"closed","template":"","meta":{"footnotes":""},"class_list":["post-985","page","type-page","status-publish","hentry"],"yoast_head":"<!-- This site is optimized with the Yoast SEO plugin v26.9 - https:\/\/yoast.com\/product\/yoast-seo-wordpress\/ -->\n<title>Stellen Sie einen offiziellen eTA-Antrag f\u00fcr Kanada<\/title>\n<meta name=\"description\" content=\"Stellen Sie einen offiziellen eTA Kanada-Antrag auf der Website der kanadischen Regierung oder auf einer sicheren unabh\u00e4ngigen Website.\" \/>\n<meta name=\"robots\" content=\"index, follow, max-snippet:-1, max-image-preview:large, max-video-preview:-1\" \/>\n<link rel=\"canonical\" href=\"https:\/\/ave-eta-canada.com\/de\/stellen-sie-einen-offiziellen-antrag-von-eta-canada\/\" \/>\n<meta property=\"og:locale\" content=\"de_DE\" \/>\n<meta property=\"og:type\" content=\"article\" \/>\n<meta property=\"og:title\" content=\"Stellen Sie einen offiziellen eTA-Antrag f\u00fcr Kanada\" \/>\n<meta property=\"og:description\" content=\"Stellen Sie einen offiziellen eTA Kanada-Antrag auf der Website der kanadischen Regierung oder auf einer sicheren unabh\u00e4ngigen Website.\" \/>\n<meta property=\"og:url\" content=\"https:\/\/ave-eta-canada.com\/de\/stellen-sie-einen-offiziellen-antrag-von-eta-canada\/\" \/>\n<meta property=\"og:site_name\" content=\"KANADA VISUM\" \/>\n<meta property=\"article:modified_time\" content=\"2023-04-27T22:05:26+00:00\" \/>\n<meta name=\"twitter:card\" content=\"summary_large_image\" \/>\n<meta name=\"twitter:label1\" content=\"Gesch\u00e4tzte Lesezeit\" \/>\n\t<meta name=\"twitter:data1\" content=\"2\u00a0Minuten\" \/>\n<script type=\"application\/ld+json\" class=\"yoast-schema-graph\">{\"@context\":\"https:\/\/schema.org\",\"@graph\":[{\"@type\":\"WebPage\",\"@id\":\"https:\/\/ave-eta-canada.com\/de\/stellen-sie-einen-offiziellen-antrag-von-eta-canada\/\",\"url\":\"https:\/\/ave-eta-canada.com\/de\/stellen-sie-einen-offiziellen-antrag-von-eta-canada\/\",\"name\":\"Stellen Sie einen offiziellen eTA-Antrag f\u00fcr Kanada\",\"isPartOf\":{\"@id\":\"https:\/\/ave-eta-canada.com\/de\/#website\"},\"datePublished\":\"2020-04-27T08:13:05+00:00\",\"dateModified\":\"2023-04-27T22:05:26+00:00\",\"description\":\"Stellen Sie einen offiziellen eTA Kanada-Antrag auf der Website der kanadischen Regierung oder auf einer sicheren unabh\u00e4ngigen Website.\",\"breadcrumb\":{\"@id\":\"https:\/\/ave-eta-canada.com\/de\/stellen-sie-einen-offiziellen-antrag-von-eta-canada\/#breadcrumb\"},\"inLanguage\":\"de\",\"potentialAction\":[{\"@type\":\"ReadAction\",\"target\":[\"https:\/\/ave-eta-canada.com\/de\/stellen-sie-einen-offiziellen-antrag-von-eta-canada\/\"]}]},{\"@type\":\"BreadcrumbList\",\"@id\":\"https:\/\/ave-eta-canada.com\/de\/stellen-sie-einen-offiziellen-antrag-von-eta-canada\/#breadcrumb\",\"itemListElement\":[{\"@type\":\"ListItem\",\"position\":1,\"name\":\"Home\",\"item\":\"https:\/\/ave-eta-canada.com\/de\/\"},{\"@type\":\"ListItem\",\"position\":2,\"name\":\"Stellen Sie einen offiziellen eTA-Antrag f\u00fcr Kanada\"}]},{\"@type\":\"WebSite\",\"@id\":\"https:\/\/ave-eta-canada.com\/de\/#website\",\"url\":\"https:\/\/ave-eta-canada.com\/de\/\",\"name\":\"KANADA VISUM\",\"description\":\"Autorisation Voyage Electronique\",\"potentialAction\":[{\"@type\":\"SearchAction\",\"target\":{\"@type\":\"EntryPoint\",\"urlTemplate\":\"https:\/\/ave-eta-canada.com\/de\/?s={search_term_string}\"},\"query-input\":{\"@type\":\"PropertyValueSpecification\",\"valueRequired\":true,\"valueName\":\"search_term_string\"}}],\"inLanguage\":\"de\"}]}<\/script>\n<!-- \/ Yoast SEO plugin. -->","yoast_head_json":{"title":"Stellen Sie einen offiziellen eTA-Antrag f\u00fcr Kanada","description":"Stellen Sie einen offiziellen eTA Kanada-Antrag auf der Website der kanadischen Regierung oder auf einer sicheren unabh\u00e4ngigen Website.","robots":{"index":"index","follow":"follow","max-snippet":"max-snippet:-1","max-image-preview":"max-image-preview:large","max-video-preview":"max-video-preview:-1"},"canonical":"https:\/\/ave-eta-canada.com\/de\/stellen-sie-einen-offiziellen-antrag-von-eta-canada\/","og_locale":"de_DE","og_type":"article","og_title":"Stellen Sie einen offiziellen eTA-Antrag f\u00fcr Kanada","og_description":"Stellen Sie einen offiziellen eTA Kanada-Antrag auf der Website der kanadischen Regierung oder auf einer sicheren unabh\u00e4ngigen Website.","og_url":"https:\/\/ave-eta-canada.com\/de\/stellen-sie-einen-offiziellen-antrag-von-eta-canada\/","og_site_name":"KANADA VISUM","article_modified_time":"2023-04-27T22:05:26+00:00","twitter_card":"summary_large_image","twitter_misc":{"Gesch\u00e4tzte Lesezeit":"2\u00a0Minuten"},"schema":{"@context":"https:\/\/schema.org","@graph":[{"@type":"WebPage","@id":"https:\/\/ave-eta-canada.com\/de\/stellen-sie-einen-offiziellen-antrag-von-eta-canada\/","url":"https:\/\/ave-eta-canada.com\/de\/stellen-sie-einen-offiziellen-antrag-von-eta-canada\/","name":"Stellen Sie einen offiziellen eTA-Antrag f\u00fcr Kanada","isPartOf":{"@id":"https:\/\/ave-eta-canada.com\/de\/#website"},"datePublished":"2020-04-27T08:13:05+00:00","dateModified":"2023-04-27T22:05:26+00:00","description":"Stellen Sie einen offiziellen eTA Kanada-Antrag auf der Website der kanadischen Regierung oder auf einer sicheren unabh\u00e4ngigen Website.","breadcrumb":{"@id":"https:\/\/ave-eta-canada.com\/de\/stellen-sie-einen-offiziellen-antrag-von-eta-canada\/#breadcrumb"},"inLanguage":"de","potentialAction":[{"@type":"ReadAction","target":["https:\/\/ave-eta-canada.com\/de\/stellen-sie-einen-offiziellen-antrag-von-eta-canada\/"]}]},{"@type":"BreadcrumbList","@id":"https:\/\/ave-eta-canada.com\/de\/stellen-sie-einen-offiziellen-antrag-von-eta-canada\/#breadcrumb","itemListElement":[{"@type":"ListItem","position":1,"name":"Home","item":"https:\/\/ave-eta-canada.com\/de\/"},{"@type":"ListItem","position":2,"name":"Stellen Sie einen offiziellen eTA-Antrag f\u00fcr Kanada"}]},{"@type":"WebSite","@id":"https:\/\/ave-eta-canada.com\/de\/#website","url":"https:\/\/ave-eta-canada.com\/de\/","name":"KANADA VISUM","description":"Autorisation Voyage Electronique","potentialAction":[{"@type":"SearchAction","target":{"@type":"EntryPoint","urlTemplate":"https:\/\/ave-eta-canada.com\/de\/?s={search_term_string}"},"query-input":{"@type":"PropertyValueSpecification","valueRequired":true,"valueName":"search_term_string"}}],"inLanguage":"de"}]}},"_links":{"self":[{"href":"https:\/\/ave-eta-canada.com\/de\/wp-json\/wp\/v2\/pages\/985","targetHints":{"allow":["GET"]}}],"collection":[{"href":"https:\/\/ave-eta-canada.com\/de\/wp-json\/wp\/v2\/pages"}],"about":[{"href":"https:\/\/ave-eta-canada.com\/de\/wp-json\/wp\/v2\/types\/page"}],"author":[{"embeddable":true,"href":"https:\/\/ave-eta-canada.com\/de\/wp-json\/wp\/v2\/users\/1"}],"replies":[{"embeddable":true,"href":"https:\/\/ave-eta-canada.com\/de\/wp-json\/wp\/v2\/comments?post=985"}],"version-history":[{"count":0,"href":"https:\/\/ave-eta-canada.com\/de\/wp-json\/wp\/v2\/pages\/985\/revisions"}],"wp:attachment":[{"href":"https:\/\/ave-eta-canada.com\/de\/wp-json\/wp\/v2\/media?parent=985"}],"curies":[{"name":"wp","href":"https:\/\/api.w.org\/{rel}","templated":true}]}}