{"id":989,"date":"2020-04-27T09:13:34","date_gmt":"2020-04-27T09:13:34","guid":{"rendered":"https:\/\/ave-eta-canada.com\/was-ist-eta-canada\/"},"modified":"2022-05-13T22:00:40","modified_gmt":"2022-05-13T22:00:40","slug":"was-ist-eta-kanada-2","status":"publish","type":"page","link":"https:\/\/ave-eta-canada.com\/de\/was-ist-eta-kanada-2\/","title":{"rendered":"Was ist die Kanada eTA?"},"content":{"rendered":"\n<h1 class=\"wp-block-heading\">Was ist eTA Kanada?<\/h1>\n\n<p>Die Canada eTA ist eine elektronische Reisegenehmigung, die es Staatsangeh\u00f6rigen bestimmter L\u00e4nder erm\u00f6glicht, per Flugzeug nach Kanada zu reisen, ohne ein Visum bei der kanadischen Botschaft zu beantragen. Eine eTA Canada ist f\u00fcnf Jahre g\u00fcltig und berechtigt Sie in diesem Zeitraum zu mehreren touristischen Reisen von bis zu sechs Monaten. Es muss auch f\u00fcr Transits auf kanadischem Territorium verwendet werden. <\/p>\n\n<p><strong>Sie k\u00f6nnen die Formalit\u00e4ten f\u00fcr die Einreise nach Kanada<\/strong> direkt im Internet erledigen, indem Sie auf das <a href=\"https:\/\/ave-eta-canada.com\/de\/ave-kanada-online-formular\/\">Online-Formular<\/a> klicken. Es ist nicht erforderlich, einen Termin bei der kanadischen Botschaft oder dem kanadischen Konsulat zu vereinbaren.<\/p>\n\n<p>Es sollte auch beachtet werden, dass die kanadische eTA ein Dokument ist, das mit dem Reisepass des Antragstellers verkn\u00fcpft ist, sodass es nicht mehr g\u00fcltig ist, sobald der Reisepass abgelaufen ist. Wenn Sie w\u00e4hrend der 5-j\u00e4hrigen G\u00fcltigkeitsdauer der eTA einen neuen Reisepass erhalten, m\u00fcssen Sie einen neuen Genehmigungsantrag stellen.<\/p>\n\n<h2 class=\"wp-block-heading\">Wer kann eine eTA f\u00fcr Kanada beantragen?<\/h2>\n\n<p>Ein <a href=\"https:\/\/ave-eta-canada.com\/de\/\">eTA-Antrag<\/a> f\u00fcr Kanada kann von Staatsangeh\u00f6rigen von L\u00e4ndern gestellt werden, die Anspruch auf Visumbefreiung haben und auf dem Luftweg nach Kanada reisen m\u00f6chten.<\/p>\n\n<h3 class=\"wp-block-heading\">Liste der L\u00e4nder, die eine eTA Kanada beantragen k\u00f6nnen<\/h3>\n\n<figure class=\"wp-block-table\"><table><tbody><tr><td class=\"has-text-align-center\" data-align=\"center\">Deutschland<\/td><td class=\"has-text-align-center\" data-align=\"center\">Spanien<\/td><td class=\"has-text-align-center\" data-align=\"center\">Island<\/td><td class=\"has-text-align-center\" data-align=\"center\">Polen<\/td><td class=\"has-text-align-center\" data-align=\"center\">Vatikan<\/td><\/tr><tr><td class=\"has-text-align-center\" data-align=\"center\">Andorra<\/td><td class=\"has-text-align-center\" data-align=\"center\">Estland<\/td><td class=\"has-text-align-center\" data-align=\"center\">Italien<\/td><td class=\"has-text-align-center\" data-align=\"center\">Portugal<\/td><td class=\"has-text-align-center\" data-align=\"center\"><strong>Seit 2023 :<\/strong><\/td><\/tr><tr><td class=\"has-text-align-center\" data-align=\"center\">Anguilla<\/td><td class=\"has-text-align-center\" data-align=\"center\">Finnland<\/td><td class=\"has-text-align-center\" data-align=\"center\">Japan<\/td><td class=\"has-text-align-center\" data-align=\"center\">Tschechische Republik<\/td><td class=\"has-text-align-center\" data-align=\"center\"><strong>Antigua und Barbuda<\/strong><\/td><\/tr><tr><td class=\"has-text-align-center\" data-align=\"center\">Australien<\/td><td class=\"has-text-align-center\" data-align=\"center\">Frankreich<\/td><td class=\"has-text-align-center\" data-align=\"center\">Lettland<\/td><td class=\"has-text-align-center\" data-align=\"center\">Republik Korea<\/td><td class=\"has-text-align-center\" data-align=\"center\"><strong>Argentinien<\/strong><\/td><\/tr><tr><td class=\"has-text-align-center\" data-align=\"center\">\u00d6sterreich<\/td><td class=\"has-text-align-center\" data-align=\"center\">Gibraltar<\/td><td class=\"has-text-align-center\" data-align=\"center\">Liechtenstein<\/td><td class=\"has-text-align-center\" data-align=\"center\">Rum\u00e4nien<\/td><td class=\"has-text-align-center\" data-align=\"center\"><strong>Costa Rica<\/strong><\/td><\/tr><tr><td class=\"has-text-align-center\" data-align=\"center\">Bahamas<\/td><td class=\"has-text-align-center\" data-align=\"center\">Griechenland<\/td><td class=\"has-text-align-center\" data-align=\"center\">Litauen<\/td><td class=\"has-text-align-center\" data-align=\"center\">Vereinigtes K\u00f6nigreich<\/td><td class=\"has-text-align-center\" data-align=\"center\"><strong>Marokko<\/strong><\/td><\/tr><tr><td class=\"has-text-align-center\" data-align=\"center\">Barbados<\/td><td class=\"has-text-align-center\" data-align=\"center\">Hongkong<\/td><td class=\"has-text-align-center\" data-align=\"center\">Luxemburg<\/td><td class=\"has-text-align-center\" data-align=\"center\">St. Helena<\/td><td class=\"has-text-align-center\" data-align=\"center\"><strong>Panama<\/strong><\/td><\/tr><tr><td class=\"has-text-align-center\" data-align=\"center\">Belgien<\/td><td class=\"has-text-align-center\" data-align=\"center\">Ungarn<\/td><td class=\"has-text-align-center\" data-align=\"center\">Malta<\/td><td class=\"has-text-align-center\" data-align=\"center\">San Marino<\/td><td class=\"has-text-align-center\" data-align=\"center\"><strong>Philippinen<\/strong><\/td><\/tr><tr><td class=\"has-text-align-center\" data-align=\"center\">Bermuda<\/td><td class=\"has-text-align-center\" data-align=\"center\">Kaimaninseln<\/td><td class=\"has-text-align-center\" data-align=\"center\">Mexiko<\/td><td class=\"has-text-align-center\" data-align=\"center\">Samoa<\/td><td class=\"has-text-align-center\" data-align=\"center\"><strong>St. Kitts und Nevis<\/strong><\/td><\/tr><tr><td class=\"has-text-align-center\" data-align=\"center\">Brunei<\/td><td class=\"has-text-align-center\" data-align=\"center\">Falkland-Inseln<\/td><td class=\"has-text-align-center\" data-align=\"center\">Monaco<\/td><td class=\"has-text-align-center\" data-align=\"center\">Singapur<\/td><td class=\"has-text-align-center\" data-align=\"center\"><strong>St. Lucia<\/strong><\/td><\/tr><tr><td class=\"has-text-align-center\" data-align=\"center\">Bulgarien<\/td><td class=\"has-text-align-center\" data-align=\"center\">Pitcairn-Inseln<\/td><td class=\"has-text-align-center\" data-align=\"center\">Montserrat<\/td><td class=\"has-text-align-center\" data-align=\"center\">Slowakei<\/td><td class=\"has-text-align-center\" data-align=\"center\"><strong>St. Vincent und die Grenadinen<\/strong><\/td><\/tr><tr><td class=\"has-text-align-center\" data-align=\"center\">Chile<\/td><td class=\"has-text-align-center\" data-align=\"center\">Salomon-Inseln<\/td><td class=\"has-text-align-center\" data-align=\"center\">Norwegen<\/td><td class=\"has-text-align-center\" data-align=\"center\">Slowenien<\/td><td class=\"has-text-align-center\" data-align=\"center\"><strong>Seychellen<\/strong><\/td><\/tr><tr><td class=\"has-text-align-center\" data-align=\"center\">Zypern<\/td><td class=\"has-text-align-center\" data-align=\"center\">T\u00fcrkische und Caicos-Inseln<\/td><td class=\"has-text-align-center\" data-align=\"center\">Neuseeland<\/td><td class=\"has-text-align-center\" data-align=\"center\">Schweden<\/td><td class=\"has-text-align-center\" data-align=\"center\"><strong>Thailand<\/strong><\/td><\/tr><tr><td class=\"has-text-align-center\" data-align=\"center\">Kroatien<\/td><td class=\"has-text-align-center\" data-align=\"center\">Britische Jungferninseln<\/td><td class=\"has-text-align-center\" data-align=\"center\">Papua Neu-Guinea<\/td><td class=\"has-text-align-center\" data-align=\"center\">schweizerisch<\/td><td class=\"has-text-align-center\" data-align=\"center\"><strong>Trinidad und Tobago<\/strong><\/td><\/tr><tr><td class=\"has-text-align-center\" data-align=\"center\">D\u00e4nemark<\/td><td class=\"has-text-align-center\" data-align=\"center\">Irland<\/td><td class=\"has-text-align-center\" data-align=\"center\">Niederlande<\/td><td class=\"has-text-align-center\" data-align=\"center\">Taiwan<\/td><td class=\"has-text-align-center\" data-align=\"center\"><strong>Uruguay<\/strong><\/td><\/tr><\/tbody><\/table><figcaption class=\"wp-element-caption\">Liste der L\u00e4nder, die vom kanadischen Visa-Waiver-Programm profitieren<\/figcaption><\/figure>\n\n<p><strong>*unter bestimmten Bedingungen<\/strong><\/p>\n\n<p>B\u00fcrger dieser L\u00e4nder k\u00f6nnen f\u00fcr ihren touristischen Aufenthalt von bis zu 6 Monaten eine eTA beantragen. F\u00fcr alle anderen F\u00e4lle ist ein <a href=\"https:\/\/www.canada.ca\/fr\/immigration-refugies-citoyennete\/services\/visiter-canada\/demande-visa-visiteur.html\">Antrag auf ein kanadisches Visum<\/a> erforderlich (z. B. um dort zu arbeiten, zu studieren oder ein Praktikum in Kanada zu absolvieren).<\/p>\n\n<h2 class=\"wp-block-heading\">Wo beantrage ich eine eTA f\u00fcr Kanada?<\/h2>\n\n<p>Um Ihren eTA-Antrag f\u00fcr Kanada abzuschlie\u00dfen, gehen Sie einfach auf die offizielle Website der kanadischen Regierung oder nutzen Sie eine unabh\u00e4ngige Website, z. B. die unseres Partners, der den Antrag f\u00fcr Sie ausf\u00fcllt. Der eTA-Antrag kann nur online gestellt werden. Sie m\u00fcssen also nicht zur kanadischen Botschaft gehen, um es zu bekommen.<\/p>\n\n<p>Auf der offiziellen Website der Regierung m\u00fcssen Sie verschiedene Daten zu Ihrer Person eingeben, z. B. Ihren Vor- und Nachnamen, Ihre Nationalit\u00e4t, Ihren Geburtsort, Ihre Kontaktdaten usw. Au\u00dferdem werden Ihre Passdaten abgefragt: Passnummer, Ausstellungsdatum und Ausstellungsland, Ablaufdatum etc.<\/p>\n\n<p>Sie m\u00fcssen auch eine Reihe von Fragen zu Ihrem Hintergrund beantworten, z. B. ob die kanadische Regierung Ihnen in der Vergangenheit jemals ein Visum oder eine Arbeitserlaubnis verweigert hat oder ob Sie aufgefordert wurden, das Land zu verlassen, ob bei Ihnen Tuberkulose diagnostiziert wurde oder wenn Sie an Alkoholismus leiden.<\/p>\n\n<p>Hinweis: Wenn Sie <a href=\"https:\/\/ave-eta-canada.com\/de\/was-tun-bei-verlust-der-eta-canada-nummer\/\">Ihre kanadische eTA verloren<\/a> haben, k\u00f6nnen Sie sie auf der offiziellen Website der kanadischen Regierung wiederherstellen. Weitere Informationen finden Sie in dem diesem Thema gewidmeten Artikel. <\/p>\n\n<p>Auf einer privaten Website ist das Antragsformular vereinfacht und wird vor der Validierung von einem Team von Fachleuten gepr\u00fcft. Seien Sie versichert, dass die erhaltene eTA genauso offiziell ist wie eine auf der offiziellen Website angeforderte Genehmigung. Der Unterschied basiert einfach auf der Unterst\u00fctzung, die Ihnen angeboten wird, um Sie bei diesem Prozess zu unterst\u00fctzen und das Risiko einer Ablehnung zu verringern. Tats\u00e4chlich sind die meisten Verweigerungen von Reisegenehmigungen auf einen Tippfehler, einen Tippfehler oder einen Fehler in der Passnummer zur\u00fcckzuf\u00fchren.<\/p>\n","protected":false},"excerpt":{"rendered":"<p>Was ist eTA Kanada? Die Canada eTA ist eine elektronische Reisegenehmigung, die es Staatsangeh\u00f6rigen bestimmter L\u00e4nder erm\u00f6glicht, per Flugzeug nach Kanada zu reisen, ohne ein Visum bei der kanadischen Botschaft zu beantragen. Eine eTA Canada ist f\u00fcnf Jahre g\u00fcltig und berechtigt Sie in diesem Zeitraum zu mehreren touristischen Reisen von bis zu sechs Monaten. Es [&hellip;]<\/p>\n","protected":false},"author":1,"featured_media":0,"parent":0,"menu_order":0,"comment_status":"closed","ping_status":"closed","template":"","meta":{"footnotes":""},"class_list":["post-989","page","type-page","status-publish","hentry"],"yoast_head":"<!-- This site is optimized with the Yoast SEO plugin v26.9 - https:\/\/yoast.com\/product\/yoast-seo-wordpress\/ -->\n<title>Was ist die Kanada eTA?<\/title>\n<meta name=\"description\" content=\"Die Canada eTA ist eine elektronische Reisegenehmigung, die es bestimmten Reisenden erm\u00f6glicht, ohne Visum nach Kanada zu reisen. Entdecken Sie unseren Artikel.\" \/>\n<meta name=\"robots\" content=\"index, follow, max-snippet:-1, max-image-preview:large, max-video-preview:-1\" \/>\n<link rel=\"canonical\" href=\"https:\/\/ave-eta-canada.com\/de\/was-ist-eta-kanada-2\/\" \/>\n<meta property=\"og:locale\" content=\"de_DE\" \/>\n<meta property=\"og:type\" content=\"article\" \/>\n<meta property=\"og:title\" content=\"Was ist die Kanada eTA?\" \/>\n<meta property=\"og:description\" content=\"Die Canada eTA ist eine elektronische Reisegenehmigung, die es bestimmten Reisenden erm\u00f6glicht, ohne Visum nach Kanada zu reisen. Entdecken Sie unseren Artikel.\" \/>\n<meta property=\"og:url\" content=\"https:\/\/ave-eta-canada.com\/de\/was-ist-eta-kanada-2\/\" \/>\n<meta property=\"og:site_name\" content=\"KANADA VISUM\" \/>\n<meta property=\"article:modified_time\" content=\"2022-05-13T22:00:40+00:00\" \/>\n<meta name=\"twitter:card\" content=\"summary_large_image\" \/>\n<meta name=\"twitter:label1\" content=\"Gesch\u00e4tzte Lesezeit\" \/>\n\t<meta name=\"twitter:data1\" content=\"3\u00a0Minuten\" \/>\n<script type=\"application\/ld+json\" class=\"yoast-schema-graph\">{\"@context\":\"https:\/\/schema.org\",\"@graph\":[{\"@type\":\"WebPage\",\"@id\":\"https:\/\/ave-eta-canada.com\/de\/was-ist-eta-kanada-2\/\",\"url\":\"https:\/\/ave-eta-canada.com\/de\/was-ist-eta-kanada-2\/\",\"name\":\"Was ist die Kanada eTA?\",\"isPartOf\":{\"@id\":\"https:\/\/ave-eta-canada.com\/de\/#website\"},\"datePublished\":\"2020-04-27T09:13:34+00:00\",\"dateModified\":\"2022-05-13T22:00:40+00:00\",\"description\":\"Die Canada eTA ist eine elektronische Reisegenehmigung, die es bestimmten Reisenden erm\u00f6glicht, ohne Visum nach Kanada zu reisen. Entdecken Sie unseren Artikel.\",\"breadcrumb\":{\"@id\":\"https:\/\/ave-eta-canada.com\/de\/was-ist-eta-kanada-2\/#breadcrumb\"},\"inLanguage\":\"de\",\"potentialAction\":[{\"@type\":\"ReadAction\",\"target\":[\"https:\/\/ave-eta-canada.com\/de\/was-ist-eta-kanada-2\/\"]}]},{\"@type\":\"BreadcrumbList\",\"@id\":\"https:\/\/ave-eta-canada.com\/de\/was-ist-eta-kanada-2\/#breadcrumb\",\"itemListElement\":[{\"@type\":\"ListItem\",\"position\":1,\"name\":\"Home\",\"item\":\"https:\/\/ave-eta-canada.com\/de\/\"},{\"@type\":\"ListItem\",\"position\":2,\"name\":\"Was ist die Kanada eTA?\"}]},{\"@type\":\"WebSite\",\"@id\":\"https:\/\/ave-eta-canada.com\/de\/#website\",\"url\":\"https:\/\/ave-eta-canada.com\/de\/\",\"name\":\"KANADA VISUM\",\"description\":\"Autorisation Voyage Electronique\",\"potentialAction\":[{\"@type\":\"SearchAction\",\"target\":{\"@type\":\"EntryPoint\",\"urlTemplate\":\"https:\/\/ave-eta-canada.com\/de\/?s={search_term_string}\"},\"query-input\":{\"@type\":\"PropertyValueSpecification\",\"valueRequired\":true,\"valueName\":\"search_term_string\"}}],\"inLanguage\":\"de\"}]}<\/script>\n<!-- \/ Yoast SEO plugin. -->","yoast_head_json":{"title":"Was ist die Kanada eTA?","description":"Die Canada eTA ist eine elektronische Reisegenehmigung, die es bestimmten Reisenden erm\u00f6glicht, ohne Visum nach Kanada zu reisen. Entdecken Sie unseren Artikel.","robots":{"index":"index","follow":"follow","max-snippet":"max-snippet:-1","max-image-preview":"max-image-preview:large","max-video-preview":"max-video-preview:-1"},"canonical":"https:\/\/ave-eta-canada.com\/de\/was-ist-eta-kanada-2\/","og_locale":"de_DE","og_type":"article","og_title":"Was ist die Kanada eTA?","og_description":"Die Canada eTA ist eine elektronische Reisegenehmigung, die es bestimmten Reisenden erm\u00f6glicht, ohne Visum nach Kanada zu reisen. Entdecken Sie unseren Artikel.","og_url":"https:\/\/ave-eta-canada.com\/de\/was-ist-eta-kanada-2\/","og_site_name":"KANADA VISUM","article_modified_time":"2022-05-13T22:00:40+00:00","twitter_card":"summary_large_image","twitter_misc":{"Gesch\u00e4tzte Lesezeit":"3\u00a0Minuten"},"schema":{"@context":"https:\/\/schema.org","@graph":[{"@type":"WebPage","@id":"https:\/\/ave-eta-canada.com\/de\/was-ist-eta-kanada-2\/","url":"https:\/\/ave-eta-canada.com\/de\/was-ist-eta-kanada-2\/","name":"Was ist die Kanada eTA?","isPartOf":{"@id":"https:\/\/ave-eta-canada.com\/de\/#website"},"datePublished":"2020-04-27T09:13:34+00:00","dateModified":"2022-05-13T22:00:40+00:00","description":"Die Canada eTA ist eine elektronische Reisegenehmigung, die es bestimmten Reisenden erm\u00f6glicht, ohne Visum nach Kanada zu reisen. Entdecken Sie unseren Artikel.","breadcrumb":{"@id":"https:\/\/ave-eta-canada.com\/de\/was-ist-eta-kanada-2\/#breadcrumb"},"inLanguage":"de","potentialAction":[{"@type":"ReadAction","target":["https:\/\/ave-eta-canada.com\/de\/was-ist-eta-kanada-2\/"]}]},{"@type":"BreadcrumbList","@id":"https:\/\/ave-eta-canada.com\/de\/was-ist-eta-kanada-2\/#breadcrumb","itemListElement":[{"@type":"ListItem","position":1,"name":"Home","item":"https:\/\/ave-eta-canada.com\/de\/"},{"@type":"ListItem","position":2,"name":"Was ist die Kanada eTA?"}]},{"@type":"WebSite","@id":"https:\/\/ave-eta-canada.com\/de\/#website","url":"https:\/\/ave-eta-canada.com\/de\/","name":"KANADA VISUM","description":"Autorisation Voyage Electronique","potentialAction":[{"@type":"SearchAction","target":{"@type":"EntryPoint","urlTemplate":"https:\/\/ave-eta-canada.com\/de\/?s={search_term_string}"},"query-input":{"@type":"PropertyValueSpecification","valueRequired":true,"valueName":"search_term_string"}}],"inLanguage":"de"}]}},"_links":{"self":[{"href":"https:\/\/ave-eta-canada.com\/de\/wp-json\/wp\/v2\/pages\/989","targetHints":{"allow":["GET"]}}],"collection":[{"href":"https:\/\/ave-eta-canada.com\/de\/wp-json\/wp\/v2\/pages"}],"about":[{"href":"https:\/\/ave-eta-canada.com\/de\/wp-json\/wp\/v2\/types\/page"}],"author":[{"embeddable":true,"href":"https:\/\/ave-eta-canada.com\/de\/wp-json\/wp\/v2\/users\/1"}],"replies":[{"embeddable":true,"href":"https:\/\/ave-eta-canada.com\/de\/wp-json\/wp\/v2\/comments?post=989"}],"version-history":[{"count":0,"href":"https:\/\/ave-eta-canada.com\/de\/wp-json\/wp\/v2\/pages\/989\/revisions"}],"wp:attachment":[{"href":"https:\/\/ave-eta-canada.com\/de\/wp-json\/wp\/v2\/media?parent=989"}],"curies":[{"name":"wp","href":"https:\/\/api.w.org\/{rel}","templated":true}]}}