{"id":1020,"date":"2020-04-28T14:35:11","date_gmt":"2020-04-28T14:35:11","guid":{"rendered":"https:\/\/ave-eta-canada.com\/eta-canada-autorizacion-electronica-de-viaje\/"},"modified":"2025-12-13T17:09:01","modified_gmt":"2025-12-13T17:09:01","slug":"eta-canada-autorizacion-electronica-viaje","status":"publish","type":"page","link":"https:\/\/ave-eta-canada.com\/es\/","title":{"rendered":"CANAD\u00c1: Autorizaci\u00f3n Electr\u00f3nica de Viaje"},"content":{"rendered":"\n<h1 class=\"wp-block-heading\">Formalidades para entrar a Canad\u00e1<\/h1>\n\n<p>La Autorizaci\u00f3n Electr\u00f3nica de Viaje de Canad\u00e1 (eTA Canada) es un sistema automatizado de autorizaci\u00f3n de viaje para viajar a Canad\u00e1. Este sistema electr\u00f3nico se introdujo en septiembre de 2016. Este certificado obligatorio, que debe obtenerse antes de su estancia en Canad\u00e1, conlleva el pago de una tasa. Permite entrar en Canad\u00e1 sin solicitar un visado canadiense. La solicitud de una eTA debe hacerse en l\u00ednea y antes de imprimir la tarjeta de embarque para Canad\u00e1.    <\/p>\n\n<p><strong>Para una estad\u00eda de menos de 6 meses en Canad\u00e1<\/strong> : Puede realizar los tr\u00e1mites para ingresar a Canad\u00e1 directamente a trav\u00e9s de Internet haciendo clic en el <a href=\"https:\/\/ave-eta-canada.com\/es\/formulario-de-eta-canada-en-linea\/\">formulario en l\u00ednea<\/a>. No es necesario obtener una cita en la embajada o consulado canadiense.<\/p>\n\n<div style=\"height:30px\" aria-hidden=\"true\" class=\"wp-block-spacer\"><\/div>\n\n<h2 class=\"wp-block-heading\">\u00bfPara qu\u00e9 sirve el AVE Canad\u00e1?<\/h2>\n\n<p>Este documento electr\u00f3nico previo al viaje ayuda a mejorar la seguridad interna con respecto a los vuelos y el transporte mar\u00edtimo a Canad\u00e1. Como parte de tu solicitud <a href=\"https:\/\/ave-eta-canada.com\/es\/que-es-el-eta-canada\/\">de ETA para Canad\u00e1<\/a>, al facilitar tus datos antes del vuelo, el sistema puede comprobar que cumples los criterios de aceptaci\u00f3n en suelo canadiense antes incluso de que llegues. Anteriormente, este control se hac\u00eda directamente en el puesto fronterizo.  <\/p>\n\n<p>Este es un cuestionario para completar en Internet, cuyas respuestas determinar\u00e1n si acepta o no la eTA. Las preguntas son simples ya veces sorprendentes; est\u00e1n destinados a asegurar a las autoridades canadienses que no tiene conexi\u00f3n con una organizaci\u00f3n terrorista, que no es un delincuente, etc. Este cuestionario reemplaza el formulario verde que se le proporcion\u00f3 durante el vuelo.  <\/p>\n\n<h2 class=\"wp-block-heading\">eTA m\u00e1s f\u00e1cil de obtener que un visado<\/h2>\n\n<p><a href=\"https:\/\/ave-eta-canada.com\/es\/que-es-eta-canada\/\">El eTA es especialmente \u00fatil<\/a> para determinados tipos de viaje: turismo, tr\u00e1nsito o viaje de negocios. Si viaja a Canad\u00e1 por uno de estos motivos, y su viaje est\u00e1 limitado a un m\u00e1ximo de 6 meses, puede beneficiarse de un sistema m\u00e1s sencillo que el <a href=\"https:\/\/usa-esta.net\/es\/visa-turista-canada\/\">visado de turista para Canad\u00e1<\/a>, gracias al eTA. El proceso de autorizaci\u00f3n de viaje no solo requiere unos pocos clics en Internet, sino que no requerir\u00e1 que pague cientos de d\u00f3lares como suele ser el caso con una visa de Canad\u00e1. El eTA es la soluci\u00f3n para viajar a Canad\u00e1 de forma econ\u00f3mica y sencilla.<\/p>\n\n<p>A continuaci\u00f3n se muestra una ilustraci\u00f3n de una visa de entrada a Canad\u00e1.<\/p>\n\n<figure class=\"wp-block-image size-large\"><img decoding=\"async\" src=\"https:\/\/ave-eta-canada.com\/wp-content\/uploads\/2020\/04\/visa-canada-1-1024x734.png\" alt=\"\" class=\"wp-image-832\"\/><figcaption class=\"wp-element-caption\">Foto de visa de Canad\u00e1<\/figcaption><\/figure>\n\n<h2 class=\"wp-block-heading\">\u00bfC\u00f3mo acceder al formulario de solicitud?<\/h2>\n\n<p>Es f\u00e1cil acceder al formulario. Rellene su <g id=\"gid_0\">solicitud de eTA<\/g> directamente en Internet y se tramitar\u00e1 autom\u00e1ticamente. La respuesta (aceptaci\u00f3n o denegaci\u00f3n) es casi inmediata, pero es aconsejable presentar la solicitud en cuanto se planifique el viaje.  <\/p>\n\n<p>El sitio de registro est\u00e1 en espa\u00f1ol y tendr\u00e1s apoyo y asistencia en todo momento. Adem\u00e1s, sus datos de contacto y su recibo se guardar\u00e1n en el sitio, lo que puede resultar \u00fatil en caso de p\u00e9rdida. <\/p>\n\n<h2 class=\"wp-block-heading\">Resumen de la autorizaci\u00f3n del eTA<\/h2>\n\n<p>La autorizaci\u00f3n eTA no es un documento tangible como el pasaporte. Es una respuesta que puede encontrar en Internet, a trav\u00e9s de su cuenta creada cuando solicit\u00f3 el eTA. Cuando presenta el formulario en l\u00ednea, los sistemas inform\u00e1ticos procesan sus datos y las respuestas a las preguntas, con el fin de determinar si su expediente cumple las condiciones de aceptaci\u00f3n. Por lo tanto, debe estar atento y tomar la iniciativa de visitar usted mismo el sitio web para comprobar el resultado de su solicitud. Si obtiene la confirmaci\u00f3n de su viaje a Canad\u00e1 a trav\u00e9s de un eTA, nada le impide imprimir el mensaje, pero no es obligatorio. Las autoridades canadienses podr\u00e1n consultar su expediente directamente en sus herramientas inform\u00e1ticas.     <\/p>\n\n<h2 class=\"wp-block-heading\">\u00bfHay alg\u00fan beneficio para los viajeros?<\/h2>\n\n<p>S\u00ed, los viajeros tambi\u00e9n ganan porque cuando viajan con una <a href=\"https:\/\/ave-eta-canada.com\/es\/visa-o-eta-canada\/\">eTA no tienen que solicitar visado<\/a>. Sin embargo, se deben cumplir ciertas condiciones. De hecho, debe ser parte de uno de los pa\u00edses que ha firmado el reconocimiento de la exenci\u00f3n de visa (del cual Europa es parte). Tendr\u00e1s que permanecer un m\u00e1ximo de 6 meses en territorio canadiense; adem\u00e1s, se restringe el motivo del viaje: tr\u00e1nsito, estancia tur\u00edstica o de negocios. Adem\u00e1s, como muchos pa\u00edses, Canad\u00e1 requiere que los visitantes tengan un pasaporte electr\u00f3nico o biom\u00e9trico en proceso de validaci\u00f3n. Si cumple todos estos requisitos, su viaje a Canad\u00e1 no deber\u00eda tener problemas gracias al eTA. El precio de la eTA as\u00ed como su tr\u00e1mite online simplificado son una verdadera ventaja para los viajeros que deseen viajar a territorio canadiense.<\/p>\n\n<h2 class=\"wp-block-heading\">\u00bfPor cu\u00e1nto tiempo es v\u00e1lida esta solicitud?<\/h2>\n\n<p>Despu\u00e9s de presentar la solicitud, <a href=\"https:\/\/ave-eta-canada.com\/es\/eta-canada-periodo-de-validez\/\">su permiso de residencia se puede utilizar durante cinco a\u00f1os<\/a> o hasta que caduque su pasaporte. por otro lado, su duraci\u00f3n de estad\u00eda en territorio canadiense no debe exceder los 6 meses. Puede entrar y salir del territorio canadiense varias veces hasta que expiren los 6 meses.<\/p>\n\n<h2 class=\"wp-block-heading\">\u00bfExiste el riesgo de que se me niegue una eTA?<\/h2>\n\n<p>Tenga la seguridad de que casi todas las solicitudes prosperan. La denegaci\u00f3n de una autorizaci\u00f3n de viaje eTA se debe a errores de introducci\u00f3n de datos y, por supuesto, al incumplimiento de las condiciones de la autorizaci\u00f3n (estancia excesiva, pasaporte caducado, etc.). Si cumple los requisitos del programa, no hay duda de que puede permanecer en Canad\u00e1 con una eTA. T\u00f3mate tu tiempo para comprobar tus datos antes de enviar el formulario, ya que es f\u00e1cil que se cuele una errata. Si te lo deniegan, tendr\u00e1s que esperar 10 d\u00edas antes de poder presentar una nueva solicitud.    <\/p>\n\n<h2 class=\"wp-block-heading\">C\u00f3mo obtener una visa de turista para Canad\u00e1<\/h2>\n\n<p>La solicitud de una visa de turista canadiense se realiza en el consulado canadiense en su pa\u00eds de origen. El proceso de obtenci\u00f3n de una visa de turista para Canad\u00e1 se lleva a cabo en varias etapas. a diferencia del proceso de obtenci\u00f3n de una <a href=\"https:\/\/usa-esta.net\/es\/visa-ee-uu\/\">visa estadounidense<\/a>, la visa canadiense se obtiene sin tener que pasar una entrevista f\u00edsica en la Embajada de Canad\u00e1. Los pasos principales de la visa de turista canadiense son los siguientes:   <\/p>\n\n<ol class=\"wp-block-list\">\n<li>En primer lugar, debe verificar que es elegible para obtener una visa de turista de Canad\u00e1;<\/li>\n\n\n\n<li>Luego debe crear un acceso de visitante en el portal administrativo de Internet de Canad\u00e1: el <a href=\"https:\/\/www.canada.ca\/en\/immigration-refugees-citizenship\/services\/visit-canada\/visitor-visa-application-start.html\">IRCC<\/a> ;<\/li>\n\n\n\n<li>Una vez conectado, debe completar todos los documentos requeridos para la visa de turista canadiense;<\/li>\n\n\n\n<li>Una vez completado, finalmente puede validar su solicitud de visa canadiense;<\/li>\n\n\n\n<li>Luego, tambi\u00e9n deber\u00e1 adjuntar todos los documentos solicitados por la administraci\u00f3n de Canad\u00e1 para finalizar su solicitud de visa de turista;<\/li>\n\n\n\n<li>Cuando haya enviado los documentos relacionados con la solicitud, todo lo que tiene que hacer es esperar el regreso del servicio de procesamiento de visa de turista. El departamento de visas puede contactarlo para obtener informaci\u00f3n adicional. <\/li>\n\n\n\n<li>Una vez que se acepta su solicitud, todo lo que tiene que hacer es enviar su pasaporte para que sea sellado por el servicio oficial de visas de Canad\u00e1.<\/li>\n<\/ol>\n\n<div style=\"height:20px\" aria-hidden=\"true\" class=\"wp-block-spacer\"><\/div>\n\n<h2 class=\"wp-block-heading\">\u00bfPuedo prolongar mi estancia con una autorizaci\u00f3n eTA Canad\u00e1?<\/h2>\n\n<p>Aunque una eTA Canad\u00e1 autoriza una estancia inicial de hasta 6 meses en suelo canadiense, a veces es posible obtener una pr\u00f3rroga. Para ello, debes presentar una solicitud espec\u00edfica a las autoridades canadienses antes de que expire tu estancia inicial. Este proceso se realiza directamente en l\u00ednea en el <a href=\"https:\/\/www.canada.ca\/en\/immigration-refugees-citizenship\/services\/application\/account.html\">portal del IRCC<\/a> y requiere que aportes razones v\u00e1lidas y pruebas que justifiquen tu solicitud (motivos familiares, profesionales, m\u00e9dicos, etc.). Por tanto, es importante planificar este proceso con suficiente antelaci\u00f3n.   <\/p>\n\n<h2 class=\"wp-block-heading\">\u00bfQu\u00e9 debes hacer si tu pasaporte caduca antes de que te autoricen a viajar?<\/h2>\n\n<p>Si tu pasaporte caduca antes de que finalice la validez de tu autorizaci\u00f3n de viaje (5 a\u00f1os), tendr\u00e1s que solicitar una nueva autorizaci\u00f3n por internet en cuanto recibas tu nuevo pasaporte. Esto se debe a que la autorizaci\u00f3n electr\u00f3nica est\u00e1 directamente vinculada al n\u00famero de pasaporte utilizado para la solicitud inicial. Por tanto, cualquier modificaci\u00f3n o cambio de pasaporte requiere una nueva autorizaci\u00f3n para evitar cualquier denegaci\u00f3n de embarque o problemas fronterizos.  <\/p>\n\n<h2 class=\"wp-block-heading\">ETA Canad\u00e1 para menores<\/h2>\n\n<p>Si viajas con hijos menores, es importante que sepas que cada ni\u00f1o debe tener su propia autorizaci\u00f3n de viaje. Debe cumplimentarse en l\u00ednea una autorizaci\u00f3n individual para cada menor, aunque vayan acompa\u00f1ados de ambos padres o tutores legales. Adem\u00e1s, las autoridades canadienses recomiendan encarecidamente que los adultos que viajen solos con un menor lleven una carta de autorizaci\u00f3n paterna firmada por el otro progenitor o el tutor legal ausente, para evitar cualquier bloqueo en las fronteras.  <\/p>\n\n<h2 class=\"wp-block-heading\">No olvides los tr\u00e1mites para viajar al Reino Unido<\/h2>\n\n<p>Si tambi\u00e9n tiene previsto <a href=\"https:\/\/uk-gb.net\/es\/\">visitar el Reino Unido<\/a>, debe saber que este pa\u00eds ha introducido recientemente su propio sistema electr\u00f3nico de autorizaci\u00f3n de viaje. Al igual que la autorizaci\u00f3n electr\u00f3nica de viaje canadiense, la ETA brit\u00e1nica es una autorizaci\u00f3n electr\u00f3nica previa al viaje. Se introdujo para simplificar <a href=\"https:\/\/uk-gb.net\/es\/visado-reino-unido\/\">los tr\u00e1mites de entrada en el Reino Unido<\/a> y reforzar los controles de seguridad. Este certificado ser\u00e1 obligatorio para los visitantes exentos de visado que deseen permanecer brevemente en el Reino Unido. As\u00ed que recuerde realizar sus tr\u00e1mites en l\u00ednea antes de viajar para evitar sorpresas desagradables a su llegada al Reino Unido.<\/p>\n\n<p>Estos diversos tr\u00e1mites electr\u00f3nicos introducidos por los principales pa\u00edses han animado a la Uni\u00f3n Europea a introducir su propia <a href=\"https:\/\/visas.eu.com\/es\/etias-autorizacion-de-viaje-para-europa\/\">autorizaci\u00f3n electr\u00f3nica de viaje ETIAS<\/a> para reforzar los controles en las fronteras europeas.<\/p>\n","protected":false},"excerpt":{"rendered":"<p>Formalidades para entrar a Canad\u00e1 La Autorizaci\u00f3n Electr\u00f3nica de Viaje de Canad\u00e1 (eTA Canada) es un sistema automatizado de autorizaci\u00f3n de viaje para viajar a Canad\u00e1. Este sistema electr\u00f3nico se introdujo en septiembre de 2016. Este certificado obligatorio, que debe obtenerse antes de su estancia en Canad\u00e1, conlleva el pago de una tasa. Permite entrar [&hellip;]<\/p>\n","protected":false},"author":1,"featured_media":0,"parent":0,"menu_order":0,"comment_status":"closed","ping_status":"closed","template":"","meta":{"footnotes":""},"class_list":["post-1020","page","type-page","status-publish","hentry"],"yoast_head":"<!-- This site is optimized with the Yoast SEO plugin v26.9 - https:\/\/yoast.com\/product\/yoast-seo-wordpress\/ -->\n<title>CANAD\u00c1: Autorizaci\u00f3n Electr\u00f3nica de Viaje<\/title>\n<meta name=\"description\" content=\"Toda la informaci\u00f3n que necesita sobre el AVE Canad\u00e1, tambi\u00e9n conocido como ETA Canad\u00e1, el certificado electr\u00f3nico de entrada en Canad\u00e1.\" \/>\n<meta name=\"robots\" content=\"index, follow, max-snippet:-1, max-image-preview:large, max-video-preview:-1\" \/>\n<link rel=\"canonical\" href=\"https:\/\/ave-eta-canada.com\/es\/\" \/>\n<meta property=\"og:locale\" content=\"es_ES\" \/>\n<meta property=\"og:type\" content=\"article\" \/>\n<meta property=\"og:title\" content=\"CANAD\u00c1: Autorizaci\u00f3n Electr\u00f3nica de Viaje\" \/>\n<meta property=\"og:description\" content=\"Toda la informaci\u00f3n que necesita sobre el AVE Canad\u00e1, tambi\u00e9n conocido como ETA Canad\u00e1, el certificado electr\u00f3nico de entrada en Canad\u00e1.\" \/>\n<meta property=\"og:url\" content=\"https:\/\/ave-eta-canada.com\/es\/\" \/>\n<meta property=\"og:site_name\" content=\"VISA CANAD\u00c1\" \/>\n<meta property=\"article:modified_time\" content=\"2025-12-13T17:09:01+00:00\" \/>\n<meta property=\"og:image\" content=\"https:\/\/ave-eta-canada.com\/wp-content\/uploads\/2020\/04\/visa-canada-1.webp\" \/>\n\t<meta property=\"og:image:width\" content=\"1920\" \/>\n\t<meta property=\"og:image:height\" content=\"1376\" \/>\n\t<meta property=\"og:image:type\" content=\"image\/webp\" \/>\n<meta name=\"twitter:card\" content=\"summary_large_image\" \/>\n<meta name=\"twitter:label1\" content=\"Tiempo de lectura\" \/>\n\t<meta name=\"twitter:data1\" content=\"8 minutos\" \/>\n<script type=\"application\/ld+json\" class=\"yoast-schema-graph\">{\"@context\":\"https:\/\/schema.org\",\"@graph\":[{\"@type\":\"WebPage\",\"@id\":\"https:\/\/ave-eta-canada.com\/es\/\",\"url\":\"https:\/\/ave-eta-canada.com\/es\/\",\"name\":\"CANAD\u00c1: Autorizaci\u00f3n Electr\u00f3nica de Viaje\",\"isPartOf\":{\"@id\":\"https:\/\/ave-eta-canada.com\/es\/#website\"},\"primaryImageOfPage\":{\"@id\":\"https:\/\/ave-eta-canada.com\/es\/#primaryimage\"},\"image\":{\"@id\":\"https:\/\/ave-eta-canada.com\/es\/#primaryimage\"},\"thumbnailUrl\":\"https:\/\/ave-eta-canada.com\/wp-content\/uploads\/2020\/04\/visa-canada-1-1024x734.png\",\"datePublished\":\"2020-04-28T14:35:11+00:00\",\"dateModified\":\"2025-12-13T17:09:01+00:00\",\"description\":\"Toda la informaci\u00f3n que necesita sobre el AVE Canad\u00e1, tambi\u00e9n conocido como ETA Canad\u00e1, el certificado electr\u00f3nico de entrada en Canad\u00e1.\",\"breadcrumb\":{\"@id\":\"https:\/\/ave-eta-canada.com\/es\/#breadcrumb\"},\"inLanguage\":\"es\",\"potentialAction\":[{\"@type\":\"ReadAction\",\"target\":[\"https:\/\/ave-eta-canada.com\/es\/\"]}]},{\"@type\":\"ImageObject\",\"inLanguage\":\"es\",\"@id\":\"https:\/\/ave-eta-canada.com\/es\/#primaryimage\",\"url\":\"https:\/\/ave-eta-canada.com\/wp-content\/uploads\/2020\/04\/visa-canada-1-1024x734.png\",\"contentUrl\":\"https:\/\/ave-eta-canada.com\/wp-content\/uploads\/2020\/04\/visa-canada-1-1024x734.png\"},{\"@type\":\"BreadcrumbList\",\"@id\":\"https:\/\/ave-eta-canada.com\/es\/#breadcrumb\",\"itemListElement\":[{\"@type\":\"ListItem\",\"position\":1,\"name\":\"Home\",\"item\":\"https:\/\/ave-eta-canada.com\/es\/\"},{\"@type\":\"ListItem\",\"position\":2,\"name\":\"CANAD\u00c1: Autorizaci\u00f3n Electr\u00f3nica de Viaje\"}]},{\"@type\":\"WebSite\",\"@id\":\"https:\/\/ave-eta-canada.com\/es\/#website\",\"url\":\"https:\/\/ave-eta-canada.com\/es\/\",\"name\":\"VISA CANAD\u00c1\",\"description\":\"Autorisation Voyage Electronique\",\"potentialAction\":[{\"@type\":\"SearchAction\",\"target\":{\"@type\":\"EntryPoint\",\"urlTemplate\":\"https:\/\/ave-eta-canada.com\/es\/?s={search_term_string}\"},\"query-input\":{\"@type\":\"PropertyValueSpecification\",\"valueRequired\":true,\"valueName\":\"search_term_string\"}}],\"inLanguage\":\"es\"}]}<\/script>\n<!-- \/ Yoast SEO plugin. -->","yoast_head_json":{"title":"CANAD\u00c1: Autorizaci\u00f3n Electr\u00f3nica de Viaje","description":"Toda la informaci\u00f3n que necesita sobre el AVE Canad\u00e1, tambi\u00e9n conocido como ETA Canad\u00e1, el certificado electr\u00f3nico de entrada en Canad\u00e1.","robots":{"index":"index","follow":"follow","max-snippet":"max-snippet:-1","max-image-preview":"max-image-preview:large","max-video-preview":"max-video-preview:-1"},"canonical":"https:\/\/ave-eta-canada.com\/es\/","og_locale":"es_ES","og_type":"article","og_title":"CANAD\u00c1: Autorizaci\u00f3n Electr\u00f3nica de Viaje","og_description":"Toda la informaci\u00f3n que necesita sobre el AVE Canad\u00e1, tambi\u00e9n conocido como ETA Canad\u00e1, el certificado electr\u00f3nico de entrada en Canad\u00e1.","og_url":"https:\/\/ave-eta-canada.com\/es\/","og_site_name":"VISA CANAD\u00c1","article_modified_time":"2025-12-13T17:09:01+00:00","og_image":[{"width":1920,"height":1376,"url":"https:\/\/ave-eta-canada.com\/wp-content\/uploads\/2020\/04\/visa-canada-1.webp","type":"image\/webp"}],"twitter_card":"summary_large_image","twitter_misc":{"Tiempo de lectura":"8 minutos"},"schema":{"@context":"https:\/\/schema.org","@graph":[{"@type":"WebPage","@id":"https:\/\/ave-eta-canada.com\/es\/","url":"https:\/\/ave-eta-canada.com\/es\/","name":"CANAD\u00c1: Autorizaci\u00f3n Electr\u00f3nica de Viaje","isPartOf":{"@id":"https:\/\/ave-eta-canada.com\/es\/#website"},"primaryImageOfPage":{"@id":"https:\/\/ave-eta-canada.com\/es\/#primaryimage"},"image":{"@id":"https:\/\/ave-eta-canada.com\/es\/#primaryimage"},"thumbnailUrl":"https:\/\/ave-eta-canada.com\/wp-content\/uploads\/2020\/04\/visa-canada-1-1024x734.png","datePublished":"2020-04-28T14:35:11+00:00","dateModified":"2025-12-13T17:09:01+00:00","description":"Toda la informaci\u00f3n que necesita sobre el AVE Canad\u00e1, tambi\u00e9n conocido como ETA Canad\u00e1, el certificado electr\u00f3nico de entrada en Canad\u00e1.","breadcrumb":{"@id":"https:\/\/ave-eta-canada.com\/es\/#breadcrumb"},"inLanguage":"es","potentialAction":[{"@type":"ReadAction","target":["https:\/\/ave-eta-canada.com\/es\/"]}]},{"@type":"ImageObject","inLanguage":"es","@id":"https:\/\/ave-eta-canada.com\/es\/#primaryimage","url":"https:\/\/ave-eta-canada.com\/wp-content\/uploads\/2020\/04\/visa-canada-1-1024x734.png","contentUrl":"https:\/\/ave-eta-canada.com\/wp-content\/uploads\/2020\/04\/visa-canada-1-1024x734.png"},{"@type":"BreadcrumbList","@id":"https:\/\/ave-eta-canada.com\/es\/#breadcrumb","itemListElement":[{"@type":"ListItem","position":1,"name":"Home","item":"https:\/\/ave-eta-canada.com\/es\/"},{"@type":"ListItem","position":2,"name":"CANAD\u00c1: Autorizaci\u00f3n Electr\u00f3nica de Viaje"}]},{"@type":"WebSite","@id":"https:\/\/ave-eta-canada.com\/es\/#website","url":"https:\/\/ave-eta-canada.com\/es\/","name":"VISA CANAD\u00c1","description":"Autorisation Voyage Electronique","potentialAction":[{"@type":"SearchAction","target":{"@type":"EntryPoint","urlTemplate":"https:\/\/ave-eta-canada.com\/es\/?s={search_term_string}"},"query-input":{"@type":"PropertyValueSpecification","valueRequired":true,"valueName":"search_term_string"}}],"inLanguage":"es"}]}},"_links":{"self":[{"href":"https:\/\/ave-eta-canada.com\/es\/wp-json\/wp\/v2\/pages\/1020","targetHints":{"allow":["GET"]}}],"collection":[{"href":"https:\/\/ave-eta-canada.com\/es\/wp-json\/wp\/v2\/pages"}],"about":[{"href":"https:\/\/ave-eta-canada.com\/es\/wp-json\/wp\/v2\/types\/page"}],"author":[{"embeddable":true,"href":"https:\/\/ave-eta-canada.com\/es\/wp-json\/wp\/v2\/users\/1"}],"replies":[{"embeddable":true,"href":"https:\/\/ave-eta-canada.com\/es\/wp-json\/wp\/v2\/comments?post=1020"}],"version-history":[{"count":9,"href":"https:\/\/ave-eta-canada.com\/es\/wp-json\/wp\/v2\/pages\/1020\/revisions"}],"predecessor-version":[{"id":6395,"href":"https:\/\/ave-eta-canada.com\/es\/wp-json\/wp\/v2\/pages\/1020\/revisions\/6395"}],"wp:attachment":[{"href":"https:\/\/ave-eta-canada.com\/es\/wp-json\/wp\/v2\/media?parent=1020"}],"curies":[{"name":"wp","href":"https:\/\/api.w.org\/{rel}","templated":true}]}}