{"id":1215,"date":"2021-12-03T20:09:34","date_gmt":"2021-12-03T20:09:34","guid":{"rendered":"https:\/\/ave-eta-canada.com\/eta-canada-restricciones-de-viaje-covid-19-actualizadas\/"},"modified":"2025-10-09T09:08:13","modified_gmt":"2025-10-09T09:08:13","slug":"eta-canada-restricciones-de-viaje-covid-19-actualizadas","status":"publish","type":"page","link":"https:\/\/ave-eta-canada.com\/es\/eta-canada-restricciones-de-viaje-covid-19-actualizadas\/","title":{"rendered":"AVE Canad\u00e1 &#8211; COVID 19 restricciones de viaje actualizadas"},"content":{"rendered":"\t\t<div data-elementor-type=\"wp-page\" data-elementor-id=\"1215\" class=\"elementor elementor-1215 elementor-1195\" data-elementor-post-type=\"page\">\n\t\t\t\t\t\t<section class=\"elementor-section elementor-top-section elementor-element elementor-element-b820ec9 elementor-section-boxed elementor-section-height-default elementor-section-height-default\" data-id=\"b820ec9\" data-element_type=\"section\" data-e-type=\"section\">\n\t\t\t\t\t\t<div class=\"elementor-container elementor-column-gap-default\">\n\t\t\t\t\t<div class=\"elementor-column elementor-col-100 elementor-top-column elementor-element elementor-element-e20cc56\" data-id=\"e20cc56\" data-element_type=\"column\" data-e-type=\"column\">\n\t\t\t<div class=\"elementor-widget-wrap elementor-element-populated\">\n\t\t\t\t\t\t<div class=\"elementor-element elementor-element-f35a835 elementor-widget elementor-widget-heading\" data-id=\"f35a835\" data-element_type=\"widget\" data-e-type=\"widget\" data-widget_type=\"heading.default\">\n\t\t\t\t<div class=\"elementor-widget-container\">\n\t\t\t\t\t<h1 class=\"elementor-heading-title elementor-size-default\">Fin de las restricciones vinculadas a la crisis sanitaria COVID 19<\/h1>\t\t\t\t<\/div>\n\t\t\t\t<\/div>\n\t\t\t\t\t<\/div>\n\t\t<\/div>\n\t\t\t\t\t<\/div>\n\t\t<\/section>\n\t\t\t\t<section class=\"elementor-section elementor-top-section elementor-element elementor-element-7752861 elementor-section-boxed elementor-section-height-default elementor-section-height-default\" data-id=\"7752861\" data-element_type=\"section\" data-e-type=\"section\">\n\t\t\t\t\t\t<div class=\"elementor-container elementor-column-gap-default\">\n\t\t\t\t\t<div class=\"elementor-column elementor-col-100 elementor-top-column elementor-element elementor-element-e662d5f\" data-id=\"e662d5f\" data-element_type=\"column\" data-e-type=\"column\">\n\t\t\t<div class=\"elementor-widget-wrap elementor-element-populated\">\n\t\t\t\t\t\t<div class=\"elementor-element elementor-element-80b7c62 elementor-widget elementor-widget-text-editor\" data-id=\"80b7c62\" data-element_type=\"widget\" data-e-type=\"widget\" data-widget_type=\"text-editor.default\">\n\t\t\t\t<div class=\"elementor-widget-container\">\n\t\t\t\t\t\t\t\t\t<p><strong>Pre\u00e1mbulo<\/strong>: He aqu\u00ed la \u00faltima actualizaci\u00f3n sobre la evoluci\u00f3n de la crisis sanitaria relacionada con el COVID-19. La informaci\u00f3n de esta p\u00e1gina se actualiza en la medida de lo posible de acuerdo con las nuevas decisiones tomadas por la administraci\u00f3n canadiense. Desde mayo de 2023, se han levantado la mayor\u00eda de las restricciones para los viajeros a Canad\u00e1.  <\/p><p><strong>Para una estad\u00eda de menos de 6 meses en Canad\u00e1<\/strong> : Puede realizar los tr\u00e1mites para ingresar a Canad\u00e1 directamente a trav\u00e9s de Internet haciendo clic en el <a href=\"https:\/\/ave-eta-canada.com\/es\/formulario-de-eta-canada-en-linea\/\">formulario en l\u00ednea<\/a>. No es necesario obtener una cita en la embajada o consulado canadiense.<\/p><h2>Fin de las restricciones COVID para los viajeros a Canad\u00e1<\/h2><p>Las medidas preventivas relativas al COVID-19 establecidas en noviembre de 2021 para la reapertura de las fronteras de Canad\u00e1 se retiraron en mayo de 2023. Ya no se<span style=\"background-color: transparent;\"> pide a los viajeros<\/span> <span style=\"background-color: transparent;\">una prueba de vacunaci\u00f3n o<\/span><span style=\"background-color: transparent;\"> pruebas de detecci\u00f3n al embarcar en un vuelo con destino a Canad\u00e1.<\/span><\/p>\t\t\t\t\t\t\t\t<\/div>\n\t\t\t\t<\/div>\n\t\t\t\t\t<\/div>\n\t\t<\/div>\n\t\t\t\t\t<\/div>\n\t\t<\/section>\n\t\t\t\t<section class=\"elementor-section elementor-top-section elementor-element elementor-element-dca40c8 elementor-section-boxed elementor-section-height-default elementor-section-height-default\" data-id=\"dca40c8\" data-element_type=\"section\" data-e-type=\"section\">\n\t\t\t\t\t\t<div class=\"elementor-container elementor-column-gap-default\">\n\t\t\t\t\t<div class=\"elementor-column elementor-col-100 elementor-top-column elementor-element elementor-element-4aaedc7\" data-id=\"4aaedc7\" data-element_type=\"column\" data-e-type=\"column\">\n\t\t\t<div class=\"elementor-widget-wrap elementor-element-populated\">\n\t\t\t\t\t\t<div class=\"elementor-element elementor-element-8cf9d43 elementor-widget elementor-widget-toggle\" data-id=\"8cf9d43\" data-element_type=\"widget\" data-e-type=\"widget\" data-widget_type=\"toggle.default\">\n\t\t\t\t<div class=\"elementor-widget-container\">\n\t\t\t\t\t\t\t<div class=\"elementor-toggle\">\n\t\t\t\t\t\t\t<div class=\"elementor-toggle-item\">\n\t\t\t\t\t<h2 id=\"elementor-tab-title-1471\" class=\"elementor-tab-title\" data-tab=\"1\" role=\"button\" aria-controls=\"elementor-tab-content-1471\" aria-expanded=\"false\">\n\t\t\t\t\t\t\t\t\t\t\t\t<span class=\"elementor-toggle-icon elementor-toggle-icon-left\" aria-hidden=\"true\">\n\t\t\t\t\t\t\t\t\t\t\t\t\t\t\t<span class=\"elementor-toggle-icon-closed\"><i class=\"fas fa-caret-right\"><\/i><\/span>\n\t\t\t\t\t\t\t\t<span class=\"elementor-toggle-icon-opened\"><i class=\"elementor-toggle-icon-opened fas fa-caret-up\"><\/i><\/span>\n\t\t\t\t\t\t\t\t\t\t\t\t\t<\/span>\n\t\t\t\t\t\t\t\t\t\t\t\t<a class=\"elementor-toggle-title\" tabindex=\"0\">\u00bfTodav\u00eda tengo que rellenar el formulario ArriveCAN antes de entrar en Canad\u00e1?<\/a>\n\t\t\t\t\t<\/h2>\n\n\t\t\t\t\t<div id=\"elementor-tab-content-1471\" class=\"elementor-tab-content elementor-clearfix\" data-tab=\"1\" role=\"region\" aria-labelledby=\"elementor-tab-title-1471\"><p><a href=\"https:\/\/ave-eta-canada.com\/es\/arrivecan-canada\/\">ArriveCAN<\/a> es una aplicaci\u00f3n del gobierno canadiense. Se utiliz\u00f3 para gestionar la informaci\u00f3n de los viajeros que entraban en Canad\u00e1 tras la pandemia de COVID-19. Facilit\u00f3 el cumplimiento de los requisitos de salud p\u00fablica de Canad\u00e1.<\/p>\n<p>La aplicaci\u00f3n <a href=\"https:\/\/ave-eta-canada.com\/es\/arrivecan-canada\/\">ArriveCAN<\/a> se implant\u00f3 en noviembre de 2020. A partir de mayo de 2023, <b>los viajeros ya no estar\u00e1n obligados a cumplimentar ArriveCAN<\/b> en las 72 horas siguientes a su llegada a Canad\u00e1.<\/p>\n<\/div>\n\t\t\t\t<\/div>\n\t\t\t\t\t\t\t<div class=\"elementor-toggle-item\">\n\t\t\t\t\t<h2 id=\"elementor-tab-title-1472\" class=\"elementor-tab-title\" data-tab=\"2\" role=\"button\" aria-controls=\"elementor-tab-content-1472\" aria-expanded=\"false\">\n\t\t\t\t\t\t\t\t\t\t\t\t<span class=\"elementor-toggle-icon elementor-toggle-icon-left\" aria-hidden=\"true\">\n\t\t\t\t\t\t\t\t\t\t\t\t\t\t\t<span class=\"elementor-toggle-icon-closed\"><i class=\"fas fa-caret-right\"><\/i><\/span>\n\t\t\t\t\t\t\t\t<span class=\"elementor-toggle-icon-opened\"><i class=\"elementor-toggle-icon-opened fas fa-caret-up\"><\/i><\/span>\n\t\t\t\t\t\t\t\t\t\t\t\t\t<\/span>\n\t\t\t\t\t\t\t\t\t\t\t\t<a class=\"elementor-toggle-title\" tabindex=\"0\">\u00bfNecesito estar vacunado para entrar a Canad\u00e1?<\/a>\n\t\t\t\t\t<\/h2>\n\n\t\t\t\t\t<div id=\"elementor-tab-content-1472\" class=\"elementor-tab-content elementor-clearfix\" data-tab=\"2\" role=\"region\" aria-labelledby=\"elementor-tab-title-1472\"><p>A partir de mayo de 2023, <b>ya no ser\u00e1 necesario vacunarse para entrar en Canad\u00e1<\/b>. Ya no es necesario dar negativo en las pruebas de COVID-19 para entrar en el pa\u00eds. Las compa\u00f1\u00edas a\u00e9reas ya no comprueban el estado de vacunaci\u00f3n de todos los viajeros antes de que embarquen.  <\/p>\n<\/div>\n\t\t\t\t<\/div>\n\t\t\t\t\t\t\t<div class=\"elementor-toggle-item\">\n\t\t\t\t\t<h2 id=\"elementor-tab-title-1473\" class=\"elementor-tab-title\" data-tab=\"3\" role=\"button\" aria-controls=\"elementor-tab-content-1473\" aria-expanded=\"false\">\n\t\t\t\t\t\t\t\t\t\t\t\t<span class=\"elementor-toggle-icon elementor-toggle-icon-left\" aria-hidden=\"true\">\n\t\t\t\t\t\t\t\t\t\t\t\t\t\t\t<span class=\"elementor-toggle-icon-closed\"><i class=\"fas fa-caret-right\"><\/i><\/span>\n\t\t\t\t\t\t\t\t<span class=\"elementor-toggle-icon-opened\"><i class=\"elementor-toggle-icon-opened fas fa-caret-up\"><\/i><\/span>\n\t\t\t\t\t\t\t\t\t\t\t\t\t<\/span>\n\t\t\t\t\t\t\t\t\t\t\t\t<a class=\"elementor-toggle-title\" tabindex=\"0\">\u00bfNecesitamos una prueba de COVID negativa en Canad\u00e1 para salir del territorio en menos de 72 horas?<\/a>\n\t\t\t\t\t<\/h2>\n\n\t\t\t\t\t<div id=\"elementor-tab-content-1473\" class=\"elementor-tab-content elementor-clearfix\" data-tab=\"3\" role=\"region\" aria-labelledby=\"elementor-tab-title-1473\"><p>Los residentes canadienses ya no necesitan presentar un resultado negativo en la prueba COVID-19 para salir del territorio canadiense.<\/p>\n<\/div>\n\t\t\t\t<\/div>\n\t\t\t\t\t\t\t\t\t\t<script type=\"application\/ld+json\">{\"@context\":\"https:\\\/\\\/schema.org\",\"@type\":\"FAQPage\",\"mainEntity\":[{\"@type\":\"Question\",\"name\":\"\\u00bfTodav\\u00eda tengo que rellenar el formulario ArriveCAN antes de entrar en Canad\\u00e1?\",\"acceptedAnswer\":{\"@type\":\"Answer\",\"text\":\"<p><a href=\\\"https:\\\/\\\/ave-eta-canada.com\\\/es\\\/arrivecan-canada\\\/\\\">ArriveCAN<\\\/a> es una aplicaci\\u00f3n del gobierno canadiense. Se utiliz\\u00f3 para gestionar la informaci\\u00f3n de los viajeros que entraban en Canad\\u00e1 tras la pandemia de COVID-19. Facilit\\u00f3 el cumplimiento de los requisitos de salud p\\u00fablica de Canad\\u00e1.<\\\/p>\\n<p>La aplicaci\\u00f3n <a href=\\\"https:\\\/\\\/ave-eta-canada.com\\\/es\\\/arrivecan-canada\\\/\\\">ArriveCAN<\\\/a> se implant\\u00f3 en noviembre de 2020. A partir de mayo de 2023, <b>los viajeros ya no estar\\u00e1n obligados a cumplimentar ArriveCAN<\\\/b> en las 72 horas siguientes a su llegada a Canad\\u00e1.<\\\/p>\\n\"}},{\"@type\":\"Question\",\"name\":\"\\u00bfNecesito estar vacunado para entrar a Canad\\u00e1?\",\"acceptedAnswer\":{\"@type\":\"Answer\",\"text\":\"<p>A partir de mayo de 2023, <b>ya no ser\\u00e1 necesario vacunarse para entrar en Canad\\u00e1<\\\/b>. Ya no es necesario dar negativo en las pruebas de COVID-19 para entrar en el pa\\u00eds. Las compa\\u00f1\\u00edas a\\u00e9reas ya no comprueban el estado de vacunaci\\u00f3n de todos los viajeros antes de que embarquen.  <\\\/p>\\n\"}},{\"@type\":\"Question\",\"name\":\"\\u00bfNecesitamos una prueba de COVID negativa en Canad\\u00e1 para salir del territorio en menos de 72 horas?\",\"acceptedAnswer\":{\"@type\":\"Answer\",\"text\":\"<p>Los residentes canadienses ya no necesitan presentar un resultado negativo en la prueba COVID-19 para salir del territorio canadiense.<\\\/p>\\n\"}}]}<\/script>\n\t\t\t\t\t<\/div>\n\t\t\t\t\t\t<\/div>\n\t\t\t\t<\/div>\n\t\t\t\t\t<\/div>\n\t\t<\/div>\n\t\t\t\t\t<\/div>\n\t\t<\/section>\n\t\t\t\t<\/div>\n\t\t","protected":false},"excerpt":{"rendered":"<p>Fin de las restricciones vinculadas a la crisis sanitaria COVID 19 Pre\u00e1mbulo: He aqu\u00ed la \u00faltima actualizaci\u00f3n sobre la evoluci\u00f3n de la crisis sanitaria relacionada con el COVID-19. La informaci\u00f3n de esta p\u00e1gina se actualiza en la medida de lo posible de acuerdo con las nuevas decisiones tomadas por la administraci\u00f3n canadiense. Desde mayo de [&hellip;]<\/p>\n","protected":false},"author":1,"featured_media":0,"parent":0,"menu_order":0,"comment_status":"closed","ping_status":"closed","template":"","meta":{"footnotes":""},"class_list":["post-1215","page","type-page","status-publish","hentry"],"yoast_head":"<!-- This site is optimized with the Yoast SEO plugin v26.9 - https:\/\/yoast.com\/product\/yoast-seo-wordpress\/ -->\n<title>AVE Canad\u00e1 - COVID 19 restricciones de viaje actualizadas<\/title>\n<meta name=\"description\" content=\"Inf\u00f3rmese sobre las restricciones de COVID para entrar en Canad\u00e1 con una autorizaci\u00f3n electr\u00f3nica de viaje (ETA).\" \/>\n<meta name=\"robots\" content=\"index, follow, max-snippet:-1, max-image-preview:large, max-video-preview:-1\" \/>\n<link rel=\"canonical\" href=\"https:\/\/ave-eta-canada.com\/es\/eta-canada-restricciones-de-viaje-covid-19-actualizadas\/\" \/>\n<meta property=\"og:locale\" content=\"es_ES\" \/>\n<meta property=\"og:type\" content=\"article\" \/>\n<meta property=\"og:title\" content=\"AVE Canad\u00e1 - COVID 19 restricciones de viaje actualizadas\" \/>\n<meta property=\"og:description\" content=\"Inf\u00f3rmese sobre las restricciones de COVID para entrar en Canad\u00e1 con una autorizaci\u00f3n electr\u00f3nica de viaje (ETA).\" \/>\n<meta property=\"og:url\" content=\"https:\/\/ave-eta-canada.com\/es\/eta-canada-restricciones-de-viaje-covid-19-actualizadas\/\" \/>\n<meta property=\"og:site_name\" content=\"VISA CANAD\u00c1\" \/>\n<meta property=\"article:modified_time\" content=\"2025-10-09T09:08:13+00:00\" \/>\n<meta name=\"twitter:card\" content=\"summary_large_image\" \/>\n<meta name=\"twitter:label1\" content=\"Tiempo de lectura\" \/>\n\t<meta name=\"twitter:data1\" content=\"3 minutos\" \/>\n<script type=\"application\/ld+json\" class=\"yoast-schema-graph\">{\"@context\":\"https:\/\/schema.org\",\"@graph\":[{\"@type\":\"WebPage\",\"@id\":\"https:\/\/ave-eta-canada.com\/es\/eta-canada-restricciones-de-viaje-covid-19-actualizadas\/\",\"url\":\"https:\/\/ave-eta-canada.com\/es\/eta-canada-restricciones-de-viaje-covid-19-actualizadas\/\",\"name\":\"AVE Canad\u00e1 - COVID 19 restricciones de viaje actualizadas\",\"isPartOf\":{\"@id\":\"https:\/\/ave-eta-canada.com\/es\/#website\"},\"datePublished\":\"2021-12-03T20:09:34+00:00\",\"dateModified\":\"2025-10-09T09:08:13+00:00\",\"description\":\"Inf\u00f3rmese sobre las restricciones de COVID para entrar en Canad\u00e1 con una autorizaci\u00f3n electr\u00f3nica de viaje (ETA).\",\"breadcrumb\":{\"@id\":\"https:\/\/ave-eta-canada.com\/es\/eta-canada-restricciones-de-viaje-covid-19-actualizadas\/#breadcrumb\"},\"inLanguage\":\"es\",\"potentialAction\":[{\"@type\":\"ReadAction\",\"target\":[\"https:\/\/ave-eta-canada.com\/es\/eta-canada-restricciones-de-viaje-covid-19-actualizadas\/\"]}]},{\"@type\":\"BreadcrumbList\",\"@id\":\"https:\/\/ave-eta-canada.com\/es\/eta-canada-restricciones-de-viaje-covid-19-actualizadas\/#breadcrumb\",\"itemListElement\":[{\"@type\":\"ListItem\",\"position\":1,\"name\":\"Home\",\"item\":\"https:\/\/ave-eta-canada.com\/es\/\"},{\"@type\":\"ListItem\",\"position\":2,\"name\":\"AVE Canad\u00e1 &#8211; COVID 19 restricciones de viaje actualizadas\"}]},{\"@type\":\"WebSite\",\"@id\":\"https:\/\/ave-eta-canada.com\/es\/#website\",\"url\":\"https:\/\/ave-eta-canada.com\/es\/\",\"name\":\"VISA CANAD\u00c1\",\"description\":\"Autorisation Voyage Electronique\",\"potentialAction\":[{\"@type\":\"SearchAction\",\"target\":{\"@type\":\"EntryPoint\",\"urlTemplate\":\"https:\/\/ave-eta-canada.com\/es\/?s={search_term_string}\"},\"query-input\":{\"@type\":\"PropertyValueSpecification\",\"valueRequired\":true,\"valueName\":\"search_term_string\"}}],\"inLanguage\":\"es\"}]}<\/script>\n<!-- \/ Yoast SEO plugin. -->","yoast_head_json":{"title":"AVE Canad\u00e1 - COVID 19 restricciones de viaje actualizadas","description":"Inf\u00f3rmese sobre las restricciones de COVID para entrar en Canad\u00e1 con una autorizaci\u00f3n electr\u00f3nica de viaje (ETA).","robots":{"index":"index","follow":"follow","max-snippet":"max-snippet:-1","max-image-preview":"max-image-preview:large","max-video-preview":"max-video-preview:-1"},"canonical":"https:\/\/ave-eta-canada.com\/es\/eta-canada-restricciones-de-viaje-covid-19-actualizadas\/","og_locale":"es_ES","og_type":"article","og_title":"AVE Canad\u00e1 - COVID 19 restricciones de viaje actualizadas","og_description":"Inf\u00f3rmese sobre las restricciones de COVID para entrar en Canad\u00e1 con una autorizaci\u00f3n electr\u00f3nica de viaje (ETA).","og_url":"https:\/\/ave-eta-canada.com\/es\/eta-canada-restricciones-de-viaje-covid-19-actualizadas\/","og_site_name":"VISA CANAD\u00c1","article_modified_time":"2025-10-09T09:08:13+00:00","twitter_card":"summary_large_image","twitter_misc":{"Tiempo de lectura":"3 minutos"},"schema":{"@context":"https:\/\/schema.org","@graph":[{"@type":"WebPage","@id":"https:\/\/ave-eta-canada.com\/es\/eta-canada-restricciones-de-viaje-covid-19-actualizadas\/","url":"https:\/\/ave-eta-canada.com\/es\/eta-canada-restricciones-de-viaje-covid-19-actualizadas\/","name":"AVE Canad\u00e1 - COVID 19 restricciones de viaje actualizadas","isPartOf":{"@id":"https:\/\/ave-eta-canada.com\/es\/#website"},"datePublished":"2021-12-03T20:09:34+00:00","dateModified":"2025-10-09T09:08:13+00:00","description":"Inf\u00f3rmese sobre las restricciones de COVID para entrar en Canad\u00e1 con una autorizaci\u00f3n electr\u00f3nica de viaje (ETA).","breadcrumb":{"@id":"https:\/\/ave-eta-canada.com\/es\/eta-canada-restricciones-de-viaje-covid-19-actualizadas\/#breadcrumb"},"inLanguage":"es","potentialAction":[{"@type":"ReadAction","target":["https:\/\/ave-eta-canada.com\/es\/eta-canada-restricciones-de-viaje-covid-19-actualizadas\/"]}]},{"@type":"BreadcrumbList","@id":"https:\/\/ave-eta-canada.com\/es\/eta-canada-restricciones-de-viaje-covid-19-actualizadas\/#breadcrumb","itemListElement":[{"@type":"ListItem","position":1,"name":"Home","item":"https:\/\/ave-eta-canada.com\/es\/"},{"@type":"ListItem","position":2,"name":"AVE Canad\u00e1 &#8211; COVID 19 restricciones de viaje actualizadas"}]},{"@type":"WebSite","@id":"https:\/\/ave-eta-canada.com\/es\/#website","url":"https:\/\/ave-eta-canada.com\/es\/","name":"VISA CANAD\u00c1","description":"Autorisation Voyage Electronique","potentialAction":[{"@type":"SearchAction","target":{"@type":"EntryPoint","urlTemplate":"https:\/\/ave-eta-canada.com\/es\/?s={search_term_string}"},"query-input":{"@type":"PropertyValueSpecification","valueRequired":true,"valueName":"search_term_string"}}],"inLanguage":"es"}]}},"_links":{"self":[{"href":"https:\/\/ave-eta-canada.com\/es\/wp-json\/wp\/v2\/pages\/1215","targetHints":{"allow":["GET"]}}],"collection":[{"href":"https:\/\/ave-eta-canada.com\/es\/wp-json\/wp\/v2\/pages"}],"about":[{"href":"https:\/\/ave-eta-canada.com\/es\/wp-json\/wp\/v2\/types\/page"}],"author":[{"embeddable":true,"href":"https:\/\/ave-eta-canada.com\/es\/wp-json\/wp\/v2\/users\/1"}],"replies":[{"embeddable":true,"href":"https:\/\/ave-eta-canada.com\/es\/wp-json\/wp\/v2\/comments?post=1215"}],"version-history":[{"count":2,"href":"https:\/\/ave-eta-canada.com\/es\/wp-json\/wp\/v2\/pages\/1215\/revisions"}],"predecessor-version":[{"id":6279,"href":"https:\/\/ave-eta-canada.com\/es\/wp-json\/wp\/v2\/pages\/1215\/revisions\/6279"}],"wp:attachment":[{"href":"https:\/\/ave-eta-canada.com\/es\/wp-json\/wp\/v2\/media?parent=1215"}],"curies":[{"name":"wp","href":"https:\/\/api.w.org\/{rel}","templated":true}]}}