{"id":1645,"date":"2022-05-12T21:03:58","date_gmt":"2022-05-12T21:03:58","guid":{"rendered":"https:\/\/ave-eta-canada.com\/validez-eta-canada\/"},"modified":"2022-05-13T21:09:59","modified_gmt":"2022-05-13T21:09:59","slug":"validez-eta-canada","status":"publish","type":"page","link":"https:\/\/ave-eta-canada.com\/es\/validez-eta-canada\/","title":{"rendered":"La validez de la eTA de Canad\u00e1"},"content":{"rendered":"\n<h1 class=\"wp-block-heading\">\u00bfCu\u00e1l es la validez de la eTA de Canad\u00e1?<\/h1>\n\n<p>Para viajar a Canad\u00e1, se requiere una Autorizaci\u00f3n Electr\u00f3nica de Viaje. Esta autorizaci\u00f3n se emite a trav\u00e9s de Internet de la misma manera que una solicitud ESTA para EE. UU.<\/p>\n\n<p><strong>Para una estad\u00eda de menos de 6 meses en Canad\u00e1<\/strong> : Puede realizar los tr\u00e1mites para ingresar a Canad\u00e1 directamente a trav\u00e9s de Internet haciendo clic en el <a href=\"https:\/\/ave-eta-canada.com\/es\/formulario-de-eta-canada-en-linea\/\">formulario en l\u00ednea<\/a>. No es necesario obtener una cita en la embajada o consulado canadiense.<\/p>\n\n<p>A continuaci\u00f3n presentamos los elementos de informaci\u00f3n relativos al periodo de validez del AVE.<br\/><\/p>\n\n<h2 class=\"wp-block-heading\">\u00bfC\u00f3mo comprobar la validez de una eTA de Canad\u00e1?<\/h2>\n\n<p>La eTA de Canad\u00e1, para autorizaci\u00f3n electr\u00f3nica de viaje, es un documento electr\u00f3nico oficial que se obtiene luego de una solicitud en l\u00ednea realizada en el sitio web del gobierno canadiense. Es decir, no es necesario acudir a la embajada de Canad\u00e1, o al consulado en su caso, para obtener esta autorizaci\u00f3n. Solo el IRCC (Inmigraci\u00f3n, Refugiados, Ciudadan\u00eda Canadiense) est\u00e1 autorizado a emitir una eTA a los ciudadanos de pa\u00edses exentos de visas canadienses (incluidos los ciudadanos franceses) que <a href=\"https:\/\/ave-eta-canada.com\/es\/todo-sobre-las-condiciones-del-eta-para-viajar-a-canada\/\">cumplan con las condiciones de elegibilidad.<\/a><\/p>\n\n<p>El hecho de que solo el Gobierno de Canad\u00e1 tenga derecho a emitir una autorizaci\u00f3n de viaje no impone una solicitud en el sitio oficial. Es muy posible llamar a una organizaci\u00f3n privada, como nuestro socio, para solicitar una eTA. A diferencia del sitio web del ministerio, una organizaci\u00f3n privada le ofrece asistencia personalizada si es necesario. La validez de la eTA de Canad\u00e1 no se cuestiona en absoluto si se obtiene a trav\u00e9s de un sitio privado.<\/p>\n\n<p>La validez de la eTA de Canad\u00e1 depende del pasaporte al que est\u00e1 vinculado. Por supuesto, solo se reconoce un pasaporte v\u00e1lido (Consejo de viaje: se recomienda tener un per\u00edodo de validez restante de seis meses). En caso de un nuevo pasaporte o un cambio en los datos de este \u00faltimo, se debe enviar una nueva solicitud a las autoridades canadienses. Le recordamos que para completar el formulario eTA de Canad\u00e1, debe ingresar el n\u00famero de pasaporte, apellido y nombre del titular, fecha y lugar de nacimiento, sexo, fecha de emisi\u00f3n y fecha de vencimiento. La modificaci\u00f3n de estos datos dejar\u00e1 sin efecto el eTA.<\/p>\n\n<p>Dado que la solicitud de autorizaci\u00f3n tambi\u00e9n se basa en 4 preguntas sobre la situaci\u00f3n del viajero, la validez de la eTA de Canad\u00e1 depende de la evoluci\u00f3n de la situaci\u00f3n. As\u00ed, en caso de una nueva enfermedad no tratada o de un nuevo delito, por ejemplo, la eTA deja de ser v\u00e1lida. Sin embargo, esta informaci\u00f3n es dif\u00edcil de verificar y por lo tanto depende de la honestidad del viajero.<\/p>\n\n<p>No es necesario imprimir la autorizaci\u00f3n ya que es electr\u00f3nica. Por otro lado, es obligatorio obtener la autorizaci\u00f3n antes de salir. La validez de la eTA de Canad\u00e1 no se ve comprometida por la ausencia de una versi\u00f3n en papel. El oficial de servicios fronterizos no solicita ver la eTA, pero probablemente solicitar\u00e1 el boleto de salida y cualquier otro documento requerido apropiado a la situaci\u00f3n, particularmente en el caso de un ni\u00f1o menor que viaje con usted (por ejemplo, un certificado de nacimiento, fotocopia del certificado de divorcio, etc.).<br\/><br\/><\/p>\n\n<h2 class=\"wp-block-heading\">\u00bfPor cu\u00e1nto tiempo es v\u00e1lida la eTA de Canad\u00e1?<\/h2>\n\n<p>No es necesario completar el <a href=\"https:\/\/ave-eta-canada.com\/es\/complete-el-formulario-eta-para-canada\/\">formulario<\/a> en l\u00ednea para todos los viajes a Canad\u00e1: el per\u00edodo de validez de la eTA de Canad\u00e1 es de 5 a\u00f1os a partir de la fecha de emisi\u00f3n. La aprobaci\u00f3n, al igual que la denegaci\u00f3n, se comunica muy r\u00e1pidamente por correo electr\u00f3nico una vez realizado <a href=\"https:\/\/ave-eta-canada.com\/es\/eta-canada-su-precio\/\">el pago de los 7 $ CAN<\/a> . Excepcionalmente, los servicios de inmigraci\u00f3n de Canad\u00e1 pueden suspender una solicitud si se necesitan documentos de respaldo adicionales. De cualquier manera, la inmigraci\u00f3n canadiense se comunica con el solicitante dentro de unos d\u00edas. El acuse de recibo se le env\u00eda dentro de las 72 horas. En caso de negativa, el solicitante puede realizar una nueva solicitud si considera que esta respuesta negativa se debe a un error de entrada. Si no se ha cometido ning\u00fan error, se puede enviar una solicitud de visa a la Embajada de Canad\u00e1. De hecho, no ser elegible para la eTA no es un obst\u00e1culo para obtener una visa canadiense.<\/p>\n\n<p>Tenga en cuenta que el <a href=\"https:\/\/ave-eta-canada.com\/es\/eta-canada-periodo-de-validez\/\">per\u00edodo de validez de la eTA de Canad\u00e1<\/a> depende de la validez del pasaporte utilizado en el momento de la solicitud. El Gobierno de Canad\u00e1 emite una eTA por hasta 5 a\u00f1os siempre que el pasaporte no caduque antes. Por ejemplo, si un pasaporte electr\u00f3nico o biom\u00e9trico vence dentro de los 3 a\u00f1os de una solicitud, entonces la eTA es v\u00e1lida por 3 a\u00f1os. No es posible transferir los dos a\u00f1os restantes a un nuevo pasaporte.<\/p>\n\n<p>El viajero puede realizar tantas estancias como desee durante los 5 a\u00f1os de validez de la eTA de Canad\u00e1, siempre que cada estancia no supere los 6 meses. No se trata aqu\u00ed de ser residente permanente con autorizaci\u00f3n AVE sino de realizar una estancia tur\u00edstica. Tambi\u00e9n se debe tener en cuenta que la eTA solo se requiere para ingresar al territorio canadiense por v\u00eda a\u00e9rea, incluidos los tr\u00e1nsitos.<\/p>\n","protected":false},"excerpt":{"rendered":"<p>\u00bfCu\u00e1l es la validez de la eTA de Canad\u00e1? Para viajar a Canad\u00e1, se requiere una Autorizaci\u00f3n Electr\u00f3nica de Viaje. Esta autorizaci\u00f3n se emite a trav\u00e9s de Internet de la misma manera que una solicitud ESTA para EE. UU. Para una estad\u00eda de menos de 6 meses en Canad\u00e1 : Puede realizar los tr\u00e1mites para [&hellip;]<\/p>\n","protected":false},"author":1,"featured_media":0,"parent":0,"menu_order":0,"comment_status":"closed","ping_status":"closed","template":"","meta":{"footnotes":""},"class_list":["post-1645","page","type-page","status-publish","hentry"],"yoast_head":"<!-- This site is optimized with the Yoast SEO plugin v26.9 - https:\/\/yoast.com\/product\/yoast-seo-wordpress\/ -->\n<title>La validez de la eTA de Canad\u00e1<\/title>\n<meta name=\"description\" content=\"Canad\u00e1 ha introducido una Autorizaci\u00f3n de viaje electr\u00f3nica (eTA), que debe obtenerse antes de la salida. \u00bfPor cu\u00e1nto tiempo es v\u00e1lida esta autorizaci\u00f3n?\" \/>\n<meta name=\"robots\" content=\"index, follow, max-snippet:-1, max-image-preview:large, max-video-preview:-1\" \/>\n<link rel=\"canonical\" href=\"https:\/\/ave-eta-canada.com\/es\/validez-eta-canada\/\" \/>\n<meta property=\"og:locale\" content=\"es_ES\" \/>\n<meta property=\"og:type\" content=\"article\" \/>\n<meta property=\"og:title\" content=\"La validez de la eTA de Canad\u00e1\" \/>\n<meta property=\"og:description\" content=\"Canad\u00e1 ha introducido una Autorizaci\u00f3n de viaje electr\u00f3nica (eTA), que debe obtenerse antes de la salida. \u00bfPor cu\u00e1nto tiempo es v\u00e1lida esta autorizaci\u00f3n?\" \/>\n<meta property=\"og:url\" content=\"https:\/\/ave-eta-canada.com\/es\/validez-eta-canada\/\" \/>\n<meta property=\"og:site_name\" content=\"VISA CANAD\u00c1\" \/>\n<meta property=\"article:modified_time\" content=\"2022-05-13T21:09:59+00:00\" \/>\n<meta name=\"twitter:card\" content=\"summary_large_image\" \/>\n<meta name=\"twitter:label1\" content=\"Tiempo de lectura\" \/>\n\t<meta name=\"twitter:data1\" content=\"5 minutos\" \/>\n<script type=\"application\/ld+json\" class=\"yoast-schema-graph\">{\"@context\":\"https:\/\/schema.org\",\"@graph\":[{\"@type\":\"WebPage\",\"@id\":\"https:\/\/ave-eta-canada.com\/es\/validez-eta-canada\/\",\"url\":\"https:\/\/ave-eta-canada.com\/es\/validez-eta-canada\/\",\"name\":\"La validez de la eTA de Canad\u00e1\",\"isPartOf\":{\"@id\":\"https:\/\/ave-eta-canada.com\/es\/#website\"},\"datePublished\":\"2022-05-12T21:03:58+00:00\",\"dateModified\":\"2022-05-13T21:09:59+00:00\",\"description\":\"Canad\u00e1 ha introducido una Autorizaci\u00f3n de viaje electr\u00f3nica (eTA), que debe obtenerse antes de la salida. \u00bfPor cu\u00e1nto tiempo es v\u00e1lida esta autorizaci\u00f3n?\",\"breadcrumb\":{\"@id\":\"https:\/\/ave-eta-canada.com\/es\/validez-eta-canada\/#breadcrumb\"},\"inLanguage\":\"es\",\"potentialAction\":[{\"@type\":\"ReadAction\",\"target\":[\"https:\/\/ave-eta-canada.com\/es\/validez-eta-canada\/\"]}]},{\"@type\":\"BreadcrumbList\",\"@id\":\"https:\/\/ave-eta-canada.com\/es\/validez-eta-canada\/#breadcrumb\",\"itemListElement\":[{\"@type\":\"ListItem\",\"position\":1,\"name\":\"Home\",\"item\":\"https:\/\/ave-eta-canada.com\/es\/\"},{\"@type\":\"ListItem\",\"position\":2,\"name\":\"La validez de la eTA de Canad\u00e1\"}]},{\"@type\":\"WebSite\",\"@id\":\"https:\/\/ave-eta-canada.com\/es\/#website\",\"url\":\"https:\/\/ave-eta-canada.com\/es\/\",\"name\":\"VISA CANAD\u00c1\",\"description\":\"Autorisation Voyage Electronique\",\"potentialAction\":[{\"@type\":\"SearchAction\",\"target\":{\"@type\":\"EntryPoint\",\"urlTemplate\":\"https:\/\/ave-eta-canada.com\/es\/?s={search_term_string}\"},\"query-input\":{\"@type\":\"PropertyValueSpecification\",\"valueRequired\":true,\"valueName\":\"search_term_string\"}}],\"inLanguage\":\"es\"}]}<\/script>\n<!-- \/ Yoast SEO plugin. -->","yoast_head_json":{"title":"La validez de la eTA de Canad\u00e1","description":"Canad\u00e1 ha introducido una Autorizaci\u00f3n de viaje electr\u00f3nica (eTA), que debe obtenerse antes de la salida. \u00bfPor cu\u00e1nto tiempo es v\u00e1lida esta autorizaci\u00f3n?","robots":{"index":"index","follow":"follow","max-snippet":"max-snippet:-1","max-image-preview":"max-image-preview:large","max-video-preview":"max-video-preview:-1"},"canonical":"https:\/\/ave-eta-canada.com\/es\/validez-eta-canada\/","og_locale":"es_ES","og_type":"article","og_title":"La validez de la eTA de Canad\u00e1","og_description":"Canad\u00e1 ha introducido una Autorizaci\u00f3n de viaje electr\u00f3nica (eTA), que debe obtenerse antes de la salida. \u00bfPor cu\u00e1nto tiempo es v\u00e1lida esta autorizaci\u00f3n?","og_url":"https:\/\/ave-eta-canada.com\/es\/validez-eta-canada\/","og_site_name":"VISA CANAD\u00c1","article_modified_time":"2022-05-13T21:09:59+00:00","twitter_card":"summary_large_image","twitter_misc":{"Tiempo de lectura":"5 minutos"},"schema":{"@context":"https:\/\/schema.org","@graph":[{"@type":"WebPage","@id":"https:\/\/ave-eta-canada.com\/es\/validez-eta-canada\/","url":"https:\/\/ave-eta-canada.com\/es\/validez-eta-canada\/","name":"La validez de la eTA de Canad\u00e1","isPartOf":{"@id":"https:\/\/ave-eta-canada.com\/es\/#website"},"datePublished":"2022-05-12T21:03:58+00:00","dateModified":"2022-05-13T21:09:59+00:00","description":"Canad\u00e1 ha introducido una Autorizaci\u00f3n de viaje electr\u00f3nica (eTA), que debe obtenerse antes de la salida. \u00bfPor cu\u00e1nto tiempo es v\u00e1lida esta autorizaci\u00f3n?","breadcrumb":{"@id":"https:\/\/ave-eta-canada.com\/es\/validez-eta-canada\/#breadcrumb"},"inLanguage":"es","potentialAction":[{"@type":"ReadAction","target":["https:\/\/ave-eta-canada.com\/es\/validez-eta-canada\/"]}]},{"@type":"BreadcrumbList","@id":"https:\/\/ave-eta-canada.com\/es\/validez-eta-canada\/#breadcrumb","itemListElement":[{"@type":"ListItem","position":1,"name":"Home","item":"https:\/\/ave-eta-canada.com\/es\/"},{"@type":"ListItem","position":2,"name":"La validez de la eTA de Canad\u00e1"}]},{"@type":"WebSite","@id":"https:\/\/ave-eta-canada.com\/es\/#website","url":"https:\/\/ave-eta-canada.com\/es\/","name":"VISA CANAD\u00c1","description":"Autorisation Voyage Electronique","potentialAction":[{"@type":"SearchAction","target":{"@type":"EntryPoint","urlTemplate":"https:\/\/ave-eta-canada.com\/es\/?s={search_term_string}"},"query-input":{"@type":"PropertyValueSpecification","valueRequired":true,"valueName":"search_term_string"}}],"inLanguage":"es"}]}},"_links":{"self":[{"href":"https:\/\/ave-eta-canada.com\/es\/wp-json\/wp\/v2\/pages\/1645","targetHints":{"allow":["GET"]}}],"collection":[{"href":"https:\/\/ave-eta-canada.com\/es\/wp-json\/wp\/v2\/pages"}],"about":[{"href":"https:\/\/ave-eta-canada.com\/es\/wp-json\/wp\/v2\/types\/page"}],"author":[{"embeddable":true,"href":"https:\/\/ave-eta-canada.com\/es\/wp-json\/wp\/v2\/users\/1"}],"replies":[{"embeddable":true,"href":"https:\/\/ave-eta-canada.com\/es\/wp-json\/wp\/v2\/comments?post=1645"}],"version-history":[{"count":0,"href":"https:\/\/ave-eta-canada.com\/es\/wp-json\/wp\/v2\/pages\/1645\/revisions"}],"wp:attachment":[{"href":"https:\/\/ave-eta-canada.com\/es\/wp-json\/wp\/v2\/media?parent=1645"}],"curies":[{"name":"wp","href":"https:\/\/api.w.org\/{rel}","templated":true}]}}