{"id":3917,"date":"2023-02-09T10:18:34","date_gmt":"2023-02-09T10:18:34","guid":{"rendered":"https:\/\/ave-eta-canada.com\/arrivecan-canada\/"},"modified":"2025-10-09T09:16:34","modified_gmt":"2025-10-09T09:16:34","slug":"arrivecan-canada","status":"publish","type":"page","link":"https:\/\/ave-eta-canada.com\/es\/arrivecan-canada\/","title":{"rendered":"Formulario en l\u00ednea de ArriveCAN Canad\u00e1"},"content":{"rendered":"\n<h1 class=\"wp-block-heading\">ArriveCAN Canad\u00e1<\/h1>\n\n<h2 class=\"wp-block-heading\">\u00bfQu\u00e9 es ArriveCAN?<\/h2>\n\n<p>ArriveCAN es una aplicaci\u00f3n y un servicio en l\u00ednea desarrollados por el Gobierno de Canad\u00e1. Permite a los viajeros que entran en Canad\u00e1 presentar informaci\u00f3n relacionada con COVID-19: plan de cuarentena, estado de vacunaci\u00f3n y resultados de las pruebas. <\/p>\n\n<p>A partir de mayo de 2023, <strong>ArriveCAN dejar\u00e1 de ser un tr\u00e1mite obligatorio<\/strong>. La necesidad de obtener una autorizaci\u00f3n de viaje a Canad\u00e1, como un visado canadiense, sigue siendo obligatoria.   <\/p>\n\n<p><strong>Para una estancia inferior a 6 meses<\/strong> no necesita visado de turista para entrar en Canad\u00e1. Puede obtener una autorizaci\u00f3n de viaje en l\u00ednea en unos minutos haciendo clic en el <a href=\"https:\/\/ave-eta-canada.com\/es\/formulario-de-eta-canada-en-linea\/\">formulario en l\u00ednea<\/a>. <\/p>\n\n<div style=\"height:20px\" aria-hidden=\"true\" class=\"wp-block-spacer\"><\/div>\n\n<h2 class=\"wp-block-heading\">\u00bfCu\u00e1ndo rellenar ArriveCAN?  <\/h2>\n\n<p>Los viajeros pueden cumplimentar ArriveCAN en las 72 horas siguientes a su llegada a Canad\u00e1. Es importante presentar informaci\u00f3n actualizada y exacta para facilitar el proceso de entrada en el pa\u00eds. <\/p>\n\n<h2 class=\"wp-block-heading\">\u00bfC\u00f3mo rellenar ArriveCAN?  <\/h2>\n\n<p>Para completar ArriveCAN, descargue la aplicaci\u00f3n en su smartphone o acceda al servicio en l\u00ednea. Cree una cuenta y siga las instrucciones para facilitar la informaci\u00f3n requerida. Tendr\u00e1 que presentar datos como su itinerario de viaje, su estado de vacunaci\u00f3n y un plan de cuarentena adecuado, si es necesario.  <\/p>\n\n<h2 class=\"wp-block-heading\">\u00bfQui\u00e9n debe cumplimentar ArriveCAN?  <\/h2>\n\n<p>Este proceso aduanero puede ser utilizado por los viajeros que entran en Canad\u00e1, ya sean canadienses, residentes permanentes o extranjeros. Esto incluye a adultos y menores, aunque los padres o tutores pueden cumplimentar ArriveCAN para los menores de 16 a\u00f1os. <\/p>\n\n<h2 class=\"wp-block-heading\">\u00bfCu\u00e1l es el precio de ArriveCAN?  <\/h2>\n\n<p>ArriveCAN es un servicio gratuito ofrecido por el Gobierno de Canad\u00e1. La descarga de la aplicaci\u00f3n o el uso del servicio en l\u00ednea son gratuitos. <\/p>\n\n<h2 class=\"wp-block-heading\">\u00bfC\u00f3mo descargar ArriveCAN?  <\/h2>\n\n<p>ArriveCAN est\u00e1 disponible como aplicaci\u00f3n para smartphones Android e iOS. Puedes descargarla en Google Play Store para dispositivos Android o en App Store para dispositivos iOS. Tambi\u00e9n puede acceder a ArriveCAN a trav\u00e9s de un navegador web visitando el sitio web <a href=\"https:\/\/www.canada.ca\/fr\/agence-services-frontaliers\/services\/arrivecan.html\">del Gobierno canadiense<\/a>.  <\/p>\n\n<h2 class=\"wp-block-heading\">\u00bfEs obligatorio ArriveCAN?  <\/h2>\n\n<p>No, a partir de mayo de 2023, ArriveCAN dejar\u00e1 de ser obligatorio para los viajeros que entren en Canad\u00e1.  <\/p>\n\n<h2 class=\"wp-block-heading\">\u00bfTengo que rellenar el formulario ArriveCAN para transitar por Canad\u00e1?  <\/h2>\n\n<p>No, los viajeros en tr\u00e1nsito por Canad\u00e1 ya no est\u00e1n obligados a cumplimentar ArriveCAN. La informaci\u00f3n presentada facilitar\u00e1 el proceso de tr\u00e1nsito y ayudar\u00e1 a las autoridades canadienses a garantizar la seguridad de viajeros y residentes. <\/p>\n\n<h2 class=\"wp-block-heading\">Logotipo de la aplicaci\u00f3n ArriveCAN en App Store y Google Play<\/h2>\n\n<p>Este es el logotipo de la aplicaci\u00f3n ArriveCAN. La aplicaci\u00f3n puede descargarse gratuitamente en Apple App Store y Google Play Store. <\/p>\n\n<figure class=\"wp-block-image size-full\" id=\"ArriveCAN-app\"><img fetchpriority=\"high\" decoding=\"async\" width=\"668\" height=\"407\" src=\"https:\/\/ave-eta-canada.com\/wp-content\/uploads\/2023\/04\/ArriveCAN-app.webp\" alt=\"Aplicaci&#xF3;n ArriveCAN\" class=\"wp-image-4897\" title=\"Aplicaci&#xF3;n ArriveCAN\" srcset=\"https:\/\/ave-eta-canada.com\/wp-content\/uploads\/2023\/04\/ArriveCAN-app.webp 668w, https:\/\/ave-eta-canada.com\/wp-content\/uploads\/2023\/04\/ArriveCAN-app-300x183.webp 300w\" sizes=\"(max-width: 668px) 100vw, 668px\" \/><\/figure>\n","protected":false},"excerpt":{"rendered":"<p>ArriveCAN Canad\u00e1 \u00bfQu\u00e9 es ArriveCAN? ArriveCAN es una aplicaci\u00f3n y un servicio en l\u00ednea desarrollados por el Gobierno de Canad\u00e1. Permite a los viajeros que entran en Canad\u00e1 presentar informaci\u00f3n relacionada con COVID-19: plan de cuarentena, estado de vacunaci\u00f3n y resultados de las pruebas. A partir de mayo de 2023, ArriveCAN dejar\u00e1 de ser un [&hellip;]<\/p>\n","protected":false},"author":1,"featured_media":0,"parent":0,"menu_order":0,"comment_status":"closed","ping_status":"closed","template":"","meta":{"footnotes":""},"class_list":["post-3917","page","type-page","status-publish","hentry"],"yoast_head":"<!-- This site is optimized with the Yoast SEO plugin v26.9 - https:\/\/yoast.com\/product\/yoast-seo-wordpress\/ -->\n<title>Formulario en l\u00ednea de ArriveCAN Canad\u00e1<\/title>\n<meta name=\"description\" content=\"Arrivecan es la aplicaci\u00f3n de informaci\u00f3n sobre viajes del Gobierno canadiense. Los viajeros que entren en Canad\u00e1 deben iniciar sesi\u00f3n\" \/>\n<meta name=\"robots\" content=\"index, follow, max-snippet:-1, max-image-preview:large, max-video-preview:-1\" \/>\n<link rel=\"canonical\" href=\"https:\/\/ave-eta-canada.com\/es\/arrivecan-canada\/\" \/>\n<meta property=\"og:locale\" content=\"es_ES\" \/>\n<meta property=\"og:type\" content=\"article\" \/>\n<meta property=\"og:title\" content=\"Formulario en l\u00ednea de ArriveCAN Canad\u00e1\" \/>\n<meta property=\"og:description\" content=\"Arrivecan es la aplicaci\u00f3n de informaci\u00f3n sobre viajes del Gobierno canadiense. Los viajeros que entren en Canad\u00e1 deben iniciar sesi\u00f3n\" \/>\n<meta property=\"og:url\" content=\"https:\/\/ave-eta-canada.com\/es\/arrivecan-canada\/\" \/>\n<meta property=\"og:site_name\" content=\"VISA CANAD\u00c1\" \/>\n<meta property=\"article:modified_time\" content=\"2025-10-09T09:16:34+00:00\" \/>\n<meta property=\"og:image\" content=\"https:\/\/ave-eta-canada.com\/wp-content\/uploads\/2023\/04\/ArriveCAN-app.webp\" \/>\n\t<meta property=\"og:image:width\" content=\"668\" \/>\n\t<meta property=\"og:image:height\" content=\"407\" \/>\n\t<meta property=\"og:image:type\" content=\"image\/webp\" \/>\n<meta name=\"twitter:card\" content=\"summary_large_image\" \/>\n<meta name=\"twitter:label1\" content=\"Tiempo de lectura\" \/>\n\t<meta name=\"twitter:data1\" content=\"2 minutos\" \/>\n<script type=\"application\/ld+json\" class=\"yoast-schema-graph\">{\"@context\":\"https:\/\/schema.org\",\"@graph\":[{\"@type\":\"WebPage\",\"@id\":\"https:\/\/ave-eta-canada.com\/es\/arrivecan-canada\/\",\"url\":\"https:\/\/ave-eta-canada.com\/es\/arrivecan-canada\/\",\"name\":\"Formulario en l\u00ednea de ArriveCAN Canad\u00e1\",\"isPartOf\":{\"@id\":\"https:\/\/ave-eta-canada.com\/es\/#website\"},\"primaryImageOfPage\":{\"@id\":\"https:\/\/ave-eta-canada.com\/es\/arrivecan-canada\/#primaryimage\"},\"image\":{\"@id\":\"https:\/\/ave-eta-canada.com\/es\/arrivecan-canada\/#primaryimage\"},\"thumbnailUrl\":\"https:\/\/ave-eta-canada.com\/wp-content\/uploads\/2023\/04\/ArriveCAN-app.webp\",\"datePublished\":\"2023-02-09T10:18:34+00:00\",\"dateModified\":\"2025-10-09T09:16:34+00:00\",\"description\":\"Arrivecan es la aplicaci\u00f3n de informaci\u00f3n sobre viajes del Gobierno canadiense. Los viajeros que entren en Canad\u00e1 deben iniciar sesi\u00f3n\",\"breadcrumb\":{\"@id\":\"https:\/\/ave-eta-canada.com\/es\/arrivecan-canada\/#breadcrumb\"},\"inLanguage\":\"es\",\"potentialAction\":[{\"@type\":\"ReadAction\",\"target\":[\"https:\/\/ave-eta-canada.com\/es\/arrivecan-canada\/\"]}]},{\"@type\":\"ImageObject\",\"inLanguage\":\"es\",\"@id\":\"https:\/\/ave-eta-canada.com\/es\/arrivecan-canada\/#primaryimage\",\"url\":\"https:\/\/ave-eta-canada.com\/wp-content\/uploads\/2023\/04\/ArriveCAN-app.webp\",\"contentUrl\":\"https:\/\/ave-eta-canada.com\/wp-content\/uploads\/2023\/04\/ArriveCAN-app.webp\"},{\"@type\":\"BreadcrumbList\",\"@id\":\"https:\/\/ave-eta-canada.com\/es\/arrivecan-canada\/#breadcrumb\",\"itemListElement\":[{\"@type\":\"ListItem\",\"position\":1,\"name\":\"Home\",\"item\":\"https:\/\/ave-eta-canada.com\/es\/\"},{\"@type\":\"ListItem\",\"position\":2,\"name\":\"Formulario en l\u00ednea de ArriveCAN Canad\u00e1\"}]},{\"@type\":\"WebSite\",\"@id\":\"https:\/\/ave-eta-canada.com\/es\/#website\",\"url\":\"https:\/\/ave-eta-canada.com\/es\/\",\"name\":\"VISA CANAD\u00c1\",\"description\":\"Autorisation Voyage Electronique\",\"potentialAction\":[{\"@type\":\"SearchAction\",\"target\":{\"@type\":\"EntryPoint\",\"urlTemplate\":\"https:\/\/ave-eta-canada.com\/es\/?s={search_term_string}\"},\"query-input\":{\"@type\":\"PropertyValueSpecification\",\"valueRequired\":true,\"valueName\":\"search_term_string\"}}],\"inLanguage\":\"es\"}]}<\/script>\n<!-- \/ Yoast SEO plugin. -->","yoast_head_json":{"title":"Formulario en l\u00ednea de ArriveCAN Canad\u00e1","description":"Arrivecan es la aplicaci\u00f3n de informaci\u00f3n sobre viajes del Gobierno canadiense. Los viajeros que entren en Canad\u00e1 deben iniciar sesi\u00f3n","robots":{"index":"index","follow":"follow","max-snippet":"max-snippet:-1","max-image-preview":"max-image-preview:large","max-video-preview":"max-video-preview:-1"},"canonical":"https:\/\/ave-eta-canada.com\/es\/arrivecan-canada\/","og_locale":"es_ES","og_type":"article","og_title":"Formulario en l\u00ednea de ArriveCAN Canad\u00e1","og_description":"Arrivecan es la aplicaci\u00f3n de informaci\u00f3n sobre viajes del Gobierno canadiense. Los viajeros que entren en Canad\u00e1 deben iniciar sesi\u00f3n","og_url":"https:\/\/ave-eta-canada.com\/es\/arrivecan-canada\/","og_site_name":"VISA CANAD\u00c1","article_modified_time":"2025-10-09T09:16:34+00:00","og_image":[{"width":668,"height":407,"url":"https:\/\/ave-eta-canada.com\/wp-content\/uploads\/2023\/04\/ArriveCAN-app.webp","type":"image\/webp"}],"twitter_card":"summary_large_image","twitter_misc":{"Tiempo de lectura":"2 minutos"},"schema":{"@context":"https:\/\/schema.org","@graph":[{"@type":"WebPage","@id":"https:\/\/ave-eta-canada.com\/es\/arrivecan-canada\/","url":"https:\/\/ave-eta-canada.com\/es\/arrivecan-canada\/","name":"Formulario en l\u00ednea de ArriveCAN Canad\u00e1","isPartOf":{"@id":"https:\/\/ave-eta-canada.com\/es\/#website"},"primaryImageOfPage":{"@id":"https:\/\/ave-eta-canada.com\/es\/arrivecan-canada\/#primaryimage"},"image":{"@id":"https:\/\/ave-eta-canada.com\/es\/arrivecan-canada\/#primaryimage"},"thumbnailUrl":"https:\/\/ave-eta-canada.com\/wp-content\/uploads\/2023\/04\/ArriveCAN-app.webp","datePublished":"2023-02-09T10:18:34+00:00","dateModified":"2025-10-09T09:16:34+00:00","description":"Arrivecan es la aplicaci\u00f3n de informaci\u00f3n sobre viajes del Gobierno canadiense. Los viajeros que entren en Canad\u00e1 deben iniciar sesi\u00f3n","breadcrumb":{"@id":"https:\/\/ave-eta-canada.com\/es\/arrivecan-canada\/#breadcrumb"},"inLanguage":"es","potentialAction":[{"@type":"ReadAction","target":["https:\/\/ave-eta-canada.com\/es\/arrivecan-canada\/"]}]},{"@type":"ImageObject","inLanguage":"es","@id":"https:\/\/ave-eta-canada.com\/es\/arrivecan-canada\/#primaryimage","url":"https:\/\/ave-eta-canada.com\/wp-content\/uploads\/2023\/04\/ArriveCAN-app.webp","contentUrl":"https:\/\/ave-eta-canada.com\/wp-content\/uploads\/2023\/04\/ArriveCAN-app.webp"},{"@type":"BreadcrumbList","@id":"https:\/\/ave-eta-canada.com\/es\/arrivecan-canada\/#breadcrumb","itemListElement":[{"@type":"ListItem","position":1,"name":"Home","item":"https:\/\/ave-eta-canada.com\/es\/"},{"@type":"ListItem","position":2,"name":"Formulario en l\u00ednea de ArriveCAN Canad\u00e1"}]},{"@type":"WebSite","@id":"https:\/\/ave-eta-canada.com\/es\/#website","url":"https:\/\/ave-eta-canada.com\/es\/","name":"VISA CANAD\u00c1","description":"Autorisation Voyage Electronique","potentialAction":[{"@type":"SearchAction","target":{"@type":"EntryPoint","urlTemplate":"https:\/\/ave-eta-canada.com\/es\/?s={search_term_string}"},"query-input":{"@type":"PropertyValueSpecification","valueRequired":true,"valueName":"search_term_string"}}],"inLanguage":"es"}]}},"_links":{"self":[{"href":"https:\/\/ave-eta-canada.com\/es\/wp-json\/wp\/v2\/pages\/3917","targetHints":{"allow":["GET"]}}],"collection":[{"href":"https:\/\/ave-eta-canada.com\/es\/wp-json\/wp\/v2\/pages"}],"about":[{"href":"https:\/\/ave-eta-canada.com\/es\/wp-json\/wp\/v2\/types\/page"}],"author":[{"embeddable":true,"href":"https:\/\/ave-eta-canada.com\/es\/wp-json\/wp\/v2\/users\/1"}],"replies":[{"embeddable":true,"href":"https:\/\/ave-eta-canada.com\/es\/wp-json\/wp\/v2\/comments?post=3917"}],"version-history":[{"count":2,"href":"https:\/\/ave-eta-canada.com\/es\/wp-json\/wp\/v2\/pages\/3917\/revisions"}],"predecessor-version":[{"id":6299,"href":"https:\/\/ave-eta-canada.com\/es\/wp-json\/wp\/v2\/pages\/3917\/revisions\/6299"}],"wp:attachment":[{"href":"https:\/\/ave-eta-canada.com\/es\/wp-json\/wp\/v2\/media?parent=3917"}],"curies":[{"name":"wp","href":"https:\/\/api.w.org\/{rel}","templated":true}]}}