{"id":775,"date":"2020-04-22T18:25:54","date_gmt":"2020-04-22T18:25:54","guid":{"rendered":"https:\/\/ave-eta-canada.com\/eta-o-esta-que-autorizacion-de-viaje-elegir-para-su-estadia\/"},"modified":"2022-09-07T20:30:19","modified_gmt":"2022-09-07T20:30:19","slug":"eta-o-esta-que-autorizacion-de-viaje-elegir-para-su-estadia","status":"publish","type":"page","link":"https:\/\/ave-eta-canada.com\/es\/eta-o-esta-que-autorizacion-de-viaje-elegir-para-su-estadia\/","title":{"rendered":"ETA o ESTA: \u00bfqu\u00e9 autorizaci\u00f3n de viaje elegir?"},"content":{"rendered":"\n<h1 class=\"wp-block-heading\">\u00bfQu\u00e9 Autorizaci\u00f3n de Viaje (eTA o ESTA) elegir?<\/h1>\n\n<p>Si vas a Am\u00e9rica del Norte pronto, necesitar\u00e1s documentos de viaje. Con todas estas normas y reglamentos, no es f\u00e1cil ver con claridad. \u00bfSolicitud de visado o autorizaci\u00f3n de viaje (eTA o ESTA)? Te lo explicamos todo en este art\u00edculo.<\/p>\n\n<p><strong>Para una estad\u00eda de menos de 6 meses en Canad\u00e1<\/strong> : Puede realizar los tr\u00e1mites para ingresar a Canad\u00e1 directamente a trav\u00e9s de Internet haciendo clic en el <a href=\"https:\/\/ave-eta-canada.com\/es\/formulario-de-eta-canada-en-linea\/\">formulario en l\u00ednea<\/a>. No es necesario obtener una cita en la embajada o consulado canadiense.<\/p>\n\n<br\/>\n\n<h2 class=\"wp-block-heading\">ETA y ESTA, presentaci\u00f3n de estas dos autorizaciones de viaje<\/h2>\n\n<h3 class=\"wp-block-heading\">ESTA<\/h3>\n\n<p>ESTA es el acr\u00f3nimo de Electronic System for Travel Authorization. Esta es una autorizaci\u00f3n de viaje, establecida por el gobierno de los EE. UU., para personas que deseen viajar a los Estados Unidos por aire o mar. Esta autorizaci\u00f3n reemplaza una visa de turista para viajeros provenientes de un pa\u00eds miembro del Visa Waiver Program (programa de exenci\u00f3n de visa).<\/p>\n\n<p>Para aplicar, debe cumplir con varios criterios:<\/p>\n\n<ul class=\"wp-block-list\"><li>ser nacional de un pa\u00eds miembro del Programa de Exenci\u00f3n de Visado;<\/li><li>estar en posesi\u00f3n de un pasaporte biom\u00e9trico o pasaporte electr\u00f3nico v\u00e1lido;<\/li><li>ir a los Estados Unidos para una estad\u00eda tur\u00edstica, un viaje de negocios o un tr\u00e1nsito;<\/li><li>llegar a territorio estadounidense por aire o mar;<\/li><li>la duraci\u00f3n de su estancia no debe exceder un m\u00e1ximo de 90 d\u00edas.<\/li><\/ul>\n\n<h4 class=\"wp-block-heading\">\u00bfC\u00f3mo obtener su ESTA?<\/h4>\n\n<p>El proceso para obtener una autorizaci\u00f3n ESTA se realiza exclusivamente en l\u00ednea, en el sitio web del gobierno de EE. UU. o a trav\u00e9s de los servicios de un proveedor de servicios privado.<\/p>\n\n<p>Se le pedir\u00e1 que complete un formulario en l\u00ednea para su solicitud ESTA. Este formulario ESTA se refiere principalmente a su identidad, su vida y su documento de viaje: nombre (apellido de soltera o de casada seg\u00fan su pasaporte), nombre, fecha y lugar de nacimiento, n\u00famero de pasaporte, fecha de emisi\u00f3n y vencimiento, datos de contacto, antecedentes penales e historial m\u00e9dico, estancias previas en el extranjero, etc. Una vez que haya completado su formulario ESTA, debe ingresar una tarjeta de pago para pagar las tarifas de procesamiento de su solicitud ESTA.<\/p>\n\n<p>Un ESTA es v\u00e1lido por 2 a\u00f1os, dentro del l\u00edmite de la fecha de validez de su pasaporte.<\/p>\n\n<p>Por lo tanto, si desea visitar los Estados Unidos de Am\u00e9rica en estas condiciones, entre eTA y ESTA, debe elegir ESTA.<\/p>\n\n<h3 class=\"wp-block-heading\">ETA<\/h3>\n\n<p>eTA significa Autorizaci\u00f3n electr\u00f3nica de viaje. Para los angloparlantes, esta autorizaci\u00f3n se conoce con el acr\u00f3nimo <a href=\"https:\/\/ave-eta-canada.com\/es\/que-es-eta-canada\/\">ETA<\/a> de Electronic Travel Authorization. Sepa que estos dos nombres se refieren exactamente a lo mismo.<\/p>\n\n<p>El eTA es una autorizaci\u00f3n necesaria para poder entrar en territorio canadiense, pero solo en avi\u00f3n. Por lo tanto, no es necesario un eTA en caso de llegada en barco, incluso en un crucero.<\/p>\n\n<p>El AVE se aplica a los nacionales de los 61 pa\u00edses que forman parte del programa canadiense de exenci\u00f3n de visados. Tener un pasaporte biom\u00e9trico o pasaporte electr\u00f3nico v\u00e1lido es obligatorio para poder aplicar. La duraci\u00f3n m\u00e1xima de su estancia debe ser de 6 meses.<\/p>\n\n<h4 class=\"wp-block-heading\">\u00bfC\u00f3mo conseguir tu eTA?<\/h4>\n\n<p>Para <a href=\"https:\/\/ave-eta-canada.com\/es\/\">solicitar una eTA<\/a> , debe completar un formulario en l\u00ednea y pagar las tarifas requeridas. Para hacer esto, puede ir al sitio web oficial del gobierno canadiense o utilizar los servicios de un proveedor de servicios privado. Optar por un sitio privado le permite beneficiarse de una asistencia personalizada y, por lo tanto, reduce el riesgo de rechazo. <\/p>\n\n<p>Una eTA es v\u00e1lida por 5 a\u00f1os, hasta la fecha de vencimiento de su pasaporte. Si quieres visitar Canad\u00e1, entre eTA y ESTA, debes elegir eTA.<br\/><br\/><\/p>\n\n<h2 class=\"wp-block-heading\">ESTA y eTA, las similitudes<\/h2>\n\n<p>Como habr\u00e1s notado, hay muchas similitudes entre una autorizaci\u00f3n eTA y una ESTA; el eTA canadiense se ha copiado del modelo del ESTA estadounidense.<\/p>\n\n<ul class=\"wp-block-list\"><li>El ESTA y el AVE son autorizaciones de viaje vinculadas al pasaporte. Es imprescindible que este mismo pasaporte se utilice para viajar. Es escaneando su pasaporte que los funcionarios de aduanas comprueban que est\u00e1 en regla. <\/li><li>El eTA, al igual que el ESTA, se obtiene antes de la salida. Los agentes de las aerol\u00edneas comprobar\u00e1n tu eTA o ESTA, incluso antes de embarcar.<\/li><li>La obtenci\u00f3n de estas dos autorizaciones de viaje solo requiere una solicitud en l\u00ednea. No es necesario programar una cita en la embajada de EE. UU. o Canad\u00e1 m\u00e1s cercana.<\/li><li>El ESTA y el eTA le autorizan a viajar, respectivamente, a Estados Unidos o Canad\u00e1, en el marco de un viaje tur\u00edstico, de negocios o de tr\u00e1nsito. Por tanto, no tienes derecho a trabajar, estudiar o emigrar a Estados Unidos o Canad\u00e1 con el ESTA y el eTA. Si este es su objetivo, deber\u00e1 solicitar la visa o tarjeta verde correspondiente.<\/li><li>eTA y ESTA son obligatorios, pero no garantizan la entrada a suelo estadounidense o canadiense. Este derecho se otorga tras el control por parte de los agentes de aduanas, a su llegada al puesto fronterizo.<br\/><br\/><\/li><\/ul>\n\n<h2 class=\"wp-block-heading\">ESTA y eTA, las diferencias<\/h2>\n\n<ul class=\"wp-block-list\"><li>Esto tiene sentido, pero recuerda de todos modos que el AVE se usa para viajar a Canad\u00e1 y el ESTA para una estancia en los Estados Unidos. Incluso si los dos pa\u00edses est\u00e1n cerca, una autorizaci\u00f3n no puede reemplazar a la otra.<\/li><li>El AVE es v\u00e1lido para los nacionales de 61 territorios diferentes, mientras que el ESTA s\u00f3lo es v\u00e1lido para 40 pa\u00edses (cifras actualizadas en septiembre de 2022).<\/li><li>El ESTA se refiere a los viajeros que llegan por aire y mar, mientras que la eTA solo es necesaria para los viajeros que llegan a Canad\u00e1 por aire.<\/li><li>El ESTA cuesta 21 d\u00f3lares en la p\u00e1gina web del gobierno a partir de mayo de 2022, mientras que el <a href=\"https:\/\/ave-eta-canada.com\/es\/eta-canada-su-precio\/\">precio del AVE es de 7 d\u00f3lares canadienses<\/a>. El precio de ESTA y eTA ser\u00e1 diferente si utiliza los servicios de un sitio independiente. Esta diferencia se explica por la atenci\u00f3n personalizada que brinda el proveedor de servicios privado.<\/li><li>La duraci\u00f3n m\u00e1xima de su estad\u00eda tampoco es la misma. Con una eTA, puede permanecer 6 meses consecutivos en Canad\u00e1, mientras que con una ESTA, su estad\u00eda no debe exceder los 90 d\u00edas consecutivos.<\/li><li><a href=\"https:\/\/ave-eta-canada.com\/es\/validez-eta-canada\/\">El eTA tiene una validez de 5 a\u00f1os<\/a> , mientras que un ESTA solo tiene una validez de 2 a\u00f1os. Te\u00f3ricamente, un n\u00famero ilimitado de viajes son posibles durante este per\u00edodo. En ambos casos, es necesaria una nueva solicitud si cambia su informaci\u00f3n personal y\/o si obtiene un nuevo pasaporte.<\/li><\/ul>\n\n<p>Ahora conoce los conceptos b\u00e1sicos de estas dos autorizaciones de viaje. Todo lo que tienes que hacer es elegir tu destino. Buen viaje !<\/p>\n","protected":false},"excerpt":{"rendered":"<p>\u00bfQu\u00e9 Autorizaci\u00f3n de Viaje (eTA o ESTA) elegir? Si vas a Am\u00e9rica del Norte pronto, necesitar\u00e1s documentos de viaje. Con todas estas normas y reglamentos, no es f\u00e1cil ver con claridad. \u00bfSolicitud de visado o autorizaci\u00f3n de viaje (eTA o ESTA)? Te lo explicamos todo en este art\u00edculo. Para una estad\u00eda de menos de 6 [&hellip;]<\/p>\n","protected":false},"author":1,"featured_media":0,"parent":0,"menu_order":0,"comment_status":"closed","ping_status":"closed","template":"","meta":{"footnotes":""},"class_list":["post-775","page","type-page","status-publish","hentry"],"yoast_head":"<!-- This site is optimized with the Yoast SEO plugin v26.9 - https:\/\/yoast.com\/product\/yoast-seo-wordpress\/ -->\n<title>ETA o ESTA: \u00bfqu\u00e9 autorizaci\u00f3n de viaje elegir?<\/title>\n<meta name=\"description\" content=\"Para viajar al continente americano existen dos grandes autorizaciones electr\u00f3nicas de viaje: AVE y ESTA\" \/>\n<meta name=\"robots\" content=\"index, follow, max-snippet:-1, max-image-preview:large, max-video-preview:-1\" \/>\n<link rel=\"canonical\" href=\"https:\/\/ave-eta-canada.com\/es\/eta-o-esta-que-autorizacion-de-viaje-elegir-para-su-estadia\/\" \/>\n<meta property=\"og:locale\" content=\"es_ES\" \/>\n<meta property=\"og:type\" content=\"article\" \/>\n<meta property=\"og:title\" content=\"ETA o ESTA: \u00bfqu\u00e9 autorizaci\u00f3n de viaje elegir?\" \/>\n<meta property=\"og:description\" content=\"Para viajar al continente americano existen dos grandes autorizaciones electr\u00f3nicas de viaje: AVE y ESTA\" \/>\n<meta property=\"og:url\" content=\"https:\/\/ave-eta-canada.com\/es\/eta-o-esta-que-autorizacion-de-viaje-elegir-para-su-estadia\/\" \/>\n<meta property=\"og:site_name\" content=\"VISA CANAD\u00c1\" \/>\n<meta property=\"article:modified_time\" content=\"2022-09-07T20:30:19+00:00\" \/>\n<meta name=\"twitter:card\" content=\"summary_large_image\" \/>\n<meta name=\"twitter:label1\" content=\"Tiempo de lectura\" \/>\n\t<meta name=\"twitter:data1\" content=\"6 minutos\" \/>\n<script type=\"application\/ld+json\" class=\"yoast-schema-graph\">{\"@context\":\"https:\/\/schema.org\",\"@graph\":[{\"@type\":\"WebPage\",\"@id\":\"https:\/\/ave-eta-canada.com\/es\/eta-o-esta-que-autorizacion-de-viaje-elegir-para-su-estadia\/\",\"url\":\"https:\/\/ave-eta-canada.com\/es\/eta-o-esta-que-autorizacion-de-viaje-elegir-para-su-estadia\/\",\"name\":\"ETA o ESTA: \u00bfqu\u00e9 autorizaci\u00f3n de viaje elegir?\",\"isPartOf\":{\"@id\":\"https:\/\/ave-eta-canada.com\/es\/#website\"},\"datePublished\":\"2020-04-22T18:25:54+00:00\",\"dateModified\":\"2022-09-07T20:30:19+00:00\",\"description\":\"Para viajar al continente americano existen dos grandes autorizaciones electr\u00f3nicas de viaje: AVE y ESTA\",\"breadcrumb\":{\"@id\":\"https:\/\/ave-eta-canada.com\/es\/eta-o-esta-que-autorizacion-de-viaje-elegir-para-su-estadia\/#breadcrumb\"},\"inLanguage\":\"es\",\"potentialAction\":[{\"@type\":\"ReadAction\",\"target\":[\"https:\/\/ave-eta-canada.com\/es\/eta-o-esta-que-autorizacion-de-viaje-elegir-para-su-estadia\/\"]}]},{\"@type\":\"BreadcrumbList\",\"@id\":\"https:\/\/ave-eta-canada.com\/es\/eta-o-esta-que-autorizacion-de-viaje-elegir-para-su-estadia\/#breadcrumb\",\"itemListElement\":[{\"@type\":\"ListItem\",\"position\":1,\"name\":\"Home\",\"item\":\"https:\/\/ave-eta-canada.com\/es\/\"},{\"@type\":\"ListItem\",\"position\":2,\"name\":\"ETA o ESTA: \u00bfqu\u00e9 autorizaci\u00f3n de viaje elegir?\"}]},{\"@type\":\"WebSite\",\"@id\":\"https:\/\/ave-eta-canada.com\/es\/#website\",\"url\":\"https:\/\/ave-eta-canada.com\/es\/\",\"name\":\"VISA CANAD\u00c1\",\"description\":\"Autorisation Voyage Electronique\",\"potentialAction\":[{\"@type\":\"SearchAction\",\"target\":{\"@type\":\"EntryPoint\",\"urlTemplate\":\"https:\/\/ave-eta-canada.com\/es\/?s={search_term_string}\"},\"query-input\":{\"@type\":\"PropertyValueSpecification\",\"valueRequired\":true,\"valueName\":\"search_term_string\"}}],\"inLanguage\":\"es\"}]}<\/script>\n<!-- \/ Yoast SEO plugin. -->","yoast_head_json":{"title":"ETA o ESTA: \u00bfqu\u00e9 autorizaci\u00f3n de viaje elegir?","description":"Para viajar al continente americano existen dos grandes autorizaciones electr\u00f3nicas de viaje: AVE y ESTA","robots":{"index":"index","follow":"follow","max-snippet":"max-snippet:-1","max-image-preview":"max-image-preview:large","max-video-preview":"max-video-preview:-1"},"canonical":"https:\/\/ave-eta-canada.com\/es\/eta-o-esta-que-autorizacion-de-viaje-elegir-para-su-estadia\/","og_locale":"es_ES","og_type":"article","og_title":"ETA o ESTA: \u00bfqu\u00e9 autorizaci\u00f3n de viaje elegir?","og_description":"Para viajar al continente americano existen dos grandes autorizaciones electr\u00f3nicas de viaje: AVE y ESTA","og_url":"https:\/\/ave-eta-canada.com\/es\/eta-o-esta-que-autorizacion-de-viaje-elegir-para-su-estadia\/","og_site_name":"VISA CANAD\u00c1","article_modified_time":"2022-09-07T20:30:19+00:00","twitter_card":"summary_large_image","twitter_misc":{"Tiempo de lectura":"6 minutos"},"schema":{"@context":"https:\/\/schema.org","@graph":[{"@type":"WebPage","@id":"https:\/\/ave-eta-canada.com\/es\/eta-o-esta-que-autorizacion-de-viaje-elegir-para-su-estadia\/","url":"https:\/\/ave-eta-canada.com\/es\/eta-o-esta-que-autorizacion-de-viaje-elegir-para-su-estadia\/","name":"ETA o ESTA: \u00bfqu\u00e9 autorizaci\u00f3n de viaje elegir?","isPartOf":{"@id":"https:\/\/ave-eta-canada.com\/es\/#website"},"datePublished":"2020-04-22T18:25:54+00:00","dateModified":"2022-09-07T20:30:19+00:00","description":"Para viajar al continente americano existen dos grandes autorizaciones electr\u00f3nicas de viaje: AVE y ESTA","breadcrumb":{"@id":"https:\/\/ave-eta-canada.com\/es\/eta-o-esta-que-autorizacion-de-viaje-elegir-para-su-estadia\/#breadcrumb"},"inLanguage":"es","potentialAction":[{"@type":"ReadAction","target":["https:\/\/ave-eta-canada.com\/es\/eta-o-esta-que-autorizacion-de-viaje-elegir-para-su-estadia\/"]}]},{"@type":"BreadcrumbList","@id":"https:\/\/ave-eta-canada.com\/es\/eta-o-esta-que-autorizacion-de-viaje-elegir-para-su-estadia\/#breadcrumb","itemListElement":[{"@type":"ListItem","position":1,"name":"Home","item":"https:\/\/ave-eta-canada.com\/es\/"},{"@type":"ListItem","position":2,"name":"ETA o ESTA: \u00bfqu\u00e9 autorizaci\u00f3n de viaje elegir?"}]},{"@type":"WebSite","@id":"https:\/\/ave-eta-canada.com\/es\/#website","url":"https:\/\/ave-eta-canada.com\/es\/","name":"VISA CANAD\u00c1","description":"Autorisation Voyage Electronique","potentialAction":[{"@type":"SearchAction","target":{"@type":"EntryPoint","urlTemplate":"https:\/\/ave-eta-canada.com\/es\/?s={search_term_string}"},"query-input":{"@type":"PropertyValueSpecification","valueRequired":true,"valueName":"search_term_string"}}],"inLanguage":"es"}]}},"_links":{"self":[{"href":"https:\/\/ave-eta-canada.com\/es\/wp-json\/wp\/v2\/pages\/775","targetHints":{"allow":["GET"]}}],"collection":[{"href":"https:\/\/ave-eta-canada.com\/es\/wp-json\/wp\/v2\/pages"}],"about":[{"href":"https:\/\/ave-eta-canada.com\/es\/wp-json\/wp\/v2\/types\/page"}],"author":[{"embeddable":true,"href":"https:\/\/ave-eta-canada.com\/es\/wp-json\/wp\/v2\/users\/1"}],"replies":[{"embeddable":true,"href":"https:\/\/ave-eta-canada.com\/es\/wp-json\/wp\/v2\/comments?post=775"}],"version-history":[{"count":0,"href":"https:\/\/ave-eta-canada.com\/es\/wp-json\/wp\/v2\/pages\/775\/revisions"}],"wp:attachment":[{"href":"https:\/\/ave-eta-canada.com\/es\/wp-json\/wp\/v2\/media?parent=775"}],"curies":[{"name":"wp","href":"https:\/\/api.w.org\/{rel}","templated":true}]}}