{"id":782,"date":"2020-04-22T18:52:58","date_gmt":"2020-04-22T18:52:58","guid":{"rendered":"https:\/\/ave-eta-canada.com\/eta-canada-periodo-de-validez\/"},"modified":"2022-05-10T14:02:43","modified_gmt":"2022-05-10T14:02:43","slug":"eta-canada-periodo-de-validez","status":"publish","type":"page","link":"https:\/\/ave-eta-canada.com\/es\/eta-canada-periodo-de-validez\/","title":{"rendered":"Canad\u00e1 eTA: per\u00edodo de validez"},"content":{"rendered":"\n<h1 class=\"wp-block-heading\">\u00bfPor cu\u00e1nto tiempo es v\u00e1lida la eTA de Canad\u00e1?<\/h1>\n\n<p>Visitar Canad\u00e1 es tu sue\u00f1o, Vancouver, Quebec, las Monta\u00f1as Rocosas, las Cataratas del Ni\u00e1gara, Ottawa y Toronto est\u00e1n a solo un clic de distancia. Si desea realizar una estad\u00eda de turista en Canad\u00e1, deber\u00e1 contar previamente con una Autorizaci\u00f3n Electr\u00f3nica de Viaje.<\/p>\n\n<p><strong>Para una estad\u00eda de menos de 6 meses en Canad\u00e1<\/strong> : Puede realizar los tr\u00e1mites para ingresar a Canad\u00e1 directamente a trav\u00e9s de Internet haciendo clic en <a href=\"https:\/\/ave-eta-canada.com\/es\/formulario-de-eta-canada-en-linea\/\">el formulario<\/a> en l\u00ednea. No es necesario obtener una cita en la embajada o consulado canadiense.<\/p>\n\n<p>La <a href=\"https:\/\/ave-eta-canada.com\/es\/\">autorizaci\u00f3n de viaje electr\u00f3nica<\/a> establecida por el gobierno canadiense como parte de un programa de exenci\u00f3n de visa. El per\u00edodo de validez de la eTA de Canad\u00e1 es muy ventajoso y permite a su titular viajar a Canad\u00e1 por v\u00eda a\u00e9rea, tantas veces como quiera, sin tener que solicitar un visado en la embajada de Canad\u00e1. Muchos pa\u00edses alrededor del mundo han firmado un acuerdo con las autoridades canadienses para facilitar que millones de viajeros extranjeros viajen a este pa\u00eds.<\/p>\n\n<p>La autorizaci\u00f3n eTA no permite expatriarse a Canad\u00e1, estudiar all\u00ed, realizar pr\u00e1cticas o trabajar y tampoco le da derecho a la ciudadan\u00eda canadiense. Es parte de un contexto de viaje o tr\u00e1nsito tur\u00edstico.<\/p>\n\n<p>\u00bfPor cu\u00e1nto tiempo es v\u00e1lida la eTA de Canad\u00e1? \u00bfCu\u00e1nto tiempo es posible permanecer en Canad\u00e1? Esto es lo que vamos a descubrir en este art\u00edculo.<br\/><br\/><\/p>\n\n<h2 class=\"wp-block-heading\">\u00bfC\u00f3mo obtener eTA Canad\u00e1? \u00bfCu\u00e1l es su per\u00edodo de validez?<\/h2>\n\n<p>La <a href=\"https:\/\/ave-eta-canada.com\/es\/que-es-eta-canada\/\">eTA Canad\u00e1,<\/a> traducci\u00f3n al ingl\u00e9s de la eTA, es una autorizaci\u00f3n de viaje electr\u00f3nica que permite a los ciudadanos de ciertos pa\u00edses viajar a Canad\u00e1 sin visa. La eTA de Canad\u00e1 tiene un per\u00edodo de validez diferente al de la visa y no se solicita en la Embajada o el Consulado General de Canad\u00e1, sino en el sitio web oficial del gobierno canadiense.<\/p>\n\n<p>Para solicitar la eTA Canad\u00e1, debe completar el <a href=\"https:\/\/ave-eta-canada.com\/es\/complete-el-formulario-eta-para-canada\/\">formulario<\/a> eTA. Este \u00faltimo consta de varias preguntas sobre usted, su trabajo, los detalles de su pasaporte o su estado de salud (preguntas relacionadas con la tuberculosis, por ejemplo). No olvide traer su pasaporte (se le pedir\u00e1 el n\u00famero) as\u00ed como su tarjeta bancaria para realizar el pago. El <a href=\"https:\/\/ave-eta-canada.com\/es\/eta-canada-su-precio\/\">precio de una eTA es de CAN$7<\/a> (d\u00f3lares canadienses) a pagar directamente al momento de la solicitud.<\/p>\n\n<p>El per\u00edodo de validez de la eTA de Canad\u00e1 est\u00e1 directamente relacionado con el de su documento de viaje (pasaporte biom\u00e9trico o pasaporte electr\u00f3nico): esto significa que si necesita renovarlo, deber\u00e1 solicitar una nueva eTA de Canad\u00e1.<\/p>\n\n<p>Tenga en cuenta que hay sitios independientes, como el de nuestro socio, que ofrecen verificar su informaci\u00f3n antes de enviar el formulario eTA. Al optar por esta soluci\u00f3n, reduce el riesgo de rechazo (y de tener que pagar por una nueva solicitud) ya que un equipo de profesionales se asegura de que la informaci\u00f3n ingresada sea correcta (n\u00famero de pasaporte correcto, ausencia de falla o error tipogr\u00e1fico, etc.).<br\/><br\/><\/p>\n\n<h2 class=\"wp-block-heading\">Duraci\u00f3n de la validez de la eTA de Canad\u00e1 y duraci\u00f3n de la estancia<\/h2>\n\n<p>La eTA de Canad\u00e1 <a href=\"https:\/\/ave-eta-canada.com\/es\/eta-canada-periodo-de-validez\/\">tiene un per\u00edodo de validez lo suficientemente largo<\/a> para que pueda disfrutar plenamente del pa\u00eds. La eTA de Canad\u00e1, una vez obtenida, tiene una validez de cinco a\u00f1os.<\/p>\n\n<p>Durante este per\u00edodo, se autorizan varios viajes a Canad\u00e1. La <a href=\"https:\/\/ave-eta-canada.com\/es\/\">autorizaci\u00f3n eTA<\/a> permite realizar estancias de medio a\u00f1o, siendo la duraci\u00f3n de la estancia validada por ETA Canada de seis meses como m\u00e1ximo por estancia.<\/p>\n\n<p>Tenga en cuenta que, a diferencia de una visa canadiense (permiso de trabajo, permiso de estudio) o un PVT, obtener una eTA no da derecho a trabajar, estudiar o realizar una pasant\u00eda en Canad\u00e1. Absolutamente no le otorga el estatus de residente permanente y no debe confundirse con una tarjeta de residente.<\/p>\n\n<p>Es aconsejable solicitar una eTA con relativa antelaci\u00f3n antes de partir para estar preparado ante cualquier posibilidad de rechazo.<\/p>\n\n<p>No dude en ponerse en contacto con nuestro equipo para cualquier pregunta relacionada con el per\u00edodo de validez de la eTA de Canad\u00e1 para preparar adecuadamente su viaje a Canad\u00e1. Buen viaje !<\/p>\n","protected":false},"excerpt":{"rendered":"<p>\u00bfPor cu\u00e1nto tiempo es v\u00e1lida la eTA de Canad\u00e1? Visitar Canad\u00e1 es tu sue\u00f1o, Vancouver, Quebec, las Monta\u00f1as Rocosas, las Cataratas del Ni\u00e1gara, Ottawa y Toronto est\u00e1n a solo un clic de distancia. Si desea realizar una estad\u00eda de turista en Canad\u00e1, deber\u00e1 contar previamente con una Autorizaci\u00f3n Electr\u00f3nica de Viaje. Para una estad\u00eda de [&hellip;]<\/p>\n","protected":false},"author":1,"featured_media":0,"parent":0,"menu_order":0,"comment_status":"closed","ping_status":"closed","template":"","meta":{"footnotes":""},"class_list":["post-782","page","type-page","status-publish","hentry"],"yoast_head":"<!-- This site is optimized with the Yoast SEO plugin v26.9 - https:\/\/yoast.com\/product\/yoast-seo-wordpress\/ -->\n<title>Canad\u00e1 eTA: per\u00edodo de validez<\/title>\n<meta name=\"description\" content=\"La eTA de Canad\u00e1 es una autorizaci\u00f3n de viaje electr\u00f3nica que permite a su titular viajar a Canad\u00e1 sin visado. \u00bfCu\u00e1l es su per\u00edodo de validez?\" \/>\n<meta name=\"robots\" content=\"index, follow, max-snippet:-1, max-image-preview:large, max-video-preview:-1\" \/>\n<link rel=\"canonical\" href=\"https:\/\/ave-eta-canada.com\/es\/eta-canada-periodo-de-validez\/\" \/>\n<meta property=\"og:locale\" content=\"es_ES\" \/>\n<meta property=\"og:type\" content=\"article\" \/>\n<meta property=\"og:title\" content=\"Canad\u00e1 eTA: per\u00edodo de validez\" \/>\n<meta property=\"og:description\" content=\"La eTA de Canad\u00e1 es una autorizaci\u00f3n de viaje electr\u00f3nica que permite a su titular viajar a Canad\u00e1 sin visado. \u00bfCu\u00e1l es su per\u00edodo de validez?\" \/>\n<meta property=\"og:url\" content=\"https:\/\/ave-eta-canada.com\/es\/eta-canada-periodo-de-validez\/\" \/>\n<meta property=\"og:site_name\" content=\"VISA CANAD\u00c1\" \/>\n<meta property=\"article:modified_time\" content=\"2022-05-10T14:02:43+00:00\" \/>\n<meta name=\"twitter:card\" content=\"summary_large_image\" \/>\n<meta name=\"twitter:label1\" content=\"Tiempo de lectura\" \/>\n\t<meta name=\"twitter:data1\" content=\"4 minutos\" \/>\n<script type=\"application\/ld+json\" class=\"yoast-schema-graph\">{\"@context\":\"https:\/\/schema.org\",\"@graph\":[{\"@type\":\"WebPage\",\"@id\":\"https:\/\/ave-eta-canada.com\/es\/eta-canada-periodo-de-validez\/\",\"url\":\"https:\/\/ave-eta-canada.com\/es\/eta-canada-periodo-de-validez\/\",\"name\":\"Canad\u00e1 eTA: per\u00edodo de validez\",\"isPartOf\":{\"@id\":\"https:\/\/ave-eta-canada.com\/es\/#website\"},\"datePublished\":\"2020-04-22T18:52:58+00:00\",\"dateModified\":\"2022-05-10T14:02:43+00:00\",\"description\":\"La eTA de Canad\u00e1 es una autorizaci\u00f3n de viaje electr\u00f3nica que permite a su titular viajar a Canad\u00e1 sin visado. \u00bfCu\u00e1l es su per\u00edodo de validez?\",\"breadcrumb\":{\"@id\":\"https:\/\/ave-eta-canada.com\/es\/eta-canada-periodo-de-validez\/#breadcrumb\"},\"inLanguage\":\"es\",\"potentialAction\":[{\"@type\":\"ReadAction\",\"target\":[\"https:\/\/ave-eta-canada.com\/es\/eta-canada-periodo-de-validez\/\"]}]},{\"@type\":\"BreadcrumbList\",\"@id\":\"https:\/\/ave-eta-canada.com\/es\/eta-canada-periodo-de-validez\/#breadcrumb\",\"itemListElement\":[{\"@type\":\"ListItem\",\"position\":1,\"name\":\"Home\",\"item\":\"https:\/\/ave-eta-canada.com\/es\/\"},{\"@type\":\"ListItem\",\"position\":2,\"name\":\"Canad\u00e1 eTA: per\u00edodo de validez\"}]},{\"@type\":\"WebSite\",\"@id\":\"https:\/\/ave-eta-canada.com\/es\/#website\",\"url\":\"https:\/\/ave-eta-canada.com\/es\/\",\"name\":\"VISA CANAD\u00c1\",\"description\":\"Autorisation Voyage Electronique\",\"potentialAction\":[{\"@type\":\"SearchAction\",\"target\":{\"@type\":\"EntryPoint\",\"urlTemplate\":\"https:\/\/ave-eta-canada.com\/es\/?s={search_term_string}\"},\"query-input\":{\"@type\":\"PropertyValueSpecification\",\"valueRequired\":true,\"valueName\":\"search_term_string\"}}],\"inLanguage\":\"es\"}]}<\/script>\n<!-- \/ Yoast SEO plugin. -->","yoast_head_json":{"title":"Canad\u00e1 eTA: per\u00edodo de validez","description":"La eTA de Canad\u00e1 es una autorizaci\u00f3n de viaje electr\u00f3nica que permite a su titular viajar a Canad\u00e1 sin visado. \u00bfCu\u00e1l es su per\u00edodo de validez?","robots":{"index":"index","follow":"follow","max-snippet":"max-snippet:-1","max-image-preview":"max-image-preview:large","max-video-preview":"max-video-preview:-1"},"canonical":"https:\/\/ave-eta-canada.com\/es\/eta-canada-periodo-de-validez\/","og_locale":"es_ES","og_type":"article","og_title":"Canad\u00e1 eTA: per\u00edodo de validez","og_description":"La eTA de Canad\u00e1 es una autorizaci\u00f3n de viaje electr\u00f3nica que permite a su titular viajar a Canad\u00e1 sin visado. \u00bfCu\u00e1l es su per\u00edodo de validez?","og_url":"https:\/\/ave-eta-canada.com\/es\/eta-canada-periodo-de-validez\/","og_site_name":"VISA CANAD\u00c1","article_modified_time":"2022-05-10T14:02:43+00:00","twitter_card":"summary_large_image","twitter_misc":{"Tiempo de lectura":"4 minutos"},"schema":{"@context":"https:\/\/schema.org","@graph":[{"@type":"WebPage","@id":"https:\/\/ave-eta-canada.com\/es\/eta-canada-periodo-de-validez\/","url":"https:\/\/ave-eta-canada.com\/es\/eta-canada-periodo-de-validez\/","name":"Canad\u00e1 eTA: per\u00edodo de validez","isPartOf":{"@id":"https:\/\/ave-eta-canada.com\/es\/#website"},"datePublished":"2020-04-22T18:52:58+00:00","dateModified":"2022-05-10T14:02:43+00:00","description":"La eTA de Canad\u00e1 es una autorizaci\u00f3n de viaje electr\u00f3nica que permite a su titular viajar a Canad\u00e1 sin visado. \u00bfCu\u00e1l es su per\u00edodo de validez?","breadcrumb":{"@id":"https:\/\/ave-eta-canada.com\/es\/eta-canada-periodo-de-validez\/#breadcrumb"},"inLanguage":"es","potentialAction":[{"@type":"ReadAction","target":["https:\/\/ave-eta-canada.com\/es\/eta-canada-periodo-de-validez\/"]}]},{"@type":"BreadcrumbList","@id":"https:\/\/ave-eta-canada.com\/es\/eta-canada-periodo-de-validez\/#breadcrumb","itemListElement":[{"@type":"ListItem","position":1,"name":"Home","item":"https:\/\/ave-eta-canada.com\/es\/"},{"@type":"ListItem","position":2,"name":"Canad\u00e1 eTA: per\u00edodo de validez"}]},{"@type":"WebSite","@id":"https:\/\/ave-eta-canada.com\/es\/#website","url":"https:\/\/ave-eta-canada.com\/es\/","name":"VISA CANAD\u00c1","description":"Autorisation Voyage Electronique","potentialAction":[{"@type":"SearchAction","target":{"@type":"EntryPoint","urlTemplate":"https:\/\/ave-eta-canada.com\/es\/?s={search_term_string}"},"query-input":{"@type":"PropertyValueSpecification","valueRequired":true,"valueName":"search_term_string"}}],"inLanguage":"es"}]}},"_links":{"self":[{"href":"https:\/\/ave-eta-canada.com\/es\/wp-json\/wp\/v2\/pages\/782","targetHints":{"allow":["GET"]}}],"collection":[{"href":"https:\/\/ave-eta-canada.com\/es\/wp-json\/wp\/v2\/pages"}],"about":[{"href":"https:\/\/ave-eta-canada.com\/es\/wp-json\/wp\/v2\/types\/page"}],"author":[{"embeddable":true,"href":"https:\/\/ave-eta-canada.com\/es\/wp-json\/wp\/v2\/users\/1"}],"replies":[{"embeddable":true,"href":"https:\/\/ave-eta-canada.com\/es\/wp-json\/wp\/v2\/comments?post=782"}],"version-history":[{"count":0,"href":"https:\/\/ave-eta-canada.com\/es\/wp-json\/wp\/v2\/pages\/782\/revisions"}],"wp:attachment":[{"href":"https:\/\/ave-eta-canada.com\/es\/wp-json\/wp\/v2\/media?parent=782"}],"curies":[{"name":"wp","href":"https:\/\/api.w.org\/{rel}","templated":true}]}}