{"id":784,"date":"2020-04-22T19:01:13","date_gmt":"2020-04-22T19:01:13","guid":{"rendered":"https:\/\/ave-eta-canada.com\/eta-canada-su-precio\/"},"modified":"2022-05-10T16:39:26","modified_gmt":"2022-05-10T16:39:26","slug":"eta-canada-su-precio","status":"publish","type":"page","link":"https:\/\/ave-eta-canada.com\/es\/eta-canada-su-precio\/","title":{"rendered":"Canad\u00e1 eTA: su precio"},"content":{"rendered":"\n<h1 class=\"wp-block-heading\">\u00bfCu\u00e1l es el precio de la eTA de Canad\u00e1?<\/h1>\n\n<p>Canad\u00e1 es un destino de ensue\u00f1o para millones de personas cada a\u00f1o. Perfecto para vacaciones en familia, con amigos, en pareja o incluso solo, ahora es posible llegar f\u00e1cilmente gracias a la autorizaci\u00f3n electr\u00f3nica de viaje (eTA) de Canad\u00e1. La autorizaci\u00f3n electr\u00f3nica de viaje para Canad\u00e1 te permite disfrutar de las m\u00faltiples actividades que ofrece el pa\u00eds sin solicitar visa. <\/p>\n\n<p><strong>Para una estad\u00eda de menos de 6 meses en Canad\u00e1<\/strong> : Puede realizar los tr\u00e1mites para ingresar a Canad\u00e1 directamente a trav\u00e9s de Internet haciendo clic en <a href=\"https:\/\/ave-eta-canada.com\/es\/formulario-de-eta-canada-en-linea\/\">el formulario<\/a> en l\u00ednea. No es necesario obtener una cita en la embajada o consulado canadiense.<\/p>\n\n<br\/>\n\n<h2 class=\"wp-block-heading\">Comparaci\u00f3n de precios de Canad\u00e1 eTA y visa Canada<\/h2>\n\n<p>La eTA, o <a href=\"https:\/\/ave-eta-canada.com\/es\/cuando-solicitar-la-autorizacion-eta-para-canada\/\">autorizaci\u00f3n electr\u00f3nica de viaje<\/a> , permite que los ciudadanos extranjeros est\u00e9n exentos de solicitar una visa para ir a Canad\u00e1 por v\u00eda a\u00e9rea o en tr\u00e1nsito antes de volar a otro destino. Solo los nacionales de los pa\u00edses afectados por este sistema pueden beneficiarse de este laissez-passer. El viajero tambi\u00e9n debe estar en posesi\u00f3n de un pasaporte v\u00e1lido y permanecer en Canad\u00e1 por un m\u00e1ximo de 6 meses. Ventaja de la eTA: tiene una validez de cinco a\u00f1os, lo que le permite volver a visitar Canad\u00e1 tantas veces como desee respetando el tiempo permitido para cada visita (6 meses como m\u00e1ximo). Por otro lado, no espere poder trabajar en Canad\u00e1, vivir all\u00ed, hacer una pasant\u00eda o estudiar en una universidad canadiense con una eTA. Si este es tu objetivo, debes solicitar un PVT (Working Holiday Permit) o una visa.<\/p>\n\n<p>A veces es complicado obtener una visa para unas vacaciones en Canad\u00e1. De hecho, el gobierno canadiense debe respetar las cuotas de emisi\u00f3n. Esta es la raz\u00f3n por la que las condiciones son dif\u00edciles de cumplir (en particular, proporcionar prueba de altos recursos financieros). Los pasos (la solicitud y la creaci\u00f3n del archivo con los documentos necesarios) y el tiempo de respuesta son largos y el precio es m\u00e1s alto que para una eTA Canad\u00e1. El precio de una visa temporal para Canad\u00e1 es de 100 a 150 $ CAN, lo que representa un presupuesto real comparado con el precio de la <a>eTA Canad\u00e1<\/a> , \u00a1sobre todo si vas con varias personas! Para obtener m\u00e1s informaci\u00f3n sobre la visa canadiense, no dude en visitar el sitio web de la Embajada de Canad\u00e1.<\/p>\n\n<p>Como habr\u00e1s entendido, para descubrir Canad\u00e1, degustar especialidades como la poutine o el Shepherd&#8217;s Pie (similar a nuestro Shepherd&#8217;s Pie, pero con ma\u00edz), te recomendamos encarecidamente que solicites un eTA Canad\u00e1, porque el precio es mucho m\u00e1s bajo que el de una visa. \u00a1Toronto (la ciudad m\u00e1s cosmopolita!), Quebec, Ottawa y Vancouver te est\u00e1n esperando.<br\/><br\/><\/p>\n\n<h2 class=\"wp-block-heading\">Solicite una eTA de Canad\u00e1 y conozca su precio<\/h2>\n\n<p>Si varios de vosotros vais a hacer este viaje a Canad\u00e1, sed conscientes de que a\u00fan no es posible realizar una solicitud de grupo y pagar el billete eTA Canad\u00e1 para varias personas a la vez. Las solicitudes se realizan una por una, individualmente, y <a href=\"https:\/\/ave-eta-canada.com\/es\/eta-canada-su-precio\/\">las tasas de eTA<\/a> deben pagarse por separado.<\/p>\n\n<p>Los documentos requeridos para aplicar son: todos los pasaportes que necesita (verifique su validez) y una tarjeta de pago. Para solicitar su eTA en l\u00ednea, tiene dos opciones:<\/p>\n\n<ul class=\"wp-block-list\"><li>proceda con la solicitud a trav\u00e9s de un sitio privado, un equipo se encargar\u00e1 de realizar el pedido por usted para evitar cualquier error al completar el formulario en l\u00ednea;<\/li><li>proceda con la solicitud en el sitio web oficial del gobierno canadiense. Debes rellenar cada campo del formulario con atenci\u00f3n y responder a las preguntas con sinceridad. Tenga cuidado, un solo error podr\u00eda conducir a la denegaci\u00f3n inmediata de su archivo.<\/li><\/ul>\n\n<p>Despu\u00e9s de completar su formulario con el mayor cuidado posible, se le pedir\u00e1 una cantidad para validar definitivamente su solicitud.<\/p>\n\n<p>Al visitar el sitio web del gobierno canadiense, se le pedir\u00e1 que pague la suma de CAN $ 7 (d\u00f3lares canadienses). Si solicita los servicios de una plataforma privada, se aplicar\u00e1n tarifas adicionales, \u00a1pero el precio sigue siendo atractivo!<\/p>\n\n<p>Una respuesta se env\u00eda a su correo electr\u00f3nico en unos pocos minutos generalmente. Sin embargo, no se preocupe, si no ha recibido una respuesta inmediata, puede demorar algunos d\u00edas.<\/p>\n\n<p>Una vez <a href=\"https:\/\/ave-eta-canada.com\/es\/cual-es-la-fecha-limite-para-obtener-el-eta-canada\/\">que se haya validado su eTA de Canad\u00e1<\/a> , puede volar a Canad\u00e1. Tenga en cuenta, sin embargo, que solo el oficial de aduanas, en el lugar, decide si puede pisar suelo canadiense o no.<\/p>\n\n<p>Este es nuestro \u00faltimo consejo para los viajeros ahora que conoces el precio del eTA Canad\u00e1: antes de partir hacia Canad\u00e1, no olvides pensar en un seguro de viaje por si tienes alg\u00fan problema y un chapka si vuelas lejos en invierno.<\/p>\n\n<p>\u00a1Aqu\u00ed vamos, disfrute de su estad\u00eda en Canad\u00e1!<\/p>\n","protected":false},"excerpt":{"rendered":"<p>\u00bfCu\u00e1l es el precio de la eTA de Canad\u00e1? Canad\u00e1 es un destino de ensue\u00f1o para millones de personas cada a\u00f1o. Perfecto para vacaciones en familia, con amigos, en pareja o incluso solo, ahora es posible llegar f\u00e1cilmente gracias a la autorizaci\u00f3n electr\u00f3nica de viaje (eTA) de Canad\u00e1. La autorizaci\u00f3n electr\u00f3nica de viaje para Canad\u00e1 [&hellip;]<\/p>\n","protected":false},"author":1,"featured_media":0,"parent":0,"menu_order":0,"comment_status":"closed","ping_status":"closed","template":"","meta":{"footnotes":""},"class_list":["post-784","page","type-page","status-publish","hentry"],"yoast_head":"<!-- This site is optimized with the Yoast SEO plugin v26.9 - https:\/\/yoast.com\/product\/yoast-seo-wordpress\/ -->\n<title>Canad\u00e1 eTA: su precio<\/title>\n<meta name=\"description\" content=\"\u00bfQuiere solicitar una eTA Canad\u00e1, pero no sabe su precio? \u00a1Nuestro equipo de expertos te lo revela todo en este art\u00edculo!\" \/>\n<meta name=\"robots\" content=\"index, follow, max-snippet:-1, max-image-preview:large, max-video-preview:-1\" \/>\n<link rel=\"canonical\" href=\"https:\/\/ave-eta-canada.com\/es\/eta-canada-su-precio\/\" \/>\n<meta property=\"og:locale\" content=\"es_ES\" \/>\n<meta property=\"og:type\" content=\"article\" \/>\n<meta property=\"og:title\" content=\"Canad\u00e1 eTA: su precio\" \/>\n<meta property=\"og:description\" content=\"\u00bfQuiere solicitar una eTA Canad\u00e1, pero no sabe su precio? \u00a1Nuestro equipo de expertos te lo revela todo en este art\u00edculo!\" \/>\n<meta property=\"og:url\" content=\"https:\/\/ave-eta-canada.com\/es\/eta-canada-su-precio\/\" \/>\n<meta property=\"og:site_name\" content=\"VISA CANAD\u00c1\" \/>\n<meta property=\"article:modified_time\" content=\"2022-05-10T16:39:26+00:00\" \/>\n<meta name=\"twitter:card\" content=\"summary_large_image\" \/>\n<meta name=\"twitter:label1\" content=\"Tiempo de lectura\" \/>\n\t<meta name=\"twitter:data1\" content=\"4 minutos\" \/>\n<script type=\"application\/ld+json\" class=\"yoast-schema-graph\">{\"@context\":\"https:\/\/schema.org\",\"@graph\":[{\"@type\":\"WebPage\",\"@id\":\"https:\/\/ave-eta-canada.com\/es\/eta-canada-su-precio\/\",\"url\":\"https:\/\/ave-eta-canada.com\/es\/eta-canada-su-precio\/\",\"name\":\"Canad\u00e1 eTA: su precio\",\"isPartOf\":{\"@id\":\"https:\/\/ave-eta-canada.com\/es\/#website\"},\"datePublished\":\"2020-04-22T19:01:13+00:00\",\"dateModified\":\"2022-05-10T16:39:26+00:00\",\"description\":\"\u00bfQuiere solicitar una eTA Canad\u00e1, pero no sabe su precio? \u00a1Nuestro equipo de expertos te lo revela todo en este art\u00edculo!\",\"breadcrumb\":{\"@id\":\"https:\/\/ave-eta-canada.com\/es\/eta-canada-su-precio\/#breadcrumb\"},\"inLanguage\":\"es\",\"potentialAction\":[{\"@type\":\"ReadAction\",\"target\":[\"https:\/\/ave-eta-canada.com\/es\/eta-canada-su-precio\/\"]}]},{\"@type\":\"BreadcrumbList\",\"@id\":\"https:\/\/ave-eta-canada.com\/es\/eta-canada-su-precio\/#breadcrumb\",\"itemListElement\":[{\"@type\":\"ListItem\",\"position\":1,\"name\":\"Home\",\"item\":\"https:\/\/ave-eta-canada.com\/es\/\"},{\"@type\":\"ListItem\",\"position\":2,\"name\":\"Canad\u00e1 eTA: su precio\"}]},{\"@type\":\"WebSite\",\"@id\":\"https:\/\/ave-eta-canada.com\/es\/#website\",\"url\":\"https:\/\/ave-eta-canada.com\/es\/\",\"name\":\"VISA CANAD\u00c1\",\"description\":\"Autorisation Voyage Electronique\",\"potentialAction\":[{\"@type\":\"SearchAction\",\"target\":{\"@type\":\"EntryPoint\",\"urlTemplate\":\"https:\/\/ave-eta-canada.com\/es\/?s={search_term_string}\"},\"query-input\":{\"@type\":\"PropertyValueSpecification\",\"valueRequired\":true,\"valueName\":\"search_term_string\"}}],\"inLanguage\":\"es\"}]}<\/script>\n<!-- \/ Yoast SEO plugin. -->","yoast_head_json":{"title":"Canad\u00e1 eTA: su precio","description":"\u00bfQuiere solicitar una eTA Canad\u00e1, pero no sabe su precio? \u00a1Nuestro equipo de expertos te lo revela todo en este art\u00edculo!","robots":{"index":"index","follow":"follow","max-snippet":"max-snippet:-1","max-image-preview":"max-image-preview:large","max-video-preview":"max-video-preview:-1"},"canonical":"https:\/\/ave-eta-canada.com\/es\/eta-canada-su-precio\/","og_locale":"es_ES","og_type":"article","og_title":"Canad\u00e1 eTA: su precio","og_description":"\u00bfQuiere solicitar una eTA Canad\u00e1, pero no sabe su precio? \u00a1Nuestro equipo de expertos te lo revela todo en este art\u00edculo!","og_url":"https:\/\/ave-eta-canada.com\/es\/eta-canada-su-precio\/","og_site_name":"VISA CANAD\u00c1","article_modified_time":"2022-05-10T16:39:26+00:00","twitter_card":"summary_large_image","twitter_misc":{"Tiempo de lectura":"4 minutos"},"schema":{"@context":"https:\/\/schema.org","@graph":[{"@type":"WebPage","@id":"https:\/\/ave-eta-canada.com\/es\/eta-canada-su-precio\/","url":"https:\/\/ave-eta-canada.com\/es\/eta-canada-su-precio\/","name":"Canad\u00e1 eTA: su precio","isPartOf":{"@id":"https:\/\/ave-eta-canada.com\/es\/#website"},"datePublished":"2020-04-22T19:01:13+00:00","dateModified":"2022-05-10T16:39:26+00:00","description":"\u00bfQuiere solicitar una eTA Canad\u00e1, pero no sabe su precio? \u00a1Nuestro equipo de expertos te lo revela todo en este art\u00edculo!","breadcrumb":{"@id":"https:\/\/ave-eta-canada.com\/es\/eta-canada-su-precio\/#breadcrumb"},"inLanguage":"es","potentialAction":[{"@type":"ReadAction","target":["https:\/\/ave-eta-canada.com\/es\/eta-canada-su-precio\/"]}]},{"@type":"BreadcrumbList","@id":"https:\/\/ave-eta-canada.com\/es\/eta-canada-su-precio\/#breadcrumb","itemListElement":[{"@type":"ListItem","position":1,"name":"Home","item":"https:\/\/ave-eta-canada.com\/es\/"},{"@type":"ListItem","position":2,"name":"Canad\u00e1 eTA: su precio"}]},{"@type":"WebSite","@id":"https:\/\/ave-eta-canada.com\/es\/#website","url":"https:\/\/ave-eta-canada.com\/es\/","name":"VISA CANAD\u00c1","description":"Autorisation Voyage Electronique","potentialAction":[{"@type":"SearchAction","target":{"@type":"EntryPoint","urlTemplate":"https:\/\/ave-eta-canada.com\/es\/?s={search_term_string}"},"query-input":{"@type":"PropertyValueSpecification","valueRequired":true,"valueName":"search_term_string"}}],"inLanguage":"es"}]}},"_links":{"self":[{"href":"https:\/\/ave-eta-canada.com\/es\/wp-json\/wp\/v2\/pages\/784","targetHints":{"allow":["GET"]}}],"collection":[{"href":"https:\/\/ave-eta-canada.com\/es\/wp-json\/wp\/v2\/pages"}],"about":[{"href":"https:\/\/ave-eta-canada.com\/es\/wp-json\/wp\/v2\/types\/page"}],"author":[{"embeddable":true,"href":"https:\/\/ave-eta-canada.com\/es\/wp-json\/wp\/v2\/users\/1"}],"replies":[{"embeddable":true,"href":"https:\/\/ave-eta-canada.com\/es\/wp-json\/wp\/v2\/comments?post=784"}],"version-history":[{"count":0,"href":"https:\/\/ave-eta-canada.com\/es\/wp-json\/wp\/v2\/pages\/784\/revisions"}],"wp:attachment":[{"href":"https:\/\/ave-eta-canada.com\/es\/wp-json\/wp\/v2\/media?parent=784"}],"curies":[{"name":"wp","href":"https:\/\/api.w.org\/{rel}","templated":true}]}}