{"id":786,"date":"2020-04-23T08:21:23","date_gmt":"2020-04-23T08:21:23","guid":{"rendered":"https:\/\/ave-eta-canada.com\/canada-el-gobierno-da-la-bienvenida-a-mas-estudiantes-internacionales\/"},"modified":"2022-05-13T15:15:58","modified_gmt":"2022-05-13T15:15:58","slug":"canada-el-gobierno-da-la-bienvenida-a-mas-estudiantes-internacionales","status":"publish","type":"page","link":"https:\/\/ave-eta-canada.com\/es\/canada-el-gobierno-da-la-bienvenida-a-mas-estudiantes-internacionales\/","title":{"rendered":"Canad\u00e1: el gobierno quiere m\u00e1s estudiantes extranjeros"},"content":{"rendered":"\n<h1 class=\"wp-block-heading\">El gobierno canadiense quiere atraer a m\u00e1s estudiantes extranjeros<\/h1>\n\n<p>Los estudiantes internacionales representan un importante inter\u00e9s econ\u00f3mico para la econom\u00eda canadiense. Seg\u00fan un estudio de las autoridades federales, los estudiantes extranjeros generaron $15,500 millones en 2016. Por este motivo, la administraci\u00f3n canadiense quiere aumentar el n\u00famero de estudiantes internacionales.<br\/><strong>Para una estad\u00eda de menos de 6 meses en Canad\u00e1<\/strong> : Puede realizar los tr\u00e1mites para ingresar a Canad\u00e1 directamente a trav\u00e9s de Internet haciendo clic en el <a href=\"https:\/\/ave-eta-canada.com\/es\/formulario-de-eta-canada-en-linea\/\">formulario en l\u00ednea<\/a>. No es necesario obtener una cita en la embajada o consulado canadiense.<br\/><\/p>\n\n<h2 class=\"wp-block-heading\">Promoci\u00f3n del sistema educativo canadiense para estudiantes extranjeros<\/h2>\n\n<p>El sistema educativo canadiense sigue atrayendo a j\u00f3venes extranjeros. Mientras que en el a\u00f1o 2000 se emitieron m\u00e1s de 100.000 permisos de estudio, esta cifra super\u00f3 los 500.000 en 2018. Para reforzar esta din\u00e1mica, el gobierno federal ha establecido un presupuesto total de $148 millones, durante cinco a\u00f1os, dedicados a la educaci\u00f3n internacional.<\/p>\n\n<p>Para definir la estrategia general a adoptar para atraer masivamente a estudiantes extranjeros, el gobierno y los representantes de <a href=\"https:\/\/ave-eta-canada.com\/es\/todo-sobre-las-condiciones-del-eta-para-viajar-a-canada\/\">las universidades canadienses<\/a> se re\u00fanen regularmente para discutir las direcciones a seguir.<br\/><br\/><\/p>\n\n<h2 class=\"wp-block-heading\">Promoci\u00f3n de la diversidad dentro de las instituciones de estudio canadienses<\/h2>\n\n<p>Hoy en d\u00eda, una gran proporci\u00f3n de estudiantes extranjeros provienen de India y China. Sin embargo, Canad\u00e1 est\u00e1 viendo llegar cada vez m\u00e1s estudiantes de pa\u00edses de alto crecimiento, como es el caso de Vietnam. Adem\u00e1s, debes saber que las autoridades federales buscan ir m\u00e1s all\u00e1 en materia de diversidad. Se har\u00e1 especial hincapi\u00e9 en los pa\u00edses emergentes o en las regiones fuertemente representadas por los j\u00f3venes, este es el caso, por ejemplo, de Colombia o de algunos pa\u00edses africanos.<\/p>\n\n<p>Pero el aspecto econ\u00f3mico no es el \u00fanico elemento a tener en cuenta, de hecho, seg\u00fan Jim Carr, Ministro de Comercio Internacional, los estudiantes internacionales contribuyen a la influencia de Canad\u00e1 a nivel internacional. Seg\u00fan \u00e9l, \u201cexperimentan las buenas instituciones canadienses\u201d y act\u00faan como \u201cverdaderos embajadores de Canad\u00e1\u201d cuando regresan a sus pa\u00edses de origen. Adem\u00e1s, este dispositivo tambi\u00e9n permite atraer a territorio canadiense a j\u00f3venes talentos que siguen estudios superiores. Tambi\u00e9n es com\u00fan que se establezcan de forma permanente en Canad\u00e1 y as\u00ed contribuir al desarrollo de la econom\u00eda nacional. <br\/><br\/><\/p>\n\n<h2 class=\"wp-block-heading\">Estudiar en Canad\u00e1: solicitar un permiso de estudio<\/h2>\n\n<p>Si t\u00fa tambi\u00e9n tienes la tentaci\u00f3n de ir a estudiar al extranjero, el pa\u00eds de Maple puede ser para ti. Sin embargo, para sus estudios universitarios, primero deber\u00e1 <a href=\"https:\/\/ave-eta-canada.com\/es\/cual-es-la-fecha-limite-para-obtener-el-eta-canada\/\">obtener un permiso de estudios<\/a> , independientemente de la instituci\u00f3n de estudio (Universidad Laval, Universidad de Sherbrooke, Universidad de Ottawa, Hec Montreal, etc.). El permiso de estudio es un documento emitido por IRCC (Inmigraci\u00f3n, Refugiados y Ciudadan\u00eda de Canad\u00e1).<\/p>\n\n<p>Antes de solicitar su permiso de estudio, aseg\u00farese de cumplir con los criterios de elegibilidad de este documento para <a href=\"https:\/\/ave-eta-canada.com\/es\/whv-canada-como-obtener-un-permiso-de-vacaciones-de-trabajo\/\">estudiar en Canad\u00e1<\/a> . Como tal, el futuro estudiante debe:<\/p>\n\n<ul class=\"wp-block-list\"><li>haber obtenido la admisi\u00f3n a una instituci\u00f3n educativa con sede en Canad\u00e1 y estar en posesi\u00f3n de una carta de aceptaci\u00f3n; <\/li><li>demostrar que tiene suficiente capacidad de autofinanciamiento para mantenerse durante su primer a\u00f1o de estudios (vivienda, tasas de matr\u00edcula, etc.);<\/li><li>tener antecedentes penales limpios;<\/li><li>estar sano.<\/li><\/ul>\n\n<p>Para solicitar un permiso de estudio, todo lo que tiene que hacer es completar un <a href=\"https:\/\/ave-eta-canada.com\/es\/complete-el-formulario-eta-para-canada\/\">formulario en l\u00ednea<\/a> o en papel. Para esta \u00faltima opci\u00f3n, el formulario debe enviarse a la oficina de procesamiento de visas, ubicada en la Embajada o Consulado General de Canad\u00e1.<\/p>\n","protected":false},"excerpt":{"rendered":"<p>El gobierno canadiense quiere atraer a m\u00e1s estudiantes extranjeros Los estudiantes internacionales representan un importante inter\u00e9s econ\u00f3mico para la econom\u00eda canadiense. Seg\u00fan un estudio de las autoridades federales, los estudiantes extranjeros generaron $15,500 millones en 2016. Por este motivo, la administraci\u00f3n canadiense quiere aumentar el n\u00famero de estudiantes internacionales.Para una estad\u00eda de menos de 6 [&hellip;]<\/p>\n","protected":false},"author":1,"featured_media":0,"parent":0,"menu_order":0,"comment_status":"closed","ping_status":"closed","template":"","meta":{"footnotes":""},"class_list":["post-786","page","type-page","status-publish","hentry"],"yoast_head":"<!-- This site is optimized with the Yoast SEO plugin v26.9 - https:\/\/yoast.com\/product\/yoast-seo-wordpress\/ -->\n<title>Canad\u00e1: el gobierno quiere m\u00e1s estudiantes extranjeros<\/title>\n<meta name=\"description\" content=\"El gobierno canadiense planea dar la bienvenida a m\u00e1s estudiantes internacionales en los pr\u00f3ximos a\u00f1os. Importantes beneficios econ\u00f3micos en juego.\" \/>\n<meta name=\"robots\" content=\"index, follow, max-snippet:-1, max-image-preview:large, max-video-preview:-1\" \/>\n<link rel=\"canonical\" href=\"https:\/\/ave-eta-canada.com\/es\/canada-el-gobierno-da-la-bienvenida-a-mas-estudiantes-internacionales\/\" \/>\n<meta property=\"og:locale\" content=\"es_ES\" \/>\n<meta property=\"og:type\" content=\"article\" \/>\n<meta property=\"og:title\" content=\"Canad\u00e1: el gobierno quiere m\u00e1s estudiantes extranjeros\" \/>\n<meta property=\"og:description\" content=\"El gobierno canadiense planea dar la bienvenida a m\u00e1s estudiantes internacionales en los pr\u00f3ximos a\u00f1os. Importantes beneficios econ\u00f3micos en juego.\" \/>\n<meta property=\"og:url\" content=\"https:\/\/ave-eta-canada.com\/es\/canada-el-gobierno-da-la-bienvenida-a-mas-estudiantes-internacionales\/\" \/>\n<meta property=\"og:site_name\" content=\"VISA CANAD\u00c1\" \/>\n<meta property=\"article:modified_time\" content=\"2022-05-13T15:15:58+00:00\" \/>\n<meta name=\"twitter:card\" content=\"summary_large_image\" \/>\n<meta name=\"twitter:label1\" content=\"Tiempo de lectura\" \/>\n\t<meta name=\"twitter:data1\" content=\"3 minutos\" \/>\n<script type=\"application\/ld+json\" class=\"yoast-schema-graph\">{\"@context\":\"https:\/\/schema.org\",\"@graph\":[{\"@type\":\"WebPage\",\"@id\":\"https:\/\/ave-eta-canada.com\/es\/canada-el-gobierno-da-la-bienvenida-a-mas-estudiantes-internacionales\/\",\"url\":\"https:\/\/ave-eta-canada.com\/es\/canada-el-gobierno-da-la-bienvenida-a-mas-estudiantes-internacionales\/\",\"name\":\"Canad\u00e1: el gobierno quiere m\u00e1s estudiantes extranjeros\",\"isPartOf\":{\"@id\":\"https:\/\/ave-eta-canada.com\/es\/#website\"},\"datePublished\":\"2020-04-23T08:21:23+00:00\",\"dateModified\":\"2022-05-13T15:15:58+00:00\",\"description\":\"El gobierno canadiense planea dar la bienvenida a m\u00e1s estudiantes internacionales en los pr\u00f3ximos a\u00f1os. Importantes beneficios econ\u00f3micos en juego.\",\"breadcrumb\":{\"@id\":\"https:\/\/ave-eta-canada.com\/es\/canada-el-gobierno-da-la-bienvenida-a-mas-estudiantes-internacionales\/#breadcrumb\"},\"inLanguage\":\"es\",\"potentialAction\":[{\"@type\":\"ReadAction\",\"target\":[\"https:\/\/ave-eta-canada.com\/es\/canada-el-gobierno-da-la-bienvenida-a-mas-estudiantes-internacionales\/\"]}]},{\"@type\":\"BreadcrumbList\",\"@id\":\"https:\/\/ave-eta-canada.com\/es\/canada-el-gobierno-da-la-bienvenida-a-mas-estudiantes-internacionales\/#breadcrumb\",\"itemListElement\":[{\"@type\":\"ListItem\",\"position\":1,\"name\":\"Home\",\"item\":\"https:\/\/ave-eta-canada.com\/es\/\"},{\"@type\":\"ListItem\",\"position\":2,\"name\":\"Canad\u00e1: el gobierno quiere m\u00e1s estudiantes extranjeros\"}]},{\"@type\":\"WebSite\",\"@id\":\"https:\/\/ave-eta-canada.com\/es\/#website\",\"url\":\"https:\/\/ave-eta-canada.com\/es\/\",\"name\":\"VISA CANAD\u00c1\",\"description\":\"Autorisation Voyage Electronique\",\"potentialAction\":[{\"@type\":\"SearchAction\",\"target\":{\"@type\":\"EntryPoint\",\"urlTemplate\":\"https:\/\/ave-eta-canada.com\/es\/?s={search_term_string}\"},\"query-input\":{\"@type\":\"PropertyValueSpecification\",\"valueRequired\":true,\"valueName\":\"search_term_string\"}}],\"inLanguage\":\"es\"}]}<\/script>\n<!-- \/ Yoast SEO plugin. -->","yoast_head_json":{"title":"Canad\u00e1: el gobierno quiere m\u00e1s estudiantes extranjeros","description":"El gobierno canadiense planea dar la bienvenida a m\u00e1s estudiantes internacionales en los pr\u00f3ximos a\u00f1os. Importantes beneficios econ\u00f3micos en juego.","robots":{"index":"index","follow":"follow","max-snippet":"max-snippet:-1","max-image-preview":"max-image-preview:large","max-video-preview":"max-video-preview:-1"},"canonical":"https:\/\/ave-eta-canada.com\/es\/canada-el-gobierno-da-la-bienvenida-a-mas-estudiantes-internacionales\/","og_locale":"es_ES","og_type":"article","og_title":"Canad\u00e1: el gobierno quiere m\u00e1s estudiantes extranjeros","og_description":"El gobierno canadiense planea dar la bienvenida a m\u00e1s estudiantes internacionales en los pr\u00f3ximos a\u00f1os. Importantes beneficios econ\u00f3micos en juego.","og_url":"https:\/\/ave-eta-canada.com\/es\/canada-el-gobierno-da-la-bienvenida-a-mas-estudiantes-internacionales\/","og_site_name":"VISA CANAD\u00c1","article_modified_time":"2022-05-13T15:15:58+00:00","twitter_card":"summary_large_image","twitter_misc":{"Tiempo de lectura":"3 minutos"},"schema":{"@context":"https:\/\/schema.org","@graph":[{"@type":"WebPage","@id":"https:\/\/ave-eta-canada.com\/es\/canada-el-gobierno-da-la-bienvenida-a-mas-estudiantes-internacionales\/","url":"https:\/\/ave-eta-canada.com\/es\/canada-el-gobierno-da-la-bienvenida-a-mas-estudiantes-internacionales\/","name":"Canad\u00e1: el gobierno quiere m\u00e1s estudiantes extranjeros","isPartOf":{"@id":"https:\/\/ave-eta-canada.com\/es\/#website"},"datePublished":"2020-04-23T08:21:23+00:00","dateModified":"2022-05-13T15:15:58+00:00","description":"El gobierno canadiense planea dar la bienvenida a m\u00e1s estudiantes internacionales en los pr\u00f3ximos a\u00f1os. Importantes beneficios econ\u00f3micos en juego.","breadcrumb":{"@id":"https:\/\/ave-eta-canada.com\/es\/canada-el-gobierno-da-la-bienvenida-a-mas-estudiantes-internacionales\/#breadcrumb"},"inLanguage":"es","potentialAction":[{"@type":"ReadAction","target":["https:\/\/ave-eta-canada.com\/es\/canada-el-gobierno-da-la-bienvenida-a-mas-estudiantes-internacionales\/"]}]},{"@type":"BreadcrumbList","@id":"https:\/\/ave-eta-canada.com\/es\/canada-el-gobierno-da-la-bienvenida-a-mas-estudiantes-internacionales\/#breadcrumb","itemListElement":[{"@type":"ListItem","position":1,"name":"Home","item":"https:\/\/ave-eta-canada.com\/es\/"},{"@type":"ListItem","position":2,"name":"Canad\u00e1: el gobierno quiere m\u00e1s estudiantes extranjeros"}]},{"@type":"WebSite","@id":"https:\/\/ave-eta-canada.com\/es\/#website","url":"https:\/\/ave-eta-canada.com\/es\/","name":"VISA CANAD\u00c1","description":"Autorisation Voyage Electronique","potentialAction":[{"@type":"SearchAction","target":{"@type":"EntryPoint","urlTemplate":"https:\/\/ave-eta-canada.com\/es\/?s={search_term_string}"},"query-input":{"@type":"PropertyValueSpecification","valueRequired":true,"valueName":"search_term_string"}}],"inLanguage":"es"}]}},"_links":{"self":[{"href":"https:\/\/ave-eta-canada.com\/es\/wp-json\/wp\/v2\/pages\/786","targetHints":{"allow":["GET"]}}],"collection":[{"href":"https:\/\/ave-eta-canada.com\/es\/wp-json\/wp\/v2\/pages"}],"about":[{"href":"https:\/\/ave-eta-canada.com\/es\/wp-json\/wp\/v2\/types\/page"}],"author":[{"embeddable":true,"href":"https:\/\/ave-eta-canada.com\/es\/wp-json\/wp\/v2\/users\/1"}],"replies":[{"embeddable":true,"href":"https:\/\/ave-eta-canada.com\/es\/wp-json\/wp\/v2\/comments?post=786"}],"version-history":[{"count":0,"href":"https:\/\/ave-eta-canada.com\/es\/wp-json\/wp\/v2\/pages\/786\/revisions"}],"wp:attachment":[{"href":"https:\/\/ave-eta-canada.com\/es\/wp-json\/wp\/v2\/media?parent=786"}],"curies":[{"name":"wp","href":"https:\/\/api.w.org\/{rel}","templated":true}]}}