{"id":788,"date":"2020-04-23T08:34:07","date_gmt":"2020-04-23T08:34:07","guid":{"rendered":"https:\/\/ave-eta-canada.com\/como-modificar-una-autorizacion-ave-para-canada\/"},"modified":"2022-05-13T15:17:47","modified_gmt":"2022-05-13T15:17:47","slug":"como-modificar-una-autorizacion-ave-para-canada","status":"publish","type":"page","link":"https:\/\/ave-eta-canada.com\/es\/como-modificar-una-autorizacion-ave-para-canada\/","title":{"rendered":"\u00bfC\u00f3mo modificar una autorizaci\u00f3n eTA para Canad\u00e1?"},"content":{"rendered":"\n<h1 class=\"wp-block-heading\">\u00bfC\u00f3mo modifico una eTA para viajar a Canad\u00e1?<\/h1>\n\n<p>La eTA es una <a href=\"https:\/\/ave-eta-canada.com\/es\/\">autorizaci\u00f3n de viaje electr\u00f3nica<\/a> , establecida por el gobierno canadiense, que tiene como objetivo facilitar los tr\u00e1mites administrativos para los viajeros que deseen visitar Canad\u00e1. De hecho, gracias al formato digital del ESTA, el viajero puede completar su solicitud en l\u00ednea y las autoridades canadienses pueden analizar la solicitud de eTA utilizando sistemas electr\u00f3nicos.<\/p>\n\n<p><strong>Para una estad\u00eda de menos de 6 meses en Canad\u00e1<\/strong> : Puede realizar los tr\u00e1mites para ingresar a Canad\u00e1 directamente a trav\u00e9s de Internet haciendo clic en el <a href=\"https:\/\/ave-eta-canada.com\/es\/formulario-de-eta-canada-en-linea\/\">formulario en l\u00ednea<\/a>. No es necesario obtener una cita en la embajada o consulado canadiense.<\/p>\n\n<br\/>\n\n<p>Cuando un viajero obtiene una eTA, es <a href=\"https:\/\/ave-eta-canada.com\/es\/eta-canada-periodo-de-validez\/\">v\u00e1lida<\/a> por 5 a\u00f1os. Sin embargo, con el paso de los a\u00f1os, la situaci\u00f3n personal del viajero evoluciona. Puede ser entonces que cierta informaci\u00f3n presente en el documento AVE necesite ser modificada, porque simplemente ya no se corresponde con la realidad. En este caso, \u00bfes posible modificar el eTA? En caso negativo, \u00bfcu\u00e1l es el procedimiento para cambiar de eTA?<\/p>\n\n<h2 class=\"wp-block-heading\">\u00bfPuedo modificar la eTA si mis datos personales han cambiado?<\/h2>\n\n<p>Desgraciadamente no. Si sus datos personales (nombre de usuario, nombres, pa\u00eds, etc.) cambian durante la fecha de validez del eTA (5 a\u00f1os), deber\u00e1 presentar una nueva solicitud.<\/p>\n\n<p>Solo determinados datos (como el n\u00famero de tel\u00e9fono o el apellido de soltera) se pueden modificar de forma gratuita y sin renovar el eTA. Para cambiar sus datos de contacto en el eTA, debe completar un formulario de solicitud en l\u00ednea. Sin embargo, es el gobierno canadiense el que decidir\u00e1 si la solicitud sigue siendo v\u00e1lida o no.<\/p>\n\n<p>Lo mismo se aplica al cambio de pasaporte. Si el n\u00famero de pasaporte que utiliz\u00f3 anteriormente para obtener la eTA ya no coincide con su n\u00famero de pasaporte actual, debe cambiar la eTA. Para hacer esto, deber\u00e1 volver a solicitar una eTA completando el formulario en l\u00ednea por segunda vez y pagando nuevamente las tarifas de solicitud.<\/p>\n\n<p>Las autoridades canadienses exigen que el n\u00famero de pasaporte ingresado en la eTA sea el mismo que el pasaporte con el que el viajero desea viajar a Canad\u00e1. Por qu\u00e9 ? Porque su <a href=\"https:\/\/ave-eta-canada.com\/es\/cuando-solicitar-la-autorizacion-eta-para-canada\/\">autorizaci\u00f3n eTA<\/a> estar\u00e1 vinculada electr\u00f3nicamente al pasaporte. Cuando llegue a suelo canadiense, la aduana verificar\u00e1 su eTA escaneando el chip en su pasaporte electr\u00f3nico o biom\u00e9trico.<br\/><br\/><\/p>\n\n<h2 class=\"wp-block-heading\">\u00bfPuedo modificar la eTA despu\u00e9s de haber cometido un error en la copia de mis datos?<\/h2>\n\n<p>Si no ha procedido al pago del formulario eTA, siempre podr\u00e1 modificar los <a href=\"https:\/\/ave-eta-canada.com\/es\/que-hacer-en-caso-de-error-en-el-eta-canada\/\">errores cometidos en el eTA.<\/a><\/p>\n\n<p>No obstante, si el pago del eTA ya se ha realizado, lamentablemente no podr\u00e1s dar marcha atr\u00e1s.<\/p>\n\n<h3 class=\"wp-block-heading\">\u00bfC\u00f3mo evitar tener que cambiar de eTA?<\/h3>\n\n<p>En primer lugar, es esencial que se tome el tiempo para completar su formulario de solicitud de eTA. R\u00e1pidamente lleg\u00f3 un error y ser\u00eda una l\u00e1stima tener que pagar nuevamente las tarifas del documento ($7 canadienses) y esperar una vez m\u00e1s la respuesta del IRCC (Inmigraci\u00f3n, Refugiados y Ciudadan\u00eda).<\/p>\n\n<p>Le recomendamos que verifique que cumple con las condiciones requeridas para obtener una eTA (viaje o tr\u00e1nsito por Canad\u00e1 por v\u00eda a\u00e9rea y por un m\u00e1ximo de 6 meses) y tener un pasaporte v\u00e1lido.<\/p>\n\n<p>Al final del llenado, el sitio oficial del gobierno canadiense le propondr\u00e1 comprobar el eTA y la integridad de las respuestas que le ha aportado. No te pierdas este paso decisivo, porque puede ser este paso el que te permita detectar errores de copia.<\/p>\n\n<p>Si desea asistencia para completar el formulario en l\u00ednea, el sitio privado de nuestro socio ofrece ayuda personalizada para completar y corregir su formulario antes de enviarlo.<br\/><br\/><\/p>\n\n<h2 class=\"wp-block-heading\">\u00bfC\u00f3mo modificar el eTA tras haber obtenido una denegaci\u00f3n?<\/h2>\n\n<p>Si ha recibido una <a href=\"https:\/\/ave-eta-canada.com\/es\/todo-sobre-las-condiciones-del-eta-para-viajar-a-canada\/\">solicitud de eTA rechazada<\/a> , significa que no est\u00e1 autorizado a viajar a Canad\u00e1 y que, por lo tanto, no est\u00e1 autorizado a modificar su eTA.<\/p>\n\n<p>Sin embargo, no poder cambiar su eTA no significa que nunca podr\u00e1 descubrir Canad\u00e1. De hecho, la mayor\u00eda de los viajeros necesitan una visa canadiense o una autorizaci\u00f3n de viaje eTA para viajar a suelo canadiense en avi\u00f3n.<\/p>\n\n<p>Para las personas que no tienen acceso a la eTA, simplemente solicite una visa canadiense en los servicios consulares de la embajada o consulado canadiense.<\/p>\n\n<p>Para obtener una visa, aseg\u00farese de cumplir con estas condiciones:<\/p>\n\n<ul class=\"wp-block-list\"><li>poseer un pasaporte v\u00e1lido;<\/li><li>no ser portador de ninguna enfermedad;<\/li><li>no haber sido culpable de actividad criminal o delitos de inmigraci\u00f3n;<\/li><li>demostrarle al oficial consular que el motivo de su viaje no es establecerse ilegalmente y que dejar\u00e1 Canad\u00e1 al final de su estad\u00eda.<\/li><\/ul>\n","protected":false},"excerpt":{"rendered":"<p>\u00bfC\u00f3mo modifico una eTA para viajar a Canad\u00e1? La eTA es una autorizaci\u00f3n de viaje electr\u00f3nica , establecida por el gobierno canadiense, que tiene como objetivo facilitar los tr\u00e1mites administrativos para los viajeros que deseen visitar Canad\u00e1. De hecho, gracias al formato digital del ESTA, el viajero puede completar su solicitud en l\u00ednea y las [&hellip;]<\/p>\n","protected":false},"author":1,"featured_media":0,"parent":0,"menu_order":0,"comment_status":"closed","ping_status":"closed","template":"","meta":{"footnotes":""},"class_list":["post-788","page","type-page","status-publish","hentry"],"yoast_head":"<!-- This site is optimized with the Yoast SEO plugin v26.9 - https:\/\/yoast.com\/product\/yoast-seo-wordpress\/ -->\n<title>\u00bfC\u00f3mo modificar una autorizaci\u00f3n eTA para Canad\u00e1?<\/title>\n<meta name=\"description\" content=\"\u00bfQuieres actualizar la informaci\u00f3n de tu autorizaci\u00f3n de viaje a Canad\u00e1? En este art\u00edculo, descubra c\u00f3mo modificar una eTA\" \/>\n<meta name=\"robots\" content=\"index, follow, max-snippet:-1, max-image-preview:large, max-video-preview:-1\" \/>\n<link rel=\"canonical\" href=\"https:\/\/ave-eta-canada.com\/es\/como-modificar-una-autorizacion-ave-para-canada\/\" \/>\n<meta property=\"og:locale\" content=\"es_ES\" \/>\n<meta property=\"og:type\" content=\"article\" \/>\n<meta property=\"og:title\" content=\"\u00bfC\u00f3mo modificar una autorizaci\u00f3n eTA para Canad\u00e1?\" \/>\n<meta property=\"og:description\" content=\"\u00bfQuieres actualizar la informaci\u00f3n de tu autorizaci\u00f3n de viaje a Canad\u00e1? En este art\u00edculo, descubra c\u00f3mo modificar una eTA\" \/>\n<meta property=\"og:url\" content=\"https:\/\/ave-eta-canada.com\/es\/como-modificar-una-autorizacion-ave-para-canada\/\" \/>\n<meta property=\"og:site_name\" content=\"VISA CANAD\u00c1\" \/>\n<meta property=\"article:modified_time\" content=\"2022-05-13T15:17:47+00:00\" \/>\n<meta name=\"twitter:card\" content=\"summary_large_image\" \/>\n<meta name=\"twitter:label1\" content=\"Tiempo de lectura\" \/>\n\t<meta name=\"twitter:data1\" content=\"4 minutos\" \/>\n<script type=\"application\/ld+json\" class=\"yoast-schema-graph\">{\"@context\":\"https:\/\/schema.org\",\"@graph\":[{\"@type\":\"WebPage\",\"@id\":\"https:\/\/ave-eta-canada.com\/es\/como-modificar-una-autorizacion-ave-para-canada\/\",\"url\":\"https:\/\/ave-eta-canada.com\/es\/como-modificar-una-autorizacion-ave-para-canada\/\",\"name\":\"\u00bfC\u00f3mo modificar una autorizaci\u00f3n eTA para Canad\u00e1?\",\"isPartOf\":{\"@id\":\"https:\/\/ave-eta-canada.com\/es\/#website\"},\"datePublished\":\"2020-04-23T08:34:07+00:00\",\"dateModified\":\"2022-05-13T15:17:47+00:00\",\"description\":\"\u00bfQuieres actualizar la informaci\u00f3n de tu autorizaci\u00f3n de viaje a Canad\u00e1? En este art\u00edculo, descubra c\u00f3mo modificar una eTA\",\"breadcrumb\":{\"@id\":\"https:\/\/ave-eta-canada.com\/es\/como-modificar-una-autorizacion-ave-para-canada\/#breadcrumb\"},\"inLanguage\":\"es\",\"potentialAction\":[{\"@type\":\"ReadAction\",\"target\":[\"https:\/\/ave-eta-canada.com\/es\/como-modificar-una-autorizacion-ave-para-canada\/\"]}]},{\"@type\":\"BreadcrumbList\",\"@id\":\"https:\/\/ave-eta-canada.com\/es\/como-modificar-una-autorizacion-ave-para-canada\/#breadcrumb\",\"itemListElement\":[{\"@type\":\"ListItem\",\"position\":1,\"name\":\"Home\",\"item\":\"https:\/\/ave-eta-canada.com\/es\/\"},{\"@type\":\"ListItem\",\"position\":2,\"name\":\"\u00bfC\u00f3mo modificar una autorizaci\u00f3n eTA para Canad\u00e1?\"}]},{\"@type\":\"WebSite\",\"@id\":\"https:\/\/ave-eta-canada.com\/es\/#website\",\"url\":\"https:\/\/ave-eta-canada.com\/es\/\",\"name\":\"VISA CANAD\u00c1\",\"description\":\"Autorisation Voyage Electronique\",\"potentialAction\":[{\"@type\":\"SearchAction\",\"target\":{\"@type\":\"EntryPoint\",\"urlTemplate\":\"https:\/\/ave-eta-canada.com\/es\/?s={search_term_string}\"},\"query-input\":{\"@type\":\"PropertyValueSpecification\",\"valueRequired\":true,\"valueName\":\"search_term_string\"}}],\"inLanguage\":\"es\"}]}<\/script>\n<!-- \/ Yoast SEO plugin. -->","yoast_head_json":{"title":"\u00bfC\u00f3mo modificar una autorizaci\u00f3n eTA para Canad\u00e1?","description":"\u00bfQuieres actualizar la informaci\u00f3n de tu autorizaci\u00f3n de viaje a Canad\u00e1? En este art\u00edculo, descubra c\u00f3mo modificar una eTA","robots":{"index":"index","follow":"follow","max-snippet":"max-snippet:-1","max-image-preview":"max-image-preview:large","max-video-preview":"max-video-preview:-1"},"canonical":"https:\/\/ave-eta-canada.com\/es\/como-modificar-una-autorizacion-ave-para-canada\/","og_locale":"es_ES","og_type":"article","og_title":"\u00bfC\u00f3mo modificar una autorizaci\u00f3n eTA para Canad\u00e1?","og_description":"\u00bfQuieres actualizar la informaci\u00f3n de tu autorizaci\u00f3n de viaje a Canad\u00e1? En este art\u00edculo, descubra c\u00f3mo modificar una eTA","og_url":"https:\/\/ave-eta-canada.com\/es\/como-modificar-una-autorizacion-ave-para-canada\/","og_site_name":"VISA CANAD\u00c1","article_modified_time":"2022-05-13T15:17:47+00:00","twitter_card":"summary_large_image","twitter_misc":{"Tiempo de lectura":"4 minutos"},"schema":{"@context":"https:\/\/schema.org","@graph":[{"@type":"WebPage","@id":"https:\/\/ave-eta-canada.com\/es\/como-modificar-una-autorizacion-ave-para-canada\/","url":"https:\/\/ave-eta-canada.com\/es\/como-modificar-una-autorizacion-ave-para-canada\/","name":"\u00bfC\u00f3mo modificar una autorizaci\u00f3n eTA para Canad\u00e1?","isPartOf":{"@id":"https:\/\/ave-eta-canada.com\/es\/#website"},"datePublished":"2020-04-23T08:34:07+00:00","dateModified":"2022-05-13T15:17:47+00:00","description":"\u00bfQuieres actualizar la informaci\u00f3n de tu autorizaci\u00f3n de viaje a Canad\u00e1? En este art\u00edculo, descubra c\u00f3mo modificar una eTA","breadcrumb":{"@id":"https:\/\/ave-eta-canada.com\/es\/como-modificar-una-autorizacion-ave-para-canada\/#breadcrumb"},"inLanguage":"es","potentialAction":[{"@type":"ReadAction","target":["https:\/\/ave-eta-canada.com\/es\/como-modificar-una-autorizacion-ave-para-canada\/"]}]},{"@type":"BreadcrumbList","@id":"https:\/\/ave-eta-canada.com\/es\/como-modificar-una-autorizacion-ave-para-canada\/#breadcrumb","itemListElement":[{"@type":"ListItem","position":1,"name":"Home","item":"https:\/\/ave-eta-canada.com\/es\/"},{"@type":"ListItem","position":2,"name":"\u00bfC\u00f3mo modificar una autorizaci\u00f3n eTA para Canad\u00e1?"}]},{"@type":"WebSite","@id":"https:\/\/ave-eta-canada.com\/es\/#website","url":"https:\/\/ave-eta-canada.com\/es\/","name":"VISA CANAD\u00c1","description":"Autorisation Voyage Electronique","potentialAction":[{"@type":"SearchAction","target":{"@type":"EntryPoint","urlTemplate":"https:\/\/ave-eta-canada.com\/es\/?s={search_term_string}"},"query-input":{"@type":"PropertyValueSpecification","valueRequired":true,"valueName":"search_term_string"}}],"inLanguage":"es"}]}},"_links":{"self":[{"href":"https:\/\/ave-eta-canada.com\/es\/wp-json\/wp\/v2\/pages\/788","targetHints":{"allow":["GET"]}}],"collection":[{"href":"https:\/\/ave-eta-canada.com\/es\/wp-json\/wp\/v2\/pages"}],"about":[{"href":"https:\/\/ave-eta-canada.com\/es\/wp-json\/wp\/v2\/types\/page"}],"author":[{"embeddable":true,"href":"https:\/\/ave-eta-canada.com\/es\/wp-json\/wp\/v2\/users\/1"}],"replies":[{"embeddable":true,"href":"https:\/\/ave-eta-canada.com\/es\/wp-json\/wp\/v2\/comments?post=788"}],"version-history":[{"count":0,"href":"https:\/\/ave-eta-canada.com\/es\/wp-json\/wp\/v2\/pages\/788\/revisions"}],"wp:attachment":[{"href":"https:\/\/ave-eta-canada.com\/es\/wp-json\/wp\/v2\/media?parent=788"}],"curies":[{"name":"wp","href":"https:\/\/api.w.org\/{rel}","templated":true}]}}