{"id":790,"date":"2020-04-23T08:46:55","date_gmt":"2020-04-23T08:46:55","guid":{"rendered":"https:\/\/ave-eta-canada.com\/como-completar-una-eta-para-viajar-a-canada\/"},"modified":"2022-05-13T15:27:31","modified_gmt":"2022-05-13T15:27:31","slug":"como-completar-una-eta-para-viajar-a-canada","status":"publish","type":"page","link":"https:\/\/ave-eta-canada.com\/es\/como-completar-una-eta-para-viajar-a-canada\/","title":{"rendered":"C\u00f3mo completar una eTA para viajar a Canad\u00e1"},"content":{"rendered":"\n<h1 class=\"wp-block-heading\">C\u00f3mo completar una eTA para Canad\u00e1<\/h1>\n\n<p>La <a href=\"https:\/\/ave-eta-canada.com\/es\/\">Autorizaci\u00f3n Electr\u00f3nica de Viaje<\/a> (eTA) permite a los nacionales de pa\u00edses del programa de exenci\u00f3n de visa de Canad\u00e1 viajar a Canad\u00e1 por v\u00eda a\u00e9rea, evitando tr\u00e1mites engorrosos. Como la autorizaci\u00f3n es electr\u00f3nica, est\u00e1 vinculada al pasaporte del viajero.<\/p>\n\n<p><strong>Para una estad\u00eda de menos de 6 meses en Canad\u00e1<\/strong> : Puede realizar los tr\u00e1mites para ingresar a Canad\u00e1 directamente a trav\u00e9s de Internet haciendo clic en el <a href=\"https:\/\/ave-eta-canada.com\/es\/formulario-de-eta-canada-en-linea\/\">formulario en l\u00ednea<\/a>. No es necesario obtener una cita en la embajada o consulado canadiense.<br\/><br\/><\/p>\n\n<h2 class=\"wp-block-heading\">\u00bfPor qu\u00e9 necesito completar una eTA para Canad\u00e1?<\/h2>\n\n<p>En el pasado, era obligatorio solicitar una visa de Canad\u00e1 para ir all\u00ed. De ahora en adelante, es posible evitar estos muchos pasos, basta con <a href=\"https:\/\/ave-eta-canada.com\/es\/como-completar-una-eta-para-viajar-a-canada\/\">completar una eTA<\/a> para recibir autorizaci\u00f3n para permanecer en Canad\u00e1, tambi\u00e9n llamada<a href=\"https:\/\/ave-eta-canada.com\/es\/que-es-eta-canada\/\"> eTA (Autorizaci\u00f3n Electr\u00f3nica de Viaje).<\/a> Si alguna vez has viajado a los Estados Unidos de Am\u00e9rica seguro que conoces el ESTA (Electronic System for Travel Authorization), que inspir\u00f3 la creaci\u00f3n del eTA. Antes de saber c\u00f3mo completar una eTA para viajar a Canad\u00e1, es importante averiguar si es elegible y cu\u00e1l es su funci\u00f3n.<\/p>\n\n<h3 class=\"wp-block-heading\">\u00bfEl eTA es accesible para todos?<\/h3>\n\n<p>Al igual que la autorizaci\u00f3n ESTA para los EE. UU., los ciudadanos extranjeros deben cumplir ciertas condiciones para poder beneficiarse de la eTA para ir a Canad\u00e1.<\/p>\n\n<p>Estos son los diferentes criterios de elegibilidad:<\/p>\n\n<ul class=\"wp-block-list\"><li>el viajero debe ser ciudadano de uno de los pa\u00edses canadienses exentos de visa;<\/li><li>el viaje es por aire;<\/li><li>la estad\u00eda en Canad\u00e1 no exceda los seis meses otorgados por el gobierno canadiense;<\/li><li>el viajero no debe venir a trabajar o estudiar, la autorizaci\u00f3n solo permite visitar Canad\u00e1 o realizar un tr\u00e1nsito;<\/li><li>el viajero debe tener un pasaporte biom\u00e9trico o un pasaporte electr\u00f3nico (pasaporte v\u00e1lido, tenga cuidado con la fecha de vencimiento).<\/li><\/ul>\n\n<p>Si no cumple con todos <a href=\"https:\/\/ave-eta-canada.com\/es\/todo-sobre-las-condiciones-del-eta-para-viajar-a-canada\/\">los requisitos para la eTA<\/a> , no puede completar el formulario. En esta situaci\u00f3n, debe solicitar una visa en la embajada canadiense m\u00e1s cercana.<\/p>\n\n<h3 class=\"wp-block-heading\">\u00bfQu\u00e9 te permite hacer?<\/h3>\n\n<p>El eTA no act\u00faa de la misma forma que un visado. As\u00ed, la autorizaci\u00f3n te permite abordar el avi\u00f3n con destino a Canad\u00e1, pero solo el agente de aduanas tiene la potestad de dejarte entrar a suelo canadiense. La etapa de verificaci\u00f3n realizada por el oficial de aduanas es decisiva en su ingreso a territorio canadiense. Cuando haya pasado los servicios fronterizos, estar\u00e1 autorizado a permanecer en Canad\u00e1 durante un m\u00e1ximo de seis meses.<br\/><br\/><\/p>\n\n<h2 class=\"wp-block-heading\">Complete la eTA en l\u00ednea<\/h2>\n\n<p>Ahora que conoces la utilidad de la autorizaci\u00f3n y que te has dado cuenta de que eres elegible, solo tienes que saber c\u00f3mo completar la eTA para recibir tu autorizaci\u00f3n lo antes posible. El cuestionario eTA se basa en el mismo modelo que el formulario ESTA. El viajero tiene la opci\u00f3n de completar una eTA, ya que esto es posible en el sitio del Gobierno de Canad\u00e1, pero tambi\u00e9n en un sitio privado especializado en esta solicitud de autorizaci\u00f3n. El precio de la solicitud en l\u00ednea var\u00eda seg\u00fan la elecci\u00f3n del sitio de pedido.<\/p>\n\n<h3 class=\"wp-block-heading\">Completa el eTA en un sitio especializado<\/h3>\n\n<p>Puede completar la eTA en un sitio privado, como el de nuestro socio, debe tener su pasaporte y una tarjeta de pago. Al completar el formulario en l\u00ednea, solo se le solicitar\u00e1n algunos datos, porque nuestro colaborador se encarga de todo lo dem\u00e1s. Un equipo es responsable de verificar cuidadosamente toda su informaci\u00f3n personal antes de transmitirla a las autoridades. El <a href=\"https:\/\/ave-eta-canada.com\/es\/complete-el-formulario-eta-para-canada\/\">formulario eTA<\/a> consta de los siguientes campos:<\/p>\n\n<ul class=\"wp-block-list\"><li>el n\u00famero de solicitudes;<\/li><li>el tipo de pasaporte utilizado;<\/li><li>n\u00famero de pasaporte;<\/li><li>el pa\u00eds de ciudadan\u00eda indicado en el documento de identidad;<\/li><li>el nombre ;<\/li><li>el apellido ;<\/li><li>y una direcci\u00f3n de correo electr\u00f3nico v\u00e1lida.<\/li><\/ul>\n\n<p>Debe pagar la tarifa de solicitud para validar su solicitud. No olvides revisar tu informaci\u00f3n antes de este paso, especialmente el n\u00famero de pasaporte.<\/p>\n\n<h3 class=\"wp-block-heading\">Complete la eTA en el sitio web oficial del gobierno canadiense<\/h3>\n\n<p>Para solicitar una eTA en el sitio del gobierno canadiense, debe tener una tarjeta de cr\u00e9dito, su pasaporte y su direcci\u00f3n de correo electr\u00f3nico.<\/p>\n\n<p>Accede a la web oficial, la aplicaci\u00f3n del eTA se desglosa en varias partes. El formulario eTA comienza con los datos personales del solicitante (apellidos, nombre, direcci\u00f3n postal, n\u00famero de tel\u00e9fono, direcci\u00f3n de correo electr\u00f3nico, etc.), luego debe especificar el tipo de pasaporte utilizado, el pa\u00eds de emisi\u00f3n, la nacionalidad as\u00ed como el n\u00famero .pasaporte\u2026 Tambi\u00e9n se le solicitar\u00e1 m\u00e1s informaci\u00f3n sobre su situaci\u00f3n profesional, sus datos de contacto y su viaje. Para terminar de completar la eTA, todo lo que tiene que hacer es responder algunas preguntas sobre su historial legal y m\u00e9dico, luego marcar la casilla de consentimiento y validar el env\u00edo de su archivo mediante el pago de las tarifas.<br\/><br\/><\/p>\n\n<h2 class=\"wp-block-heading\">\u00bfQu\u00e9 sucede despu\u00e9s de completar una solicitud de eTA?<\/h2>\n\n<p>\u00a1Puede recibir la devoluci\u00f3n de las autoridades canadienses muy r\u00e1pidamente! De hecho, algunos viajeros reciben una devoluci\u00f3n despu\u00e9s de solo unos minutos, pero tambi\u00e9n puede demorar m\u00e1s, a veces algunos d\u00edas. Recibir\u00e1s un correo electr\u00f3nico con el n\u00famero de AVE que te permitir\u00e1 <a href=\"https:\/\/ave-eta-canada.com\/es\/como-verificar-el-estado-de-su-solicitud-de-eta-canada\/\">comprobar su estado<\/a> posteriormente.<\/p>\n\n<p>Su eTA es v\u00e1lida por cinco a\u00f1os, lo que significa que puede viajar a Canad\u00e1 varias veces, sin exceder nunca los seis meses en territorio canadiense. Todas las provincias de Canad\u00e1 est\u00e1n abiertas para ti: Quebec, Ontario, Aberta, British Columbia, etc.<\/p>\n\n<p>Esta regla de cinco a\u00f1os solo se aplica si todav\u00eda tiene el mismo pasaporte que ten\u00eda cuando solicit\u00f3 la eTA. De lo contrario, debe renovar su eTA.<\/p>\n\n<p>Es bueno saberlo: si su solicitud de eTA ha sido rechazada, es posible que haya cometido un error en el formulario, puede enviar una nueva solicitud. De lo contrario, ser\u00e1 inevitable obtener una visa de los servicios consulares.<\/p>\n","protected":false},"excerpt":{"rendered":"<p>C\u00f3mo completar una eTA para Canad\u00e1 La Autorizaci\u00f3n Electr\u00f3nica de Viaje (eTA) permite a los nacionales de pa\u00edses del programa de exenci\u00f3n de visa de Canad\u00e1 viajar a Canad\u00e1 por v\u00eda a\u00e9rea, evitando tr\u00e1mites engorrosos. Como la autorizaci\u00f3n es electr\u00f3nica, est\u00e1 vinculada al pasaporte del viajero. Para una estad\u00eda de menos de 6 meses en [&hellip;]<\/p>\n","protected":false},"author":1,"featured_media":0,"parent":0,"menu_order":0,"comment_status":"closed","ping_status":"closed","template":"","meta":{"footnotes":""},"class_list":["post-790","page","type-page","status-publish","hentry"],"yoast_head":"<!-- This site is optimized with the Yoast SEO plugin v26.9 - https:\/\/yoast.com\/product\/yoast-seo-wordpress\/ -->\n<title>C\u00f3mo completar una eTA para viajar a Canad\u00e1<\/title>\n<meta name=\"description\" content=\"\u00bfTu pr\u00f3ximo viaje ser\u00e1 a Canad\u00e1? Para poder realizar esta estancia, deber\u00e1s completar un eTA. Descubre c\u00f3mo en este art\u00edculo.\" \/>\n<meta name=\"robots\" content=\"index, follow, max-snippet:-1, max-image-preview:large, max-video-preview:-1\" \/>\n<link rel=\"canonical\" href=\"https:\/\/ave-eta-canada.com\/es\/como-completar-una-eta-para-viajar-a-canada\/\" \/>\n<meta property=\"og:locale\" content=\"es_ES\" \/>\n<meta property=\"og:type\" content=\"article\" \/>\n<meta property=\"og:title\" content=\"C\u00f3mo completar una eTA para viajar a Canad\u00e1\" \/>\n<meta property=\"og:description\" content=\"\u00bfTu pr\u00f3ximo viaje ser\u00e1 a Canad\u00e1? Para poder realizar esta estancia, deber\u00e1s completar un eTA. Descubre c\u00f3mo en este art\u00edculo.\" \/>\n<meta property=\"og:url\" content=\"https:\/\/ave-eta-canada.com\/es\/como-completar-una-eta-para-viajar-a-canada\/\" \/>\n<meta property=\"og:site_name\" content=\"VISA CANAD\u00c1\" \/>\n<meta property=\"article:modified_time\" content=\"2022-05-13T15:27:31+00:00\" \/>\n<meta name=\"twitter:card\" content=\"summary_large_image\" \/>\n<meta name=\"twitter:label1\" content=\"Tiempo de lectura\" \/>\n\t<meta name=\"twitter:data1\" content=\"5 minutos\" \/>\n<script type=\"application\/ld+json\" class=\"yoast-schema-graph\">{\"@context\":\"https:\/\/schema.org\",\"@graph\":[{\"@type\":\"WebPage\",\"@id\":\"https:\/\/ave-eta-canada.com\/es\/como-completar-una-eta-para-viajar-a-canada\/\",\"url\":\"https:\/\/ave-eta-canada.com\/es\/como-completar-una-eta-para-viajar-a-canada\/\",\"name\":\"C\u00f3mo completar una eTA para viajar a Canad\u00e1\",\"isPartOf\":{\"@id\":\"https:\/\/ave-eta-canada.com\/es\/#website\"},\"datePublished\":\"2020-04-23T08:46:55+00:00\",\"dateModified\":\"2022-05-13T15:27:31+00:00\",\"description\":\"\u00bfTu pr\u00f3ximo viaje ser\u00e1 a Canad\u00e1? Para poder realizar esta estancia, deber\u00e1s completar un eTA. Descubre c\u00f3mo en este art\u00edculo.\",\"breadcrumb\":{\"@id\":\"https:\/\/ave-eta-canada.com\/es\/como-completar-una-eta-para-viajar-a-canada\/#breadcrumb\"},\"inLanguage\":\"es\",\"potentialAction\":[{\"@type\":\"ReadAction\",\"target\":[\"https:\/\/ave-eta-canada.com\/es\/como-completar-una-eta-para-viajar-a-canada\/\"]}]},{\"@type\":\"BreadcrumbList\",\"@id\":\"https:\/\/ave-eta-canada.com\/es\/como-completar-una-eta-para-viajar-a-canada\/#breadcrumb\",\"itemListElement\":[{\"@type\":\"ListItem\",\"position\":1,\"name\":\"Home\",\"item\":\"https:\/\/ave-eta-canada.com\/es\/\"},{\"@type\":\"ListItem\",\"position\":2,\"name\":\"C\u00f3mo completar una eTA para viajar a Canad\u00e1\"}]},{\"@type\":\"WebSite\",\"@id\":\"https:\/\/ave-eta-canada.com\/es\/#website\",\"url\":\"https:\/\/ave-eta-canada.com\/es\/\",\"name\":\"VISA CANAD\u00c1\",\"description\":\"Autorisation Voyage Electronique\",\"potentialAction\":[{\"@type\":\"SearchAction\",\"target\":{\"@type\":\"EntryPoint\",\"urlTemplate\":\"https:\/\/ave-eta-canada.com\/es\/?s={search_term_string}\"},\"query-input\":{\"@type\":\"PropertyValueSpecification\",\"valueRequired\":true,\"valueName\":\"search_term_string\"}}],\"inLanguage\":\"es\"}]}<\/script>\n<!-- \/ Yoast SEO plugin. -->","yoast_head_json":{"title":"C\u00f3mo completar una eTA para viajar a Canad\u00e1","description":"\u00bfTu pr\u00f3ximo viaje ser\u00e1 a Canad\u00e1? Para poder realizar esta estancia, deber\u00e1s completar un eTA. Descubre c\u00f3mo en este art\u00edculo.","robots":{"index":"index","follow":"follow","max-snippet":"max-snippet:-1","max-image-preview":"max-image-preview:large","max-video-preview":"max-video-preview:-1"},"canonical":"https:\/\/ave-eta-canada.com\/es\/como-completar-una-eta-para-viajar-a-canada\/","og_locale":"es_ES","og_type":"article","og_title":"C\u00f3mo completar una eTA para viajar a Canad\u00e1","og_description":"\u00bfTu pr\u00f3ximo viaje ser\u00e1 a Canad\u00e1? Para poder realizar esta estancia, deber\u00e1s completar un eTA. Descubre c\u00f3mo en este art\u00edculo.","og_url":"https:\/\/ave-eta-canada.com\/es\/como-completar-una-eta-para-viajar-a-canada\/","og_site_name":"VISA CANAD\u00c1","article_modified_time":"2022-05-13T15:27:31+00:00","twitter_card":"summary_large_image","twitter_misc":{"Tiempo de lectura":"5 minutos"},"schema":{"@context":"https:\/\/schema.org","@graph":[{"@type":"WebPage","@id":"https:\/\/ave-eta-canada.com\/es\/como-completar-una-eta-para-viajar-a-canada\/","url":"https:\/\/ave-eta-canada.com\/es\/como-completar-una-eta-para-viajar-a-canada\/","name":"C\u00f3mo completar una eTA para viajar a Canad\u00e1","isPartOf":{"@id":"https:\/\/ave-eta-canada.com\/es\/#website"},"datePublished":"2020-04-23T08:46:55+00:00","dateModified":"2022-05-13T15:27:31+00:00","description":"\u00bfTu pr\u00f3ximo viaje ser\u00e1 a Canad\u00e1? Para poder realizar esta estancia, deber\u00e1s completar un eTA. Descubre c\u00f3mo en este art\u00edculo.","breadcrumb":{"@id":"https:\/\/ave-eta-canada.com\/es\/como-completar-una-eta-para-viajar-a-canada\/#breadcrumb"},"inLanguage":"es","potentialAction":[{"@type":"ReadAction","target":["https:\/\/ave-eta-canada.com\/es\/como-completar-una-eta-para-viajar-a-canada\/"]}]},{"@type":"BreadcrumbList","@id":"https:\/\/ave-eta-canada.com\/es\/como-completar-una-eta-para-viajar-a-canada\/#breadcrumb","itemListElement":[{"@type":"ListItem","position":1,"name":"Home","item":"https:\/\/ave-eta-canada.com\/es\/"},{"@type":"ListItem","position":2,"name":"C\u00f3mo completar una eTA para viajar a Canad\u00e1"}]},{"@type":"WebSite","@id":"https:\/\/ave-eta-canada.com\/es\/#website","url":"https:\/\/ave-eta-canada.com\/es\/","name":"VISA CANAD\u00c1","description":"Autorisation Voyage Electronique","potentialAction":[{"@type":"SearchAction","target":{"@type":"EntryPoint","urlTemplate":"https:\/\/ave-eta-canada.com\/es\/?s={search_term_string}"},"query-input":{"@type":"PropertyValueSpecification","valueRequired":true,"valueName":"search_term_string"}}],"inLanguage":"es"}]}},"_links":{"self":[{"href":"https:\/\/ave-eta-canada.com\/es\/wp-json\/wp\/v2\/pages\/790","targetHints":{"allow":["GET"]}}],"collection":[{"href":"https:\/\/ave-eta-canada.com\/es\/wp-json\/wp\/v2\/pages"}],"about":[{"href":"https:\/\/ave-eta-canada.com\/es\/wp-json\/wp\/v2\/types\/page"}],"author":[{"embeddable":true,"href":"https:\/\/ave-eta-canada.com\/es\/wp-json\/wp\/v2\/users\/1"}],"replies":[{"embeddable":true,"href":"https:\/\/ave-eta-canada.com\/es\/wp-json\/wp\/v2\/comments?post=790"}],"version-history":[{"count":0,"href":"https:\/\/ave-eta-canada.com\/es\/wp-json\/wp\/v2\/pages\/790\/revisions"}],"wp:attachment":[{"href":"https:\/\/ave-eta-canada.com\/es\/wp-json\/wp\/v2\/media?parent=790"}],"curies":[{"name":"wp","href":"https:\/\/api.w.org\/{rel}","templated":true}]}}