{"id":792,"date":"2020-04-23T09:00:38","date_gmt":"2020-04-23T09:00:38","guid":{"rendered":"https:\/\/ave-eta-canada.com\/como-encontrar-un-eta\/"},"modified":"2022-06-13T08:53:34","modified_gmt":"2022-06-13T08:53:34","slug":"como-encontrar-un-eta","status":"publish","type":"page","link":"https:\/\/ave-eta-canada.com\/es\/como-encontrar-un-eta\/","title":{"rendered":"\u00bfC\u00f3mo encontrar un eTA?"},"content":{"rendered":"\n<h1 class=\"wp-block-heading\">Procedimiento para encontrar su eTA de Canad\u00e1<\/h1>\n\n<p>Canad\u00e1, sus suntuosos paisajes, su jarabe de arce y sus encantadoras ciudades atraen a muchos turistas cada a\u00f1o. <\/p>\n\n<p><strong>Para una estad\u00eda de menos de 6 meses en Canad\u00e1<\/strong> : Puede realizar los tr\u00e1mites para ingresar a Canad\u00e1 directamente a trav\u00e9s de Internet haciendo clic en el <a href=\"https:\/\/ave-eta-canada.com\/es\/formulario-de-eta-canada-en-linea\/\">formulario en l\u00ednea<\/a>. No es necesario obtener una cita en la embajada o consulado canadiense.<\/p>\n\n<p>Si tiene previsto viajar a Canad\u00e1, le explicamos <a href=\"https:\/\/ave-eta-canada.com\/es\/hacer-una-solicitud-oficial-de-eta-canada\/\">c\u00f3mo solicitar una eTA.<\/a> Si ha solicitado una eTA, pero no sabe c\u00f3mo encontrarla, le presentaremos r\u00e1pidamente esta autorizaci\u00f3n de viaje electr\u00f3nica antes de explicarle c\u00f3mo encontrarla.<\/p>\n\n<h2 class=\"wp-block-heading\">\u00bfQu\u00e9 es la Autorizaci\u00f3n de Viaje eTA?<\/h2>\n\n<p>Antes de poder encontrar su eTA, es importante saber qu\u00e9 es y sobre todo entender c\u00f3mo funciona.<\/p>\n\n<p><a href=\"https:\/\/ave-eta-canada.com\/es\/\">La Autorizaci\u00f3n electr\u00f3nica de viaje eTA<\/a> es obligatoria para poder viajar a Canad\u00e1 por un m\u00e1ximo de 6 meses o para transitar antes de un destino final. Los ciudadanos de ciertos pa\u00edses, incluida Espa\u00f1a, est\u00e1n exentos de los requisitos de visa y, por lo tanto, pueden solicitar eTA siempre que tengan un pasaporte v\u00e1lido. Tenga en cuenta que la solicitud de visa es mucho m\u00e1s complicada que la solicitud de eTA.<\/p>\n\n<p><a href=\"https:\/\/ave-eta-canada.com\/es\/validez-eta-canada\/\">El periodo de validez de la eTA<\/a> es de cinco a\u00f1os, lo que permite a los viajeros realizar varias estancias en territorio canadiense salvo que el pasaporte vinculado a la solicitud ya no sea v\u00e1lido. En este caso, deber\u00e1 renovar su pasaporte y presentar una nueva solicitud de eTA.<\/p>\n\n<p>No es necesario ir al consulado o la embajada para solicitar una eTA. Es muy posible <a href=\"https:\/\/ave-eta-canada.com\/es\/cuando-solicitar-la-autorizacion-eta-para-canada\/\">solicitar una eTA<\/a> en el sitio web oficial del gobierno canadiense, todo lo que tiene que hacer es completar el formulario. Sin embargo, si desea ser asistido en este proceso, algunos sitios privados como nuestro socio ofrecen realizar esta tarea por usted.<\/p>\n\n<p>Sea cual sea el m\u00e9todo de pedido, recibir\u00e1 un acuse de recibo, o incluso el acuerdo, en pocos minutos. Sin embargo, la comprobaci\u00f3n puede tardar m\u00e1s, pero normalmente no tardar\u00e1 m\u00e1s de unos pocos d\u00edas.<\/p>\n\n<p>Bueno saber: el eTA te permite viajar a Canad\u00e1, sin embargo, es solo un pase que te permite llegar a suelo canadiense, a\u00fan tendr\u00e1s que pasar por la aduana antes de salir para poder disfrutar plenamente de tu estad\u00eda.<\/p>\n\n<p>\u00bfHa solicitado una eTA <a href=\"https:\/\/ave-eta-canada.com\/es\/como-completar-una-eta-para-viajar-a-canada\/\">completando el formulario en l\u00ednea<\/a> disponible en el sitio web oficial o en una plataforma privada y ya no puede encontrarlo? \u00a1Te explicamos c\u00f3mo proceder para recuperar tu eTA en el siguiente p\u00e1rrafo!<br\/><br\/><\/p>\n\n<h2 class=\"wp-block-heading\">Procedimiento para encontrar su eTA<\/h2>\n\n<p>Los agentes del aeropuerto no le pedir\u00e1n su documento eTA. De hecho, su autorizaci\u00f3n est\u00e1 simplemente vinculada a su n\u00famero de pasaporte y es registrada por los sistemas electr\u00f3nicos. Todo lo que necesita hacer es presentar su pasaporte v\u00e1lido cuando se registre antes de volar a Canad\u00e1 y cuando pase por la aduana.<\/p>\n\n<p>No obstante, si deseas comprobar antes de salir que has recibido la autorizaci\u00f3n, es posible consultar su estado online. Ya sea que haya solicitado su eTA en la plataforma de nuestro socio o en el sitio web del Gobierno de Canad\u00e1, el proceso para encontrarlo sigue siendo el mismo. Para hacer esto, debe visitar el sitio web oficial. Hay una p\u00e1gina dedicada a comprobar el estado de la autorizaci\u00f3n de viaje electr\u00f3nica que le permitir\u00e1 recuperar la eTA. Tenga en cuenta que esta misma p\u00e1gina le permite <a href=\"https:\/\/ave-eta-canada.com\/es\/como-verificar-el-estado-de-su-solicitud-de-eta-canada\/\">consultar el estado de su eTA<\/a> , cuando est\u00e1 pendiente.<\/p>\n\n<p>Se deben completar varios campos, primero debe especificar que es titular de una eTA y que desea consultar su expediente para recuperarlo. A continuaci\u00f3n, deber\u00e1 traer su n\u00famero de AVE; este \u00faltimo le fue enviado por correo electr\u00f3nico. Tambi\u00e9n se le solicitar\u00e1 su n\u00famero de pasaporte, el pa\u00eds de emisi\u00f3n as\u00ed como la fecha de emisi\u00f3n y caducidad del mismo. Una vez facilitada toda la informaci\u00f3n, haz clic en \u201cconsultar el estado de tu solicitud\u201d.<\/p>\n\n<p>\u00a1Aqu\u00ed tienes, acabas de encontrar tu eTA!<\/p>\n\n<p>Para una eTA de Canad\u00e1 perdida, el procedimiento de b\u00fasqueda tambi\u00e9n debe realizarse en el sitio web oficial del gobierno canadiense. Para m\u00e1s informaci\u00f3n, visita este art\u00edculo. <\/p>\n\n<p>\u00a1Le deseamos un maravilloso viaje a Canad\u00e1!<\/p>\n","protected":false},"excerpt":{"rendered":"<p>Procedimiento para encontrar su eTA de Canad\u00e1 Canad\u00e1, sus suntuosos paisajes, su jarabe de arce y sus encantadoras ciudades atraen a muchos turistas cada a\u00f1o. Para una estad\u00eda de menos de 6 meses en Canad\u00e1 : Puede realizar los tr\u00e1mites para ingresar a Canad\u00e1 directamente a trav\u00e9s de Internet haciendo clic en el formulario en [&hellip;]<\/p>\n","protected":false},"author":1,"featured_media":0,"parent":0,"menu_order":0,"comment_status":"closed","ping_status":"closed","template":"","meta":{"footnotes":""},"class_list":["post-792","page","type-page","status-publish","hentry"],"yoast_head":"<!-- This site is optimized with the Yoast SEO plugin v26.9 - https:\/\/yoast.com\/product\/yoast-seo-wordpress\/ -->\n<title>\u00bfC\u00f3mo encontrar un eTA?<\/title>\n<meta name=\"description\" content=\"\u00bfHa solicitado una eTA y le gustar\u00eda recuperarla? Nuestros expertos explican c\u00f3mo encontrar r\u00e1pidamente su eTA.\" \/>\n<meta name=\"robots\" content=\"index, follow, max-snippet:-1, max-image-preview:large, max-video-preview:-1\" \/>\n<link rel=\"canonical\" href=\"https:\/\/ave-eta-canada.com\/es\/como-encontrar-un-eta\/\" \/>\n<meta property=\"og:locale\" content=\"es_ES\" \/>\n<meta property=\"og:type\" content=\"article\" \/>\n<meta property=\"og:title\" content=\"\u00bfC\u00f3mo encontrar un eTA?\" \/>\n<meta property=\"og:description\" content=\"\u00bfHa solicitado una eTA y le gustar\u00eda recuperarla? Nuestros expertos explican c\u00f3mo encontrar r\u00e1pidamente su eTA.\" \/>\n<meta property=\"og:url\" content=\"https:\/\/ave-eta-canada.com\/es\/como-encontrar-un-eta\/\" \/>\n<meta property=\"og:site_name\" content=\"VISA CANAD\u00c1\" \/>\n<meta property=\"article:modified_time\" content=\"2022-06-13T08:53:34+00:00\" \/>\n<meta name=\"twitter:card\" content=\"summary_large_image\" \/>\n<meta name=\"twitter:label1\" content=\"Tiempo de lectura\" \/>\n\t<meta name=\"twitter:data1\" content=\"4 minutos\" \/>\n<script type=\"application\/ld+json\" class=\"yoast-schema-graph\">{\"@context\":\"https:\/\/schema.org\",\"@graph\":[{\"@type\":\"WebPage\",\"@id\":\"https:\/\/ave-eta-canada.com\/es\/como-encontrar-un-eta\/\",\"url\":\"https:\/\/ave-eta-canada.com\/es\/como-encontrar-un-eta\/\",\"name\":\"\u00bfC\u00f3mo encontrar un eTA?\",\"isPartOf\":{\"@id\":\"https:\/\/ave-eta-canada.com\/es\/#website\"},\"datePublished\":\"2020-04-23T09:00:38+00:00\",\"dateModified\":\"2022-06-13T08:53:34+00:00\",\"description\":\"\u00bfHa solicitado una eTA y le gustar\u00eda recuperarla? Nuestros expertos explican c\u00f3mo encontrar r\u00e1pidamente su eTA.\",\"breadcrumb\":{\"@id\":\"https:\/\/ave-eta-canada.com\/es\/como-encontrar-un-eta\/#breadcrumb\"},\"inLanguage\":\"es\",\"potentialAction\":[{\"@type\":\"ReadAction\",\"target\":[\"https:\/\/ave-eta-canada.com\/es\/como-encontrar-un-eta\/\"]}]},{\"@type\":\"BreadcrumbList\",\"@id\":\"https:\/\/ave-eta-canada.com\/es\/como-encontrar-un-eta\/#breadcrumb\",\"itemListElement\":[{\"@type\":\"ListItem\",\"position\":1,\"name\":\"Home\",\"item\":\"https:\/\/ave-eta-canada.com\/es\/\"},{\"@type\":\"ListItem\",\"position\":2,\"name\":\"\u00bfC\u00f3mo encontrar un eTA?\"}]},{\"@type\":\"WebSite\",\"@id\":\"https:\/\/ave-eta-canada.com\/es\/#website\",\"url\":\"https:\/\/ave-eta-canada.com\/es\/\",\"name\":\"VISA CANAD\u00c1\",\"description\":\"Autorisation Voyage Electronique\",\"potentialAction\":[{\"@type\":\"SearchAction\",\"target\":{\"@type\":\"EntryPoint\",\"urlTemplate\":\"https:\/\/ave-eta-canada.com\/es\/?s={search_term_string}\"},\"query-input\":{\"@type\":\"PropertyValueSpecification\",\"valueRequired\":true,\"valueName\":\"search_term_string\"}}],\"inLanguage\":\"es\"}]}<\/script>\n<!-- \/ Yoast SEO plugin. -->","yoast_head_json":{"title":"\u00bfC\u00f3mo encontrar un eTA?","description":"\u00bfHa solicitado una eTA y le gustar\u00eda recuperarla? Nuestros expertos explican c\u00f3mo encontrar r\u00e1pidamente su eTA.","robots":{"index":"index","follow":"follow","max-snippet":"max-snippet:-1","max-image-preview":"max-image-preview:large","max-video-preview":"max-video-preview:-1"},"canonical":"https:\/\/ave-eta-canada.com\/es\/como-encontrar-un-eta\/","og_locale":"es_ES","og_type":"article","og_title":"\u00bfC\u00f3mo encontrar un eTA?","og_description":"\u00bfHa solicitado una eTA y le gustar\u00eda recuperarla? Nuestros expertos explican c\u00f3mo encontrar r\u00e1pidamente su eTA.","og_url":"https:\/\/ave-eta-canada.com\/es\/como-encontrar-un-eta\/","og_site_name":"VISA CANAD\u00c1","article_modified_time":"2022-06-13T08:53:34+00:00","twitter_card":"summary_large_image","twitter_misc":{"Tiempo de lectura":"4 minutos"},"schema":{"@context":"https:\/\/schema.org","@graph":[{"@type":"WebPage","@id":"https:\/\/ave-eta-canada.com\/es\/como-encontrar-un-eta\/","url":"https:\/\/ave-eta-canada.com\/es\/como-encontrar-un-eta\/","name":"\u00bfC\u00f3mo encontrar un eTA?","isPartOf":{"@id":"https:\/\/ave-eta-canada.com\/es\/#website"},"datePublished":"2020-04-23T09:00:38+00:00","dateModified":"2022-06-13T08:53:34+00:00","description":"\u00bfHa solicitado una eTA y le gustar\u00eda recuperarla? Nuestros expertos explican c\u00f3mo encontrar r\u00e1pidamente su eTA.","breadcrumb":{"@id":"https:\/\/ave-eta-canada.com\/es\/como-encontrar-un-eta\/#breadcrumb"},"inLanguage":"es","potentialAction":[{"@type":"ReadAction","target":["https:\/\/ave-eta-canada.com\/es\/como-encontrar-un-eta\/"]}]},{"@type":"BreadcrumbList","@id":"https:\/\/ave-eta-canada.com\/es\/como-encontrar-un-eta\/#breadcrumb","itemListElement":[{"@type":"ListItem","position":1,"name":"Home","item":"https:\/\/ave-eta-canada.com\/es\/"},{"@type":"ListItem","position":2,"name":"\u00bfC\u00f3mo encontrar un eTA?"}]},{"@type":"WebSite","@id":"https:\/\/ave-eta-canada.com\/es\/#website","url":"https:\/\/ave-eta-canada.com\/es\/","name":"VISA CANAD\u00c1","description":"Autorisation Voyage Electronique","potentialAction":[{"@type":"SearchAction","target":{"@type":"EntryPoint","urlTemplate":"https:\/\/ave-eta-canada.com\/es\/?s={search_term_string}"},"query-input":{"@type":"PropertyValueSpecification","valueRequired":true,"valueName":"search_term_string"}}],"inLanguage":"es"}]}},"_links":{"self":[{"href":"https:\/\/ave-eta-canada.com\/es\/wp-json\/wp\/v2\/pages\/792","targetHints":{"allow":["GET"]}}],"collection":[{"href":"https:\/\/ave-eta-canada.com\/es\/wp-json\/wp\/v2\/pages"}],"about":[{"href":"https:\/\/ave-eta-canada.com\/es\/wp-json\/wp\/v2\/types\/page"}],"author":[{"embeddable":true,"href":"https:\/\/ave-eta-canada.com\/es\/wp-json\/wp\/v2\/users\/1"}],"replies":[{"embeddable":true,"href":"https:\/\/ave-eta-canada.com\/es\/wp-json\/wp\/v2\/comments?post=792"}],"version-history":[{"count":0,"href":"https:\/\/ave-eta-canada.com\/es\/wp-json\/wp\/v2\/pages\/792\/revisions"}],"wp:attachment":[{"href":"https:\/\/ave-eta-canada.com\/es\/wp-json\/wp\/v2\/media?parent=792"}],"curies":[{"name":"wp","href":"https:\/\/api.w.org\/{rel}","templated":true}]}}