{"id":794,"date":"2020-04-23T09:12:34","date_gmt":"2020-04-23T09:12:34","guid":{"rendered":"https:\/\/ave-eta-canada.com\/como-encontrar-un-ave-de-canada-perdido\/"},"modified":"2022-06-13T08:47:46","modified_gmt":"2022-06-13T08:47:46","slug":"como-encontrar-un-ave-de-canada-perdido","status":"publish","type":"page","link":"https:\/\/ave-eta-canada.com\/es\/como-encontrar-un-ave-de-canada-perdido\/","title":{"rendered":"\u00bfC\u00f3mo encontrar una eTA de Canad\u00e1 perdida?"},"content":{"rendered":"\n<h1 class=\"wp-block-heading\">Encuentre una eTA de Canad\u00e1 perdida<\/h1>\n\n<p>Naturaleza, amplios espacios abiertos y una c\u00e1lida bienvenida, Canad\u00e1 es un pa\u00eds con muchos recursos. Al igual que el ESTA para viajar a Estados Unidos, visitar Canad\u00e1 requiere una autorizaci\u00f3n de viaje que te permitir\u00e1 viajar al pa\u00eds del Extremo Norte.<\/p>\n\n<p><strong>Para una estad\u00eda de menos de 6 meses en Canad\u00e1<\/strong> : Puede realizar los tr\u00e1mites para ingresar a Canad\u00e1 directamente a trav\u00e9s de Internet haciendo clic en el <a href=\"https:\/\/ave-eta-canada.com\/es\/formulario-de-eta-canada-en-linea\/\">formulario en l\u00ednea<\/a>. No es necesario obtener una cita en la embajada o consulado canadiense.<\/p>\n\n<p>Si obtuvo su Autorizaci\u00f3n electr\u00f3nica de viaje eTA de Canad\u00e1 pero ya no tiene prueba de ello, no entre en p\u00e1nico. Le mostraremos el procedimiento necesario para encontrar su eTA de Canad\u00e1 perdida.<\/p>\n\n<h2 class=\"wp-block-heading\">Procedimiento para recuperar la autorizaci\u00f3n electr\u00f3nica de viaje extraviada<\/h2>\n\n<p>La eTA Canada, o Electronic Travel Authorization, es un documento oficial que le permite viajar a Canad\u00e1 sin una visa canadiense. En comparaci\u00f3n con ESTA, el eTA tiene una fecha de validez m\u00e1s larga y un tiempo de permiso de residencia m\u00e1s largo. De hecho, la eTA de Canad\u00e1 es v\u00e1lida por 5 a\u00f1os a partir del d\u00eda de emisi\u00f3n y permite un tiempo <a href=\"https:\/\/ave-eta-canada.com\/es\/eta-canada-periodo-de-validez\/\">m\u00e1ximo de viaje<\/a> de 6 meses en territorio canadiense. <\/p>\n\n<p>Cuando se valide su solicitud de eTA, recibir\u00e1 un acuse de recibo de IRCC (Inmigraci\u00f3n, Refugiados y Ciudadan\u00eda de Canad\u00e1) en la direcci\u00f3n que proporcion\u00f3, a m\u00e1s tardar 72 horas despu\u00e9s de enviar el formulario en l\u00ednea. En este correo electr\u00f3nico, recibir\u00e1 un n\u00famero de solicitud que se utilizar\u00e1 para encontrar su autorizaci\u00f3n de viaje electr\u00f3nica perdida. La respuesta a su solicitud puede tardar unos minutos o unos d\u00edas.<\/p>\n\n<p>Gracias a los sistemas electr\u00f3nicos, su n\u00famero de pasaporte est\u00e1 directamente relacionado con el n\u00famero de su Canad\u00e1 eTA perdido, recibido en el acuse de recibo. Como resultado, no necesitar\u00e1 la versi\u00f3n impresa de su autorizaci\u00f3n para viajar a Canad\u00e1 ni encontrar\u00e1 su <a href=\"https:\/\/ave-eta-canada.com\/es\/como-encontrar-un-ave-de-canada-perdido\/\">eTA de Canad\u00e1 perdida<\/a>, \u00a1 porque de hecho nunca se pierde! Su autorizaci\u00f3n eTA todav\u00eda est\u00e1 almacenada en el sitio del gobierno canadiense.<\/p>\n\n<p>Durante el control de identidad, al pasar por la aduana, el oficial de inmigraci\u00f3n le pedir\u00e1 que presente su pasaporte v\u00e1lido (que cubre la duraci\u00f3n total de su viaje). A trav\u00e9s de su pasaporte, encontrar\u00e1 su eTA ya que est\u00e1 adjunta electr\u00f3nicamente. El agente puede solicitarle otros documentos, como su billete (billete de ida y vuelta o billete de vuelta a su destino final). Trat\u00e1ndose del viaje de un ni\u00f1o menor de edad que viaje solo, el ni\u00f1o deber\u00e1 presentar su pasaporte, copia del acta de nacimiento y carta de autorizaci\u00f3n de los padres (direcciones y tel\u00e9fonos de los padres y del responsable del ni\u00f1o en Canad\u00e1).<\/p>\n\n<p>Aqu\u00ed hay algunos consejos de viaje antes de ir:<\/p>\n\n<ul class=\"wp-block-list\"><li>comprobar la validez de su pasaporte electr\u00f3nico o biom\u00e9trico (no debe llegar a su fecha de caducidad durante el viaje);<\/li><li>comprobar que los datos personales introducidos en el pasaporte no hayan sido modificados tras la obtenci\u00f3n de la eTA (direcci\u00f3n, apellidos, nombre, etc.).<\/li><\/ul>\n\n<p>Si uno de estos dos elementos no se respeta, no se arriesgue y renueve su pasaporte y luego, posteriormente, solicite una nueva autorizaci\u00f3n eTA.<\/p>\n\n<h3 class=\"wp-block-heading\">No recib\u00ed un correo electr\u00f3nico de confirmaci\u00f3n.<\/h3>\n\n<p>Despu\u00e9s de enviar su formulario de solicitud de eTA, debe recibir dos correos electr\u00f3nicos: un acuse de recibo y la respuesta a su solicitud de eTA.<\/p>\n\n<p>Si no ha recibido su correo electr\u00f3nico de confirmaci\u00f3n acusando recibo de su solicitud dentro de las 72 horas, deber\u00e1 completar un formulario en el sitio en l\u00ednea del gobierno canadiense, llamado formulario web IRCC. Tenga en cuenta que tomar\u00e1 varios d\u00edas obtener una respuesta a su solicitud.<\/p>\n\n<p>Tambi\u00e9n aseg\u00farese de revisar su correo no deseado ya que algunos filtros pueden bloquear los correos electr\u00f3nicos de IRCC. Esto es tanto m\u00e1s importante cuanto que tambi\u00e9n recibir\u00e1 su respuesta por correo electr\u00f3nico. Tres escenarios son posibles:<\/p>\n\n<ul class=\"wp-block-list\"><li>aprobaci\u00f3n, su solicitud es validada. El correo electr\u00f3nico contiene su n\u00famero de eTA, su fecha de caducidad y el n\u00famero de pasaporte en cuesti\u00f3n.<\/li><li>solicitud de informaci\u00f3n adicional. Todas las instrucciones se incluir\u00e1n en el correo electr\u00f3nico. Tenga en cuenta que es posible que deba enviar su solicitud a la Embajada de Canad\u00e1 durante una entrevista con un funcionario consular;<\/li><li>negativa, las autoridades canadienses no pudieron cumplir con su solicitud. La solicitud de visa se puede hacer a los servicios consulares.<br\/><br\/><\/li><\/ul>\n\n<h2 class=\"wp-block-heading\">\u00bfC\u00f3mo verifico mi solicitud de eTA?<\/h2>\n\n<p>Si desea encontrar su autorizaci\u00f3n de viaje electr\u00f3nica perdida para <a href=\"https:\/\/ave-eta-canada.com\/es\/como-verificar-el-estado-de-su-solicitud-de-eta-canada\/\">verificar el estado de la eTA<\/a> o su validez, simplemente vaya al sitio privado que visit\u00f3 (y vaya a su espacio personal) o al sitio web del gobierno canadiense.<\/p>\n\n<p>Para encontrar una eTA de Canad\u00e1 perdida en el sitio web oficial, necesita:<\/p>\n\n<ul class=\"wp-block-list\"><li>especificar que es titular de una eTA y que desea consultar su archivo electr\u00f3nico de autorizaci\u00f3n de viaje perdido;<\/li><li>ingrese el n\u00famero de eTA que le fue enviado previamente por correo electr\u00f3nico;<\/li><li>ingrese su n\u00famero de pasaporte, fecha de emisi\u00f3n y vencimiento;<\/li><li>su pa\u00eds de emisi\u00f3n;<\/li><li>haga clic en \u201cverificar el estado de su solicitud\u201d;<\/li><li>Y ah\u00ed lo tiene, \u00a1ha encontrado su Canad\u00e1 eTA perdido!<\/li><\/ul>\n\n<p>Esta herramienta de verificaci\u00f3n funciona solo para personas que hayan solicitado una eTA para una estad\u00eda tur\u00edstica, un viaje de negocios o un viaje de tr\u00e1nsito, as\u00ed como para aquellos que hayan tenido que renovar su pasaporte despu\u00e9s de haber recibido una carta de presentaci\u00f3n para un IEC (International Experience Canada). ). Sin embargo, la herramienta no es \u00fatil para los viajeros que han obtenido su eTA autom\u00e1ticamente junto con su carta de presentaci\u00f3n para un permiso de trabajo, pr\u00e1cticas o estudios.<br\/><br\/><\/p>\n\n<h2 class=\"wp-block-heading\">\u00bfDebo imprimir mi solicitud de eTA?<\/h2>\n\n<p>No es necesario imprimir su eTA, est\u00e1 vinculada electr\u00f3nicamente a su pasaporte. En otras palabras, para presentar su autorizaci\u00f3n eTA, debe viajar con el pasaporte que utiliz\u00f3 durante la solicitud. <\/p>\n\n<p>Por \u00faltimo, recuerda que la autorizaci\u00f3n eTA no es una autorizaci\u00f3n para entrar en territorio canadiense, sino una autorizaci\u00f3n de viaje. Es decir, te autoriza a llegar por v\u00eda a\u00e9rea a Canad\u00e1. Despu\u00e9s de aterrizar, solo la aduana canadiense puede juzgar su admisibilidad.<\/p>\n\n<p>Para m\u00e1s informaci\u00f3n sobre la autorizaci\u00f3n del eTA, te damos cita en nuestras <a href=\"https:\/\/ave-eta-canada.com\/es\/preguntas-frecuentes-de-eta-canada-respuestas-a-tus-preguntas\/\">FAQ<\/a>.<\/p>\n","protected":false},"excerpt":{"rendered":"<p>Encuentre una eTA de Canad\u00e1 perdida Naturaleza, amplios espacios abiertos y una c\u00e1lida bienvenida, Canad\u00e1 es un pa\u00eds con muchos recursos. Al igual que el ESTA para viajar a Estados Unidos, visitar Canad\u00e1 requiere una autorizaci\u00f3n de viaje que te permitir\u00e1 viajar al pa\u00eds del Extremo Norte. Para una estad\u00eda de menos de 6 meses [&hellip;]<\/p>\n","protected":false},"author":1,"featured_media":0,"parent":0,"menu_order":0,"comment_status":"closed","ping_status":"closed","template":"","meta":{"footnotes":""},"class_list":["post-794","page","type-page","status-publish","hentry"],"yoast_head":"<!-- This site is optimized with the Yoast SEO plugin v26.9 - https:\/\/yoast.com\/product\/yoast-seo-wordpress\/ -->\n<title>\u00bfC\u00f3mo encontrar una eTA de Canad\u00e1 perdida?<\/title>\n<meta name=\"description\" content=\"\u00bfSe dio cuenta y obtuvo su eTA de Canad\u00e1, excepto que le es imposible tenerla en sus manos? Encuentra los pasos a seguir en este art\u00edculo.\" \/>\n<meta name=\"robots\" content=\"index, follow, max-snippet:-1, max-image-preview:large, max-video-preview:-1\" \/>\n<link rel=\"canonical\" href=\"https:\/\/ave-eta-canada.com\/es\/como-encontrar-un-ave-de-canada-perdido\/\" \/>\n<meta property=\"og:locale\" content=\"es_ES\" \/>\n<meta property=\"og:type\" content=\"article\" \/>\n<meta property=\"og:title\" content=\"\u00bfC\u00f3mo encontrar una eTA de Canad\u00e1 perdida?\" \/>\n<meta property=\"og:description\" content=\"\u00bfSe dio cuenta y obtuvo su eTA de Canad\u00e1, excepto que le es imposible tenerla en sus manos? Encuentra los pasos a seguir en este art\u00edculo.\" \/>\n<meta property=\"og:url\" content=\"https:\/\/ave-eta-canada.com\/es\/como-encontrar-un-ave-de-canada-perdido\/\" \/>\n<meta property=\"og:site_name\" content=\"VISA CANAD\u00c1\" \/>\n<meta property=\"article:modified_time\" content=\"2022-06-13T08:47:46+00:00\" \/>\n<meta name=\"twitter:card\" content=\"summary_large_image\" \/>\n<meta name=\"twitter:label1\" content=\"Tiempo de lectura\" \/>\n\t<meta name=\"twitter:data1\" content=\"6 minutos\" \/>\n<script type=\"application\/ld+json\" class=\"yoast-schema-graph\">{\"@context\":\"https:\/\/schema.org\",\"@graph\":[{\"@type\":\"WebPage\",\"@id\":\"https:\/\/ave-eta-canada.com\/es\/como-encontrar-un-ave-de-canada-perdido\/\",\"url\":\"https:\/\/ave-eta-canada.com\/es\/como-encontrar-un-ave-de-canada-perdido\/\",\"name\":\"\u00bfC\u00f3mo encontrar una eTA de Canad\u00e1 perdida?\",\"isPartOf\":{\"@id\":\"https:\/\/ave-eta-canada.com\/es\/#website\"},\"datePublished\":\"2020-04-23T09:12:34+00:00\",\"dateModified\":\"2022-06-13T08:47:46+00:00\",\"description\":\"\u00bfSe dio cuenta y obtuvo su eTA de Canad\u00e1, excepto que le es imposible tenerla en sus manos? Encuentra los pasos a seguir en este art\u00edculo.\",\"breadcrumb\":{\"@id\":\"https:\/\/ave-eta-canada.com\/es\/como-encontrar-un-ave-de-canada-perdido\/#breadcrumb\"},\"inLanguage\":\"es\",\"potentialAction\":[{\"@type\":\"ReadAction\",\"target\":[\"https:\/\/ave-eta-canada.com\/es\/como-encontrar-un-ave-de-canada-perdido\/\"]}]},{\"@type\":\"BreadcrumbList\",\"@id\":\"https:\/\/ave-eta-canada.com\/es\/como-encontrar-un-ave-de-canada-perdido\/#breadcrumb\",\"itemListElement\":[{\"@type\":\"ListItem\",\"position\":1,\"name\":\"Home\",\"item\":\"https:\/\/ave-eta-canada.com\/es\/\"},{\"@type\":\"ListItem\",\"position\":2,\"name\":\"\u00bfC\u00f3mo encontrar una eTA de Canad\u00e1 perdida?\"}]},{\"@type\":\"WebSite\",\"@id\":\"https:\/\/ave-eta-canada.com\/es\/#website\",\"url\":\"https:\/\/ave-eta-canada.com\/es\/\",\"name\":\"VISA CANAD\u00c1\",\"description\":\"Autorisation Voyage Electronique\",\"potentialAction\":[{\"@type\":\"SearchAction\",\"target\":{\"@type\":\"EntryPoint\",\"urlTemplate\":\"https:\/\/ave-eta-canada.com\/es\/?s={search_term_string}\"},\"query-input\":{\"@type\":\"PropertyValueSpecification\",\"valueRequired\":true,\"valueName\":\"search_term_string\"}}],\"inLanguage\":\"es\"}]}<\/script>\n<!-- \/ Yoast SEO plugin. -->","yoast_head_json":{"title":"\u00bfC\u00f3mo encontrar una eTA de Canad\u00e1 perdida?","description":"\u00bfSe dio cuenta y obtuvo su eTA de Canad\u00e1, excepto que le es imposible tenerla en sus manos? Encuentra los pasos a seguir en este art\u00edculo.","robots":{"index":"index","follow":"follow","max-snippet":"max-snippet:-1","max-image-preview":"max-image-preview:large","max-video-preview":"max-video-preview:-1"},"canonical":"https:\/\/ave-eta-canada.com\/es\/como-encontrar-un-ave-de-canada-perdido\/","og_locale":"es_ES","og_type":"article","og_title":"\u00bfC\u00f3mo encontrar una eTA de Canad\u00e1 perdida?","og_description":"\u00bfSe dio cuenta y obtuvo su eTA de Canad\u00e1, excepto que le es imposible tenerla en sus manos? Encuentra los pasos a seguir en este art\u00edculo.","og_url":"https:\/\/ave-eta-canada.com\/es\/como-encontrar-un-ave-de-canada-perdido\/","og_site_name":"VISA CANAD\u00c1","article_modified_time":"2022-06-13T08:47:46+00:00","twitter_card":"summary_large_image","twitter_misc":{"Tiempo de lectura":"6 minutos"},"schema":{"@context":"https:\/\/schema.org","@graph":[{"@type":"WebPage","@id":"https:\/\/ave-eta-canada.com\/es\/como-encontrar-un-ave-de-canada-perdido\/","url":"https:\/\/ave-eta-canada.com\/es\/como-encontrar-un-ave-de-canada-perdido\/","name":"\u00bfC\u00f3mo encontrar una eTA de Canad\u00e1 perdida?","isPartOf":{"@id":"https:\/\/ave-eta-canada.com\/es\/#website"},"datePublished":"2020-04-23T09:12:34+00:00","dateModified":"2022-06-13T08:47:46+00:00","description":"\u00bfSe dio cuenta y obtuvo su eTA de Canad\u00e1, excepto que le es imposible tenerla en sus manos? Encuentra los pasos a seguir en este art\u00edculo.","breadcrumb":{"@id":"https:\/\/ave-eta-canada.com\/es\/como-encontrar-un-ave-de-canada-perdido\/#breadcrumb"},"inLanguage":"es","potentialAction":[{"@type":"ReadAction","target":["https:\/\/ave-eta-canada.com\/es\/como-encontrar-un-ave-de-canada-perdido\/"]}]},{"@type":"BreadcrumbList","@id":"https:\/\/ave-eta-canada.com\/es\/como-encontrar-un-ave-de-canada-perdido\/#breadcrumb","itemListElement":[{"@type":"ListItem","position":1,"name":"Home","item":"https:\/\/ave-eta-canada.com\/es\/"},{"@type":"ListItem","position":2,"name":"\u00bfC\u00f3mo encontrar una eTA de Canad\u00e1 perdida?"}]},{"@type":"WebSite","@id":"https:\/\/ave-eta-canada.com\/es\/#website","url":"https:\/\/ave-eta-canada.com\/es\/","name":"VISA CANAD\u00c1","description":"Autorisation Voyage Electronique","potentialAction":[{"@type":"SearchAction","target":{"@type":"EntryPoint","urlTemplate":"https:\/\/ave-eta-canada.com\/es\/?s={search_term_string}"},"query-input":{"@type":"PropertyValueSpecification","valueRequired":true,"valueName":"search_term_string"}}],"inLanguage":"es"}]}},"_links":{"self":[{"href":"https:\/\/ave-eta-canada.com\/es\/wp-json\/wp\/v2\/pages\/794","targetHints":{"allow":["GET"]}}],"collection":[{"href":"https:\/\/ave-eta-canada.com\/es\/wp-json\/wp\/v2\/pages"}],"about":[{"href":"https:\/\/ave-eta-canada.com\/es\/wp-json\/wp\/v2\/types\/page"}],"author":[{"embeddable":true,"href":"https:\/\/ave-eta-canada.com\/es\/wp-json\/wp\/v2\/users\/1"}],"replies":[{"embeddable":true,"href":"https:\/\/ave-eta-canada.com\/es\/wp-json\/wp\/v2\/comments?post=794"}],"version-history":[{"count":0,"href":"https:\/\/ave-eta-canada.com\/es\/wp-json\/wp\/v2\/pages\/794\/revisions"}],"wp:attachment":[{"href":"https:\/\/ave-eta-canada.com\/es\/wp-json\/wp\/v2\/media?parent=794"}],"curies":[{"name":"wp","href":"https:\/\/api.w.org\/{rel}","templated":true}]}}