{"id":800,"date":"2020-04-23T09:38:06","date_gmt":"2020-04-23T09:38:06","guid":{"rendered":"https:\/\/ave-eta-canada.com\/como-verificar-el-estado-de-su-solicitud-de-eta-canada\/"},"modified":"2022-09-09T19:32:31","modified_gmt":"2022-09-09T19:32:31","slug":"como-verificar-el-estado-de-su-solicitud-de-eta-canada","status":"publish","type":"page","link":"https:\/\/ave-eta-canada.com\/es\/como-verificar-el-estado-de-su-solicitud-de-eta-canada\/","title":{"rendered":"\u00bfC\u00f3mo comprobar el estado de su solicitud de eTA de Canad\u00e1?"},"content":{"rendered":"\n<h1 class=\"wp-block-heading\">Viajar a Canad\u00e1: consulta el estado de tu solicitud de eTA<\/h1>\n\n<p>Todos los viajes a Canad\u00e1 requieren la obtenci\u00f3n de una autorizaci\u00f3n de viaje. Si se trata de una estancia larga, tendr\u00e1 que solicitar un visado.  <\/p>\n\n<p><strong>Para una estad\u00eda de menos de 6 meses en Canad\u00e1<\/strong> : Puede realizar los tr\u00e1mites para ingresar a Canad\u00e1 directamente a trav\u00e9s de Internet haciendo clic en el <a href=\"https:\/\/ave-eta-canada.com\/es\/formulario-de-eta-canada-en-linea\/\">formulario en l\u00ednea<\/a>. No es necesario obtener una cita en la embajada o consulado canadiense.<\/p>\n\n<p>Te explicamos a continuaci\u00f3n c\u00f3mo comprobar el estado de tu Autorizaci\u00f3n de Viaje tras completar la solicitud online.<br\/><\/p>\n\n<h2 class=\"wp-block-heading\">Estado eTA: el paso de la solicitud online<\/h2>\n\n<p><a href=\"https:\/\/ave-eta-canada.com\/es\/\">El eTA (Autorizaci\u00f3n Electr\u00f3nica de Viaje)<\/a>, te permite permanecer durante 6 meses consecutivos en Canad\u00e1. A diferencia de la visa canadiense, esta autorizaci\u00f3n de viaje solo se puede obtener en l\u00ednea. Su proceso de obtenci\u00f3n es relativamente sencillo, es necesario seguir el mismo procedimiento que para la solicitud de un ESTA para viajar a Estados Unidos, es decir rellenar un formulario online.<\/p>\n\n<p><a href=\"https:\/\/ave-eta-canada.com\/es\/complete-el-formulario-eta-para-canada\/\">El formulario eTA<\/a> es accesible en muchos sitios. Puede optar por completarlo en el sitio web oficial del gobierno canadiense o enviar su solicitud a trav\u00e9s de nuestro sitio asociado.<\/p>\n\n<p>Si ya tiene una visa de Canad\u00e1, un permiso de trabajo o incluso una tarjeta de residente permanente, sepa que no necesita solicitar una eTA.<\/p>\n\n<h3 class=\"wp-block-heading\">Rellenar el formulario eTA de Canad\u00e1<\/h3>\n\n<p>Al completar el <a href=\"https:\/\/ave-eta-canada.com\/es\/como-completar-una-eta-para-viajar-a-canada\/\">formulario en l\u00ednea,<\/a> deber\u00e1 proporcionar la informaci\u00f3n principal que figura en su pasaporte (nombre, fecha, lugar de nacimiento, sexo, direcci\u00f3n, nacionalidad, n\u00famero de pasaporte, etc.). Despu\u00e9s de completar su estado civil, aparecer\u00e1 un breve cuestionario. Luego deber\u00e1 responder varias preguntas relacionadas con su salud, su trabajo actual y su historial legal.<\/p>\n\n<p>El \u00faltimo paso para validar tu expediente eTA es el pago online. Para este tr\u00e1mite, simplemente traiga su tarjeta de cr\u00e9dito (Visa, MasterCard o American Express) y complete sus datos bancarios.<br\/><br\/><\/p>\n\n<h2 class=\"wp-block-heading\">Los diferentes estados de solicitud de eTA<\/h2>\n\n<p>Una vez que haya pagado la <a href=\"https:\/\/ave-eta-canada.com\/es\/eta-canada-su-precio\/\">tasa de la PVE<\/a>, deber\u00eda recibir un correo electr\u00f3nico de las autoridades canadienses inform\u00e1ndole de que se ha recibido su solicitud y de que se est\u00e1 revisando su expediente.<\/p>\n\n<p>Las respuestas ingresadas en el formulario en l\u00ednea son analizadas por IRCC (Inmigraci\u00f3n, Refugiados y Ciudadan\u00eda de Canad\u00e1). Por lo tanto, este organismo de gobierno estudiar\u00e1 cada solicitud de eTA para garantizar que cada nacional no represente ning\u00fan peligro para la seguridad interna del pa\u00eds. Al final de este an\u00e1lisis, su solicitud de eTA puede tener tres estados: \u00absolicitud autorizada\u00bb, \u00absolicitud pendiente\u00bb o \u00absolicitud rechazada\u00bb.<\/p>\n\n<h3 class=\"wp-block-heading\">Estado: Canad\u00e1 eTA pendiente<\/h3>\n\n<p>La mayor\u00eda de las solicitudes conducen a la aprobaci\u00f3n de la solicitud de eTA minutos despu\u00e9s de enviar el archivo. No obstante, puede ocurrir que la solicitud requiera mayores demoras. Si el estado de su solicitud de eTA est\u00e1 pendiente, recibir\u00e1 un correo electr\u00f3nico del IRCC en cuesti\u00f3n de horas o d\u00edas. Es posible que se le solicite, por ejemplo, que proporcione ciertos documentos de respaldo o informaci\u00f3n adicional.<\/p>\n\n<p>Es posible seguir el progreso de la solicitud de eTA gracias a la herramienta de verificaci\u00f3n puesta a disposici\u00f3n por el Gobierno de Canad\u00e1. Para hacer esto, necesitas:<\/p>\n\n<ul class=\"wp-block-list\"><li>su n\u00famero de solicitud eTA comunicado por correo electr\u00f3nico;<\/li><li>cierta informaci\u00f3n del pasaporte con el que realiz\u00f3 la solicitud (pa\u00eds de emisi\u00f3n, n\u00famero de pasaporte, fecha de emisi\u00f3n y fecha de caducidad).<\/li><\/ul>\n\n<p>Tenga en cuenta que esta herramienta tambi\u00e9n es \u00fatil si ya tiene una autorizaci\u00f3n de viaje temporal pero desea <a>encontrar su eTA<\/a> para consultar su archivo.<\/p>\n\n<h3 class=\"wp-block-heading\">Estado: Canad\u00e1 eTA aprobado<\/h3>\n\n<p>Cuando su solicitud de eTA de Canad\u00e1 reciba el estado \u00abaprobado\u00bb, recibir\u00e1 su n\u00famero de eTA por correo electr\u00f3nico junto con la fecha de vencimiento y el n\u00famero de pasaporte asociado con la autorizaci\u00f3n de viaje.<\/p>\n\n<p>En posesi\u00f3n del eTA, puedes ir a Canad\u00e1 y permanecer menos de seis meses en el pa\u00eds del arce. El per\u00edodo de validez de la eTA es de 5 a\u00f1os, es decir, puede visitar Canad\u00e1 tantas veces como desee durante este per\u00edodo, siempre que respete la duraci\u00f3n m\u00e1xima de la estad\u00eda (m\u00e1ximo 6 meses) y que tenga un pasaporte v\u00e1lido.<\/p>\n\n<p>Tenga en cuenta que tener un estado de eTA de Canad\u00e1 \u00abaprobado\u00bb no significa necesariamente que est\u00e9 autorizado para ingresar al territorio canadiense, solo lo autoriza a salir de Canad\u00e1 por v\u00eda a\u00e9rea. Cuando llegue a la frontera, ser\u00e1 revisado por un oficial de servicios fronterizos, la \u00fanica persona autorizada para confirmar su ingreso a Canad\u00e1.<\/p>\n\n<h3 class=\"wp-block-heading\">Estado: Canad\u00e1 eTA rechazada<\/h3>\n\n<p>Es raro que el estado canadiense rechace las solicitudes de permisos de residencia temporal. Si despu\u00e9s de verificar el estado de su eTA de Canad\u00e1, encuentra que su solicitud ha sido rechazada, primero verifique que esto no se deba a un error por descuido al completar el formulario en l\u00ednea. Como la mayor parte de la informaci\u00f3n no se puede cambiar despu\u00e9s de enviar la solicitud, deber\u00e1 volver a presentar la solicitud en l\u00ednea y pagar las tarifas necesarias.<\/p>\n\n<p>Para poner las probabilidades de su lado para obtener el estado de eTA \u00abaprobado\u00bb y viajar a Canad\u00e1 con tranquilidad, le sugerimos que presente su solicitud a trav\u00e9s de nuestro sitio asociado. Sus equipos de profesionales se encargar\u00e1n de revisar su expediente en todos sus aspectos y corregir errores y omisiones si es necesario.<\/p>\n\n<p>Si no aparece ning\u00fan error, es probable que no cumpla con uno <a href=\"https:\/\/ave-eta-canada.com\/es\/todo-sobre-las-condiciones-del-eta-para-viajar-a-canada\/\">de los requisitos de elegibilidad de la eTA<\/a> . Como recordatorio, estos son los diversos puntos que deben respetarse para beneficiarse del estado eTA \u00abaprobado\u00bb:<\/p>\n\n<ul class=\"wp-block-list\"><li>tener la nacionalidad de un pa\u00eds elegible para la exenci\u00f3n de visa (los ciudadanos franceses son elegibles);<\/li><li>viajar a Canad\u00e1 como parte de una estad\u00eda tur\u00edstica o un viaje de negocios;<\/li><li>no permanecer m\u00e1s de seis meses; <\/li><li>tener un pasaporte biom\u00e9trico o electr\u00f3nico v\u00e1lido.<\/li><\/ul>\n\n<p>Como habr\u00e1s entendido, si quieres estudiar en Canad\u00e1, hacer pr\u00e1cticas o trabajar all\u00ed, el eTA no se te puede aplicar. Luego deber\u00e1 ir a la Embajada de Canad\u00e1 y <a href=\"https:\/\/ave-eta-canada.com\/es\/whv-canada-como-obtener-un-permiso-de-vacaciones-de-trabajo\/\">solicitar una visa o PVT<\/a> (este proceso tambi\u00e9n es posible en el consulado).<\/p>\n","protected":false},"excerpt":{"rendered":"<p>Viajar a Canad\u00e1: consulta el estado de tu solicitud de eTA Todos los viajes a Canad\u00e1 requieren la obtenci\u00f3n de una autorizaci\u00f3n de viaje. Si se trata de una estancia larga, tendr\u00e1 que solicitar un visado. Para una estad\u00eda de menos de 6 meses en Canad\u00e1 : Puede realizar los tr\u00e1mites para ingresar a Canad\u00e1 [&hellip;]<\/p>\n","protected":false},"author":1,"featured_media":0,"parent":0,"menu_order":0,"comment_status":"closed","ping_status":"closed","template":"","meta":{"footnotes":""},"class_list":["post-800","page","type-page","status-publish","hentry"],"yoast_head":"<!-- This site is optimized with the Yoast SEO plugin v26.9 - https:\/\/yoast.com\/product\/yoast-seo-wordpress\/ -->\n<title>\u00bfC\u00f3mo comprobar el estado de su solicitud de eTA de Canad\u00e1?<\/title>\n<meta name=\"description\" content=\"La solicitud de eTA requiere completar un formulario en l\u00ednea. Despu\u00e9s de enviar el cuestionario, el gobierno canadiense asignar\u00e1 un estado a su solicitud de eTA.\" \/>\n<meta name=\"robots\" content=\"index, follow, max-snippet:-1, max-image-preview:large, max-video-preview:-1\" \/>\n<link rel=\"canonical\" href=\"https:\/\/ave-eta-canada.com\/es\/como-verificar-el-estado-de-su-solicitud-de-eta-canada\/\" \/>\n<meta property=\"og:locale\" content=\"es_ES\" \/>\n<meta property=\"og:type\" content=\"article\" \/>\n<meta property=\"og:title\" content=\"\u00bfC\u00f3mo comprobar el estado de su solicitud de eTA de Canad\u00e1?\" \/>\n<meta property=\"og:description\" content=\"La solicitud de eTA requiere completar un formulario en l\u00ednea. Despu\u00e9s de enviar el cuestionario, el gobierno canadiense asignar\u00e1 un estado a su solicitud de eTA.\" \/>\n<meta property=\"og:url\" content=\"https:\/\/ave-eta-canada.com\/es\/como-verificar-el-estado-de-su-solicitud-de-eta-canada\/\" \/>\n<meta property=\"og:site_name\" content=\"VISA CANAD\u00c1\" \/>\n<meta property=\"article:modified_time\" content=\"2022-09-09T19:32:31+00:00\" \/>\n<meta name=\"twitter:card\" content=\"summary_large_image\" \/>\n<meta name=\"twitter:label1\" content=\"Tiempo de lectura\" \/>\n\t<meta name=\"twitter:data1\" content=\"5 minutos\" \/>\n<script type=\"application\/ld+json\" class=\"yoast-schema-graph\">{\"@context\":\"https:\/\/schema.org\",\"@graph\":[{\"@type\":\"WebPage\",\"@id\":\"https:\/\/ave-eta-canada.com\/es\/como-verificar-el-estado-de-su-solicitud-de-eta-canada\/\",\"url\":\"https:\/\/ave-eta-canada.com\/es\/como-verificar-el-estado-de-su-solicitud-de-eta-canada\/\",\"name\":\"\u00bfC\u00f3mo comprobar el estado de su solicitud de eTA de Canad\u00e1?\",\"isPartOf\":{\"@id\":\"https:\/\/ave-eta-canada.com\/es\/#website\"},\"datePublished\":\"2020-04-23T09:38:06+00:00\",\"dateModified\":\"2022-09-09T19:32:31+00:00\",\"description\":\"La solicitud de eTA requiere completar un formulario en l\u00ednea. Despu\u00e9s de enviar el cuestionario, el gobierno canadiense asignar\u00e1 un estado a su solicitud de eTA.\",\"breadcrumb\":{\"@id\":\"https:\/\/ave-eta-canada.com\/es\/como-verificar-el-estado-de-su-solicitud-de-eta-canada\/#breadcrumb\"},\"inLanguage\":\"es\",\"potentialAction\":[{\"@type\":\"ReadAction\",\"target\":[\"https:\/\/ave-eta-canada.com\/es\/como-verificar-el-estado-de-su-solicitud-de-eta-canada\/\"]}]},{\"@type\":\"BreadcrumbList\",\"@id\":\"https:\/\/ave-eta-canada.com\/es\/como-verificar-el-estado-de-su-solicitud-de-eta-canada\/#breadcrumb\",\"itemListElement\":[{\"@type\":\"ListItem\",\"position\":1,\"name\":\"Home\",\"item\":\"https:\/\/ave-eta-canada.com\/es\/\"},{\"@type\":\"ListItem\",\"position\":2,\"name\":\"\u00bfC\u00f3mo comprobar el estado de su solicitud de eTA de Canad\u00e1?\"}]},{\"@type\":\"WebSite\",\"@id\":\"https:\/\/ave-eta-canada.com\/es\/#website\",\"url\":\"https:\/\/ave-eta-canada.com\/es\/\",\"name\":\"VISA CANAD\u00c1\",\"description\":\"Autorisation Voyage Electronique\",\"potentialAction\":[{\"@type\":\"SearchAction\",\"target\":{\"@type\":\"EntryPoint\",\"urlTemplate\":\"https:\/\/ave-eta-canada.com\/es\/?s={search_term_string}\"},\"query-input\":{\"@type\":\"PropertyValueSpecification\",\"valueRequired\":true,\"valueName\":\"search_term_string\"}}],\"inLanguage\":\"es\"}]}<\/script>\n<!-- \/ Yoast SEO plugin. -->","yoast_head_json":{"title":"\u00bfC\u00f3mo comprobar el estado de su solicitud de eTA de Canad\u00e1?","description":"La solicitud de eTA requiere completar un formulario en l\u00ednea. Despu\u00e9s de enviar el cuestionario, el gobierno canadiense asignar\u00e1 un estado a su solicitud de eTA.","robots":{"index":"index","follow":"follow","max-snippet":"max-snippet:-1","max-image-preview":"max-image-preview:large","max-video-preview":"max-video-preview:-1"},"canonical":"https:\/\/ave-eta-canada.com\/es\/como-verificar-el-estado-de-su-solicitud-de-eta-canada\/","og_locale":"es_ES","og_type":"article","og_title":"\u00bfC\u00f3mo comprobar el estado de su solicitud de eTA de Canad\u00e1?","og_description":"La solicitud de eTA requiere completar un formulario en l\u00ednea. Despu\u00e9s de enviar el cuestionario, el gobierno canadiense asignar\u00e1 un estado a su solicitud de eTA.","og_url":"https:\/\/ave-eta-canada.com\/es\/como-verificar-el-estado-de-su-solicitud-de-eta-canada\/","og_site_name":"VISA CANAD\u00c1","article_modified_time":"2022-09-09T19:32:31+00:00","twitter_card":"summary_large_image","twitter_misc":{"Tiempo de lectura":"5 minutos"},"schema":{"@context":"https:\/\/schema.org","@graph":[{"@type":"WebPage","@id":"https:\/\/ave-eta-canada.com\/es\/como-verificar-el-estado-de-su-solicitud-de-eta-canada\/","url":"https:\/\/ave-eta-canada.com\/es\/como-verificar-el-estado-de-su-solicitud-de-eta-canada\/","name":"\u00bfC\u00f3mo comprobar el estado de su solicitud de eTA de Canad\u00e1?","isPartOf":{"@id":"https:\/\/ave-eta-canada.com\/es\/#website"},"datePublished":"2020-04-23T09:38:06+00:00","dateModified":"2022-09-09T19:32:31+00:00","description":"La solicitud de eTA requiere completar un formulario en l\u00ednea. Despu\u00e9s de enviar el cuestionario, el gobierno canadiense asignar\u00e1 un estado a su solicitud de eTA.","breadcrumb":{"@id":"https:\/\/ave-eta-canada.com\/es\/como-verificar-el-estado-de-su-solicitud-de-eta-canada\/#breadcrumb"},"inLanguage":"es","potentialAction":[{"@type":"ReadAction","target":["https:\/\/ave-eta-canada.com\/es\/como-verificar-el-estado-de-su-solicitud-de-eta-canada\/"]}]},{"@type":"BreadcrumbList","@id":"https:\/\/ave-eta-canada.com\/es\/como-verificar-el-estado-de-su-solicitud-de-eta-canada\/#breadcrumb","itemListElement":[{"@type":"ListItem","position":1,"name":"Home","item":"https:\/\/ave-eta-canada.com\/es\/"},{"@type":"ListItem","position":2,"name":"\u00bfC\u00f3mo comprobar el estado de su solicitud de eTA de Canad\u00e1?"}]},{"@type":"WebSite","@id":"https:\/\/ave-eta-canada.com\/es\/#website","url":"https:\/\/ave-eta-canada.com\/es\/","name":"VISA CANAD\u00c1","description":"Autorisation Voyage Electronique","potentialAction":[{"@type":"SearchAction","target":{"@type":"EntryPoint","urlTemplate":"https:\/\/ave-eta-canada.com\/es\/?s={search_term_string}"},"query-input":{"@type":"PropertyValueSpecification","valueRequired":true,"valueName":"search_term_string"}}],"inLanguage":"es"}]}},"_links":{"self":[{"href":"https:\/\/ave-eta-canada.com\/es\/wp-json\/wp\/v2\/pages\/800","targetHints":{"allow":["GET"]}}],"collection":[{"href":"https:\/\/ave-eta-canada.com\/es\/wp-json\/wp\/v2\/pages"}],"about":[{"href":"https:\/\/ave-eta-canada.com\/es\/wp-json\/wp\/v2\/types\/page"}],"author":[{"embeddable":true,"href":"https:\/\/ave-eta-canada.com\/es\/wp-json\/wp\/v2\/users\/1"}],"replies":[{"embeddable":true,"href":"https:\/\/ave-eta-canada.com\/es\/wp-json\/wp\/v2\/comments?post=800"}],"version-history":[{"count":0,"href":"https:\/\/ave-eta-canada.com\/es\/wp-json\/wp\/v2\/pages\/800\/revisions"}],"wp:attachment":[{"href":"https:\/\/ave-eta-canada.com\/es\/wp-json\/wp\/v2\/media?parent=800"}],"curies":[{"name":"wp","href":"https:\/\/api.w.org\/{rel}","templated":true}]}}