{"id":802,"date":"2020-04-23T09:48:06","date_gmt":"2020-04-23T09:48:06","guid":{"rendered":"https:\/\/ave-eta-canada.com\/como-verificar-una-eta\/"},"modified":"2022-05-13T15:47:16","modified_gmt":"2022-05-13T15:47:16","slug":"como-verificar-una-eta","status":"publish","type":"page","link":"https:\/\/ave-eta-canada.com\/es\/como-verificar-una-eta\/","title":{"rendered":"\u00bfC\u00f3mo verificar una eTA?"},"content":{"rendered":"\n<h1 class=\"wp-block-heading\">\u00bfC\u00f3mo verificar su eTA para Canad\u00e1?<\/h1>\n\n<p>Si planea viajar a Canad\u00e1 pronto, antes de partir deber\u00e1 verificar que tiene su Autorizaci\u00f3n electr\u00f3nica de viaje (eTA) para Canad\u00e1 y que a\u00fan es v\u00e1lida.<\/p>\n\n<p><strong>Para una estad\u00eda de menos de 6 meses en Canad\u00e1<\/strong> : Puede realizar los tr\u00e1mites para ingresar a Canad\u00e1 directamente a trav\u00e9s de Internet haciendo clic en el <a href=\"https:\/\/ave-eta-canada.com\/es\/formulario-de-eta-canada-en-linea\/\">formulario en l\u00ednea<\/a>. No es necesario obtener una cita en la embajada o consulado canadiense.<\/p>\n\n<p>Para <a href=\"https:\/\/ave-eta-canada.com\/es\/como-verificar-el-estado-de-su-solicitud-de-eta-canada\/\">consultar su eTA<\/a> tienes dos posibles comprobaciones: <\/p>\n\n<ul class=\"wp-block-list\"><li>Verificar los datos ingresados para garantizar que se obtenga la autorizaci\u00f3n<\/li><li>Verificaci\u00f3n del estado del eTA una vez enviada la solicitud.<\/li><\/ul>\n\n<p>Para ayudarte en este proceso, te detallamos c\u00f3mo proceder para estos dos escenarios.<\/p>\n\n<h2 class=\"wp-block-heading\">\u00bfQu\u00e9 es la eTA de Canad\u00e1?<\/h2>\n\n<p>Antes de detallar los medios de verificaci\u00f3n de una eTA, recordemos su definici\u00f3n y las condiciones en las que se emite.<\/p>\n\n<p>El eTA (Electronic Travel Authorization), es una autorizaci\u00f3n para viajar o transitar por territorio canadiense. Al igual que la autorizaci\u00f3n ESTA para los Estados Unidos, la eTA de Canad\u00e1 adopta la forma de un documento electr\u00f3nico vinculado directamente a su pasaporte a trav\u00e9s de un sistema inform\u00e1tico. Una vez emitida, la autorizaci\u00f3n eTA tiene una validez de 5 a\u00f1os desde la fecha de emisi\u00f3n. Sin embargo, si su pasaporte vence antes de esta fecha l\u00edmite o es reemplazado, la eTA ya no ser\u00e1 v\u00e1lida. Durante su per\u00edodo de validez, tambi\u00e9n te permite viajar tantas veces como quieras a Canad\u00e1, siempre que respetes la duraci\u00f3n legal de la estancia (m\u00e1ximo 6 meses consecutivos).<\/p>\n\n<h3 class=\"wp-block-heading\">\u00bfA qui\u00e9n se aplica la eTA de Canad\u00e1?<\/h3>\n\n<p>La eTA de Canad\u00e1 se aplica a todos los ciudadanos exentos de visa, incluidos los ciudadanos franceses, que viajen a Canad\u00e1 por v\u00eda a\u00e9rea o transiten por un aeropuerto canadiense. A d\u00eda de hoy, los ciudadanos de una cincuentena de pa\u00edses est\u00e1n exentos de visado para viajar a Canad\u00e1, entre estos estados encontramos en particular los pa\u00edses de la Uni\u00f3n Europea o Australia.<\/p>\n\n<p>Tenga en cuenta que los viajeros en posesi\u00f3n de una visa, ya sea una visa de turista, una visa de estudiante o un permiso de trabajo emitido por las autoridades consulares, no necesitar\u00e1n una solicitud de eTA.<\/p>\n\n<h3 class=\"wp-block-heading\">Las condiciones que se deben cumplir para obtener una eTA<\/h3>\n\n<p>Antes de solicitar una eTA de Canad\u00e1, tenga en cuenta que se aplican ciertas condiciones, que incluyen:<\/p>\n\n<ul class=\"wp-block-list\"><li>estar en posesi\u00f3n de un pasaporte biom\u00e9trico v\u00e1lido (preferiblemente);<\/li><li>el motivo del viaje debe ser tur\u00edstico o profesional (viajes de negocios);<\/li><li>viajar por aire;<\/li><li>no permanecer m\u00e1s de seis meses consecutivos.<\/li><\/ul>\n\n<h3 class=\"wp-block-heading\">\u00bfC\u00f3mo solicitar una eTA?<\/h3>\n\n<p>La solicitud de eTA de Canad\u00e1 es un proceso relativamente simple si se realiza correctamente, tiene dos formas principales de proceder:<\/p>\n\n<ul class=\"wp-block-list\"><li>solicitar una eTA directamente en el sitio web oficial del gobierno canadiense;<\/li><li>use sitios privados, como nuestro socio, para beneficiarse de un servicio de soporte durante todo el proceso de pedido de eTA.<\/li><\/ul>\n\n<p>Ahora que sabe m\u00e1s sobre la autorizaci\u00f3n para permanecer en Canad\u00e1, veamos la informaci\u00f3n principal para verificar una eTA, con el fin de garantizar su validez.<br\/><br\/><\/p>\n\n<h2 class=\"wp-block-heading\">Informaci\u00f3n esencial para comprobar en una eTA<\/h2>\n\n<p>Para verificar una eTA, una de las primeras cosas que debe hacer es verificar que la informaci\u00f3n del estado civil que aparece en el documento (apellidos, nombre, etc.) se corresponde en todos los aspectos con la mencionada en el pasaporte. De hecho, un simple error de entrada al completar el <a href=\"https:\/\/ave-eta-canada.com\/es\/complete-el-formulario-eta-para-canada\/\">formulario en l\u00ednea<\/a> es suficiente para que se rechace su eTA.<\/p>\n\n<p>Al mismo tiempo, es necesario verificar en la eTA que el n\u00famero de pasaporte mencionado es el mismo que se ve en su propio pasaporte. Nuevamente, si hay alg\u00fan error, lo m\u00e1s probable es que se le niegue el permiso.<\/p>\n\n<p>Tenga en cuenta: aseg\u00farese de verificar su direcci\u00f3n de correo electr\u00f3nico, ya que as\u00ed es como recibir\u00e1 su respuesta.<\/p>\n\n<h2 class=\"wp-block-heading\">Consultar el estado de una eTA<\/h2>\n\n<p>Despu\u00e9s de una solicitud de eTA en l\u00ednea, el gobierno canadiense env\u00eda varios correos electr\u00f3nicos a la direcci\u00f3n de correo electr\u00f3nico mencionada en el formulario para:<\/p>\n\n<ul class=\"wp-block-list\"><li>acusar recibo de la solicitud;<\/li><li>solicitar actualizaciones de informaci\u00f3n o proporcionar informaci\u00f3n adicional, si es necesario;<\/li><li>informar sobre la resoluci\u00f3n de la solicitud.<\/li><\/ul>\n\n<p>Adem\u00e1s, las autoridades canadienses brindan una herramienta de verificaci\u00f3n en l\u00ednea para verificar el estado de una eTA. Est\u00e1 destinado a dos tipos de situaciones:<\/p>\n\n<ul class=\"wp-block-list\"><li>el viajero ha realizado una nueva solicitud, quiere consultar el estado de la autorizaci\u00f3n;<\/li><li>el viajero ya tiene una eTA, pero quiere asegurarse de que sigue siendo v\u00e1lida o simplemente encontrarla.<\/li><\/ul>\n\n<p>Para verificar el estado de su eTA a trav\u00e9s de esta herramienta, simplemente deber\u00e1 traer su pasaporte y el n\u00famero de solicitud que aparece en el correo electr\u00f3nico de confirmaci\u00f3n. La informaci\u00f3n del pasaporte solicitada es el n\u00famero de pasaporte, pa\u00eds de emisi\u00f3n, fecha de emisi\u00f3n y vencimiento.<\/p>\n\n<p>Si resulta que despu\u00e9s de haber <a href=\"https:\/\/ave-eta-canada.com\/es\/como-verificar-el-estado-de-su-solicitud-de-eta-canada\/\">verificado el estado de su eTA,<\/a> la solicitud es rechazada, ser\u00e1 necesario solicitar una visa en la Embajada de Canad\u00e1 si no se pueden cumplir las condiciones de elegibilidad o proceder con una nueva solicitud si la denegaci\u00f3n se debe a un error de entrada.<\/p>\n\n<p>Una vez que haya completado todos los controles y haya asegurado la <a href=\"https:\/\/ave-eta-canada.com\/es\/como-verificar-una-eta\/\">validez de su eTA<\/a>, tendr\u00e1 derecho oficial a viajar a Maple Country.<\/p>\n\n<p>Tenga en cuenta: incluso si ha verificado que su eTA es correcta, esto no garantiza su acceso al territorio. De hecho, cuando llegue al aeropuerto, estar\u00e1 sujeto al control de los servicios de aduanas a trav\u00e9s de un agente de servicios fronterizos, la \u00fanica persona autorizada para juzgar si tiene o no derecho a permanecer o transitar por Canad\u00e1.<\/p>\n\n<p>Nota: si ha <a href=\"https:\/\/ave-eta-canada.com\/es\/como-encontrar-un-ave-de-canada-perdido\/\">perdido su eTA de Canad\u00e1<\/a>, el procedimiento de b\u00fasqueda tambi\u00e9n debe realizarse en el sitio web oficial del gobierno canadiense. <\/p>\n","protected":false},"excerpt":{"rendered":"<p>\u00bfC\u00f3mo verificar su eTA para Canad\u00e1? Si planea viajar a Canad\u00e1 pronto, antes de partir deber\u00e1 verificar que tiene su Autorizaci\u00f3n electr\u00f3nica de viaje (eTA) para Canad\u00e1 y que a\u00fan es v\u00e1lida. Para una estad\u00eda de menos de 6 meses en Canad\u00e1 : Puede realizar los tr\u00e1mites para ingresar a Canad\u00e1 directamente a trav\u00e9s de [&hellip;]<\/p>\n","protected":false},"author":1,"featured_media":0,"parent":0,"menu_order":0,"comment_status":"closed","ping_status":"closed","template":"","meta":{"footnotes":""},"class_list":["post-802","page","type-page","status-publish","hentry"],"yoast_head":"<!-- This site is optimized with the Yoast SEO plugin v26.9 - https:\/\/yoast.com\/product\/yoast-seo-wordpress\/ -->\n<title>\u00bfC\u00f3mo verificar una eTA?<\/title>\n<meta name=\"description\" content=\"Antes de viajar a Canad\u00e1, es importante verificar que su autorizaci\u00f3n eTA sea v\u00e1lida. Descubra c\u00f3mo realizar f\u00e1cilmente esta verificaci\u00f3n.\" \/>\n<meta name=\"robots\" content=\"index, follow, max-snippet:-1, max-image-preview:large, max-video-preview:-1\" \/>\n<link rel=\"canonical\" href=\"https:\/\/ave-eta-canada.com\/es\/como-verificar-una-eta\/\" \/>\n<meta property=\"og:locale\" content=\"es_ES\" \/>\n<meta property=\"og:type\" content=\"article\" \/>\n<meta property=\"og:title\" content=\"\u00bfC\u00f3mo verificar una eTA?\" \/>\n<meta property=\"og:description\" content=\"Antes de viajar a Canad\u00e1, es importante verificar que su autorizaci\u00f3n eTA sea v\u00e1lida. Descubra c\u00f3mo realizar f\u00e1cilmente esta verificaci\u00f3n.\" \/>\n<meta property=\"og:url\" content=\"https:\/\/ave-eta-canada.com\/es\/como-verificar-una-eta\/\" \/>\n<meta property=\"og:site_name\" content=\"VISA CANAD\u00c1\" \/>\n<meta property=\"article:modified_time\" content=\"2022-05-13T15:47:16+00:00\" \/>\n<meta name=\"twitter:card\" content=\"summary_large_image\" \/>\n<meta name=\"twitter:label1\" content=\"Tiempo de lectura\" \/>\n\t<meta name=\"twitter:data1\" content=\"5 minutos\" \/>\n<script type=\"application\/ld+json\" class=\"yoast-schema-graph\">{\"@context\":\"https:\/\/schema.org\",\"@graph\":[{\"@type\":\"WebPage\",\"@id\":\"https:\/\/ave-eta-canada.com\/es\/como-verificar-una-eta\/\",\"url\":\"https:\/\/ave-eta-canada.com\/es\/como-verificar-una-eta\/\",\"name\":\"\u00bfC\u00f3mo verificar una eTA?\",\"isPartOf\":{\"@id\":\"https:\/\/ave-eta-canada.com\/es\/#website\"},\"datePublished\":\"2020-04-23T09:48:06+00:00\",\"dateModified\":\"2022-05-13T15:47:16+00:00\",\"description\":\"Antes de viajar a Canad\u00e1, es importante verificar que su autorizaci\u00f3n eTA sea v\u00e1lida. Descubra c\u00f3mo realizar f\u00e1cilmente esta verificaci\u00f3n.\",\"breadcrumb\":{\"@id\":\"https:\/\/ave-eta-canada.com\/es\/como-verificar-una-eta\/#breadcrumb\"},\"inLanguage\":\"es\",\"potentialAction\":[{\"@type\":\"ReadAction\",\"target\":[\"https:\/\/ave-eta-canada.com\/es\/como-verificar-una-eta\/\"]}]},{\"@type\":\"BreadcrumbList\",\"@id\":\"https:\/\/ave-eta-canada.com\/es\/como-verificar-una-eta\/#breadcrumb\",\"itemListElement\":[{\"@type\":\"ListItem\",\"position\":1,\"name\":\"Home\",\"item\":\"https:\/\/ave-eta-canada.com\/es\/\"},{\"@type\":\"ListItem\",\"position\":2,\"name\":\"\u00bfC\u00f3mo verificar una eTA?\"}]},{\"@type\":\"WebSite\",\"@id\":\"https:\/\/ave-eta-canada.com\/es\/#website\",\"url\":\"https:\/\/ave-eta-canada.com\/es\/\",\"name\":\"VISA CANAD\u00c1\",\"description\":\"Autorisation Voyage Electronique\",\"potentialAction\":[{\"@type\":\"SearchAction\",\"target\":{\"@type\":\"EntryPoint\",\"urlTemplate\":\"https:\/\/ave-eta-canada.com\/es\/?s={search_term_string}\"},\"query-input\":{\"@type\":\"PropertyValueSpecification\",\"valueRequired\":true,\"valueName\":\"search_term_string\"}}],\"inLanguage\":\"es\"}]}<\/script>\n<!-- \/ Yoast SEO plugin. -->","yoast_head_json":{"title":"\u00bfC\u00f3mo verificar una eTA?","description":"Antes de viajar a Canad\u00e1, es importante verificar que su autorizaci\u00f3n eTA sea v\u00e1lida. Descubra c\u00f3mo realizar f\u00e1cilmente esta verificaci\u00f3n.","robots":{"index":"index","follow":"follow","max-snippet":"max-snippet:-1","max-image-preview":"max-image-preview:large","max-video-preview":"max-video-preview:-1"},"canonical":"https:\/\/ave-eta-canada.com\/es\/como-verificar-una-eta\/","og_locale":"es_ES","og_type":"article","og_title":"\u00bfC\u00f3mo verificar una eTA?","og_description":"Antes de viajar a Canad\u00e1, es importante verificar que su autorizaci\u00f3n eTA sea v\u00e1lida. Descubra c\u00f3mo realizar f\u00e1cilmente esta verificaci\u00f3n.","og_url":"https:\/\/ave-eta-canada.com\/es\/como-verificar-una-eta\/","og_site_name":"VISA CANAD\u00c1","article_modified_time":"2022-05-13T15:47:16+00:00","twitter_card":"summary_large_image","twitter_misc":{"Tiempo de lectura":"5 minutos"},"schema":{"@context":"https:\/\/schema.org","@graph":[{"@type":"WebPage","@id":"https:\/\/ave-eta-canada.com\/es\/como-verificar-una-eta\/","url":"https:\/\/ave-eta-canada.com\/es\/como-verificar-una-eta\/","name":"\u00bfC\u00f3mo verificar una eTA?","isPartOf":{"@id":"https:\/\/ave-eta-canada.com\/es\/#website"},"datePublished":"2020-04-23T09:48:06+00:00","dateModified":"2022-05-13T15:47:16+00:00","description":"Antes de viajar a Canad\u00e1, es importante verificar que su autorizaci\u00f3n eTA sea v\u00e1lida. Descubra c\u00f3mo realizar f\u00e1cilmente esta verificaci\u00f3n.","breadcrumb":{"@id":"https:\/\/ave-eta-canada.com\/es\/como-verificar-una-eta\/#breadcrumb"},"inLanguage":"es","potentialAction":[{"@type":"ReadAction","target":["https:\/\/ave-eta-canada.com\/es\/como-verificar-una-eta\/"]}]},{"@type":"BreadcrumbList","@id":"https:\/\/ave-eta-canada.com\/es\/como-verificar-una-eta\/#breadcrumb","itemListElement":[{"@type":"ListItem","position":1,"name":"Home","item":"https:\/\/ave-eta-canada.com\/es\/"},{"@type":"ListItem","position":2,"name":"\u00bfC\u00f3mo verificar una eTA?"}]},{"@type":"WebSite","@id":"https:\/\/ave-eta-canada.com\/es\/#website","url":"https:\/\/ave-eta-canada.com\/es\/","name":"VISA CANAD\u00c1","description":"Autorisation Voyage Electronique","potentialAction":[{"@type":"SearchAction","target":{"@type":"EntryPoint","urlTemplate":"https:\/\/ave-eta-canada.com\/es\/?s={search_term_string}"},"query-input":{"@type":"PropertyValueSpecification","valueRequired":true,"valueName":"search_term_string"}}],"inLanguage":"es"}]}},"_links":{"self":[{"href":"https:\/\/ave-eta-canada.com\/es\/wp-json\/wp\/v2\/pages\/802","targetHints":{"allow":["GET"]}}],"collection":[{"href":"https:\/\/ave-eta-canada.com\/es\/wp-json\/wp\/v2\/pages"}],"about":[{"href":"https:\/\/ave-eta-canada.com\/es\/wp-json\/wp\/v2\/types\/page"}],"author":[{"embeddable":true,"href":"https:\/\/ave-eta-canada.com\/es\/wp-json\/wp\/v2\/users\/1"}],"replies":[{"embeddable":true,"href":"https:\/\/ave-eta-canada.com\/es\/wp-json\/wp\/v2\/comments?post=802"}],"version-history":[{"count":0,"href":"https:\/\/ave-eta-canada.com\/es\/wp-json\/wp\/v2\/pages\/802\/revisions"}],"wp:attachment":[{"href":"https:\/\/ave-eta-canada.com\/es\/wp-json\/wp\/v2\/media?parent=802"}],"curies":[{"name":"wp","href":"https:\/\/api.w.org\/{rel}","templated":true}]}}