{"id":804,"date":"2020-04-23T10:22:39","date_gmt":"2020-04-23T10:22:39","guid":{"rendered":"https:\/\/ave-eta-canada.com\/preguntas-frecuentes-de-ave-canada-respuestas-a-tus-preguntas\/"},"modified":"2022-09-09T11:47:03","modified_gmt":"2022-09-09T11:47:03","slug":"preguntas-frecuentes-de-eta-canada-respuestas-a-tus-preguntas","status":"publish","type":"page","link":"https:\/\/ave-eta-canada.com\/es\/preguntas-frecuentes-de-eta-canada-respuestas-a-tus-preguntas\/","title":{"rendered":"Preguntas frecuentes sobre eTA de Canad\u00e1 | Las respuestas a tus preguntas"},"content":{"rendered":"\n<h1 class=\"wp-block-heading\">Las respuestas a tus preguntas<\/h1>\n\n<p>Encuentre en estas preguntas frecuentes toda la informaci\u00f3n esencial sobre <a href=\"https:\/\/ave-eta-canada.com\/es\/noticias-noticias-eta\/\">eTA Canad\u00e1<\/a>. \u00a1Podr\u00e1s partir serenamente en la tierra del arce!<\/p>\n\n<h2 class=\"wp-block-heading\">\u00bfQu\u00e9 es una eTA de Canad\u00e1?<\/h2>\n\n<p>Expedido por el gobierno canadiense, el ETA (Electronic Travel Authorisation) es <a href=\"https:\/\/ave-eta-canada.com\/es\/complete-el-formulario-eta-para-canada\/\">un formulario oficial<\/a> que permite a los viajeros entrar en Canad\u00e1.<\/p>\n\n<h2 class=\"wp-block-heading\">\u00bfCu\u00e1l es la diferencia entre una eTA y una AVE?<\/h2>\n\n<p>Ninguna. AVE y eTA describen la misma autorizaci\u00f3n de viaje. ETA es el acr\u00f3nimo en espa\u00f1ol de Autorizaci\u00f3n electr\u00f3nica de Viaje<\/p>\n\n<h2 class=\"wp-block-heading\">\u00bfA qui\u00e9n va dirigida la autorizaci\u00f3n de viaje eTA?<\/h2>\n\n<p>La <a href=\"https:\/\/ave-eta-canada.com\/es\/\">autorizaci\u00f3n de viaje eTA Canad\u00e1<\/a> est\u00e1 dirigida a todos los ciudadanos de los pa\u00edses miembros del programa de exenci\u00f3n de visa que deseen permanecer un m\u00e1ximo de 6 meses en Canad\u00e1. Adem\u00e1s, la autorizaci\u00f3n eTA s\u00f3lo se concede para estancias tur\u00edsticas, viajes de negocios o tr\u00e1nsitos realizados en avi\u00f3n.<\/p>\n\n<p>Tenga en cuenta que las personas que transiten por los Estados Unidos antes de regresar al territorio canadiense deben solicitar una autorizaci\u00f3n ESTA del gobierno estadounidense adem\u00e1s de la solicitud de eTA.<\/p>\n\n<h2 class=\"wp-block-heading\">\u00bfQu\u00e9 necesito para solicitar la eTA en l\u00ednea?<\/h2>\n\n<p>La solicitud en l\u00ednea requiere que se complete un formulario. Esto es lo que necesitas:<\/p>\n\n<ul class=\"wp-block-list\"><li>un pasaporte v\u00e1lido ;<\/li><li>una tarjeta de cr\u00e9dito o d\u00e9bito (Visa, MasterCard, American Express, JCB, UnionPay);<\/li><li>una direcci\u00f3n de correo electr\u00f3nico v\u00e1lida.<\/li><\/ul>\n\n<h2 class=\"wp-block-heading\">\u00bfTengo que pagar para solicitar una eTA de Canad\u00e1?<\/h2>\n\n<p>La <a href=\"https:\/\/ave-eta-canada.com\/es\/eta-canada-su-precio\/\">tarifa b\u00e1sica de solicitud de eTA<\/a> es de 7 d\u00f3lares canadienses. Se pueden agregar costos adicionales si se suscribe a servicios adicionales (asistencia en l\u00ednea, verificaci\u00f3n de informaci\u00f3n, etc.). Tenga en cuenta que la eTA sigue siendo mucho m\u00e1s accesible que la visa, cuyo costo var\u00eda entre CAN $ 100 y CAN $ 200.<\/p>\n\n<h2 class=\"wp-block-heading\">\u00bfCu\u00e1l es la diferencia entre una eTA y una visa?<\/h2>\n\n<p>El AVE te permite permanecer en Canad\u00e1 por un m\u00e1ximo de 6 meses pero solo aplica para turistas, viajeros de negocios y personas en tr\u00e1nsito. Si desea quedarse m\u00e1s tiempo, estudiar o trabajar all\u00ed, deber\u00e1 solicitar una visa a las autoridades consulares.<\/p>\n\n<h2 class=\"wp-block-heading\">\u00bfPor cu\u00e1nto tiempo puedo usar mi eTA?<\/h2>\n\n<p>La autorizaci\u00f3n para viajar a Canad\u00e1 tiene una validez de cinco a\u00f1os a partir de la fecha de emisi\u00f3n del documento, siempre que tenga un pasaporte v\u00e1lido. En su caso, la autorizaci\u00f3n terminar\u00e1 a partir de la fecha de vencimiento del pasaporte.<\/p>\n\n<h2 class=\"wp-block-heading\">\u00bfQu\u00e9 informaci\u00f3n se me solicita en el formulario eTA?<\/h2>\n\n<p>En primer lugar, el viajero deber\u00e1 indicar su estado civil (apellidos, nombre, fecha y lugar de nacimiento, etc.), as\u00ed como los datos relativos a su pasaporte. A continuaci\u00f3n, se realizan diversas preguntas sobre el estado de salud o el pasado legal. Finalmente, ser\u00e1 necesario completar sus datos bancarios para pagar las tarifas relacionadas con la solicitud en l\u00ednea con tarjeta de pago.<\/p>\n\n<h2 class=\"wp-block-heading\">\u00bfQu\u00e9 respuestas puedo recibir tras el env\u00edo del formulario?<\/h2>\n\n<p>Hay tres tipos de respuestas posibles:<\/p>\n\n<ul class=\"wp-block-list\"><li>\u201cautorizaci\u00f3n otorgada\u201d, est\u00e1 oficialmente autorizado para viajar a Canad\u00e1;<\/li><li>\u201cautorizaci\u00f3n pendiente\u201d, la solicitud est\u00e1 en tr\u00e1mite, generalmente se da respuesta en pocos d\u00edas;<\/li><li>\u201cautorizaci\u00f3n no otorgada\u201d, le es imposible viajar a Canad\u00e1 utilizando la eTA. Sin embargo, nada le impide solicitar una visa.<\/li><\/ul>\n\n<h2 class=\"wp-block-heading\">\u00bfCu\u00e1nto tiempo se tarda en recibir mi eTA?<\/h2>\n\n<p>Muy a menudo, se env\u00eda una respuesta casi instant\u00e1nea despu\u00e9s del env\u00edo del formulario. Si este no es el caso, ser\u00e1 contactado dentro de las 72 horas, siempre que tenga una direcci\u00f3n de correo electr\u00f3nico v\u00e1lida.<\/p>\n\n<h2 class=\"wp-block-heading\">Mi solicitud de eTA ha sido rechazada, \u00bfqu\u00e9 puedo hacer?<\/h2>\n\n<p>Si las autoridades canadienses se niegan a otorgarle una autorizaci\u00f3n de viaje, a\u00fan puede solicitar una visa en la embajada o el consulado de Canad\u00e1.<\/p>\n\n<h2 class=\"wp-block-heading\">\u00bfNecesito solicitar una eTA si ya tengo una visa?<\/h2>\n\n<p>No es necesario solicitar una eTA si ya tiene una visa canadiense v\u00e1lida.<\/p>\n\n<h2 class=\"wp-block-heading\">\u00bfTengo que solicitar una nueva eTA cada vez que vaya a Canad\u00e1?<\/h2>\n\n<p>La <a href=\"https:\/\/ave-eta-canada.com\/es\/que-es-eta-canada\/\">eTA tiene una validez de 5 a\u00f1os<\/a>, lo que significa que puedes viajar a Canad\u00e1 tantas veces como quieras durante este per\u00edodo. Tenga cuidado de respetar la duraci\u00f3n m\u00e1xima legal de 6 meses. Aseg\u00farese de que su pasaporte a\u00fan sea v\u00e1lido.<\/p>\n\n<h2 class=\"wp-block-heading\">\u00bfPuedo hacer una solicitud de grupo para una eTA?<\/h2>\n\n<p>No es posible hacer una solicitud de grupo. Deber\u00e1 presentar la solicitud individualmente, completando la informaci\u00f3n personal de cada individuo y pagando la tarifa de procesamiento para cada persona.<\/p>\n\n<h2 class=\"wp-block-heading\">\u00bfEstoy autorizado a entrar en territorio canadiense si tengo una eTA?<\/h2>\n\n<p>La eTA le autoriza a viajar a Canad\u00e1 por v\u00eda a\u00e9rea. Sin embargo, solo los servicios de inmigraci\u00f3n y aduanas canadienses est\u00e1n autorizados para aprobar su entrada a suelo canadiense.<\/p>\n\n<h2 class=\"wp-block-heading\">\u00bfPuedo modificar mi informaci\u00f3n despu\u00e9s de enviar el formulario?<\/h2>\n\n<p>Si ha notado un <a href=\"https:\/\/ave-eta-canada.com\/es\/como-modificar-una-autorizacion-ave-para-canada\/\">error en su formulario<\/a> o la informaci\u00f3n en su pasaporte ha cambiado, tenga en cuenta que no es posible realizar ninguna modificaci\u00f3n. Entonces ser\u00e1 necesario proceder con una nueva solicitud comunicando la informaci\u00f3n correcta.<\/p>\n\n<h2 class=\"wp-block-heading\">\u00bfNecesito imprimir una versi\u00f3n en papel de mi eTA antes de embarcar?<\/h2>\n\n<p>La eTA est\u00e1 vinculada electr\u00f3nicamente a su pasaporte. As\u00ed que no tienes que imprimir el correo electr\u00f3nico de confirmaci\u00f3n.<\/p>\n\n<h2 class=\"wp-block-heading\">Cambi\u00e9 mi pasaporte, \u00bfmi eTA sigue siendo v\u00e1lida?<\/h2>\n\n<p>La informaci\u00f3n personal contenida en su pasaporte debe ser estrictamente id\u00e9ntica a la informaci\u00f3n proporcionada en el formulario en l\u00ednea. En caso de renovaci\u00f3n del pasaporte despu\u00e9s de haber obtenido su eTA, no tendr\u00e1 m\u00e1s remedio que realizar una nueva solicitud de eTA.<\/p>\n\n<p>\u00bfA\u00fan no encuentras la respuesta a una pregunta? Para ir m\u00e1s all\u00e1, te invitamos a consultar la secci\u00f3n de ayuda y la <a href=\"https:\/\/ave-eta-canada.com\/es\/lexico-todas-las-definiciones-alrededor-de-eta-canada\/\">p\u00e1gina del glosario<\/a> .<\/p>\n","protected":false},"excerpt":{"rendered":"<p>Las respuestas a tus preguntas Encuentre en estas preguntas frecuentes toda la informaci\u00f3n esencial sobre eTA Canad\u00e1. \u00a1Podr\u00e1s partir serenamente en la tierra del arce! \u00bfQu\u00e9 es una eTA de Canad\u00e1? Expedido por el gobierno canadiense, el ETA (Electronic Travel Authorisation) es un formulario oficial que permite a los viajeros entrar en Canad\u00e1. \u00bfCu\u00e1l es [&hellip;]<\/p>\n","protected":false},"author":1,"featured_media":0,"parent":0,"menu_order":0,"comment_status":"closed","ping_status":"closed","template":"","meta":{"footnotes":""},"class_list":["post-804","page","type-page","status-publish","hentry"],"yoast_head":"<!-- This site is optimized with the Yoast SEO plugin v26.9 - https:\/\/yoast.com\/product\/yoast-seo-wordpress\/ -->\n<title>Preguntas frecuentes sobre eTA de Canad\u00e1 | Las respuestas a tus preguntas<\/title>\n<meta name=\"description\" content=\"Todo lo que necesitas saber sobre la autorizaci\u00f3n de viaje del eTA para ir a Canad\u00e1. Respondemos a todas sus preguntas\" \/>\n<meta name=\"robots\" content=\"index, follow, max-snippet:-1, max-image-preview:large, max-video-preview:-1\" \/>\n<link rel=\"canonical\" href=\"https:\/\/ave-eta-canada.com\/es\/preguntas-frecuentes-de-eta-canada-respuestas-a-tus-preguntas\/\" \/>\n<meta property=\"og:locale\" content=\"es_ES\" \/>\n<meta property=\"og:type\" content=\"article\" \/>\n<meta property=\"og:title\" content=\"Preguntas frecuentes sobre eTA de Canad\u00e1 | Las respuestas a tus preguntas\" \/>\n<meta property=\"og:description\" content=\"Todo lo que necesitas saber sobre la autorizaci\u00f3n de viaje del eTA para ir a Canad\u00e1. Respondemos a todas sus preguntas\" \/>\n<meta property=\"og:url\" content=\"https:\/\/ave-eta-canada.com\/es\/preguntas-frecuentes-de-eta-canada-respuestas-a-tus-preguntas\/\" \/>\n<meta property=\"og:site_name\" content=\"VISA CANAD\u00c1\" \/>\n<meta property=\"article:modified_time\" content=\"2022-09-09T11:47:03+00:00\" \/>\n<meta name=\"twitter:card\" content=\"summary_large_image\" \/>\n<meta name=\"twitter:label1\" content=\"Tiempo de lectura\" \/>\n\t<meta name=\"twitter:data1\" content=\"5 minutos\" \/>\n<script type=\"application\/ld+json\" class=\"yoast-schema-graph\">{\"@context\":\"https:\/\/schema.org\",\"@graph\":[{\"@type\":\"WebPage\",\"@id\":\"https:\/\/ave-eta-canada.com\/es\/preguntas-frecuentes-de-eta-canada-respuestas-a-tus-preguntas\/\",\"url\":\"https:\/\/ave-eta-canada.com\/es\/preguntas-frecuentes-de-eta-canada-respuestas-a-tus-preguntas\/\",\"name\":\"Preguntas frecuentes sobre eTA de Canad\u00e1 | Las respuestas a tus preguntas\",\"isPartOf\":{\"@id\":\"https:\/\/ave-eta-canada.com\/es\/#website\"},\"datePublished\":\"2020-04-23T10:22:39+00:00\",\"dateModified\":\"2022-09-09T11:47:03+00:00\",\"description\":\"Todo lo que necesitas saber sobre la autorizaci\u00f3n de viaje del eTA para ir a Canad\u00e1. Respondemos a todas sus preguntas\",\"breadcrumb\":{\"@id\":\"https:\/\/ave-eta-canada.com\/es\/preguntas-frecuentes-de-eta-canada-respuestas-a-tus-preguntas\/#breadcrumb\"},\"inLanguage\":\"es\",\"potentialAction\":[{\"@type\":\"ReadAction\",\"target\":[\"https:\/\/ave-eta-canada.com\/es\/preguntas-frecuentes-de-eta-canada-respuestas-a-tus-preguntas\/\"]}]},{\"@type\":\"BreadcrumbList\",\"@id\":\"https:\/\/ave-eta-canada.com\/es\/preguntas-frecuentes-de-eta-canada-respuestas-a-tus-preguntas\/#breadcrumb\",\"itemListElement\":[{\"@type\":\"ListItem\",\"position\":1,\"name\":\"Home\",\"item\":\"https:\/\/ave-eta-canada.com\/es\/\"},{\"@type\":\"ListItem\",\"position\":2,\"name\":\"Preguntas frecuentes sobre eTA de Canad\u00e1 | Las respuestas a tus preguntas\"}]},{\"@type\":\"WebSite\",\"@id\":\"https:\/\/ave-eta-canada.com\/es\/#website\",\"url\":\"https:\/\/ave-eta-canada.com\/es\/\",\"name\":\"VISA CANAD\u00c1\",\"description\":\"Autorisation Voyage Electronique\",\"potentialAction\":[{\"@type\":\"SearchAction\",\"target\":{\"@type\":\"EntryPoint\",\"urlTemplate\":\"https:\/\/ave-eta-canada.com\/es\/?s={search_term_string}\"},\"query-input\":{\"@type\":\"PropertyValueSpecification\",\"valueRequired\":true,\"valueName\":\"search_term_string\"}}],\"inLanguage\":\"es\"}]}<\/script>\n<!-- \/ Yoast SEO plugin. -->","yoast_head_json":{"title":"Preguntas frecuentes sobre eTA de Canad\u00e1 | Las respuestas a tus preguntas","description":"Todo lo que necesitas saber sobre la autorizaci\u00f3n de viaje del eTA para ir a Canad\u00e1. Respondemos a todas sus preguntas","robots":{"index":"index","follow":"follow","max-snippet":"max-snippet:-1","max-image-preview":"max-image-preview:large","max-video-preview":"max-video-preview:-1"},"canonical":"https:\/\/ave-eta-canada.com\/es\/preguntas-frecuentes-de-eta-canada-respuestas-a-tus-preguntas\/","og_locale":"es_ES","og_type":"article","og_title":"Preguntas frecuentes sobre eTA de Canad\u00e1 | Las respuestas a tus preguntas","og_description":"Todo lo que necesitas saber sobre la autorizaci\u00f3n de viaje del eTA para ir a Canad\u00e1. Respondemos a todas sus preguntas","og_url":"https:\/\/ave-eta-canada.com\/es\/preguntas-frecuentes-de-eta-canada-respuestas-a-tus-preguntas\/","og_site_name":"VISA CANAD\u00c1","article_modified_time":"2022-09-09T11:47:03+00:00","twitter_card":"summary_large_image","twitter_misc":{"Tiempo de lectura":"5 minutos"},"schema":{"@context":"https:\/\/schema.org","@graph":[{"@type":"WebPage","@id":"https:\/\/ave-eta-canada.com\/es\/preguntas-frecuentes-de-eta-canada-respuestas-a-tus-preguntas\/","url":"https:\/\/ave-eta-canada.com\/es\/preguntas-frecuentes-de-eta-canada-respuestas-a-tus-preguntas\/","name":"Preguntas frecuentes sobre eTA de Canad\u00e1 | Las respuestas a tus preguntas","isPartOf":{"@id":"https:\/\/ave-eta-canada.com\/es\/#website"},"datePublished":"2020-04-23T10:22:39+00:00","dateModified":"2022-09-09T11:47:03+00:00","description":"Todo lo que necesitas saber sobre la autorizaci\u00f3n de viaje del eTA para ir a Canad\u00e1. Respondemos a todas sus preguntas","breadcrumb":{"@id":"https:\/\/ave-eta-canada.com\/es\/preguntas-frecuentes-de-eta-canada-respuestas-a-tus-preguntas\/#breadcrumb"},"inLanguage":"es","potentialAction":[{"@type":"ReadAction","target":["https:\/\/ave-eta-canada.com\/es\/preguntas-frecuentes-de-eta-canada-respuestas-a-tus-preguntas\/"]}]},{"@type":"BreadcrumbList","@id":"https:\/\/ave-eta-canada.com\/es\/preguntas-frecuentes-de-eta-canada-respuestas-a-tus-preguntas\/#breadcrumb","itemListElement":[{"@type":"ListItem","position":1,"name":"Home","item":"https:\/\/ave-eta-canada.com\/es\/"},{"@type":"ListItem","position":2,"name":"Preguntas frecuentes sobre eTA de Canad\u00e1 | Las respuestas a tus preguntas"}]},{"@type":"WebSite","@id":"https:\/\/ave-eta-canada.com\/es\/#website","url":"https:\/\/ave-eta-canada.com\/es\/","name":"VISA CANAD\u00c1","description":"Autorisation Voyage Electronique","potentialAction":[{"@type":"SearchAction","target":{"@type":"EntryPoint","urlTemplate":"https:\/\/ave-eta-canada.com\/es\/?s={search_term_string}"},"query-input":{"@type":"PropertyValueSpecification","valueRequired":true,"valueName":"search_term_string"}}],"inLanguage":"es"}]}},"_links":{"self":[{"href":"https:\/\/ave-eta-canada.com\/es\/wp-json\/wp\/v2\/pages\/804","targetHints":{"allow":["GET"]}}],"collection":[{"href":"https:\/\/ave-eta-canada.com\/es\/wp-json\/wp\/v2\/pages"}],"about":[{"href":"https:\/\/ave-eta-canada.com\/es\/wp-json\/wp\/v2\/types\/page"}],"author":[{"embeddable":true,"href":"https:\/\/ave-eta-canada.com\/es\/wp-json\/wp\/v2\/users\/1"}],"replies":[{"embeddable":true,"href":"https:\/\/ave-eta-canada.com\/es\/wp-json\/wp\/v2\/comments?post=804"}],"version-history":[{"count":0,"href":"https:\/\/ave-eta-canada.com\/es\/wp-json\/wp\/v2\/pages\/804\/revisions"}],"wp:attachment":[{"href":"https:\/\/ave-eta-canada.com\/es\/wp-json\/wp\/v2\/media?parent=804"}],"curies":[{"name":"wp","href":"https:\/\/api.w.org\/{rel}","templated":true}]}}