{"id":806,"date":"2020-04-23T10:31:09","date_gmt":"2020-04-23T10:31:09","guid":{"rendered":"https:\/\/ave-eta-canada.com\/el-idioma-frances-esta-desapareciendo-gradualmente-de-canada\/"},"modified":"2022-05-13T21:00:44","modified_gmt":"2022-05-13T21:00:44","slug":"el-idioma-frances-esta-desapareciendo-gradualmente-de-canada","status":"publish","type":"page","link":"https:\/\/ave-eta-canada.com\/es\/el-idioma-frances-esta-desapareciendo-gradualmente-de-canada\/","title":{"rendered":"El idioma franc\u00e9s est\u00e1 desapareciendo gradualmente de Canad\u00e1"},"content":{"rendered":"\n<h1 class=\"wp-block-heading\">Desaparici\u00f3n del franc\u00e9s en Canad\u00e1 ingl\u00e9s<\/h1>\n\n<p>Canad\u00e1 es uno de los destinos tur\u00edsticos favoritos de los franceses, pero tambi\u00e9n un pa\u00eds de acogida para muchos expatriados. Cada vez m\u00e1s canadienses est\u00e1n en contra de aprender franc\u00e9s. \u00bfPor qu\u00e9 no les interesa la lengua de Moli\u00e8re? \u00bfY qu\u00e9 futuro para el franc\u00e9s en Canad\u00e1?<\/p>\n\n<h2 class=\"wp-block-heading\">El hallazgo actual<\/h2>\n\n<p>El ingl\u00e9s y el franc\u00e9s son los dos idiomas oficiales de Canad\u00e1, seg\u00fan la ley aprobada en 1969 por el Parlamento de Canad\u00e1. Anteriormente, el biling\u00fcismo era muy importante. Sin embargo, a pesar de esta legislaci\u00f3n ling\u00fc\u00edstica, los canadienses ingleses est\u00e1n cada vez menos inclinados a aprender o hablar franc\u00e9s. Son 10 millones en 2018, para declarar poder <a href=\"https:\/\/ave-eta-canada.com\/es\/noticias-noticias-eta\/\">hablar franc\u00e9s<\/a> , pero esta cifra est\u00e1 en constante descenso.<\/p>\n\n<p>Aprender un segundo idioma obligatorio ya les est\u00e1 molestando, y cada vez m\u00e1s personas se preguntan por qu\u00e9 deber\u00eda ser el franc\u00e9s. Algunos canadienses piensan que es injusto aprender franc\u00e9s en lugar de otro idioma. Incluso en Quebec, el franc\u00e9s est\u00e1 pasando a un segundo plano y perdiendo su importancia.<\/p>\n\n<p>Aparece un fen\u00f3meno, el de la negativa a vivir en franc\u00e9s. Usar el franc\u00e9s para el trabajo sigue siendo aceptable, pero una vez en casa, el segundo idioma oficial toma el relevo. El franc\u00e9s como primera lengua materna tambi\u00e9n est\u00e1 en declive.<br\/><\/p>\n\n<h2 class=\"wp-block-heading\">\u00bfQu\u00e9 futuro para la lengua francesa en Canad\u00e1?<\/h2>\n\n<p>Muchos estudios muestran una profunda divisi\u00f3n entre las dos comunidades oficiales de Canad\u00e1.<\/p>\n\n<p><a href=\"https:\/\/www.canada.ca\/fr.html\">El gobierno de Quebec<\/a> quiere reintroducir el franc\u00e9s en las peque\u00f1as y medianas empresas para alentar a los canadienses a aprender el idioma de Moli\u00e8re. Este plan de acci\u00f3n permitir\u00eda preservar la lengua francesa al tiempo que facilitar\u00eda la b\u00fasqueda de empleo para los biling\u00fces. A los angl\u00f3fonos y franc\u00f3fonos les resultar\u00eda m\u00e1s f\u00e1cil conseguir un trabajo.<\/p>\n\n<p>Hay que decir que el franc\u00e9s se est\u00e1 convirtiendo gradualmente, para los canadienses, en un idioma de trabajo en lugar de un idioma del coraz\u00f3n.<\/p>\n","protected":false},"excerpt":{"rendered":"<p>Desaparici\u00f3n del franc\u00e9s en Canad\u00e1 ingl\u00e9s Canad\u00e1 es uno de los destinos tur\u00edsticos favoritos de los franceses, pero tambi\u00e9n un pa\u00eds de acogida para muchos expatriados. Cada vez m\u00e1s canadienses est\u00e1n en contra de aprender franc\u00e9s. \u00bfPor qu\u00e9 no les interesa la lengua de Moli\u00e8re? \u00bfY qu\u00e9 futuro para el franc\u00e9s en Canad\u00e1? El hallazgo [&hellip;]<\/p>\n","protected":false},"author":1,"featured_media":0,"parent":0,"menu_order":0,"comment_status":"closed","ping_status":"closed","template":"","meta":{"footnotes":""},"class_list":["post-806","page","type-page","status-publish","hentry"],"yoast_head":"<!-- This site is optimized with the Yoast SEO plugin v26.9 - https:\/\/yoast.com\/product\/yoast-seo-wordpress\/ -->\n<title>El idioma franc\u00e9s est\u00e1 desapareciendo gradualmente de Canad\u00e1<\/title>\n<meta name=\"description\" content=\"Un destino popular para los viajeros franceses, Canad\u00e1 todav\u00eda usa menos el franc\u00e9s. \u00bfPor qu\u00e9 tal desinter\u00e9s? Respuesta en este art\u00edculo.\" \/>\n<meta name=\"robots\" content=\"index, follow, max-snippet:-1, max-image-preview:large, max-video-preview:-1\" \/>\n<link rel=\"canonical\" href=\"https:\/\/ave-eta-canada.com\/es\/el-idioma-frances-esta-desapareciendo-gradualmente-de-canada\/\" \/>\n<meta property=\"og:locale\" content=\"es_ES\" \/>\n<meta property=\"og:type\" content=\"article\" \/>\n<meta property=\"og:title\" content=\"El idioma franc\u00e9s est\u00e1 desapareciendo gradualmente de Canad\u00e1\" \/>\n<meta property=\"og:description\" content=\"Un destino popular para los viajeros franceses, Canad\u00e1 todav\u00eda usa menos el franc\u00e9s. \u00bfPor qu\u00e9 tal desinter\u00e9s? Respuesta en este art\u00edculo.\" \/>\n<meta property=\"og:url\" content=\"https:\/\/ave-eta-canada.com\/es\/el-idioma-frances-esta-desapareciendo-gradualmente-de-canada\/\" \/>\n<meta property=\"og:site_name\" content=\"VISA CANAD\u00c1\" \/>\n<meta property=\"article:modified_time\" content=\"2022-05-13T21:00:44+00:00\" \/>\n<meta name=\"twitter:card\" content=\"summary_large_image\" \/>\n<meta name=\"twitter:label1\" content=\"Tiempo de lectura\" \/>\n\t<meta name=\"twitter:data1\" content=\"2 minutos\" \/>\n<script type=\"application\/ld+json\" class=\"yoast-schema-graph\">{\"@context\":\"https:\/\/schema.org\",\"@graph\":[{\"@type\":\"WebPage\",\"@id\":\"https:\/\/ave-eta-canada.com\/es\/el-idioma-frances-esta-desapareciendo-gradualmente-de-canada\/\",\"url\":\"https:\/\/ave-eta-canada.com\/es\/el-idioma-frances-esta-desapareciendo-gradualmente-de-canada\/\",\"name\":\"El idioma franc\u00e9s est\u00e1 desapareciendo gradualmente de Canad\u00e1\",\"isPartOf\":{\"@id\":\"https:\/\/ave-eta-canada.com\/es\/#website\"},\"datePublished\":\"2020-04-23T10:31:09+00:00\",\"dateModified\":\"2022-05-13T21:00:44+00:00\",\"description\":\"Un destino popular para los viajeros franceses, Canad\u00e1 todav\u00eda usa menos el franc\u00e9s. \u00bfPor qu\u00e9 tal desinter\u00e9s? Respuesta en este art\u00edculo.\",\"breadcrumb\":{\"@id\":\"https:\/\/ave-eta-canada.com\/es\/el-idioma-frances-esta-desapareciendo-gradualmente-de-canada\/#breadcrumb\"},\"inLanguage\":\"es\",\"potentialAction\":[{\"@type\":\"ReadAction\",\"target\":[\"https:\/\/ave-eta-canada.com\/es\/el-idioma-frances-esta-desapareciendo-gradualmente-de-canada\/\"]}]},{\"@type\":\"BreadcrumbList\",\"@id\":\"https:\/\/ave-eta-canada.com\/es\/el-idioma-frances-esta-desapareciendo-gradualmente-de-canada\/#breadcrumb\",\"itemListElement\":[{\"@type\":\"ListItem\",\"position\":1,\"name\":\"Home\",\"item\":\"https:\/\/ave-eta-canada.com\/es\/\"},{\"@type\":\"ListItem\",\"position\":2,\"name\":\"El idioma franc\u00e9s est\u00e1 desapareciendo gradualmente de Canad\u00e1\"}]},{\"@type\":\"WebSite\",\"@id\":\"https:\/\/ave-eta-canada.com\/es\/#website\",\"url\":\"https:\/\/ave-eta-canada.com\/es\/\",\"name\":\"VISA CANAD\u00c1\",\"description\":\"Autorisation Voyage Electronique\",\"potentialAction\":[{\"@type\":\"SearchAction\",\"target\":{\"@type\":\"EntryPoint\",\"urlTemplate\":\"https:\/\/ave-eta-canada.com\/es\/?s={search_term_string}\"},\"query-input\":{\"@type\":\"PropertyValueSpecification\",\"valueRequired\":true,\"valueName\":\"search_term_string\"}}],\"inLanguage\":\"es\"}]}<\/script>\n<!-- \/ Yoast SEO plugin. -->","yoast_head_json":{"title":"El idioma franc\u00e9s est\u00e1 desapareciendo gradualmente de Canad\u00e1","description":"Un destino popular para los viajeros franceses, Canad\u00e1 todav\u00eda usa menos el franc\u00e9s. \u00bfPor qu\u00e9 tal desinter\u00e9s? Respuesta en este art\u00edculo.","robots":{"index":"index","follow":"follow","max-snippet":"max-snippet:-1","max-image-preview":"max-image-preview:large","max-video-preview":"max-video-preview:-1"},"canonical":"https:\/\/ave-eta-canada.com\/es\/el-idioma-frances-esta-desapareciendo-gradualmente-de-canada\/","og_locale":"es_ES","og_type":"article","og_title":"El idioma franc\u00e9s est\u00e1 desapareciendo gradualmente de Canad\u00e1","og_description":"Un destino popular para los viajeros franceses, Canad\u00e1 todav\u00eda usa menos el franc\u00e9s. \u00bfPor qu\u00e9 tal desinter\u00e9s? Respuesta en este art\u00edculo.","og_url":"https:\/\/ave-eta-canada.com\/es\/el-idioma-frances-esta-desapareciendo-gradualmente-de-canada\/","og_site_name":"VISA CANAD\u00c1","article_modified_time":"2022-05-13T21:00:44+00:00","twitter_card":"summary_large_image","twitter_misc":{"Tiempo de lectura":"2 minutos"},"schema":{"@context":"https:\/\/schema.org","@graph":[{"@type":"WebPage","@id":"https:\/\/ave-eta-canada.com\/es\/el-idioma-frances-esta-desapareciendo-gradualmente-de-canada\/","url":"https:\/\/ave-eta-canada.com\/es\/el-idioma-frances-esta-desapareciendo-gradualmente-de-canada\/","name":"El idioma franc\u00e9s est\u00e1 desapareciendo gradualmente de Canad\u00e1","isPartOf":{"@id":"https:\/\/ave-eta-canada.com\/es\/#website"},"datePublished":"2020-04-23T10:31:09+00:00","dateModified":"2022-05-13T21:00:44+00:00","description":"Un destino popular para los viajeros franceses, Canad\u00e1 todav\u00eda usa menos el franc\u00e9s. \u00bfPor qu\u00e9 tal desinter\u00e9s? Respuesta en este art\u00edculo.","breadcrumb":{"@id":"https:\/\/ave-eta-canada.com\/es\/el-idioma-frances-esta-desapareciendo-gradualmente-de-canada\/#breadcrumb"},"inLanguage":"es","potentialAction":[{"@type":"ReadAction","target":["https:\/\/ave-eta-canada.com\/es\/el-idioma-frances-esta-desapareciendo-gradualmente-de-canada\/"]}]},{"@type":"BreadcrumbList","@id":"https:\/\/ave-eta-canada.com\/es\/el-idioma-frances-esta-desapareciendo-gradualmente-de-canada\/#breadcrumb","itemListElement":[{"@type":"ListItem","position":1,"name":"Home","item":"https:\/\/ave-eta-canada.com\/es\/"},{"@type":"ListItem","position":2,"name":"El idioma franc\u00e9s est\u00e1 desapareciendo gradualmente de Canad\u00e1"}]},{"@type":"WebSite","@id":"https:\/\/ave-eta-canada.com\/es\/#website","url":"https:\/\/ave-eta-canada.com\/es\/","name":"VISA CANAD\u00c1","description":"Autorisation Voyage Electronique","potentialAction":[{"@type":"SearchAction","target":{"@type":"EntryPoint","urlTemplate":"https:\/\/ave-eta-canada.com\/es\/?s={search_term_string}"},"query-input":{"@type":"PropertyValueSpecification","valueRequired":true,"valueName":"search_term_string"}}],"inLanguage":"es"}]}},"_links":{"self":[{"href":"https:\/\/ave-eta-canada.com\/es\/wp-json\/wp\/v2\/pages\/806","targetHints":{"allow":["GET"]}}],"collection":[{"href":"https:\/\/ave-eta-canada.com\/es\/wp-json\/wp\/v2\/pages"}],"about":[{"href":"https:\/\/ave-eta-canada.com\/es\/wp-json\/wp\/v2\/types\/page"}],"author":[{"embeddable":true,"href":"https:\/\/ave-eta-canada.com\/es\/wp-json\/wp\/v2\/users\/1"}],"replies":[{"embeddable":true,"href":"https:\/\/ave-eta-canada.com\/es\/wp-json\/wp\/v2\/comments?post=806"}],"version-history":[{"count":0,"href":"https:\/\/ave-eta-canada.com\/es\/wp-json\/wp\/v2\/pages\/806\/revisions"}],"wp:attachment":[{"href":"https:\/\/ave-eta-canada.com\/es\/wp-json\/wp\/v2\/media?parent=806"}],"curies":[{"name":"wp","href":"https:\/\/api.w.org\/{rel}","templated":true}]}}