{"id":808,"date":"2020-04-23T10:44:36","date_gmt":"2020-04-23T10:44:36","guid":{"rendered":"https:\/\/ave-eta-canada.com\/es-obligatorio-eta-canada\/"},"modified":"2022-05-13T20:57:35","modified_gmt":"2022-05-13T20:57:35","slug":"es-obligatorio-eta-canada","status":"publish","type":"page","link":"https:\/\/ave-eta-canada.com\/es\/es-obligatorio-eta-canada\/","title":{"rendered":"\u00bfEs obligatoria la eTA de Canad\u00e1?"},"content":{"rendered":"\n<h1 class=\"wp-block-heading\">\u00bfEs la eTA Canad\u00e1 una obligaci\u00f3n?<\/h1>\n\n<p>Canada eTA es una autorizaci\u00f3n de viaje electr\u00f3nica establecida por el gobierno canadiense. Se obtiene antes del viaje a Canad\u00e1 a trav\u00e9s de un formulario en l\u00ednea disponible en el sitio web del gobierno. <\/p>\n\n<p><strong>Para una estad\u00eda de menos de 6 meses en Canad\u00e1<\/strong> : Puede realizar los tr\u00e1mites para ingresar a Canad\u00e1 directamente a trav\u00e9s de Internet haciendo clic en el <a href=\"https:\/\/ave-eta-canada.com\/es\/formulario-de-eta-canada-en-linea\/\">formulario en l\u00ednea<\/a>. No es necesario obtener una cita en la embajada o consulado canadiense.<\/p>\n\n<p>A la pregunta \u00bfes obligatoria la eTA de Canad\u00e1? La respuesta es s\u00ed. La autorizaci\u00f3n electr\u00f3nica de viaje de Canad\u00e1 es obligatoria para ciertos viajeros bajo ciertas condiciones. Te explicamos aqu\u00ed cu\u00e1les son las obligaciones de la eTA Canada.<br\/><br\/><\/p>\n\n<h2 class=\"wp-block-heading\">\u00bfCu\u00e1ndo es obligatoria la eTA de Canad\u00e1?<\/h2>\n\n<p>La eTA de Canad\u00e1 se hizo obligatoria en noviembre de 2016 por las autoridades canadienses. Su principio es simple: obtener una autorizaci\u00f3n de viaje antes de viajar a Canad\u00e1, lo que ayuda a aliviar la congesti\u00f3n en las embajadas canadienses y los cruces fronterizos al tiempo que garantiza la seguridad interna del pa\u00eds.<\/p>\n\n<p><a href=\"https:\/\/ave-eta-canada.com\/es\/todo-lo-que-necesitas-saber-sobre-la-aplicacion-eta-para-canada\/\">La eTA de Canad\u00e1 es obligatoria<\/a> para ingresar al territorio canadiense solo por v\u00eda a\u00e9rea. Por lo tanto, cualquier estad\u00eda en Canad\u00e1 por tierra y mar no requiere que solicite una eTA de Canad\u00e1. Tenga en cuenta que la obligaci\u00f3n de eTA Canad\u00e1 tambi\u00e9n se refiere a los tr\u00e1nsitos por v\u00eda a\u00e9rea.<\/p>\n\n<p>No tiene sentido presentarse en el aeropuerto sin la eTA de Canad\u00e1 obligatoria, porque las aerol\u00edneas est\u00e1n obligadas a denegar el embarque a cualquier persona que no cumpla con los requisitos del Gobierno de Canad\u00e1 en materia de inmigraci\u00f3n. Por lo tanto, es esencial obtener una autorizaci\u00f3n de viaje antes de partir.<br\/><br\/><\/p>\n\n<h2 class=\"wp-block-heading\">\u00bfPara qui\u00e9n es la obligaci\u00f3n de la eTA de Canad\u00e1?<\/h2>\n\n<p>El requisito de eTA de Canad\u00e1 es solo para ciudadanos de pa\u00edses exentos de visa. Siendo Francia uno de ellos, los ciudadanos franceses deben someterse a la obligaci\u00f3n de eTA Canad\u00e1 para ir a Canad\u00e1.<\/p>\n\n<p>Sin embargo, la obligaci\u00f3n de eTA Canad\u00e1 no se aplica a los ciudadanos franceses que residen en San Pedro y Miquel\u00f3n, si viajan a Canad\u00e1 directamente desde San Pedro y Miquel\u00f3n. Tambi\u00e9n est\u00e1n exentos de la obligaci\u00f3n de la eTA Canad\u00e1 los viajeros con doble nacionalidad canadiense o estadounidense (siempre que tengan un pasaporte v\u00e1lido, canadiense o estadounidense), los residentes permanentes canadienses y, bajo ciertas condiciones, los titulares de una visa canadiense v\u00e1lida (visa de residente temporal, PVT, permiso de trabajo, permiso de estudios, etc.).<\/p>\n\n<p>La autorizaci\u00f3n de viaje no le permite <a href=\"https:\/\/ave-eta-canada.com\/es\/whv-canada-como-obtener-un-permiso-de-vacaciones-de-trabajo\/\">trabajar o estudiar en Canad\u00e1.<\/a> Tampoco es un permiso de entrada: el oficial de servicios fronterizos es responsable de aceptar o rechazar a los pasajeros que llegan a la frontera. Su decisi\u00f3n se basa en la presentaci\u00f3n de los documentos de viaje obligatorios (pasaporte, eTA, billete de salida, etc.).<br\/><br\/><\/p>\n\n<h2 class=\"wp-block-heading\">\u00bfCu\u00e1les son las otras obligaciones de la eTA de Canad\u00e1?<\/h2>\n\n<p>La eTA de Canad\u00e1 est\u00e1 vinculada al pasaporte del viajero. As\u00ed, cualquier cambio relativo al pasaporte conlleva la nulidad de la eTA, que incluye la renovaci\u00f3n del pasaporte. La eTA de Canad\u00e1 obligatoria debe estar actualizada; de lo contrario, se proh\u00edbe la entrada a Canad\u00e1.<\/p>\n\n<p>El titular de una eTA Canad\u00e1 tiene la obligaci\u00f3n de abandonar el pa\u00eds a m\u00e1s tardar 6 meses despu\u00e9s de su llegada. No obstante, puede realizar tantos viajes a Canad\u00e1 como desee durante la <a href=\"https:\/\/ave-eta-canada.com\/es\/eta-canada-periodo-de-validez\/\">vigencia de la eTA<\/a> . Cabe se\u00f1alar que la autorizaci\u00f3n se emite por un per\u00edodo de 5 a\u00f1os o hasta la caducidad del pasaporte, si este \u00faltimo caduca antes de que finalice la duraci\u00f3n oficial de la autorizaci\u00f3n eTA.<br\/><br\/><\/p>\n\n<h2 class=\"wp-block-heading\">\u00bfC\u00f3mo obtener la eTA de Canad\u00e1 obligatoria?<\/h2>\n\n<p>La eTA obligatoria de Canad\u00e1 solo se puede obtener en l\u00ednea a trav\u00e9s del sitio web oficial del gobierno canadiense o a trav\u00e9s de una organizaci\u00f3n privada, como nuestro socio, para obtener asistencia personalizada. No es necesario ponerse en contacto con la Embajada o el Consulado de Canad\u00e1, ya que solo se procesan las solicitudes en l\u00ednea.<\/p>\n\n<p>La solicitud de Canad\u00e1 eTA consiste en completar un formulario cuyos campos se refieren a los datos del pasaporte y la informaci\u00f3n personal del titular. El <a href=\"https:\/\/ave-eta-canada.com\/es\/complete-el-formulario-eta-para-canada\/\">formulario en l\u00ednea<\/a> se completa con 4 preguntas relacionadas con enfermedades no tratadas, delitos penales y las estad\u00edas anteriores del viajero.<\/p>\n\n<p>El formulario a completar se valida una vez realizado el pago de la tasa de autorizaci\u00f3n de 7 d\u00f3lares canadienses. Se env\u00eda autom\u00e1ticamente un acuse de recibo a la direcci\u00f3n de correo electr\u00f3nico facilitada en el formulario. La respuesta final generalmente sigue dentro de unos minutos. En el caso de una solicitud pendiente, lo cual es raro, se env\u00eda un correo electr\u00f3nico dentro de unos d\u00edas con una lista de documentos adicionales que se deben proporcionar. Tenga en cuenta que puede <a href=\"https:\/\/ave-eta-canada.com\/es\/como-encontrar-un-eta\/\">encontrar su solicitud de eTA<\/a> usando el n\u00famero que recibi\u00f3 por correo electr\u00f3nico.<\/p>\n\n<p>Tenga en cuenta que una denegaci\u00f3n de eTA Canad\u00e1 no es una prohibici\u00f3n permanente de entrada a Canad\u00e1. El viajero puede repetir su solicitud, si nota un error de tipeo, o solicitar una visa en la embajada.<\/p>\n","protected":false},"excerpt":{"rendered":"<p>\u00bfEs la eTA Canad\u00e1 una obligaci\u00f3n? Canada eTA es una autorizaci\u00f3n de viaje electr\u00f3nica establecida por el gobierno canadiense. Se obtiene antes del viaje a Canad\u00e1 a trav\u00e9s de un formulario en l\u00ednea disponible en el sitio web del gobierno. Para una estad\u00eda de menos de 6 meses en Canad\u00e1 : Puede realizar los tr\u00e1mites [&hellip;]<\/p>\n","protected":false},"author":1,"featured_media":0,"parent":0,"menu_order":0,"comment_status":"closed","ping_status":"closed","template":"","meta":{"footnotes":""},"class_list":["post-808","page","type-page","status-publish","hentry"],"yoast_head":"<!-- This site is optimized with the Yoast SEO plugin v26.9 - https:\/\/yoast.com\/product\/yoast-seo-wordpress\/ -->\n<title>\u00bfEs obligatoria la eTA de Canad\u00e1?<\/title>\n<meta name=\"description\" content=\"En noviembre de 2016, el gobierno canadiense introdujo una autorizaci\u00f3n de viaje electr\u00f3nica eTA. \u00bfEs obligatorio? La respuesta completa aqu\u00ed.\" \/>\n<meta name=\"robots\" content=\"index, follow, max-snippet:-1, max-image-preview:large, max-video-preview:-1\" \/>\n<link rel=\"canonical\" href=\"https:\/\/ave-eta-canada.com\/es\/es-obligatorio-eta-canada\/\" \/>\n<meta property=\"og:locale\" content=\"es_ES\" \/>\n<meta property=\"og:type\" content=\"article\" \/>\n<meta property=\"og:title\" content=\"\u00bfEs obligatoria la eTA de Canad\u00e1?\" \/>\n<meta property=\"og:description\" content=\"En noviembre de 2016, el gobierno canadiense introdujo una autorizaci\u00f3n de viaje electr\u00f3nica eTA. \u00bfEs obligatorio? La respuesta completa aqu\u00ed.\" \/>\n<meta property=\"og:url\" content=\"https:\/\/ave-eta-canada.com\/es\/es-obligatorio-eta-canada\/\" \/>\n<meta property=\"og:site_name\" content=\"VISA CANAD\u00c1\" \/>\n<meta property=\"article:modified_time\" content=\"2022-05-13T20:57:35+00:00\" \/>\n<meta name=\"twitter:card\" content=\"summary_large_image\" \/>\n<meta name=\"twitter:label1\" content=\"Tiempo de lectura\" \/>\n\t<meta name=\"twitter:data1\" content=\"5 minutos\" \/>\n<script type=\"application\/ld+json\" class=\"yoast-schema-graph\">{\"@context\":\"https:\/\/schema.org\",\"@graph\":[{\"@type\":\"WebPage\",\"@id\":\"https:\/\/ave-eta-canada.com\/es\/es-obligatorio-eta-canada\/\",\"url\":\"https:\/\/ave-eta-canada.com\/es\/es-obligatorio-eta-canada\/\",\"name\":\"\u00bfEs obligatoria la eTA de Canad\u00e1?\",\"isPartOf\":{\"@id\":\"https:\/\/ave-eta-canada.com\/es\/#website\"},\"datePublished\":\"2020-04-23T10:44:36+00:00\",\"dateModified\":\"2022-05-13T20:57:35+00:00\",\"description\":\"En noviembre de 2016, el gobierno canadiense introdujo una autorizaci\u00f3n de viaje electr\u00f3nica eTA. \u00bfEs obligatorio? La respuesta completa aqu\u00ed.\",\"breadcrumb\":{\"@id\":\"https:\/\/ave-eta-canada.com\/es\/es-obligatorio-eta-canada\/#breadcrumb\"},\"inLanguage\":\"es\",\"potentialAction\":[{\"@type\":\"ReadAction\",\"target\":[\"https:\/\/ave-eta-canada.com\/es\/es-obligatorio-eta-canada\/\"]}]},{\"@type\":\"BreadcrumbList\",\"@id\":\"https:\/\/ave-eta-canada.com\/es\/es-obligatorio-eta-canada\/#breadcrumb\",\"itemListElement\":[{\"@type\":\"ListItem\",\"position\":1,\"name\":\"Home\",\"item\":\"https:\/\/ave-eta-canada.com\/es\/\"},{\"@type\":\"ListItem\",\"position\":2,\"name\":\"\u00bfEs obligatoria la eTA de Canad\u00e1?\"}]},{\"@type\":\"WebSite\",\"@id\":\"https:\/\/ave-eta-canada.com\/es\/#website\",\"url\":\"https:\/\/ave-eta-canada.com\/es\/\",\"name\":\"VISA CANAD\u00c1\",\"description\":\"Autorisation Voyage Electronique\",\"potentialAction\":[{\"@type\":\"SearchAction\",\"target\":{\"@type\":\"EntryPoint\",\"urlTemplate\":\"https:\/\/ave-eta-canada.com\/es\/?s={search_term_string}\"},\"query-input\":{\"@type\":\"PropertyValueSpecification\",\"valueRequired\":true,\"valueName\":\"search_term_string\"}}],\"inLanguage\":\"es\"}]}<\/script>\n<!-- \/ Yoast SEO plugin. -->","yoast_head_json":{"title":"\u00bfEs obligatoria la eTA de Canad\u00e1?","description":"En noviembre de 2016, el gobierno canadiense introdujo una autorizaci\u00f3n de viaje electr\u00f3nica eTA. \u00bfEs obligatorio? La respuesta completa aqu\u00ed.","robots":{"index":"index","follow":"follow","max-snippet":"max-snippet:-1","max-image-preview":"max-image-preview:large","max-video-preview":"max-video-preview:-1"},"canonical":"https:\/\/ave-eta-canada.com\/es\/es-obligatorio-eta-canada\/","og_locale":"es_ES","og_type":"article","og_title":"\u00bfEs obligatoria la eTA de Canad\u00e1?","og_description":"En noviembre de 2016, el gobierno canadiense introdujo una autorizaci\u00f3n de viaje electr\u00f3nica eTA. \u00bfEs obligatorio? La respuesta completa aqu\u00ed.","og_url":"https:\/\/ave-eta-canada.com\/es\/es-obligatorio-eta-canada\/","og_site_name":"VISA CANAD\u00c1","article_modified_time":"2022-05-13T20:57:35+00:00","twitter_card":"summary_large_image","twitter_misc":{"Tiempo de lectura":"5 minutos"},"schema":{"@context":"https:\/\/schema.org","@graph":[{"@type":"WebPage","@id":"https:\/\/ave-eta-canada.com\/es\/es-obligatorio-eta-canada\/","url":"https:\/\/ave-eta-canada.com\/es\/es-obligatorio-eta-canada\/","name":"\u00bfEs obligatoria la eTA de Canad\u00e1?","isPartOf":{"@id":"https:\/\/ave-eta-canada.com\/es\/#website"},"datePublished":"2020-04-23T10:44:36+00:00","dateModified":"2022-05-13T20:57:35+00:00","description":"En noviembre de 2016, el gobierno canadiense introdujo una autorizaci\u00f3n de viaje electr\u00f3nica eTA. \u00bfEs obligatorio? La respuesta completa aqu\u00ed.","breadcrumb":{"@id":"https:\/\/ave-eta-canada.com\/es\/es-obligatorio-eta-canada\/#breadcrumb"},"inLanguage":"es","potentialAction":[{"@type":"ReadAction","target":["https:\/\/ave-eta-canada.com\/es\/es-obligatorio-eta-canada\/"]}]},{"@type":"BreadcrumbList","@id":"https:\/\/ave-eta-canada.com\/es\/es-obligatorio-eta-canada\/#breadcrumb","itemListElement":[{"@type":"ListItem","position":1,"name":"Home","item":"https:\/\/ave-eta-canada.com\/es\/"},{"@type":"ListItem","position":2,"name":"\u00bfEs obligatoria la eTA de Canad\u00e1?"}]},{"@type":"WebSite","@id":"https:\/\/ave-eta-canada.com\/es\/#website","url":"https:\/\/ave-eta-canada.com\/es\/","name":"VISA CANAD\u00c1","description":"Autorisation Voyage Electronique","potentialAction":[{"@type":"SearchAction","target":{"@type":"EntryPoint","urlTemplate":"https:\/\/ave-eta-canada.com\/es\/?s={search_term_string}"},"query-input":{"@type":"PropertyValueSpecification","valueRequired":true,"valueName":"search_term_string"}}],"inLanguage":"es"}]}},"_links":{"self":[{"href":"https:\/\/ave-eta-canada.com\/es\/wp-json\/wp\/v2\/pages\/808","targetHints":{"allow":["GET"]}}],"collection":[{"href":"https:\/\/ave-eta-canada.com\/es\/wp-json\/wp\/v2\/pages"}],"about":[{"href":"https:\/\/ave-eta-canada.com\/es\/wp-json\/wp\/v2\/types\/page"}],"author":[{"embeddable":true,"href":"https:\/\/ave-eta-canada.com\/es\/wp-json\/wp\/v2\/users\/1"}],"replies":[{"embeddable":true,"href":"https:\/\/ave-eta-canada.com\/es\/wp-json\/wp\/v2\/comments?post=808"}],"version-history":[{"count":0,"href":"https:\/\/ave-eta-canada.com\/es\/wp-json\/wp\/v2\/pages\/808\/revisions"}],"wp:attachment":[{"href":"https:\/\/ave-eta-canada.com\/es\/wp-json\/wp\/v2\/media?parent=808"}],"curies":[{"name":"wp","href":"https:\/\/api.w.org\/{rel}","templated":true}]}}