{"id":810,"date":"2020-04-23T11:48:26","date_gmt":"2020-04-23T11:48:26","guid":{"rendered":"https:\/\/ave-eta-canada.com\/la-guia-practica-para-viajar-en-canada\/"},"modified":"2022-05-13T21:35:23","modified_gmt":"2022-05-13T21:35:23","slug":"la-guia-practica-para-viajar-en-canada","status":"publish","type":"page","link":"https:\/\/ave-eta-canada.com\/es\/la-guia-practica-para-viajar-en-canada\/","title":{"rendered":"La gu\u00eda pr\u00e1ctica para viajar en Canad\u00e1"},"content":{"rendered":"\n<h1 class=\"wp-block-heading\">Viajar a Canad\u00e1: informaci\u00f3n pr\u00e1ctica<\/h1>\n\n<p><strong>Para una estad\u00eda de menos de 6 meses en Canad\u00e1<\/strong> : Puede realizar los tr\u00e1mites para ingresar a Canad\u00e1 directamente a trav\u00e9s de Internet haciendo clic en el <a href=\"https:\/\/ave-eta-canada.com\/es\/formulario-de-eta-canada-en-linea\/\">formulario en l\u00ednea<\/a>. No es necesario obtener una cita en la embajada o consulado canadiense.<\/p>\n\n<p>Si eres un amante de la naturaleza o un fan\u00e1tico del gigantismo de las ciudades de Am\u00e9rica del Norte, \u00a1Canad\u00e1 est\u00e1 hecho para ti! Para ayudarte a preparar mejor tu viaje por el Atl\u00e1ntico, te detallamos en este art\u00edculo toda la informaci\u00f3n que necesitas saber antes de viajar a Canad\u00e1. <\/p>\n\n<p>\u00bfCu\u00e1ndo salir? Que hacer ? \u00bfQu\u00e9 <a href=\"https:\/\/ave-eta-canada.com\/es\/preguntas-frecuentes-de-eta-canada-respuestas-a-tus-preguntas\/\">documentos se requieren<\/a> antes de embarcar? Las respuestas est\u00e1n abajo.<\/p>\n\n<h2 class=\"wp-block-heading\"><br\/>\u00bfCu\u00e1ndo es la mejor \u00e9poca para viajar a Canad\u00e1?<\/h2>\n\n<p>Debido a su clima continental, Canad\u00e1 experimenta cambios de temperatura significativos entre estaciones. En general, los inviernos son bastante duros con temperaturas negativas, no es raro que el term\u00f3metro marque -20\u00b0C a mediados de enero en ciertas regiones. Por el contrario, los veranos son relativamente calurosos, con temperaturas que alcanzan los 30\u00b0C en agosto.<\/p>\n\n<p>En realidad, como veremos, no hay mejor momento para <a href=\"https:\/\/ave-eta-canada.com\/es\/la-guia-practica-para-viajar-en-canada\/\">viajar a Canad\u00e1<\/a> : todo depende de tu proyecto.<\/p>\n\n<h3 class=\"wp-block-heading\">Qu\u00e9date en Canad\u00e1 en invierno<\/h3>\n\n<p>Si quieres practicar deportes de invierno, la mejor \u00e9poca para viajar a Canad\u00e1 ser\u00e1 sin duda de noviembre a febrero. Durante este per\u00edodo, hay muchas ocupaciones: esqu\u00ed, motos de nieve, trineos tirados por perros, raquetas de nieve&#8230; En definitiva, si eres un fan\u00e1tico de la nieve y las actividades al aire libre, no te aburrir\u00e1s.<\/p>\n\n<h3 class=\"wp-block-heading\">Visita Canad\u00e1 en verano<\/h3>\n\n<p>Por supuesto, el verano tambi\u00e9n se presta para actividades al aire libre: senderismo en parques nacionales, camping, pirag\u00fcismo, etc. Paralelamente, muchos eventos culturales se organizan durante este per\u00edodo. Este es particularmente el caso de Quebec o Montreal, donde los festivales se suceden a lo largo de la temporada de verano. Para los amantes del jazz, no se pierdan el Festival Internacional de Jazz que se celebra en Montreal todos los a\u00f1os entre junio y julio.<\/p>\n\n<p>Si eliges ir a Quebec en verano, te aconsejamos que visites Tadoussac, que no es otro que el pueblo m\u00e1s antiguo de Quebec. El principal atractivo de esta localidad es la observaci\u00f3n de las famosas ballenas azules. Si opta por un crucero mar\u00edtimo, podr\u00e1 admirar la riqueza de la fauna marina local (delfines, belugas, focas, marsopas, orcas, etc.).<\/p>\n\n<h3 class=\"wp-block-heading\">Ir a Canad\u00e1 en el oto\u00f1o<\/h3>\n\n<p>Viajar a Canad\u00e1 en oto\u00f1o es un muy buen compromiso. Disfrutar\u00e1 de d\u00edas casi tan soleados como en verano y temperaturas relativamente suaves, pero que no superen los 20\u00b0C, desde Vancouver hasta Quebec. <\/p>\n\n<p>Para los entusiastas de la fotograf\u00eda, quedarse en Canad\u00e1 durante el verano indio es ideal. Los colores cambiantes de las hojas de arce proporcionar\u00e1n un espect\u00e1culo fascinante. Si quieres aprovechar al m\u00e1ximo este fen\u00f3meno, te aconsejamos que te acerques al bosque boreal de Quebec, quedar\u00e1s cautivado por estos maravillosos paisajes pintados con los colores del oto\u00f1o.<\/p>\n\n<p>Esta temporada tambi\u00e9n es ideal para admirar la migraci\u00f3n de los gansos de las nieves desde las regiones \u00e1rticas y por el famoso r\u00edo San Lorenzo, para partir hacia los Estados Unidos. <\/p>\n\n<h2 class=\"wp-block-heading\"><br\/>Viajar a Canad\u00e1: \u00bfqu\u00e9 visitar?<\/h2>\n\n<p>La inmensidad de Canad\u00e1 deja incalculables posibilidades de visitas. Si tiene sed de un cambio de escenario, \u00a1no podr\u00eda haber hecho una mejor elecci\u00f3n de destino! Grandes espacios salvajes, fauna excepcionalmente rica, deportes al aire libre, ciudades gigantescas y muy animadas, \u00a1hay algo para todos los gustos y colores! Para que te vayas con la cabeza llena de recuerdos inolvidables, hemos seleccionado para ti una lista de los lugares imprescindibles para visitar.<\/p>\n\n<h3 class=\"wp-block-heading\">Montr\u00e9al<\/h3>\n\n<p>Como primera ciudad de la provincia de Quebec, no puedes ir a Canad\u00e1 sin hacer una parada en Montreal. Una ciudad multicultural y cosmopolita, Montreal ofrece una amplia variedad de actividades y lugares para visitar.<\/p>\n\n<p>Para empezar, te recomendamos dar un paseo por el barrio del Viejo Montreal. Bordeando el r\u00edo San Lorenzo, este distrito que data del siglo XVII es particularmente apreciado gracias a sus numerosas plazas animadas por la actividad de encantadores caf\u00e9s y tiendas. El mayor punto de inter\u00e9s en el Viejo Montreal es, sin duda, la Bas\u00edlica de Notre-Dame, un imponente edificio de estilo neog\u00f3tico. Si quieres disfrutar de una vista de todo San Lorenzo, no dudes en acercarte a la famosa Torre del Reloj, ubicada en el antiguo puerto de Montreal. Tenga en cuenta que antes de llegar a la cima de este monumento, todav\u00eda tendr\u00e1 que subir 192 escalones, sin embargo, \u00a1este esfuerzo bien vale la pena por el panorama excepcional que se ofrece a la llegada! <\/p>\n\n<h3 class=\"wp-block-heading\">Qu\u00e9bec<\/h3>\n\n<p>Quien dice viaje a Quebec, necesariamente dice Quebec City. La segunda ciudad m\u00e1s grande de la provincia de Quebec, Quebec ha logrado preservar su autenticidad a lo largo de los a\u00f1os, de ah\u00ed su inclusi\u00f3n en la Lista del Patrimonio Mundial de la UNESCO. Un ambiente c\u00e1lido reina sobre esta ciudad a escala humana, gracias en particular a sus casas antiguas y sus numerosas calles estrechas. Su estilo tambi\u00e9n recuerda a la arquitectura francesa.<\/p>\n\n<h3 class=\"wp-block-heading\">Cataratas del Ni\u00e1gara <\/h3>\n\n<p>Considerada una de las principales atracciones de Canad\u00e1, las cataratas del Ni\u00e1gara son imprescindibles cuando se trata de visitar el pa\u00eds de los arces. Seg\u00fan sus deseos y su estado de \u00e1nimo, puede admirar estas cataratas de varias maneras: en barco, en ascensor, en la terraza panor\u00e1mica o incluso en helic\u00f3ptero.<\/p>\n\n<h3 class=\"wp-block-heading\">toronto<\/h3>\n\n<p>La ciudad de Toronto se encuentra cerca de las Cataratas del Ni\u00e1gara. Despu\u00e9s de admirarlos, aproveche la oportunidad de visitar la ciudad m\u00e1s grande de Canad\u00e1. Si has estado alguna vez en Nueva York, te sorprender\u00e1 el gran parecido entre estas dos ciudades.<\/p>\n\n<p>La principal atracci\u00f3n de Toronto es el ascenso de la Torre CN. Desde lo alto de sus 113 pisos, esta torre ofrece una extraordinaria panor\u00e1mica de la ciudad y sus alrededores. \u00a1Los m\u00e1s valientes pueden incluso admirar esta vista desde una terraza panor\u00e1mica con piso de vidrio transparente!<\/p>\n\n<h3 class=\"wp-block-heading\">Parque Nacional Banff<\/h3>\n\n<p>Ubicado en el coraz\u00f3n de las Monta\u00f1as Rocosas canadienses, el Parque Nacional Banff ciertamente ofrece uno de los paisajes m\u00e1s bellos de Canad\u00e1. Este parque alberga algunos lagos glaciares sorprendentemente hermosos, incluidos los lagos Louise y Moraine, que son los dos lagos m\u00e1s fotografiados del mundo. Para admirar este espect\u00e1culo natural y el hipnotizante azul turquesa del agua, numerosas rutas de senderismo bordean los alrededores de los lagos. \u00a1De ti depende tomar la foto de tus sue\u00f1os! <\/p>\n\n<h3 class=\"wp-block-heading\">Parque Nacional Jaspe<\/h3>\n\n<p>El parque nacional m\u00e1s grande de las Monta\u00f1as Rocosas, Jasper Park, es mundialmente famoso por las cataratas Athabasca, que se originan en el glaciar que lleva el mismo nombre. Si est\u00e1 sediento de vistas espectaculares, le recomendamos que vaya al Ca\u00f1\u00f3n Maligne o explore las rutas de senderismo alrededor de los lagos Maligne y Medicine. <\/p>\n\n<h3 class=\"wp-block-heading\">El paseo del glaciar<\/h3>\n\n<p>Conocido com\u00fanmente como Icefield Parkways, Icefield Parkway es uno de los recorridos m\u00e1s panor\u00e1micos de Canad\u00e1. \u00a1Ser\u00eda una pena privarse de los majestuosos paisajes que ofrece! Atravesando varios parques nacionales, se encuentran multitud de puntos panor\u00e1micos a lo largo de los 230 km que lo componen. Lagos, r\u00edos, glaciares, ca\u00f1ones, cascadas, no quedar\u00e1s impasible ante la diversidad de paisajes que esta ruta puede ofrecerte.<\/p>\n\n<h2 class=\"wp-block-heading\"><br\/>Ir a Canad\u00e1: no olvides tu permiso de residencia<\/h2>\n\n<p>Al igual que para los EE. UU., no puede ir a Canad\u00e1 sin tener una autorizaci\u00f3n de viaje. Existen muchos documentos de viaje, pero el que se emite con mayor frecuencia es el eTA.<\/p>\n\n<h3 class=\"wp-block-heading\">eTA: que es?<\/h3>\n\n<p>Si su viaje a Canad\u00e1 no supera los 6 meses consecutivos, probablemente sea elegible para la eTA (Autorizaci\u00f3n electr\u00f3nica de viaje). Tambi\u00e9n llamada eTA en ingl\u00e9s, Canada eTA es un permiso de residencia que permite a los viajeros extranjeros elegibles viajar a Canad\u00e1 sin una visa.<\/p>\n\n<p>Este documento de viaje no se expide a todos los nacionales. Para presentar una solicitud, debe cumplir con ciertas <a href=\"https:\/\/ave-eta-canada.com\/es\/todo-sobre-las-condiciones-del-eta-para-viajar-a-canada\/\">condiciones de admisibilidad en Canad\u00e1<\/a> establecidas por el gobierno canadiense, es decir:<\/p>\n\n<ul class=\"wp-block-list\"><li>Tener la nacionalidad de un pa\u00eds miembro del programa de exenci\u00f3n de visa (este esquema incluye, entre otros, a todos los pa\u00edses de la UE); <\/li><li>Permanecer en Canad\u00e1 por un m\u00e1ximo de 6 meses;<\/li><li>Viajar como parte de una estad\u00eda tur\u00edstica, un viaje de negocios o de paso por territorio canadiense;<\/li><li>Tener un pasaporte v\u00e1lido.<\/li><\/ul>\n\n<p>Para solicitar este documento, nada podr\u00eda ser m\u00e1s simple: solo complete un formulario en l\u00ednea en el sitio web <a href=\"https:\/\/www.canada.ca\/fr.html\">del gobierno canadiense<\/a> o en la p\u00e1gina de inicio de este sitio web. Por supuesto, su expediente ser\u00e1 examinado por las autoridades canadienses para asegurarse de que no representa ninguna amenaza para la seguridad interna del pa\u00eds. Sin embargo, no se preocupe, la mayor\u00eda de las solicitudes dan como resultado una aprobaci\u00f3n a los pocos d\u00edas de enviar la solicitud. <\/p>\n\n<p>Si planea ir a Canad\u00e1 para hacer una pasant\u00eda, estudiar o incluso trabajar, <a href=\"https:\/\/ave-eta-canada.com\/es\/\">la eTA<\/a> no puede aplicarse a su caso, tendr\u00e1 que obtener otro documento de viaje.<\/p>\n\n<h3 class=\"wp-block-heading\">No soy elegible para eTA: \u00bfqu\u00e9 documento puedo solicitar para ingresar a Canad\u00e1?<\/h3>\n\n<p>Si no es elegible para la eTA, necesita una visa canadiense. Este \u00faltimo var\u00eda seg\u00fan la naturaleza de la estancia en Canad\u00e1.<\/p>\n\n<p>Si desea trabajar, debe obtener un permiso de trabajo. Tenga en cuenta que si tiene menos de 36 a\u00f1os, puede solicitar <a href=\"https:\/\/ave-eta-canada.com\/es\/whv-canada-como-obtener-un-permiso-de-vacaciones-de-trabajo\/\">un permiso de trabajo y vacaciones<\/a> (PVT). Este documento le permitir\u00e1 trabajar legalmente mientras le permite descubrir Canad\u00e1 y tomar vacaciones como mejor le parezca.<\/p>\n\n<p>En lo que respecta a los estudiantes extranjeros, deben solicitar una visa. Si este es tu proyecto, te recomendamos que te comuniques con la embajada o consulado de Canad\u00e1 para obtener m\u00e1s informaci\u00f3n sobre los tr\u00e1mites a realizar, as\u00ed como si deseas realizar una pasant\u00eda en Canad\u00e1. <\/p>\n","protected":false},"excerpt":{"rendered":"<p>Viajar a Canad\u00e1: informaci\u00f3n pr\u00e1ctica Para una estad\u00eda de menos de 6 meses en Canad\u00e1 : Puede realizar los tr\u00e1mites para ingresar a Canad\u00e1 directamente a trav\u00e9s de Internet haciendo clic en el formulario en l\u00ednea. No es necesario obtener una cita en la embajada o consulado canadiense. Si eres un amante de la naturaleza [&hellip;]<\/p>\n","protected":false},"author":1,"featured_media":0,"parent":0,"menu_order":0,"comment_status":"closed","ping_status":"closed","template":"","meta":{"footnotes":""},"class_list":["post-810","page","type-page","status-publish","hentry"],"yoast_head":"<!-- This site is optimized with the Yoast SEO plugin v26.9 - https:\/\/yoast.com\/product\/yoast-seo-wordpress\/ -->\n<title>La gu\u00eda pr\u00e1ctica para viajar en Canad\u00e1<\/title>\n<meta name=\"description\" content=\"\u00bfEst\u00e1s planeando viajar a Canad\u00e1 pronto? En esta gu\u00eda encontrar\u00e1s toda la informaci\u00f3n pr\u00e1ctica para organizar esta estancia tan esperada.\" \/>\n<meta name=\"robots\" content=\"index, follow, max-snippet:-1, max-image-preview:large, max-video-preview:-1\" \/>\n<link rel=\"canonical\" href=\"https:\/\/ave-eta-canada.com\/es\/la-guia-practica-para-viajar-en-canada\/\" \/>\n<meta property=\"og:locale\" content=\"es_ES\" \/>\n<meta property=\"og:type\" content=\"article\" \/>\n<meta property=\"og:title\" content=\"La gu\u00eda pr\u00e1ctica para viajar en Canad\u00e1\" \/>\n<meta property=\"og:description\" content=\"\u00bfEst\u00e1s planeando viajar a Canad\u00e1 pronto? En esta gu\u00eda encontrar\u00e1s toda la informaci\u00f3n pr\u00e1ctica para organizar esta estancia tan esperada.\" \/>\n<meta property=\"og:url\" content=\"https:\/\/ave-eta-canada.com\/es\/la-guia-practica-para-viajar-en-canada\/\" \/>\n<meta property=\"og:site_name\" content=\"VISA CANAD\u00c1\" \/>\n<meta property=\"article:modified_time\" content=\"2022-05-13T21:35:23+00:00\" \/>\n<meta name=\"twitter:card\" content=\"summary_large_image\" \/>\n<meta name=\"twitter:label1\" content=\"Tiempo de lectura\" \/>\n\t<meta name=\"twitter:data1\" content=\"9 minutos\" \/>\n<script type=\"application\/ld+json\" class=\"yoast-schema-graph\">{\"@context\":\"https:\/\/schema.org\",\"@graph\":[{\"@type\":\"WebPage\",\"@id\":\"https:\/\/ave-eta-canada.com\/es\/la-guia-practica-para-viajar-en-canada\/\",\"url\":\"https:\/\/ave-eta-canada.com\/es\/la-guia-practica-para-viajar-en-canada\/\",\"name\":\"La gu\u00eda pr\u00e1ctica para viajar en Canad\u00e1\",\"isPartOf\":{\"@id\":\"https:\/\/ave-eta-canada.com\/es\/#website\"},\"datePublished\":\"2020-04-23T11:48:26+00:00\",\"dateModified\":\"2022-05-13T21:35:23+00:00\",\"description\":\"\u00bfEst\u00e1s planeando viajar a Canad\u00e1 pronto? En esta gu\u00eda encontrar\u00e1s toda la informaci\u00f3n pr\u00e1ctica para organizar esta estancia tan esperada.\",\"breadcrumb\":{\"@id\":\"https:\/\/ave-eta-canada.com\/es\/la-guia-practica-para-viajar-en-canada\/#breadcrumb\"},\"inLanguage\":\"es\",\"potentialAction\":[{\"@type\":\"ReadAction\",\"target\":[\"https:\/\/ave-eta-canada.com\/es\/la-guia-practica-para-viajar-en-canada\/\"]}]},{\"@type\":\"BreadcrumbList\",\"@id\":\"https:\/\/ave-eta-canada.com\/es\/la-guia-practica-para-viajar-en-canada\/#breadcrumb\",\"itemListElement\":[{\"@type\":\"ListItem\",\"position\":1,\"name\":\"Home\",\"item\":\"https:\/\/ave-eta-canada.com\/es\/\"},{\"@type\":\"ListItem\",\"position\":2,\"name\":\"La gu\u00eda pr\u00e1ctica para viajar en Canad\u00e1\"}]},{\"@type\":\"WebSite\",\"@id\":\"https:\/\/ave-eta-canada.com\/es\/#website\",\"url\":\"https:\/\/ave-eta-canada.com\/es\/\",\"name\":\"VISA CANAD\u00c1\",\"description\":\"Autorisation Voyage Electronique\",\"potentialAction\":[{\"@type\":\"SearchAction\",\"target\":{\"@type\":\"EntryPoint\",\"urlTemplate\":\"https:\/\/ave-eta-canada.com\/es\/?s={search_term_string}\"},\"query-input\":{\"@type\":\"PropertyValueSpecification\",\"valueRequired\":true,\"valueName\":\"search_term_string\"}}],\"inLanguage\":\"es\"}]}<\/script>\n<!-- \/ Yoast SEO plugin. -->","yoast_head_json":{"title":"La gu\u00eda pr\u00e1ctica para viajar en Canad\u00e1","description":"\u00bfEst\u00e1s planeando viajar a Canad\u00e1 pronto? En esta gu\u00eda encontrar\u00e1s toda la informaci\u00f3n pr\u00e1ctica para organizar esta estancia tan esperada.","robots":{"index":"index","follow":"follow","max-snippet":"max-snippet:-1","max-image-preview":"max-image-preview:large","max-video-preview":"max-video-preview:-1"},"canonical":"https:\/\/ave-eta-canada.com\/es\/la-guia-practica-para-viajar-en-canada\/","og_locale":"es_ES","og_type":"article","og_title":"La gu\u00eda pr\u00e1ctica para viajar en Canad\u00e1","og_description":"\u00bfEst\u00e1s planeando viajar a Canad\u00e1 pronto? En esta gu\u00eda encontrar\u00e1s toda la informaci\u00f3n pr\u00e1ctica para organizar esta estancia tan esperada.","og_url":"https:\/\/ave-eta-canada.com\/es\/la-guia-practica-para-viajar-en-canada\/","og_site_name":"VISA CANAD\u00c1","article_modified_time":"2022-05-13T21:35:23+00:00","twitter_card":"summary_large_image","twitter_misc":{"Tiempo de lectura":"9 minutos"},"schema":{"@context":"https:\/\/schema.org","@graph":[{"@type":"WebPage","@id":"https:\/\/ave-eta-canada.com\/es\/la-guia-practica-para-viajar-en-canada\/","url":"https:\/\/ave-eta-canada.com\/es\/la-guia-practica-para-viajar-en-canada\/","name":"La gu\u00eda pr\u00e1ctica para viajar en Canad\u00e1","isPartOf":{"@id":"https:\/\/ave-eta-canada.com\/es\/#website"},"datePublished":"2020-04-23T11:48:26+00:00","dateModified":"2022-05-13T21:35:23+00:00","description":"\u00bfEst\u00e1s planeando viajar a Canad\u00e1 pronto? En esta gu\u00eda encontrar\u00e1s toda la informaci\u00f3n pr\u00e1ctica para organizar esta estancia tan esperada.","breadcrumb":{"@id":"https:\/\/ave-eta-canada.com\/es\/la-guia-practica-para-viajar-en-canada\/#breadcrumb"},"inLanguage":"es","potentialAction":[{"@type":"ReadAction","target":["https:\/\/ave-eta-canada.com\/es\/la-guia-practica-para-viajar-en-canada\/"]}]},{"@type":"BreadcrumbList","@id":"https:\/\/ave-eta-canada.com\/es\/la-guia-practica-para-viajar-en-canada\/#breadcrumb","itemListElement":[{"@type":"ListItem","position":1,"name":"Home","item":"https:\/\/ave-eta-canada.com\/es\/"},{"@type":"ListItem","position":2,"name":"La gu\u00eda pr\u00e1ctica para viajar en Canad\u00e1"}]},{"@type":"WebSite","@id":"https:\/\/ave-eta-canada.com\/es\/#website","url":"https:\/\/ave-eta-canada.com\/es\/","name":"VISA CANAD\u00c1","description":"Autorisation Voyage Electronique","potentialAction":[{"@type":"SearchAction","target":{"@type":"EntryPoint","urlTemplate":"https:\/\/ave-eta-canada.com\/es\/?s={search_term_string}"},"query-input":{"@type":"PropertyValueSpecification","valueRequired":true,"valueName":"search_term_string"}}],"inLanguage":"es"}]}},"_links":{"self":[{"href":"https:\/\/ave-eta-canada.com\/es\/wp-json\/wp\/v2\/pages\/810","targetHints":{"allow":["GET"]}}],"collection":[{"href":"https:\/\/ave-eta-canada.com\/es\/wp-json\/wp\/v2\/pages"}],"about":[{"href":"https:\/\/ave-eta-canada.com\/es\/wp-json\/wp\/v2\/types\/page"}],"author":[{"embeddable":true,"href":"https:\/\/ave-eta-canada.com\/es\/wp-json\/wp\/v2\/users\/1"}],"replies":[{"embeddable":true,"href":"https:\/\/ave-eta-canada.com\/es\/wp-json\/wp\/v2\/comments?post=810"}],"version-history":[{"count":0,"href":"https:\/\/ave-eta-canada.com\/es\/wp-json\/wp\/v2\/pages\/810\/revisions"}],"wp:attachment":[{"href":"https:\/\/ave-eta-canada.com\/es\/wp-json\/wp\/v2\/media?parent=810"}],"curies":[{"name":"wp","href":"https:\/\/api.w.org\/{rel}","templated":true}]}}