{"id":812,"date":"2020-04-23T11:58:05","date_gmt":"2020-04-23T11:58:05","guid":{"rendered":"https:\/\/ave-eta-canada.com\/les-x-games-pour-la-premiere-fois-au-canada\/"},"modified":"2022-05-13T21:38:56","modified_gmt":"2022-05-13T21:38:56","slug":"x-games-en-canada","status":"publish","type":"page","link":"https:\/\/ave-eta-canada.com\/es\/x-games-en-canada\/","title":{"rendered":"Los X Games en Canad\u00e1"},"content":{"rendered":"\n<h1 class=\"wp-block-heading\">Canad\u00e1 alberga los Winter X Games durante 3 a\u00f1os<\/h1>\n\n<p>Si eres fan\u00e1tico de los deportes extremos y te gustan los ambientes festivos, \u00a1los X Games son para ti! Organizados y retransmitidos en Estados Unidos, los juegos ya pueden realizarse en Canad\u00e1, en la ciudad de Calgary. Un regalo del cielo para los viajeros que deseen descubrir el pa\u00eds del jarabe de arce mientras disfrutan de la cita ineludible que son los X Games.<\/p>\n\n<h2 class=\"wp-block-heading\">Las competiciones imprescindibles de los X Games<\/h2>\n\n<p>Los <a href=\"http:\/\/www.xgames.com\/\">X Games<\/a> son una competencia anual de varios deportes extremos, transmitida en 140 pa\u00edses. Introducido por primera vez por los Estados Unidos en los juegos deportivos de verano \u00abSummer X Games\u00bb, la compa\u00f1\u00eda ESPN luego present\u00f3 los juegos Winter X frente al creciente \u00e9xito.<\/p>\n\n<p>\u00a1Los Winter X Games son un evento imperdible para todo snowboarder y esquiador de estilo libre que se precie! Los mejores atletas del a\u00f1o son premiados con una medalla de oro, plata y bronce.<\/p>\n\n<p>Este evento de invierno es conocido en todo el mundo gracias a las numerosas competiciones, cada una m\u00e1s emocionante que la anterior, pero tambi\u00e9n por su ambiente festivo.<\/p>\n\n<p>Desde 2010, una versi\u00f3n de X Games Europe ha visto la luz del d\u00eda (adem\u00e1s en Europa durante varios a\u00f1os).<\/p>\n\n<h2 class=\"wp-block-heading\">Un patrimonio tur\u00edstico reforzado<\/h2>\n\n<p>La provincia de Alberta ha obtenido los derechos exclusivos para albergar los primeros X Games en Canad\u00e1 y permite que Calgary se convierta en la primera ciudad canadiense en unirse a la organizaci\u00f3n de los X Games.<\/p>\n\n<p>Seg\u00fan representantes de la provincia, la ciudad tiene la autorizaci\u00f3n para albergar los X juegos por al menos tres a\u00f1os consecutivos y espera poder organizar eventos en 2020, 2021 y 2022.<\/p>\n\n<p>El Ministro de Cultura y Turismo, Ricardo Miranda, dijo que \u201cestos juegos son una inversi\u00f3n en nuestro futuro, tanto en el turismo, la cultura, el deporte, el desarrollo y la diversificaci\u00f3n de nuestra econom\u00eda\u201d, reforzar\u00e1n el patrimonio de la ciudad de Calgary y Alberta como destino de deportes de invierno.<\/p>\n\n<h3 class=\"wp-block-heading\">La ventaja econ\u00f3mica<\/h3>\n\n<p>Considerado un evento invernal de asistencia obligada, los juegos atraen a miles de espectadores cada a\u00f1o y cuentan con los mejores atletas de deportes extremos de todo el mundo.<\/p>\n\n<p>\u00a1Canad\u00e1 estima que los X Games podr\u00edan atraer alrededor de 75.000 espectadores y 75 millones de d\u00f3lares por a\u00f1o! Un efecto econ\u00f3mico significativo que \u201capoya los viajes y el turismo, el desarrollo econ\u00f3mico, negocios derivados como restaurantes y hoteles en toda la comunidad\u201d, dijo el alcalde de la ciudad de Calgary.<\/p>\n\n<p>Los juegos presentar\u00e1n una nueva audiencia en Calgary e inspirar\u00e1n a la pr\u00f3xima generaci\u00f3n de atletas a ver los juegos.<\/p>\n\n<p>Aunque el <a href=\"https:\/\/www.canada.ca\/fr.html\">gobierno canadiense<\/a> ha comprometido una gran suma para permitir la celebraci\u00f3n del evento mundial (13,5 millones), los funcionarios de turismo afirman que los juegos crear\u00e1n alrededor de 540 puestos de trabajo al a\u00f1o. Se construir\u00e1 una torre de 14 pisos en Stampede Park para albergar parte de los eventos, la otra parte se llevar\u00e1 a cabo en WinSport Olympic Park.<\/p>\n\n<p>Si este evento deportivo te interesa, no esperes m\u00e1s y organiza tu <a href=\"https:\/\/ave-eta-canada.com\/es\/como-completar-una-eta-para-viajar-a-canada\/\">viaje a Canad\u00e1<\/a> (no olvides tu <a href=\"https:\/\/ave-eta-canada.com\/es\/hacer-una-solicitud-oficial-de-eta-canada\/\">solicitud de eTA<\/a>).<\/p>\n","protected":false},"excerpt":{"rendered":"<p>Canad\u00e1 alberga los Winter X Games durante 3 a\u00f1os Si eres fan\u00e1tico de los deportes extremos y te gustan los ambientes festivos, \u00a1los X Games son para ti! Organizados y retransmitidos en Estados Unidos, los juegos ya pueden realizarse en Canad\u00e1, en la ciudad de Calgary. Un regalo del cielo para los viajeros que deseen [&hellip;]<\/p>\n","protected":false},"author":1,"featured_media":0,"parent":0,"menu_order":0,"comment_status":"closed","ping_status":"closed","template":"","meta":{"footnotes":""},"class_list":["post-812","page","type-page","status-publish","hentry"],"yoast_head":"<!-- This site is optimized with the Yoast SEO plugin v26.9 - https:\/\/yoast.com\/product\/yoast-seo-wordpress\/ -->\n<title>Los X Games en Canad\u00e1<\/title>\n<meta name=\"description\" content=\"Por primera vez, Canad\u00e1 obtiene los derechos exclusivos para albergar los Winter X Games en la ciudad de Calgary. \u00bfInteresado? Es aqu\u00ed.\" \/>\n<meta name=\"robots\" content=\"index, follow, max-snippet:-1, max-image-preview:large, max-video-preview:-1\" \/>\n<link rel=\"canonical\" href=\"https:\/\/ave-eta-canada.com\/es\/x-games-en-canada\/\" \/>\n<meta property=\"og:locale\" content=\"es_ES\" \/>\n<meta property=\"og:type\" content=\"article\" \/>\n<meta property=\"og:title\" content=\"Los X Games en Canad\u00e1\" \/>\n<meta property=\"og:description\" content=\"Por primera vez, Canad\u00e1 obtiene los derechos exclusivos para albergar los Winter X Games en la ciudad de Calgary. \u00bfInteresado? Es aqu\u00ed.\" \/>\n<meta property=\"og:url\" content=\"https:\/\/ave-eta-canada.com\/es\/x-games-en-canada\/\" \/>\n<meta property=\"og:site_name\" content=\"VISA CANAD\u00c1\" \/>\n<meta property=\"article:modified_time\" content=\"2022-05-13T21:38:56+00:00\" \/>\n<meta name=\"twitter:card\" content=\"summary_large_image\" \/>\n<meta name=\"twitter:label1\" content=\"Tiempo de lectura\" \/>\n\t<meta name=\"twitter:data1\" content=\"3 minutos\" \/>\n<script type=\"application\/ld+json\" class=\"yoast-schema-graph\">{\"@context\":\"https:\/\/schema.org\",\"@graph\":[{\"@type\":\"WebPage\",\"@id\":\"https:\/\/ave-eta-canada.com\/es\/x-games-en-canada\/\",\"url\":\"https:\/\/ave-eta-canada.com\/es\/x-games-en-canada\/\",\"name\":\"Los X Games en Canad\u00e1\",\"isPartOf\":{\"@id\":\"https:\/\/ave-eta-canada.com\/es\/#website\"},\"datePublished\":\"2020-04-23T11:58:05+00:00\",\"dateModified\":\"2022-05-13T21:38:56+00:00\",\"description\":\"Por primera vez, Canad\u00e1 obtiene los derechos exclusivos para albergar los Winter X Games en la ciudad de Calgary. \u00bfInteresado? Es aqu\u00ed.\",\"breadcrumb\":{\"@id\":\"https:\/\/ave-eta-canada.com\/es\/x-games-en-canada\/#breadcrumb\"},\"inLanguage\":\"es\",\"potentialAction\":[{\"@type\":\"ReadAction\",\"target\":[\"https:\/\/ave-eta-canada.com\/es\/x-games-en-canada\/\"]}]},{\"@type\":\"BreadcrumbList\",\"@id\":\"https:\/\/ave-eta-canada.com\/es\/x-games-en-canada\/#breadcrumb\",\"itemListElement\":[{\"@type\":\"ListItem\",\"position\":1,\"name\":\"Home\",\"item\":\"https:\/\/ave-eta-canada.com\/es\/\"},{\"@type\":\"ListItem\",\"position\":2,\"name\":\"Los X Games en Canad\u00e1\"}]},{\"@type\":\"WebSite\",\"@id\":\"https:\/\/ave-eta-canada.com\/es\/#website\",\"url\":\"https:\/\/ave-eta-canada.com\/es\/\",\"name\":\"VISA CANAD\u00c1\",\"description\":\"Autorisation Voyage Electronique\",\"potentialAction\":[{\"@type\":\"SearchAction\",\"target\":{\"@type\":\"EntryPoint\",\"urlTemplate\":\"https:\/\/ave-eta-canada.com\/es\/?s={search_term_string}\"},\"query-input\":{\"@type\":\"PropertyValueSpecification\",\"valueRequired\":true,\"valueName\":\"search_term_string\"}}],\"inLanguage\":\"es\"}]}<\/script>\n<!-- \/ Yoast SEO plugin. -->","yoast_head_json":{"title":"Los X Games en Canad\u00e1","description":"Por primera vez, Canad\u00e1 obtiene los derechos exclusivos para albergar los Winter X Games en la ciudad de Calgary. \u00bfInteresado? Es aqu\u00ed.","robots":{"index":"index","follow":"follow","max-snippet":"max-snippet:-1","max-image-preview":"max-image-preview:large","max-video-preview":"max-video-preview:-1"},"canonical":"https:\/\/ave-eta-canada.com\/es\/x-games-en-canada\/","og_locale":"es_ES","og_type":"article","og_title":"Los X Games en Canad\u00e1","og_description":"Por primera vez, Canad\u00e1 obtiene los derechos exclusivos para albergar los Winter X Games en la ciudad de Calgary. \u00bfInteresado? Es aqu\u00ed.","og_url":"https:\/\/ave-eta-canada.com\/es\/x-games-en-canada\/","og_site_name":"VISA CANAD\u00c1","article_modified_time":"2022-05-13T21:38:56+00:00","twitter_card":"summary_large_image","twitter_misc":{"Tiempo de lectura":"3 minutos"},"schema":{"@context":"https:\/\/schema.org","@graph":[{"@type":"WebPage","@id":"https:\/\/ave-eta-canada.com\/es\/x-games-en-canada\/","url":"https:\/\/ave-eta-canada.com\/es\/x-games-en-canada\/","name":"Los X Games en Canad\u00e1","isPartOf":{"@id":"https:\/\/ave-eta-canada.com\/es\/#website"},"datePublished":"2020-04-23T11:58:05+00:00","dateModified":"2022-05-13T21:38:56+00:00","description":"Por primera vez, Canad\u00e1 obtiene los derechos exclusivos para albergar los Winter X Games en la ciudad de Calgary. \u00bfInteresado? Es aqu\u00ed.","breadcrumb":{"@id":"https:\/\/ave-eta-canada.com\/es\/x-games-en-canada\/#breadcrumb"},"inLanguage":"es","potentialAction":[{"@type":"ReadAction","target":["https:\/\/ave-eta-canada.com\/es\/x-games-en-canada\/"]}]},{"@type":"BreadcrumbList","@id":"https:\/\/ave-eta-canada.com\/es\/x-games-en-canada\/#breadcrumb","itemListElement":[{"@type":"ListItem","position":1,"name":"Home","item":"https:\/\/ave-eta-canada.com\/es\/"},{"@type":"ListItem","position":2,"name":"Los X Games en Canad\u00e1"}]},{"@type":"WebSite","@id":"https:\/\/ave-eta-canada.com\/es\/#website","url":"https:\/\/ave-eta-canada.com\/es\/","name":"VISA CANAD\u00c1","description":"Autorisation Voyage Electronique","potentialAction":[{"@type":"SearchAction","target":{"@type":"EntryPoint","urlTemplate":"https:\/\/ave-eta-canada.com\/es\/?s={search_term_string}"},"query-input":{"@type":"PropertyValueSpecification","valueRequired":true,"valueName":"search_term_string"}}],"inLanguage":"es"}]}},"_links":{"self":[{"href":"https:\/\/ave-eta-canada.com\/es\/wp-json\/wp\/v2\/pages\/812","targetHints":{"allow":["GET"]}}],"collection":[{"href":"https:\/\/ave-eta-canada.com\/es\/wp-json\/wp\/v2\/pages"}],"about":[{"href":"https:\/\/ave-eta-canada.com\/es\/wp-json\/wp\/v2\/types\/page"}],"author":[{"embeddable":true,"href":"https:\/\/ave-eta-canada.com\/es\/wp-json\/wp\/v2\/users\/1"}],"replies":[{"embeddable":true,"href":"https:\/\/ave-eta-canada.com\/es\/wp-json\/wp\/v2\/comments?post=812"}],"version-history":[{"count":0,"href":"https:\/\/ave-eta-canada.com\/es\/wp-json\/wp\/v2\/pages\/812\/revisions"}],"wp:attachment":[{"href":"https:\/\/ave-eta-canada.com\/es\/wp-json\/wp\/v2\/media?parent=812"}],"curies":[{"name":"wp","href":"https:\/\/api.w.org\/{rel}","templated":true}]}}