{"id":814,"date":"2020-04-23T12:10:07","date_gmt":"2020-04-23T12:10:07","guid":{"rendered":"https:\/\/ave-eta-canada.com\/lexico-todas-las-definiciones-alrededor-de-eta-canada\/"},"modified":"2022-05-13T21:45:59","modified_gmt":"2022-05-13T21:45:59","slug":"lexico-todas-las-definiciones-alrededor-de-eta-canada","status":"publish","type":"page","link":"https:\/\/ave-eta-canada.com\/es\/lexico-todas-las-definiciones-alrededor-de-eta-canada\/","title":{"rendered":"Glosario | Todas las definiciones de eTA de Canad\u00e1"},"content":{"rendered":"\n<h1 class=\"wp-block-heading\">Canad\u00e1 eTA, definiciones \u00fatiles<\/h1>\n\n<p>\u00bfQuiere solicitar una eTA (Autorizaci\u00f3n electr\u00f3nica de viaje) para ir a Canad\u00e1, pero todas estas siglas desconocidas o palabras en ingl\u00e9s lo asustan? No entre en p\u00e1nico, para una mejor comprensi\u00f3n, nuestro equipo ha establecido y detallado una lista de t\u00e9rminos esenciales relacionados con la eTA de Canad\u00e1. Esto te facilitar\u00e1 mucho la tramitaci\u00f3n de tu autorizaci\u00f3n de viaje. Tambi\u00e9n le invitamos a consultar nuestra p\u00e1gina de <a href=\"https:\/\/ave-eta-canada.com\/es\/preguntas-frecuentes-de-eta-canada-respuestas-a-tus-preguntas\/\">preguntas frecuentes<\/a> , as\u00ed como nuestra secci\u00f3n de ayuda.<\/p>\n\n<h2 class=\"wp-block-heading\">TLCAN<\/h2>\n\n<p>NAFTA significa Tratado de Libre Comercio de Am\u00e9rica del Norte. Este pacto, firmado entre EE. UU., M\u00e9xico y Canad\u00e1, facilita los flujos de entrada y salida de ciudadanos dentro de estos territorios, en el marco de una actividad profesional.<\/p>\n\n<p>El TLCAN apunta a cuatro categor\u00edas de personas:<\/p>\n\n<ul class=\"wp-block-list\"><li>empresarios ;<\/li><li>empleados asalariados;<\/li><li>trabajadores trasladados dentro de una empresa;<\/li><li>inversores y comerciantes.<\/li><\/ul>\n\n<h2 class=\"wp-block-heading\">Embajada<\/h2>\n\n<p>La embajada es una estructura diplom\u00e1tica que representa a un pa\u00eds dentro de una naci\u00f3n extranjera. Sus objetivos son ante todo mantener una buena cooperaci\u00f3n con el pa\u00eds de acogida, garantizar la seguridad de los expatriados y permitir a sus ciudadanos realizar diversos tr\u00e1mites administrativos en el extranjero.<\/p>\n\n<h2 class=\"wp-block-heading\">ETA<\/h2>\n\n<p><a href=\"https:\/\/ave-eta-canada.com\/es\/\">La eTA<\/a> (Autorizaci\u00f3n electr\u00f3nica de viaje) permite a los ciudadanos de un pa\u00eds exento de visa viajar a Canad\u00e1 por v\u00eda a\u00e9rea. El prop\u00f3sito de esta autorizaci\u00f3n es garantizar que el viajero no represente un riesgo para la seguridad interna de Canad\u00e1. Toma la forma de un documento electr\u00f3nico directamente vinculado al pasaporte y es v\u00e1lido por un per\u00edodo de 5 a\u00f1os o hasta que caduque el documento de identidad.<\/p>\n\n<h2 class=\"wp-block-heading\">Consulado<\/h2>\n\n<p>El consulado es una oficina gubernamental con sede en un pa\u00eds extranjero destinada a ayudar y proteger a los ciudadanos del estado representado por el consulado. En particular, le corresponde la expedici\u00f3n de los documentos del estado civil (documento de identidad, pasaporte, etc.).<\/p>\n\n<h2 class=\"wp-block-heading\">ESTA<\/h2>\n\n<p>Acr\u00f3nimo de Electronic System for Travel Authorization, el ESTA es el equivalente al AVE para Estados Unidos. El formulario ESTA permite a los ciudadanos de uno de los pa\u00edses miembros del programa de exenci\u00f3n de visa permanecer un m\u00e1ximo de 90 d\u00edas en suelo estadounidense. La solicitud de una autorizaci\u00f3n ESTA tambi\u00e9n se realiza en l\u00ednea.<\/p>\n\n<h2 class=\"wp-block-heading\">AVE<\/h2>\n\n<p>AVE es la abreviatura de \u00abAutorizaci\u00f3n electr\u00f3nica de viaje\u00bb. Es simplemente el t\u00e9rmino franc\u00e9s para eTA. Emitida por el gobierno canadiense, la <a href=\"https:\/\/ave-eta-canada.com\/es\/que-es-eta-canada\/\">eTA<\/a> es una autorizaci\u00f3n de viaje a Canad\u00e1 que le permite permanecer un m\u00e1ximo de 6 meses en territorio canadiense.<\/p>\n\n<h2 class=\"wp-block-heading\">tasas eTA<\/h2>\n\n<p>La solicitud de un formulario AVE genera costes administrativos. Se requiere una suma de $7 CAN para finalizar el env\u00edo de la solicitud en l\u00ednea. Se pueden aplicar cargos adicionales dependiendo de los servicios prestados.<\/p>\n\n<h2 class=\"wp-block-heading\">IRCC<\/h2>\n\n<p>Inmigraci\u00f3n, Refugiados y Ciudadan\u00eda de Canad\u00e1 es el departamento de servicios de inmigraci\u00f3n de Canad\u00e1. Las misiones de este \u00faltimo giran principalmente en torno a:<\/p>\n\n<ul class=\"wp-block-list\"><li>la organizaci\u00f3n y control de los flujos de nacionales que llegan al territorio;<\/li><li>mantener y fortalecer los valores asociados a la ciudadan\u00eda;<\/li><\/ul>\n\n<p>Como tal, el IRCC gestiona en particular la emisi\u00f3n de eTA de Canad\u00e1 y verifica que los solicitantes extranjeros sean realmente admisibles seg\u00fan la ley canadiense.<\/p>\n\n<h2 class=\"wp-block-heading\">Pasaporte biom\u00e9trico<\/h2>\n\n<p>Lanzado oficialmente en Francia en 2009, el pasaporte biom\u00e9trico reemplaza al pasaporte electr\u00f3nico. Tiene la particularidad de ser dif\u00edcil de falsificar, gracias a un chip electr\u00f3nico contenido dentro del documento. Este \u00faltimo incluye los datos de identificaci\u00f3n del titular (huellas dactilares, rasgos fison\u00f3micos, fotograf\u00eda, etc.). Adem\u00e1s, un pasaporte biom\u00e9trico se reconoce cuando el t\u00e9rmino \u201cpasaporte\u201d est\u00e1 subrayado en la portada.<\/p>\n\n<h2 class=\"wp-block-heading\">Pasaporte Electr\u00f3nico<\/h2>\n\n<p>Introducido en 2006, el pasaporte electr\u00f3nico tiene un chip electr\u00f3nico que contiene los datos de identificaci\u00f3n de su titular. Ahora ha sido reemplazado por el pasaporte biom\u00e9trico, que es mucho m\u00e1s dif\u00edcil de falsificar.<\/p>\n\n<h2 class=\"wp-block-heading\">hora del Pac\u00edfico<\/h2>\n\n<p>El PST (Permiso de Residencia Temporal) es un permiso de residencia que se expide a personas f\u00edsicas que son inadmisibles y no cumplen los requisitos exigidos por la ley de extranjer\u00eda y protecci\u00f3n de refugiados. Las autoridades canadienses s\u00f3lo emiten este documento en caso de situaciones excepcionales de car\u00e1cter humanitario, social o econ\u00f3mico.<\/p>\n\n<h2 class=\"wp-block-heading\">Canad\u00e1<\/h2>\n\n<p>El <a href=\"https:\/\/ave-eta-canada.com\/es\/whv-canada-como-obtener-un-permiso-de-vacaciones-de-trabajo\/\">programa Working Holiday (WHV)<\/a> es una visa de trabajo temporal que ofrece a los ciudadanos elegibles la oportunidad de vivir y trabajar en Canad\u00e1. Dependiendo de la nacionalidad, su duraci\u00f3n es de 12 o 24 meses durante los cuales el viajero puede hacer turismo, pero tambi\u00e9n trabajar en territorio canadiense. <\/p>\n\n<h2 class=\"wp-block-heading\">Residente permanente<\/h2>\n\n<p>El estatus de residente permanente se otorga a las personas extranjeras autorizadas a permanecer en territorio canadiense sin l\u00edmite de tiempo. Los residentes permanentes pueden as\u00ed vivir como cualquier ciudadano canadiense.<\/p>\n\n<h2 class=\"wp-block-heading\">residente temporal<\/h2>\n\n<p>La condici\u00f3n de residente temporal se otorga a los extranjeros que cumplan con los criterios establecidos por la ley en relaci\u00f3n con el ingreso al territorio. Esta autorizaci\u00f3n de permanencia solo se aplica a los extranjeros destinados a salir de Canad\u00e1 eventualmente (visitantes, estudiantes, trabajadores, etc.).<\/p>\n\n<h2 class=\"wp-block-heading\">Sello electr\u00f3nico (sello de facilitaci\u00f3n electr\u00f3nica)<\/h2>\n\n<p>La calcoman\u00eda electr\u00f3nica se emite autom\u00e1ticamente cuando se aprueba una solicitud de residencia temporal. Esta pegatina virtual, registrada en un sistema inform\u00e1tico de gesti\u00f3n que agrupa las solicitudes de eTA, se adjunta directamente al pasaporte del viajero en cuesti\u00f3n. Se utiliza para autorizar oficialmente el acceso al embarque, una vez realizada la verificaci\u00f3n de identidad.<\/p>\n\n<h2 class=\"wp-block-heading\">Visa<\/h2>\n\n<p>La visa es una autorizaci\u00f3n oficial emitida por embajadas extranjeras para viajar a un pa\u00eds determinado. Toma la forma de una etiqueta adhesiva insertada en el pasaporte del nacional. Encontramos en esta etiqueta, una etiqueta con informaci\u00f3n espec\u00edfica ingresada por la oficina donde se emiti\u00f3 la visa. Hay dos categor\u00edas de <a href=\"https:\/\/ave-eta-canada.com\/es\/visa-o-eta-canada\/\">visa en Canad\u00e1<\/a> :<\/p>\n\n<ul class=\"wp-block-list\"><li>la visa de residencia temporal (visa de visitante);<\/li><li>la visa de residencia permanente. <\/li><\/ul>\n\n<h2 class=\"wp-block-heading\">Visa de turista<\/h2>\n\n<p>La visa de visitante, tambi\u00e9n llamada visa de turista, se refiere a la visa de residente temporal.<\/p>\n","protected":false},"excerpt":{"rendered":"<p>Canad\u00e1 eTA, definiciones \u00fatiles \u00bfQuiere solicitar una eTA (Autorizaci\u00f3n electr\u00f3nica de viaje) para ir a Canad\u00e1, pero todas estas siglas desconocidas o palabras en ingl\u00e9s lo asustan? No entre en p\u00e1nico, para una mejor comprensi\u00f3n, nuestro equipo ha establecido y detallado una lista de t\u00e9rminos esenciales relacionados con la eTA de Canad\u00e1. Esto te facilitar\u00e1 [&hellip;]<\/p>\n","protected":false},"author":1,"featured_media":0,"parent":0,"menu_order":0,"comment_status":"closed","ping_status":"closed","template":"","meta":{"footnotes":""},"class_list":["post-814","page","type-page","status-publish","hentry"],"yoast_head":"<!-- This site is optimized with the Yoast SEO plugin v26.9 - https:\/\/yoast.com\/product\/yoast-seo-wordpress\/ -->\n<title>Glosario | Todas las definiciones de eTA de Canad\u00e1<\/title>\n<meta name=\"description\" content=\"Encuentre en este glosario las definiciones relacionadas con la eTA, la autorizaci\u00f3n de viaje electr\u00f3nica esencial para estancias temporales en Canad\u00e1.\" \/>\n<meta name=\"robots\" content=\"index, follow, max-snippet:-1, max-image-preview:large, max-video-preview:-1\" \/>\n<link rel=\"canonical\" href=\"https:\/\/ave-eta-canada.com\/es\/lexico-todas-las-definiciones-alrededor-de-eta-canada\/\" \/>\n<meta property=\"og:locale\" content=\"es_ES\" \/>\n<meta property=\"og:type\" content=\"article\" \/>\n<meta property=\"og:title\" content=\"Glosario | Todas las definiciones de eTA de Canad\u00e1\" \/>\n<meta property=\"og:description\" content=\"Encuentre en este glosario las definiciones relacionadas con la eTA, la autorizaci\u00f3n de viaje electr\u00f3nica esencial para estancias temporales en Canad\u00e1.\" \/>\n<meta property=\"og:url\" content=\"https:\/\/ave-eta-canada.com\/es\/lexico-todas-las-definiciones-alrededor-de-eta-canada\/\" \/>\n<meta property=\"og:site_name\" content=\"VISA CANAD\u00c1\" \/>\n<meta property=\"article:modified_time\" content=\"2022-05-13T21:45:59+00:00\" \/>\n<meta name=\"twitter:card\" content=\"summary_large_image\" \/>\n<meta name=\"twitter:label1\" content=\"Tiempo de lectura\" \/>\n\t<meta name=\"twitter:data1\" content=\"5 minutos\" \/>\n<script type=\"application\/ld+json\" class=\"yoast-schema-graph\">{\"@context\":\"https:\/\/schema.org\",\"@graph\":[{\"@type\":\"WebPage\",\"@id\":\"https:\/\/ave-eta-canada.com\/es\/lexico-todas-las-definiciones-alrededor-de-eta-canada\/\",\"url\":\"https:\/\/ave-eta-canada.com\/es\/lexico-todas-las-definiciones-alrededor-de-eta-canada\/\",\"name\":\"Glosario | Todas las definiciones de eTA de Canad\u00e1\",\"isPartOf\":{\"@id\":\"https:\/\/ave-eta-canada.com\/es\/#website\"},\"datePublished\":\"2020-04-23T12:10:07+00:00\",\"dateModified\":\"2022-05-13T21:45:59+00:00\",\"description\":\"Encuentre en este glosario las definiciones relacionadas con la eTA, la autorizaci\u00f3n de viaje electr\u00f3nica esencial para estancias temporales en Canad\u00e1.\",\"breadcrumb\":{\"@id\":\"https:\/\/ave-eta-canada.com\/es\/lexico-todas-las-definiciones-alrededor-de-eta-canada\/#breadcrumb\"},\"inLanguage\":\"es\",\"potentialAction\":[{\"@type\":\"ReadAction\",\"target\":[\"https:\/\/ave-eta-canada.com\/es\/lexico-todas-las-definiciones-alrededor-de-eta-canada\/\"]}]},{\"@type\":\"BreadcrumbList\",\"@id\":\"https:\/\/ave-eta-canada.com\/es\/lexico-todas-las-definiciones-alrededor-de-eta-canada\/#breadcrumb\",\"itemListElement\":[{\"@type\":\"ListItem\",\"position\":1,\"name\":\"Home\",\"item\":\"https:\/\/ave-eta-canada.com\/es\/\"},{\"@type\":\"ListItem\",\"position\":2,\"name\":\"Glosario | Todas las definiciones de eTA de Canad\u00e1\"}]},{\"@type\":\"WebSite\",\"@id\":\"https:\/\/ave-eta-canada.com\/es\/#website\",\"url\":\"https:\/\/ave-eta-canada.com\/es\/\",\"name\":\"VISA CANAD\u00c1\",\"description\":\"Autorisation Voyage Electronique\",\"potentialAction\":[{\"@type\":\"SearchAction\",\"target\":{\"@type\":\"EntryPoint\",\"urlTemplate\":\"https:\/\/ave-eta-canada.com\/es\/?s={search_term_string}\"},\"query-input\":{\"@type\":\"PropertyValueSpecification\",\"valueRequired\":true,\"valueName\":\"search_term_string\"}}],\"inLanguage\":\"es\"}]}<\/script>\n<!-- \/ Yoast SEO plugin. -->","yoast_head_json":{"title":"Glosario | Todas las definiciones de eTA de Canad\u00e1","description":"Encuentre en este glosario las definiciones relacionadas con la eTA, la autorizaci\u00f3n de viaje electr\u00f3nica esencial para estancias temporales en Canad\u00e1.","robots":{"index":"index","follow":"follow","max-snippet":"max-snippet:-1","max-image-preview":"max-image-preview:large","max-video-preview":"max-video-preview:-1"},"canonical":"https:\/\/ave-eta-canada.com\/es\/lexico-todas-las-definiciones-alrededor-de-eta-canada\/","og_locale":"es_ES","og_type":"article","og_title":"Glosario | Todas las definiciones de eTA de Canad\u00e1","og_description":"Encuentre en este glosario las definiciones relacionadas con la eTA, la autorizaci\u00f3n de viaje electr\u00f3nica esencial para estancias temporales en Canad\u00e1.","og_url":"https:\/\/ave-eta-canada.com\/es\/lexico-todas-las-definiciones-alrededor-de-eta-canada\/","og_site_name":"VISA CANAD\u00c1","article_modified_time":"2022-05-13T21:45:59+00:00","twitter_card":"summary_large_image","twitter_misc":{"Tiempo de lectura":"5 minutos"},"schema":{"@context":"https:\/\/schema.org","@graph":[{"@type":"WebPage","@id":"https:\/\/ave-eta-canada.com\/es\/lexico-todas-las-definiciones-alrededor-de-eta-canada\/","url":"https:\/\/ave-eta-canada.com\/es\/lexico-todas-las-definiciones-alrededor-de-eta-canada\/","name":"Glosario | Todas las definiciones de eTA de Canad\u00e1","isPartOf":{"@id":"https:\/\/ave-eta-canada.com\/es\/#website"},"datePublished":"2020-04-23T12:10:07+00:00","dateModified":"2022-05-13T21:45:59+00:00","description":"Encuentre en este glosario las definiciones relacionadas con la eTA, la autorizaci\u00f3n de viaje electr\u00f3nica esencial para estancias temporales en Canad\u00e1.","breadcrumb":{"@id":"https:\/\/ave-eta-canada.com\/es\/lexico-todas-las-definiciones-alrededor-de-eta-canada\/#breadcrumb"},"inLanguage":"es","potentialAction":[{"@type":"ReadAction","target":["https:\/\/ave-eta-canada.com\/es\/lexico-todas-las-definiciones-alrededor-de-eta-canada\/"]}]},{"@type":"BreadcrumbList","@id":"https:\/\/ave-eta-canada.com\/es\/lexico-todas-las-definiciones-alrededor-de-eta-canada\/#breadcrumb","itemListElement":[{"@type":"ListItem","position":1,"name":"Home","item":"https:\/\/ave-eta-canada.com\/es\/"},{"@type":"ListItem","position":2,"name":"Glosario | Todas las definiciones de eTA de Canad\u00e1"}]},{"@type":"WebSite","@id":"https:\/\/ave-eta-canada.com\/es\/#website","url":"https:\/\/ave-eta-canada.com\/es\/","name":"VISA CANAD\u00c1","description":"Autorisation Voyage Electronique","potentialAction":[{"@type":"SearchAction","target":{"@type":"EntryPoint","urlTemplate":"https:\/\/ave-eta-canada.com\/es\/?s={search_term_string}"},"query-input":{"@type":"PropertyValueSpecification","valueRequired":true,"valueName":"search_term_string"}}],"inLanguage":"es"}]}},"_links":{"self":[{"href":"https:\/\/ave-eta-canada.com\/es\/wp-json\/wp\/v2\/pages\/814","targetHints":{"allow":["GET"]}}],"collection":[{"href":"https:\/\/ave-eta-canada.com\/es\/wp-json\/wp\/v2\/pages"}],"about":[{"href":"https:\/\/ave-eta-canada.com\/es\/wp-json\/wp\/v2\/types\/page"}],"author":[{"embeddable":true,"href":"https:\/\/ave-eta-canada.com\/es\/wp-json\/wp\/v2\/users\/1"}],"replies":[{"embeddable":true,"href":"https:\/\/ave-eta-canada.com\/es\/wp-json\/wp\/v2\/comments?post=814"}],"version-history":[{"count":0,"href":"https:\/\/ave-eta-canada.com\/es\/wp-json\/wp\/v2\/pages\/814\/revisions"}],"wp:attachment":[{"href":"https:\/\/ave-eta-canada.com\/es\/wp-json\/wp\/v2\/media?parent=814"}],"curies":[{"name":"wp","href":"https:\/\/api.w.org\/{rel}","templated":true}]}}