{"id":816,"date":"2020-04-23T12:31:02","date_gmt":"2020-04-23T12:31:02","guid":{"rendered":"https:\/\/ave-eta-canada.com\/whv-canada-como-obtener-un-permiso-de-vacaciones-de-trabajo\/"},"modified":"2022-05-13T21:51:03","modified_gmt":"2022-05-13T21:51:03","slug":"whv-canada-como-obtener-un-permiso-de-vacaciones-de-trabajo","status":"publish","type":"page","link":"https:\/\/ave-eta-canada.com\/es\/whv-canada-como-obtener-un-permiso-de-vacaciones-de-trabajo\/","title":{"rendered":"PVT Canad\u00e1: \u00bfc\u00f3mo obtener su permiso de vacaciones con trabajo?"},"content":{"rendered":"\n<h1 class=\"wp-block-heading\">WHV Canad\u00e1: Permiso para ir a Canad\u00e1<\/h1>\n\n<p><strong>Para una estad\u00eda de menos de 6 meses en Canad\u00e1<\/strong> : Puede realizar los tr\u00e1mites para ingresar a Canad\u00e1 directamente a trav\u00e9s de Internet haciendo clic en el <a href=\"https:\/\/ave-eta-canada.com\/es\/formulario-de-eta-canada-en-linea\/\">formulario en l\u00ednea<\/a>. No es necesario obtener una cita en la embajada o consulado canadiense.<\/p>\n\n<p>\u00bfSue\u00f1as con descubrir Canad\u00e1 mientras tienes la posibilidad de hacer trabajos ocasionales para financiar tu exploraci\u00f3n? El programa Working Holiday (WHV Canad\u00e1) es para usted.<\/p>\n\n<p>Tambi\u00e9n llamado Working Holiday Visa (WHV), este programa permite a miles de j\u00f3venes de entre 18 y 35 a\u00f1os dar el paso cada a\u00f1o y volar al pa\u00eds de la poutine para vivir una experiencia profesional y humana inolvidable. Te vamos a explicar lo imprescindible que debes saber sobre el PVT canadiense.<\/p>\n\n<h2 class=\"wp-block-heading\">\u00bfQu\u00e9 es PVT Canad\u00e1?<\/h2>\n\n<p>El PVT Canad\u00e1 es un programa para j\u00f3venes de 18 a 35 a\u00f1os que deseen residir en Canad\u00e1 por un per\u00edodo de hasta 24 meses como m\u00e1ximo. Canad\u00e1 no es el \u00fanico pa\u00eds que ofrece un PVT, pero sin duda es uno de los m\u00e1s solicitados con el PVT Australia.<\/p>\n\n<p>En t\u00e9rminos concretos, las personas que tienen una visa de vacaciones con trabajo generalmente pueden permanecer hasta un a\u00f1o en un pa\u00eds, dos a\u00f1os para Canad\u00e1 (el per\u00edodo de validez depende de los acuerdos bilaterales entre cada pa\u00eds) y trabajar all\u00ed con el objetivo de financiar su viaje. Encontrar trabajo no es una obligaci\u00f3n en s\u00ed misma, pero puede ser una ayuda bienvenida para financiar tu viaje. <\/p>\n\n<p>Tampoco es necesario encontrar trabajo antes de partir, pero s\u00ed contar con los recursos econ\u00f3micos suficientes para sustentarse, al menos al inicio del viaje ($2.500 CAN). <\/p>\n\n<p>El PVT Canada ha sido durante alg\u00fan tiempo v\u00edctima de su propio \u00e9xito y el n\u00famero de solicitudes supera las cuotas establecidas por el gobierno canadiense. La asignaci\u00f3n ahora se realiza por sorteo en una serie de rondas de invitaci\u00f3n.<\/p>\n\n<p>Por lo tanto, los PVTists deben armarse de paciencia y esperar ser sorteados para poder partir para una estad\u00eda en Canad\u00e1 en el marco del PVT canadiense.<\/p>\n\n<h2 class=\"wp-block-heading\">\u00bfC\u00f3mo obtener un PVT canadiense?<\/h2>\n\n<h3 class=\"wp-block-heading\">Condiciones de elegibilidad<\/h3>\n\n<p>El programa de vacaciones con trabajo ofrecido por el gobierno canadiense solo afecta a los nacionales de 18 a 35 a\u00f1os de un pa\u00eds que ha firmado un acuerdo con Canad\u00e1 bajo el programa IEC (International Experience Canada).<\/p>\n\n<p>Por supuesto, se requiere un pasaporte v\u00e1lido para toda la duraci\u00f3n del PVT Canad\u00e1.<\/p>\n\n<p>Tambi\u00e9n debe tener los fondos necesarios para mantenerse durante los primeros meses de su estad\u00eda (CAN $ 2,500). Un boleto de avi\u00f3n de ida y vuelta (o fuera del territorio) es obligatorio a menos que pueda demostrar que tiene fondos adicionales.<\/p>\n\n<h3 class=\"wp-block-heading\">Procedimiento a seguir para obtener un PVT Canad\u00e1<\/h3>\n\n<p>Una vez que est\u00e9 seguro de que cumple con los criterios de admisi\u00f3n, debe crear un perfil de candidato IEC completando un cuestionario. Las respuestas dadas determinan en qu\u00e9 \u00abgrupo\u00bb se coloca su aplicaci\u00f3n entre:<\/p>\n\n<ul class=\"wp-block-list\"><li>la cuenca PVT;<\/li><li>la cantera de j\u00f3venes profesionales;<\/li><li>el grupo de pasant\u00edas de Coop.<\/li><\/ul>\n\n<p>Luego se estudian los perfiles y se seleccionan los candidatos por sorteo durante rondas de invitaciones. En cada ronda se sortean varias personas hasta alcanzar el cupo establecido, que asciende a 7.150 participantes franceses para el a\u00f1o 2019.<\/p>\n\n<p>Si tiene la suerte de ser seleccionado, recibir\u00e1 una invitaci\u00f3n para solicitar un permiso de trabajo. Tienes 10 d\u00edas para aceptar esta invitaci\u00f3n. Una vez aceptada la invitaci\u00f3n, tienes 20 d\u00edas para finalizar tu proceso.<\/p>\n\n<p>Se deben adjuntar varios documentos a su solicitud, que incluyen:<\/p>\n\n<ul class=\"wp-block-list\"><li>una copia de su pasaporte;<\/li><li>Una foto de identidad;<\/li><li>tu hoja de vida ;<\/li><li>un extracto de los antecedentes penales (en determinados casos);<\/li><li>un certificado m\u00e9dico (en ciertos casos).<\/li><\/ul>\n\n<p>A continuaci\u00f3n, deber\u00e1 pagar las tasas por la gesti\u00f3n de su expediente (150 CAN$) y por la emisi\u00f3n de su permiso de trabajo \u201cabierto\u201d (100 CAN$).<\/p>\n\n<p>Una vez que se hayan pagado las tarifas, se le solicita que proporcione sus datos biom\u00e9tricos dentro de los 30 d\u00edas. Para ello, deber\u00e1 acudir a un punto de recogida oficial denominado \u201ccentro de solicitud de visado (VAC)\u201d. Se le indicar\u00e1 d\u00f3nde se encuentra el VAC m\u00e1s cercano.<\/p>\n\n<p>Tan pronto como se apruebe su solicitud, se le enviar\u00e1 una carta de presentaci\u00f3n en el puerto de entrada. Esta carta debe presentarse al oficial de aduanas canadiense a su llegada.<\/p>\n\n<h3 class=\"wp-block-heading\">Obligaciones de respetar<\/h3>\n\n<p>Se debe proporcionar un certificado de seguro que cubra toda su estad\u00eda. Contratar un seguro de viaje es obligatorio, porque los gastos m\u00e9dicos y de repatriaci\u00f3n pueden convertirse r\u00e1pidamente en fara\u00f3nicos al otro lado del Atl\u00e1ntico. Tenga en cuenta que si su seguro no cubre todo el per\u00edodo de validez de su PVT Canad\u00e1, se reducir\u00e1 en consecuencia.<\/p>\n\n<p>Recientemente, Canad\u00e1 introdujo <a href=\"https:\/\/ave-eta-canada.com\/es\/lexico-todas-las-definiciones-alrededor-de-eta-canada\/\">una Autorizaci\u00f3n Electr\u00f3nica de Viaje<\/a> (eTA) para los viajeros que viajan por aire a Canad\u00e1. Esta autorizaci\u00f3n ser\u00e1 obligatoria para los viajeros interesados, por ejemplo los pvtistes. Para este \u00faltimo, la <a href=\"https:\/\/ave-eta-canada.com\/es\/\">eTA<\/a> normalmente se vincula autom\u00e1ticamente al pasaporte sin que se presente una solicitud. Todav\u00eda le recomendamos que verifique si necesita o no <a href=\"https:\/\/ave-eta-canada.com\/es\/hacer-una-solicitud-oficial-de-eta-canada\/\">solicitar una eTA<\/a> antes de su salida.<\/p>\n\n<h2 class=\"wp-block-heading\">Encontrar trabajo en Canad\u00e1<\/h2>\n\n<p>Una vez en Canad\u00e1, puede comenzar a buscar trabajo en cualquier campo. De hecho, WHP Canad\u00e1 casi no tiene restricciones de tiempo o tipo de trabajo, a diferencia de otros pa\u00edses.<\/p>\n\n<p>Seguramente tendr\u00e1s que abrir una cuenta bancaria en el sitio para poder recibir tu salario en d\u00f3lares canadienses y completar algunos tr\u00e1mites.<\/p>\n\n<p>Tambi\u00e9n tienes la posibilidad de recurrir al voluntariado internacional uni\u00e9ndote a programas como Helpx o Wwoofing, para descubrir el mundo de la agricultura ecol\u00f3gica, mientras te alimentas y albergas.<\/p>\n\n<p>Canad\u00e1 es visto como un Eldorado por j\u00f3venes profesionales. Aunque el mercado laboral all\u00ed es din\u00e1mico, a\u00fan tendr\u00e1 que esforzarse para encontrar un trabajo en Canad\u00e1 y adaptarse a un nuevo entorno, porque la competencia es feroz entre los pvtistes. No olvide cambiar su curr\u00edculum vitae a los est\u00e1ndares canadienses para una mayor eficiencia.<\/p>\n\n<p>Los testimonios de personas que han aprovechado este programa son en su mayor\u00eda positivos. Descubrir una nueva cultura y salir de tu zona de confort solo puede ser beneficioso para el desarrollo de una persona.<\/p>\n\n<p>Tal experiencia puede incluso llevarlo a reconsiderar ciertas opciones y, por qu\u00e9 no, convertirse en residente permanente en Canad\u00e1 o en otro lugar. Buen viaje !<\/p>\n","protected":false},"excerpt":{"rendered":"<p>WHV Canad\u00e1: Permiso para ir a Canad\u00e1 Para una estad\u00eda de menos de 6 meses en Canad\u00e1 : Puede realizar los tr\u00e1mites para ingresar a Canad\u00e1 directamente a trav\u00e9s de Internet haciendo clic en el formulario en l\u00ednea. No es necesario obtener una cita en la embajada o consulado canadiense. \u00bfSue\u00f1as con descubrir Canad\u00e1 mientras [&hellip;]<\/p>\n","protected":false},"author":1,"featured_media":0,"parent":0,"menu_order":0,"comment_status":"closed","ping_status":"closed","template":"","meta":{"footnotes":""},"class_list":["post-816","page","type-page","status-publish","hentry"],"yoast_head":"<!-- This site is optimized with the Yoast SEO plugin v26.9 - https:\/\/yoast.com\/product\/yoast-seo-wordpress\/ -->\n<title>PVT Canad\u00e1: \u00bfc\u00f3mo obtener su permiso de vacaciones con trabajo?<\/title>\n<meta name=\"description\" content=\"Ve como parte del programa PVT Canad\u00e1, para poder explorar este magn\u00edfico pa\u00eds teniendo la posibilidad de financiar tu viaje trabajando.\" \/>\n<meta name=\"robots\" content=\"index, follow, max-snippet:-1, max-image-preview:large, max-video-preview:-1\" \/>\n<link rel=\"canonical\" href=\"https:\/\/ave-eta-canada.com\/es\/whv-canada-como-obtener-un-permiso-de-vacaciones-de-trabajo\/\" \/>\n<meta property=\"og:locale\" content=\"es_ES\" \/>\n<meta property=\"og:type\" content=\"article\" \/>\n<meta property=\"og:title\" content=\"PVT Canad\u00e1: \u00bfc\u00f3mo obtener su permiso de vacaciones con trabajo?\" \/>\n<meta property=\"og:description\" content=\"Ve como parte del programa PVT Canad\u00e1, para poder explorar este magn\u00edfico pa\u00eds teniendo la posibilidad de financiar tu viaje trabajando.\" \/>\n<meta property=\"og:url\" content=\"https:\/\/ave-eta-canada.com\/es\/whv-canada-como-obtener-un-permiso-de-vacaciones-de-trabajo\/\" \/>\n<meta property=\"og:site_name\" content=\"VISA CANAD\u00c1\" \/>\n<meta property=\"article:modified_time\" content=\"2022-05-13T21:51:03+00:00\" \/>\n<meta name=\"twitter:card\" content=\"summary_large_image\" \/>\n<meta name=\"twitter:label1\" content=\"Tiempo de lectura\" \/>\n\t<meta name=\"twitter:data1\" content=\"6 minutos\" \/>\n<script type=\"application\/ld+json\" class=\"yoast-schema-graph\">{\"@context\":\"https:\/\/schema.org\",\"@graph\":[{\"@type\":\"WebPage\",\"@id\":\"https:\/\/ave-eta-canada.com\/es\/whv-canada-como-obtener-un-permiso-de-vacaciones-de-trabajo\/\",\"url\":\"https:\/\/ave-eta-canada.com\/es\/whv-canada-como-obtener-un-permiso-de-vacaciones-de-trabajo\/\",\"name\":\"PVT Canad\u00e1: \u00bfc\u00f3mo obtener su permiso de vacaciones con trabajo?\",\"isPartOf\":{\"@id\":\"https:\/\/ave-eta-canada.com\/es\/#website\"},\"datePublished\":\"2020-04-23T12:31:02+00:00\",\"dateModified\":\"2022-05-13T21:51:03+00:00\",\"description\":\"Ve como parte del programa PVT Canad\u00e1, para poder explorar este magn\u00edfico pa\u00eds teniendo la posibilidad de financiar tu viaje trabajando.\",\"breadcrumb\":{\"@id\":\"https:\/\/ave-eta-canada.com\/es\/whv-canada-como-obtener-un-permiso-de-vacaciones-de-trabajo\/#breadcrumb\"},\"inLanguage\":\"es\",\"potentialAction\":[{\"@type\":\"ReadAction\",\"target\":[\"https:\/\/ave-eta-canada.com\/es\/whv-canada-como-obtener-un-permiso-de-vacaciones-de-trabajo\/\"]}]},{\"@type\":\"BreadcrumbList\",\"@id\":\"https:\/\/ave-eta-canada.com\/es\/whv-canada-como-obtener-un-permiso-de-vacaciones-de-trabajo\/#breadcrumb\",\"itemListElement\":[{\"@type\":\"ListItem\",\"position\":1,\"name\":\"Home\",\"item\":\"https:\/\/ave-eta-canada.com\/es\/\"},{\"@type\":\"ListItem\",\"position\":2,\"name\":\"PVT Canad\u00e1: \u00bfc\u00f3mo obtener su permiso de vacaciones con trabajo?\"}]},{\"@type\":\"WebSite\",\"@id\":\"https:\/\/ave-eta-canada.com\/es\/#website\",\"url\":\"https:\/\/ave-eta-canada.com\/es\/\",\"name\":\"VISA CANAD\u00c1\",\"description\":\"Autorisation Voyage Electronique\",\"potentialAction\":[{\"@type\":\"SearchAction\",\"target\":{\"@type\":\"EntryPoint\",\"urlTemplate\":\"https:\/\/ave-eta-canada.com\/es\/?s={search_term_string}\"},\"query-input\":{\"@type\":\"PropertyValueSpecification\",\"valueRequired\":true,\"valueName\":\"search_term_string\"}}],\"inLanguage\":\"es\"}]}<\/script>\n<!-- \/ Yoast SEO plugin. -->","yoast_head_json":{"title":"PVT Canad\u00e1: \u00bfc\u00f3mo obtener su permiso de vacaciones con trabajo?","description":"Ve como parte del programa PVT Canad\u00e1, para poder explorar este magn\u00edfico pa\u00eds teniendo la posibilidad de financiar tu viaje trabajando.","robots":{"index":"index","follow":"follow","max-snippet":"max-snippet:-1","max-image-preview":"max-image-preview:large","max-video-preview":"max-video-preview:-1"},"canonical":"https:\/\/ave-eta-canada.com\/es\/whv-canada-como-obtener-un-permiso-de-vacaciones-de-trabajo\/","og_locale":"es_ES","og_type":"article","og_title":"PVT Canad\u00e1: \u00bfc\u00f3mo obtener su permiso de vacaciones con trabajo?","og_description":"Ve como parte del programa PVT Canad\u00e1, para poder explorar este magn\u00edfico pa\u00eds teniendo la posibilidad de financiar tu viaje trabajando.","og_url":"https:\/\/ave-eta-canada.com\/es\/whv-canada-como-obtener-un-permiso-de-vacaciones-de-trabajo\/","og_site_name":"VISA CANAD\u00c1","article_modified_time":"2022-05-13T21:51:03+00:00","twitter_card":"summary_large_image","twitter_misc":{"Tiempo de lectura":"6 minutos"},"schema":{"@context":"https:\/\/schema.org","@graph":[{"@type":"WebPage","@id":"https:\/\/ave-eta-canada.com\/es\/whv-canada-como-obtener-un-permiso-de-vacaciones-de-trabajo\/","url":"https:\/\/ave-eta-canada.com\/es\/whv-canada-como-obtener-un-permiso-de-vacaciones-de-trabajo\/","name":"PVT Canad\u00e1: \u00bfc\u00f3mo obtener su permiso de vacaciones con trabajo?","isPartOf":{"@id":"https:\/\/ave-eta-canada.com\/es\/#website"},"datePublished":"2020-04-23T12:31:02+00:00","dateModified":"2022-05-13T21:51:03+00:00","description":"Ve como parte del programa PVT Canad\u00e1, para poder explorar este magn\u00edfico pa\u00eds teniendo la posibilidad de financiar tu viaje trabajando.","breadcrumb":{"@id":"https:\/\/ave-eta-canada.com\/es\/whv-canada-como-obtener-un-permiso-de-vacaciones-de-trabajo\/#breadcrumb"},"inLanguage":"es","potentialAction":[{"@type":"ReadAction","target":["https:\/\/ave-eta-canada.com\/es\/whv-canada-como-obtener-un-permiso-de-vacaciones-de-trabajo\/"]}]},{"@type":"BreadcrumbList","@id":"https:\/\/ave-eta-canada.com\/es\/whv-canada-como-obtener-un-permiso-de-vacaciones-de-trabajo\/#breadcrumb","itemListElement":[{"@type":"ListItem","position":1,"name":"Home","item":"https:\/\/ave-eta-canada.com\/es\/"},{"@type":"ListItem","position":2,"name":"PVT Canad\u00e1: \u00bfc\u00f3mo obtener su permiso de vacaciones con trabajo?"}]},{"@type":"WebSite","@id":"https:\/\/ave-eta-canada.com\/es\/#website","url":"https:\/\/ave-eta-canada.com\/es\/","name":"VISA CANAD\u00c1","description":"Autorisation Voyage Electronique","potentialAction":[{"@type":"SearchAction","target":{"@type":"EntryPoint","urlTemplate":"https:\/\/ave-eta-canada.com\/es\/?s={search_term_string}"},"query-input":{"@type":"PropertyValueSpecification","valueRequired":true,"valueName":"search_term_string"}}],"inLanguage":"es"}]}},"_links":{"self":[{"href":"https:\/\/ave-eta-canada.com\/es\/wp-json\/wp\/v2\/pages\/816","targetHints":{"allow":["GET"]}}],"collection":[{"href":"https:\/\/ave-eta-canada.com\/es\/wp-json\/wp\/v2\/pages"}],"about":[{"href":"https:\/\/ave-eta-canada.com\/es\/wp-json\/wp\/v2\/types\/page"}],"author":[{"embeddable":true,"href":"https:\/\/ave-eta-canada.com\/es\/wp-json\/wp\/v2\/users\/1"}],"replies":[{"embeddable":true,"href":"https:\/\/ave-eta-canada.com\/es\/wp-json\/wp\/v2\/comments?post=816"}],"version-history":[{"count":0,"href":"https:\/\/ave-eta-canada.com\/es\/wp-json\/wp\/v2\/pages\/816\/revisions"}],"wp:attachment":[{"href":"https:\/\/ave-eta-canada.com\/es\/wp-json\/wp\/v2\/media?parent=816"}],"curies":[{"name":"wp","href":"https:\/\/api.w.org\/{rel}","templated":true}]}}