{"id":818,"date":"2020-04-23T14:16:51","date_gmt":"2020-04-23T14:16:51","guid":{"rendered":"https:\/\/ave-eta-canada.com\/que-es-eta-canada\/"},"modified":"2022-05-13T22:06:40","modified_gmt":"2022-05-13T22:06:40","slug":"que-es-eta-canada","status":"publish","type":"page","link":"https:\/\/ave-eta-canada.com\/es\/que-es-eta-canada\/","title":{"rendered":"\u00bfQu\u00e9 es ETA Canad\u00e1?"},"content":{"rendered":"\n<h1 class=\"wp-block-heading\">Presentaci\u00f3n de ETA Canad\u00e1<\/h1>\n\n<p>Al igual que EE. UU., Canad\u00e1 ha implementado una autorizaci\u00f3n de viaje electr\u00f3nica, conocida en ingl\u00e9s como eTA Canada.<\/p>\n\n<p><strong>Para una estad\u00eda de menos de 6 meses en Canad\u00e1<\/strong> : Puede realizar los tr\u00e1mites para ingresar a Canad\u00e1 directamente a trav\u00e9s de Internet haciendo clic en el <a href=\"https:\/\/ave-eta-canada.com\/es\/formulario-de-eta-canada-en-linea\/\">formulario en l\u00ednea<\/a>. No es necesario obtener una cita en la embajada o consulado canadiense.<br\/><\/p>\n\n<h2 class=\"wp-block-heading\">eTA Canad\u00e1, autorizaci\u00f3n de viaje obligatoria<\/h2>\n\n<p>Canada eTA, o <a href=\"https:\/\/ave-eta-canada.com\/es\/\">Canada<\/a> eTA, es un documento electr\u00f3nico que permite a los ciudadanos de varios pa\u00edses visitar Canad\u00e1 sin visa. Dado que Francia es uno de los pa\u00edses exentos de visas canadienses, los ciudadanos franceses pueden viajar a Canad\u00e1 sin consultar primero a la Embajada de Canad\u00e1.<\/p>\n\n<p>Las condiciones para obtener la <a href=\"https:\/\/ave-eta-canada.com\/es\/que-es-eta-canada\/\">eTA Canada<\/a> no son muy restrictivas, pero su obtenci\u00f3n es obligatoria. Las autoridades canadienses a cargo de la inmigraci\u00f3n no permiten ninguna entrada al territorio canadiense sin una autorizaci\u00f3n v\u00e1lida. Para solicitar una autorizaci\u00f3n eTA Canad\u00e1, el viajero debe:<\/p>\n\n<ul class=\"wp-block-list\"><li>ser nacional de un pa\u00eds elegible;<\/li><li>tener un pasaporte v\u00e1lido con una validez restante de al menos 6 meses;<\/li><li>viajar a Canad\u00e1 por v\u00eda a\u00e9rea;<\/li><li>permanecer en Canad\u00e1 por un m\u00e1ximo de 6 meses;<\/li><li>no haber sido inadmisible en Canad\u00e1 (o en otro lugar);<\/li><li>no haber cometido un delito penal;<\/li><li>no sufrir problemas de salud no tratados, incluida la adicci\u00f3n al alcohol y las drogas;<\/li><li>no haber tenido tuberculosis ni haber estado en contacto con una persona enferma de tuberculosis en los dos \u00faltimos a\u00f1os. <\/li><\/ul>\n\n<p>La autorizaci\u00f3n de viaje eTA Canad\u00e1 es v\u00e1lida por 5 a\u00f1os a partir de la fecha de emisi\u00f3n. Este plazo puede ser menor si el pasaporte utilizado para realizar la solicitud caduca antes. Dado que la autorizaci\u00f3n est\u00e1 vinculada al pasaporte, es importante realizar una nueva solicitud en caso de un nuevo pasaporte o un cambio en los datos contenidos. Cabe se\u00f1alar que el n\u00famero de estancias en Canad\u00e1 durante la <a href=\"https:\/\/ave-eta-canada.com\/es\/eta-canada-periodo-de-validez\/\">vigencia de la autorizaci\u00f3n<\/a> no est\u00e1 limitado, pero se debe respetar una duraci\u00f3n m\u00e1xima de 6 meses por estancia.<\/p>\n\n<p>La eTA Canada es una autorizaci\u00f3n de viaje y no una autorizaci\u00f3n de entrada. Corresponde al oficial de servicios fronterizos autorizar la entrada en suelo canadiense. Su decisi\u00f3n se basa en la presencia de los documentos de viaje requeridos (pasaporte v\u00e1lido, eTA, boleto de salida, etc.) y en las respuestas a sus preguntas.<br\/><br\/><\/p>\n\n<h2 class=\"wp-block-heading\">La eTA de Canad\u00e1 para obtener antes de la salida<\/h2>\n\n<p>La eTA Canad\u00e1, al ser una autorizaci\u00f3n de viaje, debe obtenerse antes de la salida a Canad\u00e1. Sin ella, no se permite el embarque. <\/p>\n\n<p>La solicitud de eTA Canada solo se realiza en Internet, lo que significa que no tiene que ir a la Embajada de Canad\u00e1. El formulario de solicitud est\u00e1 disponible en el sitio web oficial del gobierno canadiense. Para un formulario simplificado y acceso a asistencia personalizada, tambi\u00e9n es posible llamar a una organizaci\u00f3n privada como nuestro socio.<\/p>\n\n<p>Para <a href=\"https:\/\/ave-eta-canada.com\/es\/complete-el-formulario-eta-para-canada\/\">completar el formulario<\/a> , debe traer su pasaporte y una tarjeta bancaria. Los campos a rellenar se refieren a datos de pasaporte e informaci\u00f3n personal. Tambi\u00e9n se hacen cuatro preguntas cuyas respuestas se seleccionan de un men\u00fa desplegable. Es importante proporcionar una direcci\u00f3n de correo electr\u00f3nico v\u00e1lida, ya que es a trav\u00e9s de esta direcci\u00f3n que se comunica la respuesta.<\/p>\n\n<p>La solicitud de eTA de Canad\u00e1 se valida una vez que se firma el consentimiento y se realiza el pago. Se env\u00eda autom\u00e1ticamente un acuse de recibo con el n\u00famero de solicitud. La respuesta definitiva sigue casi inmediatamente. En casos excepcionales, hay una solicitud pendiente. Luego, se env\u00eda un correo electr\u00f3nico dentro de unos d\u00edas con la respuesta final o una lista de documentos adicionales que se deben proporcionar.<\/p>\n\n<p>Si la respuesta es negativa, es recomendable comprobar que la informaci\u00f3n facilitada es correcta. En caso de errores de tipeo o informaci\u00f3n incorrecta, es posible <a href=\"https:\/\/ave-eta-canada.com\/es\/que-hacer-en-caso-de-error-en-el-eta-canada\/\">realizar una nueva solicitud<\/a> . De lo contrario, se debe enviar una solicitud de visa o PVT a la Embajada de Canad\u00e1.<\/p>\n","protected":false},"excerpt":{"rendered":"<p>Presentaci\u00f3n de ETA Canad\u00e1 Al igual que EE. UU., Canad\u00e1 ha implementado una autorizaci\u00f3n de viaje electr\u00f3nica, conocida en ingl\u00e9s como eTA Canada. Para una estad\u00eda de menos de 6 meses en Canad\u00e1 : Puede realizar los tr\u00e1mites para ingresar a Canad\u00e1 directamente a trav\u00e9s de Internet haciendo clic en el formulario en l\u00ednea. No [&hellip;]<\/p>\n","protected":false},"author":1,"featured_media":0,"parent":0,"menu_order":0,"comment_status":"closed","ping_status":"closed","template":"","meta":{"footnotes":""},"class_list":["post-818","page","type-page","status-publish","hentry"],"yoast_head":"<!-- This site is optimized with the Yoast SEO plugin v26.9 - https:\/\/yoast.com\/product\/yoast-seo-wordpress\/ -->\n<title>\u00bfQu\u00e9 es ETA Canad\u00e1?<\/title>\n<meta name=\"description\" content=\"ETA Canada, que no debe confundirse con ESTA, es una autorizaci\u00f3n de viaje electr\u00f3nica para viajar a Canad\u00e1. Nuestras explicaciones aqu\u00ed.\" \/>\n<meta name=\"robots\" content=\"index, follow, max-snippet:-1, max-image-preview:large, max-video-preview:-1\" \/>\n<link rel=\"canonical\" href=\"https:\/\/ave-eta-canada.com\/es\/que-es-eta-canada\/\" \/>\n<meta property=\"og:locale\" content=\"es_ES\" \/>\n<meta property=\"og:type\" content=\"article\" \/>\n<meta property=\"og:title\" content=\"\u00bfQu\u00e9 es ETA Canad\u00e1?\" \/>\n<meta property=\"og:description\" content=\"ETA Canada, que no debe confundirse con ESTA, es una autorizaci\u00f3n de viaje electr\u00f3nica para viajar a Canad\u00e1. Nuestras explicaciones aqu\u00ed.\" \/>\n<meta property=\"og:url\" content=\"https:\/\/ave-eta-canada.com\/es\/que-es-eta-canada\/\" \/>\n<meta property=\"og:site_name\" content=\"VISA CANAD\u00c1\" \/>\n<meta property=\"article:modified_time\" content=\"2022-05-13T22:06:40+00:00\" \/>\n<meta name=\"twitter:card\" content=\"summary_large_image\" \/>\n<meta name=\"twitter:label1\" content=\"Tiempo de lectura\" \/>\n\t<meta name=\"twitter:data1\" content=\"4 minutos\" \/>\n<script type=\"application\/ld+json\" class=\"yoast-schema-graph\">{\"@context\":\"https:\/\/schema.org\",\"@graph\":[{\"@type\":\"WebPage\",\"@id\":\"https:\/\/ave-eta-canada.com\/es\/que-es-eta-canada\/\",\"url\":\"https:\/\/ave-eta-canada.com\/es\/que-es-eta-canada\/\",\"name\":\"\u00bfQu\u00e9 es ETA Canad\u00e1?\",\"isPartOf\":{\"@id\":\"https:\/\/ave-eta-canada.com\/es\/#website\"},\"datePublished\":\"2020-04-23T14:16:51+00:00\",\"dateModified\":\"2022-05-13T22:06:40+00:00\",\"description\":\"ETA Canada, que no debe confundirse con ESTA, es una autorizaci\u00f3n de viaje electr\u00f3nica para viajar a Canad\u00e1. Nuestras explicaciones aqu\u00ed.\",\"breadcrumb\":{\"@id\":\"https:\/\/ave-eta-canada.com\/es\/que-es-eta-canada\/#breadcrumb\"},\"inLanguage\":\"es\",\"potentialAction\":[{\"@type\":\"ReadAction\",\"target\":[\"https:\/\/ave-eta-canada.com\/es\/que-es-eta-canada\/\"]}]},{\"@type\":\"BreadcrumbList\",\"@id\":\"https:\/\/ave-eta-canada.com\/es\/que-es-eta-canada\/#breadcrumb\",\"itemListElement\":[{\"@type\":\"ListItem\",\"position\":1,\"name\":\"Home\",\"item\":\"https:\/\/ave-eta-canada.com\/es\/\"},{\"@type\":\"ListItem\",\"position\":2,\"name\":\"\u00bfQu\u00e9 es ETA Canad\u00e1?\"}]},{\"@type\":\"WebSite\",\"@id\":\"https:\/\/ave-eta-canada.com\/es\/#website\",\"url\":\"https:\/\/ave-eta-canada.com\/es\/\",\"name\":\"VISA CANAD\u00c1\",\"description\":\"Autorisation Voyage Electronique\",\"potentialAction\":[{\"@type\":\"SearchAction\",\"target\":{\"@type\":\"EntryPoint\",\"urlTemplate\":\"https:\/\/ave-eta-canada.com\/es\/?s={search_term_string}\"},\"query-input\":{\"@type\":\"PropertyValueSpecification\",\"valueRequired\":true,\"valueName\":\"search_term_string\"}}],\"inLanguage\":\"es\"}]}<\/script>\n<!-- \/ Yoast SEO plugin. -->","yoast_head_json":{"title":"\u00bfQu\u00e9 es ETA Canad\u00e1?","description":"ETA Canada, que no debe confundirse con ESTA, es una autorizaci\u00f3n de viaje electr\u00f3nica para viajar a Canad\u00e1. Nuestras explicaciones aqu\u00ed.","robots":{"index":"index","follow":"follow","max-snippet":"max-snippet:-1","max-image-preview":"max-image-preview:large","max-video-preview":"max-video-preview:-1"},"canonical":"https:\/\/ave-eta-canada.com\/es\/que-es-eta-canada\/","og_locale":"es_ES","og_type":"article","og_title":"\u00bfQu\u00e9 es ETA Canad\u00e1?","og_description":"ETA Canada, que no debe confundirse con ESTA, es una autorizaci\u00f3n de viaje electr\u00f3nica para viajar a Canad\u00e1. Nuestras explicaciones aqu\u00ed.","og_url":"https:\/\/ave-eta-canada.com\/es\/que-es-eta-canada\/","og_site_name":"VISA CANAD\u00c1","article_modified_time":"2022-05-13T22:06:40+00:00","twitter_card":"summary_large_image","twitter_misc":{"Tiempo de lectura":"4 minutos"},"schema":{"@context":"https:\/\/schema.org","@graph":[{"@type":"WebPage","@id":"https:\/\/ave-eta-canada.com\/es\/que-es-eta-canada\/","url":"https:\/\/ave-eta-canada.com\/es\/que-es-eta-canada\/","name":"\u00bfQu\u00e9 es ETA Canad\u00e1?","isPartOf":{"@id":"https:\/\/ave-eta-canada.com\/es\/#website"},"datePublished":"2020-04-23T14:16:51+00:00","dateModified":"2022-05-13T22:06:40+00:00","description":"ETA Canada, que no debe confundirse con ESTA, es una autorizaci\u00f3n de viaje electr\u00f3nica para viajar a Canad\u00e1. Nuestras explicaciones aqu\u00ed.","breadcrumb":{"@id":"https:\/\/ave-eta-canada.com\/es\/que-es-eta-canada\/#breadcrumb"},"inLanguage":"es","potentialAction":[{"@type":"ReadAction","target":["https:\/\/ave-eta-canada.com\/es\/que-es-eta-canada\/"]}]},{"@type":"BreadcrumbList","@id":"https:\/\/ave-eta-canada.com\/es\/que-es-eta-canada\/#breadcrumb","itemListElement":[{"@type":"ListItem","position":1,"name":"Home","item":"https:\/\/ave-eta-canada.com\/es\/"},{"@type":"ListItem","position":2,"name":"\u00bfQu\u00e9 es ETA Canad\u00e1?"}]},{"@type":"WebSite","@id":"https:\/\/ave-eta-canada.com\/es\/#website","url":"https:\/\/ave-eta-canada.com\/es\/","name":"VISA CANAD\u00c1","description":"Autorisation Voyage Electronique","potentialAction":[{"@type":"SearchAction","target":{"@type":"EntryPoint","urlTemplate":"https:\/\/ave-eta-canada.com\/es\/?s={search_term_string}"},"query-input":{"@type":"PropertyValueSpecification","valueRequired":true,"valueName":"search_term_string"}}],"inLanguage":"es"}]}},"_links":{"self":[{"href":"https:\/\/ave-eta-canada.com\/es\/wp-json\/wp\/v2\/pages\/818","targetHints":{"allow":["GET"]}}],"collection":[{"href":"https:\/\/ave-eta-canada.com\/es\/wp-json\/wp\/v2\/pages"}],"about":[{"href":"https:\/\/ave-eta-canada.com\/es\/wp-json\/wp\/v2\/types\/page"}],"author":[{"embeddable":true,"href":"https:\/\/ave-eta-canada.com\/es\/wp-json\/wp\/v2\/users\/1"}],"replies":[{"embeddable":true,"href":"https:\/\/ave-eta-canada.com\/es\/wp-json\/wp\/v2\/comments?post=818"}],"version-history":[{"count":0,"href":"https:\/\/ave-eta-canada.com\/es\/wp-json\/wp\/v2\/pages\/818\/revisions"}],"wp:attachment":[{"href":"https:\/\/ave-eta-canada.com\/es\/wp-json\/wp\/v2\/media?parent=818"}],"curies":[{"name":"wp","href":"https:\/\/api.w.org\/{rel}","templated":true}]}}