{"id":820,"date":"2020-04-23T14:27:58","date_gmt":"2020-04-23T14:27:58","guid":{"rendered":"https:\/\/ave-eta-canada.com\/cuando-solicitar-la-autorizacion-eta-para-canada\/"},"modified":"2022-05-13T22:15:43","modified_gmt":"2022-05-13T22:15:43","slug":"cuando-solicitar-la-autorizacion-eta-para-canada","status":"publish","type":"page","link":"https:\/\/ave-eta-canada.com\/es\/cuando-solicitar-la-autorizacion-eta-para-canada\/","title":{"rendered":"\u00bfCu\u00e1ndo solicitar la autorizaci\u00f3n eTA para Canad\u00e1?"},"content":{"rendered":"\n<h1 class=\"wp-block-heading\">\u00bfCu\u00e1ndo solicitar la autorizaci\u00f3n de viaje en eTA?<\/h1>\n\n<p>Como parte de la preparaci\u00f3n para un viaje a Canad\u00e1, es esencial obtener una Autorizaci\u00f3n de viaje canadiense antes de embarcar. <strong>Para una estad\u00eda de menos de 6 meses en Canad\u00e1<\/strong> : Puede realizar los tr\u00e1mites para ingresar a Canad\u00e1 directamente a trav\u00e9s de Internet haciendo clic en el <a href=\"https:\/\/ave-eta-canada.com\/es\/formulario-de-eta-canada-en-linea\/\">formulario en l\u00ednea<\/a>. <\/p>\n\n<p>No es necesario obtener una cita en la embajada o consulado canadiense.<\/p>\n\n<p>La autorizaci\u00f3n de viaje canadiense se considera relativamente f\u00e1cil de obtener. \u00bfCu\u00e1les son los retrasos que se esperan y las precauciones que se deben tomar para evitar el riesgo de que se le niegue la entrada a Canad\u00e1?<\/p>\n\n<p><\/p>\n\n<h2 class=\"wp-block-heading\">\u00bfDesde cu\u00e1ndo y por qu\u00e9 solicitar una eTA?<\/h2>\n\n<p>Desde el 10 de noviembre de 2016, el Gobierno de Canad\u00e1 (el Ministerio de Inmigraci\u00f3n, Refugiados y Ciudadan\u00eda de Canad\u00e1 para ser m\u00e1s precisos) ha introducido una autorizaci\u00f3n de viaje electr\u00f3nica llamada eTA, con el fin de garantizar la seguridad interna de el pa\u00eds mientras promueve el turismo en Canad\u00e1.<\/p>\n\n<p>El AVE se obtiene mediante un formulario online que:<\/p>\n\n<ul class=\"wp-block-list\"><li>determina la elegibilidad de los viajeros para ingresar a Canad\u00e1 sin visa;<\/li><li>alivia la congesti\u00f3n en las embajadas canadienses y facilita el despacho de aduanas.<\/li><\/ul>\n\n<p>Los sistemas electr\u00f3nicos implementados permiten seleccionar a los viajeros incluso antes de que lleguen a suelo canadiense.<br\/><br\/><\/p>\n\n<h2 class=\"wp-block-heading\">\u00bfCu\u00e1ndo se necesita una eTA?<\/h2>\n\n<p>La <a href=\"https:\/\/ave-eta-canada.com\/es\/es-obligatorio-eta-canada\/\">solicitud de eTA es obligatoria<\/a> para los viajeros exentos de visa que deseen viajar a Canad\u00e1 como parte de una estad\u00eda tur\u00edstica o un viaje de negocios de menos de 6 meses por v\u00eda a\u00e9rea. Tambi\u00e9n se requiere para el tr\u00e1nsito a trav\u00e9s de Canad\u00e1.<\/p>\n\n<p>La exenci\u00f3n de visa es para nacionales cuyo pa\u00eds de origen haya firmado un acuerdo con el gobierno canadiense. Los ciudadanos franceses se encuentran entre los afortunados, pero deben tener un pasaporte v\u00e1lido (pasaporte biom\u00e9trico o electr\u00f3nico).<\/p>\n\n<p>Tener un pasaporte v\u00e1lido y una eTA no lo exime de tener otros documentos de viaje como el documento de viaje. El oficial de inmigraci\u00f3n probablemente solicitar\u00e1 un boleto de salida del territorio (boleto de regreso o de conexi\u00f3n).<\/p>\n\n<p>Tenga en cuenta que si ha sido seleccionado para un PVT (Permiso de trabajo y vacaciones), el AVE normalmente se le otorga autom\u00e1ticamente. Consulte con la Embajada de Canad\u00e1.<br\/><br\/><\/p>\n\n<h2 class=\"wp-block-heading\">\u00bfCu\u00e1ndo aplicar en l\u00ednea?<\/h2>\n\n<p>Le recomendamos que <a href=\"https:\/\/ave-eta-canada.com\/es\/complete-el-formulario-eta-para-canada\/\">complete el formulario de autorizaci\u00f3n de viaje tan<\/a> pronto como planee su viaje a Canad\u00e1. No espere hasta el \u00faltimo minuto, porque si su solicitud de autorizaci\u00f3n es denegada, deber\u00e1 solicitar una visa canadiense. Sin embargo, este proceso es m\u00e1s largo y costoso.<\/p>\n\n<p>El formulario de solicitud se puede completar en el sitio web oficial del gobierno canadiense. Si desea obtener ayuda y reducir los riesgos, le recomendamos que complete el formulario de nuestro socio.<\/p>\n\n<p>Para completar el formulario eTA, deber\u00e1 completar los datos de su pasaporte (n\u00famero de pasaporte, fecha de emisi\u00f3n y vencimiento), su informaci\u00f3n personal, detalles de su estad\u00eda en Canad\u00e1 y, finalmente, sus antecedentes.<br\/><br\/><\/p>\n\n<h2 class=\"wp-block-heading\">\u00bfCu\u00e1ndo recibir\u00e9 una respuesta a mi solicitud de eTA?<\/h2>\n\n<p>Generalmente, la <a>demora para obtener una eTA<\/a> es de unos minutos despu\u00e9s de enviar el formulario. Primero recibe un acuse de recibo de Immigration Canada y luego un segundo correo electr\u00f3nico con la respuesta a su solicitud. Sin embargo, la respuesta puede tardar varios d\u00edas.<\/p>\n\n<p>Tambi\u00e9n puede verificar el estado de su solicitud en el sitio web del gobierno ingresando su n\u00famero de solicitud (que encontrar\u00e1 en el acuse de recibo) y su n\u00famero de pasaporte.<\/p>\n\n<p>Si no ha recibido un acuse de recibo dentro de las 72 horas, comun\u00edquese con las autoridades canadienses. No es necesario que intentes viajar a Canad\u00e1 sin una autorizaci\u00f3n, ni siquiera podr\u00e1s abordar el avi\u00f3n.<\/p>\n\n<h3 class=\"wp-block-heading\">Solicitud de autorizaci\u00f3n AVE denegada<\/h3>\n\n<p>Se rechaza una solicitud de AVE siempre que no cumpla con uno de los criterios de elegibilidad. Si no es elegible, debe solicitar una visa a trav\u00e9s de los servicios consulares de la Embajada de Canad\u00e1 o el Consulado de Canad\u00e1, seg\u00fan sea el caso. La visa de Canad\u00e1 a solicitar depende de la naturaleza de su viaje.<\/p>\n\n<p>Cuando se rechaza su solicitud ESTA, tambi\u00e9n puede comprobar que no ha cometido ning\u00fan error en el formulario de solicitud. Si es as\u00ed, usted tiene derecho a volver a aplicar.<br\/><br\/><\/p>\n\n<h2 class=\"wp-block-heading\">\u00bfCu\u00e1ndo debo renovar mi solicitud de eTA?<\/h2>\n\n<p>El <a href=\"https:\/\/ave-eta-canada.com\/es\/eta-canada-periodo-de-validez\/\">per\u00edodo de validez de una eTA<\/a> es de 5 a\u00f1os o hasta la caducidad del pasaporte, si la validez del pasaporte es inferior a este per\u00edodo. Durante los a\u00f1os de validez de su eTA, puede visitar Canad\u00e1 varias veces, sin tener que solicitar una nueva eTA y siempre que respete el per\u00edodo m\u00e1ximo de estad\u00eda de 6 meses.<\/p>\n\n<p>Dado que la eTA est\u00e1 vinculada al pasaporte, no hace falta decir que se deber\u00e1 realizar una nueva solicitud de autorizaci\u00f3n en caso de un nuevo pasaporte. La nueva solicitud sigue el mismo proceso de obtenci\u00f3n que la primera solicitud.<\/p>\n","protected":false},"excerpt":{"rendered":"<p>\u00bfCu\u00e1ndo solicitar la autorizaci\u00f3n de viaje en eTA? Como parte de la preparaci\u00f3n para un viaje a Canad\u00e1, es esencial obtener una Autorizaci\u00f3n de viaje canadiense antes de embarcar. Para una estad\u00eda de menos de 6 meses en Canad\u00e1 : Puede realizar los tr\u00e1mites para ingresar a Canad\u00e1 directamente a trav\u00e9s de Internet haciendo clic [&hellip;]<\/p>\n","protected":false},"author":1,"featured_media":0,"parent":0,"menu_order":0,"comment_status":"closed","ping_status":"closed","template":"","meta":{"footnotes":""},"class_list":["post-820","page","type-page","status-publish","hentry"],"yoast_head":"<!-- This site is optimized with the Yoast SEO plugin v26.9 - https:\/\/yoast.com\/product\/yoast-seo-wordpress\/ -->\n<title>\u00bfCu\u00e1ndo solicitar la autorizaci\u00f3n eTA para Canad\u00e1?<\/title>\n<meta name=\"description\" content=\"Antes de viajar a Canad\u00e1, es importante preparar todos los documentos de viaje necesarios, incluida la eTA. Descubra aqu\u00ed cu\u00e1ndo solicitar una eTA.\" \/>\n<meta name=\"robots\" content=\"index, follow, max-snippet:-1, max-image-preview:large, max-video-preview:-1\" \/>\n<link rel=\"canonical\" href=\"https:\/\/ave-eta-canada.com\/es\/cuando-solicitar-la-autorizacion-eta-para-canada\/\" \/>\n<meta property=\"og:locale\" content=\"es_ES\" \/>\n<meta property=\"og:type\" content=\"article\" \/>\n<meta property=\"og:title\" content=\"\u00bfCu\u00e1ndo solicitar la autorizaci\u00f3n eTA para Canad\u00e1?\" \/>\n<meta property=\"og:description\" content=\"Antes de viajar a Canad\u00e1, es importante preparar todos los documentos de viaje necesarios, incluida la eTA. Descubra aqu\u00ed cu\u00e1ndo solicitar una eTA.\" \/>\n<meta property=\"og:url\" content=\"https:\/\/ave-eta-canada.com\/es\/cuando-solicitar-la-autorizacion-eta-para-canada\/\" \/>\n<meta property=\"og:site_name\" content=\"VISA CANAD\u00c1\" \/>\n<meta property=\"article:modified_time\" content=\"2022-05-13T22:15:43+00:00\" \/>\n<meta name=\"twitter:card\" content=\"summary_large_image\" \/>\n<meta name=\"twitter:label1\" content=\"Tiempo de lectura\" \/>\n\t<meta name=\"twitter:data1\" content=\"4 minutos\" \/>\n<script type=\"application\/ld+json\" class=\"yoast-schema-graph\">{\"@context\":\"https:\/\/schema.org\",\"@graph\":[{\"@type\":\"WebPage\",\"@id\":\"https:\/\/ave-eta-canada.com\/es\/cuando-solicitar-la-autorizacion-eta-para-canada\/\",\"url\":\"https:\/\/ave-eta-canada.com\/es\/cuando-solicitar-la-autorizacion-eta-para-canada\/\",\"name\":\"\u00bfCu\u00e1ndo solicitar la autorizaci\u00f3n eTA para Canad\u00e1?\",\"isPartOf\":{\"@id\":\"https:\/\/ave-eta-canada.com\/es\/#website\"},\"datePublished\":\"2020-04-23T14:27:58+00:00\",\"dateModified\":\"2022-05-13T22:15:43+00:00\",\"description\":\"Antes de viajar a Canad\u00e1, es importante preparar todos los documentos de viaje necesarios, incluida la eTA. Descubra aqu\u00ed cu\u00e1ndo solicitar una eTA.\",\"breadcrumb\":{\"@id\":\"https:\/\/ave-eta-canada.com\/es\/cuando-solicitar-la-autorizacion-eta-para-canada\/#breadcrumb\"},\"inLanguage\":\"es\",\"potentialAction\":[{\"@type\":\"ReadAction\",\"target\":[\"https:\/\/ave-eta-canada.com\/es\/cuando-solicitar-la-autorizacion-eta-para-canada\/\"]}]},{\"@type\":\"BreadcrumbList\",\"@id\":\"https:\/\/ave-eta-canada.com\/es\/cuando-solicitar-la-autorizacion-eta-para-canada\/#breadcrumb\",\"itemListElement\":[{\"@type\":\"ListItem\",\"position\":1,\"name\":\"Home\",\"item\":\"https:\/\/ave-eta-canada.com\/es\/\"},{\"@type\":\"ListItem\",\"position\":2,\"name\":\"\u00bfCu\u00e1ndo solicitar la autorizaci\u00f3n eTA para Canad\u00e1?\"}]},{\"@type\":\"WebSite\",\"@id\":\"https:\/\/ave-eta-canada.com\/es\/#website\",\"url\":\"https:\/\/ave-eta-canada.com\/es\/\",\"name\":\"VISA CANAD\u00c1\",\"description\":\"Autorisation Voyage Electronique\",\"potentialAction\":[{\"@type\":\"SearchAction\",\"target\":{\"@type\":\"EntryPoint\",\"urlTemplate\":\"https:\/\/ave-eta-canada.com\/es\/?s={search_term_string}\"},\"query-input\":{\"@type\":\"PropertyValueSpecification\",\"valueRequired\":true,\"valueName\":\"search_term_string\"}}],\"inLanguage\":\"es\"}]}<\/script>\n<!-- \/ Yoast SEO plugin. -->","yoast_head_json":{"title":"\u00bfCu\u00e1ndo solicitar la autorizaci\u00f3n eTA para Canad\u00e1?","description":"Antes de viajar a Canad\u00e1, es importante preparar todos los documentos de viaje necesarios, incluida la eTA. Descubra aqu\u00ed cu\u00e1ndo solicitar una eTA.","robots":{"index":"index","follow":"follow","max-snippet":"max-snippet:-1","max-image-preview":"max-image-preview:large","max-video-preview":"max-video-preview:-1"},"canonical":"https:\/\/ave-eta-canada.com\/es\/cuando-solicitar-la-autorizacion-eta-para-canada\/","og_locale":"es_ES","og_type":"article","og_title":"\u00bfCu\u00e1ndo solicitar la autorizaci\u00f3n eTA para Canad\u00e1?","og_description":"Antes de viajar a Canad\u00e1, es importante preparar todos los documentos de viaje necesarios, incluida la eTA. Descubra aqu\u00ed cu\u00e1ndo solicitar una eTA.","og_url":"https:\/\/ave-eta-canada.com\/es\/cuando-solicitar-la-autorizacion-eta-para-canada\/","og_site_name":"VISA CANAD\u00c1","article_modified_time":"2022-05-13T22:15:43+00:00","twitter_card":"summary_large_image","twitter_misc":{"Tiempo de lectura":"4 minutos"},"schema":{"@context":"https:\/\/schema.org","@graph":[{"@type":"WebPage","@id":"https:\/\/ave-eta-canada.com\/es\/cuando-solicitar-la-autorizacion-eta-para-canada\/","url":"https:\/\/ave-eta-canada.com\/es\/cuando-solicitar-la-autorizacion-eta-para-canada\/","name":"\u00bfCu\u00e1ndo solicitar la autorizaci\u00f3n eTA para Canad\u00e1?","isPartOf":{"@id":"https:\/\/ave-eta-canada.com\/es\/#website"},"datePublished":"2020-04-23T14:27:58+00:00","dateModified":"2022-05-13T22:15:43+00:00","description":"Antes de viajar a Canad\u00e1, es importante preparar todos los documentos de viaje necesarios, incluida la eTA. Descubra aqu\u00ed cu\u00e1ndo solicitar una eTA.","breadcrumb":{"@id":"https:\/\/ave-eta-canada.com\/es\/cuando-solicitar-la-autorizacion-eta-para-canada\/#breadcrumb"},"inLanguage":"es","potentialAction":[{"@type":"ReadAction","target":["https:\/\/ave-eta-canada.com\/es\/cuando-solicitar-la-autorizacion-eta-para-canada\/"]}]},{"@type":"BreadcrumbList","@id":"https:\/\/ave-eta-canada.com\/es\/cuando-solicitar-la-autorizacion-eta-para-canada\/#breadcrumb","itemListElement":[{"@type":"ListItem","position":1,"name":"Home","item":"https:\/\/ave-eta-canada.com\/es\/"},{"@type":"ListItem","position":2,"name":"\u00bfCu\u00e1ndo solicitar la autorizaci\u00f3n eTA para Canad\u00e1?"}]},{"@type":"WebSite","@id":"https:\/\/ave-eta-canada.com\/es\/#website","url":"https:\/\/ave-eta-canada.com\/es\/","name":"VISA CANAD\u00c1","description":"Autorisation Voyage Electronique","potentialAction":[{"@type":"SearchAction","target":{"@type":"EntryPoint","urlTemplate":"https:\/\/ave-eta-canada.com\/es\/?s={search_term_string}"},"query-input":{"@type":"PropertyValueSpecification","valueRequired":true,"valueName":"search_term_string"}}],"inLanguage":"es"}]}},"_links":{"self":[{"href":"https:\/\/ave-eta-canada.com\/es\/wp-json\/wp\/v2\/pages\/820","targetHints":{"allow":["GET"]}}],"collection":[{"href":"https:\/\/ave-eta-canada.com\/es\/wp-json\/wp\/v2\/pages"}],"about":[{"href":"https:\/\/ave-eta-canada.com\/es\/wp-json\/wp\/v2\/types\/page"}],"author":[{"embeddable":true,"href":"https:\/\/ave-eta-canada.com\/es\/wp-json\/wp\/v2\/users\/1"}],"replies":[{"embeddable":true,"href":"https:\/\/ave-eta-canada.com\/es\/wp-json\/wp\/v2\/comments?post=820"}],"version-history":[{"count":0,"href":"https:\/\/ave-eta-canada.com\/es\/wp-json\/wp\/v2\/pages\/820\/revisions"}],"wp:attachment":[{"href":"https:\/\/ave-eta-canada.com\/es\/wp-json\/wp\/v2\/media?parent=820"}],"curies":[{"name":"wp","href":"https:\/\/api.w.org\/{rel}","templated":true}]}}