{"id":830,"date":"2020-04-23T14:37:08","date_gmt":"2020-04-23T14:37:08","guid":{"rendered":"https:\/\/ave-eta-canada.com\/que-hacer-en-caso-de-error-en-el-eta-canada\/"},"modified":"2022-05-14T07:31:04","modified_gmt":"2022-05-14T07:31:04","slug":"que-hacer-en-caso-de-error-en-el-eta-canada","status":"publish","type":"page","link":"https:\/\/ave-eta-canada.com\/es\/que-hacer-en-caso-de-error-en-el-eta-canada\/","title":{"rendered":"\u00bfQu\u00e9 hacer en caso de error en la eTA de Canad\u00e1?"},"content":{"rendered":"\n<h1 class=\"wp-block-heading\">Error en la eTA de Canad\u00e1: \u00bfqu\u00e9 hacer?<\/h1>\n\n<p>Para viajar a Canad\u00e1, el gobierno canadiense requiere que los ciudadanos extranjeros soliciten una eTA (Autorizaci\u00f3n electr\u00f3nica de viaje) o una eTA (en ingl\u00e9s). Para obtener esta autorizaci\u00f3n para permanecer en Canad\u00e1, simplemente complete el <a href=\"https:\/\/ave-eta-canada.com\/es\/formulario-de-eta-canada-en-linea\/\">formulario en l\u00ednea<\/a> . <\/p>\n\n<p>No es necesario ir a la embajada de Canad\u00e1 para solicitar una visa canadiense. Aunque los tr\u00e1mites del AVE son mucho m\u00e1s sencillos, el proceso requiere cierto rigor. En caso de error, es posible que se rechace su eTA de Canad\u00e1.<\/p>\n\n<p>El <a href=\"https:\/\/ave-eta-canada.com\/es\/\">formulario AVE<\/a> sigue el mismo principio que el formulario ESTA establecido por las autoridades americanas, para viajar a Estados Unidos. Toma la forma de un cuestionario en l\u00ednea en el que se le pide que proporcione varios tipos de informaci\u00f3n, incluida la informaci\u00f3n de identidad y pasaporte. Los datos introducidos deben corresponder exactamente a los del pasaporte. Un solo error en la eTA de Canad\u00e1 es suficiente para que se cancele su solicitud.<\/p>\n\n<p>Veamos juntos cu\u00e1l es el procedimiento a seguir si te has equivocado al solicitar la autorizaci\u00f3n para permanecer en Canad\u00e1.<br\/><br\/><\/p>\n\n<h2 class=\"wp-block-heading\">Error en la eTA de Canad\u00e1: \u00bfantes o despu\u00e9s de enviar la solicitud?<\/h2>\n\n<p>Como recordatorio, la eTA de Canad\u00e1 est\u00e1 destinada a ciudadanos de pa\u00edses miembros del programa de exenci\u00f3n de visa de Canad\u00e1. Se expide en el marco de una estancia tur\u00edstica, de tr\u00e1nsito o de un viaje de negocios inferior a seis meses realizado por v\u00eda a\u00e9rea. A diferencia de la visa, la obtenci\u00f3n de la eTA se realiza de forma remota y simplemente requiere tener un pasaporte v\u00e1lido.<\/p>\n\n<p>La organizaci\u00f3n que gestiona la emisi\u00f3n de eTA Canad\u00e1, IRCC (Inmigraci\u00f3n, Refugiados y Ciudadan\u00eda de Canad\u00e1), verifica cuidadosamente la informaci\u00f3n proporcionada durante la solicitud en l\u00ednea. Como tal, si los sistemas inform\u00e1ticos se dan cuenta de que el solicitante proporcion\u00f3 informaci\u00f3n falsa o cometi\u00f3 un error en su eTA de Canad\u00e1 al ingresar el <a href=\"https:\/\/ave-eta-canada.com\/es\/complete-el-formulario-eta-para-canada\/\">formulario de eTA<\/a> , lo m\u00e1s probable es que se cancele la solicitud.<\/p>\n\n<h3 class=\"wp-block-heading\">Error antes del pago en l\u00ednea<\/h3>\n\n<p>Ya sea que solicite un permiso de residencia temporal en el sitio del gobierno canadiense o en un sitio privado, siempre tiene la opci\u00f3n de modificar su informaci\u00f3n y corregir cualquier error en la eTA de Canad\u00e1 antes del pago y la validaci\u00f3n de la solicitud.<\/p>\n\n<p>En cambio, si te das cuenta de un error despu\u00e9s de haber pagado tu pedido, los tr\u00e1mites son diferentes.<\/p>\n\n<h3 class=\"wp-block-heading\">Error tras enviar solicitud eTA<\/h3>\n\n<p>Si not\u00f3 un error en su eTA de Canad\u00e1 despu\u00e9s de enviar su archivo, lamentablemente es demasiado tarde. De hecho, si el error de falta de atenci\u00f3n se refiere a su n\u00famero de pasaporte o su nombre, por ejemplo, no tiene la posibilidad de <a href=\"https:\/\/ave-eta-canada.com\/es\/como-modificar-una-autorizacion-ave-para-canada\/\">modificar el AVE<\/a> despu\u00e9s del pago y el env\u00edo de la solicitud.<\/p>\n\n<p>La \u00fanica soluci\u00f3n posible es solicitar una nueva autorizaci\u00f3n para viajar a Canad\u00e1, ya sea en el sitio web oficial del Gobierno de Canad\u00e1 o en el sitio web de nuestro socio.<\/p>\n\n<p>La renovaci\u00f3n de una solicitud incurre en una tarifa. Tras el env\u00edo de la nueva solicitud, deber\u00e1 volver a abonar los gastos administrativos necesarios para la obtenci\u00f3n del AVE.<\/p>\n\n<p>Sin embargo, tenga en cuenta que, incluso despu\u00e9s del env\u00edo, tiene la posibilidad de modificar cierta informaci\u00f3n que aparece en su autorizaci\u00f3n de viaje (direcci\u00f3n de correo electr\u00f3nico y n\u00famero de tel\u00e9fono). Para <a href=\"https:\/\/ave-eta-canada.com\/es\/como-encontrar-un-ave-de-canada-perdido\/\">encontrar su eTA<\/a> y modificarla, todo lo que tiene que hacer es traer el n\u00famero de archivo asignado cuando se registr\u00f3 en l\u00ednea.<br\/><br\/><\/p>\n\n<h2 class=\"wp-block-heading\">Prevenci\u00f3n de errores en su solicitud de eTA de Canad\u00e1<\/h2>\n\n<p>A la hora de cumplimentar el formulario online AVE, es recomendable comprobar escrupulosamente la informaci\u00f3n facilitada. Tenga en cuenta que la mayor\u00eda de los errores en la solicitud de eTA de Canad\u00e1 est\u00e1n relacionados con el n\u00famero de pasaporte biom\u00e9trico o electr\u00f3nico. Para ingresar este n\u00famero correctamente, aqu\u00ed hay algunos consejos:<\/p>\n\n<ul class=\"wp-block-list\"><li>la mayor\u00eda de los n\u00fameros de pasaporte constan de 9 caracteres. Por lo tanto, aseg\u00farese de que el n\u00famero que escriba no sea ni m\u00e1s largo ni m\u00e1s corto;<\/li><li>el n\u00famero de pasaporte es una secuencia alfanum\u00e9rica, as\u00ed que tenga cuidado de no confundir el n\u00famero 0 con la letra O y el n\u00famero 1 con la letra I;<\/li><li>aseg\u00farese de no ingresar ning\u00fan otro car\u00e1cter, como guiones o signos de puntuaci\u00f3n.<\/li><\/ul>\n\n<p>Adem\u00e1s, algunos errores en la solicitud de eTA de Canad\u00e1 se deben a una elecci\u00f3n incorrecta del c\u00f3digo de pa\u00eds emisor del pasaporte. De hecho, cada estado tiene un c\u00f3digo de identificaci\u00f3n. Si es ciudadano franc\u00e9s, aseg\u00farese de elegir el c\u00f3digo \u00abFRA\u00bb.<\/p>\n\n<p>Si desea maximizar sus posibilidades de obtenerla, puede ser \u00fatil solicitar su eTA a trav\u00e9s de un sitio privado, como el de nuestro socio. De hecho, estas plataformas est\u00e1n compuestas por expertos que se encargar\u00e1n de verificar su archivo y corregir errores si es necesario.<\/p>\n\n<h3 class=\"wp-block-heading\">Denegaci\u00f3n despu\u00e9s de la correcci\u00f3n de errores en la eTA de Canad\u00e1<\/h3>\n\n<p>Si incluso despu\u00e9s de corregir sus errores en la solicitud de eTA de Canad\u00e1, el gobierno se niega a otorgarle la autorizaci\u00f3n para ir a Canad\u00e1, significa que probablemente no cumpla con una de las <a href=\"https:\/\/ave-eta-canada.com\/es\/todo-sobre-las-condiciones-del-eta-para-viajar-a-canada\/\">condiciones requeridas para ser elegible para la eTA<\/a> .<\/p>\n\n<p>Primero, verifique que est\u00e9 en posesi\u00f3n de un pasaporte v\u00e1lido. Si es necesario, debe imperativamente solicitar un nuevo pasaporte.<\/p>\n\n<p>Si planea realizar una pasant\u00eda, estudiar o trabajar en Canad\u00e1, sepa que la eTA no se aplica en estos casos. Para hacer esto, debe ir a la embajada (o consulado) de Canad\u00e1 y solicitar una visa.<\/p>\n\n<p>Tenga en cuenta que si ya tiene una visa canadiense o una tarjeta de residente permanente, el documento eTA no le ser\u00e1 \u00fatil.<\/p>\n","protected":false},"excerpt":{"rendered":"<p>Error en la eTA de Canad\u00e1: \u00bfqu\u00e9 hacer? Para viajar a Canad\u00e1, el gobierno canadiense requiere que los ciudadanos extranjeros soliciten una eTA (Autorizaci\u00f3n electr\u00f3nica de viaje) o una eTA (en ingl\u00e9s). Para obtener esta autorizaci\u00f3n para permanecer en Canad\u00e1, simplemente complete el formulario en l\u00ednea . No es necesario ir a la embajada de [&hellip;]<\/p>\n","protected":false},"author":1,"featured_media":0,"parent":0,"menu_order":0,"comment_status":"closed","ping_status":"closed","template":"","meta":{"footnotes":""},"class_list":["post-830","page","type-page","status-publish","hentry"],"yoast_head":"<!-- This site is optimized with the Yoast SEO plugin v26.9 - https:\/\/yoast.com\/product\/yoast-seo-wordpress\/ -->\n<title>\u00bfQu\u00e9 hacer en caso de error en la eTA de Canad\u00e1?<\/title>\n<meta name=\"description\" content=\"La eTA de Canad\u00e1 es un documento esencial para viajar a Canad\u00e1. Ante el m\u00e1s m\u00ednimo error durante la solicitud en l\u00ednea, la autorizaci\u00f3n puede no ser v\u00e1lida.\" \/>\n<meta name=\"robots\" content=\"index, follow, max-snippet:-1, max-image-preview:large, max-video-preview:-1\" \/>\n<link rel=\"canonical\" href=\"https:\/\/ave-eta-canada.com\/es\/que-hacer-en-caso-de-error-en-el-eta-canada\/\" \/>\n<meta property=\"og:locale\" content=\"es_ES\" \/>\n<meta property=\"og:type\" content=\"article\" \/>\n<meta property=\"og:title\" content=\"\u00bfQu\u00e9 hacer en caso de error en la eTA de Canad\u00e1?\" \/>\n<meta property=\"og:description\" content=\"La eTA de Canad\u00e1 es un documento esencial para viajar a Canad\u00e1. Ante el m\u00e1s m\u00ednimo error durante la solicitud en l\u00ednea, la autorizaci\u00f3n puede no ser v\u00e1lida.\" \/>\n<meta property=\"og:url\" content=\"https:\/\/ave-eta-canada.com\/es\/que-hacer-en-caso-de-error-en-el-eta-canada\/\" \/>\n<meta property=\"og:site_name\" content=\"VISA CANAD\u00c1\" \/>\n<meta property=\"article:modified_time\" content=\"2022-05-14T07:31:04+00:00\" \/>\n<meta name=\"twitter:card\" content=\"summary_large_image\" \/>\n<meta name=\"twitter:label1\" content=\"Tiempo de lectura\" \/>\n\t<meta name=\"twitter:data1\" content=\"5 minutos\" \/>\n<script type=\"application\/ld+json\" class=\"yoast-schema-graph\">{\"@context\":\"https:\/\/schema.org\",\"@graph\":[{\"@type\":\"WebPage\",\"@id\":\"https:\/\/ave-eta-canada.com\/es\/que-hacer-en-caso-de-error-en-el-eta-canada\/\",\"url\":\"https:\/\/ave-eta-canada.com\/es\/que-hacer-en-caso-de-error-en-el-eta-canada\/\",\"name\":\"\u00bfQu\u00e9 hacer en caso de error en la eTA de Canad\u00e1?\",\"isPartOf\":{\"@id\":\"https:\/\/ave-eta-canada.com\/es\/#website\"},\"datePublished\":\"2020-04-23T14:37:08+00:00\",\"dateModified\":\"2022-05-14T07:31:04+00:00\",\"description\":\"La eTA de Canad\u00e1 es un documento esencial para viajar a Canad\u00e1. Ante el m\u00e1s m\u00ednimo error durante la solicitud en l\u00ednea, la autorizaci\u00f3n puede no ser v\u00e1lida.\",\"breadcrumb\":{\"@id\":\"https:\/\/ave-eta-canada.com\/es\/que-hacer-en-caso-de-error-en-el-eta-canada\/#breadcrumb\"},\"inLanguage\":\"es\",\"potentialAction\":[{\"@type\":\"ReadAction\",\"target\":[\"https:\/\/ave-eta-canada.com\/es\/que-hacer-en-caso-de-error-en-el-eta-canada\/\"]}]},{\"@type\":\"BreadcrumbList\",\"@id\":\"https:\/\/ave-eta-canada.com\/es\/que-hacer-en-caso-de-error-en-el-eta-canada\/#breadcrumb\",\"itemListElement\":[{\"@type\":\"ListItem\",\"position\":1,\"name\":\"Home\",\"item\":\"https:\/\/ave-eta-canada.com\/es\/\"},{\"@type\":\"ListItem\",\"position\":2,\"name\":\"\u00bfQu\u00e9 hacer en caso de error en la eTA de Canad\u00e1?\"}]},{\"@type\":\"WebSite\",\"@id\":\"https:\/\/ave-eta-canada.com\/es\/#website\",\"url\":\"https:\/\/ave-eta-canada.com\/es\/\",\"name\":\"VISA CANAD\u00c1\",\"description\":\"Autorisation Voyage Electronique\",\"potentialAction\":[{\"@type\":\"SearchAction\",\"target\":{\"@type\":\"EntryPoint\",\"urlTemplate\":\"https:\/\/ave-eta-canada.com\/es\/?s={search_term_string}\"},\"query-input\":{\"@type\":\"PropertyValueSpecification\",\"valueRequired\":true,\"valueName\":\"search_term_string\"}}],\"inLanguage\":\"es\"}]}<\/script>\n<!-- \/ Yoast SEO plugin. -->","yoast_head_json":{"title":"\u00bfQu\u00e9 hacer en caso de error en la eTA de Canad\u00e1?","description":"La eTA de Canad\u00e1 es un documento esencial para viajar a Canad\u00e1. Ante el m\u00e1s m\u00ednimo error durante la solicitud en l\u00ednea, la autorizaci\u00f3n puede no ser v\u00e1lida.","robots":{"index":"index","follow":"follow","max-snippet":"max-snippet:-1","max-image-preview":"max-image-preview:large","max-video-preview":"max-video-preview:-1"},"canonical":"https:\/\/ave-eta-canada.com\/es\/que-hacer-en-caso-de-error-en-el-eta-canada\/","og_locale":"es_ES","og_type":"article","og_title":"\u00bfQu\u00e9 hacer en caso de error en la eTA de Canad\u00e1?","og_description":"La eTA de Canad\u00e1 es un documento esencial para viajar a Canad\u00e1. Ante el m\u00e1s m\u00ednimo error durante la solicitud en l\u00ednea, la autorizaci\u00f3n puede no ser v\u00e1lida.","og_url":"https:\/\/ave-eta-canada.com\/es\/que-hacer-en-caso-de-error-en-el-eta-canada\/","og_site_name":"VISA CANAD\u00c1","article_modified_time":"2022-05-14T07:31:04+00:00","twitter_card":"summary_large_image","twitter_misc":{"Tiempo de lectura":"5 minutos"},"schema":{"@context":"https:\/\/schema.org","@graph":[{"@type":"WebPage","@id":"https:\/\/ave-eta-canada.com\/es\/que-hacer-en-caso-de-error-en-el-eta-canada\/","url":"https:\/\/ave-eta-canada.com\/es\/que-hacer-en-caso-de-error-en-el-eta-canada\/","name":"\u00bfQu\u00e9 hacer en caso de error en la eTA de Canad\u00e1?","isPartOf":{"@id":"https:\/\/ave-eta-canada.com\/es\/#website"},"datePublished":"2020-04-23T14:37:08+00:00","dateModified":"2022-05-14T07:31:04+00:00","description":"La eTA de Canad\u00e1 es un documento esencial para viajar a Canad\u00e1. Ante el m\u00e1s m\u00ednimo error durante la solicitud en l\u00ednea, la autorizaci\u00f3n puede no ser v\u00e1lida.","breadcrumb":{"@id":"https:\/\/ave-eta-canada.com\/es\/que-hacer-en-caso-de-error-en-el-eta-canada\/#breadcrumb"},"inLanguage":"es","potentialAction":[{"@type":"ReadAction","target":["https:\/\/ave-eta-canada.com\/es\/que-hacer-en-caso-de-error-en-el-eta-canada\/"]}]},{"@type":"BreadcrumbList","@id":"https:\/\/ave-eta-canada.com\/es\/que-hacer-en-caso-de-error-en-el-eta-canada\/#breadcrumb","itemListElement":[{"@type":"ListItem","position":1,"name":"Home","item":"https:\/\/ave-eta-canada.com\/es\/"},{"@type":"ListItem","position":2,"name":"\u00bfQu\u00e9 hacer en caso de error en la eTA de Canad\u00e1?"}]},{"@type":"WebSite","@id":"https:\/\/ave-eta-canada.com\/es\/#website","url":"https:\/\/ave-eta-canada.com\/es\/","name":"VISA CANAD\u00c1","description":"Autorisation Voyage Electronique","potentialAction":[{"@type":"SearchAction","target":{"@type":"EntryPoint","urlTemplate":"https:\/\/ave-eta-canada.com\/es\/?s={search_term_string}"},"query-input":{"@type":"PropertyValueSpecification","valueRequired":true,"valueName":"search_term_string"}}],"inLanguage":"es"}]}},"_links":{"self":[{"href":"https:\/\/ave-eta-canada.com\/es\/wp-json\/wp\/v2\/pages\/830","targetHints":{"allow":["GET"]}}],"collection":[{"href":"https:\/\/ave-eta-canada.com\/es\/wp-json\/wp\/v2\/pages"}],"about":[{"href":"https:\/\/ave-eta-canada.com\/es\/wp-json\/wp\/v2\/types\/page"}],"author":[{"embeddable":true,"href":"https:\/\/ave-eta-canada.com\/es\/wp-json\/wp\/v2\/users\/1"}],"replies":[{"embeddable":true,"href":"https:\/\/ave-eta-canada.com\/es\/wp-json\/wp\/v2\/comments?post=830"}],"version-history":[{"count":0,"href":"https:\/\/ave-eta-canada.com\/es\/wp-json\/wp\/v2\/pages\/830\/revisions"}],"wp:attachment":[{"href":"https:\/\/ave-eta-canada.com\/es\/wp-json\/wp\/v2\/media?parent=830"}],"curies":[{"name":"wp","href":"https:\/\/api.w.org\/{rel}","templated":true}]}}