{"id":838,"date":"2020-04-23T14:50:36","date_gmt":"2020-04-23T14:50:36","guid":{"rendered":"https:\/\/ave-eta-canada.com\/que-hacer-en-caso-de-perdida-del-numero-eta-canada\/"},"modified":"2022-05-14T07:41:37","modified_gmt":"2022-05-14T07:41:37","slug":"que-hacer-en-caso-de-perdida-del-numero-eta-canada","status":"publish","type":"page","link":"https:\/\/ave-eta-canada.com\/es\/que-hacer-en-caso-de-perdida-del-numero-eta-canada\/","title":{"rendered":"\u00bfQu\u00e9 hacer en caso de p\u00e9rdida del n\u00famero eTA de Canad\u00e1?"},"content":{"rendered":"\n<h1 class=\"wp-block-heading\">P\u00e9rdida de n\u00famero de eTA: \u00bfc\u00f3mo hacerlo?<\/h1>\n\n<p>La Autorizaci\u00f3n Electr\u00f3nica de Viaje (eTA) es un documento que te permite ir a Canad\u00e1 por un m\u00e1ximo de 6 meses como parte de un viaje tur\u00edstico o de negocios. <strong>Para obtener esta autorizaci\u00f3n de viaje, debe completar el<\/strong> <a href=\"https:\/\/ave-eta-canada.com\/es\/formulario-de-eta-canada-en-linea\/\">formulario en l\u00ednea<\/a> . Luego se enviar\u00e1 a las autoridades canadienses para que juzguen la admisibilidad de su expediente. Si se aprueba su solicitud de eTA, recibir\u00e1 un n\u00famero de eTA por correo electr\u00f3nico. Pero entonces, \u00bfpara qu\u00e9 es este n\u00famero y qu\u00e9 hacer si ya no puede tenerlo en sus manos? Respondemos a todas tus preguntas en este art\u00edculo.<br\/><\/p>\n\n<h2 class=\"wp-block-heading\">\u00bfCu\u00e1ndo se transmite el n\u00famero eTA?<\/h2>\n\n<p>Cualquier solicitud de una eTA para viajar a Canad\u00e1 requiere una solicitud en l\u00ednea. Este documento de viaje no es accesible para todos. Para asegurarse de cumplir con los <a href=\"https:\/\/ave-eta-canada.com\/es\/todo-sobre-las-condiciones-del-eta-para-viajar-a-canada\/\">requisitos de elegibilidad<\/a> del Programa de Exenci\u00f3n de Visa, el Gobierno de Canad\u00e1 requiere que complete un cuestionario en l\u00ednea.<\/p>\n\n<p>Las respuestas a las preguntas formuladas en el formulario determinar\u00e1n, por lo tanto, el <a href=\"https:\/\/ave-eta-canada.com\/es\/como-verificar-el-estado-de-su-solicitud-de-eta-canada\/\">estado de su solicitud de eTA<\/a> . Si el gobierno canadiense da una respuesta favorable a su solicitud de autorizaci\u00f3n de estancia, se le informar\u00e1 mediante un correo electr\u00f3nico de resumen con el n\u00famero de eTA. Este n\u00famero de identificaci\u00f3n es \u00fanico y est\u00e1 asociado directamente al pasaporte con el que se realiz\u00f3 la solicitud.<\/p>\n\n<p>El n\u00famero eTA te permite consultar tu expediente para comprobar si tu certificado de estancia en Canad\u00e1 sigue siendo v\u00e1lido. Para asegurarse de que una <a href=\"https:\/\/ave-eta-canada.com\/es\/validez-eta-canada\/\">eTA siga siendo v\u00e1lida<\/a> , el gobierno canadiense proporciona a los ciudadanos extranjeros una herramienta para comprobar el estado de la eTA. Para usarlo, todo lo que necesitas es lo siguiente:<\/p>\n\n<ul class=\"wp-block-list\"><li>n\u00famero de solicitud de eTA;<\/li><li>n\u00famero de pasaporte ;<\/li><li>pa\u00eds de emisi\u00f3n del documento de identidad;<\/li><li>fecha de emisi\u00f3n y fecha de vencimiento del pasaporte.<\/li><\/ul>\n\n<p>Tenga en cuenta que si ya tiene un <a href=\"https:\/\/ave-eta-canada.com\/es\/whv-canada-como-obtener-un-permiso-de-vacaciones-de-trabajo\/\">PVT Canada<\/a> (Working Holiday Program), no necesitar\u00e1 solicitar una eTA. Este tambi\u00e9n es el caso si est\u00e1 en posesi\u00f3n de una tarjeta de residente permanente.<br\/><br\/><\/p>\n\n<h2 class=\"wp-block-heading\">\u00bfC\u00f3mo encontrar tu n\u00famero de eTA?<\/h2>\n\n<p>Como se ha dicho anteriormente, la admisi\u00f3n en el eTA conlleva necesariamente la generaci\u00f3n de un n\u00famero eTA. Tenga en cuenta que este identificador se comunica a trav\u00e9s de la direcci\u00f3n de correo electr\u00f3nico que se proporcion\u00f3 al completar el cuestionario. Si tiene varias direcciones de correo electr\u00f3nico, aseg\u00farese de buscar la que corresponda a su solicitud de eTA. Adem\u00e1s, sucede que el correo electr\u00f3nico inform\u00e1ndote del n\u00famero de eTA acaba en spam, por lo que es recomendable revisar tambi\u00e9n esta parte.<\/p>\n\n<p>Si no ha recibido un acuse de recibo dentro de las 72 horas posteriores a su solicitud, debe completar un formulario en el sitio web oficial del gobierno canadiense. Su solicitud ser\u00e1 procesada dentro de unos d\u00edas. No hace falta decir que para hacer esto, debe asegurarse de haber proporcionado la direcci\u00f3n correcta y de haber revisado su correo no deseado.<br\/><br\/><\/p>\n\n<h2 class=\"wp-block-heading\">P\u00e9rdida del n\u00famero eTA de Canad\u00e1: \u00bfes grave?<\/h2>\n\n<p>Si despu\u00e9s de una b\u00fasqueda en profundidad, a\u00fan no puede obtener el correo electr\u00f3nico de IRCC (Inmigraci\u00f3n, Refugiados y Ciudadan\u00eda de Canad\u00e1), podemos asegurarle que esto no necesariamente pone en peligro su viaje a Canad\u00e1. Efectivamente, el eTA es una autorizaci\u00f3n electr\u00f3nica, no existe una versi\u00f3n oficial en papel. Cuando recibe la aprobaci\u00f3n de su solicitud, el n\u00famero de eTA se vincula por computadora a su pasaporte electr\u00f3nico o biom\u00e9trico. Como resultado, el personal de la aerol\u00ednea y la Agencia de Servicios Fronterizos de Canad\u00e1 podr\u00e1n acceder a su eTA electr\u00f3nicamente simplemente escaneando su pasaporte. No es necesario darles su n\u00famero de eTA de Canad\u00e1. <\/p>\n\n<p>El per\u00edodo de validez de una eTA es de 5 a\u00f1os, si lo ha solicitado recientemente, pero ha <a href=\"https:\/\/ave-eta-canada.com\/es\/como-encontrar-un-ave-de-canada-perdido\/\">perdido su n\u00famero de eTA de Canad\u00e1<\/a> , por lo tanto, esto no es un problema. Sin embargo, tenga cuidado de verificar que su pasaporte sea v\u00e1lido para toda la estad\u00eda. Si corresponde, su eTA finalizar\u00e1 el d\u00eda en que venza su identificaci\u00f3n. El procedimiento a seguir ser\u00e1 solicitar un nuevo pasaporte biom\u00e9trico en su ayuntamiento y luego volver a solicitarlo en l\u00ednea.<\/p>\n\n<h3 class=\"wp-block-heading\">Env\u00ede una nueva solicitud para obtener otro n\u00famero de eTA<\/h3>\n\n<p>Por otro lado, si su solicitud data de hace varios a\u00f1os, pero ya no tenemos un recuerdo exacto de la fecha de emisi\u00f3n, simplemente le recomendamos que vuelva a solicitar una eTA. De hecho, ser\u00eda una pena organizar su viaje hasta el m\u00e1s m\u00ednimo detalle solo para terminar neg\u00e1ndose el acceso al aeropuerto debido a una eTA caducada.<\/p>\n\n<p>Para realizar una nueva solicitud, puede ir al sitio web oficial del gobierno canadiense o al sitio web de nuestro socio. Eligiendo esta segunda opci\u00f3n, te beneficiar\u00e1s de un acompa\u00f1amiento personalizado en tu proceso de obtenci\u00f3n del eTA. Si alguna vez pierde su n\u00famero eTA de Canad\u00e1 despu\u00e9s de solicitar su autorizaci\u00f3n a trav\u00e9s de nuestro sitio asociado, el correo electr\u00f3nico de confirmaci\u00f3n se guarda en su \u00e1rea de cliente. Si es necesario, el servicio de atenci\u00f3n al cliente tambi\u00e9n est\u00e1 a su disposici\u00f3n.<\/p>\n\n<p>Si bien realizar una nueva solicitud genera costos de eTA, el proceso sigue siendo ventajoso en comparaci\u00f3n con la adquisici\u00f3n de una visa de Canad\u00e1 o un <a href=\"https:\/\/ave-eta-canada.com\/es\/whv-canada-como-obtener-un-permiso-de-vacaciones-de-trabajo\/\">Programa de vacaciones de trabajo PVT<\/a> , cuyo precio ronda los cien d\u00f3lares canadienses.<\/p>\n\n<p>Ojo, si al final de tu estancia en suelo canadiense planeas viajar a Estados Unidos, probablemente necesitar\u00e1s una autorizaci\u00f3n ESTA, que funciona exactamente con el mismo principio que el eTA.<\/p>\n","protected":false},"excerpt":{"rendered":"<p>P\u00e9rdida de n\u00famero de eTA: \u00bfc\u00f3mo hacerlo? La Autorizaci\u00f3n Electr\u00f3nica de Viaje (eTA) es un documento que te permite ir a Canad\u00e1 por un m\u00e1ximo de 6 meses como parte de un viaje tur\u00edstico o de negocios. Para obtener esta autorizaci\u00f3n de viaje, debe completar el formulario en l\u00ednea . Luego se enviar\u00e1 a las [&hellip;]<\/p>\n","protected":false},"author":1,"featured_media":0,"parent":0,"menu_order":0,"comment_status":"closed","ping_status":"closed","template":"","meta":{"footnotes":""},"class_list":["post-838","page","type-page","status-publish","hentry"],"yoast_head":"<!-- This site is optimized with the Yoast SEO plugin v26.9 - https:\/\/yoast.com\/product\/yoast-seo-wordpress\/ -->\n<title>\u00bfQu\u00e9 hacer en caso de p\u00e9rdida del n\u00famero eTA de Canad\u00e1?<\/title>\n<meta name=\"description\" content=\"Cada autorizaci\u00f3n de viaje temporal a Canad\u00e1 est\u00e1 asociada con un n\u00famero eTA. Descubra c\u00f3mo recuperar un n\u00famero de solicitud de eTA perdido.\" \/>\n<meta name=\"robots\" content=\"index, follow, max-snippet:-1, max-image-preview:large, max-video-preview:-1\" \/>\n<link rel=\"canonical\" href=\"https:\/\/ave-eta-canada.com\/es\/que-hacer-en-caso-de-perdida-del-numero-eta-canada\/\" \/>\n<meta property=\"og:locale\" content=\"es_ES\" \/>\n<meta property=\"og:type\" content=\"article\" \/>\n<meta property=\"og:title\" content=\"\u00bfQu\u00e9 hacer en caso de p\u00e9rdida del n\u00famero eTA de Canad\u00e1?\" \/>\n<meta property=\"og:description\" content=\"Cada autorizaci\u00f3n de viaje temporal a Canad\u00e1 est\u00e1 asociada con un n\u00famero eTA. Descubra c\u00f3mo recuperar un n\u00famero de solicitud de eTA perdido.\" \/>\n<meta property=\"og:url\" content=\"https:\/\/ave-eta-canada.com\/es\/que-hacer-en-caso-de-perdida-del-numero-eta-canada\/\" \/>\n<meta property=\"og:site_name\" content=\"VISA CANAD\u00c1\" \/>\n<meta property=\"article:modified_time\" content=\"2022-05-14T07:41:37+00:00\" \/>\n<meta name=\"twitter:card\" content=\"summary_large_image\" \/>\n<meta name=\"twitter:label1\" content=\"Tiempo de lectura\" \/>\n\t<meta name=\"twitter:data1\" content=\"5 minutos\" \/>\n<script type=\"application\/ld+json\" class=\"yoast-schema-graph\">{\"@context\":\"https:\/\/schema.org\",\"@graph\":[{\"@type\":\"WebPage\",\"@id\":\"https:\/\/ave-eta-canada.com\/es\/que-hacer-en-caso-de-perdida-del-numero-eta-canada\/\",\"url\":\"https:\/\/ave-eta-canada.com\/es\/que-hacer-en-caso-de-perdida-del-numero-eta-canada\/\",\"name\":\"\u00bfQu\u00e9 hacer en caso de p\u00e9rdida del n\u00famero eTA de Canad\u00e1?\",\"isPartOf\":{\"@id\":\"https:\/\/ave-eta-canada.com\/es\/#website\"},\"datePublished\":\"2020-04-23T14:50:36+00:00\",\"dateModified\":\"2022-05-14T07:41:37+00:00\",\"description\":\"Cada autorizaci\u00f3n de viaje temporal a Canad\u00e1 est\u00e1 asociada con un n\u00famero eTA. Descubra c\u00f3mo recuperar un n\u00famero de solicitud de eTA perdido.\",\"breadcrumb\":{\"@id\":\"https:\/\/ave-eta-canada.com\/es\/que-hacer-en-caso-de-perdida-del-numero-eta-canada\/#breadcrumb\"},\"inLanguage\":\"es\",\"potentialAction\":[{\"@type\":\"ReadAction\",\"target\":[\"https:\/\/ave-eta-canada.com\/es\/que-hacer-en-caso-de-perdida-del-numero-eta-canada\/\"]}]},{\"@type\":\"BreadcrumbList\",\"@id\":\"https:\/\/ave-eta-canada.com\/es\/que-hacer-en-caso-de-perdida-del-numero-eta-canada\/#breadcrumb\",\"itemListElement\":[{\"@type\":\"ListItem\",\"position\":1,\"name\":\"Home\",\"item\":\"https:\/\/ave-eta-canada.com\/es\/\"},{\"@type\":\"ListItem\",\"position\":2,\"name\":\"\u00bfQu\u00e9 hacer en caso de p\u00e9rdida del n\u00famero eTA de Canad\u00e1?\"}]},{\"@type\":\"WebSite\",\"@id\":\"https:\/\/ave-eta-canada.com\/es\/#website\",\"url\":\"https:\/\/ave-eta-canada.com\/es\/\",\"name\":\"VISA CANAD\u00c1\",\"description\":\"Autorisation Voyage Electronique\",\"potentialAction\":[{\"@type\":\"SearchAction\",\"target\":{\"@type\":\"EntryPoint\",\"urlTemplate\":\"https:\/\/ave-eta-canada.com\/es\/?s={search_term_string}\"},\"query-input\":{\"@type\":\"PropertyValueSpecification\",\"valueRequired\":true,\"valueName\":\"search_term_string\"}}],\"inLanguage\":\"es\"}]}<\/script>\n<!-- \/ Yoast SEO plugin. -->","yoast_head_json":{"title":"\u00bfQu\u00e9 hacer en caso de p\u00e9rdida del n\u00famero eTA de Canad\u00e1?","description":"Cada autorizaci\u00f3n de viaje temporal a Canad\u00e1 est\u00e1 asociada con un n\u00famero eTA. Descubra c\u00f3mo recuperar un n\u00famero de solicitud de eTA perdido.","robots":{"index":"index","follow":"follow","max-snippet":"max-snippet:-1","max-image-preview":"max-image-preview:large","max-video-preview":"max-video-preview:-1"},"canonical":"https:\/\/ave-eta-canada.com\/es\/que-hacer-en-caso-de-perdida-del-numero-eta-canada\/","og_locale":"es_ES","og_type":"article","og_title":"\u00bfQu\u00e9 hacer en caso de p\u00e9rdida del n\u00famero eTA de Canad\u00e1?","og_description":"Cada autorizaci\u00f3n de viaje temporal a Canad\u00e1 est\u00e1 asociada con un n\u00famero eTA. Descubra c\u00f3mo recuperar un n\u00famero de solicitud de eTA perdido.","og_url":"https:\/\/ave-eta-canada.com\/es\/que-hacer-en-caso-de-perdida-del-numero-eta-canada\/","og_site_name":"VISA CANAD\u00c1","article_modified_time":"2022-05-14T07:41:37+00:00","twitter_card":"summary_large_image","twitter_misc":{"Tiempo de lectura":"5 minutos"},"schema":{"@context":"https:\/\/schema.org","@graph":[{"@type":"WebPage","@id":"https:\/\/ave-eta-canada.com\/es\/que-hacer-en-caso-de-perdida-del-numero-eta-canada\/","url":"https:\/\/ave-eta-canada.com\/es\/que-hacer-en-caso-de-perdida-del-numero-eta-canada\/","name":"\u00bfQu\u00e9 hacer en caso de p\u00e9rdida del n\u00famero eTA de Canad\u00e1?","isPartOf":{"@id":"https:\/\/ave-eta-canada.com\/es\/#website"},"datePublished":"2020-04-23T14:50:36+00:00","dateModified":"2022-05-14T07:41:37+00:00","description":"Cada autorizaci\u00f3n de viaje temporal a Canad\u00e1 est\u00e1 asociada con un n\u00famero eTA. Descubra c\u00f3mo recuperar un n\u00famero de solicitud de eTA perdido.","breadcrumb":{"@id":"https:\/\/ave-eta-canada.com\/es\/que-hacer-en-caso-de-perdida-del-numero-eta-canada\/#breadcrumb"},"inLanguage":"es","potentialAction":[{"@type":"ReadAction","target":["https:\/\/ave-eta-canada.com\/es\/que-hacer-en-caso-de-perdida-del-numero-eta-canada\/"]}]},{"@type":"BreadcrumbList","@id":"https:\/\/ave-eta-canada.com\/es\/que-hacer-en-caso-de-perdida-del-numero-eta-canada\/#breadcrumb","itemListElement":[{"@type":"ListItem","position":1,"name":"Home","item":"https:\/\/ave-eta-canada.com\/es\/"},{"@type":"ListItem","position":2,"name":"\u00bfQu\u00e9 hacer en caso de p\u00e9rdida del n\u00famero eTA de Canad\u00e1?"}]},{"@type":"WebSite","@id":"https:\/\/ave-eta-canada.com\/es\/#website","url":"https:\/\/ave-eta-canada.com\/es\/","name":"VISA CANAD\u00c1","description":"Autorisation Voyage Electronique","potentialAction":[{"@type":"SearchAction","target":{"@type":"EntryPoint","urlTemplate":"https:\/\/ave-eta-canada.com\/es\/?s={search_term_string}"},"query-input":{"@type":"PropertyValueSpecification","valueRequired":true,"valueName":"search_term_string"}}],"inLanguage":"es"}]}},"_links":{"self":[{"href":"https:\/\/ave-eta-canada.com\/es\/wp-json\/wp\/v2\/pages\/838","targetHints":{"allow":["GET"]}}],"collection":[{"href":"https:\/\/ave-eta-canada.com\/es\/wp-json\/wp\/v2\/pages"}],"about":[{"href":"https:\/\/ave-eta-canada.com\/es\/wp-json\/wp\/v2\/types\/page"}],"author":[{"embeddable":true,"href":"https:\/\/ave-eta-canada.com\/es\/wp-json\/wp\/v2\/users\/1"}],"replies":[{"embeddable":true,"href":"https:\/\/ave-eta-canada.com\/es\/wp-json\/wp\/v2\/comments?post=838"}],"version-history":[{"count":0,"href":"https:\/\/ave-eta-canada.com\/es\/wp-json\/wp\/v2\/pages\/838\/revisions"}],"wp:attachment":[{"href":"https:\/\/ave-eta-canada.com\/es\/wp-json\/wp\/v2\/media?parent=838"}],"curies":[{"name":"wp","href":"https:\/\/api.w.org\/{rel}","templated":true}]}}