{"id":840,"date":"2020-04-23T14:59:39","date_gmt":"2020-04-23T14:59:39","guid":{"rendered":"https:\/\/ave-eta-canada.com\/cual-es-la-fecha-limite-para-obtener-el-eta-canada\/"},"modified":"2022-05-14T16:24:06","modified_gmt":"2022-05-14T16:24:06","slug":"cual-es-la-fecha-limite-para-obtener-el-eta-canada","status":"publish","type":"page","link":"https:\/\/ave-eta-canada.com\/es\/cual-es-la-fecha-limite-para-obtener-el-eta-canada\/","title":{"rendered":"\u00bfCu\u00e1l es la fecha l\u00edmite para obtener la eTA de Canad\u00e1?"},"content":{"rendered":"\n<h1 class=\"wp-block-heading\">El tiempo necesario para obtener la eTA de Canad\u00e1<\/h1>\n\n<p>Durante varios a\u00f1os, los ciudadanos de ciertos pa\u00edses se han beneficiado de una exenci\u00f3n de visa que les permite viajar a Canad\u00e1 con mucha m\u00e1s facilidad. La exenci\u00f3n de visa no exime a los viajeros de obtener una autorizaci\u00f3n de viaje electr\u00f3nica. <\/p>\n\n<p><strong>Para una estad\u00eda de menos de 6 meses en Canad\u00e1<\/strong> : Puede realizar los tr\u00e1mites para ingresar a Canad\u00e1 directamente a trav\u00e9s de Internet haciendo clic en el <a href=\"https:\/\/ave-eta-canada.com\/es\/formulario-de-eta-canada-en-linea\/\">formulario en l\u00ednea<\/a>. No es necesario obtener una cita en la embajada o consulado canadiense. Esta autorizaci\u00f3n de viaje se denomina AVE (Autorisation Voyage Electronique in french), tambi\u00e9n conocida como eTA (Electronic Travel Authorization en ingl\u00e9s) que son los idiomas oficiales de Canad\u00e1.<\/p>\n\n<p>\u00bfCu\u00e1nto tiempo se tarda en obtener la Autorizaci\u00f3n de Viaje y con cu\u00e1nto tiempo de antelaci\u00f3n se debe solicitar la estancia en Canad\u00e1? \u00bfCu\u00e1nto tiempo es v\u00e1lido? Tantas preguntas que respondemos a continuaci\u00f3n.<br\/><\/p>\n\n<h2 class=\"wp-block-heading\">Los principios del eTA<\/h2>\n\n<p>La eTA, permite a los ciudadanos de ciertos pa\u00edses descubrir Canad\u00e1 sin solicitar una visa canadiense. No tener que ir a la embajada de Canad\u00e1 para solicitar una visa es un gran ahorro de tiempo, sin mencionar un gran ahorro de dinero. El gobierno canadiense ha implementado una autorizaci\u00f3n de viaje, similar a la ESTA establecida por los Estados Unidos, para las estad\u00edas temporales m\u00e1s populares y que solo requieren un r\u00e1pido control de identidad: tr\u00e1nsitos en un aeropuerto canadiense, estad\u00edas tur\u00edsticas y viajes de negocios (sin pago en el lugar). ).<\/p>\n\n<p>Para estar autorizado a viajar a Canad\u00e1 con una eTA, el viajero debe cumplir con ciertas <a href=\"https:\/\/ave-eta-canada.com\/es\/todo-sobre-las-condiciones-del-eta-para-viajar-a-canada\/\">condiciones de admisibilidad<\/a> . Como se mencion\u00f3 anteriormente, el primer criterio impuesto es la membres\u00eda en el programa de exenci\u00f3n de visa. Tambi\u00e9n se debe reconocer la naturaleza del viaje a Canad\u00e1 (escala, turismo y negocios). La estancia en cuesti\u00f3n tampoco debe exceder los 6 meses y debe realizarse por v\u00eda a\u00e9rea. No hace falta decir que el viaje no puede realizarse sin un pasaporte v\u00e1lido emitido por uno de los pa\u00edses firmantes. El Gobierno de Canad\u00e1 no exige que los ciudadanos de nacionalidad francesa tengan un pasaporte biom\u00e9trico, se acepta el pasaporte electr\u00f3nico. Consejo a los viajeros: es preferible que el pasaporte tenga un per\u00edodo de validez mayor a 6 meses. <br\/><br\/><\/p>\n\n<h2 class=\"wp-block-heading\">\u00bfCu\u00e1nto tiempo lleva obtener la eTA de Canad\u00e1?<\/h2>\n\n<p>Si re\u00fane los requisitos, debe <a href=\"https:\/\/ave-eta-canada.com\/es\/como-completar-una-eta-para-viajar-a-canada\/\">completar la eTA<\/a> con su informaci\u00f3n personal. Una vez que su archivo haya sido enviado a las autoridades canadienses, no tendr\u00e1 que esperar mucho. En general, se le da una respuesta por correo electr\u00f3nico en solo unos minutos. A veces pueden ser necesarios unos d\u00edas si el servicio de inmigraci\u00f3n canadiense requiere m\u00e1s informaci\u00f3n de usted.<\/p>\n\n<p>Aseg\u00farese de proporcionar una direcci\u00f3n de correo electr\u00f3nico v\u00e1lida, ya que as\u00ed se le comunicar\u00e1 el <a href=\"https:\/\/ave-eta-canada.com\/es\/como-verificar-el-estado-de-su-solicitud-de-eta-canada\/\">estado de su eTA<\/a> .<br\/><br\/><\/p>\n\n<h2 class=\"wp-block-heading\">\u00bfCu\u00e1ndo solicitar una eTA para un tiempo de respuesta r\u00e1pido?<\/h2>\n\n<p>Incluso si completar el formulario y el tiempo requerido para obtener la <a href=\"https:\/\/ave-eta-canada.com\/es\/que-es-eta-canada\/\">eTA Canad\u00e1<\/a> siguen siendo muy r\u00e1pidos, para responder a la pregunta \u00ab\u00bfcu\u00e1ndo solicitar una eTA?\u00bb se recomienda encarecidamente proceder con el pedido de la autorizaci\u00f3n tan pronto como planee pasar sus vacaciones en Canad\u00e1. As\u00ed, en caso de error, te dar\u00e1 tiempo a recuperarte.<\/p>\n\n<p>Dependiendo del motivo de la denegaci\u00f3n, puede volver a probar suerte (error de entrada) o solicitar una visa a los servicios consulares de la Embajada de Canad\u00e1 (no admisibilidad). El tiempo requerido entonces var\u00eda mucho, ya que la solicitud de visa canadiense es mucho m\u00e1s larga que la solicitud en l\u00ednea de una eTA.<\/p>\n\n<p>No intentes coger el eTA in situ, ya sea en el aeropuerto espa\u00f1ol o canadiense. Esta autorizaci\u00f3n debe obtenerse antes de abordar vuelos internacionales.<\/p>\n\n<p>Tenga en cuenta que la solicitud de eTA se puede realizar desde el sitio web oficial del gobierno canadiense o a trav\u00e9s de un intermediario especializado, como nuestro socio. La ventaja de una plataforma privada radica en la asistencia que se te ofrece para realizar este proceso. El marco de tiempo para recibir la eTA sigue siendo el mismo de un sitio a otro. Del mismo modo, las solicitudes de grupo, es decir, para todos los miembros de la familia a la vez, por ejemplo, no son posibles en este momento. Cada solicitud de eTA debe realizarse individualmente.<br\/><br\/><\/p>\n\n<h2 class=\"wp-block-heading\">\u00bfPor cu\u00e1nto tiempo es v\u00e1lido el eTA?<\/h2>\n\n<p>Este documento electr\u00f3nico tiene un <a href=\"https:\/\/ave-eta-canada.com\/es\/eta-canada-periodo-de-validez\/\">per\u00edodo de validez de cinco a\u00f1os<\/a> , lo que le permite realizar muchos viajes agradables a Canad\u00e1: Vancouver, Toronto, Ottawa, Quebec, etc. la decisi\u00f3n es tuya. Podr\u00e1s viajar por las diferentes provincias y realizar multitud de actividades que ofrece este pa\u00eds respetando el tiempo permitido por la eTA Canad\u00e1.<\/p>\n\n<p>Tenga en cuenta que su autorizaci\u00f3n eTA est\u00e1 vinculada a su pasaporte. Esto significa que si su documento de identidad caduca o si pierde su pasaporte, la eTA pierde su validez. Deber\u00e1 solicitar una nueva eTA para visitar Canad\u00e1, lo que le otorga un nuevo per\u00edodo de gracia de cinco a\u00f1os. Del mismo modo, la validez del pasaporte franc\u00e9s, por otro lado, determina el per\u00edodo de validez del AVE: si el pasaporte utilizado para la solicitud caduca en menos de 5 a\u00f1os, la fecha de caducidad del AVE copia la fecha de caducidad del pasaporte.<br\/><br\/><\/p>\n\n<h2 class=\"wp-block-heading\">\u00bfCu\u00e1nto tiempo podemos salir con el eTA?<\/h2>\n\n<p>Si has recibido tu autorizaci\u00f3n eTA, debes saber que puedes reclamar una estancia de 6 meses en suelo canadiense. Durante el periodo de validez del documento eTA, tienes derecho a salir varias veces a Canad\u00e1 respetando un periodo m\u00e1ximo de 6 meses por cada viaje.<\/p>\n\n<p>Sin embargo, no tiente a la suerte y no exceda el plazo otorgado por eTA Canad\u00e1, esto podr\u00eda causarle problemas. Lo mismo ocurre con la naturaleza del viaje a Canad\u00e1: el eTA no te permite <a href=\"https:\/\/ave-eta-canada.com\/es\/canada-el-gobierno-da-la-bienvenida-a-mas-estudiantes-internacionales\/\">estudiar en una universidad canadiense<\/a>, hacer pr\u00e1cticas o trabajar en Canad\u00e1. Por supuesto, tampoco es posible emigrar e inmigrar a Canad\u00e1. Por estos motivos de viaje, debe solicitar una visa de turista, permiso de trabajo, PVT (Working Holiday Permit), residencia permanente. Lo invitamos a visitar el sitio web del gobierno para obtener m\u00e1s informaci\u00f3n sobre este tema y conocer la lista de documentos necesarios. <\/p>\n\n<p>\u00daltima precisi\u00f3n, el eTA no es el \u00fanico documento de viaje a presentar. Los oficiales de inmigraci\u00f3n de Canad\u00e1, al pasar por la aduana, le pedir\u00e1n ver su pasaporte, un boleto de salida en forma de boleto de regreso o un boleto al destino final. Es posible que se requieran otros documentos seg\u00fan la situaci\u00f3n, especialmente cuando se viaja con ni\u00f1os menores. Notar\u00e1 que el oficial de inmigraci\u00f3n no le pedir\u00e1 la eTA, ya que est\u00e1 vinculada electr\u00f3nicamente a su n\u00famero de pasaporte. <\/p>\n","protected":false},"excerpt":{"rendered":"<p>El tiempo necesario para obtener la eTA de Canad\u00e1 Durante varios a\u00f1os, los ciudadanos de ciertos pa\u00edses se han beneficiado de una exenci\u00f3n de visa que les permite viajar a Canad\u00e1 con mucha m\u00e1s facilidad. La exenci\u00f3n de visa no exime a los viajeros de obtener una autorizaci\u00f3n de viaje electr\u00f3nica. Para una estad\u00eda de [&hellip;]<\/p>\n","protected":false},"author":1,"featured_media":0,"parent":0,"menu_order":0,"comment_status":"closed","ping_status":"closed","template":"","meta":{"footnotes":""},"class_list":["post-840","page","type-page","status-publish","hentry"],"yoast_head":"<!-- This site is optimized with the Yoast SEO plugin v26.9 - https:\/\/yoast.com\/product\/yoast-seo-wordpress\/ -->\n<title>\u00bfCu\u00e1l es la fecha l\u00edmite para obtener la eTA de Canad\u00e1?<\/title>\n<meta name=\"description\" content=\"\u00bfQuieres visitar Canad\u00e1 y quieres saber la fecha l\u00edmite para recibir el AVE para organizar tu estancia? Nuestra respuesta aqu\u00ed!\" \/>\n<meta name=\"robots\" content=\"index, follow, max-snippet:-1, max-image-preview:large, max-video-preview:-1\" \/>\n<link rel=\"canonical\" href=\"https:\/\/ave-eta-canada.com\/es\/cual-es-la-fecha-limite-para-obtener-el-eta-canada\/\" \/>\n<meta property=\"og:locale\" content=\"es_ES\" \/>\n<meta property=\"og:type\" content=\"article\" \/>\n<meta property=\"og:title\" content=\"\u00bfCu\u00e1l es la fecha l\u00edmite para obtener la eTA de Canad\u00e1?\" \/>\n<meta property=\"og:description\" content=\"\u00bfQuieres visitar Canad\u00e1 y quieres saber la fecha l\u00edmite para recibir el AVE para organizar tu estancia? Nuestra respuesta aqu\u00ed!\" \/>\n<meta property=\"og:url\" content=\"https:\/\/ave-eta-canada.com\/es\/cual-es-la-fecha-limite-para-obtener-el-eta-canada\/\" \/>\n<meta property=\"og:site_name\" content=\"VISA CANAD\u00c1\" \/>\n<meta property=\"article:modified_time\" content=\"2022-05-14T16:24:06+00:00\" \/>\n<meta name=\"twitter:card\" content=\"summary_large_image\" \/>\n<meta name=\"twitter:label1\" content=\"Tiempo de lectura\" \/>\n\t<meta name=\"twitter:data1\" content=\"6 minutos\" \/>\n<script type=\"application\/ld+json\" class=\"yoast-schema-graph\">{\"@context\":\"https:\/\/schema.org\",\"@graph\":[{\"@type\":\"WebPage\",\"@id\":\"https:\/\/ave-eta-canada.com\/es\/cual-es-la-fecha-limite-para-obtener-el-eta-canada\/\",\"url\":\"https:\/\/ave-eta-canada.com\/es\/cual-es-la-fecha-limite-para-obtener-el-eta-canada\/\",\"name\":\"\u00bfCu\u00e1l es la fecha l\u00edmite para obtener la eTA de Canad\u00e1?\",\"isPartOf\":{\"@id\":\"https:\/\/ave-eta-canada.com\/es\/#website\"},\"datePublished\":\"2020-04-23T14:59:39+00:00\",\"dateModified\":\"2022-05-14T16:24:06+00:00\",\"description\":\"\u00bfQuieres visitar Canad\u00e1 y quieres saber la fecha l\u00edmite para recibir el AVE para organizar tu estancia? Nuestra respuesta aqu\u00ed!\",\"breadcrumb\":{\"@id\":\"https:\/\/ave-eta-canada.com\/es\/cual-es-la-fecha-limite-para-obtener-el-eta-canada\/#breadcrumb\"},\"inLanguage\":\"es\",\"potentialAction\":[{\"@type\":\"ReadAction\",\"target\":[\"https:\/\/ave-eta-canada.com\/es\/cual-es-la-fecha-limite-para-obtener-el-eta-canada\/\"]}]},{\"@type\":\"BreadcrumbList\",\"@id\":\"https:\/\/ave-eta-canada.com\/es\/cual-es-la-fecha-limite-para-obtener-el-eta-canada\/#breadcrumb\",\"itemListElement\":[{\"@type\":\"ListItem\",\"position\":1,\"name\":\"Home\",\"item\":\"https:\/\/ave-eta-canada.com\/es\/\"},{\"@type\":\"ListItem\",\"position\":2,\"name\":\"\u00bfCu\u00e1l es la fecha l\u00edmite para obtener la eTA de Canad\u00e1?\"}]},{\"@type\":\"WebSite\",\"@id\":\"https:\/\/ave-eta-canada.com\/es\/#website\",\"url\":\"https:\/\/ave-eta-canada.com\/es\/\",\"name\":\"VISA CANAD\u00c1\",\"description\":\"Autorisation Voyage Electronique\",\"potentialAction\":[{\"@type\":\"SearchAction\",\"target\":{\"@type\":\"EntryPoint\",\"urlTemplate\":\"https:\/\/ave-eta-canada.com\/es\/?s={search_term_string}\"},\"query-input\":{\"@type\":\"PropertyValueSpecification\",\"valueRequired\":true,\"valueName\":\"search_term_string\"}}],\"inLanguage\":\"es\"}]}<\/script>\n<!-- \/ Yoast SEO plugin. -->","yoast_head_json":{"title":"\u00bfCu\u00e1l es la fecha l\u00edmite para obtener la eTA de Canad\u00e1?","description":"\u00bfQuieres visitar Canad\u00e1 y quieres saber la fecha l\u00edmite para recibir el AVE para organizar tu estancia? Nuestra respuesta aqu\u00ed!","robots":{"index":"index","follow":"follow","max-snippet":"max-snippet:-1","max-image-preview":"max-image-preview:large","max-video-preview":"max-video-preview:-1"},"canonical":"https:\/\/ave-eta-canada.com\/es\/cual-es-la-fecha-limite-para-obtener-el-eta-canada\/","og_locale":"es_ES","og_type":"article","og_title":"\u00bfCu\u00e1l es la fecha l\u00edmite para obtener la eTA de Canad\u00e1?","og_description":"\u00bfQuieres visitar Canad\u00e1 y quieres saber la fecha l\u00edmite para recibir el AVE para organizar tu estancia? Nuestra respuesta aqu\u00ed!","og_url":"https:\/\/ave-eta-canada.com\/es\/cual-es-la-fecha-limite-para-obtener-el-eta-canada\/","og_site_name":"VISA CANAD\u00c1","article_modified_time":"2022-05-14T16:24:06+00:00","twitter_card":"summary_large_image","twitter_misc":{"Tiempo de lectura":"6 minutos"},"schema":{"@context":"https:\/\/schema.org","@graph":[{"@type":"WebPage","@id":"https:\/\/ave-eta-canada.com\/es\/cual-es-la-fecha-limite-para-obtener-el-eta-canada\/","url":"https:\/\/ave-eta-canada.com\/es\/cual-es-la-fecha-limite-para-obtener-el-eta-canada\/","name":"\u00bfCu\u00e1l es la fecha l\u00edmite para obtener la eTA de Canad\u00e1?","isPartOf":{"@id":"https:\/\/ave-eta-canada.com\/es\/#website"},"datePublished":"2020-04-23T14:59:39+00:00","dateModified":"2022-05-14T16:24:06+00:00","description":"\u00bfQuieres visitar Canad\u00e1 y quieres saber la fecha l\u00edmite para recibir el AVE para organizar tu estancia? Nuestra respuesta aqu\u00ed!","breadcrumb":{"@id":"https:\/\/ave-eta-canada.com\/es\/cual-es-la-fecha-limite-para-obtener-el-eta-canada\/#breadcrumb"},"inLanguage":"es","potentialAction":[{"@type":"ReadAction","target":["https:\/\/ave-eta-canada.com\/es\/cual-es-la-fecha-limite-para-obtener-el-eta-canada\/"]}]},{"@type":"BreadcrumbList","@id":"https:\/\/ave-eta-canada.com\/es\/cual-es-la-fecha-limite-para-obtener-el-eta-canada\/#breadcrumb","itemListElement":[{"@type":"ListItem","position":1,"name":"Home","item":"https:\/\/ave-eta-canada.com\/es\/"},{"@type":"ListItem","position":2,"name":"\u00bfCu\u00e1l es la fecha l\u00edmite para obtener la eTA de Canad\u00e1?"}]},{"@type":"WebSite","@id":"https:\/\/ave-eta-canada.com\/es\/#website","url":"https:\/\/ave-eta-canada.com\/es\/","name":"VISA CANAD\u00c1","description":"Autorisation Voyage Electronique","potentialAction":[{"@type":"SearchAction","target":{"@type":"EntryPoint","urlTemplate":"https:\/\/ave-eta-canada.com\/es\/?s={search_term_string}"},"query-input":{"@type":"PropertyValueSpecification","valueRequired":true,"valueName":"search_term_string"}}],"inLanguage":"es"}]}},"_links":{"self":[{"href":"https:\/\/ave-eta-canada.com\/es\/wp-json\/wp\/v2\/pages\/840","targetHints":{"allow":["GET"]}}],"collection":[{"href":"https:\/\/ave-eta-canada.com\/es\/wp-json\/wp\/v2\/pages"}],"about":[{"href":"https:\/\/ave-eta-canada.com\/es\/wp-json\/wp\/v2\/types\/page"}],"author":[{"embeddable":true,"href":"https:\/\/ave-eta-canada.com\/es\/wp-json\/wp\/v2\/users\/1"}],"replies":[{"embeddable":true,"href":"https:\/\/ave-eta-canada.com\/es\/wp-json\/wp\/v2\/comments?post=840"}],"version-history":[{"count":0,"href":"https:\/\/ave-eta-canada.com\/es\/wp-json\/wp\/v2\/pages\/840\/revisions"}],"wp:attachment":[{"href":"https:\/\/ave-eta-canada.com\/es\/wp-json\/wp\/v2\/media?parent=840"}],"curies":[{"name":"wp","href":"https:\/\/api.w.org\/{rel}","templated":true}]}}